{"id":27838,"date":"2026-03-16T09:48:54","date_gmt":"2026-03-16T08:48:54","guid":{"rendered":"https:\/\/xenonkungen.com\/?post_type=product&#038;p=27838"},"modified":"2026-05-12T14:37:46","modified_gmt":"2026-05-12T13:37:46","slug":"tershine-extract-alkalisk-avfettning-25-l","status":"publish","type":"product","link":"https:\/\/xenonkungen.com\/dk\/vare\/tershine-extract-alkalisk-avfettning-25-l\/","title":{"rendered":"Tershine-ekstrakt \u2013 Alkalisk affedtning 25 l"},"content":{"rendered":"<p>Alkalisk affedtning, der effektivt fjerner alle typer organisk snavs s\u00e5som fluer, insekter, trafikfilm, alger, pollen, skimmelsvamp og anden v\u00e6kst. Kan bruges hele \u00e5ret rundt. Et must ved hver vask og bruges hele \u00e5ret rundt.<\/p>\n<p><strong>Ekstremt gener\u00f8s, 1 liter giver 20+ liter f\u00e6rdigt produkt<br \/>\nOverkommelig<br \/>\nMeget effektiv p\u00e5 de fleste materialer<br \/>\nEkstremt effektiv som insektfjerner<br \/>\nFungerer p\u00e5 bil, autocamper, campingvogn, b\u00e5d, terrasse, facade, badev\u00e6relse osv.<br \/>\nVenlig mod aluminium<br \/>\nF\u00e5s i flere st\u00f8rrelser<br \/>\nDufter godt af fersken<br \/>\nProduktet er ikke klassificeret som m\u00e6rkningspligtigt i henhold til CLP-forordning (EF) 1272\/2008.<\/strong><\/p>\n<p><strong>S\u00e5dan fortyndes ekstrakt \u2013 Alkalisk affedtning:<\/strong><\/p>\n<p><strong>Svag blanding:<\/strong>\u00a0\u00a02-4% koncentrat restvand<br \/>\n<strong>Normal blanding:\u00a0<\/strong>\u00a05-7% koncentrat restvand<br \/>\n<strong>St\u00e6rk blanding:<\/strong>\u00a010-15% koncentrat restvand<br \/>\n<strong>Meget st\u00e6rk blanding:<\/strong>\u00a015-25% koncentrat restvand<br \/>\n<strong>Ekstremt st\u00e6rk blanding:<\/strong>\u00a050-100% (m\u00e5 ikke t\u00f8rre)<\/p>\n<p>Ekstrakt 25l er en yderst effektiv og superkoncentreret alkalisk affedter, der er egnet til alle typer k\u00f8ret\u00f8jer, gulve, facader osv. L\u00f8fter organisk snavs og dufter dejligt af fersken. Bland 5-15% i vand og 1 liter, hvilket giver 20 liter f\u00e6rdigt produkt. Fungerer ogs\u00e5 fremragende til grovere snavs p\u00e5 m\u00e5tter osv.<\/p>\n<p>Magisk som et flue-\/insektmiddel forresten, bland derefter produktet betydeligt st\u00e6rkere helt op til rent!<\/p>\n<p><strong>S\u00e5dan bruger du ekstrakt \u2013 Alkalisk affedtning<\/strong><\/p>\n<p><strong>1.\u00a0<\/strong>Bland 5-15% med vand (afh\u00e6ngigt af anvendelsen)<strong><br \/>\n2.\u00a0<\/strong>Spray over den valgte overflade og lad det virke i et minut eller deromkring. Husk at produktet b\u00f8r forblive p\u00e5 overfladen betydeligt l\u00e6ngere i koldt vejr &lt;10\u00b0C.<strong><br \/>\n3.\u00a0<\/strong>Skyl af med h\u00f8jt tryk<strong><br \/>\n4.\u00a0<\/strong>Begynd det n\u00e6ste trin i vaskeprocessen<\/p>\n<p>Fungerer fantastisk i en skumpistol, dos\u00e9r m\u00e6ngden med dysen. Husk ogs\u00e5, at alle typer kemikalier, is\u00e6r affedtning (kold\/alkalisk), skal bruge l\u00e6ngere tid p\u00e5 at virke p\u00e5 overfladen, n\u00e5r den er kold, det g\u00f8r en k\u00e6mpe forskel. S\u00e5 pr\u00f8v dig frem, hvilken tid du foretr\u00e6kker, alt mellem 5-15 minutter, men lad det ikke t\u00f8rre. V\u00e6r forsigtig med aluminium og andre metaller!<\/p>\n<p>Brug gerne vores doseringsm\u00e5l og trykspr\u00f8jte til alkaliske produkter.<\/p>\n<p><strong>Da dette sp\u00f8rgsm\u00e5l dukker op meget ofte, vil jeg forklare det kort nedenfor:<\/strong><\/p>\n<p><strong><em>For 5%-blandingen, tag volumen, for eksempel 500 ml x 0,05 = 25 ml, for 10%, tag 500 ml x 0,1 osv.!<\/em><\/strong><em>Opbevares frostfrit.<br \/>\n<\/em><br \/>\n<strong>Har du nogen sp\u00f8rgsm\u00e5l?<\/strong><\/p>\n<p>Vi har fantastisk support og svarer normalt lynhurtigt! Vi kender alle vores produkter ud og ind, s\u00e5 hvis du har det mindste sp\u00f8rgsm\u00e5l eller bekymring, er du velkommen til at kontakte os p\u00e5 support@tershine.com 08-99 01 18 eller via vores sociale medier, hvor vi kaldes tershine above all.<\/p>","protected":false},"excerpt":{"rendered":"<p>Superkoncentreret alkalisk affedter \u2013 et kraftfuldt reng\u00f8ringsprodukt, der effektivt fjerner trafikfilm, insekter, alger og snavs fra biler, b\u00e5de og huse. Opl\u00f8ser alle former for organisk snavs!<\/p>","protected":false},"featured_media":27839,"comment_status":"open","ping_status":"closed","template":"","meta":{"_acf_changed":false,"_smort_price_nok":"","_smort_price_dkk":"","_smort_price_eur":"","_smort_sale_price_nok":"","_smort_sale_price_dkk":"","_smort_sale_price_eur":"","smort_restorder":"","shipmondo_restorder":"","_kad_blocks_custom_css":"","_kad_blocks_head_custom_js":"","_kad_blocks_body_custom_js":"","_kad_blocks_footer_custom_js":"","smort_custom_pricelist_1":"1084.8","smort_custom_pricelist_2":"1084.8","smort_custom_pricelist_3":"1084.8","smort_custom_pricelist_4":"1356","smort_custom_pricelist_5":"1084.8"},"anvandningsomrade":[],"bilmarken":[],"product_brand":[2893],"product_cat":[2988,2989,378],"product_tag":[],"class_list":{"0":"post-27838","1":"product","2":"type-product","3":"status-publish","4":"has-post-thumbnail","6":"product_brand-tershine","7":"product_cat-biltvatt","8":"product_cat-avfettning","9":"product_cat-bilvard","11":"first","12":"onbackorder","13":"taxable","14":"shipping-taxable","15":"purchasable","16":"product-type-simple"},"bundled_by":[],"bundle_stock_status":"onbackorder","bundle_stock_quantity":0,"bundle_virtual":false,"bundle_layout":"","bundle_add_to_cart_form_location":"","bundle_editable_in_cart":false,"bundle_sold_individually_context":"","bundle_item_grouping":"","bundle_min_size":"","bundle_max_size":"","bundle_price":[],"bundled_items":[],"bundle_sell_ids":[],"acf":[],"yoast_head":"<!-- This site is optimized with the Yoast SEO plugin v27.0 - https:\/\/yoast.com\/product\/yoast-seo-wordpress\/ -->\n<title>Tershine Extract - Alkalisk avfettning 25 L - Xenonkungen<\/title>\n<meta name=\"robots\" content=\"index, follow, max-snippet:-1, max-image-preview:large, max-video-preview:-1\" \/>\n<link rel=\"canonical\" href=\"https:\/\/xenonkungen.com\/dk\/vare\/tershine-extract-alkalisk-avfettning-25-l\/\" \/>\n<meta property=\"og:locale\" content=\"da_DK\" \/>\n<meta property=\"og:type\" content=\"article\" \/>\n<meta property=\"og:title\" content=\"Tershine Extract - Alkalisk avfettning 25 L - Xenonkungen\" \/>\n<meta property=\"og:description\" content=\"Superkoncentrad alkalisk avfettning - en kraftfull reng\u00f6ringsprodukt som effektivt tar bort trafikfilm, insekter, alger och smuts fr\u00e5n bil, b\u00e5t och hus. L\u00f6ser all form av organisk smuts!\" \/>\n<meta property=\"og:url\" content=\"https:\/\/xenonkungen.com\/dk\/vare\/tershine-extract-alkalisk-avfettning-25-l\/\" \/>\n<meta property=\"og:site_name\" content=\"Xenonkungen\" \/>\n<meta property=\"article:modified_time\" content=\"2026-05-12T13:37:46+00:00\" \/>\n<meta property=\"og:image\" content=\"https:\/\/xenonkungen.com\/wp-content\/uploads\/2026\/03\/O4VYHTlPsBtCMxtiqvFWLnmPshD1EKNJFkNrnKZC.webp\" \/>\n\t<meta property=\"og:image:width\" content=\"1024\" \/>\n\t<meta property=\"og:image:height\" content=\"1024\" \/>\n\t<meta property=\"og:image:type\" content=\"image\/webp\" \/>\n<meta name=\"twitter:card\" content=\"summary_large_image\" \/>\n<meta name=\"twitter:label1\" content=\"Estimeret l\u00e6setid\" \/>\n\t<meta name=\"twitter:data1\" content=\"3 minutter\" \/>\n<script type=\"application\/ld+json\" class=\"yoast-schema-graph\">{\"@context\":\"https:\/\/schema.org\",\"@graph\":[{\"@type\":\"WebPage\",\"@id\":\"https:\/\/xenonkungen.com\/produkt\/tershine-extract-alkalisk-avfettning-25-l\/\",\"url\":\"https:\/\/xenonkungen.com\/produkt\/tershine-extract-alkalisk-avfettning-25-l\/\",\"name\":\"Tershine Extract - Alkalisk avfettning 25 L - Xenonkungen\",\"isPartOf\":{\"@id\":\"https:\/\/xenonkungen.com\/#website\"},\"primaryImageOfPage\":{\"@id\":\"https:\/\/xenonkungen.com\/produkt\/tershine-extract-alkalisk-avfettning-25-l\/#primaryimage\"},\"image\":{\"@id\":\"https:\/\/xenonkungen.com\/produkt\/tershine-extract-alkalisk-avfettning-25-l\/#primaryimage\"},\"thumbnailUrl\":\"https:\/\/xenonkungen.com\/wp-content\/uploads\/2026\/03\/O4VYHTlPsBtCMxtiqvFWLnmPshD1EKNJFkNrnKZC.webp\",\"datePublished\":\"2026-03-16T08:48:54+00:00\",\"dateModified\":\"2026-05-12T13:37:46+00:00\",\"breadcrumb\":{\"@id\":\"https:\/\/xenonkungen.com\/produkt\/tershine-extract-alkalisk-avfettning-25-l\/#breadcrumb\"},\"inLanguage\":\"da-DK\",\"potentialAction\":[{\"@type\":\"ReadAction\",\"target\":[\"https:\/\/xenonkungen.com\/produkt\/tershine-extract-alkalisk-avfettning-25-l\/\"]}]},{\"@type\":\"ImageObject\",\"inLanguage\":\"da-DK\",\"@id\":\"https:\/\/xenonkungen.com\/produkt\/tershine-extract-alkalisk-avfettning-25-l\/#primaryimage\",\"url\":\"https:\/\/xenonkungen.com\/wp-content\/uploads\/2026\/03\/O4VYHTlPsBtCMxtiqvFWLnmPshD1EKNJFkNrnKZC.webp\",\"contentUrl\":\"https:\/\/xenonkungen.com\/wp-content\/uploads\/2026\/03\/O4VYHTlPsBtCMxtiqvFWLnmPshD1EKNJFkNrnKZC.webp\",\"width\":1024,\"height\":1024},{\"@type\":\"BreadcrumbList\",\"@id\":\"https:\/\/xenonkungen.com\/produkt\/tershine-extract-alkalisk-avfettning-25-l\/#breadcrumb\",\"itemListElement\":[{\"@type\":\"ListItem\",\"position\":1,\"name\":\"Hem\",\"item\":\"https:\/\/xenonkungen.com\/\"},{\"@type\":\"ListItem\",\"position\":2,\"name\":\"Shop\",\"item\":\"https:\/\/xenonkungen.com\/shop\/\"},{\"@type\":\"ListItem\",\"position\":3,\"name\":\"Tershine Extract &#8211; Alkalisk avfettning 25 L\"}]},{\"@type\":\"WebSite\",\"@id\":\"https:\/\/xenonkungen.com\/#website\",\"url\":\"https:\/\/xenonkungen.com\/\",\"name\":\"Xenonkungen\",\"description\":\"\",\"potentialAction\":[{\"@type\":\"SearchAction\",\"target\":{\"@type\":\"EntryPoint\",\"urlTemplate\":\"https:\/\/xenonkungen.com\/?s={search_term_string}\"},\"query-input\":{\"@type\":\"PropertyValueSpecification\",\"valueRequired\":true,\"valueName\":\"search_term_string\"}}],\"inLanguage\":\"da-DK\"}]}<\/script>\n<!-- \/ Yoast SEO plugin. -->","yoast_head_json":{"title":"Tershine Extract - Alkalisk avfettning 25 L - Xenonkungen","robots":{"index":"index","follow":"follow","max-snippet":"max-snippet:-1","max-image-preview":"max-image-preview:large","max-video-preview":"max-video-preview:-1"},"canonical":"https:\/\/xenonkungen.com\/dk\/vare\/tershine-extract-alkalisk-avfettning-25-l\/","og_locale":"da_DK","og_type":"article","og_title":"Tershine Extract - Alkalisk avfettning 25 L - Xenonkungen","og_description":"Superkoncentrad alkalisk avfettning - en kraftfull reng\u00f6ringsprodukt som effektivt tar bort trafikfilm, insekter, alger och smuts fr\u00e5n bil, b\u00e5t och hus. L\u00f6ser all form av organisk smuts!","og_url":"https:\/\/xenonkungen.com\/dk\/vare\/tershine-extract-alkalisk-avfettning-25-l\/","og_site_name":"Xenonkungen","article_modified_time":"2026-05-12T13:37:46+00:00","og_image":[{"width":1024,"height":1024,"url":"https:\/\/xenonkungen.com\/wp-content\/uploads\/2026\/03\/O4VYHTlPsBtCMxtiqvFWLnmPshD1EKNJFkNrnKZC.webp","type":"image\/webp"}],"twitter_card":"summary_large_image","twitter_misc":{"Estimeret l\u00e6setid":"3 minutter"},"schema":{"@context":"https:\/\/schema.org","@graph":[{"@type":"WebPage","@id":"https:\/\/xenonkungen.com\/produkt\/tershine-extract-alkalisk-avfettning-25-l\/","url":"https:\/\/xenonkungen.com\/produkt\/tershine-extract-alkalisk-avfettning-25-l\/","name":"Tershine Extract - Alkalisk avfettning 25 L - Xenonkungen","isPartOf":{"@id":"https:\/\/xenonkungen.com\/#website"},"primaryImageOfPage":{"@id":"https:\/\/xenonkungen.com\/produkt\/tershine-extract-alkalisk-avfettning-25-l\/#primaryimage"},"image":{"@id":"https:\/\/xenonkungen.com\/produkt\/tershine-extract-alkalisk-avfettning-25-l\/#primaryimage"},"thumbnailUrl":"https:\/\/xenonkungen.com\/wp-content\/uploads\/2026\/03\/O4VYHTlPsBtCMxtiqvFWLnmPshD1EKNJFkNrnKZC.webp","datePublished":"2026-03-16T08:48:54+00:00","dateModified":"2026-05-12T13:37:46+00:00","breadcrumb":{"@id":"https:\/\/xenonkungen.com\/produkt\/tershine-extract-alkalisk-avfettning-25-l\/#breadcrumb"},"inLanguage":"da-DK","potentialAction":[{"@type":"ReadAction","target":["https:\/\/xenonkungen.com\/produkt\/tershine-extract-alkalisk-avfettning-25-l\/"]}]},{"@type":"ImageObject","inLanguage":"da-DK","@id":"https:\/\/xenonkungen.com\/produkt\/tershine-extract-alkalisk-avfettning-25-l\/#primaryimage","url":"https:\/\/xenonkungen.com\/wp-content\/uploads\/2026\/03\/O4VYHTlPsBtCMxtiqvFWLnmPshD1EKNJFkNrnKZC.webp","contentUrl":"https:\/\/xenonkungen.com\/wp-content\/uploads\/2026\/03\/O4VYHTlPsBtCMxtiqvFWLnmPshD1EKNJFkNrnKZC.webp","width":1024,"height":1024},{"@type":"BreadcrumbList","@id":"https:\/\/xenonkungen.com\/produkt\/tershine-extract-alkalisk-avfettning-25-l\/#breadcrumb","itemListElement":[{"@type":"ListItem","position":1,"name":"Hem","item":"https:\/\/xenonkungen.com\/"},{"@type":"ListItem","position":2,"name":"Shop","item":"https:\/\/xenonkungen.com\/shop\/"},{"@type":"ListItem","position":3,"name":"Tershine Extract &#8211; Alkalisk avfettning 25 L"}]},{"@type":"WebSite","@id":"https:\/\/xenonkungen.com\/#website","url":"https:\/\/xenonkungen.com\/","name":"Xenonkungen","description":"","potentialAction":[{"@type":"SearchAction","target":{"@type":"EntryPoint","urlTemplate":"https:\/\/xenonkungen.com\/?s={search_term_string}"},"query-input":{"@type":"PropertyValueSpecification","valueRequired":true,"valueName":"search_term_string"}}],"inLanguage":"da-DK"}]}},"taxonomy_info":{"product_brand":[{"value":2893,"label":"Tershine"}],"product_cat":[{"value":2988,"label":"1 | Biltv\u00e4tt"},{"value":2989,"label":"2 | Avfettning"},{"value":378,"label":"Bilv\u00e5rd"}]},"featured_image_src_large":["https:\/\/xenonkungen.com\/wp-content\/uploads\/2026\/03\/O4VYHTlPsBtCMxtiqvFWLnmPshD1EKNJFkNrnKZC.webp",1024,1024,false],"author_info":[],"comment_info":0,"_links":{"self":[{"href":"https:\/\/xenonkungen.com\/dk\/wp-json\/wp\/v2\/product\/27838","targetHints":{"allow":["GET"]}}],"collection":[{"href":"https:\/\/xenonkungen.com\/dk\/wp-json\/wp\/v2\/product"}],"about":[{"href":"https:\/\/xenonkungen.com\/dk\/wp-json\/wp\/v2\/types\/product"}],"replies":[{"embeddable":true,"href":"https:\/\/xenonkungen.com\/dk\/wp-json\/wp\/v2\/comments?post=27838"}],"wp:featuredmedia":[{"embeddable":true,"href":"https:\/\/xenonkungen.com\/dk\/wp-json\/wp\/v2\/media\/27839"}],"wp:attachment":[{"href":"https:\/\/xenonkungen.com\/dk\/wp-json\/wp\/v2\/media?parent=27838"}],"wp:term":[{"taxonomy":"anvandningsomrade","embeddable":true,"href":"https:\/\/xenonkungen.com\/dk\/wp-json\/wp\/v2\/anvandningsomrade?post=27838"},{"taxonomy":"bilmarken","embeddable":true,"href":"https:\/\/xenonkungen.com\/dk\/wp-json\/wp\/v2\/bilmarken?post=27838"},{"taxonomy":"product_brand","embeddable":true,"href":"https:\/\/xenonkungen.com\/dk\/wp-json\/wp\/v2\/product_brand?post=27838"},{"taxonomy":"product_cat","embeddable":true,"href":"https:\/\/xenonkungen.com\/dk\/wp-json\/wp\/v2\/product_cat?post=27838"},{"taxonomy":"product_tag","embeddable":true,"href":"https:\/\/xenonkungen.com\/dk\/wp-json\/wp\/v2\/product_tag?post=27838"}],"curies":[{"name":"wp","href":"https:\/\/api.w.org\/{rel}","templated":true}]}}