{"id":27841,"date":"2026-03-16T10:06:56","date_gmt":"2026-03-16T09:06:56","guid":{"rendered":"https:\/\/xenonkungen.com\/?post_type=product&#038;p=27841"},"modified":"2026-05-12T14:37:29","modified_gmt":"2026-05-12T13:37:29","slug":"tershine-extract-alkalisk-avfettning-5-l","status":"publish","type":"product","link":"https:\/\/xenonkungen.com\/dk\/vare\/tershine-extract-alkalisk-avfettning-5-l\/","title":{"rendered":"Tershine-ekstrakt \u2013 Alkalisk affedtning 5 l"},"content":{"rendered":"<p data-pm-slice=\"1 1 []\">Alkalisk affedtning, der fjerner alle typer organisk snavs s\u00e5som fluer, insekter, trafikfilm, alger, pollen, skimmelsvamp og anden v\u00e6kst. Kan bruges hele \u00e5ret rundt.<\/p>\n<p><strong>Ekstremt gener\u00f8s, 1 liter giver 20+ liter f\u00e6rdigt produkt<br \/>\nOverkommelig<\/strong><strong><br \/>\nMeget effektiv p\u00e5 de fleste materialer<\/strong><strong><br \/>\nGrusom mod fluer og myg foran<\/strong><strong><br \/>\nFungerer p\u00e5 bil, autocamper, campingvogn, b\u00e5d, terrasse, facade, badev\u00e6relse osv.<\/strong><strong><br \/>\nSk\u00e5nsom mod aluminium F\u00e5s i flere st\u00f8rrelser<\/strong><strong><br \/>\nDufter godt af fersken<br \/>\n<\/strong><strong>Det\/de overfladeaktive stof(fer) i dette pr\u00e6parat opfylder kriterierne for bionedbrydelighed i EU-forordning (EF) nr. 648\/2004 om vaske- og reng\u00f8ringsmidler.<br \/>\nFri for PFAS og VOC og m\u00e6rkningsfri (ingen faresymboler)<br \/>\nProduktet er ikke klassificeret som m\u00e6rkningspligtigt i henhold til CLP-forordning (EF) 1272\/2008<\/strong><\/p>\n<p>S\u00e5dan blandes ekstrakt \u2013 alkalisk affedtning:<\/p>\n<p><strong>Svag blanding:<\/strong>\u00a0\u00a02-4% koncentrat restvand<br \/>\n<strong>Normal blanding:<\/strong>\u00a0\u00a05-7% koncentrat restvand<br \/>\n<strong>St\u00e6rk blanding:<\/strong>\u00a010-15% koncentrat restvand<br \/>\n<strong>Meget st\u00e6rk blanding:\u00a0<\/strong>15-25% koncentrat restvand<br \/>\n<strong>Ekstremt st\u00e6rk blanding:<\/strong>\u00a050-100% (m\u00e5 ikke t\u00f8rre)<\/p>\n<p>Ekstrakt 5-liter er en yderst effektiv og superkoncentreret alkalisk affedter til alle typer k\u00f8ret\u00f8jer, gulve, facader osv. L\u00f8fter organisk snavs og dufter dejligt af fersken. Bland 5-15% i vand og 1 liter giver s\u00e5ledes 20 liter f\u00e6rdigt produkt. Fungerer ogs\u00e5 fremragende til groft snavs p\u00e5 m\u00e5tter osv.<\/p>\n<p>Magisk som et flue-\/insektmiddel forresten, bland derefter produktet betydeligt st\u00e6rkere helt op til rent!<\/p>\n<p><strong>1.<\/strong>\u00a0Bland 5-15% med vand (afh\u00e6ngigt af anvendelsen)<\/p>\n<p><strong>2.<\/strong>\u00a0Brus over den valgte overflade og lad det virke i et minut eller deromkring. I koldt vejr &lt;10\u00b0C b\u00f8r alle kemikalier forblive p\u00e5 overfladen i betydeligt l\u00e6ngere tid.<\/p>\n<p><strong>3<\/strong>Skyl af med h\u00f8jtryk<\/p>\n<p><strong>4<\/strong>Begynd det n\u00e6ste trin i vaskeprocessen<\/p>\n<p>Fungerer fantastisk i en skumpistol, dos\u00e9r m\u00e6ngden med dysen. Husk ogs\u00e5, at alle typer kemikalier, is\u00e6r affedtning (kold\/alkalisk), skal bruge l\u00e6ngere tid p\u00e5 at virke p\u00e5 overfladen, n\u00e5r den er kold, ja, jeg lover, det er en k\u00e6mpe forskel. S\u00e5 pr\u00f8v dig frem, hvilken tid du foretr\u00e6kker, alt mellem 5-15 minutter, men lad det ikke t\u00f8rre. V\u00e6r god ved aluminium og andre metaller!<\/p>\n<p>Brug gerne vores doseringsm\u00e5l og trykspr\u00f8jte til alkaliske produkter.<\/p>\n<p>Dette opl\u00f8ser ikke tj\u00e6re-\/asfaltpletter. Til det skal du bruge vores koldaffedtningsmiddel Dissolve! F\u00e5s ogs\u00e5 som en brugsklar fortyndet opl\u00f8sning til 10%!<\/p>\n<p>Da dette sp\u00f8rgsm\u00e5l dukker op meget ofte, vil jeg forklare det kort nedenfor:<\/p>\n<p>For 5%-blandingen tages volumen, for eksempel 500 ml x 0,05 = 25 ml, for 10% tages 500 ml x 0,1 osv. Opbevares frostfrit.<\/p>","protected":false},"excerpt":{"rendered":"<p>Superkoncentreret alkalisk affedter \u2013 et kraftfuldt reng\u00f8ringsprodukt, der effektivt fjerner trafikfilm, insekter, alger og snavs fra biler, b\u00e5de og huse. Opl\u00f8ser alle former for organisk snavs!<\/p>","protected":false},"featured_media":27842,"comment_status":"open","ping_status":"closed","template":"","meta":{"_acf_changed":false,"_smort_price_nok":"","_smort_price_dkk":"","_smort_price_eur":"","_smort_sale_price_nok":"","_smort_sale_price_dkk":"","_smort_sale_price_eur":"","smort_restorder":"","shipmondo_restorder":"","_kad_blocks_custom_css":"","_kad_blocks_head_custom_js":"","_kad_blocks_body_custom_js":"","_kad_blocks_footer_custom_js":"","smort_custom_pricelist_1":"319.36","smort_custom_pricelist_2":"319.36","smort_custom_pricelist_3":"319.36","smort_custom_pricelist_4":"399.2","smort_custom_pricelist_5":"319.36"},"anvandningsomrade":[],"bilmarken":[],"product_brand":[2893],"product_cat":[2988,2989,378],"product_tag":[],"class_list":{"0":"post-27841","1":"product","2":"type-product","3":"status-publish","4":"has-post-thumbnail","6":"product_brand-tershine","7":"product_cat-biltvatt","8":"product_cat-avfettning","9":"product_cat-bilvard","11":"first","12":"onbackorder","13":"taxable","14":"shipping-taxable","15":"purchasable","16":"product-type-simple"},"bundled_by":[],"bundle_stock_status":"onbackorder","bundle_stock_quantity":0,"bundle_virtual":false,"bundle_layout":"","bundle_add_to_cart_form_location":"","bundle_editable_in_cart":false,"bundle_sold_individually_context":"","bundle_item_grouping":"","bundle_min_size":"","bundle_max_size":"","bundle_price":[],"bundled_items":[],"bundle_sell_ids":[],"acf":[],"yoast_head":"<!-- This site is optimized with the Yoast SEO plugin v27.0 - https:\/\/yoast.com\/product\/yoast-seo-wordpress\/ -->\n<title>Tershine Extract - Alkalisk avfettning 5 L - Xenonkungen<\/title>\n<meta name=\"robots\" content=\"index, follow, max-snippet:-1, max-image-preview:large, max-video-preview:-1\" \/>\n<link rel=\"canonical\" href=\"https:\/\/xenonkungen.com\/dk\/vare\/tershine-extract-alkalisk-avfettning-5-l\/\" \/>\n<meta property=\"og:locale\" content=\"da_DK\" \/>\n<meta property=\"og:type\" content=\"article\" \/>\n<meta property=\"og:title\" content=\"Tershine Extract - Alkalisk avfettning 5 L - Xenonkungen\" \/>\n<meta property=\"og:description\" content=\"Superkoncentrad alkalisk avfettning - en kraftfull reng\u00f6ringsprodukt som effektivt tar bort trafikfilm, insekter, alger och smuts fr\u00e5n bil, b\u00e5t och hus. L\u00f6ser all form av organisk smuts!\" \/>\n<meta property=\"og:url\" content=\"https:\/\/xenonkungen.com\/dk\/vare\/tershine-extract-alkalisk-avfettning-5-l\/\" \/>\n<meta property=\"og:site_name\" content=\"Xenonkungen\" \/>\n<meta property=\"article:modified_time\" content=\"2026-05-12T13:37:29+00:00\" \/>\n<meta property=\"og:image\" content=\"https:\/\/xenonkungen.com\/wp-content\/uploads\/2026\/03\/9YPLNiw5f5FWLy5Ypco7LDXnRgUYqmfi8jhZwWJk.webp\" \/>\n\t<meta property=\"og:image:width\" content=\"1024\" \/>\n\t<meta property=\"og:image:height\" content=\"1024\" \/>\n\t<meta property=\"og:image:type\" content=\"image\/webp\" \/>\n<meta name=\"twitter:card\" content=\"summary_large_image\" \/>\n<meta name=\"twitter:label1\" content=\"Estimeret l\u00e6setid\" \/>\n\t<meta name=\"twitter:data1\" content=\"3 minutter\" \/>\n<script type=\"application\/ld+json\" class=\"yoast-schema-graph\">{\"@context\":\"https:\/\/schema.org\",\"@graph\":[{\"@type\":\"WebPage\",\"@id\":\"https:\/\/xenonkungen.com\/produkt\/tershine-extract-alkalisk-avfettning-5-l\/\",\"url\":\"https:\/\/xenonkungen.com\/produkt\/tershine-extract-alkalisk-avfettning-5-l\/\",\"name\":\"Tershine Extract - Alkalisk avfettning 5 L - Xenonkungen\",\"isPartOf\":{\"@id\":\"https:\/\/xenonkungen.com\/#website\"},\"primaryImageOfPage\":{\"@id\":\"https:\/\/xenonkungen.com\/produkt\/tershine-extract-alkalisk-avfettning-5-l\/#primaryimage\"},\"image\":{\"@id\":\"https:\/\/xenonkungen.com\/produkt\/tershine-extract-alkalisk-avfettning-5-l\/#primaryimage\"},\"thumbnailUrl\":\"https:\/\/xenonkungen.com\/wp-content\/uploads\/2026\/03\/9YPLNiw5f5FWLy5Ypco7LDXnRgUYqmfi8jhZwWJk.webp\",\"datePublished\":\"2026-03-16T09:06:56+00:00\",\"dateModified\":\"2026-05-12T13:37:29+00:00\",\"breadcrumb\":{\"@id\":\"https:\/\/xenonkungen.com\/produkt\/tershine-extract-alkalisk-avfettning-5-l\/#breadcrumb\"},\"inLanguage\":\"da-DK\",\"potentialAction\":[{\"@type\":\"ReadAction\",\"target\":[\"https:\/\/xenonkungen.com\/produkt\/tershine-extract-alkalisk-avfettning-5-l\/\"]}]},{\"@type\":\"ImageObject\",\"inLanguage\":\"da-DK\",\"@id\":\"https:\/\/xenonkungen.com\/produkt\/tershine-extract-alkalisk-avfettning-5-l\/#primaryimage\",\"url\":\"https:\/\/xenonkungen.com\/wp-content\/uploads\/2026\/03\/9YPLNiw5f5FWLy5Ypco7LDXnRgUYqmfi8jhZwWJk.webp\",\"contentUrl\":\"https:\/\/xenonkungen.com\/wp-content\/uploads\/2026\/03\/9YPLNiw5f5FWLy5Ypco7LDXnRgUYqmfi8jhZwWJk.webp\",\"width\":1024,\"height\":1024},{\"@type\":\"BreadcrumbList\",\"@id\":\"https:\/\/xenonkungen.com\/produkt\/tershine-extract-alkalisk-avfettning-5-l\/#breadcrumb\",\"itemListElement\":[{\"@type\":\"ListItem\",\"position\":1,\"name\":\"Hem\",\"item\":\"https:\/\/xenonkungen.com\/\"},{\"@type\":\"ListItem\",\"position\":2,\"name\":\"Shop\",\"item\":\"https:\/\/xenonkungen.com\/shop\/\"},{\"@type\":\"ListItem\",\"position\":3,\"name\":\"Tershine Extract &#8211; Alkalisk avfettning 5 L\"}]},{\"@type\":\"WebSite\",\"@id\":\"https:\/\/xenonkungen.com\/#website\",\"url\":\"https:\/\/xenonkungen.com\/\",\"name\":\"Xenonkungen\",\"description\":\"\",\"potentialAction\":[{\"@type\":\"SearchAction\",\"target\":{\"@type\":\"EntryPoint\",\"urlTemplate\":\"https:\/\/xenonkungen.com\/?s={search_term_string}\"},\"query-input\":{\"@type\":\"PropertyValueSpecification\",\"valueRequired\":true,\"valueName\":\"search_term_string\"}}],\"inLanguage\":\"da-DK\"}]}<\/script>\n<!-- \/ Yoast SEO plugin. -->","yoast_head_json":{"title":"Tershine Extract - Alkalisk avfettning 5 L - Xenonkungen","robots":{"index":"index","follow":"follow","max-snippet":"max-snippet:-1","max-image-preview":"max-image-preview:large","max-video-preview":"max-video-preview:-1"},"canonical":"https:\/\/xenonkungen.com\/dk\/vare\/tershine-extract-alkalisk-avfettning-5-l\/","og_locale":"da_DK","og_type":"article","og_title":"Tershine Extract - Alkalisk avfettning 5 L - Xenonkungen","og_description":"Superkoncentrad alkalisk avfettning - en kraftfull reng\u00f6ringsprodukt som effektivt tar bort trafikfilm, insekter, alger och smuts fr\u00e5n bil, b\u00e5t och hus. L\u00f6ser all form av organisk smuts!","og_url":"https:\/\/xenonkungen.com\/dk\/vare\/tershine-extract-alkalisk-avfettning-5-l\/","og_site_name":"Xenonkungen","article_modified_time":"2026-05-12T13:37:29+00:00","og_image":[{"width":1024,"height":1024,"url":"https:\/\/xenonkungen.com\/wp-content\/uploads\/2026\/03\/9YPLNiw5f5FWLy5Ypco7LDXnRgUYqmfi8jhZwWJk.webp","type":"image\/webp"}],"twitter_card":"summary_large_image","twitter_misc":{"Estimeret l\u00e6setid":"3 minutter"},"schema":{"@context":"https:\/\/schema.org","@graph":[{"@type":"WebPage","@id":"https:\/\/xenonkungen.com\/produkt\/tershine-extract-alkalisk-avfettning-5-l\/","url":"https:\/\/xenonkungen.com\/produkt\/tershine-extract-alkalisk-avfettning-5-l\/","name":"Tershine Extract - Alkalisk avfettning 5 L - Xenonkungen","isPartOf":{"@id":"https:\/\/xenonkungen.com\/#website"},"primaryImageOfPage":{"@id":"https:\/\/xenonkungen.com\/produkt\/tershine-extract-alkalisk-avfettning-5-l\/#primaryimage"},"image":{"@id":"https:\/\/xenonkungen.com\/produkt\/tershine-extract-alkalisk-avfettning-5-l\/#primaryimage"},"thumbnailUrl":"https:\/\/xenonkungen.com\/wp-content\/uploads\/2026\/03\/9YPLNiw5f5FWLy5Ypco7LDXnRgUYqmfi8jhZwWJk.webp","datePublished":"2026-03-16T09:06:56+00:00","dateModified":"2026-05-12T13:37:29+00:00","breadcrumb":{"@id":"https:\/\/xenonkungen.com\/produkt\/tershine-extract-alkalisk-avfettning-5-l\/#breadcrumb"},"inLanguage":"da-DK","potentialAction":[{"@type":"ReadAction","target":["https:\/\/xenonkungen.com\/produkt\/tershine-extract-alkalisk-avfettning-5-l\/"]}]},{"@type":"ImageObject","inLanguage":"da-DK","@id":"https:\/\/xenonkungen.com\/produkt\/tershine-extract-alkalisk-avfettning-5-l\/#primaryimage","url":"https:\/\/xenonkungen.com\/wp-content\/uploads\/2026\/03\/9YPLNiw5f5FWLy5Ypco7LDXnRgUYqmfi8jhZwWJk.webp","contentUrl":"https:\/\/xenonkungen.com\/wp-content\/uploads\/2026\/03\/9YPLNiw5f5FWLy5Ypco7LDXnRgUYqmfi8jhZwWJk.webp","width":1024,"height":1024},{"@type":"BreadcrumbList","@id":"https:\/\/xenonkungen.com\/produkt\/tershine-extract-alkalisk-avfettning-5-l\/#breadcrumb","itemListElement":[{"@type":"ListItem","position":1,"name":"Hem","item":"https:\/\/xenonkungen.com\/"},{"@type":"ListItem","position":2,"name":"Shop","item":"https:\/\/xenonkungen.com\/shop\/"},{"@type":"ListItem","position":3,"name":"Tershine Extract &#8211; Alkalisk avfettning 5 L"}]},{"@type":"WebSite","@id":"https:\/\/xenonkungen.com\/#website","url":"https:\/\/xenonkungen.com\/","name":"Xenonkungen","description":"","potentialAction":[{"@type":"SearchAction","target":{"@type":"EntryPoint","urlTemplate":"https:\/\/xenonkungen.com\/?s={search_term_string}"},"query-input":{"@type":"PropertyValueSpecification","valueRequired":true,"valueName":"search_term_string"}}],"inLanguage":"da-DK"}]}},"taxonomy_info":{"product_brand":[{"value":2893,"label":"Tershine"}],"product_cat":[{"value":2988,"label":"1 | Biltv\u00e4tt"},{"value":2989,"label":"2 | Avfettning"},{"value":378,"label":"Bilv\u00e5rd"}]},"featured_image_src_large":["https:\/\/xenonkungen.com\/wp-content\/uploads\/2026\/03\/9YPLNiw5f5FWLy5Ypco7LDXnRgUYqmfi8jhZwWJk.webp",1024,1024,false],"author_info":[],"comment_info":0,"_links":{"self":[{"href":"https:\/\/xenonkungen.com\/dk\/wp-json\/wp\/v2\/product\/27841","targetHints":{"allow":["GET"]}}],"collection":[{"href":"https:\/\/xenonkungen.com\/dk\/wp-json\/wp\/v2\/product"}],"about":[{"href":"https:\/\/xenonkungen.com\/dk\/wp-json\/wp\/v2\/types\/product"}],"replies":[{"embeddable":true,"href":"https:\/\/xenonkungen.com\/dk\/wp-json\/wp\/v2\/comments?post=27841"}],"wp:featuredmedia":[{"embeddable":true,"href":"https:\/\/xenonkungen.com\/dk\/wp-json\/wp\/v2\/media\/27842"}],"wp:attachment":[{"href":"https:\/\/xenonkungen.com\/dk\/wp-json\/wp\/v2\/media?parent=27841"}],"wp:term":[{"taxonomy":"anvandningsomrade","embeddable":true,"href":"https:\/\/xenonkungen.com\/dk\/wp-json\/wp\/v2\/anvandningsomrade?post=27841"},{"taxonomy":"bilmarken","embeddable":true,"href":"https:\/\/xenonkungen.com\/dk\/wp-json\/wp\/v2\/bilmarken?post=27841"},{"taxonomy":"product_brand","embeddable":true,"href":"https:\/\/xenonkungen.com\/dk\/wp-json\/wp\/v2\/product_brand?post=27841"},{"taxonomy":"product_cat","embeddable":true,"href":"https:\/\/xenonkungen.com\/dk\/wp-json\/wp\/v2\/product_cat?post=27841"},{"taxonomy":"product_tag","embeddable":true,"href":"https:\/\/xenonkungen.com\/dk\/wp-json\/wp\/v2\/product_tag?post=27841"}],"curies":[{"name":"wp","href":"https:\/\/api.w.org\/{rel}","templated":true}]}}