{"id":27871,"date":"2026-03-16T11:13:11","date_gmt":"2026-03-16T10:13:11","guid":{"rendered":"https:\/\/xenonkungen.com\/?post_type=product&#038;p=27871"},"modified":"2026-05-12T14:54:37","modified_gmt":"2026-05-12T13:54:37","slug":"tershine-forstorrelsesbelaegning-v2-lakbeskyttelse","status":"publish","type":"product","link":"https:\/\/xenonkungen.com\/dk\/vare\/tershine-forstorrelsesbelaegning-v2-lakbeskyttelse\/","title":{"rendered":"Tershine Magnify \u2013 Coating v2 lakbeskyttelse"},"content":{"rendered":"<p>Langtidsholdbar keramisk malingsbeskyttelse, der giver fantastisk glans, beskyttelse og dr\u00e6ning.<\/p>\n<p><strong>Ekstremt let at l\u00e6gge<br \/>\nModst\u00e5r naturlige elementer og andet nedfald<br \/>\nProduktet er produceret uden tils\u00e6tning af per- og polyfluorerede stoffer (PFAS).<br \/>\nFungerer p\u00e5 stort set alle overflader<br \/>\nG\u00f8r k\u00f8ret\u00f8jet nemmere at vedligeholde<br \/>\nHolder 18-36 m\u00e5neder<br \/>\nSkaber en ekstremt vandafvisende overflade<\/strong><\/p>\n<p>Magnify \u2013 Coating er en keramisk lakbeskyttelse, der er skabt til at blive p\u00e5f\u00f8rt af alle, uanset forkundskaber! Produktet er virkelig super nemt at p\u00e5f\u00f8re, men som med alt inden for bilpleje g\u00e6lder det, at jo mere grundigt forarbejdet er, desto bedre bliver slutresultatet.<\/p>\n<p>Giver en helt fantastisk glans og vil virkelig f\u00e5 lakken til at fremst\u00e5, sammen med en meget langvarig beskyttelse (18 m\u00e5neder+) mod b\u00e5de kemikalier og elementerne.<\/p>\n<p><strong>S\u00e5dan bruger du Magnify \u2013 Coating V2<\/strong><\/p>\n<ol>\n<li>Vask dit k\u00f8ret\u00f8j meget grundigt. Brug kold affedtning, alkalisk affedtning, luftrensende rustfjerner og shampoo.<\/li>\n<li>For den bedste holdbarhed anbefaler vi en poleret overflade, men vi forst\u00e5r, at ikke alle kan eller \u00f8nsker at g\u00f8re det. Overfladen skal dog forberedes med en panelklud (som f.eks. vores egen Prime), s\u00e5 lakbeskyttelsen kan h\u00e6fte ordentligt til overfladen.<\/li>\n<li>P\u00e5f\u00f8r en lille m\u00e6ngde p\u00e5 ruskindskluden, som du har spundet rundt om blokken, og p\u00e5f\u00f8r den med lige str\u00f8g, b\u00e5de p\u00e5 tv\u00e6rs og diagonalt. Det anbefales at skifte kluden efter et par paneler til en ren og frisk klud.<\/li>\n<li><strong>Lad det t\u00f8rre i 4-8 minutter.<\/strong>\u00a0(lidt afh\u00e6ngigt af varme, luftfugtighed osv.) Start altid med et panel og test, hvordan du tror, det bliver, dvs. 5 minutter kan lige s\u00e5 godt v\u00e6re 10 minutter i dit specifikke tilf\u00e6lde.<\/li>\n<li>T\u00f8r af med en ren (og helst ny) mikrofiberklud.<\/li>\n<li>Lad det h\u00e6rde i 12 timer, f\u00f8r overfladen kommer i kontakt med vand, for at opn\u00e5 den bedste holdbarhed. Det er selvf\u00f8lgelig ikke alle, der har mulighed for at g\u00f8re dette, men for at garantere den bedste levetid b\u00f8r k\u00f8ret\u00f8jet helst st\u00e5 i en garage natten over, for eksempel.<\/li>\n<\/ol>\n<p>Pakken indeholder 30 ml coating, 1 applikatorblok og 5 ruskindsklude.<\/p>","protected":false},"excerpt":{"rendered":"<p>Keramisk malingsbeskyttelse, der giver fantastisk glans, beskyttelse og langvarig dr\u00e6ning.<\/p>","protected":false},"featured_media":27872,"comment_status":"open","ping_status":"closed","template":"","meta":{"_acf_changed":false,"_smort_price_nok":"","_smort_price_dkk":"","_smort_price_eur":"","_smort_sale_price_nok":"","_smort_sale_price_dkk":"","_smort_sale_price_eur":"","smort_restorder":"","shipmondo_restorder":"","_kad_blocks_custom_css":"","_kad_blocks_head_custom_js":"","_kad_blocks_body_custom_js":"","_kad_blocks_footer_custom_js":"","smort_custom_pricelist_1":"639.36","smort_custom_pricelist_2":"639.36","smort_custom_pricelist_3":"639.36","smort_custom_pricelist_4":"799.2","smort_custom_pricelist_5":"639.36"},"anvandningsomrade":[],"bilmarken":[],"product_brand":[2893],"product_cat":[2989,2614,378],"product_tag":[],"class_list":{"0":"post-27871","1":"product","2":"type-product","3":"status-publish","4":"has-post-thumbnail","6":"product_brand-tershine","7":"product_cat-avfettning","8":"product_cat-lackskydd","9":"product_cat-bilvard","11":"first","12":"onbackorder","13":"taxable","14":"shipping-taxable","15":"purchasable","16":"product-type-simple"},"bundled_by":[],"bundle_stock_status":"onbackorder","bundle_stock_quantity":0,"bundle_virtual":false,"bundle_layout":"","bundle_add_to_cart_form_location":"","bundle_editable_in_cart":false,"bundle_sold_individually_context":"","bundle_item_grouping":"","bundle_min_size":"","bundle_max_size":"","bundle_price":[],"bundled_items":[],"bundle_sell_ids":[],"acf":[],"yoast_head":"<!-- This site is optimized with the Yoast SEO plugin v27.0 - https:\/\/yoast.com\/product\/yoast-seo-wordpress\/ -->\n<title>Tershine Magnify - Coating v2 lackskydd - Xenonkungen<\/title>\n<meta name=\"robots\" content=\"index, follow, max-snippet:-1, max-image-preview:large, max-video-preview:-1\" \/>\n<link rel=\"canonical\" href=\"https:\/\/xenonkungen.com\/dk\/vare\/tershine-forstorrelsesbelaegning-v2-lakbeskyttelse\/\" \/>\n<meta property=\"og:locale\" content=\"da_DK\" \/>\n<meta property=\"og:type\" content=\"article\" \/>\n<meta property=\"og:title\" content=\"Tershine Magnify - Coating v2 lackskydd - Xenonkungen\" \/>\n<meta property=\"og:description\" content=\"Keramiskt lackskydd som ger fantastisk glans, skydd och avrinning under l\u00e5ng tid.\" \/>\n<meta property=\"og:url\" content=\"https:\/\/xenonkungen.com\/dk\/vare\/tershine-forstorrelsesbelaegning-v2-lakbeskyttelse\/\" \/>\n<meta property=\"og:site_name\" content=\"Xenonkungen\" \/>\n<meta property=\"article:modified_time\" content=\"2026-05-12T13:54:37+00:00\" \/>\n<meta property=\"og:image\" content=\"https:\/\/xenonkungen.com\/wp-content\/uploads\/2026\/03\/MSysughrcmOzPCzZLLumjTYA0fRfSpOLTpVa3ETg.webp\" \/>\n\t<meta property=\"og:image:width\" content=\"1024\" \/>\n\t<meta property=\"og:image:height\" content=\"1024\" \/>\n\t<meta property=\"og:image:type\" content=\"image\/webp\" \/>\n<meta name=\"twitter:card\" content=\"summary_large_image\" \/>\n<meta name=\"twitter:label1\" content=\"Estimeret l\u00e6setid\" \/>\n\t<meta name=\"twitter:data1\" content=\"2 minutter\" \/>\n<script type=\"application\/ld+json\" class=\"yoast-schema-graph\">{\"@context\":\"https:\/\/schema.org\",\"@graph\":[{\"@type\":\"WebPage\",\"@id\":\"https:\/\/xenonkungen.com\/produkt\/tershine-magnify-coating-v2-lackskydd\/\",\"url\":\"https:\/\/xenonkungen.com\/produkt\/tershine-magnify-coating-v2-lackskydd\/\",\"name\":\"Tershine Magnify - Coating v2 lackskydd - Xenonkungen\",\"isPartOf\":{\"@id\":\"https:\/\/xenonkungen.com\/#website\"},\"primaryImageOfPage\":{\"@id\":\"https:\/\/xenonkungen.com\/produkt\/tershine-magnify-coating-v2-lackskydd\/#primaryimage\"},\"image\":{\"@id\":\"https:\/\/xenonkungen.com\/produkt\/tershine-magnify-coating-v2-lackskydd\/#primaryimage\"},\"thumbnailUrl\":\"https:\/\/xenonkungen.com\/wp-content\/uploads\/2026\/03\/MSysughrcmOzPCzZLLumjTYA0fRfSpOLTpVa3ETg.webp\",\"datePublished\":\"2026-03-16T10:13:11+00:00\",\"dateModified\":\"2026-05-12T13:54:37+00:00\",\"breadcrumb\":{\"@id\":\"https:\/\/xenonkungen.com\/produkt\/tershine-magnify-coating-v2-lackskydd\/#breadcrumb\"},\"inLanguage\":\"da-DK\",\"potentialAction\":[{\"@type\":\"ReadAction\",\"target\":[\"https:\/\/xenonkungen.com\/produkt\/tershine-magnify-coating-v2-lackskydd\/\"]}]},{\"@type\":\"ImageObject\",\"inLanguage\":\"da-DK\",\"@id\":\"https:\/\/xenonkungen.com\/produkt\/tershine-magnify-coating-v2-lackskydd\/#primaryimage\",\"url\":\"https:\/\/xenonkungen.com\/wp-content\/uploads\/2026\/03\/MSysughrcmOzPCzZLLumjTYA0fRfSpOLTpVa3ETg.webp\",\"contentUrl\":\"https:\/\/xenonkungen.com\/wp-content\/uploads\/2026\/03\/MSysughrcmOzPCzZLLumjTYA0fRfSpOLTpVa3ETg.webp\",\"width\":1024,\"height\":1024},{\"@type\":\"BreadcrumbList\",\"@id\":\"https:\/\/xenonkungen.com\/produkt\/tershine-magnify-coating-v2-lackskydd\/#breadcrumb\",\"itemListElement\":[{\"@type\":\"ListItem\",\"position\":1,\"name\":\"Hem\",\"item\":\"https:\/\/xenonkungen.com\/\"},{\"@type\":\"ListItem\",\"position\":2,\"name\":\"Shop\",\"item\":\"https:\/\/xenonkungen.com\/shop\/\"},{\"@type\":\"ListItem\",\"position\":3,\"name\":\"Tershine Magnify &#8211; Coating v2 lackskydd\"}]},{\"@type\":\"WebSite\",\"@id\":\"https:\/\/xenonkungen.com\/#website\",\"url\":\"https:\/\/xenonkungen.com\/\",\"name\":\"Xenonkungen\",\"description\":\"\",\"potentialAction\":[{\"@type\":\"SearchAction\",\"target\":{\"@type\":\"EntryPoint\",\"urlTemplate\":\"https:\/\/xenonkungen.com\/?s={search_term_string}\"},\"query-input\":{\"@type\":\"PropertyValueSpecification\",\"valueRequired\":true,\"valueName\":\"search_term_string\"}}],\"inLanguage\":\"da-DK\"}]}<\/script>\n<!-- \/ Yoast SEO plugin. -->","yoast_head_json":{"title":"Tershine Magnify - Coating v2 lakbeskyttelse - Xenon Kongen","robots":{"index":"index","follow":"follow","max-snippet":"max-snippet:-1","max-image-preview":"max-image-preview:large","max-video-preview":"max-video-preview:-1"},"canonical":"https:\/\/xenonkungen.com\/dk\/vare\/tershine-forstorrelsesbelaegning-v2-lakbeskyttelse\/","og_locale":"da_DK","og_type":"article","og_title":"Tershine Magnify - Coating v2 lackskydd - Xenonkungen","og_description":"Keramiskt lackskydd som ger fantastisk glans, skydd och avrinning under l\u00e5ng tid.","og_url":"https:\/\/xenonkungen.com\/dk\/vare\/tershine-forstorrelsesbelaegning-v2-lakbeskyttelse\/","og_site_name":"Xenonkungen","article_modified_time":"2026-05-12T13:54:37+00:00","og_image":[{"width":1024,"height":1024,"url":"https:\/\/xenonkungen.com\/wp-content\/uploads\/2026\/03\/MSysughrcmOzPCzZLLumjTYA0fRfSpOLTpVa3ETg.webp","type":"image\/webp"}],"twitter_card":"summary_large_image","twitter_misc":{"Estimeret l\u00e6setid":"2 minutter"},"schema":{"@context":"https:\/\/schema.org","@graph":[{"@type":"WebPage","@id":"https:\/\/xenonkungen.com\/produkt\/tershine-magnify-coating-v2-lackskydd\/","url":"https:\/\/xenonkungen.com\/produkt\/tershine-magnify-coating-v2-lackskydd\/","name":"Tershine Magnify - Coating v2 lakbeskyttelse - Xenon Kongen","isPartOf":{"@id":"https:\/\/xenonkungen.com\/#website"},"primaryImageOfPage":{"@id":"https:\/\/xenonkungen.com\/produkt\/tershine-magnify-coating-v2-lackskydd\/#primaryimage"},"image":{"@id":"https:\/\/xenonkungen.com\/produkt\/tershine-magnify-coating-v2-lackskydd\/#primaryimage"},"thumbnailUrl":"https:\/\/xenonkungen.com\/wp-content\/uploads\/2026\/03\/MSysughrcmOzPCzZLLumjTYA0fRfSpOLTpVa3ETg.webp","datePublished":"2026-03-16T10:13:11+00:00","dateModified":"2026-05-12T13:54:37+00:00","breadcrumb":{"@id":"https:\/\/xenonkungen.com\/produkt\/tershine-magnify-coating-v2-lackskydd\/#breadcrumb"},"inLanguage":"da-DK","potentialAction":[{"@type":"ReadAction","target":["https:\/\/xenonkungen.com\/produkt\/tershine-magnify-coating-v2-lackskydd\/"]}]},{"@type":"ImageObject","inLanguage":"da-DK","@id":"https:\/\/xenonkungen.com\/produkt\/tershine-magnify-coating-v2-lackskydd\/#primaryimage","url":"https:\/\/xenonkungen.com\/wp-content\/uploads\/2026\/03\/MSysughrcmOzPCzZLLumjTYA0fRfSpOLTpVa3ETg.webp","contentUrl":"https:\/\/xenonkungen.com\/wp-content\/uploads\/2026\/03\/MSysughrcmOzPCzZLLumjTYA0fRfSpOLTpVa3ETg.webp","width":1024,"height":1024},{"@type":"BreadcrumbList","@id":"https:\/\/xenonkungen.com\/produkt\/tershine-magnify-coating-v2-lackskydd\/#breadcrumb","itemListElement":[{"@type":"ListItem","position":1,"name":"Hem","item":"https:\/\/xenonkungen.com\/"},{"@type":"ListItem","position":2,"name":"Shop","item":"https:\/\/xenonkungen.com\/shop\/"},{"@type":"ListItem","position":3,"name":"Tershine Magnify &#8211; Coating v2 lackskydd"}]},{"@type":"WebSite","@id":"https:\/\/xenonkungen.com\/#website","url":"https:\/\/xenonkungen.com\/","name":"Xenonkungen","description":"","potentialAction":[{"@type":"SearchAction","target":{"@type":"EntryPoint","urlTemplate":"https:\/\/xenonkungen.com\/?s={search_term_string}"},"query-input":{"@type":"PropertyValueSpecification","valueRequired":true,"valueName":"search_term_string"}}],"inLanguage":"da-DK"}]}},"taxonomy_info":{"product_brand":[{"value":2893,"label":"Tershine"}],"product_cat":[{"value":2989,"label":"2 | Avfettning"},{"value":2614,"label":"4 | Bilvax &amp; Lackskydd"},{"value":378,"label":"Bilv\u00e5rd"}]},"featured_image_src_large":["https:\/\/xenonkungen.com\/wp-content\/uploads\/2026\/03\/MSysughrcmOzPCzZLLumjTYA0fRfSpOLTpVa3ETg.webp",1024,1024,false],"author_info":[],"comment_info":0,"_links":{"self":[{"href":"https:\/\/xenonkungen.com\/dk\/wp-json\/wp\/v2\/product\/27871","targetHints":{"allow":["GET"]}}],"collection":[{"href":"https:\/\/xenonkungen.com\/dk\/wp-json\/wp\/v2\/product"}],"about":[{"href":"https:\/\/xenonkungen.com\/dk\/wp-json\/wp\/v2\/types\/product"}],"replies":[{"embeddable":true,"href":"https:\/\/xenonkungen.com\/dk\/wp-json\/wp\/v2\/comments?post=27871"}],"wp:featuredmedia":[{"embeddable":true,"href":"https:\/\/xenonkungen.com\/dk\/wp-json\/wp\/v2\/media\/27872"}],"wp:attachment":[{"href":"https:\/\/xenonkungen.com\/dk\/wp-json\/wp\/v2\/media?parent=27871"}],"wp:term":[{"taxonomy":"anvandningsomrade","embeddable":true,"href":"https:\/\/xenonkungen.com\/dk\/wp-json\/wp\/v2\/anvandningsomrade?post=27871"},{"taxonomy":"bilmarken","embeddable":true,"href":"https:\/\/xenonkungen.com\/dk\/wp-json\/wp\/v2\/bilmarken?post=27871"},{"taxonomy":"product_brand","embeddable":true,"href":"https:\/\/xenonkungen.com\/dk\/wp-json\/wp\/v2\/product_brand?post=27871"},{"taxonomy":"product_cat","embeddable":true,"href":"https:\/\/xenonkungen.com\/dk\/wp-json\/wp\/v2\/product_cat?post=27871"},{"taxonomy":"product_tag","embeddable":true,"href":"https:\/\/xenonkungen.com\/dk\/wp-json\/wp\/v2\/product_tag?post=27871"}],"curies":[{"name":"wp","href":"https:\/\/api.w.org\/{rel}","templated":true}]}}