{"id":27874,"date":"2026-03-16T11:20:40","date_gmt":"2026-03-16T10:20:40","guid":{"rendered":"https:\/\/xenonkungen.com\/?post_type=product&#038;p=27874"},"modified":"2026-04-24T17:47:58","modified_gmt":"2026-04-24T16:47:58","slug":"tershine-forstorrelsesglasforsegler","status":"publish","type":"product","link":"https:\/\/xenonkungen.com\/dk\/vare\/tershine-forstorrelsesglasforsegler\/","title":{"rendered":"Tershine Forst\u00f8rrelsesglas \u2013 Glasforsegling"},"content":{"rendered":"<p>Meget effektiv glasforsegling (glasbehandling\/bel\u00e6gning), der er super nem at p\u00e5f\u00f8re. Giver vandafvisende vinduer, hvilket f\u00f8rer til bedre udsyn og \u00f8get sikkerhed. Produktet har en holdbarhed p\u00e5 op til 2 \u00e5r (3200+ km) og er nok til 3-5 vinduer afh\u00e6ngigt af st\u00f8rrelsen.<\/p>\n<p><strong>Bedre synlighed<br \/>\nEkstremt vandafvisende overflade<br \/>\nLang holdbarhed<br \/>\nEkstremt nem at anvende<br \/>\nFungerer p\u00e5 alle typer glas- og plastikvinduer<br \/>\nProduktet er produceret uden tils\u00e6tning af per- og polyfluorerede stoffer (PFAS).<br \/>\nGrusom mod brusev\u00e6gge<br \/>\nPerfekt til hjelmvisirer<br \/>\n<\/strong><\/p>\n<p>S\u00e5dan bruges\u00a0<strong>Forst\u00f8r \u2013 Glasforsegling<\/strong>:<\/p>\n<p><strong>1.<\/strong>\u00a0Reng\u00f8r vinduet med for eksempel Vison \u2013 Glasrens eller Prime \u2013 Panel Wipe.<br \/>\n<strong>2.<\/strong>\u00a0Fold stoffet ud i sektioner og p\u00e5f\u00f8r det i tv\u00e6rg\u00e5ende str\u00f8g.<br \/>\n<strong>3.<\/strong>\u00a0Lad t\u00f8rre i cirka 10 minutter.<br \/>\n<strong>4.\u00a0<\/strong>T\u00f8r af med en ren, fnugfri mikrofiberklud.<br \/>\n<strong>5.<\/strong>\u00a0Det var virkelig dejligt, ikke sandt?<\/p>\n<p>Hvis du st\u00e5r udenfor, vil alkoholen i den fordampe hurtigere. S\u00e5 v\u00e6r forsigtig, hvis du bruger den udenfor i bl\u00e6st og varme. Derudover beh\u00f8ver du ikke at rulle hele stoffet ud p\u00e5 \u00e9n gang!<\/p>\n<p>Kluden vil ogs\u00e5 f\u00f8les &quot;t\u00f8rrere&quot; og t\u00f8rrere, men det er stadig nok til, at den kan virke p\u00e5 flere vinduer.<\/p>\n<p>Det er ikke kun episk p\u00e5 bilruder, men fungerer ogs\u00e5 fantastisk som glasbehandling p\u00e5 brusev\u00e6ggen, b\u00e5den, motorcykelvisiret, pavillonen og ja, listen forts\u00e6tter. Fantastisk simpelt format som en &quot;savettpose&quot; der, men riv toppen af, tag kluden ud og p\u00e5f\u00f8r den p\u00e5 ethvert glas-\/plastvindue, lad det t\u00f8rre i cirka 10 minutter og t\u00f8r det derefter blot af. Selvf\u00f8lgelig helt fri for PFAS og andre lyssky ting (ja, det er mere almindeligt end du tror med fluor og andre lyssky ting i glasbel\u00e6gninger).<\/p>\n<p>Husk, at jo grundigere du reng\u00f8r vinduet p\u00e5 forh\u00e5nd, desto bedre resultater og holdbarhed f\u00e5r du. Reng\u00f8r derfor gerne med vores Prime \u2013 Panel Wipe eller et lignende IPA-reng\u00f8ringsmiddel. Husk ogs\u00e5, at kluden &quot;fordamper&quot; i vind osv. S\u00e5 fold ikke det hele ud p\u00e5 \u00e9n gang, n\u00e5r du k\u00f8rer udenfor. Fold det ud i etaper!<\/p>\n<p><img decoding=\"async\" src=\"https:\/\/d3dnwnveix5428.cloudfront.net\/store_72f4e2a4-e492-4ff0-8f8a-c603645bdb5c\/media\/UYnhdK4LzDYprMcXM8iGNUX6kuwUi5FGkcFdcaqL.png\" \/><\/p>\n<p><span>Indeholder: Propan-2-ol. FARE: Meget brandfarlig v\u00e6ske og damp. For\u00e5rsager alvorlig \u00f8jenirritation. Kan for\u00e5rsage d\u00f8sighed eller svimmelhed. Hvis der er behov for l\u00e6gehj\u00e6lp, skal produktbeholderen eller etiketten v\u00e6re ved h\u00e5nden. Opbevares utilg\u00e6ngeligt for b\u00f8rn. Holdes v\u00e6k fra varme, varme overflader, gnister, \u00e5ben ild eller andre ant\u00e6ndelseskilder. Rygning forbudt. Undg\u00e5 at ind\u00e5nde st\u00f8v, r\u00f8g, t\u00e5ge, gas, dampe, spray. Vask h\u00e6nder grundigt efter brug. Bortskaf indhold og beholder p\u00e5 en godkendt affaldsmodtagelsesstation.<\/span><\/p>","protected":false},"excerpt":{"rendered":"<p>Glasforsegling (glasbehandling\/bel\u00e6gning), der er super nem at p\u00e5f\u00f8re og leveres som en glat plade. Langtidsholdbar og bedre synlighed!<\/p>","protected":false},"featured_media":27876,"comment_status":"open","ping_status":"closed","template":"","meta":{"_acf_changed":false,"_smort_price_nok":"","_smort_price_dkk":"","_smort_price_eur":"","_smort_sale_price_nok":"","_smort_sale_price_dkk":"","_smort_sale_price_eur":"","smort_restorder":"","shipmondo_restorder":"","_kad_blocks_custom_css":"","_kad_blocks_head_custom_js":"","_kad_blocks_body_custom_js":"","_kad_blocks_footer_custom_js":"","smort_custom_pricelist_1":"82.56","smort_custom_pricelist_2":"82.56","smort_custom_pricelist_3":"82.56","smort_custom_pricelist_4":"103.2","smort_custom_pricelist_5":"82.56"},"anvandningsomrade":[],"bilmarken":[],"product_brand":[2893],"product_cat":[2989,2614,378],"product_tag":[],"class_list":{"0":"post-27874","1":"product","2":"type-product","3":"status-publish","4":"has-post-thumbnail","6":"product_brand-tershine","7":"product_cat-avfettning","8":"product_cat-lackskydd","9":"product_cat-bilvard","11":"first","12":"instock","13":"taxable","14":"shipping-taxable","15":"purchasable","16":"product-type-simple"},"bundled_by":[],"bundle_stock_status":"instock","bundle_stock_quantity":18,"bundle_virtual":false,"bundle_layout":"","bundle_add_to_cart_form_location":"","bundle_editable_in_cart":false,"bundle_sold_individually_context":"","bundle_item_grouping":"","bundle_min_size":"","bundle_max_size":"","bundle_price":[],"bundled_items":[],"bundle_sell_ids":[],"acf":[],"yoast_head":"<!-- This site is optimized with the Yoast SEO plugin v27.0 - https:\/\/yoast.com\/product\/yoast-seo-wordpress\/ -->\n<title>Tershine Magnify - Glasf\u00f6rsegling - Xenonkungen<\/title>\n<meta name=\"robots\" content=\"index, follow, max-snippet:-1, max-image-preview:large, max-video-preview:-1\" \/>\n<link rel=\"canonical\" href=\"https:\/\/xenonkungen.com\/dk\/vare\/tershine-forstorrelsesglasforsegler\/\" \/>\n<meta property=\"og:locale\" content=\"da_DK\" \/>\n<meta property=\"og:type\" content=\"article\" \/>\n<meta property=\"og:title\" content=\"Tershine Magnify - Glasf\u00f6rsegling - Xenonkungen\" \/>\n<meta property=\"og:description\" content=\"Glasf\u00f6rsegling (glasbehandling\/coating)\u00a0som \u00e4r superenkel att applicera och kommer som en smidig duk. L\u00e5ng h\u00e5llbarhet och b\u00e4ttre sikt!\" \/>\n<meta property=\"og:url\" content=\"https:\/\/xenonkungen.com\/dk\/vare\/tershine-forstorrelsesglasforsegler\/\" \/>\n<meta property=\"og:site_name\" content=\"Xenonkungen\" \/>\n<meta property=\"article:modified_time\" content=\"2026-04-24T16:47:58+00:00\" \/>\n<meta property=\"og:image\" content=\"https:\/\/xenonkungen.com\/wp-content\/uploads\/2026\/03\/kntdOxQJ0mybYVN1jDQH4tObDK0ulQ8K590sG6Er.webp\" \/>\n\t<meta property=\"og:image:width\" content=\"1024\" \/>\n\t<meta property=\"og:image:height\" content=\"1024\" \/>\n\t<meta property=\"og:image:type\" content=\"image\/webp\" \/>\n<meta name=\"twitter:card\" content=\"summary_large_image\" \/>\n<meta name=\"twitter:label1\" content=\"Estimeret l\u00e6setid\" \/>\n\t<meta name=\"twitter:data1\" content=\"3 minutter\" \/>\n<script type=\"application\/ld+json\" class=\"yoast-schema-graph\">{\"@context\":\"https:\/\/schema.org\",\"@graph\":[{\"@type\":\"WebPage\",\"@id\":\"https:\/\/xenonkungen.com\/produkt\/tershine-magnify-glasforsegling\/\",\"url\":\"https:\/\/xenonkungen.com\/produkt\/tershine-magnify-glasforsegling\/\",\"name\":\"Tershine Magnify - Glasf\u00f6rsegling - Xenonkungen\",\"isPartOf\":{\"@id\":\"https:\/\/xenonkungen.com\/#website\"},\"primaryImageOfPage\":{\"@id\":\"https:\/\/xenonkungen.com\/produkt\/tershine-magnify-glasforsegling\/#primaryimage\"},\"image\":{\"@id\":\"https:\/\/xenonkungen.com\/produkt\/tershine-magnify-glasforsegling\/#primaryimage\"},\"thumbnailUrl\":\"https:\/\/xenonkungen.com\/wp-content\/uploads\/2026\/03\/kntdOxQJ0mybYVN1jDQH4tObDK0ulQ8K590sG6Er.webp\",\"datePublished\":\"2026-03-16T10:20:40+00:00\",\"dateModified\":\"2026-04-24T16:47:58+00:00\",\"breadcrumb\":{\"@id\":\"https:\/\/xenonkungen.com\/produkt\/tershine-magnify-glasforsegling\/#breadcrumb\"},\"inLanguage\":\"da-DK\",\"potentialAction\":[{\"@type\":\"ReadAction\",\"target\":[\"https:\/\/xenonkungen.com\/produkt\/tershine-magnify-glasforsegling\/\"]}]},{\"@type\":\"ImageObject\",\"inLanguage\":\"da-DK\",\"@id\":\"https:\/\/xenonkungen.com\/produkt\/tershine-magnify-glasforsegling\/#primaryimage\",\"url\":\"https:\/\/xenonkungen.com\/wp-content\/uploads\/2026\/03\/kntdOxQJ0mybYVN1jDQH4tObDK0ulQ8K590sG6Er.webp\",\"contentUrl\":\"https:\/\/xenonkungen.com\/wp-content\/uploads\/2026\/03\/kntdOxQJ0mybYVN1jDQH4tObDK0ulQ8K590sG6Er.webp\",\"width\":1024,\"height\":1024},{\"@type\":\"BreadcrumbList\",\"@id\":\"https:\/\/xenonkungen.com\/produkt\/tershine-magnify-glasforsegling\/#breadcrumb\",\"itemListElement\":[{\"@type\":\"ListItem\",\"position\":1,\"name\":\"Hem\",\"item\":\"https:\/\/xenonkungen.com\/\"},{\"@type\":\"ListItem\",\"position\":2,\"name\":\"Shop\",\"item\":\"https:\/\/xenonkungen.com\/shop\/\"},{\"@type\":\"ListItem\",\"position\":3,\"name\":\"Tershine Magnify &#8211; Glasf\u00f6rsegling\"}]},{\"@type\":\"WebSite\",\"@id\":\"https:\/\/xenonkungen.com\/#website\",\"url\":\"https:\/\/xenonkungen.com\/\",\"name\":\"Xenonkungen\",\"description\":\"\",\"potentialAction\":[{\"@type\":\"SearchAction\",\"target\":{\"@type\":\"EntryPoint\",\"urlTemplate\":\"https:\/\/xenonkungen.com\/?s={search_term_string}\"},\"query-input\":{\"@type\":\"PropertyValueSpecification\",\"valueRequired\":true,\"valueName\":\"search_term_string\"}}],\"inLanguage\":\"da-DK\"}]}<\/script>\n<!-- \/ Yoast SEO plugin. -->","yoast_head_json":{"title":"Tershine Forst\u00f8rrelsesglas - Glasforsegling - Xenonkungen","robots":{"index":"index","follow":"follow","max-snippet":"max-snippet:-1","max-image-preview":"max-image-preview:large","max-video-preview":"max-video-preview:-1"},"canonical":"https:\/\/xenonkungen.com\/dk\/vare\/tershine-forstorrelsesglasforsegler\/","og_locale":"da_DK","og_type":"article","og_title":"Tershine Magnify - Glasf\u00f6rsegling - Xenonkungen","og_description":"Glasf\u00f6rsegling (glasbehandling\/coating)\u00a0som \u00e4r superenkel att applicera och kommer som en smidig duk. L\u00e5ng h\u00e5llbarhet och b\u00e4ttre sikt!","og_url":"https:\/\/xenonkungen.com\/dk\/vare\/tershine-forstorrelsesglasforsegler\/","og_site_name":"Xenonkungen","article_modified_time":"2026-04-24T16:47:58+00:00","og_image":[{"width":1024,"height":1024,"url":"https:\/\/xenonkungen.com\/wp-content\/uploads\/2026\/03\/kntdOxQJ0mybYVN1jDQH4tObDK0ulQ8K590sG6Er.webp","type":"image\/webp"}],"twitter_card":"summary_large_image","twitter_misc":{"Estimeret l\u00e6setid":"3 minutter"},"schema":{"@context":"https:\/\/schema.org","@graph":[{"@type":"WebPage","@id":"https:\/\/xenonkungen.com\/produkt\/tershine-magnify-glasforsegling\/","url":"https:\/\/xenonkungen.com\/produkt\/tershine-magnify-glasforsegling\/","name":"Tershine Forst\u00f8rrelsesglas - Glasforsegling - Xenonkungen","isPartOf":{"@id":"https:\/\/xenonkungen.com\/#website"},"primaryImageOfPage":{"@id":"https:\/\/xenonkungen.com\/produkt\/tershine-magnify-glasforsegling\/#primaryimage"},"image":{"@id":"https:\/\/xenonkungen.com\/produkt\/tershine-magnify-glasforsegling\/#primaryimage"},"thumbnailUrl":"https:\/\/xenonkungen.com\/wp-content\/uploads\/2026\/03\/kntdOxQJ0mybYVN1jDQH4tObDK0ulQ8K590sG6Er.webp","datePublished":"2026-03-16T10:20:40+00:00","dateModified":"2026-04-24T16:47:58+00:00","breadcrumb":{"@id":"https:\/\/xenonkungen.com\/produkt\/tershine-magnify-glasforsegling\/#breadcrumb"},"inLanguage":"da-DK","potentialAction":[{"@type":"ReadAction","target":["https:\/\/xenonkungen.com\/produkt\/tershine-magnify-glasforsegling\/"]}]},{"@type":"ImageObject","inLanguage":"da-DK","@id":"https:\/\/xenonkungen.com\/produkt\/tershine-magnify-glasforsegling\/#primaryimage","url":"https:\/\/xenonkungen.com\/wp-content\/uploads\/2026\/03\/kntdOxQJ0mybYVN1jDQH4tObDK0ulQ8K590sG6Er.webp","contentUrl":"https:\/\/xenonkungen.com\/wp-content\/uploads\/2026\/03\/kntdOxQJ0mybYVN1jDQH4tObDK0ulQ8K590sG6Er.webp","width":1024,"height":1024},{"@type":"BreadcrumbList","@id":"https:\/\/xenonkungen.com\/produkt\/tershine-magnify-glasforsegling\/#breadcrumb","itemListElement":[{"@type":"ListItem","position":1,"name":"Hem","item":"https:\/\/xenonkungen.com\/"},{"@type":"ListItem","position":2,"name":"Shop","item":"https:\/\/xenonkungen.com\/shop\/"},{"@type":"ListItem","position":3,"name":"Tershine Magnify &#8211; Glasf\u00f6rsegling"}]},{"@type":"WebSite","@id":"https:\/\/xenonkungen.com\/#website","url":"https:\/\/xenonkungen.com\/","name":"Xenonkungen","description":"","potentialAction":[{"@type":"SearchAction","target":{"@type":"EntryPoint","urlTemplate":"https:\/\/xenonkungen.com\/?s={search_term_string}"},"query-input":{"@type":"PropertyValueSpecification","valueRequired":true,"valueName":"search_term_string"}}],"inLanguage":"da-DK"}]}},"taxonomy_info":{"product_brand":[{"value":2893,"label":"Tershine"}],"product_cat":[{"value":2989,"label":"2 | Avfettning"},{"value":2614,"label":"4 | Bilvax &amp; Lackskydd"},{"value":378,"label":"Bilv\u00e5rd"}]},"featured_image_src_large":["https:\/\/xenonkungen.com\/wp-content\/uploads\/2026\/03\/kntdOxQJ0mybYVN1jDQH4tObDK0ulQ8K590sG6Er.webp",1024,1024,false],"author_info":[],"comment_info":0,"_links":{"self":[{"href":"https:\/\/xenonkungen.com\/dk\/wp-json\/wp\/v2\/product\/27874","targetHints":{"allow":["GET"]}}],"collection":[{"href":"https:\/\/xenonkungen.com\/dk\/wp-json\/wp\/v2\/product"}],"about":[{"href":"https:\/\/xenonkungen.com\/dk\/wp-json\/wp\/v2\/types\/product"}],"replies":[{"embeddable":true,"href":"https:\/\/xenonkungen.com\/dk\/wp-json\/wp\/v2\/comments?post=27874"}],"wp:featuredmedia":[{"embeddable":true,"href":"https:\/\/xenonkungen.com\/dk\/wp-json\/wp\/v2\/media\/27876"}],"wp:attachment":[{"href":"https:\/\/xenonkungen.com\/dk\/wp-json\/wp\/v2\/media?parent=27874"}],"wp:term":[{"taxonomy":"anvandningsomrade","embeddable":true,"href":"https:\/\/xenonkungen.com\/dk\/wp-json\/wp\/v2\/anvandningsomrade?post=27874"},{"taxonomy":"bilmarken","embeddable":true,"href":"https:\/\/xenonkungen.com\/dk\/wp-json\/wp\/v2\/bilmarken?post=27874"},{"taxonomy":"product_brand","embeddable":true,"href":"https:\/\/xenonkungen.com\/dk\/wp-json\/wp\/v2\/product_brand?post=27874"},{"taxonomy":"product_cat","embeddable":true,"href":"https:\/\/xenonkungen.com\/dk\/wp-json\/wp\/v2\/product_cat?post=27874"},{"taxonomy":"product_tag","embeddable":true,"href":"https:\/\/xenonkungen.com\/dk\/wp-json\/wp\/v2\/product_tag?post=27874"}],"curies":[{"name":"wp","href":"https:\/\/api.w.org\/{rel}","templated":true}]}}