{"id":27880,"date":"2026-03-16T11:40:56","date_gmt":"2026-03-16T10:40:56","guid":{"rendered":"https:\/\/xenonkungen.com\/?post_type=product&#038;p=27880"},"modified":"2026-05-12T14:53:15","modified_gmt":"2026-05-12T13:53:15","slug":"tershine-mikrofiber-allround","status":"publish","type":"product","link":"https:\/\/xenonkungen.com\/dk\/vare\/tershine-mikrofiber-allround\/","title":{"rendered":"Tershine mikrofiber \u2013 Allround"},"content":{"rendered":"<p>Holdbar og meget alsidig mikrofiberklud i h\u00f8j kvalitet.<\/p>\n<p><strong>T\u00e6ttere v\u00e6vning for at modst\u00e5 mere &quot;strygning&quot;<br \/>\nPerfekt til indend\u00f8rs brug eller vinduer<br \/>\nVirker fantastisk til at aft\u00f8rre keramisk malingbeskyttelse<br \/>\nAlsidig<br \/>\nKan vaskes igen og igen<\/strong><\/p>\n<p>En fantastisk l\u00e6kker mikrofiberklud, der passer lige s\u00e5 godt indvendigt som udvendigt. Virkelig h\u00f8j kvalitet, fnugfri og med et flot pr\u00e6get tershine-logo! T\u00e6ttere syet end vores andre klude, hvilket betyder, at den flyder lettere hen over plastik, tekstiler osv., s\u00e5 vi bruger den prim\u00e6rt indvendigt. Men den fungerer lige s\u00e5 godt til at aft\u00f8rre keramisk lakbeskyttelse, voks, Quick detailer osv.<\/p>\n<p><strong>GSM:<\/strong>\u00a0320<br \/>\n<strong>St\u00f8rrelse:<\/strong>\u00a040x40 cm<br \/>\n<strong>Materiale:<\/strong>\u00a080% polyester, 20% polyamid<\/p>\n<p><strong>Plejeanvisninger:<\/strong>\u00a0Vask ved 40 grader uden skyllemiddel. Spring almindeligt vaskemiddel over, da det normalt har evnen til at &quot;lukke&quot; fibrene og f\u00e5 t\u00f8jet til at fungere d\u00e5rligere. Brug Refresh - Fiber Wash (mikrofibervaskemiddel) eller APC\/Alkaline (lidt kork i maskinen), og det fungerer normalt fint.<\/p>","protected":false},"excerpt":{"rendered":"<p>Slitstark och mycket m\u00e5ngsidig mikrofiberduk av h\u00f6gsta kvalitet.<\/p>","protected":false},"featured_media":27881,"comment_status":"open","ping_status":"closed","template":"","meta":{"_acf_changed":false,"_smort_price_nok":"","_smort_price_dkk":"","_smort_price_eur":"","_smort_sale_price_nok":"","_smort_sale_price_dkk":"","_smort_sale_price_eur":"","smort_restorder":"","shipmondo_restorder":"","_kad_blocks_custom_css":"","_kad_blocks_head_custom_js":"","_kad_blocks_body_custom_js":"","_kad_blocks_footer_custom_js":"","smort_custom_pricelist_1":"31.36","smort_custom_pricelist_2":"31.36","smort_custom_pricelist_3":"31.36","smort_custom_pricelist_4":"39.2","smort_custom_pricelist_5":"31.36"},"anvandningsomrade":[],"bilmarken":[],"product_brand":[2893],"product_cat":[2450,378],"product_tag":[],"class_list":{"0":"post-27880","1":"product","2":"type-product","3":"status-publish","4":"has-post-thumbnail","6":"product_brand-tershine","7":"product_cat-tillbehor-bilvard","8":"product_cat-bilvard","10":"first","11":"onbackorder","12":"taxable","13":"shipping-taxable","14":"purchasable","15":"product-type-simple"},"bundled_by":[],"bundle_stock_status":"onbackorder","bundle_stock_quantity":0,"bundle_virtual":false,"bundle_layout":"","bundle_add_to_cart_form_location":"","bundle_editable_in_cart":false,"bundle_sold_individually_context":"","bundle_item_grouping":"","bundle_min_size":"","bundle_max_size":"","bundle_price":[],"bundled_items":[],"bundle_sell_ids":[],"acf":[],"yoast_head":"<!-- This site is optimized with the Yoast SEO plugin v27.0 - https:\/\/yoast.com\/product\/yoast-seo-wordpress\/ -->\n<title>Tershine Mikrofiber - Allround - Xenonkungen<\/title>\n<meta name=\"robots\" content=\"index, follow, max-snippet:-1, max-image-preview:large, max-video-preview:-1\" \/>\n<link rel=\"canonical\" href=\"https:\/\/xenonkungen.com\/dk\/vare\/tershine-mikrofiber-allround\/\" \/>\n<meta property=\"og:locale\" content=\"da_DK\" \/>\n<meta property=\"og:type\" content=\"article\" \/>\n<meta property=\"og:title\" content=\"Tershine Mikrofiber - Allround - Xenonkungen\" \/>\n<meta property=\"og:description\" content=\"Slitstark och mycket m\u00e5ngsidig mikrofiberduk av h\u00f6gsta kvalitet.\" \/>\n<meta property=\"og:url\" content=\"https:\/\/xenonkungen.com\/dk\/vare\/tershine-mikrofiber-allround\/\" \/>\n<meta property=\"og:site_name\" content=\"Xenonkungen\" \/>\n<meta property=\"article:modified_time\" content=\"2026-05-12T13:53:15+00:00\" \/>\n<meta property=\"og:image\" content=\"https:\/\/xenonkungen.com\/wp-content\/uploads\/2026\/03\/qx4qAh7xKSKkBxvlfr3s8XEqR6ZdGK2LRic3bXbi.webp\" \/>\n\t<meta property=\"og:image:width\" content=\"1024\" \/>\n\t<meta property=\"og:image:height\" content=\"1024\" \/>\n\t<meta property=\"og:image:type\" content=\"image\/webp\" \/>\n<meta name=\"twitter:card\" content=\"summary_large_image\" \/>\n<meta name=\"twitter:label1\" content=\"Estimeret l\u00e6setid\" \/>\n\t<meta name=\"twitter:data1\" content=\"1 minut\" \/>\n<script type=\"application\/ld+json\" class=\"yoast-schema-graph\">{\"@context\":\"https:\/\/schema.org\",\"@graph\":[{\"@type\":\"WebPage\",\"@id\":\"https:\/\/xenonkungen.com\/produkt\/tershine-mikrofiber-allround\/\",\"url\":\"https:\/\/xenonkungen.com\/produkt\/tershine-mikrofiber-allround\/\",\"name\":\"Tershine Mikrofiber - Allround - Xenonkungen\",\"isPartOf\":{\"@id\":\"https:\/\/xenonkungen.com\/#website\"},\"primaryImageOfPage\":{\"@id\":\"https:\/\/xenonkungen.com\/produkt\/tershine-mikrofiber-allround\/#primaryimage\"},\"image\":{\"@id\":\"https:\/\/xenonkungen.com\/produkt\/tershine-mikrofiber-allround\/#primaryimage\"},\"thumbnailUrl\":\"https:\/\/xenonkungen.com\/wp-content\/uploads\/2026\/03\/qx4qAh7xKSKkBxvlfr3s8XEqR6ZdGK2LRic3bXbi.webp\",\"datePublished\":\"2026-03-16T10:40:56+00:00\",\"dateModified\":\"2026-05-12T13:53:15+00:00\",\"breadcrumb\":{\"@id\":\"https:\/\/xenonkungen.com\/produkt\/tershine-mikrofiber-allround\/#breadcrumb\"},\"inLanguage\":\"da-DK\",\"potentialAction\":[{\"@type\":\"ReadAction\",\"target\":[\"https:\/\/xenonkungen.com\/produkt\/tershine-mikrofiber-allround\/\"]}]},{\"@type\":\"ImageObject\",\"inLanguage\":\"da-DK\",\"@id\":\"https:\/\/xenonkungen.com\/produkt\/tershine-mikrofiber-allround\/#primaryimage\",\"url\":\"https:\/\/xenonkungen.com\/wp-content\/uploads\/2026\/03\/qx4qAh7xKSKkBxvlfr3s8XEqR6ZdGK2LRic3bXbi.webp\",\"contentUrl\":\"https:\/\/xenonkungen.com\/wp-content\/uploads\/2026\/03\/qx4qAh7xKSKkBxvlfr3s8XEqR6ZdGK2LRic3bXbi.webp\",\"width\":1024,\"height\":1024},{\"@type\":\"BreadcrumbList\",\"@id\":\"https:\/\/xenonkungen.com\/produkt\/tershine-mikrofiber-allround\/#breadcrumb\",\"itemListElement\":[{\"@type\":\"ListItem\",\"position\":1,\"name\":\"Hem\",\"item\":\"https:\/\/xenonkungen.com\/\"},{\"@type\":\"ListItem\",\"position\":2,\"name\":\"Shop\",\"item\":\"https:\/\/xenonkungen.com\/shop\/\"},{\"@type\":\"ListItem\",\"position\":3,\"name\":\"Tershine Mikrofiber &#8211; Allround\"}]},{\"@type\":\"WebSite\",\"@id\":\"https:\/\/xenonkungen.com\/#website\",\"url\":\"https:\/\/xenonkungen.com\/\",\"name\":\"Xenonkungen\",\"description\":\"\",\"potentialAction\":[{\"@type\":\"SearchAction\",\"target\":{\"@type\":\"EntryPoint\",\"urlTemplate\":\"https:\/\/xenonkungen.com\/?s={search_term_string}\"},\"query-input\":{\"@type\":\"PropertyValueSpecification\",\"valueRequired\":true,\"valueName\":\"search_term_string\"}}],\"inLanguage\":\"da-DK\"}]}<\/script>\n<!-- \/ Yoast SEO plugin. -->","yoast_head_json":{"title":"Tershine Mikrofiber - Allround - Xenonkungen","robots":{"index":"index","follow":"follow","max-snippet":"max-snippet:-1","max-image-preview":"max-image-preview:large","max-video-preview":"max-video-preview:-1"},"canonical":"https:\/\/xenonkungen.com\/dk\/vare\/tershine-mikrofiber-allround\/","og_locale":"da_DK","og_type":"article","og_title":"Tershine Mikrofiber - Allround - Xenonkungen","og_description":"Slitstark och mycket m\u00e5ngsidig mikrofiberduk av h\u00f6gsta kvalitet.","og_url":"https:\/\/xenonkungen.com\/dk\/vare\/tershine-mikrofiber-allround\/","og_site_name":"Xenonkungen","article_modified_time":"2026-05-12T13:53:15+00:00","og_image":[{"width":1024,"height":1024,"url":"https:\/\/xenonkungen.com\/wp-content\/uploads\/2026\/03\/qx4qAh7xKSKkBxvlfr3s8XEqR6ZdGK2LRic3bXbi.webp","type":"image\/webp"}],"twitter_card":"summary_large_image","twitter_misc":{"Estimeret l\u00e6setid":"1 minut"},"schema":{"@context":"https:\/\/schema.org","@graph":[{"@type":"WebPage","@id":"https:\/\/xenonkungen.com\/produkt\/tershine-mikrofiber-allround\/","url":"https:\/\/xenonkungen.com\/produkt\/tershine-mikrofiber-allround\/","name":"Tershine Mikrofiber - Allround - Xenonkungen","isPartOf":{"@id":"https:\/\/xenonkungen.com\/#website"},"primaryImageOfPage":{"@id":"https:\/\/xenonkungen.com\/produkt\/tershine-mikrofiber-allround\/#primaryimage"},"image":{"@id":"https:\/\/xenonkungen.com\/produkt\/tershine-mikrofiber-allround\/#primaryimage"},"thumbnailUrl":"https:\/\/xenonkungen.com\/wp-content\/uploads\/2026\/03\/qx4qAh7xKSKkBxvlfr3s8XEqR6ZdGK2LRic3bXbi.webp","datePublished":"2026-03-16T10:40:56+00:00","dateModified":"2026-05-12T13:53:15+00:00","breadcrumb":{"@id":"https:\/\/xenonkungen.com\/produkt\/tershine-mikrofiber-allround\/#breadcrumb"},"inLanguage":"da-DK","potentialAction":[{"@type":"ReadAction","target":["https:\/\/xenonkungen.com\/produkt\/tershine-mikrofiber-allround\/"]}]},{"@type":"ImageObject","inLanguage":"da-DK","@id":"https:\/\/xenonkungen.com\/produkt\/tershine-mikrofiber-allround\/#primaryimage","url":"https:\/\/xenonkungen.com\/wp-content\/uploads\/2026\/03\/qx4qAh7xKSKkBxvlfr3s8XEqR6ZdGK2LRic3bXbi.webp","contentUrl":"https:\/\/xenonkungen.com\/wp-content\/uploads\/2026\/03\/qx4qAh7xKSKkBxvlfr3s8XEqR6ZdGK2LRic3bXbi.webp","width":1024,"height":1024},{"@type":"BreadcrumbList","@id":"https:\/\/xenonkungen.com\/produkt\/tershine-mikrofiber-allround\/#breadcrumb","itemListElement":[{"@type":"ListItem","position":1,"name":"Hem","item":"https:\/\/xenonkungen.com\/"},{"@type":"ListItem","position":2,"name":"Shop","item":"https:\/\/xenonkungen.com\/shop\/"},{"@type":"ListItem","position":3,"name":"Tershine Mikrofiber &#8211; Allround"}]},{"@type":"WebSite","@id":"https:\/\/xenonkungen.com\/#website","url":"https:\/\/xenonkungen.com\/","name":"Xenonkungen","description":"","potentialAction":[{"@type":"SearchAction","target":{"@type":"EntryPoint","urlTemplate":"https:\/\/xenonkungen.com\/?s={search_term_string}"},"query-input":{"@type":"PropertyValueSpecification","valueRequired":true,"valueName":"search_term_string"}}],"inLanguage":"da-DK"}]}},"taxonomy_info":{"product_brand":[{"value":2893,"label":"Tershine"}],"product_cat":[{"value":2450,"label":"6 | Tillbeh\u00f6r"},{"value":378,"label":"Bilv\u00e5rd"}]},"featured_image_src_large":["https:\/\/xenonkungen.com\/wp-content\/uploads\/2026\/03\/qx4qAh7xKSKkBxvlfr3s8XEqR6ZdGK2LRic3bXbi.webp",1024,1024,false],"author_info":[],"comment_info":0,"_links":{"self":[{"href":"https:\/\/xenonkungen.com\/dk\/wp-json\/wp\/v2\/product\/27880","targetHints":{"allow":["GET"]}}],"collection":[{"href":"https:\/\/xenonkungen.com\/dk\/wp-json\/wp\/v2\/product"}],"about":[{"href":"https:\/\/xenonkungen.com\/dk\/wp-json\/wp\/v2\/types\/product"}],"replies":[{"embeddable":true,"href":"https:\/\/xenonkungen.com\/dk\/wp-json\/wp\/v2\/comments?post=27880"}],"wp:featuredmedia":[{"embeddable":true,"href":"https:\/\/xenonkungen.com\/dk\/wp-json\/wp\/v2\/media\/27881"}],"wp:attachment":[{"href":"https:\/\/xenonkungen.com\/dk\/wp-json\/wp\/v2\/media?parent=27880"}],"wp:term":[{"taxonomy":"anvandningsomrade","embeddable":true,"href":"https:\/\/xenonkungen.com\/dk\/wp-json\/wp\/v2\/anvandningsomrade?post=27880"},{"taxonomy":"bilmarken","embeddable":true,"href":"https:\/\/xenonkungen.com\/dk\/wp-json\/wp\/v2\/bilmarken?post=27880"},{"taxonomy":"product_brand","embeddable":true,"href":"https:\/\/xenonkungen.com\/dk\/wp-json\/wp\/v2\/product_brand?post=27880"},{"taxonomy":"product_cat","embeddable":true,"href":"https:\/\/xenonkungen.com\/dk\/wp-json\/wp\/v2\/product_cat?post=27880"},{"taxonomy":"product_tag","embeddable":true,"href":"https:\/\/xenonkungen.com\/dk\/wp-json\/wp\/v2\/product_tag?post=27880"}],"curies":[{"name":"wp","href":"https:\/\/api.w.org\/{rel}","templated":true}]}}