{"id":27927,"date":"2026-03-16T13:45:14","date_gmt":"2026-03-16T12:45:14","guid":{"rendered":"https:\/\/xenonkungen.com\/?post_type=product&#038;p=27927"},"modified":"2026-05-12T14:51:38","modified_gmt":"2026-05-12T13:51:38","slug":"tershine-purify-s-bilschampo-5-l","status":"publish","type":"product","link":"https:\/\/xenonkungen.com\/dk\/vare\/tershine-purify-s-bilschampo-5-l\/","title":{"rendered":"Tershine Purify S+ \u2013 Bilshampoo 5 L"},"content":{"rendered":"<p>Bilshampoo og lakbeskyttelse i \u00e9t. Renser og skaber en vandafvisende film i samme str\u00f8g. Det kunne ikke v\u00e6re nemmere at vedligeholde dit k\u00f8ret\u00f8j!<\/p>\n<p><strong>Meget nem at bruge<br \/>\nReng\u00f8r og beskytter lakering i \u00e9n omgang<br \/>\nMeget h\u00f8jglans<br \/>\nDejlig duft af \u00e6ble<br \/>\nArbejder i skumlanse<br \/>\nFri for PFAS og VOC<\/strong><\/p>\n<p>1.\u00a0H\u00e4ll en skv\u00e4tt i hinken, laborera g\u00e4rna hur mycket ni beh\u00f6ver ha i. Det \u00e4r lite fr\u00e5n bil till bil och produkten har l\u00e4gre blandningsf\u00f6rh\u00e5llanden \u00e4n v\u00e5ra \u00f6vriga schampon. Den blir n\u00e4stan b\u00e4ttre ju mer ni tar. Kan ocks\u00e5 appliceras rent direkt i handske\/duk och p\u00e5 s\u00e5 s\u00e4tt &#8221;masseras&#8221; in och sedan sk\u00f6ljas av.\u00a0<strong><br \/>\n2.\u00a0<\/strong>L\u00f8sn skummet med h\u00f8jt tryk (gentag om n\u00f8dvendigt).<br \/>\n<strong>3.\u00a0<\/strong>Tr\u00e6k vaskehandsken\/mikrofiberkluden i lige str\u00f8g hen over k\u00f8ret\u00f8jets lakering.<br \/>\n<strong>4.\u00a0<\/strong>Skyl og t\u00f8r efter med en klud af h\u00f8j kvalitet.\u00a0<strong><br \/>\n5.\u00a0<\/strong>Nyd den episke glans og afstr\u00f8mning!<\/p>\n<div class=\"o9v6fnle cxmmr5t8 oygrvhab hcukyx3x c1et5uql ii04i59q\">Purify S+ 5000 ml er en s\u00e5kaldt keramisk shampoo med en gr\u00f8n \u00e6bleduft, der udover reng\u00f8ring giver masser af dejlig blank glans og efterlader en beskyttende film, som er meget vandafvisende! Perfekt til dig, der \u00f8nsker nemt at beskytte k\u00f8ret\u00f8jets lak uden en masse dikkedarer eller at booste eksisterende beskyttelse.<\/div>\n<div class=\"o9v6fnle cxmmr5t8 oygrvhab hcukyx3x c1et5uql ii04i59q\">\n<div dir=\"auto\"><\/div>\n<\/div>\n<div class=\"o9v6fnle cxmmr5t8 oygrvhab hcukyx3x c1et5uql ii04i59q\">\n<div dir=\"auto\">Forestil dig Purify S og Refract i samme flaske (nok lidt)! Selvf\u00f8lgelig helt fri for st\u00e6rkt fluorerede stoffer (PFAS) og lyssky opl\u00f8sningsmidler osv. Blandingsforhold p\u00e5 1:250-1:500 og fungerer helt fantastisk i en skumpistol. Med andre ord episk for jer med store k\u00f8ret\u00f8jer som lastbiler, gravemaskiner eller ja selvf\u00f8lgelig for ALLE k\u00f8ret\u00f8jer!<\/div>\n<\/div>\n<div class=\"o9v6fnle cxmmr5t8 oygrvhab hcukyx3x c1et5uql ii04i59q\">\n<div dir=\"auto\">Skummet er faktisk helt ok, men desv\u00e6rre er det &quot;kemikaliernes lov&quot;, afstr\u00f8mning reducerer skum! Men det er fint at lufte op i spanden fra tid til anden.<\/div>\n<\/div>\n<div class=\"o9v6fnle cxmmr5t8 oygrvhab hcukyx3x c1et5uql ii04i59q\">\n<div dir=\"auto\">Dette er et fantastisk produkt til de tidspunkter, hvor du ikke kan k\u00f8re med Refract og alle trinene, eller hvis du bare vil bevare din eksisterende beskyttelse, s\u00e5som Magnify eller Refract. Det giver rigtig god dr\u00e6ning, selv p\u00e5 helt d\u00f8d maling, og hvis du allerede har en beskyttelse nedenunder, booster det den meget. Dette er et perfekt produkt, b\u00e5de for begyndere og ogs\u00e5 for os hardcore vaskere, der nogle gange ikke rigtig f\u00f8ler, at de har tid til en god vask med alle trinene. Det er et lille kompromis at have alt i den samme flaske, men dette er virkelig min egen nye favorit, fordi det er s\u00e5 pokkers nemt at bruge og giver et super flot resultat. Fungerer fantastisk p\u00e5 wrap\/ppf og ogs\u00e5 mat maling. Ogs\u00e5 fantastisk p\u00e5 b\u00e5den, autocamperen\/campingvognen, jetskien, ja det virker p\u00e5 mere eller mindre alt.<\/div>\n<\/div>\n<div class=\"o9v6fnle cxmmr5t8 oygrvhab hcukyx3x c1et5uql ii04i59q\">\n<div dir=\"auto\">En god ting er, at du absolut ikke beh\u00f8ver at &quot;g\u00e5 i panik&quot;, hvis produktet ikke skylles af med det samme. Med andre ord kan du vaske hele k\u00f8ret\u00f8jet i fred og ro, inden du skyller det af, ligesom vores andre shampooer. Du starter selvf\u00f8lgelig med alle trinene f\u00f8r, s\u00e5som affedtning, f\u00e6lgrens osv. Med andre ord en helt normal vask.<\/div>\n<div dir=\"auto\"><\/div>\n<div dir=\"auto\"><\/div>\n<div dir=\"auto\">Kan med fordel bruges i en skumpistol, som s\u00e6dvanlig er der s\u00e5 mange forskellige faktorer, der spiller ind, s\u00e5 eksperimenter endelig, indtil du f\u00e5r det rigtige blandingsforhold. S\u00f8rg for at reng\u00f8re grundigt, inden du bruger affedtningsmidlerne, og tag derefter et brusebad og lad det tr\u00e6kke i et stykke tid, inden du skyller af.<\/div>\n<div dir=\"auto\"><\/div>\n<div dir=\"auto\">Som en sidste ting kan du faktisk fortynde det med vand og bruge det som en form for v\u00e5dt lag, derefter blande det i en tom flaske og spraye p\u00e5 en ren overflade og skylle af ligesom Refract.<\/div>\n<div dir=\"auto\"><\/div>\n<div dir=\"auto\">Hvis den \u00f8nskede effekt ikke opn\u00e5s, s\u00e5 pr\u00f8v blot at bruge lidt mere produkt. Det lyder vagt, men som jeg beskrev ovenfor, anbefaler vi, at du pr\u00f8ver at finde det forhold, der passer bedst til dig. Biologisk nedbrydeligt og indeholder ikke st\u00e6rkt fluorerede stoffer (PFAS). Undg\u00e5 direkte sollys, og opbevar produktet et m\u00f8rkt og frostfrit sted.<\/div>\n<div dir=\"auto\"><\/div>\n<div dir=\"auto\"><strong>Duft:<\/strong>\u00a0Gr\u00f8nt \u00e6ble<\/div>\n<div dir=\"auto\"><em>Opbevares frostfrit.<\/em><\/div>\n<\/div>","protected":false},"excerpt":{"rendered":"<p>Bilschampo och lackskydd i samma produkt. Reng\u00f6r ytan samt skapar en skyddande, vattenavst\u00f6tande hinna. Blandningsf\u00f6rh\u00e5llande 1:250<\/p>","protected":false},"featured_media":27928,"comment_status":"open","ping_status":"closed","template":"","meta":{"_acf_changed":false,"_smort_price_nok":"","_smort_price_dkk":"","_smort_price_eur":"","_smort_sale_price_nok":"","_smort_sale_price_dkk":"","_smort_sale_price_eur":"","smort_restorder":"","shipmondo_restorder":"","_kad_blocks_custom_css":"","_kad_blocks_head_custom_js":"","_kad_blocks_body_custom_js":"","_kad_blocks_footer_custom_js":"","smort_custom_pricelist_1":"831.36","smort_custom_pricelist_2":"831.36","smort_custom_pricelist_3":"831.36","smort_custom_pricelist_4":"1039.2","smort_custom_pricelist_5":"831.36"},"anvandningsomrade":[],"bilmarken":[],"product_brand":[2893],"product_cat":[2988,2892,2621,378],"product_tag":[],"class_list":{"0":"post-27927","1":"product","2":"type-product","3":"status-publish","4":"has-post-thumbnail","6":"product_brand-tershine","7":"product_cat-biltvatt","8":"product_cat-retail-produkter","9":"product_cat-bilschampo","10":"product_cat-bilvard","12":"first","13":"onbackorder","14":"taxable","15":"shipping-taxable","16":"purchasable","17":"product-type-simple"},"bundled_by":[],"bundle_stock_status":"onbackorder","bundle_stock_quantity":0,"bundle_virtual":false,"bundle_layout":"","bundle_add_to_cart_form_location":"","bundle_editable_in_cart":false,"bundle_sold_individually_context":"","bundle_item_grouping":"","bundle_min_size":"","bundle_max_size":"","bundle_price":[],"bundled_items":[],"bundle_sell_ids":[],"acf":[],"yoast_head":"<!-- This site is optimized with the Yoast SEO plugin v27.0 - https:\/\/yoast.com\/product\/yoast-seo-wordpress\/ -->\n<title>Tershine Purify S+ - Bilschampo 5 L - Xenonkungen<\/title>\n<meta name=\"robots\" content=\"index, follow, max-snippet:-1, max-image-preview:large, max-video-preview:-1\" \/>\n<link rel=\"canonical\" href=\"https:\/\/xenonkungen.com\/dk\/vare\/tershine-purify-s-bilschampo-5-l\/\" \/>\n<meta property=\"og:locale\" content=\"da_DK\" \/>\n<meta property=\"og:type\" content=\"article\" \/>\n<meta property=\"og:title\" content=\"Tershine Purify S+ - Bilschampo 5 L - Xenonkungen\" \/>\n<meta property=\"og:description\" content=\"Bilschampo och lackskydd i samma produkt. Reng\u00f6r ytan samt skapar en skyddande, vattenavst\u00f6tande hinna. Blandningsf\u00f6rh\u00e5llande 1:250\" \/>\n<meta property=\"og:url\" content=\"https:\/\/xenonkungen.com\/dk\/vare\/tershine-purify-s-bilschampo-5-l\/\" \/>\n<meta property=\"og:site_name\" content=\"Xenonkungen\" \/>\n<meta property=\"article:modified_time\" content=\"2026-05-12T13:51:38+00:00\" \/>\n<meta property=\"og:image\" content=\"https:\/\/xenonkungen.com\/wp-content\/uploads\/2026\/03\/nDA3rpbGJdhQ3TqQYwnCBiYoOUwLTXFrUsim8Oqx.webp\" \/>\n\t<meta property=\"og:image:width\" content=\"1024\" \/>\n\t<meta property=\"og:image:height\" content=\"1024\" \/>\n\t<meta property=\"og:image:type\" content=\"image\/webp\" \/>\n<meta name=\"twitter:card\" content=\"summary_large_image\" \/>\n<meta name=\"twitter:label1\" content=\"Estimeret l\u00e6setid\" \/>\n\t<meta name=\"twitter:data1\" content=\"4 minutter\" \/>\n<script type=\"application\/ld+json\" class=\"yoast-schema-graph\">{\"@context\":\"https:\/\/schema.org\",\"@graph\":[{\"@type\":\"WebPage\",\"@id\":\"https:\/\/xenonkungen.com\/produkt\/tershine-purify-s-bilschampo-5-l\/\",\"url\":\"https:\/\/xenonkungen.com\/produkt\/tershine-purify-s-bilschampo-5-l\/\",\"name\":\"Tershine Purify S+ - Bilschampo 5 L - Xenonkungen\",\"isPartOf\":{\"@id\":\"https:\/\/xenonkungen.com\/#website\"},\"primaryImageOfPage\":{\"@id\":\"https:\/\/xenonkungen.com\/produkt\/tershine-purify-s-bilschampo-5-l\/#primaryimage\"},\"image\":{\"@id\":\"https:\/\/xenonkungen.com\/produkt\/tershine-purify-s-bilschampo-5-l\/#primaryimage\"},\"thumbnailUrl\":\"https:\/\/xenonkungen.com\/wp-content\/uploads\/2026\/03\/nDA3rpbGJdhQ3TqQYwnCBiYoOUwLTXFrUsim8Oqx.webp\",\"datePublished\":\"2026-03-16T12:45:14+00:00\",\"dateModified\":\"2026-05-12T13:51:38+00:00\",\"breadcrumb\":{\"@id\":\"https:\/\/xenonkungen.com\/produkt\/tershine-purify-s-bilschampo-5-l\/#breadcrumb\"},\"inLanguage\":\"da-DK\",\"potentialAction\":[{\"@type\":\"ReadAction\",\"target\":[\"https:\/\/xenonkungen.com\/produkt\/tershine-purify-s-bilschampo-5-l\/\"]}]},{\"@type\":\"ImageObject\",\"inLanguage\":\"da-DK\",\"@id\":\"https:\/\/xenonkungen.com\/produkt\/tershine-purify-s-bilschampo-5-l\/#primaryimage\",\"url\":\"https:\/\/xenonkungen.com\/wp-content\/uploads\/2026\/03\/nDA3rpbGJdhQ3TqQYwnCBiYoOUwLTXFrUsim8Oqx.webp\",\"contentUrl\":\"https:\/\/xenonkungen.com\/wp-content\/uploads\/2026\/03\/nDA3rpbGJdhQ3TqQYwnCBiYoOUwLTXFrUsim8Oqx.webp\",\"width\":1024,\"height\":1024},{\"@type\":\"BreadcrumbList\",\"@id\":\"https:\/\/xenonkungen.com\/produkt\/tershine-purify-s-bilschampo-5-l\/#breadcrumb\",\"itemListElement\":[{\"@type\":\"ListItem\",\"position\":1,\"name\":\"Hem\",\"item\":\"https:\/\/xenonkungen.com\/\"},{\"@type\":\"ListItem\",\"position\":2,\"name\":\"Shop\",\"item\":\"https:\/\/xenonkungen.com\/shop\/\"},{\"@type\":\"ListItem\",\"position\":3,\"name\":\"Tershine Purify S+ &#8211; Bilschampo 5 L\"}]},{\"@type\":\"WebSite\",\"@id\":\"https:\/\/xenonkungen.com\/#website\",\"url\":\"https:\/\/xenonkungen.com\/\",\"name\":\"Xenonkungen\",\"description\":\"\",\"potentialAction\":[{\"@type\":\"SearchAction\",\"target\":{\"@type\":\"EntryPoint\",\"urlTemplate\":\"https:\/\/xenonkungen.com\/?s={search_term_string}\"},\"query-input\":{\"@type\":\"PropertyValueSpecification\",\"valueRequired\":true,\"valueName\":\"search_term_string\"}}],\"inLanguage\":\"da-DK\"}]}<\/script>\n<!-- \/ Yoast SEO plugin. -->","yoast_head_json":{"title":"Tershine Purify S+ - Bilshampoo 5 L - Xenon-kongen","robots":{"index":"index","follow":"follow","max-snippet":"max-snippet:-1","max-image-preview":"max-image-preview:large","max-video-preview":"max-video-preview:-1"},"canonical":"https:\/\/xenonkungen.com\/dk\/vare\/tershine-purify-s-bilschampo-5-l\/","og_locale":"da_DK","og_type":"article","og_title":"Tershine Purify S+ - Bilschampo 5 L - Xenonkungen","og_description":"Bilschampo och lackskydd i samma produkt. Reng\u00f6r ytan samt skapar en skyddande, vattenavst\u00f6tande hinna. Blandningsf\u00f6rh\u00e5llande 1:250","og_url":"https:\/\/xenonkungen.com\/dk\/vare\/tershine-purify-s-bilschampo-5-l\/","og_site_name":"Xenonkungen","article_modified_time":"2026-05-12T13:51:38+00:00","og_image":[{"width":1024,"height":1024,"url":"https:\/\/xenonkungen.com\/wp-content\/uploads\/2026\/03\/nDA3rpbGJdhQ3TqQYwnCBiYoOUwLTXFrUsim8Oqx.webp","type":"image\/webp"}],"twitter_card":"summary_large_image","twitter_misc":{"Estimeret l\u00e6setid":"4 minutter"},"schema":{"@context":"https:\/\/schema.org","@graph":[{"@type":"WebPage","@id":"https:\/\/xenonkungen.com\/produkt\/tershine-purify-s-bilschampo-5-l\/","url":"https:\/\/xenonkungen.com\/produkt\/tershine-purify-s-bilschampo-5-l\/","name":"Tershine Purify S+ - Bilshampoo 5 L - Xenon-kongen","isPartOf":{"@id":"https:\/\/xenonkungen.com\/#website"},"primaryImageOfPage":{"@id":"https:\/\/xenonkungen.com\/produkt\/tershine-purify-s-bilschampo-5-l\/#primaryimage"},"image":{"@id":"https:\/\/xenonkungen.com\/produkt\/tershine-purify-s-bilschampo-5-l\/#primaryimage"},"thumbnailUrl":"https:\/\/xenonkungen.com\/wp-content\/uploads\/2026\/03\/nDA3rpbGJdhQ3TqQYwnCBiYoOUwLTXFrUsim8Oqx.webp","datePublished":"2026-03-16T12:45:14+00:00","dateModified":"2026-05-12T13:51:38+00:00","breadcrumb":{"@id":"https:\/\/xenonkungen.com\/produkt\/tershine-purify-s-bilschampo-5-l\/#breadcrumb"},"inLanguage":"da-DK","potentialAction":[{"@type":"ReadAction","target":["https:\/\/xenonkungen.com\/produkt\/tershine-purify-s-bilschampo-5-l\/"]}]},{"@type":"ImageObject","inLanguage":"da-DK","@id":"https:\/\/xenonkungen.com\/produkt\/tershine-purify-s-bilschampo-5-l\/#primaryimage","url":"https:\/\/xenonkungen.com\/wp-content\/uploads\/2026\/03\/nDA3rpbGJdhQ3TqQYwnCBiYoOUwLTXFrUsim8Oqx.webp","contentUrl":"https:\/\/xenonkungen.com\/wp-content\/uploads\/2026\/03\/nDA3rpbGJdhQ3TqQYwnCBiYoOUwLTXFrUsim8Oqx.webp","width":1024,"height":1024},{"@type":"BreadcrumbList","@id":"https:\/\/xenonkungen.com\/produkt\/tershine-purify-s-bilschampo-5-l\/#breadcrumb","itemListElement":[{"@type":"ListItem","position":1,"name":"Hem","item":"https:\/\/xenonkungen.com\/"},{"@type":"ListItem","position":2,"name":"Shop","item":"https:\/\/xenonkungen.com\/shop\/"},{"@type":"ListItem","position":3,"name":"Tershine Purify S+ &#8211; Bilschampo 5 L"}]},{"@type":"WebSite","@id":"https:\/\/xenonkungen.com\/#website","url":"https:\/\/xenonkungen.com\/","name":"Xenonkungen","description":"","potentialAction":[{"@type":"SearchAction","target":{"@type":"EntryPoint","urlTemplate":"https:\/\/xenonkungen.com\/?s={search_term_string}"},"query-input":{"@type":"PropertyValueSpecification","valueRequired":true,"valueName":"search_term_string"}}],"inLanguage":"da-DK"}]}},"taxonomy_info":{"product_brand":[{"value":2893,"label":"Tershine"}],"product_cat":[{"value":2988,"label":"1 | Biltv\u00e4tt"},{"value":2892,"label":"\u00c5terf\u00f6rs\u00e4ljarprodukter"},{"value":2621,"label":"Bilschampo"},{"value":378,"label":"Bilv\u00e5rd"}]},"featured_image_src_large":["https:\/\/xenonkungen.com\/wp-content\/uploads\/2026\/03\/nDA3rpbGJdhQ3TqQYwnCBiYoOUwLTXFrUsim8Oqx.webp",1024,1024,false],"author_info":[],"comment_info":0,"_links":{"self":[{"href":"https:\/\/xenonkungen.com\/dk\/wp-json\/wp\/v2\/product\/27927","targetHints":{"allow":["GET"]}}],"collection":[{"href":"https:\/\/xenonkungen.com\/dk\/wp-json\/wp\/v2\/product"}],"about":[{"href":"https:\/\/xenonkungen.com\/dk\/wp-json\/wp\/v2\/types\/product"}],"replies":[{"embeddable":true,"href":"https:\/\/xenonkungen.com\/dk\/wp-json\/wp\/v2\/comments?post=27927"}],"wp:featuredmedia":[{"embeddable":true,"href":"https:\/\/xenonkungen.com\/dk\/wp-json\/wp\/v2\/media\/27928"}],"wp:attachment":[{"href":"https:\/\/xenonkungen.com\/dk\/wp-json\/wp\/v2\/media?parent=27927"}],"wp:term":[{"taxonomy":"anvandningsomrade","embeddable":true,"href":"https:\/\/xenonkungen.com\/dk\/wp-json\/wp\/v2\/anvandningsomrade?post=27927"},{"taxonomy":"bilmarken","embeddable":true,"href":"https:\/\/xenonkungen.com\/dk\/wp-json\/wp\/v2\/bilmarken?post=27927"},{"taxonomy":"product_brand","embeddable":true,"href":"https:\/\/xenonkungen.com\/dk\/wp-json\/wp\/v2\/product_brand?post=27927"},{"taxonomy":"product_cat","embeddable":true,"href":"https:\/\/xenonkungen.com\/dk\/wp-json\/wp\/v2\/product_cat?post=27927"},{"taxonomy":"product_tag","embeddable":true,"href":"https:\/\/xenonkungen.com\/dk\/wp-json\/wp\/v2\/product_tag?post=27927"}],"curies":[{"name":"wp","href":"https:\/\/api.w.org\/{rel}","templated":true}]}}