{"id":27929,"date":"2026-03-16T13:49:15","date_gmt":"2026-03-16T12:49:15","guid":{"rendered":"https:\/\/xenonkungen.com\/?post_type=product&#038;p=27929"},"modified":"2026-04-24T17:48:23","modified_gmt":"2026-04-24T16:48:23","slug":"tershine-purify-s-bilshampoo-5-l-2","status":"publish","type":"product","link":"https:\/\/xenonkungen.com\/dk\/vare\/tershine-purify-s-bilshampoo-5-l-2\/","title":{"rendered":"Tershine Purify S+ \u2013 Bilshampoo 500 ml"},"content":{"rendered":"<p>Bilshampoo og lakbeskyttelse i \u00e9t. Renser og skaber en vandafvisende film i samme str\u00f8g. Kunne ikke v\u00e6re nemmere! Virker p\u00e5 alle typer k\u00f8ret\u00f8jer s\u00e5som biler, b\u00e5de, campingvogne, autocampere, lastbiler og motorcykler.<\/p>\n<p><strong>Meget nem at bruge<br \/>\nGrusom afstr\u00f8mning<br \/>\nReng\u00f8r og beskytter lakering i \u00e9n omgang<br \/>\nMeget h\u00f8jglans<br \/>\nDejlig duft af \u00e6ble<br \/>\nArbejder i skumlanse<br \/>\nProduktet er produceret uden tils\u00e6tning af per- og polyfluorerede stoffer (PFAS).<\/strong><\/p>\n<p>S\u00e5dan bruger du Purfiy S+ \u2013 Bilshampoo med afl\u00f8b:<\/p>\n<p><strong>1.\u00a0<\/strong>H\u00e6ld en skv\u00e6t i spanden, og eksperimenter gerne med, hvor meget du har brug for. Det varierer fra bil til bil, og produktet har lavere blandingsforhold end vores andre shampooer. Det bliver n\u00e6sten bedre, jo mere du bruger det. Kan ogs\u00e5 p\u00e5f\u00f8res direkte p\u00e5 en handske\/klud og &quot;masseres&quot; ind og derefter skylles af.\u00a0<strong><br \/>\n2.\u00a0<\/strong>L\u00f8sn skummet med h\u00f8jt tryk (gentag om n\u00f8dvendigt)<strong><br \/>\n3.\u00a0<\/strong>Tr\u00e6k vaskehandsken\/mikrofiberkluden i lige str\u00f8g hen over bilens lakering.<strong><br \/>\n4.\u00a0<\/strong>Skyl og t\u00f8r efter med en klud af h\u00f8j kvalitet.<strong><br \/>\n5.\u00a0<\/strong>Nyd den episke glans og afstr\u00f8mning!<\/p>\n<p>Purify S+ er en s\u00e5kaldt keramisk shampoo med en duft af gr\u00f8nt \u00e6ble, der udover reng\u00f8ring giver masser af dejlig blank glans og efterlader en beskyttende film, som er meget vandafvisende! Perfekt til dig, der \u00f8nsker nemt at beskytte k\u00f8ret\u00f8jets lak uden en masse dikkedarer eller at booste eksisterende beskyttelse.<\/p>\n<p dir=\"auto\">Blandingsforhold p\u00e5 1:250-1:500 og fungerer helt fantastisk i en skumpistol. Med andre ord, episk for jer med store k\u00f8ret\u00f8jer som lastbiler, gravemaskiner eller ja selvf\u00f8lgelig for ALLE k\u00f8ret\u00f8jer!<\/p>\n<p dir=\"auto\">Skummet er faktisk helt ok, men desv\u00e6rre er det &quot;kemikaliernes lov&quot;, afstr\u00f8mning reducerer skum! Men det er fint at lufte op i spanden fra tid til anden.<\/p>\n<p dir=\"auto\">Dette er et fantastisk produkt til de tidspunkter, hvor du ikke kan k\u00f8re med spraymalingsbeskyttelse og alle trinene, eller hvis du bare vil bevare din eksisterende beskyttelse, s\u00e5som Magnify - Coating eller Refract - spraymalingsbeskyttelse. Det giver rigtig god dr\u00e6ning, selv p\u00e5 helt d\u00f8d maling, og hvis du allerede har en beskyttelse nedenunder, booster det den meget. Dette er et perfekt produkt, b\u00e5de for begyndere og ogs\u00e5 for os hardcore vaskere, der nogle gange ikke rigtig f\u00f8ler, at de har tid til en p\u00e6n vask med alle trinene. Det er et lille kompromis at have alt i den samme flaske, men dette er virkelig min egen nye favorit, fordi det er s\u00e5 pokkers nemt at bruge og giver et super flot resultat. Fungerer fantastisk p\u00e5 wrap\/ppf og ogs\u00e5 mat maling. Ogs\u00e5 fantastisk p\u00e5 b\u00e5den, autocamperen\/campingvognen, jetskien, ja det virker p\u00e5 mere eller mindre alt.<\/p>\n<p dir=\"auto\">En god ting er, at du absolut ikke beh\u00f8ver at &quot;g\u00e5 i panik&quot;, hvis produktet ikke skylles af med det samme. Med andre ord kan du vaske hele k\u00f8ret\u00f8jet i fred og ro, inden du skyller det af, ligesom vores andre shampooer. Du starter selvf\u00f8lgelig med alle trinene f\u00f8r, s\u00e5som affedtning, f\u00e6lgrens osv. Med andre ord en helt normal vask.<\/p>\n<p dir=\"auto\">Kan med fordel bruges i en skumpistol, som s\u00e6dvanlig er der s\u00e5 mange forskellige faktorer, der spiller ind, s\u00e5 eksperimenter endelig, indtil du f\u00e5r det rigtige blandingsforhold. S\u00f8rg for at reng\u00f8re grundigt, inden du bruger affedtningsmidlerne, og tag derefter et brusebad og lad det tr\u00e6kke i et stykke tid, inden du skyller af.<\/p>\n<p dir=\"auto\">Som en sidste ting kan du faktisk fortynde det med vand og bruge det som en form for v\u00e5dt lag, derefter blande det i en tom flaske og spraye p\u00e5 en ren overflade og skylle af ligesom Refract.<\/p>\n<p dir=\"auto\">Hvis den \u00f8nskede effekt ikke opn\u00e5s, s\u00e5 pr\u00f8v blot at bruge lidt mere produkt. Det lyder vagt, men som beskrevet ovenfor anbefaler vi, at du eksperimenterer, indtil du finder det forhold, der passer dig bedst. Undg\u00e5 direkte sollys, og opbevar produktet et m\u00f8rkt og frostfrit sted.<\/p>\n<p dir=\"auto\"><strong>Duft:<\/strong>\u00a0Gr\u00f8nt \u00e6ble<\/p>\n<p dir=\"auto\">Opbevares frostfrit.<\/p>","protected":false},"excerpt":{"rendered":"<p>Bilshampoo og lakbeskyttelse i \u00e9t produkt. Renser overfladen og skaber en beskyttende, vandafvisende film og masser af flot glans.<\/p>","protected":false},"featured_media":27930,"comment_status":"open","ping_status":"closed","template":"","meta":{"_acf_changed":false,"_smort_price_nok":"","_smort_price_dkk":"","_smort_price_eur":"","_smort_sale_price_nok":"","_smort_sale_price_dkk":"","_smort_sale_price_eur":"","smort_restorder":"","shipmondo_restorder":"","_kad_blocks_custom_css":"","_kad_blocks_head_custom_js":"","_kad_blocks_body_custom_js":"","_kad_blocks_footer_custom_js":"","smort_custom_pricelist_1":"159.36","smort_custom_pricelist_2":"159.36","smort_custom_pricelist_3":"159.36","smort_custom_pricelist_4":"199.2","smort_custom_pricelist_5":"159.36"},"anvandningsomrade":[],"bilmarken":[],"product_brand":[2893],"product_cat":[2988,2614,2892,2621,378],"product_tag":[],"class_list":{"0":"post-27929","1":"product","2":"type-product","3":"status-publish","4":"has-post-thumbnail","6":"product_brand-tershine","7":"product_cat-biltvatt","8":"product_cat-lackskydd","9":"product_cat-retail-produkter","10":"product_cat-bilschampo","11":"product_cat-bilvard","13":"first","14":"instock","15":"taxable","16":"shipping-taxable","17":"purchasable","18":"product-type-simple"},"bundled_by":[],"bundle_stock_status":"instock","bundle_stock_quantity":7,"bundle_virtual":false,"bundle_layout":"","bundle_add_to_cart_form_location":"","bundle_editable_in_cart":false,"bundle_sold_individually_context":"","bundle_item_grouping":"","bundle_min_size":"","bundle_max_size":"","bundle_price":[],"bundled_items":[],"bundle_sell_ids":[],"acf":[],"yoast_head":"<!-- This site is optimized with the Yoast SEO plugin v27.0 - https:\/\/yoast.com\/product\/yoast-seo-wordpress\/ -->\n<title>Tershine Purify S+ - Bilschampo 500 ml - Xenonkungen<\/title>\n<meta name=\"robots\" content=\"index, follow, max-snippet:-1, max-image-preview:large, max-video-preview:-1\" \/>\n<link rel=\"canonical\" href=\"https:\/\/xenonkungen.com\/dk\/vare\/tershine-purify-s-bilshampoo-5-l-2\/\" \/>\n<meta property=\"og:locale\" content=\"da_DK\" \/>\n<meta property=\"og:type\" content=\"article\" \/>\n<meta property=\"og:title\" content=\"Tershine Purify S+ - Bilschampo 500 ml - Xenonkungen\" \/>\n<meta property=\"og:description\" content=\"Bilschampo och lackskydd i samma produkt. Reng\u00f6r ytan samt skapar en skyddande, vattenavst\u00f6tande hinna och massvis av h\u00e4rlig glans.\" \/>\n<meta property=\"og:url\" content=\"https:\/\/xenonkungen.com\/dk\/vare\/tershine-purify-s-bilshampoo-5-l-2\/\" \/>\n<meta property=\"og:site_name\" content=\"Xenonkungen\" \/>\n<meta property=\"article:modified_time\" content=\"2026-04-24T16:48:23+00:00\" \/>\n<meta property=\"og:image\" content=\"https:\/\/xenonkungen.com\/wp-content\/uploads\/2026\/03\/Kr0fcQTujet4bLXa2lz0DEF0N19taHKZLT7zhzd8.webp\" \/>\n\t<meta property=\"og:image:width\" content=\"1024\" \/>\n\t<meta property=\"og:image:height\" content=\"1024\" \/>\n\t<meta property=\"og:image:type\" content=\"image\/webp\" \/>\n<meta name=\"twitter:card\" content=\"summary_large_image\" \/>\n<meta name=\"twitter:label1\" content=\"Estimeret l\u00e6setid\" \/>\n\t<meta name=\"twitter:data1\" content=\"4 minutter\" \/>\n<script type=\"application\/ld+json\" class=\"yoast-schema-graph\">{\"@context\":\"https:\/\/schema.org\",\"@graph\":[{\"@type\":\"WebPage\",\"@id\":\"https:\/\/xenonkungen.com\/produkt\/tershine-purify-s-bilschampo-5-l-2\/\",\"url\":\"https:\/\/xenonkungen.com\/produkt\/tershine-purify-s-bilschampo-5-l-2\/\",\"name\":\"Tershine Purify S+ - Bilschampo 500 ml - Xenonkungen\",\"isPartOf\":{\"@id\":\"https:\/\/xenonkungen.com\/#website\"},\"primaryImageOfPage\":{\"@id\":\"https:\/\/xenonkungen.com\/produkt\/tershine-purify-s-bilschampo-5-l-2\/#primaryimage\"},\"image\":{\"@id\":\"https:\/\/xenonkungen.com\/produkt\/tershine-purify-s-bilschampo-5-l-2\/#primaryimage\"},\"thumbnailUrl\":\"https:\/\/xenonkungen.com\/wp-content\/uploads\/2026\/03\/Kr0fcQTujet4bLXa2lz0DEF0N19taHKZLT7zhzd8.webp\",\"datePublished\":\"2026-03-16T12:49:15+00:00\",\"dateModified\":\"2026-04-24T16:48:23+00:00\",\"breadcrumb\":{\"@id\":\"https:\/\/xenonkungen.com\/produkt\/tershine-purify-s-bilschampo-5-l-2\/#breadcrumb\"},\"inLanguage\":\"da-DK\",\"potentialAction\":[{\"@type\":\"ReadAction\",\"target\":[\"https:\/\/xenonkungen.com\/produkt\/tershine-purify-s-bilschampo-5-l-2\/\"]}]},{\"@type\":\"ImageObject\",\"inLanguage\":\"da-DK\",\"@id\":\"https:\/\/xenonkungen.com\/produkt\/tershine-purify-s-bilschampo-5-l-2\/#primaryimage\",\"url\":\"https:\/\/xenonkungen.com\/wp-content\/uploads\/2026\/03\/Kr0fcQTujet4bLXa2lz0DEF0N19taHKZLT7zhzd8.webp\",\"contentUrl\":\"https:\/\/xenonkungen.com\/wp-content\/uploads\/2026\/03\/Kr0fcQTujet4bLXa2lz0DEF0N19taHKZLT7zhzd8.webp\",\"width\":1024,\"height\":1024},{\"@type\":\"BreadcrumbList\",\"@id\":\"https:\/\/xenonkungen.com\/produkt\/tershine-purify-s-bilschampo-5-l-2\/#breadcrumb\",\"itemListElement\":[{\"@type\":\"ListItem\",\"position\":1,\"name\":\"Hem\",\"item\":\"https:\/\/xenonkungen.com\/\"},{\"@type\":\"ListItem\",\"position\":2,\"name\":\"Shop\",\"item\":\"https:\/\/xenonkungen.com\/shop\/\"},{\"@type\":\"ListItem\",\"position\":3,\"name\":\"Tershine Purify S+ &#8211; Bilschampo 500 ml\"}]},{\"@type\":\"WebSite\",\"@id\":\"https:\/\/xenonkungen.com\/#website\",\"url\":\"https:\/\/xenonkungen.com\/\",\"name\":\"Xenonkungen\",\"description\":\"\",\"potentialAction\":[{\"@type\":\"SearchAction\",\"target\":{\"@type\":\"EntryPoint\",\"urlTemplate\":\"https:\/\/xenonkungen.com\/?s={search_term_string}\"},\"query-input\":{\"@type\":\"PropertyValueSpecification\",\"valueRequired\":true,\"valueName\":\"search_term_string\"}}],\"inLanguage\":\"da-DK\"}]}<\/script>\n<!-- \/ Yoast SEO plugin. -->","yoast_head_json":{"title":"Tershine Purify S+ - Bilschampo 500 ml - Xenonkungen","robots":{"index":"index","follow":"follow","max-snippet":"max-snippet:-1","max-image-preview":"max-image-preview:large","max-video-preview":"max-video-preview:-1"},"canonical":"https:\/\/xenonkungen.com\/dk\/vare\/tershine-purify-s-bilshampoo-5-l-2\/","og_locale":"da_DK","og_type":"article","og_title":"Tershine Purify S+ - Bilschampo 500 ml - Xenonkungen","og_description":"Bilschampo och lackskydd i samma produkt. Reng\u00f6r ytan samt skapar en skyddande, vattenavst\u00f6tande hinna och massvis av h\u00e4rlig glans.","og_url":"https:\/\/xenonkungen.com\/dk\/vare\/tershine-purify-s-bilshampoo-5-l-2\/","og_site_name":"Xenonkungen","article_modified_time":"2026-04-24T16:48:23+00:00","og_image":[{"width":1024,"height":1024,"url":"https:\/\/xenonkungen.com\/wp-content\/uploads\/2026\/03\/Kr0fcQTujet4bLXa2lz0DEF0N19taHKZLT7zhzd8.webp","type":"image\/webp"}],"twitter_card":"summary_large_image","twitter_misc":{"Estimeret l\u00e6setid":"4 minutter"},"schema":{"@context":"https:\/\/schema.org","@graph":[{"@type":"WebPage","@id":"https:\/\/xenonkungen.com\/produkt\/tershine-purify-s-bilschampo-5-l-2\/","url":"https:\/\/xenonkungen.com\/produkt\/tershine-purify-s-bilschampo-5-l-2\/","name":"Tershine Purify S+ - Bilschampo 500 ml - Xenonkungen","isPartOf":{"@id":"https:\/\/xenonkungen.com\/#website"},"primaryImageOfPage":{"@id":"https:\/\/xenonkungen.com\/produkt\/tershine-purify-s-bilschampo-5-l-2\/#primaryimage"},"image":{"@id":"https:\/\/xenonkungen.com\/produkt\/tershine-purify-s-bilschampo-5-l-2\/#primaryimage"},"thumbnailUrl":"https:\/\/xenonkungen.com\/wp-content\/uploads\/2026\/03\/Kr0fcQTujet4bLXa2lz0DEF0N19taHKZLT7zhzd8.webp","datePublished":"2026-03-16T12:49:15+00:00","dateModified":"2026-04-24T16:48:23+00:00","breadcrumb":{"@id":"https:\/\/xenonkungen.com\/produkt\/tershine-purify-s-bilschampo-5-l-2\/#breadcrumb"},"inLanguage":"da-DK","potentialAction":[{"@type":"ReadAction","target":["https:\/\/xenonkungen.com\/produkt\/tershine-purify-s-bilschampo-5-l-2\/"]}]},{"@type":"ImageObject","inLanguage":"da-DK","@id":"https:\/\/xenonkungen.com\/produkt\/tershine-purify-s-bilschampo-5-l-2\/#primaryimage","url":"https:\/\/xenonkungen.com\/wp-content\/uploads\/2026\/03\/Kr0fcQTujet4bLXa2lz0DEF0N19taHKZLT7zhzd8.webp","contentUrl":"https:\/\/xenonkungen.com\/wp-content\/uploads\/2026\/03\/Kr0fcQTujet4bLXa2lz0DEF0N19taHKZLT7zhzd8.webp","width":1024,"height":1024},{"@type":"BreadcrumbList","@id":"https:\/\/xenonkungen.com\/produkt\/tershine-purify-s-bilschampo-5-l-2\/#breadcrumb","itemListElement":[{"@type":"ListItem","position":1,"name":"Hem","item":"https:\/\/xenonkungen.com\/"},{"@type":"ListItem","position":2,"name":"Shop","item":"https:\/\/xenonkungen.com\/shop\/"},{"@type":"ListItem","position":3,"name":"Tershine Purify S+ &#8211; Bilschampo 500 ml"}]},{"@type":"WebSite","@id":"https:\/\/xenonkungen.com\/#website","url":"https:\/\/xenonkungen.com\/","name":"Xenonkungen","description":"","potentialAction":[{"@type":"SearchAction","target":{"@type":"EntryPoint","urlTemplate":"https:\/\/xenonkungen.com\/?s={search_term_string}"},"query-input":{"@type":"PropertyValueSpecification","valueRequired":true,"valueName":"search_term_string"}}],"inLanguage":"da-DK"}]}},"taxonomy_info":{"product_brand":[{"value":2893,"label":"Tershine"}],"product_cat":[{"value":2988,"label":"1 | Biltv\u00e4tt"},{"value":2614,"label":"4 | Bilvax &amp; Lackskydd"},{"value":2892,"label":"\u00c5terf\u00f6rs\u00e4ljarprodukter"},{"value":2621,"label":"Bilschampo"},{"value":378,"label":"Bilv\u00e5rd"}]},"featured_image_src_large":["https:\/\/xenonkungen.com\/wp-content\/uploads\/2026\/03\/Kr0fcQTujet4bLXa2lz0DEF0N19taHKZLT7zhzd8.webp",1024,1024,false],"author_info":[],"comment_info":0,"_links":{"self":[{"href":"https:\/\/xenonkungen.com\/dk\/wp-json\/wp\/v2\/product\/27929","targetHints":{"allow":["GET"]}}],"collection":[{"href":"https:\/\/xenonkungen.com\/dk\/wp-json\/wp\/v2\/product"}],"about":[{"href":"https:\/\/xenonkungen.com\/dk\/wp-json\/wp\/v2\/types\/product"}],"replies":[{"embeddable":true,"href":"https:\/\/xenonkungen.com\/dk\/wp-json\/wp\/v2\/comments?post=27929"}],"wp:featuredmedia":[{"embeddable":true,"href":"https:\/\/xenonkungen.com\/dk\/wp-json\/wp\/v2\/media\/27930"}],"wp:attachment":[{"href":"https:\/\/xenonkungen.com\/dk\/wp-json\/wp\/v2\/media?parent=27929"}],"wp:term":[{"taxonomy":"anvandningsomrade","embeddable":true,"href":"https:\/\/xenonkungen.com\/dk\/wp-json\/wp\/v2\/anvandningsomrade?post=27929"},{"taxonomy":"bilmarken","embeddable":true,"href":"https:\/\/xenonkungen.com\/dk\/wp-json\/wp\/v2\/bilmarken?post=27929"},{"taxonomy":"product_brand","embeddable":true,"href":"https:\/\/xenonkungen.com\/dk\/wp-json\/wp\/v2\/product_brand?post=27929"},{"taxonomy":"product_cat","embeddable":true,"href":"https:\/\/xenonkungen.com\/dk\/wp-json\/wp\/v2\/product_cat?post=27929"},{"taxonomy":"product_tag","embeddable":true,"href":"https:\/\/xenonkungen.com\/dk\/wp-json\/wp\/v2\/product_tag?post=27929"}],"curies":[{"name":"wp","href":"https:\/\/api.w.org\/{rel}","templated":true}]}}