{"id":27938,"date":"2026-03-16T13:56:34","date_gmt":"2026-03-16T12:56:34","guid":{"rendered":"https:\/\/xenonkungen.com\/?post_type=product&#038;p=27938"},"modified":"2026-05-12T14:36:01","modified_gmt":"2026-05-12T13:36:01","slug":"tershine-raffineret-plasttagglans-500-ml","status":"publish","type":"product","link":"https:\/\/xenonkungen.com\/dk\/vare\/tershine-raffineret-plasttagglans-500-ml\/","title":{"rendered":"Tershine Raffineret \u2013 Plastik &amp; Glans 500 ml"},"content":{"rendered":"<p>Langtidsholdbar d\u00e6k- og plastikglans, der genskaber alle gummi- og plastikdele til ny stand. Efterlader ogs\u00e5 en beskyttende film, der beskytter mod elementerne.<\/p>\n<p>Virker p\u00e5 d\u00e6k, plastik og gummi<br \/>\nSkaber en beskyttende og smudsafvisende overflade<br \/>\nMange anvendelsesomr\u00e5der<br \/>\nLang holdbarhed<br \/>\nNem at anvende<br \/>\nEfterlader en satin- eller h\u00f8jglansfinish afh\u00e6ngigt af hvordan den t\u00f8rrer.<br \/>\nPerfekt til sm\u00f8ring af d\u00f8rbekl\u00e6dninger om vinteren<br \/>\nProduktet er ikke klassificeret som m\u00e6rkningspligtigt i henhold til CLP-forordning (EF) 1272\/2008.<\/p>\n<p><strong>S\u00e5dan bruges<\/strong><strong>\u00a0Raffineret \u2013 Plastik og glans<\/strong><\/p>\n<p>1.\u00a0Reng\u00f6r ytan (med exempelvis Extract &#8211; Alkalisk avfettning eller APC &#8211; Allreng\u00f6ring)<br \/>\n<strong>2.\u00a0<\/strong>P\u00e5f\u00f8r med en hvilken som helst skumpude<br \/>\n<strong>3.\u00a0<\/strong>Lad t\u00f8rre.<br \/>\n<strong>4.\u00a0<\/strong>T\u00f8r overskydende fedt af med en ren MF-klud.<br \/>\n<strong>5.\u00a0<\/strong>Det er da sikkert godt?<\/p>\n<p>Giver en halvblank finish, der f\u00e5r den til at se flot og frisk ud uden dikkedarer!<\/p>\n<p>Produktet er prim\u00e6rt designet til at restaurere d\u00e6ksider, men fungerer faktisk lige s\u00e5 godt p\u00e5 plastikdele, motorrum, gummilister osv. Vi har valgt at have det i en lettere gelform, s\u00e5 det nemt kan komme ind i alle samlinger og kanter, og er nemt at p\u00e5f\u00f8re! Det fungerer ogs\u00e5 at p\u00e5f\u00f8re p\u00e5 fugtige eller v\u00e5de overflader!<\/p>\n<p>ps. hvis du \u00f8nsker et mere v\u00e5dt look, kan flere lag p\u00e5f\u00f8res!<\/p>\n<p>Ydeevnen af en plastik- og d\u00e6kpolering (uanset m\u00e6rke) afh\u00e6nger ofte af det involverede arbejde. S\u00f8rg for at reng\u00f8re d\u00e6kket f\u00f8rst, skrubbe det med en b\u00f8rste eller pensel sammen med ekstrakt \u2013 alkalisk affedtning. Skyl grundigt og t\u00f8r af, du vil blive gladere af det.<\/p>\n<p><em>Opbevares frostfrit.<\/em><\/p>","protected":false},"excerpt":{"rendered":"<p>Plastikbehandling, der genskaber glans og sorthed i \u00e9t str\u00f8g p\u00e5 d\u00e6ksider eller plastikdele. Giver en satinsort finish og skaber en smudsafvisende overflade.<\/p>","protected":false},"featured_media":27939,"comment_status":"open","ping_status":"closed","template":"","meta":{"_acf_changed":false,"_smort_price_nok":"","_smort_price_dkk":"","_smort_price_eur":"","_smort_sale_price_nok":"","_smort_sale_price_dkk":"","_smort_sale_price_eur":"","smort_restorder":"","shipmondo_restorder":"","_kad_blocks_custom_css":"","_kad_blocks_head_custom_js":"","_kad_blocks_body_custom_js":"","_kad_blocks_footer_custom_js":"","smort_custom_pricelist_1":"127.36","smort_custom_pricelist_2":"127.36","smort_custom_pricelist_3":"127.36","smort_custom_pricelist_4":"159.2","smort_custom_pricelist_5":"127.36"},"anvandningsomrade":[],"bilmarken":[],"product_brand":[2893],"product_cat":[2988,2892,378],"product_tag":[],"class_list":{"0":"post-27938","1":"product","2":"type-product","3":"status-publish","4":"has-post-thumbnail","6":"product_brand-tershine","7":"product_cat-biltvatt","8":"product_cat-retail-produkter","9":"product_cat-bilvard","11":"first","12":"onbackorder","13":"taxable","14":"shipping-taxable","15":"purchasable","16":"product-type-simple"},"bundled_by":[],"bundle_stock_status":"onbackorder","bundle_stock_quantity":0,"bundle_virtual":false,"bundle_layout":"","bundle_add_to_cart_form_location":"","bundle_editable_in_cart":false,"bundle_sold_individually_context":"","bundle_item_grouping":"","bundle_min_size":"","bundle_max_size":"","bundle_price":[],"bundled_items":[],"bundle_sell_ids":[],"acf":[],"yoast_head":"<!-- This site is optimized with the Yoast SEO plugin v27.0 - https:\/\/yoast.com\/product\/yoast-seo-wordpress\/ -->\n<title>Tershine Refined - Plast &amp; D\u00e4ckglans 500 ml - Xenonkungen<\/title>\n<meta name=\"robots\" content=\"index, follow, max-snippet:-1, max-image-preview:large, max-video-preview:-1\" \/>\n<link rel=\"canonical\" href=\"https:\/\/xenonkungen.com\/dk\/vare\/tershine-raffineret-plasttagglans-500-ml\/\" \/>\n<meta property=\"og:locale\" content=\"da_DK\" \/>\n<meta property=\"og:type\" content=\"article\" \/>\n<meta property=\"og:title\" content=\"Tershine Refined - Plast &amp; D\u00e4ckglans 500 ml - Xenonkungen\" \/>\n<meta property=\"og:description\" content=\"Plastbehandling som \u00e5terst\u00e4ller glansen och sv\u00e4rtan i ett drag p\u00e5 d\u00e4cksidor eller plastdetaljer. Ger en satinsvart finish och skapar en smutsavisande yta.\" \/>\n<meta property=\"og:url\" content=\"https:\/\/xenonkungen.com\/dk\/vare\/tershine-raffineret-plasttagglans-500-ml\/\" \/>\n<meta property=\"og:site_name\" content=\"Xenonkungen\" \/>\n<meta property=\"article:modified_time\" content=\"2026-05-12T13:36:01+00:00\" \/>\n<meta property=\"og:image\" content=\"https:\/\/xenonkungen.com\/wp-content\/uploads\/2026\/03\/VspTXuC1rIGIc2PyEQZXhvGW1qYf9cA5OJqy1FLG.webp\" \/>\n\t<meta property=\"og:image:width\" content=\"1024\" \/>\n\t<meta property=\"og:image:height\" content=\"1024\" \/>\n\t<meta property=\"og:image:type\" content=\"image\/webp\" \/>\n<meta name=\"twitter:card\" content=\"summary_large_image\" \/>\n<meta name=\"twitter:label1\" content=\"Estimeret l\u00e6setid\" \/>\n\t<meta name=\"twitter:data1\" content=\"2 minutter\" \/>\n<script type=\"application\/ld+json\" class=\"yoast-schema-graph\">{\"@context\":\"https:\/\/schema.org\",\"@graph\":[{\"@type\":\"WebPage\",\"@id\":\"https:\/\/xenonkungen.com\/produkt\/tershine-refined-plast-dackglans-500-ml\/\",\"url\":\"https:\/\/xenonkungen.com\/produkt\/tershine-refined-plast-dackglans-500-ml\/\",\"name\":\"Tershine Refined - Plast & D\u00e4ckglans 500 ml - Xenonkungen\",\"isPartOf\":{\"@id\":\"https:\/\/xenonkungen.com\/#website\"},\"primaryImageOfPage\":{\"@id\":\"https:\/\/xenonkungen.com\/produkt\/tershine-refined-plast-dackglans-500-ml\/#primaryimage\"},\"image\":{\"@id\":\"https:\/\/xenonkungen.com\/produkt\/tershine-refined-plast-dackglans-500-ml\/#primaryimage\"},\"thumbnailUrl\":\"https:\/\/xenonkungen.com\/wp-content\/uploads\/2026\/03\/VspTXuC1rIGIc2PyEQZXhvGW1qYf9cA5OJqy1FLG.webp\",\"datePublished\":\"2026-03-16T12:56:34+00:00\",\"dateModified\":\"2026-05-12T13:36:01+00:00\",\"breadcrumb\":{\"@id\":\"https:\/\/xenonkungen.com\/produkt\/tershine-refined-plast-dackglans-500-ml\/#breadcrumb\"},\"inLanguage\":\"da-DK\",\"potentialAction\":[{\"@type\":\"ReadAction\",\"target\":[\"https:\/\/xenonkungen.com\/produkt\/tershine-refined-plast-dackglans-500-ml\/\"]}]},{\"@type\":\"ImageObject\",\"inLanguage\":\"da-DK\",\"@id\":\"https:\/\/xenonkungen.com\/produkt\/tershine-refined-plast-dackglans-500-ml\/#primaryimage\",\"url\":\"https:\/\/xenonkungen.com\/wp-content\/uploads\/2026\/03\/VspTXuC1rIGIc2PyEQZXhvGW1qYf9cA5OJqy1FLG.webp\",\"contentUrl\":\"https:\/\/xenonkungen.com\/wp-content\/uploads\/2026\/03\/VspTXuC1rIGIc2PyEQZXhvGW1qYf9cA5OJqy1FLG.webp\",\"width\":1024,\"height\":1024},{\"@type\":\"BreadcrumbList\",\"@id\":\"https:\/\/xenonkungen.com\/produkt\/tershine-refined-plast-dackglans-500-ml\/#breadcrumb\",\"itemListElement\":[{\"@type\":\"ListItem\",\"position\":1,\"name\":\"Hem\",\"item\":\"https:\/\/xenonkungen.com\/\"},{\"@type\":\"ListItem\",\"position\":2,\"name\":\"Shop\",\"item\":\"https:\/\/xenonkungen.com\/shop\/\"},{\"@type\":\"ListItem\",\"position\":3,\"name\":\"Tershine Refined &#8211; Plast &#038; D\u00e4ckglans 500 ml\"}]},{\"@type\":\"WebSite\",\"@id\":\"https:\/\/xenonkungen.com\/#website\",\"url\":\"https:\/\/xenonkungen.com\/\",\"name\":\"Xenonkungen\",\"description\":\"\",\"potentialAction\":[{\"@type\":\"SearchAction\",\"target\":{\"@type\":\"EntryPoint\",\"urlTemplate\":\"https:\/\/xenonkungen.com\/?s={search_term_string}\"},\"query-input\":{\"@type\":\"PropertyValueSpecification\",\"valueRequired\":true,\"valueName\":\"search_term_string\"}}],\"inLanguage\":\"da-DK\"}]}<\/script>\n<!-- \/ Yoast SEO plugin. -->","yoast_head_json":{"title":"Tershine Refined - Plast &amp; D\u00e6kglans 500 ml - Xenon Kongen","robots":{"index":"index","follow":"follow","max-snippet":"max-snippet:-1","max-image-preview":"max-image-preview:large","max-video-preview":"max-video-preview:-1"},"canonical":"https:\/\/xenonkungen.com\/dk\/vare\/tershine-raffineret-plasttagglans-500-ml\/","og_locale":"da_DK","og_type":"article","og_title":"Tershine Refined - Plast & D\u00e4ckglans 500 ml - Xenonkungen","og_description":"Plastbehandling som \u00e5terst\u00e4ller glansen och sv\u00e4rtan i ett drag p\u00e5 d\u00e4cksidor eller plastdetaljer. Ger en satinsvart finish och skapar en smutsavisande yta.","og_url":"https:\/\/xenonkungen.com\/dk\/vare\/tershine-raffineret-plasttagglans-500-ml\/","og_site_name":"Xenonkungen","article_modified_time":"2026-05-12T13:36:01+00:00","og_image":[{"width":1024,"height":1024,"url":"https:\/\/xenonkungen.com\/wp-content\/uploads\/2026\/03\/VspTXuC1rIGIc2PyEQZXhvGW1qYf9cA5OJqy1FLG.webp","type":"image\/webp"}],"twitter_card":"summary_large_image","twitter_misc":{"Estimeret l\u00e6setid":"2 minutter"},"schema":{"@context":"https:\/\/schema.org","@graph":[{"@type":"WebPage","@id":"https:\/\/xenonkungen.com\/produkt\/tershine-refined-plast-dackglans-500-ml\/","url":"https:\/\/xenonkungen.com\/produkt\/tershine-refined-plast-dackglans-500-ml\/","name":"Tershine Refined - Plast &amp; D\u00e6kglans 500 ml - Xenon Kongen","isPartOf":{"@id":"https:\/\/xenonkungen.com\/#website"},"primaryImageOfPage":{"@id":"https:\/\/xenonkungen.com\/produkt\/tershine-refined-plast-dackglans-500-ml\/#primaryimage"},"image":{"@id":"https:\/\/xenonkungen.com\/produkt\/tershine-refined-plast-dackglans-500-ml\/#primaryimage"},"thumbnailUrl":"https:\/\/xenonkungen.com\/wp-content\/uploads\/2026\/03\/VspTXuC1rIGIc2PyEQZXhvGW1qYf9cA5OJqy1FLG.webp","datePublished":"2026-03-16T12:56:34+00:00","dateModified":"2026-05-12T13:36:01+00:00","breadcrumb":{"@id":"https:\/\/xenonkungen.com\/produkt\/tershine-refined-plast-dackglans-500-ml\/#breadcrumb"},"inLanguage":"da-DK","potentialAction":[{"@type":"ReadAction","target":["https:\/\/xenonkungen.com\/produkt\/tershine-refined-plast-dackglans-500-ml\/"]}]},{"@type":"ImageObject","inLanguage":"da-DK","@id":"https:\/\/xenonkungen.com\/produkt\/tershine-refined-plast-dackglans-500-ml\/#primaryimage","url":"https:\/\/xenonkungen.com\/wp-content\/uploads\/2026\/03\/VspTXuC1rIGIc2PyEQZXhvGW1qYf9cA5OJqy1FLG.webp","contentUrl":"https:\/\/xenonkungen.com\/wp-content\/uploads\/2026\/03\/VspTXuC1rIGIc2PyEQZXhvGW1qYf9cA5OJqy1FLG.webp","width":1024,"height":1024},{"@type":"BreadcrumbList","@id":"https:\/\/xenonkungen.com\/produkt\/tershine-refined-plast-dackglans-500-ml\/#breadcrumb","itemListElement":[{"@type":"ListItem","position":1,"name":"Hem","item":"https:\/\/xenonkungen.com\/"},{"@type":"ListItem","position":2,"name":"Shop","item":"https:\/\/xenonkungen.com\/shop\/"},{"@type":"ListItem","position":3,"name":"Tershine Refined &#8211; Plast &#038; D\u00e4ckglans 500 ml"}]},{"@type":"WebSite","@id":"https:\/\/xenonkungen.com\/#website","url":"https:\/\/xenonkungen.com\/","name":"Xenonkungen","description":"","potentialAction":[{"@type":"SearchAction","target":{"@type":"EntryPoint","urlTemplate":"https:\/\/xenonkungen.com\/?s={search_term_string}"},"query-input":{"@type":"PropertyValueSpecification","valueRequired":true,"valueName":"search_term_string"}}],"inLanguage":"da-DK"}]}},"taxonomy_info":{"product_brand":[{"value":2893,"label":"Tershine"}],"product_cat":[{"value":2988,"label":"1 | Biltv\u00e4tt"},{"value":2892,"label":"\u00c5terf\u00f6rs\u00e4ljarprodukter"},{"value":378,"label":"Bilv\u00e5rd"}]},"featured_image_src_large":["https:\/\/xenonkungen.com\/wp-content\/uploads\/2026\/03\/VspTXuC1rIGIc2PyEQZXhvGW1qYf9cA5OJqy1FLG.webp",1024,1024,false],"author_info":[],"comment_info":0,"_links":{"self":[{"href":"https:\/\/xenonkungen.com\/dk\/wp-json\/wp\/v2\/product\/27938","targetHints":{"allow":["GET"]}}],"collection":[{"href":"https:\/\/xenonkungen.com\/dk\/wp-json\/wp\/v2\/product"}],"about":[{"href":"https:\/\/xenonkungen.com\/dk\/wp-json\/wp\/v2\/types\/product"}],"replies":[{"embeddable":true,"href":"https:\/\/xenonkungen.com\/dk\/wp-json\/wp\/v2\/comments?post=27938"}],"wp:featuredmedia":[{"embeddable":true,"href":"https:\/\/xenonkungen.com\/dk\/wp-json\/wp\/v2\/media\/27939"}],"wp:attachment":[{"href":"https:\/\/xenonkungen.com\/dk\/wp-json\/wp\/v2\/media?parent=27938"}],"wp:term":[{"taxonomy":"anvandningsomrade","embeddable":true,"href":"https:\/\/xenonkungen.com\/dk\/wp-json\/wp\/v2\/anvandningsomrade?post=27938"},{"taxonomy":"bilmarken","embeddable":true,"href":"https:\/\/xenonkungen.com\/dk\/wp-json\/wp\/v2\/bilmarken?post=27938"},{"taxonomy":"product_brand","embeddable":true,"href":"https:\/\/xenonkungen.com\/dk\/wp-json\/wp\/v2\/product_brand?post=27938"},{"taxonomy":"product_cat","embeddable":true,"href":"https:\/\/xenonkungen.com\/dk\/wp-json\/wp\/v2\/product_cat?post=27938"},{"taxonomy":"product_tag","embeddable":true,"href":"https:\/\/xenonkungen.com\/dk\/wp-json\/wp\/v2\/product_tag?post=27938"}],"curies":[{"name":"wp","href":"https:\/\/api.w.org\/{rel}","templated":true}]}}