{"id":27940,"date":"2026-03-16T14:03:14","date_gmt":"2026-03-16T13:03:14","guid":{"rendered":"https:\/\/xenonkungen.com\/?post_type=product&#038;p=27940"},"modified":"2026-04-24T17:48:36","modified_gmt":"2026-04-24T16:48:36","slug":"tershine-refract-keramisk-spraymalingsbeskyttelse-500-ml-v4","status":"publish","type":"product","link":"https:\/\/xenonkungen.com\/dk\/vare\/tershine-refract-keramisk-spraymalingsbeskyttelse-500-ml-v4\/","title":{"rendered":"Tershine Refract \u2013 Keramisk spraymalingsbeskyttelse 500 ml V4"},"content":{"rendered":"<p><span style=\"color: #050505; font-family: Helvetica;\">Refract \u2013 Keramisk Spraymalingsbeskyttelse V4 er den nyeste generation af keramisk spraymalingsbeskyttelse, der giver fantastisk glans og beskyttelse. Meget nem at p\u00e5f\u00f8re og giver en super hydrofob overflade samt god beskyttelse mod vejr og vind.\u00a0<\/span><\/p>\n<p>Fantastisk spraymalingsbeskyttelse, der er ekstremt nem at p\u00e5f\u00f8re og virker p\u00e5 alle typer k\u00f8ret\u00f8jer. Efterlader et beskyttende lag med enorm vandafstr\u00f8mning, ekstremt h\u00f8j glans. Kan p\u00e5f\u00f8res i flere lag, hvis det \u00f8nskes.<\/p>\n<p><strong>Skaber fantastisk glans og afl\u00f8b<br \/>\nLangvarig beskyttelse\u00a0<\/strong><br \/>\n<strong>Meget nem at anvende<br \/>\nH\u00e6rder meget hurtigt<br \/>\nMeget god<br \/>\nKan fortyndes op til 1:10<br \/>\nPiktogramfri<br \/>\nAntistatisk<br \/>\n<\/strong><br \/>\n<strong>S\u00e5dan bruger du Refract \u2013 Keramisk Spraymalingsbeskyttelse v4:\u00a0<\/strong><\/p>\n<p><strong>1.<\/strong><span style=\"color: #050505; font-family: Helvetica;\"><span class=\"Apple-converted-space\">\u00a0<\/span>Vask bilen med en shampoo efter eget valg, s\u00e5som Purify eller Purify S \u2013 Car Shampoo.<\/span><br \/>\n<strong>2.<\/strong><span style=\"color: #050505; font-family: Helvetica;\"><span class=\"Apple-converted-space\">\u00a0<\/span>T\u00f8r bilen med en af vores t\u00f8rreklude.<\/span><br \/>\n<strong>3.<\/strong><span style=\"color: #050505; font-family: Helvetica;\"><span class=\"Apple-converted-space\">\u00a0<\/span>P\u00e5f\u00f8r Refract med et par vandspr\u00f8jt p\u00e5 en mikrofiberklud og fordel den, \u00e9t panel ad gangen. Vend kluden om og pol\u00e9r den af. Det er bedst at bruge to klude, en til at p\u00e5f\u00f8re og en til at t\u00f8rre af.<\/span><br \/>\n<strong>4.<span class=\"Apple-converted-space\">\u00a0<\/span><\/strong><span style=\"color: #050505; font-family: Helvetica;\">Nyd den episke glans og beskyttelse.<\/span><\/p>\n<p><span style=\"color: #050505; font-family: Helvetica;\"><strong>Hvad er Refract \u2013 beskyttelse mod keramisk spraymaling?<\/strong><\/p>\n<p>Refract er en keramisk spraymalingsbeskyttelse, der er meget nem at bruge. Den efterlader en beskyttende film og giver dit k\u00f8ret\u00f8j en magisk glans og afl\u00f8b i lang tid.\u00a0<\/span><span style=\"color: #050505; font-family: Helvetica;\"><\/p>\n<p><strong>Tips fra tr\u00e6neren:<\/strong><\/span><\/p>\n<p><span style=\"color: #050505; font-family: Helvetica;\">Mindre er mere, og brug to klude, en til at p\u00e5f\u00f8re og en til at t\u00f8rre af. Du b\u00f8r selvf\u00f8lgelig altid undg\u00e5 at st\u00e5 i direkte sollys eller p\u00e5f\u00f8re produktet p\u00e5 varme overflader. Du er velkommen til at eksperimentere med produktet p\u00e5 v\u00e5de overflader, t\u00f8rreunderlag, v\u00e5de frakker osv.\u00a0<\/span><\/p>\n<p>Ikke m\u00e6rkningspligtig!<\/p>\n<p><strong>Indeholder<\/strong>Butylglycol, butyldiglycol, aminosilixan, gluconsyre.<\/p>","protected":false},"excerpt":{"rendered":"<p>Den nyeste generation af keramisk spraymaling, der giver fantastisk glans og beskyttelse. Meget nem at p\u00e5f\u00f8re og giver en super hydrofob overflade samt god beskyttelse mod elementerne.<\/p>","protected":false},"featured_media":27942,"comment_status":"open","ping_status":"closed","template":"","meta":{"_acf_changed":false,"_smort_price_nok":"","_smort_price_dkk":"","_smort_price_eur":"","_smort_sale_price_nok":"","_smort_sale_price_dkk":"","_smort_sale_price_eur":"","smort_restorder":"","shipmondo_restorder":"","_kad_blocks_custom_css":"","_kad_blocks_head_custom_js":"","_kad_blocks_body_custom_js":"","_kad_blocks_footer_custom_js":"","smort_custom_pricelist_1":"191.36","smort_custom_pricelist_2":"191.36","smort_custom_pricelist_3":"191.36","smort_custom_pricelist_4":"239.2","smort_custom_pricelist_5":"191.36"},"anvandningsomrade":[],"bilmarken":[],"product_brand":[2893],"product_cat":[2614,2892,378],"product_tag":[],"class_list":{"0":"post-27940","1":"product","2":"type-product","3":"status-publish","4":"has-post-thumbnail","6":"product_brand-tershine","7":"product_cat-lackskydd","8":"product_cat-retail-produkter","9":"product_cat-bilvard","11":"first","12":"instock","13":"taxable","14":"shipping-taxable","15":"purchasable","16":"product-type-simple"},"bundled_by":[],"bundle_stock_status":"instock","bundle_stock_quantity":10,"bundle_virtual":false,"bundle_layout":"","bundle_add_to_cart_form_location":"","bundle_editable_in_cart":false,"bundle_sold_individually_context":"","bundle_item_grouping":"","bundle_min_size":"","bundle_max_size":"","bundle_price":[],"bundled_items":[],"bundle_sell_ids":[],"acf":[],"yoast_head":"<!-- This site is optimized with the Yoast SEO plugin v27.0 - https:\/\/yoast.com\/product\/yoast-seo-wordpress\/ -->\n<title>Tershine Refract - Keramiskt spraylackskydd 500 ml V4 - Xenonkungen<\/title>\n<meta name=\"robots\" content=\"index, follow, max-snippet:-1, max-image-preview:large, max-video-preview:-1\" \/>\n<link rel=\"canonical\" href=\"https:\/\/xenonkungen.com\/dk\/vare\/tershine-refract-keramisk-spraymalingsbeskyttelse-500-ml-v4\/\" \/>\n<meta property=\"og:locale\" content=\"da_DK\" \/>\n<meta property=\"og:type\" content=\"article\" \/>\n<meta property=\"og:title\" content=\"Tershine Refract - Keramiskt spraylackskydd 500 ml V4 - Xenonkungen\" \/>\n<meta property=\"og:description\" content=\"Den senaste generationens keramiska spraylackskydd som ger fantastisk glans och skydd. Mycket enkel applicering och ger en superhydrofobisk yta samt ett bra skydd mot v\u00e4der och vind.\" \/>\n<meta property=\"og:url\" content=\"https:\/\/xenonkungen.com\/dk\/vare\/tershine-refract-keramisk-spraymalingsbeskyttelse-500-ml-v4\/\" \/>\n<meta property=\"og:site_name\" content=\"Xenonkungen\" \/>\n<meta property=\"article:modified_time\" content=\"2026-04-24T16:48:36+00:00\" \/>\n<meta property=\"og:image\" content=\"https:\/\/xenonkungen.com\/wp-content\/uploads\/2026\/03\/htYZFyScBqu7FnAKiPbl5AsvPjGOTV93JpnFrooz.webp\" \/>\n\t<meta property=\"og:image:width\" content=\"1024\" \/>\n\t<meta property=\"og:image:height\" content=\"1024\" \/>\n\t<meta property=\"og:image:type\" content=\"image\/webp\" \/>\n<meta name=\"twitter:card\" content=\"summary_large_image\" \/>\n<meta name=\"twitter:label1\" content=\"Estimeret l\u00e6setid\" \/>\n\t<meta name=\"twitter:data1\" content=\"2 minutter\" \/>\n<script type=\"application\/ld+json\" class=\"yoast-schema-graph\">{\"@context\":\"https:\/\/schema.org\",\"@graph\":[{\"@type\":\"WebPage\",\"@id\":\"https:\/\/xenonkungen.com\/produkt\/tershine-refract-keramiskt-spraylackskydd-500-ml-v4\/\",\"url\":\"https:\/\/xenonkungen.com\/produkt\/tershine-refract-keramiskt-spraylackskydd-500-ml-v4\/\",\"name\":\"Tershine Refract - Keramiskt spraylackskydd 500 ml V4 - Xenonkungen\",\"isPartOf\":{\"@id\":\"https:\/\/xenonkungen.com\/#website\"},\"primaryImageOfPage\":{\"@id\":\"https:\/\/xenonkungen.com\/produkt\/tershine-refract-keramiskt-spraylackskydd-500-ml-v4\/#primaryimage\"},\"image\":{\"@id\":\"https:\/\/xenonkungen.com\/produkt\/tershine-refract-keramiskt-spraylackskydd-500-ml-v4\/#primaryimage\"},\"thumbnailUrl\":\"https:\/\/xenonkungen.com\/wp-content\/uploads\/2026\/03\/htYZFyScBqu7FnAKiPbl5AsvPjGOTV93JpnFrooz.webp\",\"datePublished\":\"2026-03-16T13:03:14+00:00\",\"dateModified\":\"2026-04-24T16:48:36+00:00\",\"breadcrumb\":{\"@id\":\"https:\/\/xenonkungen.com\/produkt\/tershine-refract-keramiskt-spraylackskydd-500-ml-v4\/#breadcrumb\"},\"inLanguage\":\"da-DK\",\"potentialAction\":[{\"@type\":\"ReadAction\",\"target\":[\"https:\/\/xenonkungen.com\/produkt\/tershine-refract-keramiskt-spraylackskydd-500-ml-v4\/\"]}]},{\"@type\":\"ImageObject\",\"inLanguage\":\"da-DK\",\"@id\":\"https:\/\/xenonkungen.com\/produkt\/tershine-refract-keramiskt-spraylackskydd-500-ml-v4\/#primaryimage\",\"url\":\"https:\/\/xenonkungen.com\/wp-content\/uploads\/2026\/03\/htYZFyScBqu7FnAKiPbl5AsvPjGOTV93JpnFrooz.webp\",\"contentUrl\":\"https:\/\/xenonkungen.com\/wp-content\/uploads\/2026\/03\/htYZFyScBqu7FnAKiPbl5AsvPjGOTV93JpnFrooz.webp\",\"width\":1024,\"height\":1024},{\"@type\":\"BreadcrumbList\",\"@id\":\"https:\/\/xenonkungen.com\/produkt\/tershine-refract-keramiskt-spraylackskydd-500-ml-v4\/#breadcrumb\",\"itemListElement\":[{\"@type\":\"ListItem\",\"position\":1,\"name\":\"Hem\",\"item\":\"https:\/\/xenonkungen.com\/\"},{\"@type\":\"ListItem\",\"position\":2,\"name\":\"Shop\",\"item\":\"https:\/\/xenonkungen.com\/shop\/\"},{\"@type\":\"ListItem\",\"position\":3,\"name\":\"Tershine Refract &#8211; Keramiskt spraylackskydd 500 ml V4\"}]},{\"@type\":\"WebSite\",\"@id\":\"https:\/\/xenonkungen.com\/#website\",\"url\":\"https:\/\/xenonkungen.com\/\",\"name\":\"Xenonkungen\",\"description\":\"\",\"potentialAction\":[{\"@type\":\"SearchAction\",\"target\":{\"@type\":\"EntryPoint\",\"urlTemplate\":\"https:\/\/xenonkungen.com\/?s={search_term_string}\"},\"query-input\":{\"@type\":\"PropertyValueSpecification\",\"valueRequired\":true,\"valueName\":\"search_term_string\"}}],\"inLanguage\":\"da-DK\"}]}<\/script>\n<!-- \/ Yoast SEO plugin. -->","yoast_head_json":{"title":"Tershine Refract - Keramisk spraymalingsbeskyttelse 500 ml V4 - Xenonkungen","robots":{"index":"index","follow":"follow","max-snippet":"max-snippet:-1","max-image-preview":"max-image-preview:large","max-video-preview":"max-video-preview:-1"},"canonical":"https:\/\/xenonkungen.com\/dk\/vare\/tershine-refract-keramisk-spraymalingsbeskyttelse-500-ml-v4\/","og_locale":"da_DK","og_type":"article","og_title":"Tershine Refract - Keramiskt spraylackskydd 500 ml V4 - Xenonkungen","og_description":"Den senaste generationens keramiska spraylackskydd som ger fantastisk glans och skydd. Mycket enkel applicering och ger en superhydrofobisk yta samt ett bra skydd mot v\u00e4der och vind.","og_url":"https:\/\/xenonkungen.com\/dk\/vare\/tershine-refract-keramisk-spraymalingsbeskyttelse-500-ml-v4\/","og_site_name":"Xenonkungen","article_modified_time":"2026-04-24T16:48:36+00:00","og_image":[{"width":1024,"height":1024,"url":"https:\/\/xenonkungen.com\/wp-content\/uploads\/2026\/03\/htYZFyScBqu7FnAKiPbl5AsvPjGOTV93JpnFrooz.webp","type":"image\/webp"}],"twitter_card":"summary_large_image","twitter_misc":{"Estimeret l\u00e6setid":"2 minutter"},"schema":{"@context":"https:\/\/schema.org","@graph":[{"@type":"WebPage","@id":"https:\/\/xenonkungen.com\/produkt\/tershine-refract-keramiskt-spraylackskydd-500-ml-v4\/","url":"https:\/\/xenonkungen.com\/produkt\/tershine-refract-keramiskt-spraylackskydd-500-ml-v4\/","name":"Tershine Refract - Keramisk spraymalingsbeskyttelse 500 ml V4 - Xenonkungen","isPartOf":{"@id":"https:\/\/xenonkungen.com\/#website"},"primaryImageOfPage":{"@id":"https:\/\/xenonkungen.com\/produkt\/tershine-refract-keramiskt-spraylackskydd-500-ml-v4\/#primaryimage"},"image":{"@id":"https:\/\/xenonkungen.com\/produkt\/tershine-refract-keramiskt-spraylackskydd-500-ml-v4\/#primaryimage"},"thumbnailUrl":"https:\/\/xenonkungen.com\/wp-content\/uploads\/2026\/03\/htYZFyScBqu7FnAKiPbl5AsvPjGOTV93JpnFrooz.webp","datePublished":"2026-03-16T13:03:14+00:00","dateModified":"2026-04-24T16:48:36+00:00","breadcrumb":{"@id":"https:\/\/xenonkungen.com\/produkt\/tershine-refract-keramiskt-spraylackskydd-500-ml-v4\/#breadcrumb"},"inLanguage":"da-DK","potentialAction":[{"@type":"ReadAction","target":["https:\/\/xenonkungen.com\/produkt\/tershine-refract-keramiskt-spraylackskydd-500-ml-v4\/"]}]},{"@type":"ImageObject","inLanguage":"da-DK","@id":"https:\/\/xenonkungen.com\/produkt\/tershine-refract-keramiskt-spraylackskydd-500-ml-v4\/#primaryimage","url":"https:\/\/xenonkungen.com\/wp-content\/uploads\/2026\/03\/htYZFyScBqu7FnAKiPbl5AsvPjGOTV93JpnFrooz.webp","contentUrl":"https:\/\/xenonkungen.com\/wp-content\/uploads\/2026\/03\/htYZFyScBqu7FnAKiPbl5AsvPjGOTV93JpnFrooz.webp","width":1024,"height":1024},{"@type":"BreadcrumbList","@id":"https:\/\/xenonkungen.com\/produkt\/tershine-refract-keramiskt-spraylackskydd-500-ml-v4\/#breadcrumb","itemListElement":[{"@type":"ListItem","position":1,"name":"Hem","item":"https:\/\/xenonkungen.com\/"},{"@type":"ListItem","position":2,"name":"Shop","item":"https:\/\/xenonkungen.com\/shop\/"},{"@type":"ListItem","position":3,"name":"Tershine Refract &#8211; Keramiskt spraylackskydd 500 ml V4"}]},{"@type":"WebSite","@id":"https:\/\/xenonkungen.com\/#website","url":"https:\/\/xenonkungen.com\/","name":"Xenonkungen","description":"","potentialAction":[{"@type":"SearchAction","target":{"@type":"EntryPoint","urlTemplate":"https:\/\/xenonkungen.com\/?s={search_term_string}"},"query-input":{"@type":"PropertyValueSpecification","valueRequired":true,"valueName":"search_term_string"}}],"inLanguage":"da-DK"}]}},"taxonomy_info":{"product_brand":[{"value":2893,"label":"Tershine"}],"product_cat":[{"value":2614,"label":"4 | Bilvax &amp; Lackskydd"},{"value":2892,"label":"\u00c5terf\u00f6rs\u00e4ljarprodukter"},{"value":378,"label":"Bilv\u00e5rd"}]},"featured_image_src_large":["https:\/\/xenonkungen.com\/wp-content\/uploads\/2026\/03\/htYZFyScBqu7FnAKiPbl5AsvPjGOTV93JpnFrooz.webp",1024,1024,false],"author_info":[],"comment_info":0,"_links":{"self":[{"href":"https:\/\/xenonkungen.com\/dk\/wp-json\/wp\/v2\/product\/27940","targetHints":{"allow":["GET"]}}],"collection":[{"href":"https:\/\/xenonkungen.com\/dk\/wp-json\/wp\/v2\/product"}],"about":[{"href":"https:\/\/xenonkungen.com\/dk\/wp-json\/wp\/v2\/types\/product"}],"replies":[{"embeddable":true,"href":"https:\/\/xenonkungen.com\/dk\/wp-json\/wp\/v2\/comments?post=27940"}],"wp:featuredmedia":[{"embeddable":true,"href":"https:\/\/xenonkungen.com\/dk\/wp-json\/wp\/v2\/media\/27942"}],"wp:attachment":[{"href":"https:\/\/xenonkungen.com\/dk\/wp-json\/wp\/v2\/media?parent=27940"}],"wp:term":[{"taxonomy":"anvandningsomrade","embeddable":true,"href":"https:\/\/xenonkungen.com\/dk\/wp-json\/wp\/v2\/anvandningsomrade?post=27940"},{"taxonomy":"bilmarken","embeddable":true,"href":"https:\/\/xenonkungen.com\/dk\/wp-json\/wp\/v2\/bilmarken?post=27940"},{"taxonomy":"product_brand","embeddable":true,"href":"https:\/\/xenonkungen.com\/dk\/wp-json\/wp\/v2\/product_brand?post=27940"},{"taxonomy":"product_cat","embeddable":true,"href":"https:\/\/xenonkungen.com\/dk\/wp-json\/wp\/v2\/product_cat?post=27940"},{"taxonomy":"product_tag","embeddable":true,"href":"https:\/\/xenonkungen.com\/dk\/wp-json\/wp\/v2\/product_tag?post=27940"}],"curies":[{"name":"wp","href":"https:\/\/api.w.org\/{rel}","templated":true}]}}