{"id":27961,"date":"2026-03-16T14:18:18","date_gmt":"2026-03-16T13:18:18","guid":{"rendered":"https:\/\/xenonkungen.com\/?post_type=product&#038;p=27961"},"modified":"2026-05-12T14:50:33","modified_gmt":"2026-05-12T13:50:33","slug":"tershine-rekondpenslar-premium","status":"publish","type":"product","link":"https:\/\/xenonkungen.com\/dk\/vare\/tershine-rekondpenslar-premium\/","title":{"rendered":"Tershine Recond B\u00f8rster Premium"},"content":{"rendered":"<p>En alsidig reng\u00f8ringsb\u00f8rste med tre forskellige b\u00f8rstehoveder \u2013 superbl\u00f8de, bl\u00f8de og mediumh\u00e5rde \u2013 der nemt skrues p\u00e5 og af.<\/p>\n<p>For den bedste pr\u00e6cision er alle tre b\u00f8rster designet med samme t\u00e6thed og l\u00e6ngde. Forskellen ligger i materialevalget af selve b\u00f8rsterne (Supersoft \/ Soft \/ Medium), s\u00e5 du nemt kan v\u00e6lge den rigtige variant til opgaven uden at g\u00e5 p\u00e5 kompromis med f\u00f8lelse og kontrol.<\/p>\n<p><strong>Et must for korrekt reng\u00f8ring af indersiden<br \/>\nTre forskellige b\u00f8rstehoveder<br \/>\nKemikalieresistent<br \/>\nH\u00f8j kvalitet<br \/>\nMange anvendelsesomr\u00e5der<\/strong><\/p>\n<p data-start=\"101\" data-end=\"390\">H\u00e5ndtaget har en slidst\u00e6rk gummibel\u00e6gning for et godt greb, en indbygget magnet for nem oph\u00e6ngning, og b\u00f8rstehovederne er designet med en smart kant, der forhindrer b\u00f8rsten i at rulle v\u00e6k.<\/p>\n<p data-start=\"392\" data-end=\"551\">Perfekt til grundig reng\u00f8ring af indvendige detaljer, f\u00e6lge og motorrum.<\/p>\n<p data-start=\"553\" data-end=\"694\">Kombin\u00e9r gerne med\u00a0<strong data-start=\"573\" data-end=\"599\">APC \u2013 Indvendig reng\u00f8ringsmiddel<\/strong>\u00a0til interi\u00f8ret eller\u00a0<strong data-start=\"621\" data-end=\"646\">Genoplev \u2013 Jernfjerner<\/strong>\u00a0til f\u00e6lgene, for et virkelig fantastisk resultat.<\/p>\n<p>Leveres i en p\u00e6n papkasse!<\/p>","protected":false},"excerpt":{"rendered":"<p>En m\u00e5ngsidig rekondpensel med tre olika borsthuvuden \u2013 supermjukt, mjukt och medelh\u00e5rt som enkelt skruvas av och p\u00e5.<\/p>","protected":false},"featured_media":27958,"comment_status":"open","ping_status":"closed","template":"","meta":{"_acf_changed":false,"_smort_price_nok":"","_smort_price_dkk":"","_smort_price_eur":"","_smort_sale_price_nok":"","_smort_sale_price_dkk":"","_smort_sale_price_eur":"","smort_restorder":"","shipmondo_restorder":"","_kad_blocks_custom_css":"","_kad_blocks_head_custom_js":"","_kad_blocks_body_custom_js":"","_kad_blocks_footer_custom_js":"","smort_custom_pricelist_1":"178.56","smort_custom_pricelist_2":"178.56","smort_custom_pricelist_3":"178.56","smort_custom_pricelist_4":"223.2","smort_custom_pricelist_5":"178.56"},"anvandningsomrade":[],"bilmarken":[],"product_brand":[2893],"product_cat":[2988,2450,2892,378],"product_tag":[],"class_list":{"0":"post-27961","1":"product","2":"type-product","3":"status-publish","4":"has-post-thumbnail","6":"product_brand-tershine","7":"product_cat-biltvatt","8":"product_cat-tillbehor-bilvard","9":"product_cat-retail-produkter","10":"product_cat-bilvard","12":"first","13":"onbackorder","14":"taxable","15":"shipping-taxable","16":"purchasable","17":"product-type-simple"},"bundled_by":[],"bundle_stock_status":"onbackorder","bundle_stock_quantity":0,"bundle_virtual":false,"bundle_layout":"","bundle_add_to_cart_form_location":"","bundle_editable_in_cart":false,"bundle_sold_individually_context":"","bundle_item_grouping":"","bundle_min_size":"","bundle_max_size":"","bundle_price":[],"bundled_items":[],"bundle_sell_ids":[],"acf":[],"yoast_head":"<!-- This site is optimized with the Yoast SEO plugin v27.0 - https:\/\/yoast.com\/product\/yoast-seo-wordpress\/ -->\n<title>Tershine Rekondpenslar Premium - Xenonkungen<\/title>\n<meta name=\"robots\" content=\"index, follow, max-snippet:-1, max-image-preview:large, max-video-preview:-1\" \/>\n<link rel=\"canonical\" href=\"https:\/\/xenonkungen.com\/dk\/vare\/tershine-rekondpenslar-premium\/\" \/>\n<meta property=\"og:locale\" content=\"da_DK\" \/>\n<meta property=\"og:type\" content=\"article\" \/>\n<meta property=\"og:title\" content=\"Tershine Rekondpenslar Premium - Xenonkungen\" \/>\n<meta property=\"og:description\" content=\"En m\u00e5ngsidig rekondpensel med tre olika borsthuvuden \u2013 supermjukt, mjukt och medelh\u00e5rt som enkelt skruvas av och p\u00e5.\" \/>\n<meta property=\"og:url\" content=\"https:\/\/xenonkungen.com\/dk\/vare\/tershine-rekondpenslar-premium\/\" \/>\n<meta property=\"og:site_name\" content=\"Xenonkungen\" \/>\n<meta property=\"article:modified_time\" content=\"2026-05-12T13:50:33+00:00\" \/>\n<meta property=\"og:image\" content=\"https:\/\/xenonkungen.com\/wp-content\/uploads\/2026\/03\/syRryLHijpYVcD5OsEBm3Aqt3YtcZPlaiyoakrue.webp\" \/>\n\t<meta property=\"og:image:width\" content=\"1024\" \/>\n\t<meta property=\"og:image:height\" content=\"1024\" \/>\n\t<meta property=\"og:image:type\" content=\"image\/webp\" \/>\n<meta name=\"twitter:card\" content=\"summary_large_image\" \/>\n<meta name=\"twitter:label1\" content=\"Estimeret l\u00e6setid\" \/>\n\t<meta name=\"twitter:data1\" content=\"1 minut\" \/>\n<script type=\"application\/ld+json\" class=\"yoast-schema-graph\">{\"@context\":\"https:\/\/schema.org\",\"@graph\":[{\"@type\":\"WebPage\",\"@id\":\"https:\/\/xenonkungen.com\/produkt\/tershine-rekondpenslar-premium\/\",\"url\":\"https:\/\/xenonkungen.com\/produkt\/tershine-rekondpenslar-premium\/\",\"name\":\"Tershine Rekondpenslar Premium - Xenonkungen\",\"isPartOf\":{\"@id\":\"https:\/\/xenonkungen.com\/#website\"},\"primaryImageOfPage\":{\"@id\":\"https:\/\/xenonkungen.com\/produkt\/tershine-rekondpenslar-premium\/#primaryimage\"},\"image\":{\"@id\":\"https:\/\/xenonkungen.com\/produkt\/tershine-rekondpenslar-premium\/#primaryimage\"},\"thumbnailUrl\":\"https:\/\/xenonkungen.com\/wp-content\/uploads\/2026\/03\/syRryLHijpYVcD5OsEBm3Aqt3YtcZPlaiyoakrue.webp\",\"datePublished\":\"2026-03-16T13:18:18+00:00\",\"dateModified\":\"2026-05-12T13:50:33+00:00\",\"breadcrumb\":{\"@id\":\"https:\/\/xenonkungen.com\/produkt\/tershine-rekondpenslar-premium\/#breadcrumb\"},\"inLanguage\":\"da-DK\",\"potentialAction\":[{\"@type\":\"ReadAction\",\"target\":[\"https:\/\/xenonkungen.com\/produkt\/tershine-rekondpenslar-premium\/\"]}]},{\"@type\":\"ImageObject\",\"inLanguage\":\"da-DK\",\"@id\":\"https:\/\/xenonkungen.com\/produkt\/tershine-rekondpenslar-premium\/#primaryimage\",\"url\":\"https:\/\/xenonkungen.com\/wp-content\/uploads\/2026\/03\/syRryLHijpYVcD5OsEBm3Aqt3YtcZPlaiyoakrue.webp\",\"contentUrl\":\"https:\/\/xenonkungen.com\/wp-content\/uploads\/2026\/03\/syRryLHijpYVcD5OsEBm3Aqt3YtcZPlaiyoakrue.webp\",\"width\":1024,\"height\":1024},{\"@type\":\"BreadcrumbList\",\"@id\":\"https:\/\/xenonkungen.com\/produkt\/tershine-rekondpenslar-premium\/#breadcrumb\",\"itemListElement\":[{\"@type\":\"ListItem\",\"position\":1,\"name\":\"Hem\",\"item\":\"https:\/\/xenonkungen.com\/\"},{\"@type\":\"ListItem\",\"position\":2,\"name\":\"Shop\",\"item\":\"https:\/\/xenonkungen.com\/shop\/\"},{\"@type\":\"ListItem\",\"position\":3,\"name\":\"Tershine Rekondpenslar Premium\"}]},{\"@type\":\"WebSite\",\"@id\":\"https:\/\/xenonkungen.com\/#website\",\"url\":\"https:\/\/xenonkungen.com\/\",\"name\":\"Xenonkungen\",\"description\":\"\",\"potentialAction\":[{\"@type\":\"SearchAction\",\"target\":{\"@type\":\"EntryPoint\",\"urlTemplate\":\"https:\/\/xenonkungen.com\/?s={search_term_string}\"},\"query-input\":{\"@type\":\"PropertyValueSpecification\",\"valueRequired\":true,\"valueName\":\"search_term_string\"}}],\"inLanguage\":\"da-DK\"}]}<\/script>\n<!-- \/ Yoast SEO plugin. -->","yoast_head_json":{"title":"Tershine Rekondpenslar Premium - Xenonkungen","robots":{"index":"index","follow":"follow","max-snippet":"max-snippet:-1","max-image-preview":"max-image-preview:large","max-video-preview":"max-video-preview:-1"},"canonical":"https:\/\/xenonkungen.com\/dk\/vare\/tershine-rekondpenslar-premium\/","og_locale":"da_DK","og_type":"article","og_title":"Tershine Rekondpenslar Premium - Xenonkungen","og_description":"En m\u00e5ngsidig rekondpensel med tre olika borsthuvuden \u2013 supermjukt, mjukt och medelh\u00e5rt som enkelt skruvas av och p\u00e5.","og_url":"https:\/\/xenonkungen.com\/dk\/vare\/tershine-rekondpenslar-premium\/","og_site_name":"Xenonkungen","article_modified_time":"2026-05-12T13:50:33+00:00","og_image":[{"width":1024,"height":1024,"url":"https:\/\/xenonkungen.com\/wp-content\/uploads\/2026\/03\/syRryLHijpYVcD5OsEBm3Aqt3YtcZPlaiyoakrue.webp","type":"image\/webp"}],"twitter_card":"summary_large_image","twitter_misc":{"Estimeret l\u00e6setid":"1 minut"},"schema":{"@context":"https:\/\/schema.org","@graph":[{"@type":"WebPage","@id":"https:\/\/xenonkungen.com\/produkt\/tershine-rekondpenslar-premium\/","url":"https:\/\/xenonkungen.com\/produkt\/tershine-rekondpenslar-premium\/","name":"Tershine Rekondpenslar Premium - Xenonkungen","isPartOf":{"@id":"https:\/\/xenonkungen.com\/#website"},"primaryImageOfPage":{"@id":"https:\/\/xenonkungen.com\/produkt\/tershine-rekondpenslar-premium\/#primaryimage"},"image":{"@id":"https:\/\/xenonkungen.com\/produkt\/tershine-rekondpenslar-premium\/#primaryimage"},"thumbnailUrl":"https:\/\/xenonkungen.com\/wp-content\/uploads\/2026\/03\/syRryLHijpYVcD5OsEBm3Aqt3YtcZPlaiyoakrue.webp","datePublished":"2026-03-16T13:18:18+00:00","dateModified":"2026-05-12T13:50:33+00:00","breadcrumb":{"@id":"https:\/\/xenonkungen.com\/produkt\/tershine-rekondpenslar-premium\/#breadcrumb"},"inLanguage":"da-DK","potentialAction":[{"@type":"ReadAction","target":["https:\/\/xenonkungen.com\/produkt\/tershine-rekondpenslar-premium\/"]}]},{"@type":"ImageObject","inLanguage":"da-DK","@id":"https:\/\/xenonkungen.com\/produkt\/tershine-rekondpenslar-premium\/#primaryimage","url":"https:\/\/xenonkungen.com\/wp-content\/uploads\/2026\/03\/syRryLHijpYVcD5OsEBm3Aqt3YtcZPlaiyoakrue.webp","contentUrl":"https:\/\/xenonkungen.com\/wp-content\/uploads\/2026\/03\/syRryLHijpYVcD5OsEBm3Aqt3YtcZPlaiyoakrue.webp","width":1024,"height":1024},{"@type":"BreadcrumbList","@id":"https:\/\/xenonkungen.com\/produkt\/tershine-rekondpenslar-premium\/#breadcrumb","itemListElement":[{"@type":"ListItem","position":1,"name":"Hem","item":"https:\/\/xenonkungen.com\/"},{"@type":"ListItem","position":2,"name":"Shop","item":"https:\/\/xenonkungen.com\/shop\/"},{"@type":"ListItem","position":3,"name":"Tershine Rekondpenslar Premium"}]},{"@type":"WebSite","@id":"https:\/\/xenonkungen.com\/#website","url":"https:\/\/xenonkungen.com\/","name":"Xenonkungen","description":"","potentialAction":[{"@type":"SearchAction","target":{"@type":"EntryPoint","urlTemplate":"https:\/\/xenonkungen.com\/?s={search_term_string}"},"query-input":{"@type":"PropertyValueSpecification","valueRequired":true,"valueName":"search_term_string"}}],"inLanguage":"da-DK"}]}},"taxonomy_info":{"product_brand":[{"value":2893,"label":"Tershine"}],"product_cat":[{"value":2988,"label":"1 | Biltv\u00e4tt"},{"value":2450,"label":"6 | Tillbeh\u00f6r"},{"value":2892,"label":"\u00c5terf\u00f6rs\u00e4ljarprodukter"},{"value":378,"label":"Bilv\u00e5rd"}]},"featured_image_src_large":["https:\/\/xenonkungen.com\/wp-content\/uploads\/2026\/03\/syRryLHijpYVcD5OsEBm3Aqt3YtcZPlaiyoakrue.webp",1024,1024,false],"author_info":[],"comment_info":0,"_links":{"self":[{"href":"https:\/\/xenonkungen.com\/dk\/wp-json\/wp\/v2\/product\/27961","targetHints":{"allow":["GET"]}}],"collection":[{"href":"https:\/\/xenonkungen.com\/dk\/wp-json\/wp\/v2\/product"}],"about":[{"href":"https:\/\/xenonkungen.com\/dk\/wp-json\/wp\/v2\/types\/product"}],"replies":[{"embeddable":true,"href":"https:\/\/xenonkungen.com\/dk\/wp-json\/wp\/v2\/comments?post=27961"}],"wp:featuredmedia":[{"embeddable":true,"href":"https:\/\/xenonkungen.com\/dk\/wp-json\/wp\/v2\/media\/27958"}],"wp:attachment":[{"href":"https:\/\/xenonkungen.com\/dk\/wp-json\/wp\/v2\/media?parent=27961"}],"wp:term":[{"taxonomy":"anvandningsomrade","embeddable":true,"href":"https:\/\/xenonkungen.com\/dk\/wp-json\/wp\/v2\/anvandningsomrade?post=27961"},{"taxonomy":"bilmarken","embeddable":true,"href":"https:\/\/xenonkungen.com\/dk\/wp-json\/wp\/v2\/bilmarken?post=27961"},{"taxonomy":"product_brand","embeddable":true,"href":"https:\/\/xenonkungen.com\/dk\/wp-json\/wp\/v2\/product_brand?post=27961"},{"taxonomy":"product_cat","embeddable":true,"href":"https:\/\/xenonkungen.com\/dk\/wp-json\/wp\/v2\/product_cat?post=27961"},{"taxonomy":"product_tag","embeddable":true,"href":"https:\/\/xenonkungen.com\/dk\/wp-json\/wp\/v2\/product_tag?post=27961"}],"curies":[{"name":"wp","href":"https:\/\/api.w.org\/{rel}","templated":true}]}}