{"id":27969,"date":"2026-03-16T14:34:20","date_gmt":"2026-03-16T13:34:20","guid":{"rendered":"https:\/\/xenonkungen.com\/?post_type=product&#038;p=27969"},"modified":"2026-05-12T14:49:55","modified_gmt":"2026-05-12T13:49:55","slug":"tershine-relive-air-rustfjerner-25-l","status":"publish","type":"product","link":"https:\/\/xenonkungen.com\/dk\/vare\/tershine-relive-air-rustfjerner-25-l\/","title":{"rendered":"Tershine Relive \u2013 Flyverustfjerner 25 L"},"content":{"rendered":"<p>Super effektiv rustfjerner og f\u00e6lgrens, der ogs\u00e5 virker fantastisk til at opl\u00f8se rust, bremsest\u00f8v og andre metalpartikler, der er endt p\u00e5 overfladen.<\/p>\n<p><strong>Super effektiv og sk\u00e5nsom<br \/>\nBliver lilla, n\u00e5r den er klar til at blive skyllet af<br \/>\nVirker p\u00e5 de fleste typer materialer<br \/>\npH-neutral og syrefri<br \/>\nFortyndbar<br \/>\nEffektiv p\u00e5 b\u00e5dskrog og gul vandlinje<br \/>\nKan p\u00e5f\u00f8res p\u00e5 v\u00e5d eller t\u00f8r overflade<br \/>\nLav duft<\/strong><\/p>\n<p>Hvad bruges luftrustfjerner til?<\/p>\n<p>Fly rust<br \/>\nReng\u00f8ring af f\u00e6lg<br \/>\nBremsest\u00f8v<strong><br \/>\n<\/strong>Gule pletter p\u00e5 lakken<strong><br \/>\n<\/strong>Vandlinjen p\u00e5 b\u00e5dens skrog<strong><br \/>\n<\/strong>Badev\u00e6relset (metaller i vandet)<strong><br \/>\n<\/strong><\/p>\n<p><strong>S\u00e5dan bruger du Relive<\/strong><\/p>\n<p><strong>1.\u00a0<\/strong>Spray p\u00e5 f\u00e6lge og valgfrie overflader<strong><br \/>\n2.\u00a0<\/strong>Lad det virke i cirka 5 minutter, eller indtil produktet bliver lilla. Ved ekstrem snavs kan en b\u00f8rste bruges til at opl\u00f8se det fastbr\u00e6ndte materiale. I koldere vejr &lt;10\u00b0C b\u00f8r produktet forblive p\u00e5 overfladen betydeligt l\u00e6ngere.<strong><br \/>\n3.\u00a0<\/strong>Lad ikke t\u00f8rre!<br \/>\n<strong>4.\u00a0<\/strong>Skyl af med h\u00f8jt tryk<strong><br \/>\n5.\u00a0<\/strong>Vi ved det, den er sindssygt god!<\/p>\n<p>Relive 25 L er en n\u00e6rmest uvirkelig effektiv f\u00e6lg- og rustfjerner. Den reagerer med metaller fra bremsest\u00f8v og rust og opl\u00f8ser dem inden for f\u00e5 minutter. Produktet er pH-neutralt og syrefrit, hvilket betyder, at det virker p\u00e5 de fleste typer lak, plastik, metaller (selv polerede), alcoa osv.<\/p>\n<p>Relativ lav viskositet for at maksimere produktets j\u00e6vnhed over overfladen og dermed f\u00e5 en j\u00e6vn behandling af bremsest\u00f8v eller flyverust. Det har ogs\u00e5 rensende egenskaber for samtidig at kunne fjerne &quot;normalt&quot; snavs. Det er virkelig et vanvittigt effektivt produkt, der g\u00f8r f\u00e6lgvask til en ren forn\u00f8jelse efter for eksempel en h\u00e5rd dag p\u00e5 banen eller efter et dejligt sving p\u00e5 snoede veje. Produktet skifter farve til lilla, n\u00e5r det er klar til at blive skyllet af, normalt cirka 2-5 minutter efter p\u00e5f\u00f8ring. Glem ikke at ryste flasken f\u00f8r brug. Det virker selvf\u00f8lgelig ogs\u00e5 fantastisk p\u00e5 lakken som flyverustfjerner! Husk, at produktet (inklusive affedtningsmidlerne) b\u00f8r sidde betydeligt l\u00e6ngere, n\u00e5r det er under 10 grader, eller lakken er rigtig kold.<\/p>\n<p>Kan fortyndes med vand, vi ved ikke pr\u00e6cis hvad der virker bedst, s\u00e5 g\u00f8r som s\u00e6dvanligt, eksperimenter (men omkring 50\/50).<\/p>\n<p><em>Opbevares frostfrit.<\/em><\/p>","protected":false},"excerpt":{"rendered":"<p>Relive \u2013 Rust Remover fjerner effektivt rust, bremsest\u00f8v og metalpartikler fra biler, b\u00e5de og andre overflader. pH-neutral og syrefri, sikker til maling, plastik og metaller. Bliver lilla ved kontakt for nem brug og hurtig reng\u00f8ring.<\/p>","protected":false},"featured_media":27966,"comment_status":"open","ping_status":"closed","template":"","meta":{"_acf_changed":false,"_smort_price_nok":"","_smort_price_dkk":"","_smort_price_eur":"","_smort_sale_price_nok":"","_smort_sale_price_dkk":"","_smort_sale_price_eur":"","smort_restorder":"","shipmondo_restorder":"","_kad_blocks_custom_css":"","_kad_blocks_head_custom_js":"","_kad_blocks_body_custom_js":"","_kad_blocks_footer_custom_js":"","smort_custom_pricelist_1":"1791.36","smort_custom_pricelist_2":"1791.36","smort_custom_pricelist_3":"1791.36","smort_custom_pricelist_4":"2239.2","smort_custom_pricelist_5":"1791.36"},"anvandningsomrade":[],"bilmarken":[],"product_brand":[2893],"product_cat":[2988,2989,2892,378],"product_tag":[],"class_list":{"0":"post-27969","1":"product","2":"type-product","3":"status-publish","4":"has-post-thumbnail","6":"product_brand-tershine","7":"product_cat-biltvatt","8":"product_cat-avfettning","9":"product_cat-retail-produkter","10":"product_cat-bilvard","12":"first","13":"onbackorder","14":"taxable","15":"shipping-taxable","16":"purchasable","17":"product-type-simple"},"bundled_by":[],"bundle_stock_status":"onbackorder","bundle_stock_quantity":0,"bundle_virtual":false,"bundle_layout":"","bundle_add_to_cart_form_location":"","bundle_editable_in_cart":false,"bundle_sold_individually_context":"","bundle_item_grouping":"","bundle_min_size":"","bundle_max_size":"","bundle_price":[],"bundled_items":[],"bundle_sell_ids":[],"acf":[],"yoast_head":"<!-- This site is optimized with the Yoast SEO plugin v27.0 - https:\/\/yoast.com\/product\/yoast-seo-wordpress\/ -->\n<title>Tershine Relive - Flygrostborttagare 25 L - Xenonkungen<\/title>\n<meta name=\"robots\" content=\"index, follow, max-snippet:-1, max-image-preview:large, max-video-preview:-1\" \/>\n<link rel=\"canonical\" href=\"https:\/\/xenonkungen.com\/dk\/vare\/tershine-relive-air-rustfjerner-25-l\/\" \/>\n<meta property=\"og:locale\" content=\"da_DK\" \/>\n<meta property=\"og:type\" content=\"article\" \/>\n<meta property=\"og:title\" content=\"Tershine Relive - Flygrostborttagare 25 L - Xenonkungen\" \/>\n<meta property=\"og:description\" content=\"Relive \u2013 Flygrostborttagare tar effektivt bort flygrost, bromsdamm och metallpartiklar fr\u00e5n bil, b\u00e5t och andra ytor. pH-neutral och syrafri, s\u00e4ker f\u00f6r lack, plast och metaller. F\u00e4rgas lila vid kontakt f\u00f6r enkel anv\u00e4ndning och snabb reng\u00f6ring.\" \/>\n<meta property=\"og:url\" content=\"https:\/\/xenonkungen.com\/dk\/vare\/tershine-relive-air-rustfjerner-25-l\/\" \/>\n<meta property=\"og:site_name\" content=\"Xenonkungen\" \/>\n<meta property=\"article:modified_time\" content=\"2026-05-12T13:49:55+00:00\" \/>\n<meta property=\"og:image\" content=\"https:\/\/xenonkungen.com\/wp-content\/uploads\/2026\/03\/48P672Z3fLkrhCrmuh3gLGQmF7xNE3RpN4rTj4JX.webp\" \/>\n\t<meta property=\"og:image:width\" content=\"1024\" \/>\n\t<meta property=\"og:image:height\" content=\"1024\" \/>\n\t<meta property=\"og:image:type\" content=\"image\/webp\" \/>\n<meta name=\"twitter:card\" content=\"summary_large_image\" \/>\n<meta name=\"twitter:label1\" content=\"Estimeret l\u00e6setid\" \/>\n\t<meta name=\"twitter:data1\" content=\"2 minutter\" \/>\n<script type=\"application\/ld+json\" class=\"yoast-schema-graph\">{\"@context\":\"https:\/\/schema.org\",\"@graph\":[{\"@type\":\"WebPage\",\"@id\":\"https:\/\/xenonkungen.com\/produkt\/tershine-relive-flygrostborttagare-25-l\/\",\"url\":\"https:\/\/xenonkungen.com\/produkt\/tershine-relive-flygrostborttagare-25-l\/\",\"name\":\"Tershine Relive - Flygrostborttagare 25 L - Xenonkungen\",\"isPartOf\":{\"@id\":\"https:\/\/xenonkungen.com\/#website\"},\"primaryImageOfPage\":{\"@id\":\"https:\/\/xenonkungen.com\/produkt\/tershine-relive-flygrostborttagare-25-l\/#primaryimage\"},\"image\":{\"@id\":\"https:\/\/xenonkungen.com\/produkt\/tershine-relive-flygrostborttagare-25-l\/#primaryimage\"},\"thumbnailUrl\":\"https:\/\/xenonkungen.com\/wp-content\/uploads\/2026\/03\/48P672Z3fLkrhCrmuh3gLGQmF7xNE3RpN4rTj4JX.webp\",\"datePublished\":\"2026-03-16T13:34:20+00:00\",\"dateModified\":\"2026-05-12T13:49:55+00:00\",\"breadcrumb\":{\"@id\":\"https:\/\/xenonkungen.com\/produkt\/tershine-relive-flygrostborttagare-25-l\/#breadcrumb\"},\"inLanguage\":\"da-DK\",\"potentialAction\":[{\"@type\":\"ReadAction\",\"target\":[\"https:\/\/xenonkungen.com\/produkt\/tershine-relive-flygrostborttagare-25-l\/\"]}]},{\"@type\":\"ImageObject\",\"inLanguage\":\"da-DK\",\"@id\":\"https:\/\/xenonkungen.com\/produkt\/tershine-relive-flygrostborttagare-25-l\/#primaryimage\",\"url\":\"https:\/\/xenonkungen.com\/wp-content\/uploads\/2026\/03\/48P672Z3fLkrhCrmuh3gLGQmF7xNE3RpN4rTj4JX.webp\",\"contentUrl\":\"https:\/\/xenonkungen.com\/wp-content\/uploads\/2026\/03\/48P672Z3fLkrhCrmuh3gLGQmF7xNE3RpN4rTj4JX.webp\",\"width\":1024,\"height\":1024},{\"@type\":\"BreadcrumbList\",\"@id\":\"https:\/\/xenonkungen.com\/produkt\/tershine-relive-flygrostborttagare-25-l\/#breadcrumb\",\"itemListElement\":[{\"@type\":\"ListItem\",\"position\":1,\"name\":\"Hem\",\"item\":\"https:\/\/xenonkungen.com\/\"},{\"@type\":\"ListItem\",\"position\":2,\"name\":\"Shop\",\"item\":\"https:\/\/xenonkungen.com\/shop\/\"},{\"@type\":\"ListItem\",\"position\":3,\"name\":\"Tershine Relive &#8211; Flygrostborttagare 25 L\"}]},{\"@type\":\"WebSite\",\"@id\":\"https:\/\/xenonkungen.com\/#website\",\"url\":\"https:\/\/xenonkungen.com\/\",\"name\":\"Xenonkungen\",\"description\":\"\",\"potentialAction\":[{\"@type\":\"SearchAction\",\"target\":{\"@type\":\"EntryPoint\",\"urlTemplate\":\"https:\/\/xenonkungen.com\/?s={search_term_string}\"},\"query-input\":{\"@type\":\"PropertyValueSpecification\",\"valueRequired\":true,\"valueName\":\"search_term_string\"}}],\"inLanguage\":\"da-DK\"}]}<\/script>\n<!-- \/ Yoast SEO plugin. -->","yoast_head_json":{"title":"Tershine Relive - Flyrustfjerner 25 L - Xenon Kongen","robots":{"index":"index","follow":"follow","max-snippet":"max-snippet:-1","max-image-preview":"max-image-preview:large","max-video-preview":"max-video-preview:-1"},"canonical":"https:\/\/xenonkungen.com\/dk\/vare\/tershine-relive-air-rustfjerner-25-l\/","og_locale":"da_DK","og_type":"article","og_title":"Tershine Relive - Flygrostborttagare 25 L - Xenonkungen","og_description":"Relive \u2013 Flygrostborttagare tar effektivt bort flygrost, bromsdamm och metallpartiklar fr\u00e5n bil, b\u00e5t och andra ytor. pH-neutral och syrafri, s\u00e4ker f\u00f6r lack, plast och metaller. F\u00e4rgas lila vid kontakt f\u00f6r enkel anv\u00e4ndning och snabb reng\u00f6ring.","og_url":"https:\/\/xenonkungen.com\/dk\/vare\/tershine-relive-air-rustfjerner-25-l\/","og_site_name":"Xenonkungen","article_modified_time":"2026-05-12T13:49:55+00:00","og_image":[{"width":1024,"height":1024,"url":"https:\/\/xenonkungen.com\/wp-content\/uploads\/2026\/03\/48P672Z3fLkrhCrmuh3gLGQmF7xNE3RpN4rTj4JX.webp","type":"image\/webp"}],"twitter_card":"summary_large_image","twitter_misc":{"Estimeret l\u00e6setid":"2 minutter"},"schema":{"@context":"https:\/\/schema.org","@graph":[{"@type":"WebPage","@id":"https:\/\/xenonkungen.com\/produkt\/tershine-relive-flygrostborttagare-25-l\/","url":"https:\/\/xenonkungen.com\/produkt\/tershine-relive-flygrostborttagare-25-l\/","name":"Tershine Relive - Flyrustfjerner 25 L - Xenon Kongen","isPartOf":{"@id":"https:\/\/xenonkungen.com\/#website"},"primaryImageOfPage":{"@id":"https:\/\/xenonkungen.com\/produkt\/tershine-relive-flygrostborttagare-25-l\/#primaryimage"},"image":{"@id":"https:\/\/xenonkungen.com\/produkt\/tershine-relive-flygrostborttagare-25-l\/#primaryimage"},"thumbnailUrl":"https:\/\/xenonkungen.com\/wp-content\/uploads\/2026\/03\/48P672Z3fLkrhCrmuh3gLGQmF7xNE3RpN4rTj4JX.webp","datePublished":"2026-03-16T13:34:20+00:00","dateModified":"2026-05-12T13:49:55+00:00","breadcrumb":{"@id":"https:\/\/xenonkungen.com\/produkt\/tershine-relive-flygrostborttagare-25-l\/#breadcrumb"},"inLanguage":"da-DK","potentialAction":[{"@type":"ReadAction","target":["https:\/\/xenonkungen.com\/produkt\/tershine-relive-flygrostborttagare-25-l\/"]}]},{"@type":"ImageObject","inLanguage":"da-DK","@id":"https:\/\/xenonkungen.com\/produkt\/tershine-relive-flygrostborttagare-25-l\/#primaryimage","url":"https:\/\/xenonkungen.com\/wp-content\/uploads\/2026\/03\/48P672Z3fLkrhCrmuh3gLGQmF7xNE3RpN4rTj4JX.webp","contentUrl":"https:\/\/xenonkungen.com\/wp-content\/uploads\/2026\/03\/48P672Z3fLkrhCrmuh3gLGQmF7xNE3RpN4rTj4JX.webp","width":1024,"height":1024},{"@type":"BreadcrumbList","@id":"https:\/\/xenonkungen.com\/produkt\/tershine-relive-flygrostborttagare-25-l\/#breadcrumb","itemListElement":[{"@type":"ListItem","position":1,"name":"Hem","item":"https:\/\/xenonkungen.com\/"},{"@type":"ListItem","position":2,"name":"Shop","item":"https:\/\/xenonkungen.com\/shop\/"},{"@type":"ListItem","position":3,"name":"Tershine Relive &#8211; Flygrostborttagare 25 L"}]},{"@type":"WebSite","@id":"https:\/\/xenonkungen.com\/#website","url":"https:\/\/xenonkungen.com\/","name":"Xenonkungen","description":"","potentialAction":[{"@type":"SearchAction","target":{"@type":"EntryPoint","urlTemplate":"https:\/\/xenonkungen.com\/?s={search_term_string}"},"query-input":{"@type":"PropertyValueSpecification","valueRequired":true,"valueName":"search_term_string"}}],"inLanguage":"da-DK"}]}},"taxonomy_info":{"product_brand":[{"value":2893,"label":"Tershine"}],"product_cat":[{"value":2988,"label":"1 | Biltv\u00e4tt"},{"value":2989,"label":"2 | Avfettning"},{"value":2892,"label":"\u00c5terf\u00f6rs\u00e4ljarprodukter"},{"value":378,"label":"Bilv\u00e5rd"}]},"featured_image_src_large":["https:\/\/xenonkungen.com\/wp-content\/uploads\/2026\/03\/48P672Z3fLkrhCrmuh3gLGQmF7xNE3RpN4rTj4JX.webp",1024,1024,false],"author_info":[],"comment_info":0,"_links":{"self":[{"href":"https:\/\/xenonkungen.com\/dk\/wp-json\/wp\/v2\/product\/27969","targetHints":{"allow":["GET"]}}],"collection":[{"href":"https:\/\/xenonkungen.com\/dk\/wp-json\/wp\/v2\/product"}],"about":[{"href":"https:\/\/xenonkungen.com\/dk\/wp-json\/wp\/v2\/types\/product"}],"replies":[{"embeddable":true,"href":"https:\/\/xenonkungen.com\/dk\/wp-json\/wp\/v2\/comments?post=27969"}],"wp:featuredmedia":[{"embeddable":true,"href":"https:\/\/xenonkungen.com\/dk\/wp-json\/wp\/v2\/media\/27966"}],"wp:attachment":[{"href":"https:\/\/xenonkungen.com\/dk\/wp-json\/wp\/v2\/media?parent=27969"}],"wp:term":[{"taxonomy":"anvandningsomrade","embeddable":true,"href":"https:\/\/xenonkungen.com\/dk\/wp-json\/wp\/v2\/anvandningsomrade?post=27969"},{"taxonomy":"bilmarken","embeddable":true,"href":"https:\/\/xenonkungen.com\/dk\/wp-json\/wp\/v2\/bilmarken?post=27969"},{"taxonomy":"product_brand","embeddable":true,"href":"https:\/\/xenonkungen.com\/dk\/wp-json\/wp\/v2\/product_brand?post=27969"},{"taxonomy":"product_cat","embeddable":true,"href":"https:\/\/xenonkungen.com\/dk\/wp-json\/wp\/v2\/product_cat?post=27969"},{"taxonomy":"product_tag","embeddable":true,"href":"https:\/\/xenonkungen.com\/dk\/wp-json\/wp\/v2\/product_tag?post=27969"}],"curies":[{"name":"wp","href":"https:\/\/api.w.org\/{rel}","templated":true}]}}