{"id":27975,"date":"2026-03-16T14:53:11","date_gmt":"2026-03-16T13:53:11","guid":{"rendered":"https:\/\/xenonkungen.com\/?post_type=product&#038;p=27975"},"modified":"2026-05-12T14:49:22","modified_gmt":"2026-05-12T13:49:22","slug":"tershine-relive-fly-rustfjerner-500-ml","status":"publish","type":"product","link":"https:\/\/xenonkungen.com\/dk\/vare\/tershine-relive-fly-rustfjerner-500-ml\/","title":{"rendered":"Tershine Relive \u2013 Flyrustfjerner 500 ml"},"content":{"rendered":"<p>Ekstremt effektiv rustfjerner og f\u00e6lgrens. Et kraftfuldt produkt, der effektivt opl\u00f8ser rust, bremsest\u00f8v og andre metalpartikler p\u00e5 forskellige overflader, men samtidig er sk\u00e5nsomt mod lak og andre f\u00f8lsomme detaljer. Ekstremt effektiv og meget alsidig.<br \/>\n<strong><br \/>\nFordele ved Relive \u2013 Air Rust Remover:<\/strong><br \/>\n<em><br \/>\n<\/em><strong>Super effektiv mod metalpartikler<br \/>\nBliver lilla, n\u00e5r den er klar til at blive skyllet af<br \/>\nKan bruges p\u00e5 de fleste typer materialer<br \/>\npH-neutral og syrefri (mindre risiko for problemer)<br \/>\nKan fortyndes med vand<br \/>\nEffektiv p\u00e5 b\u00e5dskrog og gul vandlinje<br \/>\nKan anvendes p\u00e5 b\u00e5de v\u00e5de og t\u00f8rre overflader<br \/>\nLavt duftniveau<\/strong><\/p>\n<p>Hvad er fluerust?<\/p>\n<p>Sm\u00e5 jernpartikler, der kommer fra bremsest\u00f8v eller pigd\u00e6k og andre metalpartikler fra andre k\u00f8ret\u00f8jer, s\u00e6tter sig p\u00e5 lakken og fremst\u00e5r som sm\u00e5 gul-orange partikler.<\/p>\n<p>Hvorfor bruge rustfjerner, og hvad bruges det til?<\/p>\n<p>Fly rust<br \/>\nBremsest\u00f8v<br \/>\nReng\u00f8ring af f\u00e6lge<strong><br \/>\n<\/strong>Fjernelse af bremsest\u00f8v<strong><br \/>\n<\/strong>Gule pletter p\u00e5 lakken<strong><br \/>\n<\/strong>Reng\u00f8ring af vandlinjen p\u00e5 b\u00e5deskrog<strong><br \/>\n<\/strong>Badev\u00e6relset (metaller i vandet)<strong><br \/>\n<\/strong><\/p>\n<p><strong>S\u00e5dan bruger du vores Relive Air rustfjerner:<\/strong><\/p>\n<p><strong>1.<\/strong>\u00a0Spray rustfjerneren p\u00e5 f\u00e6lgene eller direkte p\u00e5 lakken.<br \/>\n<strong>2.<\/strong>\u00a0Lad det virke i cirka 5 minutter. Produktet bliver lilla, n\u00e5r det skal skylles af. Ved kraftig snavs kan en b\u00f8rste bruges til at l\u00f8sne genstridigt snavs (lad det ikke t\u00f8rre).<br \/>\n<strong>3.<\/strong>\u00a0Lad ikke produktet t\u00f8rre ud.<br \/>\n<strong>4.<\/strong>\u00a0Skyl grundigt med vand.<br \/>\n<strong>5<\/strong>Ja, vi ved det, det er helt magisk fantastisk!<\/p>\n<p>Dette er et yderst effektivt produkt til fjernelse af flyverust og reng\u00f8ring af f\u00e6lge. Det reagerer hurtigt med metalpartikler fra bremsest\u00f8v og flyverust og opl\u00f8ser dem p\u00e5 blot f\u00e5 minutter. Takket v\u00e6re sin pH-neutrale og syrefri sammens\u00e6tning kan det bruges sikkert p\u00e5 de fleste typer lak, plastik og metaller, inklusive polerede overflader og Alcoa.\u00a0<strong>Bem\u00e6rk: M\u00e5 ikke anvendes p\u00e5 spr\u00f8jtemalede overflader eller tilsvarende enkomponentsmaling!<\/strong><\/p>\n<p>Det har ogs\u00e5 reng\u00f8ringsegenskaber, der g\u00f8r det nemt at fjerne almindeligt snavs p\u00e5 samme tid. Reng\u00f8ring af f\u00e6lge bliver en gnidningsl\u00f8s og nem proces, is\u00e6r efter en dag p\u00e5 banen eller en lang tur p\u00e5 snoede veje. N\u00e5r produktet er klar til at blive skyllet af, skifter det farve til lilla, hvilket normalt sker efter 2-5 minutter. Virker ogs\u00e5 fantastisk p\u00e5 lak til at opl\u00f8se rust. Ved temperaturer under 10 grader eller n\u00e5r overfladen er kold, anbefales en l\u00e6ngere eksponeringstid for at opn\u00e5 de bedste resultater!<\/p>\n<p>Note:<span class=\"Apple-converted-space\">\u00a0<\/span>M\u00e5 ikke p\u00e5f\u00f8res varme overflader.<\/p>\n<p><em>Opbevares frostfrit.<\/em><\/p>","protected":false},"excerpt":{"rendered":"<p>Rustfjerner og f\u00e6lgrens, der effektivt opl\u00f8ser bremsest\u00f8v og andre metalpartikler, der er endt p\u00e5 dit k\u00f8ret\u00f8j.<\/p>","protected":false},"featured_media":27976,"comment_status":"open","ping_status":"closed","template":"","meta":{"_acf_changed":false,"_smort_price_nok":"","_smort_price_dkk":"","_smort_price_eur":"","_smort_sale_price_nok":"","_smort_sale_price_dkk":"","_smort_sale_price_eur":"","smort_restorder":"","shipmondo_restorder":"","_kad_blocks_custom_css":"","_kad_blocks_head_custom_js":"","_kad_blocks_body_custom_js":"","_kad_blocks_footer_custom_js":"","smort_custom_pricelist_1":"127.36","smort_custom_pricelist_2":"127.36","smort_custom_pricelist_3":"127.36","smort_custom_pricelist_4":"159.2","smort_custom_pricelist_5":"127.36"},"anvandningsomrade":[],"bilmarken":[],"product_brand":[2893],"product_cat":[2988,2989,2892,378],"product_tag":[],"class_list":{"0":"post-27975","1":"product","2":"type-product","3":"status-publish","4":"has-post-thumbnail","6":"product_brand-tershine","7":"product_cat-biltvatt","8":"product_cat-avfettning","9":"product_cat-retail-produkter","10":"product_cat-bilvard","12":"first","13":"onbackorder","14":"taxable","15":"shipping-taxable","16":"purchasable","17":"product-type-simple"},"bundled_by":[],"bundle_stock_status":"onbackorder","bundle_stock_quantity":0,"bundle_virtual":false,"bundle_layout":"","bundle_add_to_cart_form_location":"","bundle_editable_in_cart":false,"bundle_sold_individually_context":"","bundle_item_grouping":"","bundle_min_size":"","bundle_max_size":"","bundle_price":[],"bundled_items":[],"bundle_sell_ids":[],"acf":[],"yoast_head":"<!-- This site is optimized with the Yoast SEO plugin v27.0 - https:\/\/yoast.com\/product\/yoast-seo-wordpress\/ -->\n<title>Tershine Relive - Flygrostborttagare 500 ml - Xenonkungen<\/title>\n<meta name=\"robots\" content=\"index, follow, max-snippet:-1, max-image-preview:large, max-video-preview:-1\" \/>\n<link rel=\"canonical\" href=\"https:\/\/xenonkungen.com\/dk\/vare\/tershine-relive-fly-rustfjerner-500-ml\/\" \/>\n<meta property=\"og:locale\" content=\"da_DK\" \/>\n<meta property=\"og:type\" content=\"article\" \/>\n<meta property=\"og:title\" content=\"Tershine Relive - Flygrostborttagare 500 ml - Xenonkungen\" \/>\n<meta property=\"og:description\" content=\"Flygrostborttagare och f\u00e4lgreng\u00f6ring som effektivt l\u00f6ser bromsdamm och andra metallpartiklar som hamnat p\u00e5 ditt fordon.\" \/>\n<meta property=\"og:url\" content=\"https:\/\/xenonkungen.com\/dk\/vare\/tershine-relive-fly-rustfjerner-500-ml\/\" \/>\n<meta property=\"og:site_name\" content=\"Xenonkungen\" \/>\n<meta property=\"article:modified_time\" content=\"2026-05-12T13:49:22+00:00\" \/>\n<meta property=\"og:image\" content=\"https:\/\/xenonkungen.com\/wp-content\/uploads\/2026\/03\/ET5La0etrYXoTyF60JtMJbnZ89OrelwEyaKAxab3.webp\" \/>\n\t<meta property=\"og:image:width\" content=\"1024\" \/>\n\t<meta property=\"og:image:height\" content=\"1024\" \/>\n\t<meta property=\"og:image:type\" content=\"image\/webp\" \/>\n<meta name=\"twitter:card\" content=\"summary_large_image\" \/>\n<meta name=\"twitter:label1\" content=\"Estimeret l\u00e6setid\" \/>\n\t<meta name=\"twitter:data1\" content=\"3 minutter\" \/>\n<script type=\"application\/ld+json\" class=\"yoast-schema-graph\">{\"@context\":\"https:\/\/schema.org\",\"@graph\":[{\"@type\":\"WebPage\",\"@id\":\"https:\/\/xenonkungen.com\/produkt\/tershine-relive-flygrostborttagare-500-ml\/\",\"url\":\"https:\/\/xenonkungen.com\/produkt\/tershine-relive-flygrostborttagare-500-ml\/\",\"name\":\"Tershine Relive - Flygrostborttagare 500 ml - Xenonkungen\",\"isPartOf\":{\"@id\":\"https:\/\/xenonkungen.com\/#website\"},\"primaryImageOfPage\":{\"@id\":\"https:\/\/xenonkungen.com\/produkt\/tershine-relive-flygrostborttagare-500-ml\/#primaryimage\"},\"image\":{\"@id\":\"https:\/\/xenonkungen.com\/produkt\/tershine-relive-flygrostborttagare-500-ml\/#primaryimage\"},\"thumbnailUrl\":\"https:\/\/xenonkungen.com\/wp-content\/uploads\/2026\/03\/ET5La0etrYXoTyF60JtMJbnZ89OrelwEyaKAxab3.webp\",\"datePublished\":\"2026-03-16T13:53:11+00:00\",\"dateModified\":\"2026-05-12T13:49:22+00:00\",\"breadcrumb\":{\"@id\":\"https:\/\/xenonkungen.com\/produkt\/tershine-relive-flygrostborttagare-500-ml\/#breadcrumb\"},\"inLanguage\":\"da-DK\",\"potentialAction\":[{\"@type\":\"ReadAction\",\"target\":[\"https:\/\/xenonkungen.com\/produkt\/tershine-relive-flygrostborttagare-500-ml\/\"]}]},{\"@type\":\"ImageObject\",\"inLanguage\":\"da-DK\",\"@id\":\"https:\/\/xenonkungen.com\/produkt\/tershine-relive-flygrostborttagare-500-ml\/#primaryimage\",\"url\":\"https:\/\/xenonkungen.com\/wp-content\/uploads\/2026\/03\/ET5La0etrYXoTyF60JtMJbnZ89OrelwEyaKAxab3.webp\",\"contentUrl\":\"https:\/\/xenonkungen.com\/wp-content\/uploads\/2026\/03\/ET5La0etrYXoTyF60JtMJbnZ89OrelwEyaKAxab3.webp\",\"width\":1024,\"height\":1024},{\"@type\":\"BreadcrumbList\",\"@id\":\"https:\/\/xenonkungen.com\/produkt\/tershine-relive-flygrostborttagare-500-ml\/#breadcrumb\",\"itemListElement\":[{\"@type\":\"ListItem\",\"position\":1,\"name\":\"Hem\",\"item\":\"https:\/\/xenonkungen.com\/\"},{\"@type\":\"ListItem\",\"position\":2,\"name\":\"Shop\",\"item\":\"https:\/\/xenonkungen.com\/shop\/\"},{\"@type\":\"ListItem\",\"position\":3,\"name\":\"Tershine Relive &#8211; Flygrostborttagare 500 ml\"}]},{\"@type\":\"WebSite\",\"@id\":\"https:\/\/xenonkungen.com\/#website\",\"url\":\"https:\/\/xenonkungen.com\/\",\"name\":\"Xenonkungen\",\"description\":\"\",\"potentialAction\":[{\"@type\":\"SearchAction\",\"target\":{\"@type\":\"EntryPoint\",\"urlTemplate\":\"https:\/\/xenonkungen.com\/?s={search_term_string}\"},\"query-input\":{\"@type\":\"PropertyValueSpecification\",\"valueRequired\":true,\"valueName\":\"search_term_string\"}}],\"inLanguage\":\"da-DK\"}]}<\/script>\n<!-- \/ Yoast SEO plugin. -->","yoast_head_json":{"title":"Tershine Relive - Flyrustfjerner 500 ml - Xenon Kongen","robots":{"index":"index","follow":"follow","max-snippet":"max-snippet:-1","max-image-preview":"max-image-preview:large","max-video-preview":"max-video-preview:-1"},"canonical":"https:\/\/xenonkungen.com\/dk\/vare\/tershine-relive-fly-rustfjerner-500-ml\/","og_locale":"da_DK","og_type":"article","og_title":"Tershine Relive - Flygrostborttagare 500 ml - Xenonkungen","og_description":"Flygrostborttagare och f\u00e4lgreng\u00f6ring som effektivt l\u00f6ser bromsdamm och andra metallpartiklar som hamnat p\u00e5 ditt fordon.","og_url":"https:\/\/xenonkungen.com\/dk\/vare\/tershine-relive-fly-rustfjerner-500-ml\/","og_site_name":"Xenonkungen","article_modified_time":"2026-05-12T13:49:22+00:00","og_image":[{"width":1024,"height":1024,"url":"https:\/\/xenonkungen.com\/wp-content\/uploads\/2026\/03\/ET5La0etrYXoTyF60JtMJbnZ89OrelwEyaKAxab3.webp","type":"image\/webp"}],"twitter_card":"summary_large_image","twitter_misc":{"Estimeret l\u00e6setid":"3 minutter"},"schema":{"@context":"https:\/\/schema.org","@graph":[{"@type":"WebPage","@id":"https:\/\/xenonkungen.com\/produkt\/tershine-relive-flygrostborttagare-500-ml\/","url":"https:\/\/xenonkungen.com\/produkt\/tershine-relive-flygrostborttagare-500-ml\/","name":"Tershine Relive - Flyrustfjerner 500 ml - Xenon Kongen","isPartOf":{"@id":"https:\/\/xenonkungen.com\/#website"},"primaryImageOfPage":{"@id":"https:\/\/xenonkungen.com\/produkt\/tershine-relive-flygrostborttagare-500-ml\/#primaryimage"},"image":{"@id":"https:\/\/xenonkungen.com\/produkt\/tershine-relive-flygrostborttagare-500-ml\/#primaryimage"},"thumbnailUrl":"https:\/\/xenonkungen.com\/wp-content\/uploads\/2026\/03\/ET5La0etrYXoTyF60JtMJbnZ89OrelwEyaKAxab3.webp","datePublished":"2026-03-16T13:53:11+00:00","dateModified":"2026-05-12T13:49:22+00:00","breadcrumb":{"@id":"https:\/\/xenonkungen.com\/produkt\/tershine-relive-flygrostborttagare-500-ml\/#breadcrumb"},"inLanguage":"da-DK","potentialAction":[{"@type":"ReadAction","target":["https:\/\/xenonkungen.com\/produkt\/tershine-relive-flygrostborttagare-500-ml\/"]}]},{"@type":"ImageObject","inLanguage":"da-DK","@id":"https:\/\/xenonkungen.com\/produkt\/tershine-relive-flygrostborttagare-500-ml\/#primaryimage","url":"https:\/\/xenonkungen.com\/wp-content\/uploads\/2026\/03\/ET5La0etrYXoTyF60JtMJbnZ89OrelwEyaKAxab3.webp","contentUrl":"https:\/\/xenonkungen.com\/wp-content\/uploads\/2026\/03\/ET5La0etrYXoTyF60JtMJbnZ89OrelwEyaKAxab3.webp","width":1024,"height":1024},{"@type":"BreadcrumbList","@id":"https:\/\/xenonkungen.com\/produkt\/tershine-relive-flygrostborttagare-500-ml\/#breadcrumb","itemListElement":[{"@type":"ListItem","position":1,"name":"Hem","item":"https:\/\/xenonkungen.com\/"},{"@type":"ListItem","position":2,"name":"Shop","item":"https:\/\/xenonkungen.com\/shop\/"},{"@type":"ListItem","position":3,"name":"Tershine Relive &#8211; Flygrostborttagare 500 ml"}]},{"@type":"WebSite","@id":"https:\/\/xenonkungen.com\/#website","url":"https:\/\/xenonkungen.com\/","name":"Xenonkungen","description":"","potentialAction":[{"@type":"SearchAction","target":{"@type":"EntryPoint","urlTemplate":"https:\/\/xenonkungen.com\/?s={search_term_string}"},"query-input":{"@type":"PropertyValueSpecification","valueRequired":true,"valueName":"search_term_string"}}],"inLanguage":"da-DK"}]}},"taxonomy_info":{"product_brand":[{"value":2893,"label":"Tershine"}],"product_cat":[{"value":2988,"label":"1 | Biltv\u00e4tt"},{"value":2989,"label":"2 | Avfettning"},{"value":2892,"label":"\u00c5terf\u00f6rs\u00e4ljarprodukter"},{"value":378,"label":"Bilv\u00e5rd"}]},"featured_image_src_large":["https:\/\/xenonkungen.com\/wp-content\/uploads\/2026\/03\/ET5La0etrYXoTyF60JtMJbnZ89OrelwEyaKAxab3.webp",1024,1024,false],"author_info":[],"comment_info":0,"_links":{"self":[{"href":"https:\/\/xenonkungen.com\/dk\/wp-json\/wp\/v2\/product\/27975","targetHints":{"allow":["GET"]}}],"collection":[{"href":"https:\/\/xenonkungen.com\/dk\/wp-json\/wp\/v2\/product"}],"about":[{"href":"https:\/\/xenonkungen.com\/dk\/wp-json\/wp\/v2\/types\/product"}],"replies":[{"embeddable":true,"href":"https:\/\/xenonkungen.com\/dk\/wp-json\/wp\/v2\/comments?post=27975"}],"wp:featuredmedia":[{"embeddable":true,"href":"https:\/\/xenonkungen.com\/dk\/wp-json\/wp\/v2\/media\/27976"}],"wp:attachment":[{"href":"https:\/\/xenonkungen.com\/dk\/wp-json\/wp\/v2\/media?parent=27975"}],"wp:term":[{"taxonomy":"anvandningsomrade","embeddable":true,"href":"https:\/\/xenonkungen.com\/dk\/wp-json\/wp\/v2\/anvandningsomrade?post=27975"},{"taxonomy":"bilmarken","embeddable":true,"href":"https:\/\/xenonkungen.com\/dk\/wp-json\/wp\/v2\/bilmarken?post=27975"},{"taxonomy":"product_brand","embeddable":true,"href":"https:\/\/xenonkungen.com\/dk\/wp-json\/wp\/v2\/product_brand?post=27975"},{"taxonomy":"product_cat","embeddable":true,"href":"https:\/\/xenonkungen.com\/dk\/wp-json\/wp\/v2\/product_cat?post=27975"},{"taxonomy":"product_tag","embeddable":true,"href":"https:\/\/xenonkungen.com\/dk\/wp-json\/wp\/v2\/product_tag?post=27975"}],"curies":[{"name":"wp","href":"https:\/\/api.w.org\/{rel}","templated":true}]}}