{"id":27978,"date":"2026-03-16T15:02:32","date_gmt":"2026-03-16T14:02:32","guid":{"rendered":"https:\/\/xenonkungen.com\/?post_type=product&#038;p=27978"},"modified":"2026-05-08T13:33:41","modified_gmt":"2026-05-08T12:33:41","slug":"tershine-afvisende-glasbehandling","status":"publish","type":"product","link":"https:\/\/xenonkungen.com\/dk\/vare\/tershine-afvisende-glasbehandling\/","title":{"rendered":"Tershine Repel \u2013 Glasbehandling"},"content":{"rendered":"<p>Tils\u00e6tningsstof til sprinklerv\u00e6ske, der giver en skinnende ren forrude og masser af dejlig afl\u00f8b. H\u00e6ld det i sprinklerv\u00e6sken, og du har en fantastisk rudebehandling p\u00e5 ingen tid. Fantastisk duft.<\/p>\n<p><strong>Vandet perler op og flyver ud af vinduet med hastig fart<br \/>\nVinduet holder sig rent l\u00e6ngere<br \/>\nEkstremt nem at bruge<br \/>\nGiver en dejlig duft af skovb\u00e6r<br \/>\nMeget effektiv<br \/>\nProduktet er produceret uden tils\u00e6tning af per- og polyfluorerede stoffer (PFAS)<\/strong><br \/>\n<strong><br \/>\nS\u00e5dan bruger du Repel \u2013 Synlighedsforst\u00e6rker: \u00a0<\/strong><\/p>\n<p><strong>1.<\/strong>\u00a0Bland 20 ml Repel pr. liter sprinklerv\u00e6ske (2%) direkte i sprinklerv\u00e6skebeholderen. Det vil sige 100 ml til 5 liter sprinklerv\u00e6ske osv.<\/p>\n<p><strong>BEM\u00c6RK: Overdosering vil ikke resultere i bedre dr\u00e6ning, kun en \u00f8get risiko for en kl\u00e6brig forrude.<\/strong><\/p>\n<p><strong>2<\/strong>Brug vaskefunktionen som s\u00e6dvanligt.<\/p>\n<p><strong>3.\u00a0<\/strong>Ja, det er ikke s\u00e5 sv\u00e6rt \ud83d\ude42<\/p>\n<p><strong>Repel \u2013 Glasbehandling\u00a0<\/strong>er et tils\u00e6tningsstof til sprinklerv\u00e6sken, der g\u00f8r vinduerne renere, og du f\u00e5r en meget behagelig afstr\u00f8mning, der g\u00f8r k\u00f8rslen meget lettere i v\u00e5dere forhold. Ekstremt glat, og fordelen er, at du vil bruge mindre sprinklerv\u00e6ske, da vinduet holder sig renere i l\u00e6ngere tid, og det vil selvf\u00f8lgelig v\u00e6re meget lettere at k\u00f8re i regnvejr takket v\u00e6re den hydrofobe effekt, der opst\u00e5r. Skjuler ogs\u00e5 til en vis grad den ikke helt rare lugt af selve sprinklerv\u00e6sken med en let &quot;skovb\u00e6rduft&quot;. 100 ml er beregnet til 4-5 liter sprinklerv\u00e6ske, men vi har bem\u00e6rket, at det ogs\u00e5 virker til mindre og mere, dvs. du kan arbejde dig op med halvdelen af flasken f\u00f8rst osv., hvis du \u00f8nsker det.<\/p>","protected":false},"excerpt":{"rendered":"<p>Et tils\u00e6tningsstof til sprinklerv\u00e6ske, der giver en skinnende ren forrude og masser af dejlig afl\u00f8bsvand. H\u00e6ld det i sprinklerv\u00e6sken, og du har en fantastisk rudebehandling p\u00e5 ingen tid.<\/p>","protected":false},"featured_media":27979,"comment_status":"open","ping_status":"closed","template":"","meta":{"_acf_changed":false,"_smort_price_nok":"","_smort_price_dkk":"","_smort_price_eur":"","_smort_sale_price_nok":"","_smort_sale_price_dkk":"","_smort_sale_price_eur":"","smort_restorder":"","shipmondo_restorder":"","_kad_blocks_custom_css":"","_kad_blocks_head_custom_js":"","_kad_blocks_body_custom_js":"","_kad_blocks_footer_custom_js":"","smort_custom_pricelist_1":null,"smort_custom_pricelist_2":null,"smort_custom_pricelist_3":null,"smort_custom_pricelist_4":null,"smort_custom_pricelist_5":null},"anvandningsomrade":[],"bilmarken":[],"product_brand":[2893],"product_cat":[2892,378],"product_tag":[],"class_list":{"0":"post-27978","1":"product","2":"type-product","3":"status-publish","4":"has-post-thumbnail","6":"product_brand-tershine","7":"product_cat-retail-produkter","8":"product_cat-bilvard","10":"first","11":"instock","12":"taxable","13":"shipping-taxable","14":"purchasable","15":"product-type-variable"},"bundled_by":[],"bundle_stock_status":"instock","bundle_stock_quantity":null,"bundle_virtual":false,"bundle_layout":"","bundle_add_to_cart_form_location":"","bundle_editable_in_cart":false,"bundle_sold_individually_context":"","bundle_item_grouping":"","bundle_min_size":"","bundle_max_size":"","bundle_price":[],"bundled_items":[],"bundle_sell_ids":[],"acf":[],"yoast_head":"<!-- This site is optimized with the Yoast SEO plugin v27.0 - https:\/\/yoast.com\/product\/yoast-seo-wordpress\/ -->\n<title>Tershine Repel - Glasbehandling - Xenonkungen<\/title>\n<meta name=\"robots\" content=\"index, follow, max-snippet:-1, max-image-preview:large, max-video-preview:-1\" \/>\n<link rel=\"canonical\" href=\"https:\/\/xenonkungen.com\/dk\/vare\/tershine-afvisende-glasbehandling\/\" \/>\n<meta property=\"og:locale\" content=\"da_DK\" \/>\n<meta property=\"og:type\" content=\"article\" \/>\n<meta property=\"og:title\" content=\"Tershine Repel - Glasbehandling - Xenonkungen\" \/>\n<meta property=\"og:description\" content=\"En tillsats f\u00f6r spolarv\u00e4tskan som ger en skinande ren\u00a0framruta och massa h\u00e4rlig avrinning. H\u00e4ll ner i spolarv\u00e4tskan och sen har du f\u00e5tt en grym glasbehandling p\u00e5 nolltid.\" \/>\n<meta property=\"og:url\" content=\"https:\/\/xenonkungen.com\/dk\/vare\/tershine-afvisende-glasbehandling\/\" \/>\n<meta property=\"og:site_name\" content=\"Xenonkungen\" \/>\n<meta property=\"article:modified_time\" content=\"2026-05-08T12:33:41+00:00\" \/>\n<meta property=\"og:image\" content=\"https:\/\/xenonkungen.com\/wp-content\/uploads\/2026\/03\/k4xfSmysjATfxTZiMyn9J5nTiF8uwlLmVjCIpvMm.webp\" \/>\n\t<meta property=\"og:image:width\" content=\"1024\" \/>\n\t<meta property=\"og:image:height\" content=\"1024\" \/>\n\t<meta property=\"og:image:type\" content=\"image\/webp\" \/>\n<meta name=\"twitter:card\" content=\"summary_large_image\" \/>\n<meta name=\"twitter:label1\" content=\"Estimeret l\u00e6setid\" \/>\n\t<meta name=\"twitter:data1\" content=\"2 minutter\" \/>\n<script type=\"application\/ld+json\" class=\"yoast-schema-graph\">{\"@context\":\"https:\/\/schema.org\",\"@graph\":[{\"@type\":\"WebPage\",\"@id\":\"https:\/\/xenonkungen.com\/produkt\/tershine-repel-glasbehandling\/\",\"url\":\"https:\/\/xenonkungen.com\/produkt\/tershine-repel-glasbehandling\/\",\"name\":\"Tershine Repel - Glasbehandling - Xenonkungen\",\"isPartOf\":{\"@id\":\"https:\/\/xenonkungen.com\/#website\"},\"primaryImageOfPage\":{\"@id\":\"https:\/\/xenonkungen.com\/produkt\/tershine-repel-glasbehandling\/#primaryimage\"},\"image\":{\"@id\":\"https:\/\/xenonkungen.com\/produkt\/tershine-repel-glasbehandling\/#primaryimage\"},\"thumbnailUrl\":\"https:\/\/xenonkungen.com\/wp-content\/uploads\/2026\/03\/k4xfSmysjATfxTZiMyn9J5nTiF8uwlLmVjCIpvMm.webp\",\"datePublished\":\"2026-03-16T14:02:32+00:00\",\"dateModified\":\"2026-05-08T12:33:41+00:00\",\"breadcrumb\":{\"@id\":\"https:\/\/xenonkungen.com\/produkt\/tershine-repel-glasbehandling\/#breadcrumb\"},\"inLanguage\":\"da-DK\",\"potentialAction\":[{\"@type\":\"ReadAction\",\"target\":[\"https:\/\/xenonkungen.com\/produkt\/tershine-repel-glasbehandling\/\"]}]},{\"@type\":\"ImageObject\",\"inLanguage\":\"da-DK\",\"@id\":\"https:\/\/xenonkungen.com\/produkt\/tershine-repel-glasbehandling\/#primaryimage\",\"url\":\"https:\/\/xenonkungen.com\/wp-content\/uploads\/2026\/03\/k4xfSmysjATfxTZiMyn9J5nTiF8uwlLmVjCIpvMm.webp\",\"contentUrl\":\"https:\/\/xenonkungen.com\/wp-content\/uploads\/2026\/03\/k4xfSmysjATfxTZiMyn9J5nTiF8uwlLmVjCIpvMm.webp\",\"width\":1024,\"height\":1024},{\"@type\":\"BreadcrumbList\",\"@id\":\"https:\/\/xenonkungen.com\/produkt\/tershine-repel-glasbehandling\/#breadcrumb\",\"itemListElement\":[{\"@type\":\"ListItem\",\"position\":1,\"name\":\"Hem\",\"item\":\"https:\/\/xenonkungen.com\/\"},{\"@type\":\"ListItem\",\"position\":2,\"name\":\"Shop\",\"item\":\"https:\/\/xenonkungen.com\/shop\/\"},{\"@type\":\"ListItem\",\"position\":3,\"name\":\"Tershine Repel &#8211; Glasbehandling\"}]},{\"@type\":\"WebSite\",\"@id\":\"https:\/\/xenonkungen.com\/#website\",\"url\":\"https:\/\/xenonkungen.com\/\",\"name\":\"Xenonkungen\",\"description\":\"\",\"potentialAction\":[{\"@type\":\"SearchAction\",\"target\":{\"@type\":\"EntryPoint\",\"urlTemplate\":\"https:\/\/xenonkungen.com\/?s={search_term_string}\"},\"query-input\":{\"@type\":\"PropertyValueSpecification\",\"valueRequired\":true,\"valueName\":\"search_term_string\"}}],\"inLanguage\":\"da-DK\"}]}<\/script>\n<!-- \/ Yoast SEO plugin. -->","yoast_head_json":{"title":"Tershine Repel - Glasbehandling - Xenonkongen","robots":{"index":"index","follow":"follow","max-snippet":"max-snippet:-1","max-image-preview":"max-image-preview:large","max-video-preview":"max-video-preview:-1"},"canonical":"https:\/\/xenonkungen.com\/dk\/vare\/tershine-afvisende-glasbehandling\/","og_locale":"da_DK","og_type":"article","og_title":"Tershine Repel - Glasbehandling - Xenonkungen","og_description":"En tillsats f\u00f6r spolarv\u00e4tskan som ger en skinande ren\u00a0framruta och massa h\u00e4rlig avrinning. H\u00e4ll ner i spolarv\u00e4tskan och sen har du f\u00e5tt en grym glasbehandling p\u00e5 nolltid.","og_url":"https:\/\/xenonkungen.com\/dk\/vare\/tershine-afvisende-glasbehandling\/","og_site_name":"Xenonkungen","article_modified_time":"2026-05-08T12:33:41+00:00","og_image":[{"width":1024,"height":1024,"url":"https:\/\/xenonkungen.com\/wp-content\/uploads\/2026\/03\/k4xfSmysjATfxTZiMyn9J5nTiF8uwlLmVjCIpvMm.webp","type":"image\/webp"}],"twitter_card":"summary_large_image","twitter_misc":{"Estimeret l\u00e6setid":"2 minutter"},"schema":{"@context":"https:\/\/schema.org","@graph":[{"@type":"WebPage","@id":"https:\/\/xenonkungen.com\/produkt\/tershine-repel-glasbehandling\/","url":"https:\/\/xenonkungen.com\/produkt\/tershine-repel-glasbehandling\/","name":"Tershine Repel - Glasbehandling - Xenonkongen","isPartOf":{"@id":"https:\/\/xenonkungen.com\/#website"},"primaryImageOfPage":{"@id":"https:\/\/xenonkungen.com\/produkt\/tershine-repel-glasbehandling\/#primaryimage"},"image":{"@id":"https:\/\/xenonkungen.com\/produkt\/tershine-repel-glasbehandling\/#primaryimage"},"thumbnailUrl":"https:\/\/xenonkungen.com\/wp-content\/uploads\/2026\/03\/k4xfSmysjATfxTZiMyn9J5nTiF8uwlLmVjCIpvMm.webp","datePublished":"2026-03-16T14:02:32+00:00","dateModified":"2026-05-08T12:33:41+00:00","breadcrumb":{"@id":"https:\/\/xenonkungen.com\/produkt\/tershine-repel-glasbehandling\/#breadcrumb"},"inLanguage":"da-DK","potentialAction":[{"@type":"ReadAction","target":["https:\/\/xenonkungen.com\/produkt\/tershine-repel-glasbehandling\/"]}]},{"@type":"ImageObject","inLanguage":"da-DK","@id":"https:\/\/xenonkungen.com\/produkt\/tershine-repel-glasbehandling\/#primaryimage","url":"https:\/\/xenonkungen.com\/wp-content\/uploads\/2026\/03\/k4xfSmysjATfxTZiMyn9J5nTiF8uwlLmVjCIpvMm.webp","contentUrl":"https:\/\/xenonkungen.com\/wp-content\/uploads\/2026\/03\/k4xfSmysjATfxTZiMyn9J5nTiF8uwlLmVjCIpvMm.webp","width":1024,"height":1024},{"@type":"BreadcrumbList","@id":"https:\/\/xenonkungen.com\/produkt\/tershine-repel-glasbehandling\/#breadcrumb","itemListElement":[{"@type":"ListItem","position":1,"name":"Hem","item":"https:\/\/xenonkungen.com\/"},{"@type":"ListItem","position":2,"name":"Shop","item":"https:\/\/xenonkungen.com\/shop\/"},{"@type":"ListItem","position":3,"name":"Tershine Repel &#8211; Glasbehandling"}]},{"@type":"WebSite","@id":"https:\/\/xenonkungen.com\/#website","url":"https:\/\/xenonkungen.com\/","name":"Xenonkungen","description":"","potentialAction":[{"@type":"SearchAction","target":{"@type":"EntryPoint","urlTemplate":"https:\/\/xenonkungen.com\/?s={search_term_string}"},"query-input":{"@type":"PropertyValueSpecification","valueRequired":true,"valueName":"search_term_string"}}],"inLanguage":"da-DK"}]}},"taxonomy_info":{"product_brand":[{"value":2893,"label":"Tershine"}],"product_cat":[{"value":2892,"label":"\u00c5terf\u00f6rs\u00e4ljarprodukter"},{"value":378,"label":"Bilv\u00e5rd"}]},"featured_image_src_large":["https:\/\/xenonkungen.com\/wp-content\/uploads\/2026\/03\/k4xfSmysjATfxTZiMyn9J5nTiF8uwlLmVjCIpvMm.webp",1024,1024,false],"author_info":[],"comment_info":0,"_links":{"self":[{"href":"https:\/\/xenonkungen.com\/dk\/wp-json\/wp\/v2\/product\/27978","targetHints":{"allow":["GET"]}}],"collection":[{"href":"https:\/\/xenonkungen.com\/dk\/wp-json\/wp\/v2\/product"}],"about":[{"href":"https:\/\/xenonkungen.com\/dk\/wp-json\/wp\/v2\/types\/product"}],"replies":[{"embeddable":true,"href":"https:\/\/xenonkungen.com\/dk\/wp-json\/wp\/v2\/comments?post=27978"}],"wp:featuredmedia":[{"embeddable":true,"href":"https:\/\/xenonkungen.com\/dk\/wp-json\/wp\/v2\/media\/27979"}],"wp:attachment":[{"href":"https:\/\/xenonkungen.com\/dk\/wp-json\/wp\/v2\/media?parent=27978"}],"wp:term":[{"taxonomy":"anvandningsomrade","embeddable":true,"href":"https:\/\/xenonkungen.com\/dk\/wp-json\/wp\/v2\/anvandningsomrade?post=27978"},{"taxonomy":"bilmarken","embeddable":true,"href":"https:\/\/xenonkungen.com\/dk\/wp-json\/wp\/v2\/bilmarken?post=27978"},{"taxonomy":"product_brand","embeddable":true,"href":"https:\/\/xenonkungen.com\/dk\/wp-json\/wp\/v2\/product_brand?post=27978"},{"taxonomy":"product_cat","embeddable":true,"href":"https:\/\/xenonkungen.com\/dk\/wp-json\/wp\/v2\/product_cat?post=27978"},{"taxonomy":"product_tag","embeddable":true,"href":"https:\/\/xenonkungen.com\/dk\/wp-json\/wp\/v2\/product_tag?post=27978"}],"curies":[{"name":"wp","href":"https:\/\/api.w.org\/{rel}","templated":true}]}}