{"id":27983,"date":"2026-03-16T15:10:51","date_gmt":"2026-03-16T14:10:51","guid":{"rendered":"https:\/\/xenonkungen.com\/?post_type=product&#038;p=27983"},"modified":"2026-04-24T17:48:49","modified_gmt":"2026-04-24T16:48:49","slug":"tershine-gendannelsespolering","status":"publish","type":"product","link":"https:\/\/xenonkungen.com\/dk\/vare\/tershine-gendannelsespolering\/","title":{"rendered":"Tershine Restore \u2013 Polering"},"content":{"rendered":"<p>Meget effektiv og alsidig polermiddel, helt fri for fyldstoffer. Fungerer bedst med mikrofiberruller, men selvf\u00f8lgelig ogs\u00e5 med almindelige skumruller.<\/p>\n<p><strong>Fjerner ridser fra 1000 grit og afslutter op til 4000 grit<br \/>\nPerfekt til alle typer maling<br \/>\nGiver en enorm glans<br \/>\nIndeholder ingen fyldstoffer<br \/>\nLet at t\u00f8rre af<br \/>\nKanon til polering af forlygter<br \/>\nFungerer p\u00e5 forkromede overflader<br \/>\nProduktet er ikke klassificeret som m\u00e6rkningspligtigt i henhold til CLP-forordning (EF) 1272\/2008.<br \/>\n<\/strong><\/p>\n<p><strong>S\u00e5dan bruger du Restore \u2013 Polish<\/strong><\/p>\n<p><strong>1.\u00a0<\/strong>P\u00e5f\u00f8r en lille m\u00e6ngde p\u00e5 din pude<strong><br \/>\n2.\u00a0<\/strong>Pol\u00e9r ved lav hastighed (1-2000 o\/min) og lad maskinen\/midlet og puden klare arbejdet. Men test det af, det afh\u00e6nger helt af maskinen osv. Fungerer bedst med mikrofiber-\/uldruller det meste af tiden i dette trin.\u00a0<strong><br \/>\n3.\u00a0<\/strong>Skift til en finishpad og finish ved h\u00f8jere omdrejninger (uden at tils\u00e6tte mere middel)<strong><br \/>\n4.\u00a0<\/strong>Sig hej til den alm\u00e6gtige gloss<\/p>\n<p>Restore \u2013 Spray Polish er en polish, der er super nem at bruge og giver dig et fantastisk resultat, uanset dine tidligere poleringsevner. Produktet kan b\u00e5de fjerne genstridige ridser ned til 1000 grit og kan ogs\u00e5 bruges som et efterbehandlingsmiddel.<\/p>\n<p>&nbsp;<\/p>\n<p>&nbsp;<\/p>\n<p>Ps. Med dette produkt er det puden, der &quot;bestemmer&quot; resultatet, s\u00e5 brug gerne to forskellige. En til grovere ridser og derefter en finere, uden at tils\u00e6tte mere produkt. Du kan selvf\u00f8lgelig ogs\u00e5 bare bruge \u00e9t trin, afh\u00e6ngigt af lakkens tilstand.<\/p>\n<div class=\"text_exposed_show\">\n<div class=\"text_exposed_show\">\n<p><strong>Duft:\u00a0<\/strong>Nippe til<strong>\u00a0<\/strong>med lidt skov<\/p>\n<p>Husk p\u00e5, at der er et godt skub i dette (1000 grit svarer til et kraftigt snit).<\/p>\n<h6>Opbevares utilg\u00e6ngeligt for b\u00f8rn. Hav beholderen eller etiketten ved h\u00e5nden, hvis du har brug for l\u00e6gehj\u00e6lp.<\/h6>\n<\/div>\n<\/div>","protected":false},"excerpt":{"rendered":"<p>En polermiddel, der er super nem at bruge og vil give et fantastisk resultat, uanset tidligere poleringsevner.<\/p>","protected":false},"featured_media":27984,"comment_status":"open","ping_status":"closed","template":"","meta":{"_acf_changed":false,"_smort_price_nok":"","_smort_price_dkk":"","_smort_price_eur":"","_smort_sale_price_nok":"","_smort_sale_price_dkk":"","_smort_sale_price_eur":"","smort_restorder":"","shipmondo_restorder":"","_kad_blocks_custom_css":"","_kad_blocks_head_custom_js":"","_kad_blocks_body_custom_js":"","_kad_blocks_footer_custom_js":"","smort_custom_pricelist_1":"","smort_custom_pricelist_2":"","smort_custom_pricelist_3":"","smort_custom_pricelist_4":"","smort_custom_pricelist_5":""},"anvandningsomrade":[],"bilmarken":[],"product_brand":[2893],"product_cat":[2617,2892,378],"product_tag":[],"class_list":{"0":"post-27983","1":"product","2":"type-product","3":"status-publish","4":"has-post-thumbnail","6":"product_brand-tershine","7":"product_cat-polering","8":"product_cat-retail-produkter","9":"product_cat-bilvard","11":"first","12":"onbackorder","13":"taxable","14":"shipping-taxable","15":"purchasable","16":"product-type-variable"},"bundled_by":[],"bundle_stock_status":"onbackorder","bundle_stock_quantity":null,"bundle_virtual":false,"bundle_layout":"","bundle_add_to_cart_form_location":"","bundle_editable_in_cart":false,"bundle_sold_individually_context":"","bundle_item_grouping":"","bundle_min_size":"","bundle_max_size":"","bundle_price":[],"bundled_items":[],"bundle_sell_ids":[],"acf":[],"yoast_head":"<!-- This site is optimized with the Yoast SEO plugin v27.0 - https:\/\/yoast.com\/product\/yoast-seo-wordpress\/ -->\n<title>Tershine Restore - Polermedel - Xenonkungen<\/title>\n<meta name=\"robots\" content=\"index, follow, max-snippet:-1, max-image-preview:large, max-video-preview:-1\" \/>\n<link rel=\"canonical\" href=\"https:\/\/xenonkungen.com\/dk\/vare\/tershine-gendannelsespolering\/\" \/>\n<meta property=\"og:locale\" content=\"da_DK\" \/>\n<meta property=\"og:type\" content=\"article\" \/>\n<meta property=\"og:title\" content=\"Tershine Restore - Polermedel - Xenonkungen\" \/>\n<meta property=\"og:description\" content=\"Ett polermedel som \u00e4r superenkelt att anv\u00e4nda och kommer att ge ett kanonresultat, oavsett tidigare poleringskunskaper.\" \/>\n<meta property=\"og:url\" content=\"https:\/\/xenonkungen.com\/dk\/vare\/tershine-gendannelsespolering\/\" \/>\n<meta property=\"og:site_name\" content=\"Xenonkungen\" \/>\n<meta property=\"article:modified_time\" content=\"2026-04-24T16:48:49+00:00\" \/>\n<meta property=\"og:image\" content=\"https:\/\/xenonkungen.com\/wp-content\/uploads\/2026\/03\/UWG7Mj94RyaitSuP7136RHUwEyFW550XLR9H7nSL.webp\" \/>\n\t<meta property=\"og:image:width\" content=\"1024\" \/>\n\t<meta property=\"og:image:height\" content=\"1024\" \/>\n\t<meta property=\"og:image:type\" content=\"image\/webp\" \/>\n<meta name=\"twitter:card\" content=\"summary_large_image\" \/>\n<meta name=\"twitter:label1\" content=\"Estimeret l\u00e6setid\" \/>\n\t<meta name=\"twitter:data1\" content=\"2 minutter\" \/>\n<script type=\"application\/ld+json\" class=\"yoast-schema-graph\">{\"@context\":\"https:\/\/schema.org\",\"@graph\":[{\"@type\":\"WebPage\",\"@id\":\"https:\/\/xenonkungen.com\/produkt\/tershine-restore-polermedel\/\",\"url\":\"https:\/\/xenonkungen.com\/produkt\/tershine-restore-polermedel\/\",\"name\":\"Tershine Restore - Polermedel - Xenonkungen\",\"isPartOf\":{\"@id\":\"https:\/\/xenonkungen.com\/#website\"},\"primaryImageOfPage\":{\"@id\":\"https:\/\/xenonkungen.com\/produkt\/tershine-restore-polermedel\/#primaryimage\"},\"image\":{\"@id\":\"https:\/\/xenonkungen.com\/produkt\/tershine-restore-polermedel\/#primaryimage\"},\"thumbnailUrl\":\"https:\/\/xenonkungen.com\/wp-content\/uploads\/2026\/03\/UWG7Mj94RyaitSuP7136RHUwEyFW550XLR9H7nSL.webp\",\"datePublished\":\"2026-03-16T14:10:51+00:00\",\"dateModified\":\"2026-04-24T16:48:49+00:00\",\"breadcrumb\":{\"@id\":\"https:\/\/xenonkungen.com\/produkt\/tershine-restore-polermedel\/#breadcrumb\"},\"inLanguage\":\"da-DK\",\"potentialAction\":[{\"@type\":\"ReadAction\",\"target\":[\"https:\/\/xenonkungen.com\/produkt\/tershine-restore-polermedel\/\"]}]},{\"@type\":\"ImageObject\",\"inLanguage\":\"da-DK\",\"@id\":\"https:\/\/xenonkungen.com\/produkt\/tershine-restore-polermedel\/#primaryimage\",\"url\":\"https:\/\/xenonkungen.com\/wp-content\/uploads\/2026\/03\/UWG7Mj94RyaitSuP7136RHUwEyFW550XLR9H7nSL.webp\",\"contentUrl\":\"https:\/\/xenonkungen.com\/wp-content\/uploads\/2026\/03\/UWG7Mj94RyaitSuP7136RHUwEyFW550XLR9H7nSL.webp\",\"width\":1024,\"height\":1024},{\"@type\":\"BreadcrumbList\",\"@id\":\"https:\/\/xenonkungen.com\/produkt\/tershine-restore-polermedel\/#breadcrumb\",\"itemListElement\":[{\"@type\":\"ListItem\",\"position\":1,\"name\":\"Hem\",\"item\":\"https:\/\/xenonkungen.com\/\"},{\"@type\":\"ListItem\",\"position\":2,\"name\":\"Shop\",\"item\":\"https:\/\/xenonkungen.com\/shop\/\"},{\"@type\":\"ListItem\",\"position\":3,\"name\":\"Tershine Restore &#8211; Polermedel\"}]},{\"@type\":\"WebSite\",\"@id\":\"https:\/\/xenonkungen.com\/#website\",\"url\":\"https:\/\/xenonkungen.com\/\",\"name\":\"Xenonkungen\",\"description\":\"\",\"potentialAction\":[{\"@type\":\"SearchAction\",\"target\":{\"@type\":\"EntryPoint\",\"urlTemplate\":\"https:\/\/xenonkungen.com\/?s={search_term_string}\"},\"query-input\":{\"@type\":\"PropertyValueSpecification\",\"valueRequired\":true,\"valueName\":\"search_term_string\"}}],\"inLanguage\":\"da-DK\"}]}<\/script>\n<!-- \/ Yoast SEO plugin. -->","yoast_head_json":{"title":"Tershine Restore - Polering - Xenon Kongen","robots":{"index":"index","follow":"follow","max-snippet":"max-snippet:-1","max-image-preview":"max-image-preview:large","max-video-preview":"max-video-preview:-1"},"canonical":"https:\/\/xenonkungen.com\/dk\/vare\/tershine-gendannelsespolering\/","og_locale":"da_DK","og_type":"article","og_title":"Tershine Restore - Polermedel - Xenonkungen","og_description":"Ett polermedel som \u00e4r superenkelt att anv\u00e4nda och kommer att ge ett kanonresultat, oavsett tidigare poleringskunskaper.","og_url":"https:\/\/xenonkungen.com\/dk\/vare\/tershine-gendannelsespolering\/","og_site_name":"Xenonkungen","article_modified_time":"2026-04-24T16:48:49+00:00","og_image":[{"width":1024,"height":1024,"url":"https:\/\/xenonkungen.com\/wp-content\/uploads\/2026\/03\/UWG7Mj94RyaitSuP7136RHUwEyFW550XLR9H7nSL.webp","type":"image\/webp"}],"twitter_card":"summary_large_image","twitter_misc":{"Estimeret l\u00e6setid":"2 minutter"},"schema":{"@context":"https:\/\/schema.org","@graph":[{"@type":"WebPage","@id":"https:\/\/xenonkungen.com\/produkt\/tershine-restore-polermedel\/","url":"https:\/\/xenonkungen.com\/produkt\/tershine-restore-polermedel\/","name":"Tershine Restore - Polering - Xenon Kongen","isPartOf":{"@id":"https:\/\/xenonkungen.com\/#website"},"primaryImageOfPage":{"@id":"https:\/\/xenonkungen.com\/produkt\/tershine-restore-polermedel\/#primaryimage"},"image":{"@id":"https:\/\/xenonkungen.com\/produkt\/tershine-restore-polermedel\/#primaryimage"},"thumbnailUrl":"https:\/\/xenonkungen.com\/wp-content\/uploads\/2026\/03\/UWG7Mj94RyaitSuP7136RHUwEyFW550XLR9H7nSL.webp","datePublished":"2026-03-16T14:10:51+00:00","dateModified":"2026-04-24T16:48:49+00:00","breadcrumb":{"@id":"https:\/\/xenonkungen.com\/produkt\/tershine-restore-polermedel\/#breadcrumb"},"inLanguage":"da-DK","potentialAction":[{"@type":"ReadAction","target":["https:\/\/xenonkungen.com\/produkt\/tershine-restore-polermedel\/"]}]},{"@type":"ImageObject","inLanguage":"da-DK","@id":"https:\/\/xenonkungen.com\/produkt\/tershine-restore-polermedel\/#primaryimage","url":"https:\/\/xenonkungen.com\/wp-content\/uploads\/2026\/03\/UWG7Mj94RyaitSuP7136RHUwEyFW550XLR9H7nSL.webp","contentUrl":"https:\/\/xenonkungen.com\/wp-content\/uploads\/2026\/03\/UWG7Mj94RyaitSuP7136RHUwEyFW550XLR9H7nSL.webp","width":1024,"height":1024},{"@type":"BreadcrumbList","@id":"https:\/\/xenonkungen.com\/produkt\/tershine-restore-polermedel\/#breadcrumb","itemListElement":[{"@type":"ListItem","position":1,"name":"Hem","item":"https:\/\/xenonkungen.com\/"},{"@type":"ListItem","position":2,"name":"Shop","item":"https:\/\/xenonkungen.com\/shop\/"},{"@type":"ListItem","position":3,"name":"Tershine Restore &#8211; Polermedel"}]},{"@type":"WebSite","@id":"https:\/\/xenonkungen.com\/#website","url":"https:\/\/xenonkungen.com\/","name":"Xenonkungen","description":"","potentialAction":[{"@type":"SearchAction","target":{"@type":"EntryPoint","urlTemplate":"https:\/\/xenonkungen.com\/?s={search_term_string}"},"query-input":{"@type":"PropertyValueSpecification","valueRequired":true,"valueName":"search_term_string"}}],"inLanguage":"da-DK"}]}},"taxonomy_info":{"product_brand":[{"value":2893,"label":"Tershine"}],"product_cat":[{"value":2617,"label":"3 | Polering"},{"value":2892,"label":"\u00c5terf\u00f6rs\u00e4ljarprodukter"},{"value":378,"label":"Bilv\u00e5rd"}]},"featured_image_src_large":["https:\/\/xenonkungen.com\/wp-content\/uploads\/2026\/03\/UWG7Mj94RyaitSuP7136RHUwEyFW550XLR9H7nSL.webp",1024,1024,false],"author_info":[],"comment_info":0,"_links":{"self":[{"href":"https:\/\/xenonkungen.com\/dk\/wp-json\/wp\/v2\/product\/27983","targetHints":{"allow":["GET"]}}],"collection":[{"href":"https:\/\/xenonkungen.com\/dk\/wp-json\/wp\/v2\/product"}],"about":[{"href":"https:\/\/xenonkungen.com\/dk\/wp-json\/wp\/v2\/types\/product"}],"replies":[{"embeddable":true,"href":"https:\/\/xenonkungen.com\/dk\/wp-json\/wp\/v2\/comments?post=27983"}],"wp:featuredmedia":[{"embeddable":true,"href":"https:\/\/xenonkungen.com\/dk\/wp-json\/wp\/v2\/media\/27984"}],"wp:attachment":[{"href":"https:\/\/xenonkungen.com\/dk\/wp-json\/wp\/v2\/media?parent=27983"}],"wp:term":[{"taxonomy":"anvandningsomrade","embeddable":true,"href":"https:\/\/xenonkungen.com\/dk\/wp-json\/wp\/v2\/anvandningsomrade?post=27983"},{"taxonomy":"bilmarken","embeddable":true,"href":"https:\/\/xenonkungen.com\/dk\/wp-json\/wp\/v2\/bilmarken?post=27983"},{"taxonomy":"product_brand","embeddable":true,"href":"https:\/\/xenonkungen.com\/dk\/wp-json\/wp\/v2\/product_brand?post=27983"},{"taxonomy":"product_cat","embeddable":true,"href":"https:\/\/xenonkungen.com\/dk\/wp-json\/wp\/v2\/product_cat?post=27983"},{"taxonomy":"product_tag","embeddable":true,"href":"https:\/\/xenonkungen.com\/dk\/wp-json\/wp\/v2\/product_tag?post=27983"}],"curies":[{"name":"wp","href":"https:\/\/api.w.org\/{rel}","templated":true}]}}