{"id":28001,"date":"2026-03-16T16:05:55","date_gmt":"2026-03-16T15:05:55","guid":{"rendered":"https:\/\/xenonkungen.com\/?post_type=product&#038;p=28001"},"modified":"2026-05-08T13:33:44","modified_gmt":"2026-05-08T12:33:44","slug":"tershine-soapy-handtval-blomster","status":"publish","type":"product","link":"https:\/\/xenonkungen.com\/dk\/vare\/tershine-soapy-handtval-blomster\/","title":{"rendered":"Tershine Soapy \u2013 H\u00e5nds\u00e6be Blomster"},"content":{"rendered":"<p>Fugtgivende og vidunderligt duftende h\u00e5nds\u00e6be af h\u00f8jeste kvalitet, der g\u00f8r underv\u00e6rker.<\/p>\n<p><strong>Fugter<br \/>\nEkstremt ru<br \/>\nFri for parabener og ftalater<br \/>\nVegansk<\/strong><\/p>\n<p>SOAPY er en eksklusiv flydende h\u00e5nds\u00e6be, designet til at fungere lige s\u00e5 godt p\u00e5 badev\u00e6relset\/k\u00f8kkenet som i garagen. Pakket med fine ingredienser og fri for skadelige stoffer. Indeholder arganolie, som b\u00e5de fugter og bl\u00f8dg\u00f8r h\u00e6nderne, er fuldst\u00e6ndig vegansk og fri for parabener.<\/p>\n<p><strong>S\u00e5dan bruger du Soapy \u2013 H\u00e5nds\u00e6be<\/strong><\/p>\n<p><strong>1.\u00a0<\/strong>Fugt dine h\u00e6nder med rent vand og sluk for hanen.<br \/>\n<strong>2.\u00a0<\/strong>Tag en klat s\u00e6be i h\u00e6nderne og begynd at gnide.<strong><br \/>\n3.\u00a0<\/strong>Skrub alle dele af dine h\u00e6nder grundigt. G\u00f8r dette i mindst 20 sekunder.<br \/>\n<strong>4.\u00a0<\/strong>Skyl dine h\u00e6nder grundigt.<\/p>\n<p>P.S. Rene h\u00e6nder er selvf\u00f8lgelig vigtige, n\u00e5r det g\u00e6lder om at forhindre spredning af virus og bakterier, men det hj\u00e6lper ogs\u00e5 med at minimere m\u00e6ngden af fedt og pletter, der ender p\u00e5 dit k\u00f8ret\u00f8js interi\u00f8r.<\/p>","protected":false},"excerpt":{"rendered":"<p>\u00c5terfuktande och fantastiskt v\u00e4ldoftande handtv\u00e5l av h\u00f6gsta kvalitet som g\u00f6r underverk! Naturliga r\u00e5varor och dofter.<\/p>","protected":false},"featured_media":28003,"comment_status":"open","ping_status":"closed","template":"","meta":{"_acf_changed":false,"_smort_price_nok":"","_smort_price_dkk":"","_smort_price_eur":"","_smort_sale_price_nok":"","_smort_sale_price_dkk":"","_smort_sale_price_eur":"","smort_restorder":"","shipmondo_restorder":"","_kad_blocks_custom_css":"","_kad_blocks_head_custom_js":"","_kad_blocks_body_custom_js":"","_kad_blocks_footer_custom_js":"","smort_custom_pricelist_1":null,"smort_custom_pricelist_2":null,"smort_custom_pricelist_3":null,"smort_custom_pricelist_4":null,"smort_custom_pricelist_5":null},"anvandningsomrade":[],"bilmarken":[],"product_brand":[2893],"product_cat":[2617,2892,378],"product_tag":[],"class_list":{"0":"post-28001","1":"product","2":"type-product","3":"status-publish","4":"has-post-thumbnail","6":"product_brand-tershine","7":"product_cat-polering","8":"product_cat-retail-produkter","9":"product_cat-bilvard","11":"first","12":"instock","13":"taxable","14":"shipping-taxable","15":"purchasable","16":"product-type-variable"},"bundled_by":[],"bundle_stock_status":"instock","bundle_stock_quantity":null,"bundle_virtual":false,"bundle_layout":"","bundle_add_to_cart_form_location":"","bundle_editable_in_cart":false,"bundle_sold_individually_context":"","bundle_item_grouping":"","bundle_min_size":"","bundle_max_size":"","bundle_price":[],"bundled_items":[],"bundle_sell_ids":[],"acf":[],"yoast_head":"<!-- This site is optimized with the Yoast SEO plugin v27.0 - https:\/\/yoast.com\/product\/yoast-seo-wordpress\/ -->\n<title>Tershine Soapy - Handtv\u00e5l Blomster - Xenonkungen<\/title>\n<meta name=\"robots\" content=\"index, follow, max-snippet:-1, max-image-preview:large, max-video-preview:-1\" \/>\n<link rel=\"canonical\" href=\"https:\/\/xenonkungen.com\/dk\/vare\/tershine-soapy-handtval-blomster\/\" \/>\n<meta property=\"og:locale\" content=\"da_DK\" \/>\n<meta property=\"og:type\" content=\"article\" \/>\n<meta property=\"og:title\" content=\"Tershine Soapy - Handtv\u00e5l Blomster - Xenonkungen\" \/>\n<meta property=\"og:description\" content=\"\u00c5terfuktande och fantastiskt v\u00e4ldoftande handtv\u00e5l av h\u00f6gsta kvalitet som g\u00f6r underverk! Naturliga r\u00e5varor och dofter.\" \/>\n<meta property=\"og:url\" content=\"https:\/\/xenonkungen.com\/dk\/vare\/tershine-soapy-handtval-blomster\/\" \/>\n<meta property=\"og:site_name\" content=\"Xenonkungen\" \/>\n<meta property=\"article:modified_time\" content=\"2026-05-08T12:33:44+00:00\" \/>\n<meta property=\"og:image\" content=\"https:\/\/xenonkungen.com\/wp-content\/uploads\/2026\/03\/SWXPb3XuVqyLGRcDmo3i0sRIlDbJpv9j7jQDZ8Yf.webp\" \/>\n\t<meta property=\"og:image:width\" content=\"1024\" \/>\n\t<meta property=\"og:image:height\" content=\"1024\" \/>\n\t<meta property=\"og:image:type\" content=\"image\/webp\" \/>\n<meta name=\"twitter:card\" content=\"summary_large_image\" \/>\n<meta name=\"twitter:label1\" content=\"Estimeret l\u00e6setid\" \/>\n\t<meta name=\"twitter:data1\" content=\"1 minut\" \/>\n<script type=\"application\/ld+json\" class=\"yoast-schema-graph\">{\"@context\":\"https:\/\/schema.org\",\"@graph\":[{\"@type\":\"WebPage\",\"@id\":\"https:\/\/xenonkungen.com\/produkt\/tershine-soapy-handtval-blomster\/\",\"url\":\"https:\/\/xenonkungen.com\/produkt\/tershine-soapy-handtval-blomster\/\",\"name\":\"Tershine Soapy - Handtv\u00e5l Blomster - Xenonkungen\",\"isPartOf\":{\"@id\":\"https:\/\/xenonkungen.com\/#website\"},\"primaryImageOfPage\":{\"@id\":\"https:\/\/xenonkungen.com\/produkt\/tershine-soapy-handtval-blomster\/#primaryimage\"},\"image\":{\"@id\":\"https:\/\/xenonkungen.com\/produkt\/tershine-soapy-handtval-blomster\/#primaryimage\"},\"thumbnailUrl\":\"https:\/\/xenonkungen.com\/wp-content\/uploads\/2026\/03\/SWXPb3XuVqyLGRcDmo3i0sRIlDbJpv9j7jQDZ8Yf.webp\",\"datePublished\":\"2026-03-16T15:05:55+00:00\",\"dateModified\":\"2026-05-08T12:33:44+00:00\",\"breadcrumb\":{\"@id\":\"https:\/\/xenonkungen.com\/produkt\/tershine-soapy-handtval-blomster\/#breadcrumb\"},\"inLanguage\":\"da-DK\",\"potentialAction\":[{\"@type\":\"ReadAction\",\"target\":[\"https:\/\/xenonkungen.com\/produkt\/tershine-soapy-handtval-blomster\/\"]}]},{\"@type\":\"ImageObject\",\"inLanguage\":\"da-DK\",\"@id\":\"https:\/\/xenonkungen.com\/produkt\/tershine-soapy-handtval-blomster\/#primaryimage\",\"url\":\"https:\/\/xenonkungen.com\/wp-content\/uploads\/2026\/03\/SWXPb3XuVqyLGRcDmo3i0sRIlDbJpv9j7jQDZ8Yf.webp\",\"contentUrl\":\"https:\/\/xenonkungen.com\/wp-content\/uploads\/2026\/03\/SWXPb3XuVqyLGRcDmo3i0sRIlDbJpv9j7jQDZ8Yf.webp\",\"width\":1024,\"height\":1024},{\"@type\":\"BreadcrumbList\",\"@id\":\"https:\/\/xenonkungen.com\/produkt\/tershine-soapy-handtval-blomster\/#breadcrumb\",\"itemListElement\":[{\"@type\":\"ListItem\",\"position\":1,\"name\":\"Hem\",\"item\":\"https:\/\/xenonkungen.com\/\"},{\"@type\":\"ListItem\",\"position\":2,\"name\":\"Shop\",\"item\":\"https:\/\/xenonkungen.com\/shop\/\"},{\"@type\":\"ListItem\",\"position\":3,\"name\":\"Tershine Soapy &#8211; Handtv\u00e5l Blomster\"}]},{\"@type\":\"WebSite\",\"@id\":\"https:\/\/xenonkungen.com\/#website\",\"url\":\"https:\/\/xenonkungen.com\/\",\"name\":\"Xenonkungen\",\"description\":\"\",\"potentialAction\":[{\"@type\":\"SearchAction\",\"target\":{\"@type\":\"EntryPoint\",\"urlTemplate\":\"https:\/\/xenonkungen.com\/?s={search_term_string}\"},\"query-input\":{\"@type\":\"PropertyValueSpecification\",\"valueRequired\":true,\"valueName\":\"search_term_string\"}}],\"inLanguage\":\"da-DK\"}]}<\/script>\n<!-- \/ Yoast SEO plugin. -->","yoast_head_json":{"title":"Tershine Soapy - Handtv\u00e5l Blomster - Xenonkungen","robots":{"index":"index","follow":"follow","max-snippet":"max-snippet:-1","max-image-preview":"max-image-preview:large","max-video-preview":"max-video-preview:-1"},"canonical":"https:\/\/xenonkungen.com\/dk\/vare\/tershine-soapy-handtval-blomster\/","og_locale":"da_DK","og_type":"article","og_title":"Tershine Soapy - Handtv\u00e5l Blomster - Xenonkungen","og_description":"\u00c5terfuktande och fantastiskt v\u00e4ldoftande handtv\u00e5l av h\u00f6gsta kvalitet som g\u00f6r underverk! Naturliga r\u00e5varor och dofter.","og_url":"https:\/\/xenonkungen.com\/dk\/vare\/tershine-soapy-handtval-blomster\/","og_site_name":"Xenonkungen","article_modified_time":"2026-05-08T12:33:44+00:00","og_image":[{"width":1024,"height":1024,"url":"https:\/\/xenonkungen.com\/wp-content\/uploads\/2026\/03\/SWXPb3XuVqyLGRcDmo3i0sRIlDbJpv9j7jQDZ8Yf.webp","type":"image\/webp"}],"twitter_card":"summary_large_image","twitter_misc":{"Estimeret l\u00e6setid":"1 minut"},"schema":{"@context":"https:\/\/schema.org","@graph":[{"@type":"WebPage","@id":"https:\/\/xenonkungen.com\/produkt\/tershine-soapy-handtval-blomster\/","url":"https:\/\/xenonkungen.com\/produkt\/tershine-soapy-handtval-blomster\/","name":"Tershine Soapy - Handtv\u00e5l Blomster - Xenonkungen","isPartOf":{"@id":"https:\/\/xenonkungen.com\/#website"},"primaryImageOfPage":{"@id":"https:\/\/xenonkungen.com\/produkt\/tershine-soapy-handtval-blomster\/#primaryimage"},"image":{"@id":"https:\/\/xenonkungen.com\/produkt\/tershine-soapy-handtval-blomster\/#primaryimage"},"thumbnailUrl":"https:\/\/xenonkungen.com\/wp-content\/uploads\/2026\/03\/SWXPb3XuVqyLGRcDmo3i0sRIlDbJpv9j7jQDZ8Yf.webp","datePublished":"2026-03-16T15:05:55+00:00","dateModified":"2026-05-08T12:33:44+00:00","breadcrumb":{"@id":"https:\/\/xenonkungen.com\/produkt\/tershine-soapy-handtval-blomster\/#breadcrumb"},"inLanguage":"da-DK","potentialAction":[{"@type":"ReadAction","target":["https:\/\/xenonkungen.com\/produkt\/tershine-soapy-handtval-blomster\/"]}]},{"@type":"ImageObject","inLanguage":"da-DK","@id":"https:\/\/xenonkungen.com\/produkt\/tershine-soapy-handtval-blomster\/#primaryimage","url":"https:\/\/xenonkungen.com\/wp-content\/uploads\/2026\/03\/SWXPb3XuVqyLGRcDmo3i0sRIlDbJpv9j7jQDZ8Yf.webp","contentUrl":"https:\/\/xenonkungen.com\/wp-content\/uploads\/2026\/03\/SWXPb3XuVqyLGRcDmo3i0sRIlDbJpv9j7jQDZ8Yf.webp","width":1024,"height":1024},{"@type":"BreadcrumbList","@id":"https:\/\/xenonkungen.com\/produkt\/tershine-soapy-handtval-blomster\/#breadcrumb","itemListElement":[{"@type":"ListItem","position":1,"name":"Hem","item":"https:\/\/xenonkungen.com\/"},{"@type":"ListItem","position":2,"name":"Shop","item":"https:\/\/xenonkungen.com\/shop\/"},{"@type":"ListItem","position":3,"name":"Tershine Soapy &#8211; Handtv\u00e5l Blomster"}]},{"@type":"WebSite","@id":"https:\/\/xenonkungen.com\/#website","url":"https:\/\/xenonkungen.com\/","name":"Xenonkungen","description":"","potentialAction":[{"@type":"SearchAction","target":{"@type":"EntryPoint","urlTemplate":"https:\/\/xenonkungen.com\/?s={search_term_string}"},"query-input":{"@type":"PropertyValueSpecification","valueRequired":true,"valueName":"search_term_string"}}],"inLanguage":"da-DK"}]}},"taxonomy_info":{"product_brand":[{"value":2893,"label":"Tershine"}],"product_cat":[{"value":2617,"label":"3 | Polering"},{"value":2892,"label":"\u00c5terf\u00f6rs\u00e4ljarprodukter"},{"value":378,"label":"Bilv\u00e5rd"}]},"featured_image_src_large":["https:\/\/xenonkungen.com\/wp-content\/uploads\/2026\/03\/SWXPb3XuVqyLGRcDmo3i0sRIlDbJpv9j7jQDZ8Yf.webp",1024,1024,false],"author_info":[],"comment_info":0,"_links":{"self":[{"href":"https:\/\/xenonkungen.com\/dk\/wp-json\/wp\/v2\/product\/28001","targetHints":{"allow":["GET"]}}],"collection":[{"href":"https:\/\/xenonkungen.com\/dk\/wp-json\/wp\/v2\/product"}],"about":[{"href":"https:\/\/xenonkungen.com\/dk\/wp-json\/wp\/v2\/types\/product"}],"replies":[{"embeddable":true,"href":"https:\/\/xenonkungen.com\/dk\/wp-json\/wp\/v2\/comments?post=28001"}],"wp:featuredmedia":[{"embeddable":true,"href":"https:\/\/xenonkungen.com\/dk\/wp-json\/wp\/v2\/media\/28003"}],"wp:attachment":[{"href":"https:\/\/xenonkungen.com\/dk\/wp-json\/wp\/v2\/media?parent=28001"}],"wp:term":[{"taxonomy":"anvandningsomrade","embeddable":true,"href":"https:\/\/xenonkungen.com\/dk\/wp-json\/wp\/v2\/anvandningsomrade?post=28001"},{"taxonomy":"bilmarken","embeddable":true,"href":"https:\/\/xenonkungen.com\/dk\/wp-json\/wp\/v2\/bilmarken?post=28001"},{"taxonomy":"product_brand","embeddable":true,"href":"https:\/\/xenonkungen.com\/dk\/wp-json\/wp\/v2\/product_brand?post=28001"},{"taxonomy":"product_cat","embeddable":true,"href":"https:\/\/xenonkungen.com\/dk\/wp-json\/wp\/v2\/product_cat?post=28001"},{"taxonomy":"product_tag","embeddable":true,"href":"https:\/\/xenonkungen.com\/dk\/wp-json\/wp\/v2\/product_tag?post=28001"}],"curies":[{"name":"wp","href":"https:\/\/api.w.org\/{rel}","templated":true}]}}