{"id":2802,"date":"2025-04-15T08:43:29","date_gmt":"2025-04-15T08:43:29","guid":{"rendered":"https:\/\/xenonkungen.com\/product\/briodlights-nex-led-arbetsljusramp-522-mm\/"},"modified":"2026-04-24T16:48:18","modified_gmt":"2026-04-24T15:48:18","slug":"briodlights-nex-led-arbejdslysbjaelke-522-mm","status":"publish","type":"product","link":"https:\/\/xenonkungen.com\/dk\/vare\/briodlights-nex-led-arbejdslysbjaelke-522-mm\/","title":{"rendered":"BriodLights NEX LED-arbejdslysrampe 522 mm"},"content":{"rendered":"<h1>BriodLights NEX LED: Fleksibel og holdbar arbejdslysbj\u00e6lke<\/h1>\n<h2>En arbejdslysbj\u00e6lke med bred anvendelse<\/h2>\n<p>NEX LED-arbejdslysbj\u00e6lken fra BriodLights er designet med fleksibilitet og bredde i tankerne. Uanset dine behov har denne lysbj\u00e6lke det, du leder efter. Med sit robuste design og alsidighed er den perfekt til en r\u00e6kke forskellige anvendelser.<\/p>\n<h2>St\u00f8dsikker og vandt\u00e6t<\/h2>\n<p>NEX LED er bygget til at modst\u00e5 de h\u00e5rdeste milj\u00f8er. Med sit pulverlakerede aluminiumshus er denne lysbj\u00e6lke b\u00e5de st\u00f8dsikker og vandt\u00e6t, hvilket giver dig ro i sindet under alle vejrforhold.<\/p>\n<h2>Nem installation<\/h2>\n<p>Ingen beh\u00f8ver en kompliceret installationsproces. Derfor leveres NEX LED med medf\u00f8lgende beslag for nem montering. Uanset om du vil montere den p\u00e5 bagsiden eller siden, har vi de justerbare beslag, du har brug for.<\/p>","protected":false},"excerpt":{"rendered":"<p>BriodLights NEX LED: Flexibel och T\u00e5lig Arbetsljusramp En Arbetsljusramp med Bred Anv\u00e4ndning NEX LED arbetsljusramp fr\u00e5n BriodLights \u00e4r designad med flexibilitet och bredd i \u00e5tanke. Oavsett dina behov har denna ljusramp det du letar efter. Med sin robusta design och m\u00e5ngsidighet, \u00e4r den perfekt f\u00f6r en m\u00e4ngd olika anv\u00e4ndningar. St\u00f6ts\u00e4ker och Vattent\u00e4t NEX LED \u00e4r [&hellip;]<\/p>","protected":false},"featured_media":2803,"comment_status":"closed","ping_status":"open","template":"","meta":{"_acf_changed":false,"_smort_price_nok":"3066","_smort_price_dkk":"1947","_smort_price_eur":"260.9","_smort_sale_price_nok":"","_smort_sale_price_dkk":"","_smort_sale_price_eur":"","smort_restorder":"","shipmondo_restorder":"","_kad_blocks_custom_css":"","_kad_blocks_head_custom_js":"","_kad_blocks_body_custom_js":"","_kad_blocks_footer_custom_js":"","smort_custom_pricelist_1":"1836.8","smort_custom_pricelist_2":"1607.2","smort_custom_pricelist_3":"1526.84","smort_custom_pricelist_4":"2296","smort_custom_pricelist_5":"1607.2"},"anvandningsomrade":[],"bilmarken":[],"product_brand":[92],"product_cat":[2551,508],"product_tag":[2788],"class_list":{"0":"post-2802","1":"product","2":"type-product","3":"status-publish","4":"has-post-thumbnail","6":"product_brand-briodlights","7":"product_cat-arbetsljusramp-arbetsbelysning","8":"product_cat-arbetsbelysning","9":"product_tag-black-week-exclude","10":"pa_faktisk-effekts-forbrukning-893","11":"pa_fargtemperatur-5000k","12":"pa_fuktskydd-varde-ipxx-ip69k","13":"pa_godkannande-e-godkand-r10","14":"pa_lampsockel-kontakt-dt","15":"pa_ljusbild-flood","16":"pa_storlek-mm-522x47x54","17":"pa_stromforbrukning-335a24v","18":"pa_stromforbrukning-665a12v","19":"pa_volt-v-multivolt-10-12-16-18-24-28-30","21":"first","22":"onbackorder","23":"taxable","24":"shipping-taxable","25":"purchasable","26":"product-type-simple"},"bundled_by":[],"bundle_stock_status":"onbackorder","bundle_stock_quantity":0,"bundle_virtual":false,"bundle_layout":"","bundle_add_to_cart_form_location":"","bundle_editable_in_cart":false,"bundle_sold_individually_context":"","bundle_item_grouping":"","bundle_min_size":"","bundle_max_size":"","bundle_price":[],"bundled_items":[],"bundle_sell_ids":[],"acf":[],"yoast_head":"<!-- This site is optimized with the Yoast SEO plugin v27.0 - https:\/\/yoast.com\/product\/yoast-seo-wordpress\/ -->\n<title>BriodLights NEX LED Arbetsljusramp 522 mm - Xenonkungen<\/title>\n<meta name=\"robots\" content=\"index, follow, max-snippet:-1, max-image-preview:large, max-video-preview:-1\" \/>\n<link rel=\"canonical\" href=\"https:\/\/xenonkungen.com\/dk\/vare\/briodlights-nex-led-arbejdslysbjaelke-522-mm\/\" \/>\n<meta property=\"og:locale\" content=\"da_DK\" \/>\n<meta property=\"og:type\" content=\"article\" \/>\n<meta property=\"og:title\" content=\"BriodLights NEX LED Arbetsljusramp 522 mm - Xenonkungen\" \/>\n<meta property=\"og:description\" content=\"BriodLights NEX LED: Flexibel och T\u00e5lig Arbetsljusramp En Arbetsljusramp med Bred Anv\u00e4ndning NEX LED arbetsljusramp fr\u00e5n BriodLights \u00e4r designad med flexibilitet och bredd i \u00e5tanke. Oavsett dina behov har denna ljusramp det du letar efter. Med sin robusta design och m\u00e5ngsidighet, \u00e4r den perfekt f\u00f6r en m\u00e4ngd olika anv\u00e4ndningar. St\u00f6ts\u00e4ker och Vattent\u00e4t NEX LED \u00e4r [&hellip;]\" \/>\n<meta property=\"og:url\" content=\"https:\/\/xenonkungen.com\/dk\/vare\/briodlights-nex-led-arbejdslysbjaelke-522-mm\/\" \/>\n<meta property=\"og:site_name\" content=\"Xenonkungen\" \/>\n<meta property=\"article:modified_time\" content=\"2026-04-24T15:48:18+00:00\" \/>\n<meta property=\"og:image\" content=\"https:\/\/xenonkungen.com\/wp-content\/uploads\/2025\/04\/11151_itemimage_mainfront.jpg\" \/>\n\t<meta property=\"og:image:width\" content=\"2048\" \/>\n\t<meta property=\"og:image:height\" content=\"1536\" \/>\n\t<meta property=\"og:image:type\" content=\"image\/jpeg\" \/>\n<meta name=\"twitter:card\" content=\"summary_large_image\" \/>\n<meta name=\"twitter:label1\" content=\"Estimeret l\u00e6setid\" \/>\n\t<meta name=\"twitter:data1\" content=\"1 minut\" \/>\n<script type=\"application\/ld+json\" class=\"yoast-schema-graph\">{\"@context\":\"https:\/\/schema.org\",\"@graph\":[{\"@type\":\"WebPage\",\"@id\":\"https:\/\/xenonkungen.com\/produkt\/briodlights-nex-led-arbetsljusramp-522-mm\/\",\"url\":\"https:\/\/xenonkungen.com\/produkt\/briodlights-nex-led-arbetsljusramp-522-mm\/\",\"name\":\"BriodLights NEX LED Arbetsljusramp 522 mm - Xenonkungen\",\"isPartOf\":{\"@id\":\"https:\/\/xenonkungen.com\/#website\"},\"primaryImageOfPage\":{\"@id\":\"https:\/\/xenonkungen.com\/produkt\/briodlights-nex-led-arbetsljusramp-522-mm\/#primaryimage\"},\"image\":{\"@id\":\"https:\/\/xenonkungen.com\/produkt\/briodlights-nex-led-arbetsljusramp-522-mm\/#primaryimage\"},\"thumbnailUrl\":\"https:\/\/xenonkungen.com\/wp-content\/uploads\/2025\/04\/11151_itemimage_mainfront.jpg\",\"datePublished\":\"2025-04-15T08:43:29+00:00\",\"dateModified\":\"2026-04-24T15:48:18+00:00\",\"breadcrumb\":{\"@id\":\"https:\/\/xenonkungen.com\/produkt\/briodlights-nex-led-arbetsljusramp-522-mm\/#breadcrumb\"},\"inLanguage\":\"da-DK\",\"potentialAction\":[{\"@type\":\"ReadAction\",\"target\":[\"https:\/\/xenonkungen.com\/produkt\/briodlights-nex-led-arbetsljusramp-522-mm\/\"]}]},{\"@type\":\"ImageObject\",\"inLanguage\":\"da-DK\",\"@id\":\"https:\/\/xenonkungen.com\/produkt\/briodlights-nex-led-arbetsljusramp-522-mm\/#primaryimage\",\"url\":\"https:\/\/xenonkungen.com\/wp-content\/uploads\/2025\/04\/11151_itemimage_mainfront.jpg\",\"contentUrl\":\"https:\/\/xenonkungen.com\/wp-content\/uploads\/2025\/04\/11151_itemimage_mainfront.jpg\",\"width\":2048,\"height\":1536},{\"@type\":\"BreadcrumbList\",\"@id\":\"https:\/\/xenonkungen.com\/produkt\/briodlights-nex-led-arbetsljusramp-522-mm\/#breadcrumb\",\"itemListElement\":[{\"@type\":\"ListItem\",\"position\":1,\"name\":\"Hem\",\"item\":\"https:\/\/xenonkungen.com\/\"},{\"@type\":\"ListItem\",\"position\":2,\"name\":\"Shop\",\"item\":\"https:\/\/xenonkungen.com\/shop\/\"},{\"@type\":\"ListItem\",\"position\":3,\"name\":\"BriodLights NEX LED Arbetsljusramp 522 mm\"}]},{\"@type\":\"WebSite\",\"@id\":\"https:\/\/xenonkungen.com\/#website\",\"url\":\"https:\/\/xenonkungen.com\/\",\"name\":\"Xenonkungen\",\"description\":\"\",\"potentialAction\":[{\"@type\":\"SearchAction\",\"target\":{\"@type\":\"EntryPoint\",\"urlTemplate\":\"https:\/\/xenonkungen.com\/?s={search_term_string}\"},\"query-input\":{\"@type\":\"PropertyValueSpecification\",\"valueRequired\":true,\"valueName\":\"search_term_string\"}}],\"inLanguage\":\"da-DK\"}]}<\/script>\n<!-- \/ Yoast SEO plugin. -->","yoast_head_json":{"title":"BriodLights NEX LED Arbejdslysbj\u00e6lke 522 mm - Xenonkungen","robots":{"index":"index","follow":"follow","max-snippet":"max-snippet:-1","max-image-preview":"max-image-preview:large","max-video-preview":"max-video-preview:-1"},"canonical":"https:\/\/xenonkungen.com\/dk\/vare\/briodlights-nex-led-arbejdslysbjaelke-522-mm\/","og_locale":"da_DK","og_type":"article","og_title":"BriodLights NEX LED Arbetsljusramp 522 mm - Xenonkungen","og_description":"BriodLights NEX LED: Flexibel och T\u00e5lig Arbetsljusramp En Arbetsljusramp med Bred Anv\u00e4ndning NEX LED arbetsljusramp fr\u00e5n BriodLights \u00e4r designad med flexibilitet och bredd i \u00e5tanke. Oavsett dina behov har denna ljusramp det du letar efter. Med sin robusta design och m\u00e5ngsidighet, \u00e4r den perfekt f\u00f6r en m\u00e4ngd olika anv\u00e4ndningar. St\u00f6ts\u00e4ker och Vattent\u00e4t NEX LED \u00e4r [&hellip;]","og_url":"https:\/\/xenonkungen.com\/dk\/vare\/briodlights-nex-led-arbejdslysbjaelke-522-mm\/","og_site_name":"Xenonkungen","article_modified_time":"2026-04-24T15:48:18+00:00","og_image":[{"width":2048,"height":1536,"url":"https:\/\/xenonkungen.com\/wp-content\/uploads\/2025\/04\/11151_itemimage_mainfront.jpg","type":"image\/jpeg"}],"twitter_card":"summary_large_image","twitter_misc":{"Estimeret l\u00e6setid":"1 minut"},"schema":{"@context":"https:\/\/schema.org","@graph":[{"@type":"WebPage","@id":"https:\/\/xenonkungen.com\/produkt\/briodlights-nex-led-arbetsljusramp-522-mm\/","url":"https:\/\/xenonkungen.com\/produkt\/briodlights-nex-led-arbetsljusramp-522-mm\/","name":"BriodLights NEX LED Arbejdslysbj\u00e6lke 522 mm - Xenonkungen","isPartOf":{"@id":"https:\/\/xenonkungen.com\/#website"},"primaryImageOfPage":{"@id":"https:\/\/xenonkungen.com\/produkt\/briodlights-nex-led-arbetsljusramp-522-mm\/#primaryimage"},"image":{"@id":"https:\/\/xenonkungen.com\/produkt\/briodlights-nex-led-arbetsljusramp-522-mm\/#primaryimage"},"thumbnailUrl":"https:\/\/xenonkungen.com\/wp-content\/uploads\/2025\/04\/11151_itemimage_mainfront.jpg","datePublished":"2025-04-15T08:43:29+00:00","dateModified":"2026-04-24T15:48:18+00:00","breadcrumb":{"@id":"https:\/\/xenonkungen.com\/produkt\/briodlights-nex-led-arbetsljusramp-522-mm\/#breadcrumb"},"inLanguage":"da-DK","potentialAction":[{"@type":"ReadAction","target":["https:\/\/xenonkungen.com\/produkt\/briodlights-nex-led-arbetsljusramp-522-mm\/"]}]},{"@type":"ImageObject","inLanguage":"da-DK","@id":"https:\/\/xenonkungen.com\/produkt\/briodlights-nex-led-arbetsljusramp-522-mm\/#primaryimage","url":"https:\/\/xenonkungen.com\/wp-content\/uploads\/2025\/04\/11151_itemimage_mainfront.jpg","contentUrl":"https:\/\/xenonkungen.com\/wp-content\/uploads\/2025\/04\/11151_itemimage_mainfront.jpg","width":2048,"height":1536},{"@type":"BreadcrumbList","@id":"https:\/\/xenonkungen.com\/produkt\/briodlights-nex-led-arbetsljusramp-522-mm\/#breadcrumb","itemListElement":[{"@type":"ListItem","position":1,"name":"Hem","item":"https:\/\/xenonkungen.com\/"},{"@type":"ListItem","position":2,"name":"Shop","item":"https:\/\/xenonkungen.com\/shop\/"},{"@type":"ListItem","position":3,"name":"BriodLights NEX LED Arbetsljusramp 522 mm"}]},{"@type":"WebSite","@id":"https:\/\/xenonkungen.com\/#website","url":"https:\/\/xenonkungen.com\/","name":"Xenonkungen","description":"","potentialAction":[{"@type":"SearchAction","target":{"@type":"EntryPoint","urlTemplate":"https:\/\/xenonkungen.com\/?s={search_term_string}"},"query-input":{"@type":"PropertyValueSpecification","valueRequired":true,"valueName":"search_term_string"}}],"inLanguage":"da-DK"}]}},"taxonomy_info":{"product_brand":[{"value":92,"label":"Briodlights"}],"product_cat":[{"value":2551,"label":"Arbetsljusramp"},{"value":508,"label":"Arbetsbelysning"}],"product_tag":[{"value":2788,"label":"black-week-exclude"}],"pa_faktisk-effekts-forbrukning":[{"value":893,"label":"81"}],"pa_fargtemperatur":[{"value":154,"label":"5000K"}],"pa_fuktskydd-varde-ipxx":[{"value":155,"label":"IP69K"}],"pa_godkannande":[{"value":890,"label":"E-Godk\u00e4nd, R10"}],"pa_lampsockel-kontakt":[{"value":329,"label":"DT"}],"pa_ljusbild":[{"value":503,"label":"FLOOD"}],"pa_storlek-mm":[{"value":892,"label":"522x47x54"}],"pa_stromforbrukning":[{"value":895,"label":"3,35A@24V"},{"value":894,"label":"6,65A@12V"}],"pa_volt-v":[{"value":773,"label":"Multivolt, 10, 12, 16, 18, 24, 28, 30"}]},"featured_image_src_large":["https:\/\/xenonkungen.com\/wp-content\/uploads\/2025\/04\/11151_itemimage_mainfront-1024x768.jpg",1024,768,true],"author_info":[],"comment_info":0,"_links":{"self":[{"href":"https:\/\/xenonkungen.com\/dk\/wp-json\/wp\/v2\/product\/2802","targetHints":{"allow":["GET"]}}],"collection":[{"href":"https:\/\/xenonkungen.com\/dk\/wp-json\/wp\/v2\/product"}],"about":[{"href":"https:\/\/xenonkungen.com\/dk\/wp-json\/wp\/v2\/types\/product"}],"replies":[{"embeddable":true,"href":"https:\/\/xenonkungen.com\/dk\/wp-json\/wp\/v2\/comments?post=2802"}],"wp:featuredmedia":[{"embeddable":true,"href":"https:\/\/xenonkungen.com\/dk\/wp-json\/wp\/v2\/media\/2803"}],"wp:attachment":[{"href":"https:\/\/xenonkungen.com\/dk\/wp-json\/wp\/v2\/media?parent=2802"}],"wp:term":[{"taxonomy":"anvandningsomrade","embeddable":true,"href":"https:\/\/xenonkungen.com\/dk\/wp-json\/wp\/v2\/anvandningsomrade?post=2802"},{"taxonomy":"bilmarken","embeddable":true,"href":"https:\/\/xenonkungen.com\/dk\/wp-json\/wp\/v2\/bilmarken?post=2802"},{"taxonomy":"product_brand","embeddable":true,"href":"https:\/\/xenonkungen.com\/dk\/wp-json\/wp\/v2\/product_brand?post=2802"},{"taxonomy":"product_cat","embeddable":true,"href":"https:\/\/xenonkungen.com\/dk\/wp-json\/wp\/v2\/product_cat?post=2802"},{"taxonomy":"product_tag","embeddable":true,"href":"https:\/\/xenonkungen.com\/dk\/wp-json\/wp\/v2\/product_tag?post=2802"}],"curies":[{"name":"wp","href":"https:\/\/api.w.org\/{rel}","templated":true}]}}