{"id":28103,"date":"2026-03-18T09:23:06","date_gmt":"2026-03-18T08:23:06","guid":{"rendered":"https:\/\/xenonkungen.com\/?post_type=product&#038;p=28103"},"modified":"2026-05-08T22:01:59","modified_gmt":"2026-05-08T21:01:59","slug":"tershine-vision-glasrengoring-avrinning-500-ml","status":"publish","type":"product","link":"https:\/\/xenonkungen.com\/dk\/vare\/tershine-vision-glasrengoring-avrinning-500-ml\/","title":{"rendered":"Tershine Vision+ \u2013 Glasrens afl\u00f8b 500 ml"},"content":{"rendered":"<p>Glasrens, der efterlader en vandafvisende hinde, der f\u00e5r vandet til at flyde af vinduet. Fungerer lige s\u00e5 godt p\u00e5 bil-, b\u00e5d- eller brusesk\u00e6rm. Ogs\u00e5 fantastisk til plastikvinduer.<\/p>\n<p><strong>Super nem at bruge<br \/>\nRenser og beskytter i \u00e9n omgang<br \/>\nKrystalklare vinduer<br \/>\nMeget vandafvisende for bedre synlighed<br \/>\nDejlig duft af skovb\u00e6r<br \/>\nProduktet er ikke klassificeret som m\u00e6rkningspligtigt i henhold til CLP-forordning (EF) 1272\/2008.<\/strong><\/p>\n<p><strong>S\u00e5dan bruger du Vision+ \u2013 Reng\u00f8ringsafl\u00f8b for glas<\/p>\n<p>1.\u00a0<\/strong>Brus i din glasklud eller direkte p\u00e5 overfladen<strong><br \/>\n2.\u00a0<\/strong>T\u00f8r af og vend kluden om og t\u00f8r rent!<strong><br \/>\n3.\u00a0<\/strong>Nyd glansen og afstr\u00f8mningen<\/p>\n<p>Vision+ er en glasrens med en dejlig duft af vilde b\u00e6r og frugt. Anvendes p\u00e5 alle glasoverflader og efterlader en pletfri og skinnende overflade med en vandafvisende film. Kan bruges b\u00e5de indend\u00f8rs og udend\u00f8rs og er meget velegnet til hjemmet (brusev\u00e6gge, spejle, vinduer osv.).<\/p>\n<p>Vision+ efterlader en effektiv afl\u00f8bsrens p\u00e5 ruden, hvilket hj\u00e6lper med at holde dem rene l\u00e6ngere, sparer p\u00e5 vinduesviskerne og forbedrer udsynet.<\/p>\n<p>Super nem at bruge, bare brus kluden ind i badet, p\u00e5f\u00f8r og t\u00f8r af. S\u00f8rg for at vende kluden om og polere overfladen (for at t\u00f8rre grundigt af). Da Vision+ efterlader et lag, kan det i nogle situationer v\u00e6re nemmere at have en ren klud ved h\u00e5nden at t\u00f8rre af med. Da det virkelig er super dyrt, er mottoet her, at mindre er mere!<\/p>\n<p>K\u00f8b venligst til mig\u00a0<em><a href=\"https:\/\/tershine.com\/sv\/collections\/microfiber\/products\/glasduk\">glasdug<\/a><\/em>\u00a0eller\u00a0<em><a href=\"https:\/\/tershine.com\/sv\/collections\/microfiber\/products\/microfiber-cloth-allround\">allround-klud<\/a><\/em>\u00a0hvilket g\u00f8r en k\u00e6mpe forskel p\u00e5, hvor nemt det er at reng\u00f8re glas rent og p\u00e6nt! Husk at dobbeltklude er at foretr\u00e6kke, uanset hvilket produkt du bruger.<\/p>\n<p>&nbsp;<\/p>\n<p>Vi anbefaler altid at ryste produktet f\u00f8r brug.<\/p>\n<p><strong>Duft:<\/strong>\u00a0Vilde b\u00e6r<\/p>\n<p><em>Opbevares frostfrit.<\/em><\/p>","protected":false},"excerpt":{"rendered":"<p>Glasreng\u00f6ring med avrinning, som b\u00e5de reng\u00f6r och efterl\u00e4mnar en kladdfri och vattenavvisande yta.<\/p>","protected":false},"featured_media":28104,"comment_status":"open","ping_status":"closed","template":"","meta":{"_acf_changed":false,"_smort_price_nok":"","_smort_price_dkk":"","_smort_price_eur":"","_smort_sale_price_nok":"","_smort_sale_price_dkk":"","_smort_sale_price_eur":"","smort_restorder":"","shipmondo_restorder":"","_kad_blocks_custom_css":"","_kad_blocks_head_custom_js":"","_kad_blocks_body_custom_js":"","_kad_blocks_footer_custom_js":"","smort_custom_pricelist_1":"114.56","smort_custom_pricelist_2":"114.56","smort_custom_pricelist_3":"114.56","smort_custom_pricelist_4":"143.2","smort_custom_pricelist_5":"114.56"},"anvandningsomrade":[],"bilmarken":[],"product_brand":[2893],"product_cat":[2988,2989,2614,378],"product_tag":[],"class_list":{"0":"post-28103","1":"product","2":"type-product","3":"status-publish","4":"has-post-thumbnail","6":"product_brand-tershine","7":"product_cat-biltvatt","8":"product_cat-avfettning","9":"product_cat-lackskydd","10":"product_cat-bilvard","12":"first","13":"onbackorder","14":"taxable","15":"shipping-taxable","16":"purchasable","17":"product-type-simple"},"bundled_by":[],"bundle_stock_status":"onbackorder","bundle_stock_quantity":0,"bundle_virtual":false,"bundle_layout":"","bundle_add_to_cart_form_location":"","bundle_editable_in_cart":false,"bundle_sold_individually_context":"","bundle_item_grouping":"","bundle_min_size":"","bundle_max_size":"","bundle_price":[],"bundled_items":[],"bundle_sell_ids":[],"acf":[],"yoast_head":"<!-- This site is optimized with the Yoast SEO plugin v27.0 - https:\/\/yoast.com\/product\/yoast-seo-wordpress\/ -->\n<title>Tershine Vision+ - Glasreng\u00f6ring avrinning 500 ml - Xenonkungen<\/title>\n<meta name=\"robots\" content=\"index, follow, max-snippet:-1, max-image-preview:large, max-video-preview:-1\" \/>\n<link rel=\"canonical\" href=\"https:\/\/xenonkungen.com\/dk\/vare\/tershine-vision-glasrengoring-avrinning-500-ml\/\" \/>\n<meta property=\"og:locale\" content=\"da_DK\" \/>\n<meta property=\"og:type\" content=\"article\" \/>\n<meta property=\"og:title\" content=\"Tershine Vision+ - Glasreng\u00f6ring avrinning 500 ml - Xenonkungen\" \/>\n<meta property=\"og:description\" content=\"Glasreng\u00f6ring med avrinning, som b\u00e5de reng\u00f6r och efterl\u00e4mnar en kladdfri och vattenavvisande yta.\" \/>\n<meta property=\"og:url\" content=\"https:\/\/xenonkungen.com\/dk\/vare\/tershine-vision-glasrengoring-avrinning-500-ml\/\" \/>\n<meta property=\"og:site_name\" content=\"Xenonkungen\" \/>\n<meta property=\"article:modified_time\" content=\"2026-05-08T21:01:59+00:00\" \/>\n<meta property=\"og:image\" content=\"https:\/\/xenonkungen.com\/wp-content\/uploads\/2026\/03\/l2V4KiPvsuws1dazHCtWsZrDh58v0R6QivP52aKt.webp\" \/>\n\t<meta property=\"og:image:width\" content=\"1024\" \/>\n\t<meta property=\"og:image:height\" content=\"1024\" \/>\n\t<meta property=\"og:image:type\" content=\"image\/webp\" \/>\n<meta name=\"twitter:card\" content=\"summary_large_image\" \/>\n<meta name=\"twitter:label1\" content=\"Estimeret l\u00e6setid\" \/>\n\t<meta name=\"twitter:data1\" content=\"2 minutter\" \/>\n<script type=\"application\/ld+json\" class=\"yoast-schema-graph\">{\"@context\":\"https:\/\/schema.org\",\"@graph\":[{\"@type\":\"WebPage\",\"@id\":\"https:\/\/xenonkungen.com\/produkt\/tershine-vision-glasrengoring-avrinning-500-ml\/\",\"url\":\"https:\/\/xenonkungen.com\/produkt\/tershine-vision-glasrengoring-avrinning-500-ml\/\",\"name\":\"Tershine Vision+ - Glasreng\u00f6ring avrinning 500 ml - Xenonkungen\",\"isPartOf\":{\"@id\":\"https:\/\/xenonkungen.com\/#website\"},\"primaryImageOfPage\":{\"@id\":\"https:\/\/xenonkungen.com\/produkt\/tershine-vision-glasrengoring-avrinning-500-ml\/#primaryimage\"},\"image\":{\"@id\":\"https:\/\/xenonkungen.com\/produkt\/tershine-vision-glasrengoring-avrinning-500-ml\/#primaryimage\"},\"thumbnailUrl\":\"https:\/\/xenonkungen.com\/wp-content\/uploads\/2026\/03\/l2V4KiPvsuws1dazHCtWsZrDh58v0R6QivP52aKt.webp\",\"datePublished\":\"2026-03-18T08:23:06+00:00\",\"dateModified\":\"2026-05-08T21:01:59+00:00\",\"breadcrumb\":{\"@id\":\"https:\/\/xenonkungen.com\/produkt\/tershine-vision-glasrengoring-avrinning-500-ml\/#breadcrumb\"},\"inLanguage\":\"da-DK\",\"potentialAction\":[{\"@type\":\"ReadAction\",\"target\":[\"https:\/\/xenonkungen.com\/produkt\/tershine-vision-glasrengoring-avrinning-500-ml\/\"]}]},{\"@type\":\"ImageObject\",\"inLanguage\":\"da-DK\",\"@id\":\"https:\/\/xenonkungen.com\/produkt\/tershine-vision-glasrengoring-avrinning-500-ml\/#primaryimage\",\"url\":\"https:\/\/xenonkungen.com\/wp-content\/uploads\/2026\/03\/l2V4KiPvsuws1dazHCtWsZrDh58v0R6QivP52aKt.webp\",\"contentUrl\":\"https:\/\/xenonkungen.com\/wp-content\/uploads\/2026\/03\/l2V4KiPvsuws1dazHCtWsZrDh58v0R6QivP52aKt.webp\",\"width\":1024,\"height\":1024},{\"@type\":\"BreadcrumbList\",\"@id\":\"https:\/\/xenonkungen.com\/produkt\/tershine-vision-glasrengoring-avrinning-500-ml\/#breadcrumb\",\"itemListElement\":[{\"@type\":\"ListItem\",\"position\":1,\"name\":\"Hem\",\"item\":\"https:\/\/xenonkungen.com\/\"},{\"@type\":\"ListItem\",\"position\":2,\"name\":\"Shop\",\"item\":\"https:\/\/xenonkungen.com\/shop\/\"},{\"@type\":\"ListItem\",\"position\":3,\"name\":\"Tershine Vision+ &#8211; Glasreng\u00f6ring avrinning 500 ml\"}]},{\"@type\":\"WebSite\",\"@id\":\"https:\/\/xenonkungen.com\/#website\",\"url\":\"https:\/\/xenonkungen.com\/\",\"name\":\"Xenonkungen\",\"description\":\"\",\"potentialAction\":[{\"@type\":\"SearchAction\",\"target\":{\"@type\":\"EntryPoint\",\"urlTemplate\":\"https:\/\/xenonkungen.com\/?s={search_term_string}\"},\"query-input\":{\"@type\":\"PropertyValueSpecification\",\"valueRequired\":true,\"valueName\":\"search_term_string\"}}],\"inLanguage\":\"da-DK\"}]}<\/script>\n<!-- \/ Yoast SEO plugin. -->","yoast_head_json":{"title":"Tershine Vision+ - Glasreng\u00f6ring avrinning 500 ml - Xenonkungen","robots":{"index":"index","follow":"follow","max-snippet":"max-snippet:-1","max-image-preview":"max-image-preview:large","max-video-preview":"max-video-preview:-1"},"canonical":"https:\/\/xenonkungen.com\/dk\/vare\/tershine-vision-glasrengoring-avrinning-500-ml\/","og_locale":"da_DK","og_type":"article","og_title":"Tershine Vision+ - Glasreng\u00f6ring avrinning 500 ml - Xenonkungen","og_description":"Glasreng\u00f6ring med avrinning, som b\u00e5de reng\u00f6r och efterl\u00e4mnar en kladdfri och vattenavvisande yta.","og_url":"https:\/\/xenonkungen.com\/dk\/vare\/tershine-vision-glasrengoring-avrinning-500-ml\/","og_site_name":"Xenonkungen","article_modified_time":"2026-05-08T21:01:59+00:00","og_image":[{"width":1024,"height":1024,"url":"https:\/\/xenonkungen.com\/wp-content\/uploads\/2026\/03\/l2V4KiPvsuws1dazHCtWsZrDh58v0R6QivP52aKt.webp","type":"image\/webp"}],"twitter_card":"summary_large_image","twitter_misc":{"Estimeret l\u00e6setid":"2 minutter"},"schema":{"@context":"https:\/\/schema.org","@graph":[{"@type":"WebPage","@id":"https:\/\/xenonkungen.com\/produkt\/tershine-vision-glasrengoring-avrinning-500-ml\/","url":"https:\/\/xenonkungen.com\/produkt\/tershine-vision-glasrengoring-avrinning-500-ml\/","name":"Tershine Vision+ - Glasreng\u00f6ring avrinning 500 ml - Xenonkungen","isPartOf":{"@id":"https:\/\/xenonkungen.com\/#website"},"primaryImageOfPage":{"@id":"https:\/\/xenonkungen.com\/produkt\/tershine-vision-glasrengoring-avrinning-500-ml\/#primaryimage"},"image":{"@id":"https:\/\/xenonkungen.com\/produkt\/tershine-vision-glasrengoring-avrinning-500-ml\/#primaryimage"},"thumbnailUrl":"https:\/\/xenonkungen.com\/wp-content\/uploads\/2026\/03\/l2V4KiPvsuws1dazHCtWsZrDh58v0R6QivP52aKt.webp","datePublished":"2026-03-18T08:23:06+00:00","dateModified":"2026-05-08T21:01:59+00:00","breadcrumb":{"@id":"https:\/\/xenonkungen.com\/produkt\/tershine-vision-glasrengoring-avrinning-500-ml\/#breadcrumb"},"inLanguage":"da-DK","potentialAction":[{"@type":"ReadAction","target":["https:\/\/xenonkungen.com\/produkt\/tershine-vision-glasrengoring-avrinning-500-ml\/"]}]},{"@type":"ImageObject","inLanguage":"da-DK","@id":"https:\/\/xenonkungen.com\/produkt\/tershine-vision-glasrengoring-avrinning-500-ml\/#primaryimage","url":"https:\/\/xenonkungen.com\/wp-content\/uploads\/2026\/03\/l2V4KiPvsuws1dazHCtWsZrDh58v0R6QivP52aKt.webp","contentUrl":"https:\/\/xenonkungen.com\/wp-content\/uploads\/2026\/03\/l2V4KiPvsuws1dazHCtWsZrDh58v0R6QivP52aKt.webp","width":1024,"height":1024},{"@type":"BreadcrumbList","@id":"https:\/\/xenonkungen.com\/produkt\/tershine-vision-glasrengoring-avrinning-500-ml\/#breadcrumb","itemListElement":[{"@type":"ListItem","position":1,"name":"Hem","item":"https:\/\/xenonkungen.com\/"},{"@type":"ListItem","position":2,"name":"Shop","item":"https:\/\/xenonkungen.com\/shop\/"},{"@type":"ListItem","position":3,"name":"Tershine Vision+ &#8211; Glasreng\u00f6ring avrinning 500 ml"}]},{"@type":"WebSite","@id":"https:\/\/xenonkungen.com\/#website","url":"https:\/\/xenonkungen.com\/","name":"Xenonkungen","description":"","potentialAction":[{"@type":"SearchAction","target":{"@type":"EntryPoint","urlTemplate":"https:\/\/xenonkungen.com\/?s={search_term_string}"},"query-input":{"@type":"PropertyValueSpecification","valueRequired":true,"valueName":"search_term_string"}}],"inLanguage":"da-DK"}]}},"taxonomy_info":{"product_brand":[{"value":2893,"label":"Tershine"}],"product_cat":[{"value":2988,"label":"1 | Biltv\u00e4tt"},{"value":2989,"label":"2 | Avfettning"},{"value":2614,"label":"4 | Bilvax &amp; Lackskydd"},{"value":378,"label":"Bilv\u00e5rd"}]},"featured_image_src_large":["https:\/\/xenonkungen.com\/wp-content\/uploads\/2026\/03\/l2V4KiPvsuws1dazHCtWsZrDh58v0R6QivP52aKt.webp",1024,1024,false],"author_info":[],"comment_info":0,"_links":{"self":[{"href":"https:\/\/xenonkungen.com\/dk\/wp-json\/wp\/v2\/product\/28103","targetHints":{"allow":["GET"]}}],"collection":[{"href":"https:\/\/xenonkungen.com\/dk\/wp-json\/wp\/v2\/product"}],"about":[{"href":"https:\/\/xenonkungen.com\/dk\/wp-json\/wp\/v2\/types\/product"}],"replies":[{"embeddable":true,"href":"https:\/\/xenonkungen.com\/dk\/wp-json\/wp\/v2\/comments?post=28103"}],"wp:featuredmedia":[{"embeddable":true,"href":"https:\/\/xenonkungen.com\/dk\/wp-json\/wp\/v2\/media\/28104"}],"wp:attachment":[{"href":"https:\/\/xenonkungen.com\/dk\/wp-json\/wp\/v2\/media?parent=28103"}],"wp:term":[{"taxonomy":"anvandningsomrade","embeddable":true,"href":"https:\/\/xenonkungen.com\/dk\/wp-json\/wp\/v2\/anvandningsomrade?post=28103"},{"taxonomy":"bilmarken","embeddable":true,"href":"https:\/\/xenonkungen.com\/dk\/wp-json\/wp\/v2\/bilmarken?post=28103"},{"taxonomy":"product_brand","embeddable":true,"href":"https:\/\/xenonkungen.com\/dk\/wp-json\/wp\/v2\/product_brand?post=28103"},{"taxonomy":"product_cat","embeddable":true,"href":"https:\/\/xenonkungen.com\/dk\/wp-json\/wp\/v2\/product_cat?post=28103"},{"taxonomy":"product_tag","embeddable":true,"href":"https:\/\/xenonkungen.com\/dk\/wp-json\/wp\/v2\/product_tag?post=28103"}],"curies":[{"name":"wp","href":"https:\/\/api.w.org\/{rel}","templated":true}]}}