{"id":28116,"date":"2026-03-18T09:29:14","date_gmt":"2026-03-18T08:29:14","guid":{"rendered":"https:\/\/xenonkungen.com\/?post_type=product&#038;p=28116"},"modified":"2026-05-12T14:35:45","modified_gmt":"2026-05-12T13:35:45","slug":"tershine-borstar-till-skruvdragare-hard","status":"publish","type":"product","link":"https:\/\/xenonkungen.com\/dk\/vare\/tershine-borstar-till-skruvdragare-hard\/","title":{"rendered":"Tershine-b\u00f8rster til skruetr\u00e6kkere \u2013 h\u00e5rde"},"content":{"rendered":"<p>Nylonb\u00f8rster til din skruetr\u00e6kker for hurtig og nem reng\u00f8ring, perfekt til:<\/p>\n<p><strong>Bilen, autocamperen, campingvognen<br \/>\nBadev\u00e6relset<br \/>\nB\u00e5den<br \/>\nD\u00e6kket<br \/>\nK\u00f8kkenet<br \/>\nGaragen<\/strong><\/p>\n<p>6-pak nylonb\u00f8rster, som du monterer direkte p\u00e5 din boremaskine eller skruetr\u00e6kker. Perfekt til reng\u00f8ring af s\u00e6der og t\u00e6pper, eller hvorfor ikke din b\u00e5d eller dit hjem\/terrasse? Inkluderer en 15 cm boreforl\u00e6nger, der giver dig adgang til steder, der ellers ville v\u00e6re sv\u00e6re at n\u00e5.<\/p>\n<p>Disse er lidt mere robuste og er beregnet til at blive brugt som en &quot;sidste boss&quot;, n\u00e5r universalb\u00f8rster ikke er nok. Derfor anbefales de ikke til mere f\u00f8lsomme polstringer s\u00e5som l\u00e6der osv.<\/p>\n<p>Fantastisk kombination sammen med vores APC p\u00e5 indersiden af bilen og derhjemme, eller sammen med ekstrakt (alkalisk affedtning) p\u00e5 indgroet snavs p\u00e5 terrassen\/facaden\/b\u00e5den osv.<\/p>\n<p>Pakken indeholder:<\/p>\n<ul>\n<li>1 stor &quot;flad&quot; b\u00f8rste, 12 cm i diameter<\/li>\n<li>1 mellemstor &quot;flad&quot; pensel, 10 cm i diameter<\/li>\n<li>1 lille &quot;flad&quot; b\u00f8rste med l\u00e6ngere b\u00f8rster, 5 cm i diameter<\/li>\n<li>1 lille &quot;flad&quot; b\u00f8rste med kortere b\u00f8rster, 5 cm i diameter<\/li>\n<li>1 stor &quot;rund&quot; b\u00f8rste, 8,5 cm i diameter<\/li>\n<li>1 lille &quot;rund&quot; b\u00f8rste, 6,5 cm i diameter<\/li>\n<li>1 bitforl\u00e6nger, 15 cm lang<\/li>\n<\/ul>\n<p>Leveres i en stilfuld papkasse<\/p>\n<h3>Hvorn\u00e5r og hvor bruges pensler?<\/h3>\n<p>Skruetr\u00e6kkerb\u00f8rster kan bruges i en r\u00e6kke forskellige situationer og p\u00e5 en r\u00e6kke forskellige overflader. De er perfekte til reng\u00f8ring og skrubning:<\/p>\n<ul>\n<li>Fliser og badev\u00e6relsesgulve<\/li>\n<li>Bils\u00e6der og t\u00e6pper<\/li>\n<li>Stof- og tekstilt\u00e6pper<\/li>\n<li>Gulve og trapper<\/li>\n<li>F\u00e6lge og andre metalliske overflader<\/li>\n<\/ul>\n<p>Disse b\u00f8rster er is\u00e6r nyttige til reng\u00f8ring og skrubning af overflader, der er vanskelige at n\u00e5 med traditionelle metoder, s\u00e5som fuger og trange rum. Med en skruetr\u00e6kker og den rigtige b\u00f8rste kan du nemt tackle indgroet snavs og pletter, hvilket g\u00f8r reng\u00f8ringen b\u00e5de hurtigere og mere effektiv.<\/p>","protected":false},"excerpt":{"rendered":"<p>Nylonb\u00f8rster, der monteres p\u00e5 skruetr\u00e6kkere\/boremaskiner, for hurtig og nem reng\u00f8ring.<\/p>","protected":false},"featured_media":28117,"comment_status":"open","ping_status":"closed","template":"","meta":{"_acf_changed":false,"_smort_price_nok":"","_smort_price_dkk":"","_smort_price_eur":"","_smort_sale_price_nok":"","_smort_sale_price_dkk":"","_smort_sale_price_eur":"","smort_restorder":"","shipmondo_restorder":"","_kad_blocks_custom_css":"","_kad_blocks_head_custom_js":"","_kad_blocks_body_custom_js":"","_kad_blocks_footer_custom_js":"","smort_custom_pricelist_1":"191.36","smort_custom_pricelist_2":"191.36","smort_custom_pricelist_3":"191.36","smort_custom_pricelist_4":"239.2","smort_custom_pricelist_5":"191.36"},"anvandningsomrade":[],"bilmarken":[],"product_brand":[2893],"product_cat":[2450,378],"product_tag":[],"class_list":{"0":"post-28116","1":"product","2":"type-product","3":"status-publish","4":"has-post-thumbnail","6":"product_brand-tershine","7":"product_cat-tillbehor-bilvard","8":"product_cat-bilvard","10":"first","11":"onbackorder","12":"taxable","13":"shipping-taxable","14":"purchasable","15":"product-type-simple"},"bundled_by":[],"bundle_stock_status":"onbackorder","bundle_stock_quantity":0,"bundle_virtual":false,"bundle_layout":"","bundle_add_to_cart_form_location":"","bundle_editable_in_cart":false,"bundle_sold_individually_context":"","bundle_item_grouping":"","bundle_min_size":"","bundle_max_size":"","bundle_price":[],"bundled_items":[],"bundle_sell_ids":[],"acf":[],"yoast_head":"<!-- This site is optimized with the Yoast SEO plugin v27.0 - https:\/\/yoast.com\/product\/yoast-seo-wordpress\/ -->\n<title>Tershine Borstar till skruvdragare - H\u00e5rd - Xenonkungen<\/title>\n<meta name=\"robots\" content=\"index, follow, max-snippet:-1, max-image-preview:large, max-video-preview:-1\" \/>\n<link rel=\"canonical\" href=\"https:\/\/xenonkungen.com\/dk\/vare\/tershine-borstar-till-skruvdragare-hard\/\" \/>\n<meta property=\"og:locale\" content=\"da_DK\" \/>\n<meta property=\"og:type\" content=\"article\" \/>\n<meta property=\"og:title\" content=\"Tershine Borstar till skruvdragare - H\u00e5rd - Xenonkungen\" \/>\n<meta property=\"og:description\" content=\"Nylonborstar som monteras p\u00e5 skruvdragare\/borrmaskin f\u00f6r snabb och enkelt reng\u00f6ring.\" \/>\n<meta property=\"og:url\" content=\"https:\/\/xenonkungen.com\/dk\/vare\/tershine-borstar-till-skruvdragare-hard\/\" \/>\n<meta property=\"og:site_name\" content=\"Xenonkungen\" \/>\n<meta property=\"article:modified_time\" content=\"2026-05-12T13:35:45+00:00\" \/>\n<meta property=\"og:image\" content=\"https:\/\/xenonkungen.com\/wp-content\/uploads\/2026\/03\/CXHnHLScgDE04bZsMLkvzVe7qo3JuSOR0yUlGnhn.webp\" \/>\n\t<meta property=\"og:image:width\" content=\"1024\" \/>\n\t<meta property=\"og:image:height\" content=\"1024\" \/>\n\t<meta property=\"og:image:type\" content=\"image\/webp\" \/>\n<meta name=\"twitter:card\" content=\"summary_large_image\" \/>\n<meta name=\"twitter:label1\" content=\"Estimeret l\u00e6setid\" \/>\n\t<meta name=\"twitter:data1\" content=\"2 minutter\" \/>\n<script type=\"application\/ld+json\" class=\"yoast-schema-graph\">{\"@context\":\"https:\/\/schema.org\",\"@graph\":[{\"@type\":\"WebPage\",\"@id\":\"https:\/\/xenonkungen.com\/produkt\/tershine-borstar-till-skruvdragare-hard\/\",\"url\":\"https:\/\/xenonkungen.com\/produkt\/tershine-borstar-till-skruvdragare-hard\/\",\"name\":\"Tershine Borstar till skruvdragare - H\u00e5rd - Xenonkungen\",\"isPartOf\":{\"@id\":\"https:\/\/xenonkungen.com\/#website\"},\"primaryImageOfPage\":{\"@id\":\"https:\/\/xenonkungen.com\/produkt\/tershine-borstar-till-skruvdragare-hard\/#primaryimage\"},\"image\":{\"@id\":\"https:\/\/xenonkungen.com\/produkt\/tershine-borstar-till-skruvdragare-hard\/#primaryimage\"},\"thumbnailUrl\":\"https:\/\/xenonkungen.com\/wp-content\/uploads\/2026\/03\/CXHnHLScgDE04bZsMLkvzVe7qo3JuSOR0yUlGnhn.webp\",\"datePublished\":\"2026-03-18T08:29:14+00:00\",\"dateModified\":\"2026-05-12T13:35:45+00:00\",\"breadcrumb\":{\"@id\":\"https:\/\/xenonkungen.com\/produkt\/tershine-borstar-till-skruvdragare-hard\/#breadcrumb\"},\"inLanguage\":\"da-DK\",\"potentialAction\":[{\"@type\":\"ReadAction\",\"target\":[\"https:\/\/xenonkungen.com\/produkt\/tershine-borstar-till-skruvdragare-hard\/\"]}]},{\"@type\":\"ImageObject\",\"inLanguage\":\"da-DK\",\"@id\":\"https:\/\/xenonkungen.com\/produkt\/tershine-borstar-till-skruvdragare-hard\/#primaryimage\",\"url\":\"https:\/\/xenonkungen.com\/wp-content\/uploads\/2026\/03\/CXHnHLScgDE04bZsMLkvzVe7qo3JuSOR0yUlGnhn.webp\",\"contentUrl\":\"https:\/\/xenonkungen.com\/wp-content\/uploads\/2026\/03\/CXHnHLScgDE04bZsMLkvzVe7qo3JuSOR0yUlGnhn.webp\",\"width\":1024,\"height\":1024},{\"@type\":\"BreadcrumbList\",\"@id\":\"https:\/\/xenonkungen.com\/produkt\/tershine-borstar-till-skruvdragare-hard\/#breadcrumb\",\"itemListElement\":[{\"@type\":\"ListItem\",\"position\":1,\"name\":\"Hem\",\"item\":\"https:\/\/xenonkungen.com\/\"},{\"@type\":\"ListItem\",\"position\":2,\"name\":\"Shop\",\"item\":\"https:\/\/xenonkungen.com\/shop\/\"},{\"@type\":\"ListItem\",\"position\":3,\"name\":\"Tershine Borstar till skruvdragare &#8211; H\u00e5rd\"}]},{\"@type\":\"WebSite\",\"@id\":\"https:\/\/xenonkungen.com\/#website\",\"url\":\"https:\/\/xenonkungen.com\/\",\"name\":\"Xenonkungen\",\"description\":\"\",\"potentialAction\":[{\"@type\":\"SearchAction\",\"target\":{\"@type\":\"EntryPoint\",\"urlTemplate\":\"https:\/\/xenonkungen.com\/?s={search_term_string}\"},\"query-input\":{\"@type\":\"PropertyValueSpecification\",\"valueRequired\":true,\"valueName\":\"search_term_string\"}}],\"inLanguage\":\"da-DK\"}]}<\/script>\n<!-- \/ Yoast SEO plugin. -->","yoast_head_json":{"title":"Tershine Borstar till skruvdragare - H\u00e5rd - Xenonkungen","robots":{"index":"index","follow":"follow","max-snippet":"max-snippet:-1","max-image-preview":"max-image-preview:large","max-video-preview":"max-video-preview:-1"},"canonical":"https:\/\/xenonkungen.com\/dk\/vare\/tershine-borstar-till-skruvdragare-hard\/","og_locale":"da_DK","og_type":"article","og_title":"Tershine Borstar till skruvdragare - H\u00e5rd - Xenonkungen","og_description":"Nylonborstar som monteras p\u00e5 skruvdragare\/borrmaskin f\u00f6r snabb och enkelt reng\u00f6ring.","og_url":"https:\/\/xenonkungen.com\/dk\/vare\/tershine-borstar-till-skruvdragare-hard\/","og_site_name":"Xenonkungen","article_modified_time":"2026-05-12T13:35:45+00:00","og_image":[{"width":1024,"height":1024,"url":"https:\/\/xenonkungen.com\/wp-content\/uploads\/2026\/03\/CXHnHLScgDE04bZsMLkvzVe7qo3JuSOR0yUlGnhn.webp","type":"image\/webp"}],"twitter_card":"summary_large_image","twitter_misc":{"Estimeret l\u00e6setid":"2 minutter"},"schema":{"@context":"https:\/\/schema.org","@graph":[{"@type":"WebPage","@id":"https:\/\/xenonkungen.com\/produkt\/tershine-borstar-till-skruvdragare-hard\/","url":"https:\/\/xenonkungen.com\/produkt\/tershine-borstar-till-skruvdragare-hard\/","name":"Tershine Borstar till skruvdragare - H\u00e5rd - Xenonkungen","isPartOf":{"@id":"https:\/\/xenonkungen.com\/#website"},"primaryImageOfPage":{"@id":"https:\/\/xenonkungen.com\/produkt\/tershine-borstar-till-skruvdragare-hard\/#primaryimage"},"image":{"@id":"https:\/\/xenonkungen.com\/produkt\/tershine-borstar-till-skruvdragare-hard\/#primaryimage"},"thumbnailUrl":"https:\/\/xenonkungen.com\/wp-content\/uploads\/2026\/03\/CXHnHLScgDE04bZsMLkvzVe7qo3JuSOR0yUlGnhn.webp","datePublished":"2026-03-18T08:29:14+00:00","dateModified":"2026-05-12T13:35:45+00:00","breadcrumb":{"@id":"https:\/\/xenonkungen.com\/produkt\/tershine-borstar-till-skruvdragare-hard\/#breadcrumb"},"inLanguage":"da-DK","potentialAction":[{"@type":"ReadAction","target":["https:\/\/xenonkungen.com\/produkt\/tershine-borstar-till-skruvdragare-hard\/"]}]},{"@type":"ImageObject","inLanguage":"da-DK","@id":"https:\/\/xenonkungen.com\/produkt\/tershine-borstar-till-skruvdragare-hard\/#primaryimage","url":"https:\/\/xenonkungen.com\/wp-content\/uploads\/2026\/03\/CXHnHLScgDE04bZsMLkvzVe7qo3JuSOR0yUlGnhn.webp","contentUrl":"https:\/\/xenonkungen.com\/wp-content\/uploads\/2026\/03\/CXHnHLScgDE04bZsMLkvzVe7qo3JuSOR0yUlGnhn.webp","width":1024,"height":1024},{"@type":"BreadcrumbList","@id":"https:\/\/xenonkungen.com\/produkt\/tershine-borstar-till-skruvdragare-hard\/#breadcrumb","itemListElement":[{"@type":"ListItem","position":1,"name":"Hem","item":"https:\/\/xenonkungen.com\/"},{"@type":"ListItem","position":2,"name":"Shop","item":"https:\/\/xenonkungen.com\/shop\/"},{"@type":"ListItem","position":3,"name":"Tershine Borstar till skruvdragare &#8211; H\u00e5rd"}]},{"@type":"WebSite","@id":"https:\/\/xenonkungen.com\/#website","url":"https:\/\/xenonkungen.com\/","name":"Xenonkungen","description":"","potentialAction":[{"@type":"SearchAction","target":{"@type":"EntryPoint","urlTemplate":"https:\/\/xenonkungen.com\/?s={search_term_string}"},"query-input":{"@type":"PropertyValueSpecification","valueRequired":true,"valueName":"search_term_string"}}],"inLanguage":"da-DK"}]}},"taxonomy_info":{"product_brand":[{"value":2893,"label":"Tershine"}],"product_cat":[{"value":2450,"label":"6 | Tillbeh\u00f6r"},{"value":378,"label":"Bilv\u00e5rd"}]},"featured_image_src_large":["https:\/\/xenonkungen.com\/wp-content\/uploads\/2026\/03\/CXHnHLScgDE04bZsMLkvzVe7qo3JuSOR0yUlGnhn.webp",1024,1024,false],"author_info":[],"comment_info":0,"_links":{"self":[{"href":"https:\/\/xenonkungen.com\/dk\/wp-json\/wp\/v2\/product\/28116","targetHints":{"allow":["GET"]}}],"collection":[{"href":"https:\/\/xenonkungen.com\/dk\/wp-json\/wp\/v2\/product"}],"about":[{"href":"https:\/\/xenonkungen.com\/dk\/wp-json\/wp\/v2\/types\/product"}],"replies":[{"embeddable":true,"href":"https:\/\/xenonkungen.com\/dk\/wp-json\/wp\/v2\/comments?post=28116"}],"wp:featuredmedia":[{"embeddable":true,"href":"https:\/\/xenonkungen.com\/dk\/wp-json\/wp\/v2\/media\/28117"}],"wp:attachment":[{"href":"https:\/\/xenonkungen.com\/dk\/wp-json\/wp\/v2\/media?parent=28116"}],"wp:term":[{"taxonomy":"anvandningsomrade","embeddable":true,"href":"https:\/\/xenonkungen.com\/dk\/wp-json\/wp\/v2\/anvandningsomrade?post=28116"},{"taxonomy":"bilmarken","embeddable":true,"href":"https:\/\/xenonkungen.com\/dk\/wp-json\/wp\/v2\/bilmarken?post=28116"},{"taxonomy":"product_brand","embeddable":true,"href":"https:\/\/xenonkungen.com\/dk\/wp-json\/wp\/v2\/product_brand?post=28116"},{"taxonomy":"product_cat","embeddable":true,"href":"https:\/\/xenonkungen.com\/dk\/wp-json\/wp\/v2\/product_cat?post=28116"},{"taxonomy":"product_tag","embeddable":true,"href":"https:\/\/xenonkungen.com\/dk\/wp-json\/wp\/v2\/product_tag?post=28116"}],"curies":[{"name":"wp","href":"https:\/\/api.w.org\/{rel}","templated":true}]}}