{"id":2814,"date":"2025-04-15T08:43:49","date_gmt":"2025-04-15T08:43:49","guid":{"rendered":"https:\/\/xenonkungen.com\/product\/briodlights-nex-led-arbetsljusramp-varning-798-mm\/"},"modified":"2026-04-24T16:48:23","modified_gmt":"2026-04-24T15:48:23","slug":"briodlights-nex-led-arbejdslysbjaelke-advarsel-798-mm","status":"publish","type":"product","link":"https:\/\/xenonkungen.com\/dk\/vare\/briodlights-nex-led-arbejdslysbjaelke-advarsel-798-mm\/","title":{"rendered":"BriodLights NEX LED-arbejdslys rampeadvarsel 798 mm"},"content":{"rendered":"<h1>BriodLights NEX LED-arbejdslysrampe med integreret advarselslys<\/h1>\n<p>BriodLights NEX LED arbejdslysbj\u00e6lke er en alsidig arbejdslampe med integreret advarselslampe. Lysbj\u00e6lken er bygget til at holde med et robust, pulverlakeret aluminiumshus, der g\u00f8r den b\u00e5de st\u00f8dsikker og vandt\u00e6t. Derudover er monteringen nem takket v\u00e6re de medf\u00f8lgende beslag.<\/p>\n<h2>Let justerbare beslag<\/h2>\n<p>Rampen leveres med justerbare beslag, s\u00e5 den kan monteres p\u00e5 bagsiden af dit k\u00f8ret\u00f8j eller med sidebeslag, afh\u00e6ngigt af dine behov.<\/p>\n<h2>Brugerdefinerede kabelstik<\/h2>\n<p>Hvert kabel er farvekodet for specifikke funktioner:<\/p>\n<ul>\n<li>Sort kabel: \u2013<\/li>\n<li>R\u00f8dt kabel: +<\/li>\n<li>Gr\u00f8nt kabel: Orange blinkende advarselslampe<\/li>\n<li>Gult kabel: Orange positionslys<\/li>\n<li>Gr\u00e5t kabel: Hvidt positionslys<\/li>\n<\/ul>\n<h2>Certificeringer<\/h2>\n<p>BriodLights NEX LED arbejdslysbj\u00e6lke opfylder flere internationale standarder, herunder CE, ECE R10, RoHS og IP69K.<\/p>\n<h2>3 \u00e5rs garanti<\/h2>\n<p>For at give dig fuldst\u00e6ndig ro i sindet leveres BriodLights NEX LED-arbejdslysbj\u00e6lken med 3 \u00e5rs garanti.<\/p>","protected":false},"excerpt":{"rendered":"<p>BriodLights NEX LED Arbetsljusramp med Integrerat Varningsljus BriodLights NEX LED arbetsljusramp \u00e4r ett m\u00e5ngsidigt arbetsljus med integrerat varningsljus. Ljusrampen \u00e4r byggd f\u00f6r att h\u00e5lla, med ett robust, pulverlackerat aluminiumhus som g\u00f6r den b\u00e5de st\u00f6ts\u00e4ker och vattent\u00e4t. Dessutom \u00e4r monteringen enkel, tack vare medf\u00f6ljande f\u00e4sten. L\u00e4ttjusterade F\u00e4sten Rampen levereras med reglerbara f\u00e4sten, vilket g\u00f6r det m\u00f6jligt [&hellip;]<\/p>","protected":false},"featured_media":2815,"comment_status":"closed","ping_status":"open","template":"","meta":{"_acf_changed":false,"_smort_price_nok":"7322","_smort_price_dkk":"4652","_smort_price_eur":"623.15","_smort_sale_price_nok":"","_smort_sale_price_dkk":"","_smort_sale_price_eur":"","smort_restorder":"","shipmondo_restorder":"","_kad_blocks_custom_css":"","_kad_blocks_head_custom_js":"","_kad_blocks_body_custom_js":"","_kad_blocks_footer_custom_js":"","smort_custom_pricelist_1":"4387.2","smort_custom_pricelist_2":"3838.8","smort_custom_pricelist_3":"3646.86","smort_custom_pricelist_4":"5484","smort_custom_pricelist_5":"3838.8"},"anvandningsomrade":[],"bilmarken":[],"product_brand":[92],"product_cat":[2551,508],"product_tag":[2788],"class_list":{"0":"post-2814","1":"product","2":"type-product","3":"status-publish","4":"has-post-thumbnail","6":"product_brand-briodlights","7":"product_cat-arbetsljusramp-arbetsbelysning","8":"product_cat-arbetsbelysning","9":"product_tag-black-week-exclude","10":"pa_faktisk-effekts-forbrukning-910","11":"pa_fargtemperatur-5700k","12":"pa_fuktskydd-varde-ipxx-ip69k","13":"pa_godkannande-e-godkand-ece-r10","14":"pa_lampsockel-kontakt-dt","15":"pa_ljusbild-flood","16":"pa_storlek-mm-798x471x543","17":"pa_stromforbrukning-1096a12v","18":"pa_stromforbrukning-515a24v","19":"pa_volt-v-multivolt-10-12-16-18-24-28-30","21":"first","22":"onbackorder","23":"taxable","24":"shipping-taxable","25":"purchasable","26":"product-type-simple"},"bundled_by":[],"bundle_stock_status":"onbackorder","bundle_stock_quantity":0,"bundle_virtual":false,"bundle_layout":"","bundle_add_to_cart_form_location":"","bundle_editable_in_cart":false,"bundle_sold_individually_context":"","bundle_item_grouping":"","bundle_min_size":"","bundle_max_size":"","bundle_price":[],"bundled_items":[],"bundle_sell_ids":[],"acf":[],"yoast_head":"<!-- This site is optimized with the Yoast SEO plugin v27.0 - https:\/\/yoast.com\/product\/yoast-seo-wordpress\/ -->\n<title>BriodLights NEX LED Arbetsljusramp Varning 798 mm - Xenonkungen<\/title>\n<meta name=\"robots\" content=\"index, follow, max-snippet:-1, max-image-preview:large, max-video-preview:-1\" \/>\n<link rel=\"canonical\" href=\"https:\/\/xenonkungen.com\/dk\/vare\/briodlights-nex-led-arbejdslysbjaelke-advarsel-798-mm\/\" \/>\n<meta property=\"og:locale\" content=\"da_DK\" \/>\n<meta property=\"og:type\" content=\"article\" \/>\n<meta property=\"og:title\" content=\"BriodLights NEX LED Arbetsljusramp Varning 798 mm - Xenonkungen\" \/>\n<meta property=\"og:description\" content=\"BriodLights NEX LED Arbetsljusramp med Integrerat Varningsljus BriodLights NEX LED arbetsljusramp \u00e4r ett m\u00e5ngsidigt arbetsljus med integrerat varningsljus. Ljusrampen \u00e4r byggd f\u00f6r att h\u00e5lla, med ett robust, pulverlackerat aluminiumhus som g\u00f6r den b\u00e5de st\u00f6ts\u00e4ker och vattent\u00e4t. Dessutom \u00e4r monteringen enkel, tack vare medf\u00f6ljande f\u00e4sten. L\u00e4ttjusterade F\u00e4sten Rampen levereras med reglerbara f\u00e4sten, vilket g\u00f6r det m\u00f6jligt [&hellip;]\" \/>\n<meta property=\"og:url\" content=\"https:\/\/xenonkungen.com\/dk\/vare\/briodlights-nex-led-arbejdslysbjaelke-advarsel-798-mm\/\" \/>\n<meta property=\"og:site_name\" content=\"Xenonkungen\" \/>\n<meta property=\"article:modified_time\" content=\"2026-04-24T15:48:23+00:00\" \/>\n<meta property=\"og:image\" content=\"https:\/\/xenonkungen.com\/wp-content\/uploads\/2025\/04\/11155_itemimage_mainfront.jpg\" \/>\n\t<meta property=\"og:image:width\" content=\"2048\" \/>\n\t<meta property=\"og:image:height\" content=\"1536\" \/>\n\t<meta property=\"og:image:type\" content=\"image\/jpeg\" \/>\n<meta name=\"twitter:card\" content=\"summary_large_image\" \/>\n<meta name=\"twitter:label1\" content=\"Estimeret l\u00e6setid\" \/>\n\t<meta name=\"twitter:data1\" content=\"1 minut\" \/>\n<script type=\"application\/ld+json\" class=\"yoast-schema-graph\">{\"@context\":\"https:\/\/schema.org\",\"@graph\":[{\"@type\":\"WebPage\",\"@id\":\"https:\/\/xenonkungen.com\/produkt\/briodlights-nex-led-arbetsljusramp-varning-798-mm\/\",\"url\":\"https:\/\/xenonkungen.com\/produkt\/briodlights-nex-led-arbetsljusramp-varning-798-mm\/\",\"name\":\"BriodLights NEX LED Arbetsljusramp Varning 798 mm - Xenonkungen\",\"isPartOf\":{\"@id\":\"https:\/\/xenonkungen.com\/#website\"},\"primaryImageOfPage\":{\"@id\":\"https:\/\/xenonkungen.com\/produkt\/briodlights-nex-led-arbetsljusramp-varning-798-mm\/#primaryimage\"},\"image\":{\"@id\":\"https:\/\/xenonkungen.com\/produkt\/briodlights-nex-led-arbetsljusramp-varning-798-mm\/#primaryimage\"},\"thumbnailUrl\":\"https:\/\/xenonkungen.com\/wp-content\/uploads\/2025\/04\/11155_itemimage_mainfront.jpg\",\"datePublished\":\"2025-04-15T08:43:49+00:00\",\"dateModified\":\"2026-04-24T15:48:23+00:00\",\"breadcrumb\":{\"@id\":\"https:\/\/xenonkungen.com\/produkt\/briodlights-nex-led-arbetsljusramp-varning-798-mm\/#breadcrumb\"},\"inLanguage\":\"da-DK\",\"potentialAction\":[{\"@type\":\"ReadAction\",\"target\":[\"https:\/\/xenonkungen.com\/produkt\/briodlights-nex-led-arbetsljusramp-varning-798-mm\/\"]}]},{\"@type\":\"ImageObject\",\"inLanguage\":\"da-DK\",\"@id\":\"https:\/\/xenonkungen.com\/produkt\/briodlights-nex-led-arbetsljusramp-varning-798-mm\/#primaryimage\",\"url\":\"https:\/\/xenonkungen.com\/wp-content\/uploads\/2025\/04\/11155_itemimage_mainfront.jpg\",\"contentUrl\":\"https:\/\/xenonkungen.com\/wp-content\/uploads\/2025\/04\/11155_itemimage_mainfront.jpg\",\"width\":2048,\"height\":1536},{\"@type\":\"BreadcrumbList\",\"@id\":\"https:\/\/xenonkungen.com\/produkt\/briodlights-nex-led-arbetsljusramp-varning-798-mm\/#breadcrumb\",\"itemListElement\":[{\"@type\":\"ListItem\",\"position\":1,\"name\":\"Hem\",\"item\":\"https:\/\/xenonkungen.com\/\"},{\"@type\":\"ListItem\",\"position\":2,\"name\":\"Shop\",\"item\":\"https:\/\/xenonkungen.com\/shop\/\"},{\"@type\":\"ListItem\",\"position\":3,\"name\":\"BriodLights NEX LED Arbetsljusramp Varning 798 mm\"}]},{\"@type\":\"WebSite\",\"@id\":\"https:\/\/xenonkungen.com\/#website\",\"url\":\"https:\/\/xenonkungen.com\/\",\"name\":\"Xenonkungen\",\"description\":\"\",\"potentialAction\":[{\"@type\":\"SearchAction\",\"target\":{\"@type\":\"EntryPoint\",\"urlTemplate\":\"https:\/\/xenonkungen.com\/?s={search_term_string}\"},\"query-input\":{\"@type\":\"PropertyValueSpecification\",\"valueRequired\":true,\"valueName\":\"search_term_string\"}}],\"inLanguage\":\"da-DK\"}]}<\/script>\n<!-- \/ Yoast SEO plugin. -->","yoast_head_json":{"title":"BriodLights NEX LED Arbejdslysbj\u00e6lke Advarsel 798 mm - Xenonkungen","robots":{"index":"index","follow":"follow","max-snippet":"max-snippet:-1","max-image-preview":"max-image-preview:large","max-video-preview":"max-video-preview:-1"},"canonical":"https:\/\/xenonkungen.com\/dk\/vare\/briodlights-nex-led-arbejdslysbjaelke-advarsel-798-mm\/","og_locale":"da_DK","og_type":"article","og_title":"BriodLights NEX LED Arbetsljusramp Varning 798 mm - Xenonkungen","og_description":"BriodLights NEX LED Arbetsljusramp med Integrerat Varningsljus BriodLights NEX LED arbetsljusramp \u00e4r ett m\u00e5ngsidigt arbetsljus med integrerat varningsljus. Ljusrampen \u00e4r byggd f\u00f6r att h\u00e5lla, med ett robust, pulverlackerat aluminiumhus som g\u00f6r den b\u00e5de st\u00f6ts\u00e4ker och vattent\u00e4t. Dessutom \u00e4r monteringen enkel, tack vare medf\u00f6ljande f\u00e4sten. L\u00e4ttjusterade F\u00e4sten Rampen levereras med reglerbara f\u00e4sten, vilket g\u00f6r det m\u00f6jligt [&hellip;]","og_url":"https:\/\/xenonkungen.com\/dk\/vare\/briodlights-nex-led-arbejdslysbjaelke-advarsel-798-mm\/","og_site_name":"Xenonkungen","article_modified_time":"2026-04-24T15:48:23+00:00","og_image":[{"width":2048,"height":1536,"url":"https:\/\/xenonkungen.com\/wp-content\/uploads\/2025\/04\/11155_itemimage_mainfront.jpg","type":"image\/jpeg"}],"twitter_card":"summary_large_image","twitter_misc":{"Estimeret l\u00e6setid":"1 minut"},"schema":{"@context":"https:\/\/schema.org","@graph":[{"@type":"WebPage","@id":"https:\/\/xenonkungen.com\/produkt\/briodlights-nex-led-arbetsljusramp-varning-798-mm\/","url":"https:\/\/xenonkungen.com\/produkt\/briodlights-nex-led-arbetsljusramp-varning-798-mm\/","name":"BriodLights NEX LED Arbejdslysbj\u00e6lke Advarsel 798 mm - Xenonkungen","isPartOf":{"@id":"https:\/\/xenonkungen.com\/#website"},"primaryImageOfPage":{"@id":"https:\/\/xenonkungen.com\/produkt\/briodlights-nex-led-arbetsljusramp-varning-798-mm\/#primaryimage"},"image":{"@id":"https:\/\/xenonkungen.com\/produkt\/briodlights-nex-led-arbetsljusramp-varning-798-mm\/#primaryimage"},"thumbnailUrl":"https:\/\/xenonkungen.com\/wp-content\/uploads\/2025\/04\/11155_itemimage_mainfront.jpg","datePublished":"2025-04-15T08:43:49+00:00","dateModified":"2026-04-24T15:48:23+00:00","breadcrumb":{"@id":"https:\/\/xenonkungen.com\/produkt\/briodlights-nex-led-arbetsljusramp-varning-798-mm\/#breadcrumb"},"inLanguage":"da-DK","potentialAction":[{"@type":"ReadAction","target":["https:\/\/xenonkungen.com\/produkt\/briodlights-nex-led-arbetsljusramp-varning-798-mm\/"]}]},{"@type":"ImageObject","inLanguage":"da-DK","@id":"https:\/\/xenonkungen.com\/produkt\/briodlights-nex-led-arbetsljusramp-varning-798-mm\/#primaryimage","url":"https:\/\/xenonkungen.com\/wp-content\/uploads\/2025\/04\/11155_itemimage_mainfront.jpg","contentUrl":"https:\/\/xenonkungen.com\/wp-content\/uploads\/2025\/04\/11155_itemimage_mainfront.jpg","width":2048,"height":1536},{"@type":"BreadcrumbList","@id":"https:\/\/xenonkungen.com\/produkt\/briodlights-nex-led-arbetsljusramp-varning-798-mm\/#breadcrumb","itemListElement":[{"@type":"ListItem","position":1,"name":"Hem","item":"https:\/\/xenonkungen.com\/"},{"@type":"ListItem","position":2,"name":"Shop","item":"https:\/\/xenonkungen.com\/shop\/"},{"@type":"ListItem","position":3,"name":"BriodLights NEX LED Arbetsljusramp Varning 798 mm"}]},{"@type":"WebSite","@id":"https:\/\/xenonkungen.com\/#website","url":"https:\/\/xenonkungen.com\/","name":"Xenonkungen","description":"","potentialAction":[{"@type":"SearchAction","target":{"@type":"EntryPoint","urlTemplate":"https:\/\/xenonkungen.com\/?s={search_term_string}"},"query-input":{"@type":"PropertyValueSpecification","valueRequired":true,"valueName":"search_term_string"}}],"inLanguage":"da-DK"}]}},"taxonomy_info":{"product_brand":[{"value":92,"label":"Briodlights"}],"product_cat":[{"value":2551,"label":"Arbetsljusramp"},{"value":508,"label":"Arbetsbelysning"}],"product_tag":[{"value":2788,"label":"black-week-exclude"}],"pa_faktisk-effekts-forbrukning":[{"value":910,"label":"131,5"}],"pa_fargtemperatur":[{"value":226,"label":"5700K"}],"pa_fuktskydd-varde-ipxx":[{"value":155,"label":"IP69K"}],"pa_godkannande":[{"value":900,"label":"E-Godk\u00e4nd, ECE, R10"}],"pa_lampsockel-kontakt":[{"value":329,"label":"DT"}],"pa_ljusbild":[{"value":503,"label":"FLOOD"}],"pa_storlek-mm":[{"value":909,"label":"798x47,1x54,3"}],"pa_stromforbrukning":[{"value":911,"label":"10,96A@12V"},{"value":912,"label":"5,15A@24V"}],"pa_volt-v":[{"value":773,"label":"Multivolt, 10, 12, 16, 18, 24, 28, 30"}]},"featured_image_src_large":["https:\/\/xenonkungen.com\/wp-content\/uploads\/2025\/04\/11155_itemimage_mainfront-1024x768.jpg",1024,768,true],"author_info":[],"comment_info":0,"_links":{"self":[{"href":"https:\/\/xenonkungen.com\/dk\/wp-json\/wp\/v2\/product\/2814","targetHints":{"allow":["GET"]}}],"collection":[{"href":"https:\/\/xenonkungen.com\/dk\/wp-json\/wp\/v2\/product"}],"about":[{"href":"https:\/\/xenonkungen.com\/dk\/wp-json\/wp\/v2\/types\/product"}],"replies":[{"embeddable":true,"href":"https:\/\/xenonkungen.com\/dk\/wp-json\/wp\/v2\/comments?post=2814"}],"wp:featuredmedia":[{"embeddable":true,"href":"https:\/\/xenonkungen.com\/dk\/wp-json\/wp\/v2\/media\/2815"}],"wp:attachment":[{"href":"https:\/\/xenonkungen.com\/dk\/wp-json\/wp\/v2\/media?parent=2814"}],"wp:term":[{"taxonomy":"anvandningsomrade","embeddable":true,"href":"https:\/\/xenonkungen.com\/dk\/wp-json\/wp\/v2\/anvandningsomrade?post=2814"},{"taxonomy":"bilmarken","embeddable":true,"href":"https:\/\/xenonkungen.com\/dk\/wp-json\/wp\/v2\/bilmarken?post=2814"},{"taxonomy":"product_brand","embeddable":true,"href":"https:\/\/xenonkungen.com\/dk\/wp-json\/wp\/v2\/product_brand?post=2814"},{"taxonomy":"product_cat","embeddable":true,"href":"https:\/\/xenonkungen.com\/dk\/wp-json\/wp\/v2\/product_cat?post=2814"},{"taxonomy":"product_tag","embeddable":true,"href":"https:\/\/xenonkungen.com\/dk\/wp-json\/wp\/v2\/product_tag?post=2814"}],"curies":[{"name":"wp","href":"https:\/\/api.w.org\/{rel}","templated":true}]}}