{"id":2817,"date":"2025-04-15T08:43:49","date_gmt":"2025-04-15T08:43:49","guid":{"rendered":"https:\/\/xenonkungen.com\/product\/briodlights-backlampa-mini-platt\/"},"modified":"2026-05-11T09:13:22","modified_gmt":"2026-05-11T08:13:22","slug":"mini-flad-baggrundsbelysning-med-broadlights","status":"publish","type":"product","link":"https:\/\/xenonkungen.com\/dk\/vare\/mini-flad-baggrundsbelysning-med-broadlights\/","title":{"rendered":"BriodLights Baggrundsbelysning mini flad"},"content":{"rendered":"<h1>BriodLights Fleksibelt Arbejds- og Baklygte: Lille, Kompakt og Effektiv<\/h1>\n<p>F\u00e5 arbejdet gjort sikkert og effektivt med BriodLights lille, fleksible arbejds- og baklygte. Trods sin kompakte st\u00f8rrelse leverer denne lygte en kraftig lysstyrke p\u00e5 200 lumen, hvilket g\u00f8r den til en fremragende l\u00f8sning til en r\u00e6kke forskellige arbejdsmilj\u00f8er.<\/p>\n<h2>Fleksibel og nem at bruge<\/h2>\n<p>Med et fleksibelt design kan denne lampe nemt tilpasses dine specifikke behov og arbejdsforhold. Derudover medf\u00f8lger et 1,5 meter langt ADR-kabel, hvilket g\u00f8r installationen hurtig og nem.<\/p>\n<h2>Certificeringer og standarder<\/h2>\n<p>BriodLights arbejds- og baklygter opfylder flere vigtige standarder og certificeringer, herunder ECER65, EMC R10 og RoHS. Disse certificeringer sikrer, at lygten lever op til strenge sikkerheds- og kvalitetskrav.<\/p>\n<h2>En belysningsl\u00f8sning du kan stole p\u00e5<\/h2>\n<p>Med sit robuste design og imponerende ydeevne er BriodLights lille, fleksible arbejds- og baklygte en belysningsl\u00f8sning, du kan stole p\u00e5. Uanset om du arbejder i et kr\u00e6vende industrimilj\u00f8 eller har brug for ekstra lys til at udf\u00f8re opgaver i m\u00f8rke rum, vil denne lampe levere det lys, du har brug for.<\/p>","protected":false},"excerpt":{"rendered":"<p>BriodLights Flexibel Arbets- och Backlampa: Liten, Kompakt och Effektiv Utf\u00f6r arbete s\u00e4kert och effektivt med BriodLights lilla, flexibla arbets- och backlampa. Trots sin kompakta storlek levererar denna lampa en kraftfull ljusstyrka p\u00e5 200 lumen, vilket g\u00f6r den till en utm\u00e4rkt l\u00f6sning f\u00f6r en m\u00e4ngd olika arbetsmilj\u00f6er. Flexibel och L\u00e4ttanv\u00e4nd Med en flexibel design kan denna [&hellip;]<\/p>","protected":false},"featured_media":2818,"comment_status":"closed","ping_status":"open","template":"","meta":{"_acf_changed":false,"_smort_price_nok":"401","_smort_price_dkk":"254","_smort_price_eur":"34.09","_smort_sale_price_nok":"","_smort_sale_price_dkk":"","_smort_sale_price_eur":"","smort_restorder":"","shipmondo_restorder":"","_kad_blocks_custom_css":"","_kad_blocks_head_custom_js":"","_kad_blocks_body_custom_js":"","_kad_blocks_footer_custom_js":"","smort_custom_pricelist_1":"240","smort_custom_pricelist_2":"210","smort_custom_pricelist_3":"199.5","smort_custom_pricelist_4":"300","smort_custom_pricelist_5":"210"},"anvandningsomrade":[],"bilmarken":[],"product_brand":[92],"product_cat":[2479,508],"product_tag":[2788],"class_list":{"0":"post-2817","1":"product","2":"type-product","3":"status-publish","4":"has-post-thumbnail","6":"product_brand-briodlights","7":"product_cat-backljus-backljus","8":"product_cat-arbetsbelysning","9":"product_tag-black-week-exclude","10":"pa_fuktskydd-varde-ipxx-ip67","11":"pa_godkannande-ecer65-emc-r10-rohs","12":"pa_lampsockel-kontakt-open-wire","13":"pa_storlek-mm-101x32x13","14":"pa_volt-v-12-24","16":"first","17":"instock","18":"taxable","19":"shipping-taxable","20":"purchasable","21":"product-type-simple"},"bundled_by":[],"bundle_stock_status":"instock","bundle_stock_quantity":5,"bundle_virtual":false,"bundle_layout":"","bundle_add_to_cart_form_location":"","bundle_editable_in_cart":false,"bundle_sold_individually_context":"","bundle_item_grouping":"","bundle_min_size":"","bundle_max_size":"","bundle_price":[],"bundled_items":[],"bundle_sell_ids":[],"acf":[],"yoast_head":"<!-- This site is optimized with the Yoast SEO plugin v27.0 - https:\/\/yoast.com\/product\/yoast-seo-wordpress\/ -->\n<title>BriodLights Backlampa mini platt - Xenonkungen<\/title>\n<meta name=\"robots\" content=\"index, follow, max-snippet:-1, max-image-preview:large, max-video-preview:-1\" \/>\n<link rel=\"canonical\" href=\"https:\/\/xenonkungen.com\/dk\/vare\/mini-flad-baggrundsbelysning-med-broadlights\/\" \/>\n<meta property=\"og:locale\" content=\"da_DK\" \/>\n<meta property=\"og:type\" content=\"article\" \/>\n<meta property=\"og:title\" content=\"BriodLights Backlampa mini platt - Xenonkungen\" \/>\n<meta property=\"og:description\" content=\"BriodLights Flexibel Arbets- och Backlampa: Liten, Kompakt och Effektiv Utf\u00f6r arbete s\u00e4kert och effektivt med BriodLights lilla, flexibla arbets- och backlampa. Trots sin kompakta storlek levererar denna lampa en kraftfull ljusstyrka p\u00e5 200 lumen, vilket g\u00f6r den till en utm\u00e4rkt l\u00f6sning f\u00f6r en m\u00e4ngd olika arbetsmilj\u00f6er. Flexibel och L\u00e4ttanv\u00e4nd Med en flexibel design kan denna [&hellip;]\" \/>\n<meta property=\"og:url\" content=\"https:\/\/xenonkungen.com\/dk\/vare\/mini-flad-baggrundsbelysning-med-broadlights\/\" \/>\n<meta property=\"og:site_name\" content=\"Xenonkungen\" \/>\n<meta property=\"article:modified_time\" content=\"2026-05-11T08:13:22+00:00\" \/>\n<meta property=\"og:image\" content=\"https:\/\/xenonkungen.com\/wp-content\/uploads\/2025\/04\/11501_itemimage_mainfront.jpg\" \/>\n\t<meta property=\"og:image:width\" content=\"2048\" \/>\n\t<meta property=\"og:image:height\" content=\"1536\" \/>\n\t<meta property=\"og:image:type\" content=\"image\/jpeg\" \/>\n<meta name=\"twitter:card\" content=\"summary_large_image\" \/>\n<meta name=\"twitter:label1\" content=\"Estimeret l\u00e6setid\" \/>\n\t<meta name=\"twitter:data1\" content=\"1 minut\" \/>\n<script type=\"application\/ld+json\" class=\"yoast-schema-graph\">{\"@context\":\"https:\/\/schema.org\",\"@graph\":[{\"@type\":\"WebPage\",\"@id\":\"https:\/\/xenonkungen.com\/produkt\/briodlights-backlampa-mini-platt\/\",\"url\":\"https:\/\/xenonkungen.com\/produkt\/briodlights-backlampa-mini-platt\/\",\"name\":\"BriodLights Backlampa mini platt - Xenonkungen\",\"isPartOf\":{\"@id\":\"https:\/\/xenonkungen.com\/#website\"},\"primaryImageOfPage\":{\"@id\":\"https:\/\/xenonkungen.com\/produkt\/briodlights-backlampa-mini-platt\/#primaryimage\"},\"image\":{\"@id\":\"https:\/\/xenonkungen.com\/produkt\/briodlights-backlampa-mini-platt\/#primaryimage\"},\"thumbnailUrl\":\"https:\/\/xenonkungen.com\/wp-content\/uploads\/2025\/04\/11501_itemimage_mainfront.jpg\",\"datePublished\":\"2025-04-15T08:43:49+00:00\",\"dateModified\":\"2026-05-11T08:13:22+00:00\",\"breadcrumb\":{\"@id\":\"https:\/\/xenonkungen.com\/produkt\/briodlights-backlampa-mini-platt\/#breadcrumb\"},\"inLanguage\":\"da-DK\",\"potentialAction\":[{\"@type\":\"ReadAction\",\"target\":[\"https:\/\/xenonkungen.com\/produkt\/briodlights-backlampa-mini-platt\/\"]}]},{\"@type\":\"ImageObject\",\"inLanguage\":\"da-DK\",\"@id\":\"https:\/\/xenonkungen.com\/produkt\/briodlights-backlampa-mini-platt\/#primaryimage\",\"url\":\"https:\/\/xenonkungen.com\/wp-content\/uploads\/2025\/04\/11501_itemimage_mainfront.jpg\",\"contentUrl\":\"https:\/\/xenonkungen.com\/wp-content\/uploads\/2025\/04\/11501_itemimage_mainfront.jpg\",\"width\":2048,\"height\":1536},{\"@type\":\"BreadcrumbList\",\"@id\":\"https:\/\/xenonkungen.com\/produkt\/briodlights-backlampa-mini-platt\/#breadcrumb\",\"itemListElement\":[{\"@type\":\"ListItem\",\"position\":1,\"name\":\"Hem\",\"item\":\"https:\/\/xenonkungen.com\/\"},{\"@type\":\"ListItem\",\"position\":2,\"name\":\"Shop\",\"item\":\"https:\/\/xenonkungen.com\/shop\/\"},{\"@type\":\"ListItem\",\"position\":3,\"name\":\"BriodLights Backlampa mini platt\"}]},{\"@type\":\"WebSite\",\"@id\":\"https:\/\/xenonkungen.com\/#website\",\"url\":\"https:\/\/xenonkungen.com\/\",\"name\":\"Xenonkungen\",\"description\":\"\",\"potentialAction\":[{\"@type\":\"SearchAction\",\"target\":{\"@type\":\"EntryPoint\",\"urlTemplate\":\"https:\/\/xenonkungen.com\/?s={search_term_string}\"},\"query-input\":{\"@type\":\"PropertyValueSpecification\",\"valueRequired\":true,\"valueName\":\"search_term_string\"}}],\"inLanguage\":\"da-DK\"}]}<\/script>\n<!-- \/ Yoast SEO plugin. -->","yoast_head_json":{"title":"BriodLights Baklygte mini flad - Xenonkungen","robots":{"index":"index","follow":"follow","max-snippet":"max-snippet:-1","max-image-preview":"max-image-preview:large","max-video-preview":"max-video-preview:-1"},"canonical":"https:\/\/xenonkungen.com\/dk\/vare\/mini-flad-baggrundsbelysning-med-broadlights\/","og_locale":"da_DK","og_type":"article","og_title":"BriodLights Backlampa mini platt - Xenonkungen","og_description":"BriodLights Flexibel Arbets- och Backlampa: Liten, Kompakt och Effektiv Utf\u00f6r arbete s\u00e4kert och effektivt med BriodLights lilla, flexibla arbets- och backlampa. Trots sin kompakta storlek levererar denna lampa en kraftfull ljusstyrka p\u00e5 200 lumen, vilket g\u00f6r den till en utm\u00e4rkt l\u00f6sning f\u00f6r en m\u00e4ngd olika arbetsmilj\u00f6er. Flexibel och L\u00e4ttanv\u00e4nd Med en flexibel design kan denna [&hellip;]","og_url":"https:\/\/xenonkungen.com\/dk\/vare\/mini-flad-baggrundsbelysning-med-broadlights\/","og_site_name":"Xenonkungen","article_modified_time":"2026-05-11T08:13:22+00:00","og_image":[{"width":2048,"height":1536,"url":"https:\/\/xenonkungen.com\/wp-content\/uploads\/2025\/04\/11501_itemimage_mainfront.jpg","type":"image\/jpeg"}],"twitter_card":"summary_large_image","twitter_misc":{"Estimeret l\u00e6setid":"1 minut"},"schema":{"@context":"https:\/\/schema.org","@graph":[{"@type":"WebPage","@id":"https:\/\/xenonkungen.com\/produkt\/briodlights-backlampa-mini-platt\/","url":"https:\/\/xenonkungen.com\/produkt\/briodlights-backlampa-mini-platt\/","name":"BriodLights Baklygte mini flad - Xenonkungen","isPartOf":{"@id":"https:\/\/xenonkungen.com\/#website"},"primaryImageOfPage":{"@id":"https:\/\/xenonkungen.com\/produkt\/briodlights-backlampa-mini-platt\/#primaryimage"},"image":{"@id":"https:\/\/xenonkungen.com\/produkt\/briodlights-backlampa-mini-platt\/#primaryimage"},"thumbnailUrl":"https:\/\/xenonkungen.com\/wp-content\/uploads\/2025\/04\/11501_itemimage_mainfront.jpg","datePublished":"2025-04-15T08:43:49+00:00","dateModified":"2026-05-11T08:13:22+00:00","breadcrumb":{"@id":"https:\/\/xenonkungen.com\/produkt\/briodlights-backlampa-mini-platt\/#breadcrumb"},"inLanguage":"da-DK","potentialAction":[{"@type":"ReadAction","target":["https:\/\/xenonkungen.com\/produkt\/briodlights-backlampa-mini-platt\/"]}]},{"@type":"ImageObject","inLanguage":"da-DK","@id":"https:\/\/xenonkungen.com\/produkt\/briodlights-backlampa-mini-platt\/#primaryimage","url":"https:\/\/xenonkungen.com\/wp-content\/uploads\/2025\/04\/11501_itemimage_mainfront.jpg","contentUrl":"https:\/\/xenonkungen.com\/wp-content\/uploads\/2025\/04\/11501_itemimage_mainfront.jpg","width":2048,"height":1536},{"@type":"BreadcrumbList","@id":"https:\/\/xenonkungen.com\/produkt\/briodlights-backlampa-mini-platt\/#breadcrumb","itemListElement":[{"@type":"ListItem","position":1,"name":"Hem","item":"https:\/\/xenonkungen.com\/"},{"@type":"ListItem","position":2,"name":"Shop","item":"https:\/\/xenonkungen.com\/shop\/"},{"@type":"ListItem","position":3,"name":"BriodLights Backlampa mini platt"}]},{"@type":"WebSite","@id":"https:\/\/xenonkungen.com\/#website","url":"https:\/\/xenonkungen.com\/","name":"Xenonkungen","description":"","potentialAction":[{"@type":"SearchAction","target":{"@type":"EntryPoint","urlTemplate":"https:\/\/xenonkungen.com\/?s={search_term_string}"},"query-input":{"@type":"PropertyValueSpecification","valueRequired":true,"valueName":"search_term_string"}}],"inLanguage":"da-DK"}]}},"taxonomy_info":{"product_brand":[{"value":92,"label":"Briodlights"}],"product_cat":[{"value":2479,"label":"Backljus"},{"value":508,"label":"Arbetsbelysning"}],"product_tag":[{"value":2788,"label":"black-week-exclude"}],"pa_fuktskydd-varde-ipxx":[{"value":333,"label":"IP67"}],"pa_godkannande":[{"value":914,"label":"ECER65, EMC R10, RoHS"}],"pa_lampsockel-kontakt":[{"value":324,"label":"Open Wire"}],"pa_storlek-mm":[{"value":913,"label":"101x32x13"}],"pa_volt-v":[{"value":348,"label":"12, 24"}]},"featured_image_src_large":["https:\/\/xenonkungen.com\/wp-content\/uploads\/2025\/04\/11501_itemimage_mainfront-1024x768.jpg",1024,768,true],"author_info":[],"comment_info":0,"_links":{"self":[{"href":"https:\/\/xenonkungen.com\/dk\/wp-json\/wp\/v2\/product\/2817","targetHints":{"allow":["GET"]}}],"collection":[{"href":"https:\/\/xenonkungen.com\/dk\/wp-json\/wp\/v2\/product"}],"about":[{"href":"https:\/\/xenonkungen.com\/dk\/wp-json\/wp\/v2\/types\/product"}],"replies":[{"embeddable":true,"href":"https:\/\/xenonkungen.com\/dk\/wp-json\/wp\/v2\/comments?post=2817"}],"wp:featuredmedia":[{"embeddable":true,"href":"https:\/\/xenonkungen.com\/dk\/wp-json\/wp\/v2\/media\/2818"}],"wp:attachment":[{"href":"https:\/\/xenonkungen.com\/dk\/wp-json\/wp\/v2\/media?parent=2817"}],"wp:term":[{"taxonomy":"anvandningsomrade","embeddable":true,"href":"https:\/\/xenonkungen.com\/dk\/wp-json\/wp\/v2\/anvandningsomrade?post=2817"},{"taxonomy":"bilmarken","embeddable":true,"href":"https:\/\/xenonkungen.com\/dk\/wp-json\/wp\/v2\/bilmarken?post=2817"},{"taxonomy":"product_brand","embeddable":true,"href":"https:\/\/xenonkungen.com\/dk\/wp-json\/wp\/v2\/product_brand?post=2817"},{"taxonomy":"product_cat","embeddable":true,"href":"https:\/\/xenonkungen.com\/dk\/wp-json\/wp\/v2\/product_cat?post=2817"},{"taxonomy":"product_tag","embeddable":true,"href":"https:\/\/xenonkungen.com\/dk\/wp-json\/wp\/v2\/product_tag?post=2817"}],"curies":[{"name":"wp","href":"https:\/\/api.w.org\/{rel}","templated":true}]}}