{"id":28275,"date":"2026-03-19T12:14:19","date_gmt":"2026-03-19T11:14:19","guid":{"rendered":"https:\/\/xenonkungen.com\/produkt\/glosser-blast-alkaliskt-fortvattsmedel-1l\/"},"modified":"2026-05-08T13:30:29","modified_gmt":"2026-05-08T12:30:29","slug":"glosser-blast-alkalisk-vandfjerner-1-l","status":"publish","type":"product","link":"https:\/\/xenonkungen.com\/dk\/vare\/glosser-blast-alkalisk-vandfjerner-1-l\/","title":{"rendered":"Glosser Blast \u2013 Alkalisk forvask, 1 l"},"content":{"rendered":"<h3>Skummende alkalisk forrenser til skumlanse<\/h3>\n<p>Blast giver et held\u00e6kkende, fugtgivende lag af skum, der effektivt fjerner genstridigt snavs f\u00f8r vask med shampoo. Biologisk nedbrydelige aktive ingredienser fjerner fedt, olie og organisk snavs uden at p\u00e5virke eksisterende lakbeskyttelse.<\/p>\n<ul>\n<li>Udviklet til skumlanse (fungerer ogs\u00e5 med pumpespray)<\/li>\n<li>Tyk skum, der fugter overfladen i lang tid<\/li>\n<li>Mildt alkalisk \u2013 sk\u00e5nsom mod lakbeskyttelse<\/li>\n<li>Biologisk nedbrydelige overfladeaktive stoffer<\/li>\n<li>Perfekt til vedligeholdelsesvask<\/li>\n<li>Duft af tyggegummi<\/li>\n<\/ul>\n<h4>Bruge<\/h4>\n<ol>\n<li>Ryst flasken godt.<\/li>\n<li>Bland cirka 10% middel + 90% vand i skumlansen.<\/li>\n<li>P\u00e5f\u00f8r skummet over hele bilen.<\/li>\n<li>Lad det virke i et par minutter uden at det t\u00f8rrer ud.<\/li>\n<li>Skyl af med en h\u00f8jtryksrenser.<\/li>\n<\/ol>","protected":false},"excerpt":{"rendered":"<p>Skummende alkalisk forrens til skumlanse. Opl\u00f8ser snavs, fedt og olie uden at p\u00e5virke lakbeskyttelsen. 1 l.<\/p>","protected":false},"featured_media":28274,"comment_status":"open","ping_status":"closed","template":"","meta":{"_acf_changed":false,"_smort_price_nok":"","_smort_price_dkk":"","_smort_price_eur":"","_smort_sale_price_nok":"","_smort_sale_price_dkk":"","_smort_sale_price_eur":"","smort_restorder":"","shipmondo_restorder":"","_kad_blocks_custom_css":"","_kad_blocks_head_custom_js":"","_kad_blocks_body_custom_js":"","_kad_blocks_footer_custom_js":"","smort_custom_pricelist_1":"159.36","smort_custom_pricelist_2":"139.44","smort_custom_pricelist_3":"139.44","smort_custom_pricelist_4":"199.2","smort_custom_pricelist_5":"139.44"},"anvandningsomrade":[],"bilmarken":[],"product_brand":[3070],"product_cat":[2988,2919],"product_tag":[2923,2921,2922,2920,2914],"class_list":{"0":"post-28275","1":"product","2":"type-product","3":"status-publish","4":"has-post-thumbnail","6":"product_brand-glosser","7":"product_cat-biltvatt","8":"product_cat-fortvatt-avfettning","9":"product_tag-alkalisk","10":"product_tag-avfettning","11":"product_tag-foam-lance","12":"product_tag-fortvatt","13":"product_tag-glosser","15":"first","16":"instock","17":"sale","18":"taxable","19":"shipping-taxable","20":"purchasable","21":"product-type-simple"},"bundled_by":[],"bundle_stock_status":"instock","bundle_stock_quantity":5,"bundle_virtual":false,"bundle_layout":"","bundle_add_to_cart_form_location":"","bundle_editable_in_cart":false,"bundle_sold_individually_context":"","bundle_item_grouping":"","bundle_min_size":"","bundle_max_size":"","bundle_price":[],"bundled_items":[],"bundle_sell_ids":[],"acf":[],"yoast_head":"<!-- This site is optimized with the Yoast SEO plugin v27.0 - https:\/\/yoast.com\/product\/yoast-seo-wordpress\/ -->\n<title>Glosser Blast - Alkaliskt f\u00f6rtv\u00e4ttsmedel, 1L - Xenonkungen<\/title>\n<meta name=\"robots\" content=\"index, follow, max-snippet:-1, max-image-preview:large, max-video-preview:-1\" \/>\n<link rel=\"canonical\" href=\"https:\/\/xenonkungen.com\/dk\/vare\/glosser-blast-alkalisk-vandfjerner-1-l\/\" \/>\n<meta property=\"og:locale\" content=\"da_DK\" \/>\n<meta property=\"og:type\" content=\"article\" \/>\n<meta property=\"og:title\" content=\"Glosser Blast - Alkaliskt f\u00f6rtv\u00e4ttsmedel, 1L - Xenonkungen\" \/>\n<meta property=\"og:description\" content=\"Skummande alkaliskt f\u00f6rtv\u00e4ttsmedel f\u00f6r Foam Lance. L\u00f6ser smuts, fett och olja utan att p\u00e5verka lackskydd. 1L.\" \/>\n<meta property=\"og:url\" content=\"https:\/\/xenonkungen.com\/dk\/vare\/glosser-blast-alkalisk-vandfjerner-1-l\/\" \/>\n<meta property=\"og:site_name\" content=\"Xenonkungen\" \/>\n<meta property=\"article:modified_time\" content=\"2026-05-08T12:30:29+00:00\" \/>\n<meta property=\"og:image\" content=\"https:\/\/xenonkungen.com\/wp-content\/uploads\/2026\/03\/125601-Glosser-Blast-1000ml-FS1000px.jpg\" \/>\n\t<meta property=\"og:image:width\" content=\"1000\" \/>\n\t<meta property=\"og:image:height\" content=\"1000\" \/>\n\t<meta property=\"og:image:type\" content=\"image\/jpeg\" \/>\n<meta name=\"twitter:card\" content=\"summary_large_image\" \/>\n<meta name=\"twitter:label1\" content=\"Estimeret l\u00e6setid\" \/>\n\t<meta name=\"twitter:data1\" content=\"1 minut\" \/>\n<script type=\"application\/ld+json\" class=\"yoast-schema-graph\">{\"@context\":\"https:\/\/schema.org\",\"@graph\":[{\"@type\":\"WebPage\",\"@id\":\"https:\/\/xenonkungen.com\/produkt\/glosser-blast-alkaliskt-fortvattsmedel-1l\/\",\"url\":\"https:\/\/xenonkungen.com\/produkt\/glosser-blast-alkaliskt-fortvattsmedel-1l\/\",\"name\":\"Glosser Blast - Alkaliskt f\u00f6rtv\u00e4ttsmedel, 1L - Xenonkungen\",\"isPartOf\":{\"@id\":\"https:\/\/xenonkungen.com\/#website\"},\"primaryImageOfPage\":{\"@id\":\"https:\/\/xenonkungen.com\/produkt\/glosser-blast-alkaliskt-fortvattsmedel-1l\/#primaryimage\"},\"image\":{\"@id\":\"https:\/\/xenonkungen.com\/produkt\/glosser-blast-alkaliskt-fortvattsmedel-1l\/#primaryimage\"},\"thumbnailUrl\":\"https:\/\/xenonkungen.com\/wp-content\/uploads\/2026\/03\/125601-Glosser-Blast-1000ml-FS1000px.jpg\",\"datePublished\":\"2026-03-19T11:14:19+00:00\",\"dateModified\":\"2026-05-08T12:30:29+00:00\",\"breadcrumb\":{\"@id\":\"https:\/\/xenonkungen.com\/produkt\/glosser-blast-alkaliskt-fortvattsmedel-1l\/#breadcrumb\"},\"inLanguage\":\"da-DK\",\"potentialAction\":[{\"@type\":\"ReadAction\",\"target\":[\"https:\/\/xenonkungen.com\/produkt\/glosser-blast-alkaliskt-fortvattsmedel-1l\/\"]}]},{\"@type\":\"ImageObject\",\"inLanguage\":\"da-DK\",\"@id\":\"https:\/\/xenonkungen.com\/produkt\/glosser-blast-alkaliskt-fortvattsmedel-1l\/#primaryimage\",\"url\":\"https:\/\/xenonkungen.com\/wp-content\/uploads\/2026\/03\/125601-Glosser-Blast-1000ml-FS1000px.jpg\",\"contentUrl\":\"https:\/\/xenonkungen.com\/wp-content\/uploads\/2026\/03\/125601-Glosser-Blast-1000ml-FS1000px.jpg\",\"width\":1000,\"height\":1000},{\"@type\":\"BreadcrumbList\",\"@id\":\"https:\/\/xenonkungen.com\/produkt\/glosser-blast-alkaliskt-fortvattsmedel-1l\/#breadcrumb\",\"itemListElement\":[{\"@type\":\"ListItem\",\"position\":1,\"name\":\"Hem\",\"item\":\"https:\/\/xenonkungen.com\/\"},{\"@type\":\"ListItem\",\"position\":2,\"name\":\"Shop\",\"item\":\"https:\/\/xenonkungen.com\/shop\/\"},{\"@type\":\"ListItem\",\"position\":3,\"name\":\"Glosser Blast &#8211; Alkaliskt f\u00f6rtv\u00e4ttsmedel, 1L\"}]},{\"@type\":\"WebSite\",\"@id\":\"https:\/\/xenonkungen.com\/#website\",\"url\":\"https:\/\/xenonkungen.com\/\",\"name\":\"Xenonkungen\",\"description\":\"\",\"potentialAction\":[{\"@type\":\"SearchAction\",\"target\":{\"@type\":\"EntryPoint\",\"urlTemplate\":\"https:\/\/xenonkungen.com\/?s={search_term_string}\"},\"query-input\":{\"@type\":\"PropertyValueSpecification\",\"valueRequired\":true,\"valueName\":\"search_term_string\"}}],\"inLanguage\":\"da-DK\"}]}<\/script>\n<!-- \/ Yoast SEO plugin. -->","yoast_head_json":{"title":"Glosser Blast - Alkalisk forvask, 1L - Xenonkungen","robots":{"index":"index","follow":"follow","max-snippet":"max-snippet:-1","max-image-preview":"max-image-preview:large","max-video-preview":"max-video-preview:-1"},"canonical":"https:\/\/xenonkungen.com\/dk\/vare\/glosser-blast-alkalisk-vandfjerner-1-l\/","og_locale":"da_DK","og_type":"article","og_title":"Glosser Blast - Alkaliskt f\u00f6rtv\u00e4ttsmedel, 1L - Xenonkungen","og_description":"Skummande alkaliskt f\u00f6rtv\u00e4ttsmedel f\u00f6r Foam Lance. L\u00f6ser smuts, fett och olja utan att p\u00e5verka lackskydd. 1L.","og_url":"https:\/\/xenonkungen.com\/dk\/vare\/glosser-blast-alkalisk-vandfjerner-1-l\/","og_site_name":"Xenonkungen","article_modified_time":"2026-05-08T12:30:29+00:00","og_image":[{"width":1000,"height":1000,"url":"https:\/\/xenonkungen.com\/wp-content\/uploads\/2026\/03\/125601-Glosser-Blast-1000ml-FS1000px.jpg","type":"image\/jpeg"}],"twitter_card":"summary_large_image","twitter_misc":{"Estimeret l\u00e6setid":"1 minut"},"schema":{"@context":"https:\/\/schema.org","@graph":[{"@type":"WebPage","@id":"https:\/\/xenonkungen.com\/produkt\/glosser-blast-alkaliskt-fortvattsmedel-1l\/","url":"https:\/\/xenonkungen.com\/produkt\/glosser-blast-alkaliskt-fortvattsmedel-1l\/","name":"Glosser Blast - Alkalisk forvask, 1L - Xenonkungen","isPartOf":{"@id":"https:\/\/xenonkungen.com\/#website"},"primaryImageOfPage":{"@id":"https:\/\/xenonkungen.com\/produkt\/glosser-blast-alkaliskt-fortvattsmedel-1l\/#primaryimage"},"image":{"@id":"https:\/\/xenonkungen.com\/produkt\/glosser-blast-alkaliskt-fortvattsmedel-1l\/#primaryimage"},"thumbnailUrl":"https:\/\/xenonkungen.com\/wp-content\/uploads\/2026\/03\/125601-Glosser-Blast-1000ml-FS1000px.jpg","datePublished":"2026-03-19T11:14:19+00:00","dateModified":"2026-05-08T12:30:29+00:00","breadcrumb":{"@id":"https:\/\/xenonkungen.com\/produkt\/glosser-blast-alkaliskt-fortvattsmedel-1l\/#breadcrumb"},"inLanguage":"da-DK","potentialAction":[{"@type":"ReadAction","target":["https:\/\/xenonkungen.com\/produkt\/glosser-blast-alkaliskt-fortvattsmedel-1l\/"]}]},{"@type":"ImageObject","inLanguage":"da-DK","@id":"https:\/\/xenonkungen.com\/produkt\/glosser-blast-alkaliskt-fortvattsmedel-1l\/#primaryimage","url":"https:\/\/xenonkungen.com\/wp-content\/uploads\/2026\/03\/125601-Glosser-Blast-1000ml-FS1000px.jpg","contentUrl":"https:\/\/xenonkungen.com\/wp-content\/uploads\/2026\/03\/125601-Glosser-Blast-1000ml-FS1000px.jpg","width":1000,"height":1000},{"@type":"BreadcrumbList","@id":"https:\/\/xenonkungen.com\/produkt\/glosser-blast-alkaliskt-fortvattsmedel-1l\/#breadcrumb","itemListElement":[{"@type":"ListItem","position":1,"name":"Hem","item":"https:\/\/xenonkungen.com\/"},{"@type":"ListItem","position":2,"name":"Shop","item":"https:\/\/xenonkungen.com\/shop\/"},{"@type":"ListItem","position":3,"name":"Glosser Blast &#8211; Alkaliskt f\u00f6rtv\u00e4ttsmedel, 1L"}]},{"@type":"WebSite","@id":"https:\/\/xenonkungen.com\/#website","url":"https:\/\/xenonkungen.com\/","name":"Xenonkungen","description":"","potentialAction":[{"@type":"SearchAction","target":{"@type":"EntryPoint","urlTemplate":"https:\/\/xenonkungen.com\/?s={search_term_string}"},"query-input":{"@type":"PropertyValueSpecification","valueRequired":true,"valueName":"search_term_string"}}],"inLanguage":"da-DK"}]}},"taxonomy_info":{"product_brand":[{"value":3070,"label":"Glosser"}],"product_cat":[{"value":2988,"label":"1 | Biltv\u00e4tt"},{"value":2919,"label":"F\u00f6rtv\u00e4tt &amp; Avfettning"}],"product_tag":[{"value":2923,"label":"alkalisk"},{"value":2921,"label":"avfettning"},{"value":2922,"label":"foam lance"},{"value":2920,"label":"f\u00f6rtv\u00e4tt"},{"value":2914,"label":"glosser"}]},"featured_image_src_large":["https:\/\/xenonkungen.com\/wp-content\/uploads\/2026\/03\/125601-Glosser-Blast-1000ml-FS1000px.jpg",1000,1000,false],"author_info":[],"comment_info":0,"_links":{"self":[{"href":"https:\/\/xenonkungen.com\/dk\/wp-json\/wp\/v2\/product\/28275","targetHints":{"allow":["GET"]}}],"collection":[{"href":"https:\/\/xenonkungen.com\/dk\/wp-json\/wp\/v2\/product"}],"about":[{"href":"https:\/\/xenonkungen.com\/dk\/wp-json\/wp\/v2\/types\/product"}],"replies":[{"embeddable":true,"href":"https:\/\/xenonkungen.com\/dk\/wp-json\/wp\/v2\/comments?post=28275"}],"wp:featuredmedia":[{"embeddable":true,"href":"https:\/\/xenonkungen.com\/dk\/wp-json\/wp\/v2\/media\/28274"}],"wp:attachment":[{"href":"https:\/\/xenonkungen.com\/dk\/wp-json\/wp\/v2\/media?parent=28275"}],"wp:term":[{"taxonomy":"anvandningsomrade","embeddable":true,"href":"https:\/\/xenonkungen.com\/dk\/wp-json\/wp\/v2\/anvandningsomrade?post=28275"},{"taxonomy":"bilmarken","embeddable":true,"href":"https:\/\/xenonkungen.com\/dk\/wp-json\/wp\/v2\/bilmarken?post=28275"},{"taxonomy":"product_brand","embeddable":true,"href":"https:\/\/xenonkungen.com\/dk\/wp-json\/wp\/v2\/product_brand?post=28275"},{"taxonomy":"product_cat","embeddable":true,"href":"https:\/\/xenonkungen.com\/dk\/wp-json\/wp\/v2\/product_cat?post=28275"},{"taxonomy":"product_tag","embeddable":true,"href":"https:\/\/xenonkungen.com\/dk\/wp-json\/wp\/v2\/product_tag?post=28275"}],"curies":[{"name":"wp","href":"https:\/\/api.w.org\/{rel}","templated":true}]}}