{"id":2859,"date":"2025-04-15T08:44:54","date_gmt":"2025-04-15T08:44:54","guid":{"rendered":"https:\/\/xenonkungen.com\/product\/briodlights-tradlos-fjarrkontroll-varningsramp\/"},"modified":"2026-04-01T14:32:01","modified_gmt":"2026-04-01T13:32:01","slug":"briodlights-tradlos-fjernbetjening-advarselsrampe","status":"publish","type":"product","link":"https:\/\/xenonkungen.com\/dk\/vare\/briodlights-tradlos-fjernbetjening-advarselsrampe\/","title":{"rendered":"BriodLights tr\u00e5dl\u00f8s fjernbetjent advarselsrampe"},"content":{"rendered":"<h1>Horizon fjernbetjening: Enkel og effektiv betjening af din advarselslysbj\u00e6lke<\/h1>\n<p>Horizon fjernbetjeningen er et perfekt supplement til din Horizon advarselslysbj\u00e6lke. Med denne fjernbetjening kan du gemme to forudindstillede tilstande, som du nemt kan skifte imellem og \u00e6ndre efter behov, hvilket giver dig fuld kontrol over din advarselslysbj\u00e6lke.<\/p>\n<h2>S\u00e5dan synkroniserer du fjernbetjeningen med din advarselslysbj\u00e6lke:<\/h2>\n<p>Det er nemt at synkronisere fjernbetjeningen med din advarselslysbj\u00e6lke og tager kun et par minutter. Her er de trinvise instruktioner:<\/p>\n<ol>\n<li>Aktiver fjernbetjeningen.<\/li>\n<li>Afbryd midlertidigt den positive pol fra batteriet, eller tr\u00e6k sikringen ud.<\/li>\n<li>Tilslut den positive terminal igen, eller udskift sikringen, mens du holder SOS-knappen p\u00e5 fjernbetjeningen nede.<\/li>\n<li>Forts\u00e6t med at holde SOS-knappen nede i cirka 5 sekunder.<\/li>\n<li>Rampen vil nu begynde at blinke i et SOS-m\u00f8nster.<\/li>\n<li>Slip SOS-knappen for hurtigt at trykke p\u00e5 SOS-knappen igen.<\/li>\n<li>Voil\u00e0, du er f\u00e6rdig! Din fjernbetjening er nu synkroniseret med din advarselslysbj\u00e6lke.<\/li>\n<\/ol>\n<p>Med Horizon-fjernbetjeningen kan du nemt og effektivt betjene din advarselslysbj\u00e6lke, hvilket g\u00f8r din rejse mere sikker og kontrolleret.<\/p>\n<p><span>1 \u00e5rs garanti p\u00e5 batteriproduktet<\/span><\/p>","protected":false},"excerpt":{"rendered":"<ul>\n<li>Tilpasset til BriodLights Horizon advarselslysbj\u00e6lke<\/li>\n<li>Ledningsfri og genoplades p\u00e5 kun 2 timer<\/li>\n<li>1 \u00e5rs garanti p\u00e5 batteriproduktet<\/li>\n<\/ul>","protected":false},"featured_media":2860,"comment_status":"closed","ping_status":"open","template":"","meta":{"_acf_changed":false,"_smort_price_nok":"1196","_smort_price_dkk":"760","_smort_price_eur":"101.81","_smort_sale_price_nok":"","_smort_sale_price_dkk":"","_smort_sale_price_eur":"","smort_restorder":"","shipmondo_restorder":"","_kad_blocks_custom_css":"","_kad_blocks_head_custom_js":"","_kad_blocks_body_custom_js":"","_kad_blocks_footer_custom_js":"","smort_custom_pricelist_1":"716.8","smort_custom_pricelist_2":"627.2","smort_custom_pricelist_3":"595.84","smort_custom_pricelist_4":"896","smort_custom_pricelist_5":"627.2"},"anvandningsomrade":[],"bilmarken":[],"product_brand":[92],"product_cat":[2555,1061],"product_tag":[2788],"class_list":{"0":"post-2859","1":"product","2":"type-product","3":"status-publish","4":"has-post-thumbnail","6":"product_brand-briodlights","7":"product_cat-tillbehor-varningsljus","8":"product_cat-varningsljus","9":"product_tag-black-week-exclude","11":"first","12":"instock","13":"taxable","14":"shipping-taxable","15":"purchasable","16":"product-type-simple"},"bundled_by":[],"bundle_stock_status":"instock","bundle_stock_quantity":2,"bundle_virtual":false,"bundle_layout":"","bundle_add_to_cart_form_location":"","bundle_editable_in_cart":false,"bundle_sold_individually_context":"","bundle_item_grouping":"","bundle_min_size":"","bundle_max_size":"","bundle_price":[],"bundled_items":[],"bundle_sell_ids":[],"acf":[],"yoast_head":"<!-- This site is optimized with the Yoast SEO plugin v27.0 - https:\/\/yoast.com\/product\/yoast-seo-wordpress\/ -->\n<title>BriodLights Tr\u00e5dl\u00f6s Fj\u00e4rrkontroll Varningsramp - Xenonkungen<\/title>\n<meta name=\"robots\" content=\"index, follow, max-snippet:-1, max-image-preview:large, max-video-preview:-1\" \/>\n<link rel=\"canonical\" href=\"https:\/\/xenonkungen.com\/dk\/vare\/briodlights-tradlos-fjernbetjening-advarselsrampe\/\" \/>\n<meta property=\"og:locale\" content=\"da_DK\" \/>\n<meta property=\"og:type\" content=\"article\" \/>\n<meta property=\"og:title\" content=\"BriodLights Tr\u00e5dl\u00f6s Fj\u00e4rrkontroll Varningsramp - Xenonkungen\" \/>\n<meta property=\"og:description\" content=\"Anpassad till BriodLights Horizon varningsljusramp Sladdl\u00f6s och laddas upp p\u00e5 endast 2 timmar 1-\u00e5rs garanti p\u00e5 grund av batteriprodukt\" \/>\n<meta property=\"og:url\" content=\"https:\/\/xenonkungen.com\/dk\/vare\/briodlights-tradlos-fjernbetjening-advarselsrampe\/\" \/>\n<meta property=\"og:site_name\" content=\"Xenonkungen\" \/>\n<meta property=\"article:modified_time\" content=\"2026-04-01T13:32:01+00:00\" \/>\n<meta property=\"og:image\" content=\"https:\/\/xenonkungen.com\/wp-content\/uploads\/2025\/04\/14580_itemimage_mainfront.jpg\" \/>\n\t<meta property=\"og:image:width\" content=\"2048\" \/>\n\t<meta property=\"og:image:height\" content=\"1537\" \/>\n\t<meta property=\"og:image:type\" content=\"image\/jpeg\" \/>\n<meta name=\"twitter:card\" content=\"summary_large_image\" \/>\n<meta name=\"twitter:label1\" content=\"Estimeret l\u00e6setid\" \/>\n\t<meta name=\"twitter:data1\" content=\"1 minut\" \/>\n<script type=\"application\/ld+json\" class=\"yoast-schema-graph\">{\"@context\":\"https:\/\/schema.org\",\"@graph\":[{\"@type\":\"WebPage\",\"@id\":\"https:\/\/xenonkungen.com\/produkt\/briodlights-tradlos-fjarrkontroll-varningsramp\/\",\"url\":\"https:\/\/xenonkungen.com\/produkt\/briodlights-tradlos-fjarrkontroll-varningsramp\/\",\"name\":\"BriodLights Tr\u00e5dl\u00f6s Fj\u00e4rrkontroll Varningsramp - Xenonkungen\",\"isPartOf\":{\"@id\":\"https:\/\/xenonkungen.com\/#website\"},\"primaryImageOfPage\":{\"@id\":\"https:\/\/xenonkungen.com\/produkt\/briodlights-tradlos-fjarrkontroll-varningsramp\/#primaryimage\"},\"image\":{\"@id\":\"https:\/\/xenonkungen.com\/produkt\/briodlights-tradlos-fjarrkontroll-varningsramp\/#primaryimage\"},\"thumbnailUrl\":\"https:\/\/xenonkungen.com\/wp-content\/uploads\/2025\/04\/14580_itemimage_mainfront.jpg\",\"datePublished\":\"2025-04-15T08:44:54+00:00\",\"dateModified\":\"2026-04-01T13:32:01+00:00\",\"breadcrumb\":{\"@id\":\"https:\/\/xenonkungen.com\/produkt\/briodlights-tradlos-fjarrkontroll-varningsramp\/#breadcrumb\"},\"inLanguage\":\"da-DK\",\"potentialAction\":[{\"@type\":\"ReadAction\",\"target\":[\"https:\/\/xenonkungen.com\/produkt\/briodlights-tradlos-fjarrkontroll-varningsramp\/\"]}]},{\"@type\":\"ImageObject\",\"inLanguage\":\"da-DK\",\"@id\":\"https:\/\/xenonkungen.com\/produkt\/briodlights-tradlos-fjarrkontroll-varningsramp\/#primaryimage\",\"url\":\"https:\/\/xenonkungen.com\/wp-content\/uploads\/2025\/04\/14580_itemimage_mainfront.jpg\",\"contentUrl\":\"https:\/\/xenonkungen.com\/wp-content\/uploads\/2025\/04\/14580_itemimage_mainfront.jpg\",\"width\":2048,\"height\":1537},{\"@type\":\"BreadcrumbList\",\"@id\":\"https:\/\/xenonkungen.com\/produkt\/briodlights-tradlos-fjarrkontroll-varningsramp\/#breadcrumb\",\"itemListElement\":[{\"@type\":\"ListItem\",\"position\":1,\"name\":\"Hem\",\"item\":\"https:\/\/xenonkungen.com\/\"},{\"@type\":\"ListItem\",\"position\":2,\"name\":\"Shop\",\"item\":\"https:\/\/xenonkungen.com\/shop\/\"},{\"@type\":\"ListItem\",\"position\":3,\"name\":\"BriodLights Tr\u00e5dl\u00f6s Fj\u00e4rrkontroll Varningsramp\"}]},{\"@type\":\"WebSite\",\"@id\":\"https:\/\/xenonkungen.com\/#website\",\"url\":\"https:\/\/xenonkungen.com\/\",\"name\":\"Xenonkungen\",\"description\":\"\",\"potentialAction\":[{\"@type\":\"SearchAction\",\"target\":{\"@type\":\"EntryPoint\",\"urlTemplate\":\"https:\/\/xenonkungen.com\/?s={search_term_string}\"},\"query-input\":{\"@type\":\"PropertyValueSpecification\",\"valueRequired\":true,\"valueName\":\"search_term_string\"}}],\"inLanguage\":\"da-DK\"}]}<\/script>\n<!-- \/ Yoast SEO plugin. -->","yoast_head_json":{"title":"BriodLights tr\u00e5dl\u00f8s fjernbetjening advarselsrampe - Xenonkungen","robots":{"index":"index","follow":"follow","max-snippet":"max-snippet:-1","max-image-preview":"max-image-preview:large","max-video-preview":"max-video-preview:-1"},"canonical":"https:\/\/xenonkungen.com\/dk\/vare\/briodlights-tradlos-fjernbetjening-advarselsrampe\/","og_locale":"da_DK","og_type":"article","og_title":"BriodLights Tr\u00e5dl\u00f6s Fj\u00e4rrkontroll Varningsramp - Xenonkungen","og_description":"Anpassad till BriodLights Horizon varningsljusramp Sladdl\u00f6s och laddas upp p\u00e5 endast 2 timmar 1-\u00e5rs garanti p\u00e5 grund av batteriprodukt","og_url":"https:\/\/xenonkungen.com\/dk\/vare\/briodlights-tradlos-fjernbetjening-advarselsrampe\/","og_site_name":"Xenonkungen","article_modified_time":"2026-04-01T13:32:01+00:00","og_image":[{"width":2048,"height":1537,"url":"https:\/\/xenonkungen.com\/wp-content\/uploads\/2025\/04\/14580_itemimage_mainfront.jpg","type":"image\/jpeg"}],"twitter_card":"summary_large_image","twitter_misc":{"Estimeret l\u00e6setid":"1 minut"},"schema":{"@context":"https:\/\/schema.org","@graph":[{"@type":"WebPage","@id":"https:\/\/xenonkungen.com\/produkt\/briodlights-tradlos-fjarrkontroll-varningsramp\/","url":"https:\/\/xenonkungen.com\/produkt\/briodlights-tradlos-fjarrkontroll-varningsramp\/","name":"BriodLights tr\u00e5dl\u00f8s fjernbetjening advarselsrampe - Xenonkungen","isPartOf":{"@id":"https:\/\/xenonkungen.com\/#website"},"primaryImageOfPage":{"@id":"https:\/\/xenonkungen.com\/produkt\/briodlights-tradlos-fjarrkontroll-varningsramp\/#primaryimage"},"image":{"@id":"https:\/\/xenonkungen.com\/produkt\/briodlights-tradlos-fjarrkontroll-varningsramp\/#primaryimage"},"thumbnailUrl":"https:\/\/xenonkungen.com\/wp-content\/uploads\/2025\/04\/14580_itemimage_mainfront.jpg","datePublished":"2025-04-15T08:44:54+00:00","dateModified":"2026-04-01T13:32:01+00:00","breadcrumb":{"@id":"https:\/\/xenonkungen.com\/produkt\/briodlights-tradlos-fjarrkontroll-varningsramp\/#breadcrumb"},"inLanguage":"da-DK","potentialAction":[{"@type":"ReadAction","target":["https:\/\/xenonkungen.com\/produkt\/briodlights-tradlos-fjarrkontroll-varningsramp\/"]}]},{"@type":"ImageObject","inLanguage":"da-DK","@id":"https:\/\/xenonkungen.com\/produkt\/briodlights-tradlos-fjarrkontroll-varningsramp\/#primaryimage","url":"https:\/\/xenonkungen.com\/wp-content\/uploads\/2025\/04\/14580_itemimage_mainfront.jpg","contentUrl":"https:\/\/xenonkungen.com\/wp-content\/uploads\/2025\/04\/14580_itemimage_mainfront.jpg","width":2048,"height":1537},{"@type":"BreadcrumbList","@id":"https:\/\/xenonkungen.com\/produkt\/briodlights-tradlos-fjarrkontroll-varningsramp\/#breadcrumb","itemListElement":[{"@type":"ListItem","position":1,"name":"Hem","item":"https:\/\/xenonkungen.com\/"},{"@type":"ListItem","position":2,"name":"Shop","item":"https:\/\/xenonkungen.com\/shop\/"},{"@type":"ListItem","position":3,"name":"BriodLights Tr\u00e5dl\u00f6s Fj\u00e4rrkontroll Varningsramp"}]},{"@type":"WebSite","@id":"https:\/\/xenonkungen.com\/#website","url":"https:\/\/xenonkungen.com\/","name":"Xenonkungen","description":"","potentialAction":[{"@type":"SearchAction","target":{"@type":"EntryPoint","urlTemplate":"https:\/\/xenonkungen.com\/?s={search_term_string}"},"query-input":{"@type":"PropertyValueSpecification","valueRequired":true,"valueName":"search_term_string"}}],"inLanguage":"da-DK"}]}},"taxonomy_info":{"product_brand":[{"value":92,"label":"Briodlights"}],"product_cat":[{"value":2555,"label":"Tillbeh\u00f6r"},{"value":1061,"label":"Varningsljus"}],"product_tag":[{"value":2788,"label":"black-week-exclude"}]},"featured_image_src_large":["https:\/\/xenonkungen.com\/wp-content\/uploads\/2025\/04\/14580_itemimage_mainfront-1024x769.jpg",1024,769,true],"author_info":[],"comment_info":0,"_links":{"self":[{"href":"https:\/\/xenonkungen.com\/dk\/wp-json\/wp\/v2\/product\/2859","targetHints":{"allow":["GET"]}}],"collection":[{"href":"https:\/\/xenonkungen.com\/dk\/wp-json\/wp\/v2\/product"}],"about":[{"href":"https:\/\/xenonkungen.com\/dk\/wp-json\/wp\/v2\/types\/product"}],"replies":[{"embeddable":true,"href":"https:\/\/xenonkungen.com\/dk\/wp-json\/wp\/v2\/comments?post=2859"}],"wp:featuredmedia":[{"embeddable":true,"href":"https:\/\/xenonkungen.com\/dk\/wp-json\/wp\/v2\/media\/2860"}],"wp:attachment":[{"href":"https:\/\/xenonkungen.com\/dk\/wp-json\/wp\/v2\/media?parent=2859"}],"wp:term":[{"taxonomy":"anvandningsomrade","embeddable":true,"href":"https:\/\/xenonkungen.com\/dk\/wp-json\/wp\/v2\/anvandningsomrade?post=2859"},{"taxonomy":"bilmarken","embeddable":true,"href":"https:\/\/xenonkungen.com\/dk\/wp-json\/wp\/v2\/bilmarken?post=2859"},{"taxonomy":"product_brand","embeddable":true,"href":"https:\/\/xenonkungen.com\/dk\/wp-json\/wp\/v2\/product_brand?post=2859"},{"taxonomy":"product_cat","embeddable":true,"href":"https:\/\/xenonkungen.com\/dk\/wp-json\/wp\/v2\/product_cat?post=2859"},{"taxonomy":"product_tag","embeddable":true,"href":"https:\/\/xenonkungen.com\/dk\/wp-json\/wp\/v2\/product_tag?post=2859"}],"curies":[{"name":"wp","href":"https:\/\/api.w.org\/{rel}","templated":true}]}}