{"id":2861,"date":"2025-04-15T08:44:54","date_gmt":"2025-04-15T08:44:54","guid":{"rendered":"https:\/\/xenonkungen.com\/product\/briodlights-horizon-led-varningsljusramp-54-1375-mm\/"},"modified":"2026-04-24T16:48:50","modified_gmt":"2026-04-24T15:48:50","slug":"briodlights-horizon-led-advarselslysbjaelke-54-1375-mm","status":"publish","type":"product","link":"https:\/\/xenonkungen.com\/dk\/vare\/briodlights-horizon-led-advarselslysbjaelke-54-1375-mm\/","title":{"rendered":"BriodLights Horizon LED advarselslysbj\u00e6lke 54\u2033 (1375 mm)"},"content":{"rendered":"<h1>BriodLights Horizon LED-advarselslysbj\u00e6lke 54\u2033: Reduceret luftmodstand, reduceret br\u00e6ndstofforbrug<\/h1>\n<p>Optimer dit k\u00f8ret\u00f8j med BriodLights Horizon LED-advarselslysbj\u00e6lken, der m\u00e5ler 54\u2033 (1375 mm). Med en silhuet p\u00e5 kun 24,4 mm smelter denne ultraslanke LED-bj\u00e6lke praktisk talt sammen med k\u00f8ret\u00f8jet og tilbyder et aerodynamisk design, der hj\u00e6lper med at reducere br\u00e6ndstofforbruget. Derudover har den 13 forskellige blinkm\u00f8nstre og indeholder dioder af h\u00f8j kvalitet for overlegen ydeevne og tilpasningsevne.<\/p>\n<p>For optimal brugervenlighed kan en kompatibel, tr\u00e5dl\u00f8s fjernbetjening (art.nr.: 14580) k\u00f8bes separat. Med fjernbetjeningen kan du nemt \u00e6ndre blinkm\u00f8nstre, justere hastigheden og skifte mellem dag- og nattilstand. For at g\u00f8re starten endnu mere gnidningsfri kan du ogs\u00e5 gemme dine mest brugte advarselskombinationer.<\/p>\n<p>BriodLights Horizon LED-advarselslysbj\u00e6lken tilbyder den nyeste belysningsteknologi til dit k\u00f8ret\u00f8j med den ekstra fordel af br\u00e6ndstofeffektivitet. Derudover tilbyder vi 5 \u00e5rs garanti for din ro i sindet.<\/p>","protected":false},"excerpt":{"rendered":"<p>BriodLights Horizon LED varningsljusramp 54&#8243;: Minskad luftmotst\u00e5nd, minskad br\u00e4nslef\u00f6rbrukning Optimera ditt fordon med BriodLights Horizon LED-varningsljusramp, som m\u00e4ter 54&#8243; (1375 mm). Denna ultra-tunna LED-ramp, med en silhuett p\u00e5 enbart 24,4 mm, sm\u00e4lter praktiskt taget samman med fordonet och erbjuder en aerodynamisk design som bidrar till att minska br\u00e4nslef\u00f6rbrukningen. Dessutom tillhandah\u00e5ller den 13 olika blixtm\u00f6nster och [&hellip;]<\/p>","protected":false},"featured_media":2862,"comment_status":"closed","ping_status":"open","template":"","meta":{"_acf_changed":false,"_smort_price_nok":"12417","_smort_price_dkk":"7888","_smort_price_eur":"1056.77","_smort_sale_price_nok":"","_smort_sale_price_dkk":"","_smort_sale_price_eur":"","smort_restorder":"","shipmondo_restorder":"","_kad_blocks_custom_css":"","_kad_blocks_head_custom_js":"","_kad_blocks_body_custom_js":"","_kad_blocks_footer_custom_js":"","smort_custom_pricelist_1":"6156.8","smort_custom_pricelist_2":"6156.8","smort_custom_pricelist_3":"6156.8","smort_custom_pricelist_4":"7696","smort_custom_pricelist_5":"6156.8"},"anvandningsomrade":[165,236,237,207,166,234,167,238,235],"bilmarken":[208,240,194,241,242,195,243,209,244,245,246,247,248,210,249,196,250,251,252,253,197,211,254,212,255,256,257,258,259,213,260,261,198,262,263,264,265,266,267,199,268,269,270,271,200,272,273,274,215,275,276,277,278,201,279,202,280,281,216,282,203,283,284,285,286,204,217,218,287,288,289,290,219,205,169,291],"product_brand":[92],"product_cat":[937],"product_tag":[2788],"class_list":{"0":"post-2861","1":"product","2":"type-product","3":"status-publish","4":"has-post-thumbnail","6":"anvandningsomrade-atv","7":"anvandningsomrade-entreprenad","8":"anvandningsomrade-fritid","9":"anvandningsomrade-husbil","10":"anvandningsomrade-lastbil","11":"anvandningsomrade-mc","12":"anvandningsomrade-personbil","13":"anvandningsomrade-slap","14":"anvandningsomrade-snoskoter","15":"bilmarken-abarth","16":"bilmarken-acura","17":"bilmarken-alfa-romeo","18":"bilmarken-alpina","19":"bilmarken-aston-martin","20":"bilmarken-audi","21":"bilmarken-bentley","22":"bilmarken-bmw","23":"bilmarken-bugatti","24":"bilmarken-buick","25":"bilmarken-cadillac","26":"bilmarken-chevrolet","27":"bilmarken-chrysler","28":"bilmarken-citroen","29":"bilmarken-cupra","30":"bilmarken-dacia","31":"bilmarken-daewoo","32":"bilmarken-daihatsu","33":"bilmarken-dodge","34":"bilmarken-ds","35":"bilmarken-ferrari","36":"bilmarken-fiat","37":"bilmarken-fisker","38":"bilmarken-ford","39":"bilmarken-geely","40":"bilmarken-genesis","41":"bilmarken-gmc","42":"bilmarken-honda","43":"bilmarken-hummer","44":"bilmarken-hyundai","45":"bilmarken-infiniti","46":"bilmarken-isuzu","47":"bilmarken-iveco","48":"bilmarken-jaguar","49":"bilmarken-jeep","50":"bilmarken-kia","51":"bilmarken-koenigsegg","52":"bilmarken-lada","53":"bilmarken-lamborghini","54":"bilmarken-lancia","55":"bilmarken-land-rover","56":"bilmarken-lexus","57":"bilmarken-lincoln","58":"bilmarken-lotus","59":"bilmarken-maserati","60":"bilmarken-maxus","61":"bilmarken-mazda","62":"bilmarken-mclaren","63":"bilmarken-mercedes-benz","64":"bilmarken-mg","65":"bilmarken-mini","66":"bilmarken-mitsubishi","67":"bilmarken-nissan","68":"bilmarken-opel","69":"bilmarken-pagani","70":"bilmarken-peugeot","71":"bilmarken-polestar","72":"bilmarken-pontiac","73":"bilmarken-porsche","74":"bilmarken-ram","75":"bilmarken-renault","76":"bilmarken-rivian","77":"bilmarken-rolls-royce","78":"bilmarken-rover","79":"bilmarken-saab","80":"bilmarken-seat","81":"bilmarken-skoda","82":"bilmarken-smart","83":"bilmarken-ssangyong","84":"bilmarken-subaru","85":"bilmarken-suzuki","86":"bilmarken-tesla","87":"bilmarken-toyota","88":"bilmarken-volkswagen","89":"bilmarken-volvo","90":"bilmarken-wiesmann","91":"product_brand-briodlights","92":"product_cat-varningljus","93":"product_tag-black-week-exclude","94":"pa_faktisk-effekts-forbrukning-955","95":"pa_fuktskydd-varde-ipxx-ip67","96":"pa_godkannande-cispr25-class-3-sae-j845-ece-r65-ta2-ece-r10","97":"pa_storlek-mm-1375x218x245","98":"pa_stromforbrukning-489a24v","99":"pa_volt-v-776","101":"first","102":"onbackorder","103":"taxable","104":"shipping-taxable","105":"purchasable","106":"product-type-simple"},"bundled_by":[],"bundle_stock_status":"onbackorder","bundle_stock_quantity":0,"bundle_virtual":false,"bundle_layout":"","bundle_add_to_cart_form_location":"","bundle_editable_in_cart":false,"bundle_sold_individually_context":"","bundle_item_grouping":"","bundle_min_size":"","bundle_max_size":"","bundle_price":[],"bundled_items":[],"bundle_sell_ids":[],"acf":[],"yoast_head":"<!-- This site is optimized with the Yoast SEO plugin v27.0 - https:\/\/yoast.com\/product\/yoast-seo-wordpress\/ -->\n<title>BriodLights Horizon LED varningsljusramp 54&quot; (1375 mm) - Xenonkungen<\/title>\n<meta name=\"robots\" content=\"index, follow, max-snippet:-1, max-image-preview:large, max-video-preview:-1\" \/>\n<link rel=\"canonical\" href=\"https:\/\/xenonkungen.com\/dk\/vare\/briodlights-horizon-led-advarselslysbjaelke-54-1375-mm\/\" \/>\n<meta property=\"og:locale\" content=\"da_DK\" \/>\n<meta property=\"og:type\" content=\"article\" \/>\n<meta property=\"og:title\" content=\"BriodLights Horizon LED varningsljusramp 54&quot; (1375 mm) - Xenonkungen\" \/>\n<meta property=\"og:description\" content=\"BriodLights Horizon LED varningsljusramp 54&#8243;: Minskad luftmotst\u00e5nd, minskad br\u00e4nslef\u00f6rbrukning Optimera ditt fordon med BriodLights Horizon LED-varningsljusramp, som m\u00e4ter 54&#8243; (1375 mm). Denna ultra-tunna LED-ramp, med en silhuett p\u00e5 enbart 24,4 mm, sm\u00e4lter praktiskt taget samman med fordonet och erbjuder en aerodynamisk design som bidrar till att minska br\u00e4nslef\u00f6rbrukningen. Dessutom tillhandah\u00e5ller den 13 olika blixtm\u00f6nster och [&hellip;]\" \/>\n<meta property=\"og:url\" content=\"https:\/\/xenonkungen.com\/dk\/vare\/briodlights-horizon-led-advarselslysbjaelke-54-1375-mm\/\" \/>\n<meta property=\"og:site_name\" content=\"Xenonkungen\" \/>\n<meta property=\"article:modified_time\" content=\"2026-04-24T15:48:50+00:00\" \/>\n<meta property=\"og:image\" content=\"https:\/\/xenonkungen.com\/wp-content\/uploads\/2025\/04\/14581_itemimage_mainfront.jpg\" \/>\n\t<meta property=\"og:image:width\" content=\"2048\" \/>\n\t<meta property=\"og:image:height\" content=\"1536\" \/>\n\t<meta property=\"og:image:type\" content=\"image\/jpeg\" \/>\n<meta name=\"twitter:card\" content=\"summary_large_image\" \/>\n<meta name=\"twitter:label1\" content=\"Estimeret l\u00e6setid\" \/>\n\t<meta name=\"twitter:data1\" content=\"1 minut\" \/>\n<script type=\"application\/ld+json\" class=\"yoast-schema-graph\">{\"@context\":\"https:\/\/schema.org\",\"@graph\":[{\"@type\":\"WebPage\",\"@id\":\"https:\/\/xenonkungen.com\/produkt\/briodlights-horizon-led-varningsljusramp-54-1375-mm\/\",\"url\":\"https:\/\/xenonkungen.com\/produkt\/briodlights-horizon-led-varningsljusramp-54-1375-mm\/\",\"name\":\"BriodLights Horizon LED varningsljusramp 54\\\" (1375 mm) - Xenonkungen\",\"isPartOf\":{\"@id\":\"https:\/\/xenonkungen.com\/#website\"},\"primaryImageOfPage\":{\"@id\":\"https:\/\/xenonkungen.com\/produkt\/briodlights-horizon-led-varningsljusramp-54-1375-mm\/#primaryimage\"},\"image\":{\"@id\":\"https:\/\/xenonkungen.com\/produkt\/briodlights-horizon-led-varningsljusramp-54-1375-mm\/#primaryimage\"},\"thumbnailUrl\":\"https:\/\/xenonkungen.com\/wp-content\/uploads\/2025\/04\/14581_itemimage_mainfront.jpg\",\"datePublished\":\"2025-04-15T08:44:54+00:00\",\"dateModified\":\"2026-04-24T15:48:50+00:00\",\"breadcrumb\":{\"@id\":\"https:\/\/xenonkungen.com\/produkt\/briodlights-horizon-led-varningsljusramp-54-1375-mm\/#breadcrumb\"},\"inLanguage\":\"da-DK\",\"potentialAction\":[{\"@type\":\"ReadAction\",\"target\":[\"https:\/\/xenonkungen.com\/produkt\/briodlights-horizon-led-varningsljusramp-54-1375-mm\/\"]}]},{\"@type\":\"ImageObject\",\"inLanguage\":\"da-DK\",\"@id\":\"https:\/\/xenonkungen.com\/produkt\/briodlights-horizon-led-varningsljusramp-54-1375-mm\/#primaryimage\",\"url\":\"https:\/\/xenonkungen.com\/wp-content\/uploads\/2025\/04\/14581_itemimage_mainfront.jpg\",\"contentUrl\":\"https:\/\/xenonkungen.com\/wp-content\/uploads\/2025\/04\/14581_itemimage_mainfront.jpg\",\"width\":2048,\"height\":1536},{\"@type\":\"BreadcrumbList\",\"@id\":\"https:\/\/xenonkungen.com\/produkt\/briodlights-horizon-led-varningsljusramp-54-1375-mm\/#breadcrumb\",\"itemListElement\":[{\"@type\":\"ListItem\",\"position\":1,\"name\":\"Hem\",\"item\":\"https:\/\/xenonkungen.com\/\"},{\"@type\":\"ListItem\",\"position\":2,\"name\":\"Shop\",\"item\":\"https:\/\/xenonkungen.com\/shop\/\"},{\"@type\":\"ListItem\",\"position\":3,\"name\":\"BriodLights Horizon LED varningsljusramp 54&#8243; (1375 mm)\"}]},{\"@type\":\"WebSite\",\"@id\":\"https:\/\/xenonkungen.com\/#website\",\"url\":\"https:\/\/xenonkungen.com\/\",\"name\":\"Xenonkungen\",\"description\":\"\",\"potentialAction\":[{\"@type\":\"SearchAction\",\"target\":{\"@type\":\"EntryPoint\",\"urlTemplate\":\"https:\/\/xenonkungen.com\/?s={search_term_string}\"},\"query-input\":{\"@type\":\"PropertyValueSpecification\",\"valueRequired\":true,\"valueName\":\"search_term_string\"}}],\"inLanguage\":\"da-DK\"}]}<\/script>\n<!-- \/ Yoast SEO plugin. -->","yoast_head_json":{"title":"BriodLights Horizon LED advarselslysbj\u00e6lke 54&quot; (1375 mm) - Xenonkungen","robots":{"index":"index","follow":"follow","max-snippet":"max-snippet:-1","max-image-preview":"max-image-preview:large","max-video-preview":"max-video-preview:-1"},"canonical":"https:\/\/xenonkungen.com\/dk\/vare\/briodlights-horizon-led-advarselslysbjaelke-54-1375-mm\/","og_locale":"da_DK","og_type":"article","og_title":"BriodLights Horizon LED varningsljusramp 54\" (1375 mm) - Xenonkungen","og_description":"BriodLights Horizon LED varningsljusramp 54&#8243;: Minskad luftmotst\u00e5nd, minskad br\u00e4nslef\u00f6rbrukning Optimera ditt fordon med BriodLights Horizon LED-varningsljusramp, som m\u00e4ter 54&#8243; (1375 mm). Denna ultra-tunna LED-ramp, med en silhuett p\u00e5 enbart 24,4 mm, sm\u00e4lter praktiskt taget samman med fordonet och erbjuder en aerodynamisk design som bidrar till att minska br\u00e4nslef\u00f6rbrukningen. Dessutom tillhandah\u00e5ller den 13 olika blixtm\u00f6nster och [&hellip;]","og_url":"https:\/\/xenonkungen.com\/dk\/vare\/briodlights-horizon-led-advarselslysbjaelke-54-1375-mm\/","og_site_name":"Xenonkungen","article_modified_time":"2026-04-24T15:48:50+00:00","og_image":[{"width":2048,"height":1536,"url":"https:\/\/xenonkungen.com\/wp-content\/uploads\/2025\/04\/14581_itemimage_mainfront.jpg","type":"image\/jpeg"}],"twitter_card":"summary_large_image","twitter_misc":{"Estimeret l\u00e6setid":"1 minut"},"schema":{"@context":"https:\/\/schema.org","@graph":[{"@type":"WebPage","@id":"https:\/\/xenonkungen.com\/produkt\/briodlights-horizon-led-varningsljusramp-54-1375-mm\/","url":"https:\/\/xenonkungen.com\/produkt\/briodlights-horizon-led-varningsljusramp-54-1375-mm\/","name":"BriodLights Horizon LED advarselslysbj\u00e6lke 54&quot; (1375 mm) - Xenonkungen","isPartOf":{"@id":"https:\/\/xenonkungen.com\/#website"},"primaryImageOfPage":{"@id":"https:\/\/xenonkungen.com\/produkt\/briodlights-horizon-led-varningsljusramp-54-1375-mm\/#primaryimage"},"image":{"@id":"https:\/\/xenonkungen.com\/produkt\/briodlights-horizon-led-varningsljusramp-54-1375-mm\/#primaryimage"},"thumbnailUrl":"https:\/\/xenonkungen.com\/wp-content\/uploads\/2025\/04\/14581_itemimage_mainfront.jpg","datePublished":"2025-04-15T08:44:54+00:00","dateModified":"2026-04-24T15:48:50+00:00","breadcrumb":{"@id":"https:\/\/xenonkungen.com\/produkt\/briodlights-horizon-led-varningsljusramp-54-1375-mm\/#breadcrumb"},"inLanguage":"da-DK","potentialAction":[{"@type":"ReadAction","target":["https:\/\/xenonkungen.com\/produkt\/briodlights-horizon-led-varningsljusramp-54-1375-mm\/"]}]},{"@type":"ImageObject","inLanguage":"da-DK","@id":"https:\/\/xenonkungen.com\/produkt\/briodlights-horizon-led-varningsljusramp-54-1375-mm\/#primaryimage","url":"https:\/\/xenonkungen.com\/wp-content\/uploads\/2025\/04\/14581_itemimage_mainfront.jpg","contentUrl":"https:\/\/xenonkungen.com\/wp-content\/uploads\/2025\/04\/14581_itemimage_mainfront.jpg","width":2048,"height":1536},{"@type":"BreadcrumbList","@id":"https:\/\/xenonkungen.com\/produkt\/briodlights-horizon-led-varningsljusramp-54-1375-mm\/#breadcrumb","itemListElement":[{"@type":"ListItem","position":1,"name":"Hem","item":"https:\/\/xenonkungen.com\/"},{"@type":"ListItem","position":2,"name":"Shop","item":"https:\/\/xenonkungen.com\/shop\/"},{"@type":"ListItem","position":3,"name":"BriodLights Horizon LED varningsljusramp 54&#8243; (1375 mm)"}]},{"@type":"WebSite","@id":"https:\/\/xenonkungen.com\/#website","url":"https:\/\/xenonkungen.com\/","name":"Xenonkungen","description":"","potentialAction":[{"@type":"SearchAction","target":{"@type":"EntryPoint","urlTemplate":"https:\/\/xenonkungen.com\/?s={search_term_string}"},"query-input":{"@type":"PropertyValueSpecification","valueRequired":true,"valueName":"search_term_string"}}],"inLanguage":"da-DK"}]}},"taxonomy_info":{"anvandningsomrade":[{"value":165,"label":"ATV"},{"value":236,"label":"Entreprenad"},{"value":237,"label":"Fritid"},{"value":207,"label":"Husbil"},{"value":166,"label":"Lastbil"},{"value":234,"label":"MC"},{"value":167,"label":"PERSONBIL"},{"value":238,"label":"SL\u00c4P"},{"value":235,"label":"SN\u00d6SKOTER"}],"bilmarken":[{"value":208,"label":"Abarth"},{"value":240,"label":"Acura"},{"value":194,"label":"Alfa Romeo"},{"value":241,"label":"Alpina"},{"value":242,"label":"Aston Martin"},{"value":195,"label":"Audi"},{"value":243,"label":"Bentley"},{"value":209,"label":"BMW"},{"value":244,"label":"Bugatti"},{"value":245,"label":"Buick"},{"value":246,"label":"Cadillac"},{"value":247,"label":"Chevrolet"},{"value":248,"label":"Chrysler"},{"value":210,"label":"Citroen"},{"value":249,"label":"Cupra"},{"value":196,"label":"Dacia"},{"value":250,"label":"Daewoo"},{"value":251,"label":"Daihatsu"},{"value":252,"label":"Dodge"},{"value":253,"label":"DS"},{"value":197,"label":"Ferrari"},{"value":211,"label":"Fiat"},{"value":254,"label":"Fisker"},{"value":212,"label":"Ford"},{"value":255,"label":"Geely"},{"value":256,"label":"Genesis"},{"value":257,"label":"GMC"},{"value":258,"label":"Honda"},{"value":259,"label":"Hummer"},{"value":213,"label":"Hyundai"},{"value":260,"label":"Infiniti"},{"value":261,"label":"Isuzu"},{"value":198,"label":"Iveco"},{"value":262,"label":"Jaguar"},{"value":263,"label":"Jeep"},{"value":264,"label":"Kia"},{"value":265,"label":"Koenigsegg"},{"value":266,"label":"Lada"},{"value":267,"label":"Lamborghini"},{"value":199,"label":"Lancia"},{"value":268,"label":"Land Rover"},{"value":269,"label":"Lexus"},{"value":270,"label":"Lincoln"},{"value":271,"label":"Lotus"},{"value":200,"label":"Maserati"},{"value":272,"label":"Maxus"},{"value":273,"label":"Mazda"},{"value":274,"label":"McLaren"},{"value":215,"label":"Mercedes-Benz"},{"value":275,"label":"MG"},{"value":276,"label":"Mini"},{"value":277,"label":"Mitsubishi"},{"value":278,"label":"Nissan"},{"value":201,"label":"Opel"},{"value":279,"label":"Pagani"},{"value":202,"label":"Peugeot"},{"value":280,"label":"Polestar"},{"value":281,"label":"Pontiac"},{"value":216,"label":"Porsche"},{"value":282,"label":"RAM"},{"value":203,"label":"Renault"},{"value":283,"label":"Rivian"},{"value":284,"label":"Rolls-Royce"},{"value":285,"label":"Rover"},{"value":286,"label":"Saab"},{"value":204,"label":"Seat"},{"value":217,"label":"Skoda"},{"value":218,"label":"Smart"},{"value":287,"label":"SsangYong"},{"value":288,"label":"Subaru"},{"value":289,"label":"Suzuki"},{"value":290,"label":"Tesla"},{"value":219,"label":"Toyota"},{"value":205,"label":"Volkswagen"},{"value":169,"label":"volvo"},{"value":291,"label":"Wiesmann"}],"product_brand":[{"value":92,"label":"Briodlights"}],"product_cat":[{"value":937,"label":"Varningljus"}],"product_tag":[{"value":2788,"label":"black-week-exclude"}],"pa_faktisk-effekts-forbrukning":[{"value":955,"label":"114"}],"pa_fuktskydd-varde-ipxx":[{"value":333,"label":"IP67"}],"pa_godkannande":[{"value":941,"label":"CISPR25 CLASS 3 SAE J845, ECE R65 TA2, ECE R10"}],"pa_storlek-mm":[{"value":954,"label":"1375x218x24,5"}],"pa_stromforbrukning":[{"value":956,"label":"4,89A@24V"}],"pa_volt-v":[{"value":776,"label":"12,24"}]},"featured_image_src_large":["https:\/\/xenonkungen.com\/wp-content\/uploads\/2025\/04\/14581_itemimage_mainfront-1024x768.jpg",1024,768,true],"author_info":[],"comment_info":0,"_links":{"self":[{"href":"https:\/\/xenonkungen.com\/dk\/wp-json\/wp\/v2\/product\/2861","targetHints":{"allow":["GET"]}}],"collection":[{"href":"https:\/\/xenonkungen.com\/dk\/wp-json\/wp\/v2\/product"}],"about":[{"href":"https:\/\/xenonkungen.com\/dk\/wp-json\/wp\/v2\/types\/product"}],"replies":[{"embeddable":true,"href":"https:\/\/xenonkungen.com\/dk\/wp-json\/wp\/v2\/comments?post=2861"}],"wp:featuredmedia":[{"embeddable":true,"href":"https:\/\/xenonkungen.com\/dk\/wp-json\/wp\/v2\/media\/2862"}],"wp:attachment":[{"href":"https:\/\/xenonkungen.com\/dk\/wp-json\/wp\/v2\/media?parent=2861"}],"wp:term":[{"taxonomy":"anvandningsomrade","embeddable":true,"href":"https:\/\/xenonkungen.com\/dk\/wp-json\/wp\/v2\/anvandningsomrade?post=2861"},{"taxonomy":"bilmarken","embeddable":true,"href":"https:\/\/xenonkungen.com\/dk\/wp-json\/wp\/v2\/bilmarken?post=2861"},{"taxonomy":"product_brand","embeddable":true,"href":"https:\/\/xenonkungen.com\/dk\/wp-json\/wp\/v2\/product_brand?post=2861"},{"taxonomy":"product_cat","embeddable":true,"href":"https:\/\/xenonkungen.com\/dk\/wp-json\/wp\/v2\/product_cat?post=2861"},{"taxonomy":"product_tag","embeddable":true,"href":"https:\/\/xenonkungen.com\/dk\/wp-json\/wp\/v2\/product_tag?post=2861"}],"curies":[{"name":"wp","href":"https:\/\/api.w.org\/{rel}","templated":true}]}}