{"id":28651,"date":"2026-03-27T14:44:12","date_gmt":"2026-03-27T13:44:12","guid":{"rendered":"https:\/\/xenonkungen.com\/?post_type=product&#038;p=28651"},"modified":"2026-04-24T16:50:29","modified_gmt":"2026-04-24T15:50:29","slug":"monteringssaet-fiat-ducato-2024-triple-r-750-elite-led-rampe","status":"publish","type":"product","link":"https:\/\/xenonkungen.com\/dk\/vare\/monteringssaet-fiat-ducato-2024-triple-r-750-elite-led-rampe\/","title":{"rendered":"Lazer LED rampes\u00e6t Ducato24+ ProaceMax23+ \u2013 TripleR750 Elite"},"content":{"rendered":"<p data-start=\"417\" data-end=\"697\">Opgrader b\u00e5de udseendet og lysydelsen p\u00e5 din Fiat Ducato (2024+) med dette specialfremstillede monteringss\u00e6t. Designet til at give et stilfuldt og fabriksintegreret OE-look, samtidig med at det leverer kraftig, vejlovlig belysning - perfekt til dem, der k\u00f8rer meget i m\u00f8rke.<\/p>\n<p data-start=\"699\" data-end=\"1018\">S\u00e6ttet indeholder et par h\u00f8jtydende Triple-R 750 Elite LED-hj\u00e6lpelygter fra Lazer med avanceret optik og en imponerende r\u00e6kkevidde p\u00e5 op til 517 meter ved 1 lux. Lygterne er udstyret med b\u00e5de positionslys og integrerede havariblink samt smarte funktioner som f.eks. blinklys for optimal tilpasning til modk\u00f8rende trafik.<\/p>\n<p data-start=\"1020\" data-end=\"1330\">De medf\u00f8lgende beslag er pr\u00e6cisionsfremstillet til at passe problemfrit ind i k\u00f8ret\u00f8jets originale k\u00f8lergrill. De er fremstillet af UV-stabilt og h\u00f8jstyrkekompositmateriale, hvilket sikrer langvarig holdbarhed selv under barske vejrforhold. Installationen er nem og sikker takket v\u00e6re det medf\u00f8lgende ledningsnet og de tyverisikre skruer.<\/p>\n<p data-start=\"1332\" data-end=\"1593\">Bem\u00e6rk venligst, at k\u00f8ret\u00f8jet deler k\u00f8lergrilldesign med flere modeller, hvilket betyder, at emballagen kan vise et andet k\u00f8ret\u00f8jsnavn eller billede. S\u00e6ttet er kompatibelt med flere modeller, herunder Fiat Ducato, Toyota Proace Max, Opel Movano, Citro\u00ebn Relay og Peugeot Boxer.<\/p>\n<hr data-start=\"1595\" data-end=\"1598\" \/>\n<h2 data-section-id=\"yi995\" data-start=\"1600\" data-end=\"1613\">Fordele ved programmet<\/h2>\n<ul data-start=\"1614\" data-end=\"1941\">\n<li data-section-id=\"b4ts8m\" data-start=\"1614\" data-end=\"1669\">OE-inspireret look \u2013 integreres i original k\u00f8lergrill<\/li>\n<li data-section-id=\"1ggfbtl\" data-start=\"1670\" data-end=\"1720\">Komplet s\u00e6t med ekstra lys, beslag og ledninger<\/li>\n<li data-section-id=\"16wtbaz\" data-start=\"1721\" data-end=\"1761\">Op til 517 meter r\u00e6kkevidde (1 lux)<\/li>\n<li data-section-id=\"66tr3\" data-start=\"1762\" data-end=\"1807\">Positionslys og integreret advarselslys<\/li>\n<li data-section-id=\"5u2a9l\" data-start=\"1808\" data-end=\"1857\">Flash-to-dim-funktion til smart lysstyring<\/li>\n<li data-section-id=\"6xt4ym\" data-start=\"1858\" data-end=\"1899\">Holdbare og vejrbestandige beslag<\/li>\n<li data-section-id=\"1uijbsj\" data-start=\"1900\" data-end=\"1941\">Tyverisikre skruer for ekstra sikkerhed<\/li>\n<\/ul>\n<h2 data-section-id=\"1ugufuo\" data-start=\"2241\" data-end=\"2273\">Andre\/vigtige oplysninger<\/h2>\n<ul data-start=\"2274\" data-end=\"2539\">\n<li data-section-id=\"118svqc\" data-start=\"2274\" data-end=\"2346\">Passer til Fiat Ducato (2024+) og flere modeller med samme grilldesign<\/li>\n<li data-section-id=\"puuw28\" data-start=\"2347\" data-end=\"2400\">Emballagen kan vise et andet k\u00f8ret\u00f8jsnavn eller billede<\/li>\n<li data-section-id=\"3ahlk4\" data-start=\"2401\" data-end=\"2450\">Kun optimeret til Lazer Triple-R 750 Elite<\/li>\n<li data-section-id=\"15yp1uz\" data-start=\"2451\" data-end=\"2539\">Til LED\/Xenon-forlygter kan et CAN-interface v\u00e6re n\u00f8dvendigt (anbefalet: CANNY-interface)<\/li>\n<\/ul>","protected":false},"excerpt":{"rendered":"<p>Komplet monteringss\u00e6t til Fiat Ducato 2024+ med Triple-R 750 Elite. OE-design, kraftfuld r\u00e6kkevidde og integrerede positions- og advarselslys.<\/p>","protected":false},"featured_media":28656,"comment_status":"open","ping_status":"closed","template":"","meta":{"_acf_changed":false,"_smort_price_nok":"","_smort_price_dkk":"","_smort_price_eur":"","_smort_sale_price_nok":"","_smort_sale_price_dkk":"","_smort_sale_price_eur":"","smort_restorder":"","shipmondo_restorder":"","_kad_blocks_custom_css":"","_kad_blocks_head_custom_js":"","_kad_blocks_body_custom_js":"","_kad_blocks_footer_custom_js":"","smort_custom_pricelist_1":"7360","smort_custom_pricelist_2":"7360","smort_custom_pricelist_3":"7360","smort_custom_pricelist_4":"9200","smort_custom_pricelist_5":"7360"},"anvandningsomrade":[],"bilmarken":[],"product_brand":[1124,98],"product_cat":[2539,2610,18,1916],"product_tag":[],"class_list":{"0":"post-28651","1":"product","2":"type-product","3":"status-publish","4":"has-post-thumbnail","6":"product_brand-lazer","7":"product_brand-lazer-lamps","8":"product_cat-ledramper","9":"product_cat-modellanpassade","10":"product_cat-led-ramper-ljusramper","11":"product_cat-ledrampspaket","12":"pa_fargtemperatur-5000k","13":"pa_fuktskydd-varde-ipxx-ip67","14":"pa_lampsockel-kontakt-superseal","15":"pa_storlek-mm-230x73x105","16":"pa_volt-v-10-32","18":"first","19":"onbackorder","20":"taxable","21":"shipping-taxable","22":"purchasable","23":"product-type-simple"},"bundled_by":[],"bundle_stock_status":"onbackorder","bundle_stock_quantity":0,"bundle_virtual":false,"bundle_layout":"","bundle_add_to_cart_form_location":"","bundle_editable_in_cart":false,"bundle_sold_individually_context":"","bundle_item_grouping":"","bundle_min_size":"","bundle_max_size":"","bundle_price":[],"bundled_items":[],"bundle_sell_ids":[],"acf":[],"yoast_head":"<!-- This site is optimized with the Yoast SEO plugin v27.0 - https:\/\/yoast.com\/product\/yoast-seo-wordpress\/ -->\n<title>Lazer ledrampskit Ducato24+ ProaceMax23+ - TripleR750 Elite - Xenonkungen<\/title>\n<meta name=\"description\" content=\"Monteringskit f\u00f6r Fiat Ducato 2024+ med Triple-R 750 Elite. OE-look, 517 m r\u00e4ckvidd, positionsljus, varningsljus och enkel montering.\" \/>\n<meta name=\"robots\" content=\"index, follow, max-snippet:-1, max-image-preview:large, max-video-preview:-1\" \/>\n<link rel=\"canonical\" href=\"https:\/\/xenonkungen.com\/dk\/vare\/monteringssaet-fiat-ducato-2024-triple-r-750-elite-led-rampe\/\" \/>\n<meta property=\"og:locale\" content=\"da_DK\" \/>\n<meta property=\"og:type\" content=\"article\" \/>\n<meta property=\"og:title\" content=\"Lazer ledrampskit Ducato24+ ProaceMax23+ - TripleR750 Elite - Xenonkungen\" \/>\n<meta property=\"og:description\" content=\"Monteringskit f\u00f6r Fiat Ducato 2024+ med Triple-R 750 Elite. OE-look, 517 m r\u00e4ckvidd, positionsljus, varningsljus och enkel montering.\" \/>\n<meta property=\"og:url\" content=\"https:\/\/xenonkungen.com\/dk\/vare\/monteringssaet-fiat-ducato-2024-triple-r-750-elite-led-rampe\/\" \/>\n<meta property=\"og:site_name\" content=\"Xenonkungen\" \/>\n<meta property=\"article:modified_time\" content=\"2026-04-24T15:50:29+00:00\" \/>\n<meta property=\"og:image\" content=\"https:\/\/xenonkungen.com\/wp-content\/uploads\/2026\/03\/159727_itemmage_mainfront.webp\" \/>\n\t<meta property=\"og:image:width\" content=\"2048\" \/>\n\t<meta property=\"og:image:height\" content=\"1536\" \/>\n\t<meta property=\"og:image:type\" content=\"image\/webp\" \/>\n<meta name=\"twitter:card\" content=\"summary_large_image\" \/>\n<meta name=\"twitter:label1\" content=\"Estimeret l\u00e6setid\" \/>\n\t<meta name=\"twitter:data1\" content=\"2 minutter\" \/>\n<script type=\"application\/ld+json\" class=\"yoast-schema-graph\">{\"@context\":\"https:\/\/schema.org\",\"@graph\":[{\"@type\":\"WebPage\",\"@id\":\"https:\/\/xenonkungen.com\/produkt\/monteringskit-fiat-ducato-2024-triple-r-750-elite-ledramp\/\",\"url\":\"https:\/\/xenonkungen.com\/produkt\/monteringskit-fiat-ducato-2024-triple-r-750-elite-ledramp\/\",\"name\":\"Lazer ledrampskit Ducato24+ ProaceMax23+ - TripleR750 Elite - Xenonkungen\",\"isPartOf\":{\"@id\":\"https:\/\/xenonkungen.com\/#website\"},\"primaryImageOfPage\":{\"@id\":\"https:\/\/xenonkungen.com\/produkt\/monteringskit-fiat-ducato-2024-triple-r-750-elite-ledramp\/#primaryimage\"},\"image\":{\"@id\":\"https:\/\/xenonkungen.com\/produkt\/monteringskit-fiat-ducato-2024-triple-r-750-elite-ledramp\/#primaryimage\"},\"thumbnailUrl\":\"https:\/\/xenonkungen.com\/wp-content\/uploads\/2026\/03\/159727_itemmage_mainfront.webp\",\"datePublished\":\"2026-03-27T13:44:12+00:00\",\"dateModified\":\"2026-04-24T15:50:29+00:00\",\"description\":\"Monteringskit f\u00f6r Fiat Ducato 2024+ med Triple-R 750 Elite. OE-look, 517 m r\u00e4ckvidd, positionsljus, varningsljus och enkel montering.\",\"breadcrumb\":{\"@id\":\"https:\/\/xenonkungen.com\/produkt\/monteringskit-fiat-ducato-2024-triple-r-750-elite-ledramp\/#breadcrumb\"},\"inLanguage\":\"da-DK\",\"potentialAction\":[{\"@type\":\"ReadAction\",\"target\":[\"https:\/\/xenonkungen.com\/produkt\/monteringskit-fiat-ducato-2024-triple-r-750-elite-ledramp\/\"]}]},{\"@type\":\"ImageObject\",\"inLanguage\":\"da-DK\",\"@id\":\"https:\/\/xenonkungen.com\/produkt\/monteringskit-fiat-ducato-2024-triple-r-750-elite-ledramp\/#primaryimage\",\"url\":\"https:\/\/xenonkungen.com\/wp-content\/uploads\/2026\/03\/159727_itemmage_mainfront.webp\",\"contentUrl\":\"https:\/\/xenonkungen.com\/wp-content\/uploads\/2026\/03\/159727_itemmage_mainfront.webp\",\"width\":2048,\"height\":1536},{\"@type\":\"BreadcrumbList\",\"@id\":\"https:\/\/xenonkungen.com\/produkt\/monteringskit-fiat-ducato-2024-triple-r-750-elite-ledramp\/#breadcrumb\",\"itemListElement\":[{\"@type\":\"ListItem\",\"position\":1,\"name\":\"Hem\",\"item\":\"https:\/\/xenonkungen.com\/\"},{\"@type\":\"ListItem\",\"position\":2,\"name\":\"Shop\",\"item\":\"https:\/\/xenonkungen.com\/shop\/\"},{\"@type\":\"ListItem\",\"position\":3,\"name\":\"Lazer ledrampskit Ducato24+ ProaceMax23+ &#8211; TripleR750 Elite\"}]},{\"@type\":\"WebSite\",\"@id\":\"https:\/\/xenonkungen.com\/#website\",\"url\":\"https:\/\/xenonkungen.com\/\",\"name\":\"Xenonkungen\",\"description\":\"\",\"potentialAction\":[{\"@type\":\"SearchAction\",\"target\":{\"@type\":\"EntryPoint\",\"urlTemplate\":\"https:\/\/xenonkungen.com\/?s={search_term_string}\"},\"query-input\":{\"@type\":\"PropertyValueSpecification\",\"valueRequired\":true,\"valueName\":\"search_term_string\"}}],\"inLanguage\":\"da-DK\"}]}<\/script>\n<!-- \/ Yoast SEO plugin. -->","yoast_head_json":{"title":"Lazer LED rampes\u00e6t Ducato24+ ProaceMax23+ - TripleR750 Elite - Xenon-kongen","description":"Monteringss\u00e6t til Fiat Ducato 2024+ med Triple-R 750 Elite. OE-look, 517 m r\u00e6kkevidde, positionslys, havariblink og nem installation.","robots":{"index":"index","follow":"follow","max-snippet":"max-snippet:-1","max-image-preview":"max-image-preview:large","max-video-preview":"max-video-preview:-1"},"canonical":"https:\/\/xenonkungen.com\/dk\/vare\/monteringssaet-fiat-ducato-2024-triple-r-750-elite-led-rampe\/","og_locale":"da_DK","og_type":"article","og_title":"Lazer ledrampskit Ducato24+ ProaceMax23+ - TripleR750 Elite - Xenonkungen","og_description":"Monteringskit f\u00f6r Fiat Ducato 2024+ med Triple-R 750 Elite. OE-look, 517 m r\u00e4ckvidd, positionsljus, varningsljus och enkel montering.","og_url":"https:\/\/xenonkungen.com\/dk\/vare\/monteringssaet-fiat-ducato-2024-triple-r-750-elite-led-rampe\/","og_site_name":"Xenonkungen","article_modified_time":"2026-04-24T15:50:29+00:00","og_image":[{"width":2048,"height":1536,"url":"https:\/\/xenonkungen.com\/wp-content\/uploads\/2026\/03\/159727_itemmage_mainfront.webp","type":"image\/webp"}],"twitter_card":"summary_large_image","twitter_misc":{"Estimeret l\u00e6setid":"2 minutter"},"schema":{"@context":"https:\/\/schema.org","@graph":[{"@type":"WebPage","@id":"https:\/\/xenonkungen.com\/produkt\/monteringskit-fiat-ducato-2024-triple-r-750-elite-ledramp\/","url":"https:\/\/xenonkungen.com\/produkt\/monteringskit-fiat-ducato-2024-triple-r-750-elite-ledramp\/","name":"Lazer LED rampes\u00e6t Ducato24+ ProaceMax23+ - TripleR750 Elite - Xenon-kongen","isPartOf":{"@id":"https:\/\/xenonkungen.com\/#website"},"primaryImageOfPage":{"@id":"https:\/\/xenonkungen.com\/produkt\/monteringskit-fiat-ducato-2024-triple-r-750-elite-ledramp\/#primaryimage"},"image":{"@id":"https:\/\/xenonkungen.com\/produkt\/monteringskit-fiat-ducato-2024-triple-r-750-elite-ledramp\/#primaryimage"},"thumbnailUrl":"https:\/\/xenonkungen.com\/wp-content\/uploads\/2026\/03\/159727_itemmage_mainfront.webp","datePublished":"2026-03-27T13:44:12+00:00","dateModified":"2026-04-24T15:50:29+00:00","description":"Monteringss\u00e6t til Fiat Ducato 2024+ med Triple-R 750 Elite. OE-look, 517 m r\u00e6kkevidde, positionslys, havariblink og nem installation.","breadcrumb":{"@id":"https:\/\/xenonkungen.com\/produkt\/monteringskit-fiat-ducato-2024-triple-r-750-elite-ledramp\/#breadcrumb"},"inLanguage":"da-DK","potentialAction":[{"@type":"ReadAction","target":["https:\/\/xenonkungen.com\/produkt\/monteringskit-fiat-ducato-2024-triple-r-750-elite-ledramp\/"]}]},{"@type":"ImageObject","inLanguage":"da-DK","@id":"https:\/\/xenonkungen.com\/produkt\/monteringskit-fiat-ducato-2024-triple-r-750-elite-ledramp\/#primaryimage","url":"https:\/\/xenonkungen.com\/wp-content\/uploads\/2026\/03\/159727_itemmage_mainfront.webp","contentUrl":"https:\/\/xenonkungen.com\/wp-content\/uploads\/2026\/03\/159727_itemmage_mainfront.webp","width":2048,"height":1536},{"@type":"BreadcrumbList","@id":"https:\/\/xenonkungen.com\/produkt\/monteringskit-fiat-ducato-2024-triple-r-750-elite-ledramp\/#breadcrumb","itemListElement":[{"@type":"ListItem","position":1,"name":"Hem","item":"https:\/\/xenonkungen.com\/"},{"@type":"ListItem","position":2,"name":"Shop","item":"https:\/\/xenonkungen.com\/shop\/"},{"@type":"ListItem","position":3,"name":"Lazer ledrampskit Ducato24+ ProaceMax23+ &#8211; TripleR750 Elite"}]},{"@type":"WebSite","@id":"https:\/\/xenonkungen.com\/#website","url":"https:\/\/xenonkungen.com\/","name":"Xenonkungen","description":"","potentialAction":[{"@type":"SearchAction","target":{"@type":"EntryPoint","urlTemplate":"https:\/\/xenonkungen.com\/?s={search_term_string}"},"query-input":{"@type":"PropertyValueSpecification","valueRequired":true,"valueName":"search_term_string"}}],"inLanguage":"da-DK"}]}},"taxonomy_info":{"product_brand":[{"value":1124,"label":"Lazer"},{"value":98,"label":"Lazer Lamps"}],"product_cat":[{"value":2539,"label":"LEDRAMPER"},{"value":2610,"label":"Modellanpassade"},{"value":18,"label":"LED Ramper \/ Ljusramper"},{"value":1916,"label":"Ledrampspaket"}],"pa_fargtemperatur":[{"value":154,"label":"5000K"}],"pa_fuktskydd-varde-ipxx":[{"value":333,"label":"IP67"}],"pa_lampsockel-kontakt":[{"value":1122,"label":"Superseal"}],"pa_storlek-mm":[{"value":1125,"label":"230x73x105"}],"pa_volt-v":[{"value":3022,"label":"10-32"}]},"featured_image_src_large":["https:\/\/xenonkungen.com\/wp-content\/uploads\/2026\/03\/159727_itemmage_mainfront-1024x768.webp",1024,768,true],"author_info":[],"comment_info":0,"_links":{"self":[{"href":"https:\/\/xenonkungen.com\/dk\/wp-json\/wp\/v2\/product\/28651","targetHints":{"allow":["GET"]}}],"collection":[{"href":"https:\/\/xenonkungen.com\/dk\/wp-json\/wp\/v2\/product"}],"about":[{"href":"https:\/\/xenonkungen.com\/dk\/wp-json\/wp\/v2\/types\/product"}],"replies":[{"embeddable":true,"href":"https:\/\/xenonkungen.com\/dk\/wp-json\/wp\/v2\/comments?post=28651"}],"wp:featuredmedia":[{"embeddable":true,"href":"https:\/\/xenonkungen.com\/dk\/wp-json\/wp\/v2\/media\/28656"}],"wp:attachment":[{"href":"https:\/\/xenonkungen.com\/dk\/wp-json\/wp\/v2\/media?parent=28651"}],"wp:term":[{"taxonomy":"anvandningsomrade","embeddable":true,"href":"https:\/\/xenonkungen.com\/dk\/wp-json\/wp\/v2\/anvandningsomrade?post=28651"},{"taxonomy":"bilmarken","embeddable":true,"href":"https:\/\/xenonkungen.com\/dk\/wp-json\/wp\/v2\/bilmarken?post=28651"},{"taxonomy":"product_brand","embeddable":true,"href":"https:\/\/xenonkungen.com\/dk\/wp-json\/wp\/v2\/product_brand?post=28651"},{"taxonomy":"product_cat","embeddable":true,"href":"https:\/\/xenonkungen.com\/dk\/wp-json\/wp\/v2\/product_cat?post=28651"},{"taxonomy":"product_tag","embeddable":true,"href":"https:\/\/xenonkungen.com\/dk\/wp-json\/wp\/v2\/product_tag?post=28651"}],"curies":[{"name":"wp","href":"https:\/\/api.w.org\/{rel}","templated":true}]}}