{"id":2875,"date":"2025-04-15T08:45:12","date_gmt":"2025-04-15T08:45:12","guid":{"rendered":"https:\/\/xenonkungen.com\/product\/briodlights-extraljusramp-10-varme-pos-ljus-5700lm\/"},"modified":"2026-04-24T16:48:57","modified_gmt":"2026-04-24T15:48:57","slug":"briodlights-ekstra-lysbjaelke-10-varme-poser-5700-lm","status":"publish","type":"product","link":"https:\/\/xenonkungen.com\/dk\/vare\/briodlights-ekstra-lysbjaelke-10-varme-poser-5700-lm\/","title":{"rendered":"BriodLights Extra Light Ramp 10\u2033 Heat pos light 5700lm"},"content":{"rendered":"<h1>BriodLights Ekstra let rampe 353 mm LED<\/h1>\n<p>BriodLights introducerer sin 353 mm LED-lysbj\u00e6lke - en robust og p\u00e5lidelig lyskilde til alle typer k\u00f8ret\u00f8jsbelysning. Denne ekstra lygtebj\u00e6lke er designet med holdbarhed og funktionalitet i tankerne og giver et intenst lysudbytte under alle forhold.<\/p>\n<h2>Robust konstruktion<\/h2>\n<p>Lygtehuset er lavet af sort aluminium, hvilket g\u00f8r rampen b\u00e5de holdbar og langtidsholdbar. Den er designet til at modst\u00e5 barske vejrforhold og uj\u00e6vnt terr\u00e6n, hvilket g\u00f8r den til et fremragende valg til enhver k\u00f8ret\u00f8jsbelysning.<\/p>\n<h2>Integreret varmefunktion<\/h2>\n<p>En unik egenskab ved denne ekstra lette ramme er det integrerede varmesystem i glasset. Denne teknologi sikrer, at spotlightet forts\u00e6tter med at fungere effektivt, selv under kolde forhold. Varmesystemet slukker automatisk ved +40 grader, hvilket er med til at forl\u00e6nge produktets levetid og opretholde dets ydeevne.<\/p>\n<h2>Nem installation<\/h2>\n<p>Den ekstra lette ramme leveres med et beslag i rustfrit st\u00e5l, som g\u00f8r installationen enkel og let. For yderligere fleksibilitet medf\u00f8lger der beslag til b\u00e5de side- og bundmontering.<\/p>\n<h2>Funktionel og effektiv<\/h2>\n<p>Med et 3-polet DT-stik og et indbygget parkeringslys i toppen kombinerer denne ekstra lygtebom effektiv belysning med praktiske funktioner. Uanset om du k\u00f8rer p\u00e5 motorvejen eller gennem uoplyste omr\u00e5der, kan du stole p\u00e5, at BriodLights ekstra lygtebom giver dig det lys, du har brug for.<\/p>","protected":false},"excerpt":{"rendered":"<p>BriodLights Extraljusramp 353 mm LED BriodLights introducerar sin 353 mm LED extraljusramp &#8211; en robust och p\u00e5litlig ljusk\u00e4lla f\u00f6r alla typer av fordonsbelysning. Denna extraljusramp \u00e4r utformad med tanke p\u00e5 h\u00e5llbarhet och funktionalitet, och erbjuder en intensiv ljusbild i alla f\u00f6rh\u00e5llanden. Robust Konstruktion Lamphuset \u00e4r tillverkat i svart aluminium, vilket g\u00f6r rampen b\u00e5de slitstark och [&hellip;]<\/p>","protected":false},"featured_media":2876,"comment_status":"closed","ping_status":"closed","template":"","meta":{"_acf_changed":false,"_smort_price_nok":"3199","_smort_price_dkk":"2032","_smort_price_eur":"272.26","_smort_sale_price_nok":"","_smort_sale_price_dkk":"","_smort_sale_price_eur":"","smort_restorder":"","shipmondo_restorder":"","_kad_blocks_custom_css":"","_kad_blocks_head_custom_js":"","_kad_blocks_body_custom_js":"","_kad_blocks_footer_custom_js":"","smort_custom_pricelist_1":"1916.8","smort_custom_pricelist_2":"1677.2","smort_custom_pricelist_3":"1593.34","smort_custom_pricelist_4":"2396","smort_custom_pricelist_5":"1677.2"},"anvandningsomrade":[],"bilmarken":[],"product_brand":[92],"product_cat":[2966,2539,1402],"product_tag":[2788],"class_list":{"0":"post-2875","1":"product","2":"type-product","3":"status-publish","4":"has-post-thumbnail","6":"product_brand-briodlights","7":"product_cat-ledramp-rak","8":"product_cat-ledramper","9":"product_cat-outlet","10":"product_tag-black-week-exclude","11":"pa_fargtemperatur-6000k","12":"pa_fuktskydd-varde-ipxx-ip68k","13":"pa_godkannande-ce-ece-r10-r112","14":"pa_lampsockel-kontakt-dt","15":"pa_led-chips-effekt-w-694","16":"pa_storlek-mm-353x58x76","17":"pa_stromforbrukning-21a24v","18":"pa_stromforbrukning-42a12v","19":"pa_volt-v-multivolt-9-12-16-18-24-28-30-32","21":"first","22":"instock","23":"sale","24":"taxable","25":"shipping-taxable","26":"purchasable","27":"product-type-simple"},"bundled_by":[],"bundle_stock_status":"instock","bundle_stock_quantity":1,"bundle_virtual":false,"bundle_layout":"","bundle_add_to_cart_form_location":"","bundle_editable_in_cart":false,"bundle_sold_individually_context":"","bundle_item_grouping":"","bundle_min_size":"","bundle_max_size":"","bundle_price":[],"bundled_items":[],"bundle_sell_ids":[],"acf":[],"yoast_head":"<!-- This site is optimized with the Yoast SEO plugin v27.0 - https:\/\/yoast.com\/product\/yoast-seo-wordpress\/ -->\n<title>BriodLights Extraljusramp 10&quot; V\u00e4rme pos ljus 5700lm - Xenonkungen<\/title>\n<meta name=\"robots\" content=\"index, follow, max-snippet:-1, max-image-preview:large, max-video-preview:-1\" \/>\n<link rel=\"canonical\" href=\"https:\/\/xenonkungen.com\/dk\/vare\/briodlights-ekstra-lysbjaelke-10-varme-poser-5700-lm\/\" \/>\n<meta property=\"og:locale\" content=\"da_DK\" \/>\n<meta property=\"og:type\" content=\"article\" \/>\n<meta property=\"og:title\" content=\"BriodLights Extraljusramp 10&quot; V\u00e4rme pos ljus 5700lm - Xenonkungen\" \/>\n<meta property=\"og:description\" content=\"BriodLights Extraljusramp 353 mm LED BriodLights introducerar sin 353 mm LED extraljusramp &#8211; en robust och p\u00e5litlig ljusk\u00e4lla f\u00f6r alla typer av fordonsbelysning. Denna extraljusramp \u00e4r utformad med tanke p\u00e5 h\u00e5llbarhet och funktionalitet, och erbjuder en intensiv ljusbild i alla f\u00f6rh\u00e5llanden. Robust Konstruktion Lamphuset \u00e4r tillverkat i svart aluminium, vilket g\u00f6r rampen b\u00e5de slitstark och [&hellip;]\" \/>\n<meta property=\"og:url\" content=\"https:\/\/xenonkungen.com\/dk\/vare\/briodlights-ekstra-lysbjaelke-10-varme-poser-5700-lm\/\" \/>\n<meta property=\"og:site_name\" content=\"Xenonkungen\" \/>\n<meta property=\"article:modified_time\" content=\"2026-04-24T15:48:57+00:00\" \/>\n<meta property=\"og:image\" content=\"https:\/\/xenonkungen.com\/wp-content\/uploads\/2025\/04\/15215_itemimage_mainfront.jpg\" \/>\n\t<meta property=\"og:image:width\" content=\"2048\" \/>\n\t<meta property=\"og:image:height\" content=\"1536\" \/>\n\t<meta property=\"og:image:type\" content=\"image\/jpeg\" \/>\n<meta name=\"twitter:card\" content=\"summary_large_image\" \/>\n<meta name=\"twitter:label1\" content=\"Estimeret l\u00e6setid\" \/>\n\t<meta name=\"twitter:data1\" content=\"2 minutter\" \/>\n<script type=\"application\/ld+json\" class=\"yoast-schema-graph\">{\"@context\":\"https:\/\/schema.org\",\"@graph\":[{\"@type\":\"WebPage\",\"@id\":\"https:\/\/xenonkungen.com\/produkt\/briodlights-extraljusramp-10-varme-pos-ljus-5700lm\/\",\"url\":\"https:\/\/xenonkungen.com\/produkt\/briodlights-extraljusramp-10-varme-pos-ljus-5700lm\/\",\"name\":\"BriodLights Extraljusramp 10\\\" V\u00e4rme pos ljus 5700lm - Xenonkungen\",\"isPartOf\":{\"@id\":\"https:\/\/xenonkungen.com\/#website\"},\"primaryImageOfPage\":{\"@id\":\"https:\/\/xenonkungen.com\/produkt\/briodlights-extraljusramp-10-varme-pos-ljus-5700lm\/#primaryimage\"},\"image\":{\"@id\":\"https:\/\/xenonkungen.com\/produkt\/briodlights-extraljusramp-10-varme-pos-ljus-5700lm\/#primaryimage\"},\"thumbnailUrl\":\"https:\/\/xenonkungen.com\/wp-content\/uploads\/2025\/04\/15215_itemimage_mainfront.jpg\",\"datePublished\":\"2025-04-15T08:45:12+00:00\",\"dateModified\":\"2026-04-24T15:48:57+00:00\",\"breadcrumb\":{\"@id\":\"https:\/\/xenonkungen.com\/produkt\/briodlights-extraljusramp-10-varme-pos-ljus-5700lm\/#breadcrumb\"},\"inLanguage\":\"da-DK\",\"potentialAction\":[{\"@type\":\"ReadAction\",\"target\":[\"https:\/\/xenonkungen.com\/produkt\/briodlights-extraljusramp-10-varme-pos-ljus-5700lm\/\"]}]},{\"@type\":\"ImageObject\",\"inLanguage\":\"da-DK\",\"@id\":\"https:\/\/xenonkungen.com\/produkt\/briodlights-extraljusramp-10-varme-pos-ljus-5700lm\/#primaryimage\",\"url\":\"https:\/\/xenonkungen.com\/wp-content\/uploads\/2025\/04\/15215_itemimage_mainfront.jpg\",\"contentUrl\":\"https:\/\/xenonkungen.com\/wp-content\/uploads\/2025\/04\/15215_itemimage_mainfront.jpg\",\"width\":2048,\"height\":1536},{\"@type\":\"BreadcrumbList\",\"@id\":\"https:\/\/xenonkungen.com\/produkt\/briodlights-extraljusramp-10-varme-pos-ljus-5700lm\/#breadcrumb\",\"itemListElement\":[{\"@type\":\"ListItem\",\"position\":1,\"name\":\"Hem\",\"item\":\"https:\/\/xenonkungen.com\/\"},{\"@type\":\"ListItem\",\"position\":2,\"name\":\"Shop\",\"item\":\"https:\/\/xenonkungen.com\/shop\/\"},{\"@type\":\"ListItem\",\"position\":3,\"name\":\"BriodLights Extraljusramp 10&#8243; V\u00e4rme pos ljus 5700lm\"}]},{\"@type\":\"WebSite\",\"@id\":\"https:\/\/xenonkungen.com\/#website\",\"url\":\"https:\/\/xenonkungen.com\/\",\"name\":\"Xenonkungen\",\"description\":\"\",\"potentialAction\":[{\"@type\":\"SearchAction\",\"target\":{\"@type\":\"EntryPoint\",\"urlTemplate\":\"https:\/\/xenonkungen.com\/?s={search_term_string}\"},\"query-input\":{\"@type\":\"PropertyValueSpecification\",\"valueRequired\":true,\"valueName\":\"search_term_string\"}}],\"inLanguage\":\"da-DK\"}]}<\/script>\n<!-- \/ Yoast SEO plugin. -->","yoast_head_json":{"title":"BriodLights Ekstra lysstang 10&quot; Varmeposlys 5700lm - Xenonkungen","robots":{"index":"index","follow":"follow","max-snippet":"max-snippet:-1","max-image-preview":"max-image-preview:large","max-video-preview":"max-video-preview:-1"},"canonical":"https:\/\/xenonkungen.com\/dk\/vare\/briodlights-ekstra-lysbjaelke-10-varme-poser-5700-lm\/","og_locale":"da_DK","og_type":"article","og_title":"BriodLights Extraljusramp 10\" V\u00e4rme pos ljus 5700lm - Xenonkungen","og_description":"BriodLights Extraljusramp 353 mm LED BriodLights introducerar sin 353 mm LED extraljusramp &#8211; en robust och p\u00e5litlig ljusk\u00e4lla f\u00f6r alla typer av fordonsbelysning. Denna extraljusramp \u00e4r utformad med tanke p\u00e5 h\u00e5llbarhet och funktionalitet, och erbjuder en intensiv ljusbild i alla f\u00f6rh\u00e5llanden. Robust Konstruktion Lamphuset \u00e4r tillverkat i svart aluminium, vilket g\u00f6r rampen b\u00e5de slitstark och [&hellip;]","og_url":"https:\/\/xenonkungen.com\/dk\/vare\/briodlights-ekstra-lysbjaelke-10-varme-poser-5700-lm\/","og_site_name":"Xenonkungen","article_modified_time":"2026-04-24T15:48:57+00:00","og_image":[{"width":2048,"height":1536,"url":"https:\/\/xenonkungen.com\/wp-content\/uploads\/2025\/04\/15215_itemimage_mainfront.jpg","type":"image\/jpeg"}],"twitter_card":"summary_large_image","twitter_misc":{"Estimeret l\u00e6setid":"2 minutter"},"schema":{"@context":"https:\/\/schema.org","@graph":[{"@type":"WebPage","@id":"https:\/\/xenonkungen.com\/produkt\/briodlights-extraljusramp-10-varme-pos-ljus-5700lm\/","url":"https:\/\/xenonkungen.com\/produkt\/briodlights-extraljusramp-10-varme-pos-ljus-5700lm\/","name":"BriodLights Ekstra lysstang 10&quot; Varmeposlys 5700lm - Xenonkungen","isPartOf":{"@id":"https:\/\/xenonkungen.com\/#website"},"primaryImageOfPage":{"@id":"https:\/\/xenonkungen.com\/produkt\/briodlights-extraljusramp-10-varme-pos-ljus-5700lm\/#primaryimage"},"image":{"@id":"https:\/\/xenonkungen.com\/produkt\/briodlights-extraljusramp-10-varme-pos-ljus-5700lm\/#primaryimage"},"thumbnailUrl":"https:\/\/xenonkungen.com\/wp-content\/uploads\/2025\/04\/15215_itemimage_mainfront.jpg","datePublished":"2025-04-15T08:45:12+00:00","dateModified":"2026-04-24T15:48:57+00:00","breadcrumb":{"@id":"https:\/\/xenonkungen.com\/produkt\/briodlights-extraljusramp-10-varme-pos-ljus-5700lm\/#breadcrumb"},"inLanguage":"da-DK","potentialAction":[{"@type":"ReadAction","target":["https:\/\/xenonkungen.com\/produkt\/briodlights-extraljusramp-10-varme-pos-ljus-5700lm\/"]}]},{"@type":"ImageObject","inLanguage":"da-DK","@id":"https:\/\/xenonkungen.com\/produkt\/briodlights-extraljusramp-10-varme-pos-ljus-5700lm\/#primaryimage","url":"https:\/\/xenonkungen.com\/wp-content\/uploads\/2025\/04\/15215_itemimage_mainfront.jpg","contentUrl":"https:\/\/xenonkungen.com\/wp-content\/uploads\/2025\/04\/15215_itemimage_mainfront.jpg","width":2048,"height":1536},{"@type":"BreadcrumbList","@id":"https:\/\/xenonkungen.com\/produkt\/briodlights-extraljusramp-10-varme-pos-ljus-5700lm\/#breadcrumb","itemListElement":[{"@type":"ListItem","position":1,"name":"Hem","item":"https:\/\/xenonkungen.com\/"},{"@type":"ListItem","position":2,"name":"Shop","item":"https:\/\/xenonkungen.com\/shop\/"},{"@type":"ListItem","position":3,"name":"BriodLights Extraljusramp 10&#8243; V\u00e4rme pos ljus 5700lm"}]},{"@type":"WebSite","@id":"https:\/\/xenonkungen.com\/#website","url":"https:\/\/xenonkungen.com\/","name":"Xenonkungen","description":"","potentialAction":[{"@type":"SearchAction","target":{"@type":"EntryPoint","urlTemplate":"https:\/\/xenonkungen.com\/?s={search_term_string}"},"query-input":{"@type":"PropertyValueSpecification","valueRequired":true,"valueName":"search_term_string"}}],"inLanguage":"da-DK"}]}},"taxonomy_info":{"product_brand":[{"value":92,"label":"Briodlights"}],"product_cat":[{"value":2966,"label":"Ledramp Rak"},{"value":2539,"label":"LEDRAMPER"},{"value":1402,"label":"Outlet"}],"product_tag":[{"value":2788,"label":"black-week-exclude"}],"pa_fargtemperatur":[{"value":188,"label":"6000K"}],"pa_fuktskydd-varde-ipxx":[{"value":682,"label":"IP68K"}],"pa_godkannande":[{"value":970,"label":"CE, ECE, R10, R112"}],"pa_lampsockel-kontakt":[{"value":329,"label":"DT"}],"pa_led-chips-effekt-w":[{"value":694,"label":"60"}],"pa_storlek-mm":[{"value":967,"label":"353x58x76"}],"pa_stromforbrukning":[{"value":969,"label":"2,1A@24V"},{"value":968,"label":"4,2A@12V"}],"pa_volt-v":[{"value":521,"label":"Multivolt, 9, 12, 16, 18, 24, 28, 30, 32"}]},"featured_image_src_large":["https:\/\/xenonkungen.com\/wp-content\/uploads\/2025\/04\/15215_itemimage_mainfront-1024x768.jpg",1024,768,true],"author_info":[],"comment_info":0,"_links":{"self":[{"href":"https:\/\/xenonkungen.com\/dk\/wp-json\/wp\/v2\/product\/2875","targetHints":{"allow":["GET"]}}],"collection":[{"href":"https:\/\/xenonkungen.com\/dk\/wp-json\/wp\/v2\/product"}],"about":[{"href":"https:\/\/xenonkungen.com\/dk\/wp-json\/wp\/v2\/types\/product"}],"replies":[{"embeddable":true,"href":"https:\/\/xenonkungen.com\/dk\/wp-json\/wp\/v2\/comments?post=2875"}],"wp:featuredmedia":[{"embeddable":true,"href":"https:\/\/xenonkungen.com\/dk\/wp-json\/wp\/v2\/media\/2876"}],"wp:attachment":[{"href":"https:\/\/xenonkungen.com\/dk\/wp-json\/wp\/v2\/media?parent=2875"}],"wp:term":[{"taxonomy":"anvandningsomrade","embeddable":true,"href":"https:\/\/xenonkungen.com\/dk\/wp-json\/wp\/v2\/anvandningsomrade?post=2875"},{"taxonomy":"bilmarken","embeddable":true,"href":"https:\/\/xenonkungen.com\/dk\/wp-json\/wp\/v2\/bilmarken?post=2875"},{"taxonomy":"product_brand","embeddable":true,"href":"https:\/\/xenonkungen.com\/dk\/wp-json\/wp\/v2\/product_brand?post=2875"},{"taxonomy":"product_cat","embeddable":true,"href":"https:\/\/xenonkungen.com\/dk\/wp-json\/wp\/v2\/product_cat?post=2875"},{"taxonomy":"product_tag","embeddable":true,"href":"https:\/\/xenonkungen.com\/dk\/wp-json\/wp\/v2\/product_tag?post=2875"}],"curies":[{"name":"wp","href":"https:\/\/api.w.org\/{rel}","templated":true}]}}