{"id":29040,"date":"2026-04-09T15:13:42","date_gmt":"2026-04-09T14:13:42","guid":{"rendered":"https:\/\/xenonkungen.com\/?post_type=product&#038;p=29040"},"modified":"2026-04-09T18:30:38","modified_gmt":"2026-04-09T17:30:38","slug":"ledramp-paket-luxtar-x18-infalld-180w","status":"publish","type":"product","link":"https:\/\/xenonkungen.com\/dk\/vare\/ledramp-paket-luxtar-x18-infalld-180w\/","title":{"rendered":"Indbygget pakke LUXTAR\u00ae X18 Black Edition"},"content":{"rendered":"<h1>Komplet f\u00e6rdig pakke med h\u00e5ndliste, beslag og kabler<\/h1>\n<p>Luxtar\u00ae X18 \u00e4r 51.8cm och l\u00e4mnar 7 536 faktiska lumen (145,5lm \/ cm) som kan j\u00e4mf\u00f6ras med 6-7st halogen extraljus d\u00e4r v\u00e4rdet ligger kring 55W | 1000 Lumen (+-200lm)<\/p>\n<p>Almindeligt angivne v\u00e6rdier er de teoretiske, som for denne LED-rampe ville v\u00e6re 180W | 18.000 lumen.<\/p>\n<p>Extraljusf\u00e4ste i pulverlackad pl\u00e5t specialgjort f\u00f6r v\u00e5ran Luxtar X18 LED-ramp. F\u00e4stes bakom reg-skylten och ger ett slimmat, inf\u00e4llt utseende.<\/p>\n<p>Luxtar\u00ae X-seriens LED-ramper har et unikt design med markante reflektorer med sidemonterede diodelamper, der forbedrer ydeevnen betydeligt.<\/p>\n<p>Luxtar\u00ae X-serien f\u00e5s med to alternative lysm\u00f8nstre, Driving\/Remote og Spot.<br \/>\nSpotlyset er velegnet til dem, der prioriterer en lang lysr\u00e6kkevidde eller ved h\u00f8jere hastigheder, hvor fokus naturligvis er p\u00e5 l\u00e6ngere afstande.<br \/>\nDriving | Remote giver et dejligt bredt lysm\u00f8nster og er velegnet til dem, der har brug for bedre synlighed i vejkanten, f.eks. i gr\u00f8fter. Driving er det mest popul\u00e6re valg.<\/p>\n<p>X18 Driving har en r\u00e4ckvidd p\u00e5 1 Lux vid ca. 480 meter som avtar ned till 0.25 Lux vid ca. 690 meter.<\/p>\n<p><strong>Anvendelsesomr\u00e5der<\/strong><br \/>\nTil hj\u00e6lpelys til personbil | varevogn | lastbil<\/p>\n<p><strong>Inneh\u00e5ll Paket X18:<\/strong><br \/>\n1st Ljusramp Luxtar Ledramp X18<br \/>\n1st Extraljusf\u00e4ste f\u00f6r inf\u00e4llnad avsedd f\u00f6r led ramp X18<br \/>\n1st Extraljuskabel 1B 12V<\/p>\n<p><iframe loading=\"lazy\" src=\"https:\/\/www.youtube.com\/embed\/rjE099a3b10\" width=\"560\" height=\"315\" frameborder=\"0\" allowfullscreen=\"allowfullscreen\" data-mce-fragment=\"1\"><\/iframe><\/p>","protected":false},"excerpt":{"rendered":"<p>F\u00e5s i f\u00f8lgende varianter\u00a0<b>K\u00d8RER<\/b>\u00a0eller\u00a0<b>SPOT<\/b><\/p>\n<p><b>Indhold i leveringen:<\/b><br \/>\n\u2013 LUXTAR\u00ae Ledramp X18 Black Edition<br \/>\n\u2013 Inf\u00e4llnadsf\u00e4ste till X18 LEDramp<br \/>\n\u2013 Rel\u00e4kabelsats 1B 12V<\/p>","protected":false},"featured_media":29041,"comment_status":"open","ping_status":"closed","template":"","meta":{"_acf_changed":false,"_smort_price_nok":"","_smort_price_dkk":"","_smort_price_eur":"","_smort_sale_price_nok":"","_smort_sale_price_dkk":"","_smort_sale_price_eur":"","smort_restorder":"","shipmondo_restorder":"","_kad_blocks_custom_css":"","_kad_blocks_head_custom_js":"","_kad_blocks_body_custom_js":"","_kad_blocks_footer_custom_js":"","smort_custom_pricelist_1":"","smort_custom_pricelist_2":"","smort_custom_pricelist_3":"","smort_custom_pricelist_4":"","smort_custom_pricelist_5":""},"anvandningsomrade":[],"bilmarken":[],"product_brand":[103],"product_cat":[2824,1916],"product_tag":[],"class_list":{"0":"post-29040","1":"product","2":"type-product","3":"status-publish","4":"has-post-thumbnail","6":"product_brand-luxtar","7":"product_cat-luxtar-ledramper","8":"product_cat-ledrampspaket","9":"pa_ljusbild-driving","10":"pa_ljusbild-spot","12":"first","13":"outofstock","14":"taxable","15":"shipping-taxable","16":"purchasable","17":"product-type-variable"},"bundled_by":[],"bundle_stock_status":"outofstock","bundle_stock_quantity":null,"bundle_virtual":false,"bundle_layout":"","bundle_add_to_cart_form_location":"","bundle_editable_in_cart":false,"bundle_sold_individually_context":"","bundle_item_grouping":"","bundle_min_size":"","bundle_max_size":"","bundle_price":[],"bundled_items":[],"bundle_sell_ids":[],"acf":[],"yoast_head":"<!-- This site is optimized with the Yoast SEO plugin v27.0 - https:\/\/yoast.com\/product\/yoast-seo-wordpress\/ -->\n<title>Inf\u00e4llnadspaket LUXTAR\u00ae X18 Black Edition - Xenonkungen<\/title>\n<meta name=\"robots\" content=\"index, follow, max-snippet:-1, max-image-preview:large, max-video-preview:-1\" \/>\n<link rel=\"canonical\" href=\"https:\/\/xenonkungen.com\/dk\/vare\/ledramp-paket-luxtar-x18-infalld-180w\/\" \/>\n<meta property=\"og:locale\" content=\"da_DK\" \/>\n<meta property=\"og:type\" content=\"article\" \/>\n<meta property=\"og:title\" content=\"Inf\u00e4llnadspaket LUXTAR\u00ae X18 Black Edition - Xenonkungen\" \/>\n<meta property=\"og:description\" content=\"Finns i varianterna\u00a0DRIVING\u00a0eller\u00a0SPOT  Leveransinneh\u00e5ll: \u2013 LUXTAR\u00ae Ledramp X18 Black Edition \u2013 Inf\u00e4llnadsf\u00e4ste till X18 LEDramp \u2013 Rel\u00e4kabelsats 1B 12V\" \/>\n<meta property=\"og:url\" content=\"https:\/\/xenonkungen.com\/dk\/vare\/ledramp-paket-luxtar-x18-infalld-180w\/\" \/>\n<meta property=\"og:site_name\" content=\"Xenonkungen\" \/>\n<meta property=\"article:modified_time\" content=\"2026-04-09T17:30:38+00:00\" \/>\n<meta property=\"og:image\" content=\"https:\/\/xenonkungen.com\/wp-content\/uploads\/2026\/04\/174905343-origpic-e64ecb.png\" \/>\n\t<meta property=\"og:image:width\" content=\"1000\" \/>\n\t<meta property=\"og:image:height\" content=\"1000\" \/>\n\t<meta property=\"og:image:type\" content=\"image\/png\" \/>\n<meta name=\"twitter:card\" content=\"summary_large_image\" \/>\n<meta name=\"twitter:label1\" content=\"Estimeret l\u00e6setid\" \/>\n\t<meta name=\"twitter:data1\" content=\"2 minutter\" \/>\n<script type=\"application\/ld+json\" class=\"yoast-schema-graph\">{\"@context\":\"https:\/\/schema.org\",\"@graph\":[{\"@type\":\"WebPage\",\"@id\":\"https:\/\/xenonkungen.com\/produkt\/ledramp-paket-luxtar-x18-infalld-180w\/\",\"url\":\"https:\/\/xenonkungen.com\/produkt\/ledramp-paket-luxtar-x18-infalld-180w\/\",\"name\":\"Inf\u00e4llnadspaket LUXTAR\u00ae X18 Black Edition - Xenonkungen\",\"isPartOf\":{\"@id\":\"https:\/\/xenonkungen.com\/#website\"},\"primaryImageOfPage\":{\"@id\":\"https:\/\/xenonkungen.com\/produkt\/ledramp-paket-luxtar-x18-infalld-180w\/#primaryimage\"},\"image\":{\"@id\":\"https:\/\/xenonkungen.com\/produkt\/ledramp-paket-luxtar-x18-infalld-180w\/#primaryimage\"},\"thumbnailUrl\":\"https:\/\/xenonkungen.com\/wp-content\/uploads\/2026\/04\/174905343-origpic-e64ecb.png\",\"datePublished\":\"2026-04-09T14:13:42+00:00\",\"dateModified\":\"2026-04-09T17:30:38+00:00\",\"breadcrumb\":{\"@id\":\"https:\/\/xenonkungen.com\/produkt\/ledramp-paket-luxtar-x18-infalld-180w\/#breadcrumb\"},\"inLanguage\":\"da-DK\",\"potentialAction\":[{\"@type\":\"ReadAction\",\"target\":[\"https:\/\/xenonkungen.com\/produkt\/ledramp-paket-luxtar-x18-infalld-180w\/\"]}]},{\"@type\":\"ImageObject\",\"inLanguage\":\"da-DK\",\"@id\":\"https:\/\/xenonkungen.com\/produkt\/ledramp-paket-luxtar-x18-infalld-180w\/#primaryimage\",\"url\":\"https:\/\/xenonkungen.com\/wp-content\/uploads\/2026\/04\/174905343-origpic-e64ecb.png\",\"contentUrl\":\"https:\/\/xenonkungen.com\/wp-content\/uploads\/2026\/04\/174905343-origpic-e64ecb.png\",\"width\":1000,\"height\":1000},{\"@type\":\"BreadcrumbList\",\"@id\":\"https:\/\/xenonkungen.com\/produkt\/ledramp-paket-luxtar-x18-infalld-180w\/#breadcrumb\",\"itemListElement\":[{\"@type\":\"ListItem\",\"position\":1,\"name\":\"Hem\",\"item\":\"https:\/\/xenonkungen.com\/\"},{\"@type\":\"ListItem\",\"position\":2,\"name\":\"Shop\",\"item\":\"https:\/\/xenonkungen.com\/shop\/\"},{\"@type\":\"ListItem\",\"position\":3,\"name\":\"Inf\u00e4llnadspaket LUXTAR\u00ae X18 Black Edition\"}]},{\"@type\":\"WebSite\",\"@id\":\"https:\/\/xenonkungen.com\/#website\",\"url\":\"https:\/\/xenonkungen.com\/\",\"name\":\"Xenonkungen\",\"description\":\"\",\"potentialAction\":[{\"@type\":\"SearchAction\",\"target\":{\"@type\":\"EntryPoint\",\"urlTemplate\":\"https:\/\/xenonkungen.com\/?s={search_term_string}\"},\"query-input\":{\"@type\":\"PropertyValueSpecification\",\"valueRequired\":true,\"valueName\":\"search_term_string\"}}],\"inLanguage\":\"da-DK\"}]}<\/script>\n<!-- \/ Yoast SEO plugin. -->","yoast_head_json":{"title":"Inf\u00e4llnadspaket LUXTAR\u00ae X18 Black Edition - Xenonkungen","robots":{"index":"index","follow":"follow","max-snippet":"max-snippet:-1","max-image-preview":"max-image-preview:large","max-video-preview":"max-video-preview:-1"},"canonical":"https:\/\/xenonkungen.com\/dk\/vare\/ledramp-paket-luxtar-x18-infalld-180w\/","og_locale":"da_DK","og_type":"article","og_title":"Inf\u00e4llnadspaket LUXTAR\u00ae X18 Black Edition - Xenonkungen","og_description":"Finns i varianterna\u00a0DRIVING\u00a0eller\u00a0SPOT  Leveransinneh\u00e5ll: \u2013 LUXTAR\u00ae Ledramp X18 Black Edition \u2013 Inf\u00e4llnadsf\u00e4ste till X18 LEDramp \u2013 Rel\u00e4kabelsats 1B 12V","og_url":"https:\/\/xenonkungen.com\/dk\/vare\/ledramp-paket-luxtar-x18-infalld-180w\/","og_site_name":"Xenonkungen","article_modified_time":"2026-04-09T17:30:38+00:00","og_image":[{"width":1000,"height":1000,"url":"https:\/\/xenonkungen.com\/wp-content\/uploads\/2026\/04\/174905343-origpic-e64ecb.png","type":"image\/png"}],"twitter_card":"summary_large_image","twitter_misc":{"Estimeret l\u00e6setid":"2 minutter"},"schema":{"@context":"https:\/\/schema.org","@graph":[{"@type":"WebPage","@id":"https:\/\/xenonkungen.com\/produkt\/ledramp-paket-luxtar-x18-infalld-180w\/","url":"https:\/\/xenonkungen.com\/produkt\/ledramp-paket-luxtar-x18-infalld-180w\/","name":"Inf\u00e4llnadspaket LUXTAR\u00ae X18 Black Edition - Xenonkungen","isPartOf":{"@id":"https:\/\/xenonkungen.com\/#website"},"primaryImageOfPage":{"@id":"https:\/\/xenonkungen.com\/produkt\/ledramp-paket-luxtar-x18-infalld-180w\/#primaryimage"},"image":{"@id":"https:\/\/xenonkungen.com\/produkt\/ledramp-paket-luxtar-x18-infalld-180w\/#primaryimage"},"thumbnailUrl":"https:\/\/xenonkungen.com\/wp-content\/uploads\/2026\/04\/174905343-origpic-e64ecb.png","datePublished":"2026-04-09T14:13:42+00:00","dateModified":"2026-04-09T17:30:38+00:00","breadcrumb":{"@id":"https:\/\/xenonkungen.com\/produkt\/ledramp-paket-luxtar-x18-infalld-180w\/#breadcrumb"},"inLanguage":"da-DK","potentialAction":[{"@type":"ReadAction","target":["https:\/\/xenonkungen.com\/produkt\/ledramp-paket-luxtar-x18-infalld-180w\/"]}]},{"@type":"ImageObject","inLanguage":"da-DK","@id":"https:\/\/xenonkungen.com\/produkt\/ledramp-paket-luxtar-x18-infalld-180w\/#primaryimage","url":"https:\/\/xenonkungen.com\/wp-content\/uploads\/2026\/04\/174905343-origpic-e64ecb.png","contentUrl":"https:\/\/xenonkungen.com\/wp-content\/uploads\/2026\/04\/174905343-origpic-e64ecb.png","width":1000,"height":1000},{"@type":"BreadcrumbList","@id":"https:\/\/xenonkungen.com\/produkt\/ledramp-paket-luxtar-x18-infalld-180w\/#breadcrumb","itemListElement":[{"@type":"ListItem","position":1,"name":"Hem","item":"https:\/\/xenonkungen.com\/"},{"@type":"ListItem","position":2,"name":"Shop","item":"https:\/\/xenonkungen.com\/shop\/"},{"@type":"ListItem","position":3,"name":"Inf\u00e4llnadspaket LUXTAR\u00ae X18 Black Edition"}]},{"@type":"WebSite","@id":"https:\/\/xenonkungen.com\/#website","url":"https:\/\/xenonkungen.com\/","name":"Xenonkungen","description":"","potentialAction":[{"@type":"SearchAction","target":{"@type":"EntryPoint","urlTemplate":"https:\/\/xenonkungen.com\/?s={search_term_string}"},"query-input":{"@type":"PropertyValueSpecification","valueRequired":true,"valueName":"search_term_string"}}],"inLanguage":"da-DK"}]}},"taxonomy_info":{"product_brand":[{"value":103,"label":"LUXTAR"}],"product_cat":[{"value":2824,"label":"Luxtar - Ledramper"},{"value":1916,"label":"Ledrampspaket"}],"pa_ljusbild":[{"value":178,"label":"Driving"},{"value":1177,"label":"Spot"}]},"featured_image_src_large":["https:\/\/xenonkungen.com\/wp-content\/uploads\/2026\/04\/174905343-origpic-e64ecb.png",1000,1000,false],"author_info":[],"comment_info":0,"_links":{"self":[{"href":"https:\/\/xenonkungen.com\/dk\/wp-json\/wp\/v2\/product\/29040","targetHints":{"allow":["GET"]}}],"collection":[{"href":"https:\/\/xenonkungen.com\/dk\/wp-json\/wp\/v2\/product"}],"about":[{"href":"https:\/\/xenonkungen.com\/dk\/wp-json\/wp\/v2\/types\/product"}],"replies":[{"embeddable":true,"href":"https:\/\/xenonkungen.com\/dk\/wp-json\/wp\/v2\/comments?post=29040"}],"wp:featuredmedia":[{"embeddable":true,"href":"https:\/\/xenonkungen.com\/dk\/wp-json\/wp\/v2\/media\/29041"}],"wp:attachment":[{"href":"https:\/\/xenonkungen.com\/dk\/wp-json\/wp\/v2\/media?parent=29040"}],"wp:term":[{"taxonomy":"anvandningsomrade","embeddable":true,"href":"https:\/\/xenonkungen.com\/dk\/wp-json\/wp\/v2\/anvandningsomrade?post=29040"},{"taxonomy":"bilmarken","embeddable":true,"href":"https:\/\/xenonkungen.com\/dk\/wp-json\/wp\/v2\/bilmarken?post=29040"},{"taxonomy":"product_brand","embeddable":true,"href":"https:\/\/xenonkungen.com\/dk\/wp-json\/wp\/v2\/product_brand?post=29040"},{"taxonomy":"product_cat","embeddable":true,"href":"https:\/\/xenonkungen.com\/dk\/wp-json\/wp\/v2\/product_cat?post=29040"},{"taxonomy":"product_tag","embeddable":true,"href":"https:\/\/xenonkungen.com\/dk\/wp-json\/wp\/v2\/product_tag?post=29040"}],"curies":[{"name":"wp","href":"https:\/\/api.w.org\/{rel}","templated":true}]}}