{"id":2927,"date":"2025-04-15T08:45:40","date_gmt":"2025-04-15T08:45:40","guid":{"rendered":"https:\/\/xenonkungen.com\/product\/luxtar-q1-led-9006\/"},"modified":"2026-04-24T16:47:08","modified_gmt":"2026-04-24T15:47:08","slug":"luxtar-q1-led-9006","status":"publish","type":"product","link":"https:\/\/xenonkungen.com\/dk\/vare\/luxtar-q1-led-9006\/","title":{"rendered":"LUXTAR\u00ae Q1 LED 9006"},"content":{"rendered":"<p><strong>Perfekt til b\u00e5de motorcykel og bil. <\/strong><\/p>\n<p>Luxtar Q1 LED er en ny serie af LED-konverteringslamper, der erstatter halogenlampen og giver op til 300% mere lys p\u00e5 vejen sammenlignet med en traditionel 55W halogenlampe.<\/p>\n<p>Luxtar Q1 kr\u00e6ver ikke en separat modstand som de fleste andre modeller p\u00e5 markedet, og det g\u00f8r det muligt at LED-konvertere motorcykler, scootere og ATV'er, der tidligere havde problemer med at f\u00e5 plads til den ekstra modstand. <\/p>\n<p>Luxtar Q1 LED er velegnet til b\u00e5de fjernlys, n\u00e6rlys og t\u00e5gelys, men v\u00e6r opm\u00e6rksom p\u00e5, at den ikke er godkendt eller lovlig.<\/p>\n<p><strong>Godt at vide<\/strong><br \/>Ikke polaritetsf\u00f8lsom (plus\/minus).<br \/>Klassificeret til IP65, hvilket betyder st\u00f8vt\u00e6t og vandafvisende til det punkt, hvor den kan modst\u00e5 rindende vand.<br \/>Q1-serien har en effekt p\u00e5 20-25W og er ikke kompatibel med k\u00f8ret\u00f8jer, der er udstyret med canbus-systemer\/lygteoverv\u00e5gning, og effekten skal svare til den originale lampe (55W) for ikke at give en forkert indikation. <br \/>Luxtar Q1 LED passer til flere k\u00f8ret\u00f8jer med 9006-fatninger, s\u00e5som traktorer, autocampere og lastbiler.<\/p>\n<p><strong>Indhold i leveringen:<\/strong><br \/>1 Luxtar Q1 LED-lampe 9006 (HB4)<\/p>\n<p><strong>Funktionel garanti:<\/strong> 1 \u00e5r<\/p>","protected":false},"excerpt":{"rendered":"<p>LUXTAR\u00ae Q1 er en ny serie af LED-lamper med Plug-n-Play-installation, der erstatter den eksisterende halogenlampe i fjernlys, n\u00e6rlys eller t\u00e5gelys.<br \/>\n<b>Lysstyrke +300%<\/b><br \/>\n\u00d8ger lysstyrken med op til 300% i forhold til en standard 55W halogenlampe.<br \/>\n<b>Anvendelsesomr\u00e5der<\/b><br \/>\nMotorcykel, bil, autocamper, traktorer, ATV<br \/>\n<b>Indhold i leveringen<\/b><br \/>\n1. LUXTAR\u00ae Q1 LED HB4 \/ 9006<\/p>","protected":false},"featured_media":2928,"comment_status":"closed","ping_status":"open","template":"","meta":{"_acf_changed":false,"_smort_price_nok":"347","_smort_price_dkk":"221","_smort_price_eur":"29.54","_smort_sale_price_nok":"","_smort_sale_price_dkk":"","_smort_sale_price_eur":"","smort_restorder":"","shipmondo_restorder":"","_kad_blocks_custom_css":"","_kad_blocks_head_custom_js":"","_kad_blocks_body_custom_js":"","_kad_blocks_footer_custom_js":"","smort_custom_pricelist_1":"208","smort_custom_pricelist_2":"182","smort_custom_pricelist_3":"172.9","smort_custom_pricelist_4":"260","smort_custom_pricelist_5":"182"},"anvandningsomrade":[398],"bilmarken":[],"product_brand":[103],"product_cat":[2826,733],"product_tag":[],"class_list":{"0":"post-2927","1":"product","2":"type-product","3":"status-publish","4":"has-post-thumbnail","6":"anvandningsomrade-motorcykel","7":"product_brand-luxtar","8":"product_cat-luxtar","9":"product_cat-halvljus-helljus","10":"pa_fargtemperatur-6500k","11":"pa_fuktskydd-varde-ipxx-ip65","12":"pa_lampsockel-kontakt-9006-hb4","13":"pa_volt-v-12-24","15":"first","16":"instock","17":"taxable","18":"shipping-taxable","19":"purchasable","20":"product-type-simple"},"bundled_by":[],"bundle_stock_status":"instock","bundle_stock_quantity":85,"bundle_virtual":false,"bundle_layout":"","bundle_add_to_cart_form_location":"","bundle_editable_in_cart":false,"bundle_sold_individually_context":"","bundle_item_grouping":"","bundle_min_size":"","bundle_max_size":"","bundle_price":[],"bundled_items":[],"bundle_sell_ids":[],"acf":[],"yoast_head":"<!-- This site is optimized with the Yoast SEO plugin v27.0 - https:\/\/yoast.com\/product\/yoast-seo-wordpress\/ -->\n<title>LUXTAR\u00ae Q1 LED 9006 - Xenonkungen<\/title>\n<meta name=\"robots\" content=\"index, follow, max-snippet:-1, max-image-preview:large, max-video-preview:-1\" \/>\n<link rel=\"canonical\" href=\"https:\/\/xenonkungen.com\/dk\/vare\/luxtar-q1-led-9006\/\" \/>\n<meta property=\"og:locale\" content=\"da_DK\" \/>\n<meta property=\"og:type\" content=\"article\" \/>\n<meta property=\"og:title\" content=\"LUXTAR\u00ae Q1 LED 9006 - Xenonkungen\" \/>\n<meta property=\"og:description\" content=\"LUXTAR\u00ae Q1 \u00e4r ny serie LED lampor med en Plug-n-Play installation ers\u00e4tter befintlig halogen lampa i helljus, halvljus eller dimljus. Ljusstyrka +300% \u00d6kar ljusstyrkan med upp till 300% mot en standard 55W halogenlampa. Anv\u00e4ndningsomr\u00e5den MC, bil, husbil, traktorer, ATV Leveransinneh\u00e5ll 1st LUXTAR\u00ae Q1 LED HB4 \/ 9006\" \/>\n<meta property=\"og:url\" content=\"https:\/\/xenonkungen.com\/dk\/vare\/luxtar-q1-led-9006\/\" \/>\n<meta property=\"og:site_name\" content=\"Xenonkungen\" \/>\n<meta property=\"article:modified_time\" content=\"2026-04-24T15:47:08+00:00\" \/>\n<meta property=\"og:image\" content=\"https:\/\/xenonkungen.com\/wp-content\/uploads\/2025\/04\/172551533-origpic-d7ed56.png\" \/>\n\t<meta property=\"og:image:width\" content=\"1000\" \/>\n\t<meta property=\"og:image:height\" content=\"1000\" \/>\n\t<meta property=\"og:image:type\" content=\"image\/png\" \/>\n<meta name=\"twitter:card\" content=\"summary_large_image\" \/>\n<meta name=\"twitter:label1\" content=\"Estimeret l\u00e6setid\" \/>\n\t<meta name=\"twitter:data1\" content=\"1 minut\" \/>\n<script type=\"application\/ld+json\" class=\"yoast-schema-graph\">{\"@context\":\"https:\/\/schema.org\",\"@graph\":[{\"@type\":\"WebPage\",\"@id\":\"https:\/\/xenonkungen.com\/produkt\/luxtar-q1-led-9006\/\",\"url\":\"https:\/\/xenonkungen.com\/produkt\/luxtar-q1-led-9006\/\",\"name\":\"LUXTAR\u00ae Q1 LED 9006 - Xenonkungen\",\"isPartOf\":{\"@id\":\"https:\/\/xenonkungen.com\/#website\"},\"primaryImageOfPage\":{\"@id\":\"https:\/\/xenonkungen.com\/produkt\/luxtar-q1-led-9006\/#primaryimage\"},\"image\":{\"@id\":\"https:\/\/xenonkungen.com\/produkt\/luxtar-q1-led-9006\/#primaryimage\"},\"thumbnailUrl\":\"https:\/\/xenonkungen.com\/wp-content\/uploads\/2025\/04\/172551533-origpic-d7ed56.png\",\"datePublished\":\"2025-04-15T08:45:40+00:00\",\"dateModified\":\"2026-04-24T15:47:08+00:00\",\"breadcrumb\":{\"@id\":\"https:\/\/xenonkungen.com\/produkt\/luxtar-q1-led-9006\/#breadcrumb\"},\"inLanguage\":\"da-DK\",\"potentialAction\":[{\"@type\":\"ReadAction\",\"target\":[\"https:\/\/xenonkungen.com\/produkt\/luxtar-q1-led-9006\/\"]}]},{\"@type\":\"ImageObject\",\"inLanguage\":\"da-DK\",\"@id\":\"https:\/\/xenonkungen.com\/produkt\/luxtar-q1-led-9006\/#primaryimage\",\"url\":\"https:\/\/xenonkungen.com\/wp-content\/uploads\/2025\/04\/172551533-origpic-d7ed56.png\",\"contentUrl\":\"https:\/\/xenonkungen.com\/wp-content\/uploads\/2025\/04\/172551533-origpic-d7ed56.png\",\"width\":1000,\"height\":1000},{\"@type\":\"BreadcrumbList\",\"@id\":\"https:\/\/xenonkungen.com\/produkt\/luxtar-q1-led-9006\/#breadcrumb\",\"itemListElement\":[{\"@type\":\"ListItem\",\"position\":1,\"name\":\"Hem\",\"item\":\"https:\/\/xenonkungen.com\/\"},{\"@type\":\"ListItem\",\"position\":2,\"name\":\"Shop\",\"item\":\"https:\/\/xenonkungen.com\/shop\/\"},{\"@type\":\"ListItem\",\"position\":3,\"name\":\"LUXTAR\u00ae Q1 LED 9006\"}]},{\"@type\":\"WebSite\",\"@id\":\"https:\/\/xenonkungen.com\/#website\",\"url\":\"https:\/\/xenonkungen.com\/\",\"name\":\"Xenonkungen\",\"description\":\"\",\"potentialAction\":[{\"@type\":\"SearchAction\",\"target\":{\"@type\":\"EntryPoint\",\"urlTemplate\":\"https:\/\/xenonkungen.com\/?s={search_term_string}\"},\"query-input\":{\"@type\":\"PropertyValueSpecification\",\"valueRequired\":true,\"valueName\":\"search_term_string\"}}],\"inLanguage\":\"da-DK\"}]}<\/script>\n<!-- \/ Yoast SEO plugin. -->","yoast_head_json":{"title":"LUXTAR\u00ae Q1 LED 9006 - Xenon-kongen","robots":{"index":"index","follow":"follow","max-snippet":"max-snippet:-1","max-image-preview":"max-image-preview:large","max-video-preview":"max-video-preview:-1"},"canonical":"https:\/\/xenonkungen.com\/dk\/vare\/luxtar-q1-led-9006\/","og_locale":"da_DK","og_type":"article","og_title":"LUXTAR\u00ae Q1 LED 9006 - Xenonkungen","og_description":"LUXTAR\u00ae Q1 \u00e4r ny serie LED lampor med en Plug-n-Play installation ers\u00e4tter befintlig halogen lampa i helljus, halvljus eller dimljus. Ljusstyrka +300% \u00d6kar ljusstyrkan med upp till 300% mot en standard 55W halogenlampa. Anv\u00e4ndningsomr\u00e5den MC, bil, husbil, traktorer, ATV Leveransinneh\u00e5ll 1st LUXTAR\u00ae Q1 LED HB4 \/ 9006","og_url":"https:\/\/xenonkungen.com\/dk\/vare\/luxtar-q1-led-9006\/","og_site_name":"Xenonkungen","article_modified_time":"2026-04-24T15:47:08+00:00","og_image":[{"width":1000,"height":1000,"url":"https:\/\/xenonkungen.com\/wp-content\/uploads\/2025\/04\/172551533-origpic-d7ed56.png","type":"image\/png"}],"twitter_card":"summary_large_image","twitter_misc":{"Estimeret l\u00e6setid":"1 minut"},"schema":{"@context":"https:\/\/schema.org","@graph":[{"@type":"WebPage","@id":"https:\/\/xenonkungen.com\/produkt\/luxtar-q1-led-9006\/","url":"https:\/\/xenonkungen.com\/produkt\/luxtar-q1-led-9006\/","name":"LUXTAR\u00ae Q1 LED 9006 - Xenon-kongen","isPartOf":{"@id":"https:\/\/xenonkungen.com\/#website"},"primaryImageOfPage":{"@id":"https:\/\/xenonkungen.com\/produkt\/luxtar-q1-led-9006\/#primaryimage"},"image":{"@id":"https:\/\/xenonkungen.com\/produkt\/luxtar-q1-led-9006\/#primaryimage"},"thumbnailUrl":"https:\/\/xenonkungen.com\/wp-content\/uploads\/2025\/04\/172551533-origpic-d7ed56.png","datePublished":"2025-04-15T08:45:40+00:00","dateModified":"2026-04-24T15:47:08+00:00","breadcrumb":{"@id":"https:\/\/xenonkungen.com\/produkt\/luxtar-q1-led-9006\/#breadcrumb"},"inLanguage":"da-DK","potentialAction":[{"@type":"ReadAction","target":["https:\/\/xenonkungen.com\/produkt\/luxtar-q1-led-9006\/"]}]},{"@type":"ImageObject","inLanguage":"da-DK","@id":"https:\/\/xenonkungen.com\/produkt\/luxtar-q1-led-9006\/#primaryimage","url":"https:\/\/xenonkungen.com\/wp-content\/uploads\/2025\/04\/172551533-origpic-d7ed56.png","contentUrl":"https:\/\/xenonkungen.com\/wp-content\/uploads\/2025\/04\/172551533-origpic-d7ed56.png","width":1000,"height":1000},{"@type":"BreadcrumbList","@id":"https:\/\/xenonkungen.com\/produkt\/luxtar-q1-led-9006\/#breadcrumb","itemListElement":[{"@type":"ListItem","position":1,"name":"Hem","item":"https:\/\/xenonkungen.com\/"},{"@type":"ListItem","position":2,"name":"Shop","item":"https:\/\/xenonkungen.com\/shop\/"},{"@type":"ListItem","position":3,"name":"LUXTAR\u00ae Q1 LED 9006"}]},{"@type":"WebSite","@id":"https:\/\/xenonkungen.com\/#website","url":"https:\/\/xenonkungen.com\/","name":"Xenonkungen","description":"","potentialAction":[{"@type":"SearchAction","target":{"@type":"EntryPoint","urlTemplate":"https:\/\/xenonkungen.com\/?s={search_term_string}"},"query-input":{"@type":"PropertyValueSpecification","valueRequired":true,"valueName":"search_term_string"}}],"inLanguage":"da-DK"}]}},"taxonomy_info":{"anvandningsomrade":[{"value":398,"label":"Motorcykel"}],"product_brand":[{"value":103,"label":"LUXTAR"}],"product_cat":[{"value":2826,"label":"LUXTAR"},{"value":733,"label":"Halvljus \/ Helljus"}],"pa_fargtemperatur":[{"value":353,"label":"6500K"}],"pa_fuktskydd-varde-ipxx":[{"value":520,"label":"IP65"}],"pa_lampsockel-kontakt":[{"value":326,"label":"9006 , HB4"}],"pa_volt-v":[{"value":348,"label":"12, 24"}]},"featured_image_src_large":["https:\/\/xenonkungen.com\/wp-content\/uploads\/2025\/04\/172551533-origpic-d7ed56.png",1000,1000,false],"author_info":[],"comment_info":0,"_links":{"self":[{"href":"https:\/\/xenonkungen.com\/dk\/wp-json\/wp\/v2\/product\/2927","targetHints":{"allow":["GET"]}}],"collection":[{"href":"https:\/\/xenonkungen.com\/dk\/wp-json\/wp\/v2\/product"}],"about":[{"href":"https:\/\/xenonkungen.com\/dk\/wp-json\/wp\/v2\/types\/product"}],"replies":[{"embeddable":true,"href":"https:\/\/xenonkungen.com\/dk\/wp-json\/wp\/v2\/comments?post=2927"}],"wp:featuredmedia":[{"embeddable":true,"href":"https:\/\/xenonkungen.com\/dk\/wp-json\/wp\/v2\/media\/2928"}],"wp:attachment":[{"href":"https:\/\/xenonkungen.com\/dk\/wp-json\/wp\/v2\/media?parent=2927"}],"wp:term":[{"taxonomy":"anvandningsomrade","embeddable":true,"href":"https:\/\/xenonkungen.com\/dk\/wp-json\/wp\/v2\/anvandningsomrade?post=2927"},{"taxonomy":"bilmarken","embeddable":true,"href":"https:\/\/xenonkungen.com\/dk\/wp-json\/wp\/v2\/bilmarken?post=2927"},{"taxonomy":"product_brand","embeddable":true,"href":"https:\/\/xenonkungen.com\/dk\/wp-json\/wp\/v2\/product_brand?post=2927"},{"taxonomy":"product_cat","embeddable":true,"href":"https:\/\/xenonkungen.com\/dk\/wp-json\/wp\/v2\/product_cat?post=2927"},{"taxonomy":"product_tag","embeddable":true,"href":"https:\/\/xenonkungen.com\/dk\/wp-json\/wp\/v2\/product_tag?post=2927"}],"curies":[{"name":"wp","href":"https:\/\/api.w.org\/{rel}","templated":true}]}}