{"id":2980,"date":"2025-04-15T08:46:43","date_gmt":"2025-04-15T08:46:43","guid":{"rendered":"https:\/\/xenonkungen.com\/product\/luxtar-hero-h1\/"},"modified":"2026-04-02T12:29:57","modified_gmt":"2026-04-02T11:29:57","slug":"luxtar-hero-h1","status":"publish","type":"product","link":"https:\/\/xenonkungen.com\/dk\/vare\/luxtar-hero-h1\/","title":{"rendered":"Luxtar HERO H1"},"content":{"rendered":"<h2>Luxtar HERO<\/h2>\n<p>Her er den s\u00e5, den helt nye Luxtar HERO H1. Dette er den lyseste LED-konverterp\u00e6re, vi nogensinde har testet. Med en lysstyrke p\u00e5 4400 lumen (bekr\u00e6ftet) giver den cirka 4 gange s\u00e5 meget lys som den halogenp\u00e6re, den erstatter. Dette hj\u00e6lper b\u00e5de dig og dine medtrafikanter med synlighed, n\u00e5r I er ude at k\u00f8re.<\/p>\n<p>Denne ekstremt lyse lampe er bedst egnet til fjernlys. Men hvis du vil have virkelig forst\u00e6rket lys i n\u00e6rlys eller t\u00e5gelys, fungerer den lige s\u00e5 godt der.<\/p>\n<p>Lampen bruger 58 W, n\u00e5r den k\u00f8rer, hvilket g\u00f8r den Canbus-sikker til de fleste biler og lastbiler!<\/p>\n<p>Med i alt 8800 faktiske lumen kommer du p\u00e5 ingen m\u00e5de til at mangle lys.<\/p>\n<p><strong>V\u00e6gt: <\/strong>30g<br \/>\n<strong>Dimensioner:<br \/>\n<\/strong>Samlet l\u00e6ngde: 74 mm<br \/>\nM\u00e5l fra stikkontakt: 31 mm<br \/>\nVentilatorbredde: 36 mm<br \/>\nBredde p\u00e5 lampehus: 13,8 mm<br \/>\n<strong>Garanti:<\/strong>2 \u00e5r<\/p>","protected":false},"excerpt":{"rendered":"<p>Den mest lysst\u00e6rke lampe nogensinde til konvertering af halogen til LED!<\/p>\n<p>Lampeh\u00e6tte: H1<\/p>","protected":false},"featured_media":2981,"comment_status":"closed","ping_status":"closed","template":"","meta":{"_acf_changed":false,"_smort_price_nok":"1490","_smort_price_dkk":"947","_smort_price_eur":"126.81","_smort_sale_price_nok":"","_smort_sale_price_dkk":"","_smort_sale_price_eur":"","smort_restorder":"","shipmondo_restorder":"","_kad_blocks_custom_css":"","_kad_blocks_head_custom_js":"","_kad_blocks_body_custom_js":"","_kad_blocks_footer_custom_js":"","smort_custom_pricelist_1":"892.8","smort_custom_pricelist_2":"669.6","smort_custom_pricelist_3":"613.8","smort_custom_pricelist_4":"1116","smort_custom_pricelist_5":"669.6"},"anvandningsomrade":[],"bilmarken":[],"product_brand":[103],"product_cat":[2451,2826,2825,733],"product_tag":[],"class_list":{"0":"post-2980","1":"product","2":"type-product","3":"status-publish","4":"has-post-thumbnail","6":"product_brand-luxtar","7":"product_cat-led-konvertering","8":"product_cat-luxtar","9":"product_cat-luxtar-lampor-konvertering","10":"product_cat-halvljus-helljus","11":"pa_faktisk-effekts-forbrukning-58w","12":"pa_fargtemperatur-6000k","13":"pa_fuktskydd-varde-ipxx-ip67","14":"pa_godkannande-ce-rohs","15":"pa_lampsockel-kontakt-h1","16":"pa_storlek-mm-matt-total-langd-74mm-matt-fran-fattning-31mm-bredd-flakt-36mm-bredd-lampkropp-13-8mm","17":"pa_volt-v-12-24","19":"first","20":"instock","21":"taxable","22":"shipping-taxable","23":"purchasable","24":"product-type-simple"},"bundled_by":[],"bundle_stock_status":"instock","bundle_stock_quantity":107,"bundle_virtual":false,"bundle_layout":"","bundle_add_to_cart_form_location":"","bundle_editable_in_cart":false,"bundle_sold_individually_context":"","bundle_item_grouping":"","bundle_min_size":"","bundle_max_size":"","bundle_price":[],"bundled_items":[],"bundle_sell_ids":[],"acf":[],"yoast_head":"<!-- This site is optimized with the Yoast SEO plugin v27.0 - https:\/\/yoast.com\/product\/yoast-seo-wordpress\/ -->\n<title>Luxtar HERO H1 - Xenonkungen<\/title>\n<meta name=\"robots\" content=\"index, follow, max-snippet:-1, max-image-preview:large, max-video-preview:-1\" \/>\n<link rel=\"canonical\" href=\"https:\/\/xenonkungen.com\/dk\/vare\/luxtar-hero-h1\/\" \/>\n<meta property=\"og:locale\" content=\"da_DK\" \/>\n<meta property=\"og:type\" content=\"article\" \/>\n<meta property=\"og:title\" content=\"Luxtar HERO H1 - Xenonkungen\" \/>\n<meta property=\"og:description\" content=\"Den starkaste lampan n\u00e5gonsin f\u00f6r konvertering av Halogen till LED!  Lampsockel: H1\" \/>\n<meta property=\"og:url\" content=\"https:\/\/xenonkungen.com\/dk\/vare\/luxtar-hero-h1\/\" \/>\n<meta property=\"og:site_name\" content=\"Xenonkungen\" \/>\n<meta property=\"article:modified_time\" content=\"2026-04-02T11:29:57+00:00\" \/>\n<meta property=\"og:image\" content=\"https:\/\/xenonkungen.com\/wp-content\/uploads\/2025\/04\/217027201-origpic-4ae529.png\" \/>\n\t<meta property=\"og:image:width\" content=\"1062\" \/>\n\t<meta property=\"og:image:height\" content=\"1000\" \/>\n\t<meta property=\"og:image:type\" content=\"image\/png\" \/>\n<meta name=\"twitter:card\" content=\"summary_large_image\" \/>\n<meta name=\"twitter:label1\" content=\"Estimeret l\u00e6setid\" \/>\n\t<meta name=\"twitter:data1\" content=\"1 minut\" \/>\n<script type=\"application\/ld+json\" class=\"yoast-schema-graph\">{\"@context\":\"https:\/\/schema.org\",\"@graph\":[{\"@type\":\"WebPage\",\"@id\":\"https:\/\/xenonkungen.com\/produkt\/luxtar-hero-h1\/\",\"url\":\"https:\/\/xenonkungen.com\/produkt\/luxtar-hero-h1\/\",\"name\":\"Luxtar HERO H1 - Xenonkungen\",\"isPartOf\":{\"@id\":\"https:\/\/xenonkungen.com\/#website\"},\"primaryImageOfPage\":{\"@id\":\"https:\/\/xenonkungen.com\/produkt\/luxtar-hero-h1\/#primaryimage\"},\"image\":{\"@id\":\"https:\/\/xenonkungen.com\/produkt\/luxtar-hero-h1\/#primaryimage\"},\"thumbnailUrl\":\"https:\/\/xenonkungen.com\/wp-content\/uploads\/2025\/04\/217027201-origpic-4ae529.png\",\"datePublished\":\"2025-04-15T08:46:43+00:00\",\"dateModified\":\"2026-04-02T11:29:57+00:00\",\"breadcrumb\":{\"@id\":\"https:\/\/xenonkungen.com\/produkt\/luxtar-hero-h1\/#breadcrumb\"},\"inLanguage\":\"da-DK\",\"potentialAction\":[{\"@type\":\"ReadAction\",\"target\":[\"https:\/\/xenonkungen.com\/produkt\/luxtar-hero-h1\/\"]}]},{\"@type\":\"ImageObject\",\"inLanguage\":\"da-DK\",\"@id\":\"https:\/\/xenonkungen.com\/produkt\/luxtar-hero-h1\/#primaryimage\",\"url\":\"https:\/\/xenonkungen.com\/wp-content\/uploads\/2025\/04\/217027201-origpic-4ae529.png\",\"contentUrl\":\"https:\/\/xenonkungen.com\/wp-content\/uploads\/2025\/04\/217027201-origpic-4ae529.png\",\"width\":1062,\"height\":1000},{\"@type\":\"BreadcrumbList\",\"@id\":\"https:\/\/xenonkungen.com\/produkt\/luxtar-hero-h1\/#breadcrumb\",\"itemListElement\":[{\"@type\":\"ListItem\",\"position\":1,\"name\":\"Hem\",\"item\":\"https:\/\/xenonkungen.com\/\"},{\"@type\":\"ListItem\",\"position\":2,\"name\":\"Shop\",\"item\":\"https:\/\/xenonkungen.com\/shop\/\"},{\"@type\":\"ListItem\",\"position\":3,\"name\":\"Luxtar HERO H1\"}]},{\"@type\":\"WebSite\",\"@id\":\"https:\/\/xenonkungen.com\/#website\",\"url\":\"https:\/\/xenonkungen.com\/\",\"name\":\"Xenonkungen\",\"description\":\"\",\"potentialAction\":[{\"@type\":\"SearchAction\",\"target\":{\"@type\":\"EntryPoint\",\"urlTemplate\":\"https:\/\/xenonkungen.com\/?s={search_term_string}\"},\"query-input\":{\"@type\":\"PropertyValueSpecification\",\"valueRequired\":true,\"valueName\":\"search_term_string\"}}],\"inLanguage\":\"da-DK\"}]}<\/script>\n<!-- \/ Yoast SEO plugin. -->","yoast_head_json":{"title":"Luxtar HERO H1 - Xenon-kongen","robots":{"index":"index","follow":"follow","max-snippet":"max-snippet:-1","max-image-preview":"max-image-preview:large","max-video-preview":"max-video-preview:-1"},"canonical":"https:\/\/xenonkungen.com\/dk\/vare\/luxtar-hero-h1\/","og_locale":"da_DK","og_type":"article","og_title":"Luxtar HERO H1 - Xenonkungen","og_description":"Den starkaste lampan n\u00e5gonsin f\u00f6r konvertering av Halogen till LED!  Lampsockel: H1","og_url":"https:\/\/xenonkungen.com\/dk\/vare\/luxtar-hero-h1\/","og_site_name":"Xenonkungen","article_modified_time":"2026-04-02T11:29:57+00:00","og_image":[{"width":1062,"height":1000,"url":"https:\/\/xenonkungen.com\/wp-content\/uploads\/2025\/04\/217027201-origpic-4ae529.png","type":"image\/png"}],"twitter_card":"summary_large_image","twitter_misc":{"Estimeret l\u00e6setid":"1 minut"},"schema":{"@context":"https:\/\/schema.org","@graph":[{"@type":"WebPage","@id":"https:\/\/xenonkungen.com\/produkt\/luxtar-hero-h1\/","url":"https:\/\/xenonkungen.com\/produkt\/luxtar-hero-h1\/","name":"Luxtar HERO H1 - Xenon-kongen","isPartOf":{"@id":"https:\/\/xenonkungen.com\/#website"},"primaryImageOfPage":{"@id":"https:\/\/xenonkungen.com\/produkt\/luxtar-hero-h1\/#primaryimage"},"image":{"@id":"https:\/\/xenonkungen.com\/produkt\/luxtar-hero-h1\/#primaryimage"},"thumbnailUrl":"https:\/\/xenonkungen.com\/wp-content\/uploads\/2025\/04\/217027201-origpic-4ae529.png","datePublished":"2025-04-15T08:46:43+00:00","dateModified":"2026-04-02T11:29:57+00:00","breadcrumb":{"@id":"https:\/\/xenonkungen.com\/produkt\/luxtar-hero-h1\/#breadcrumb"},"inLanguage":"da-DK","potentialAction":[{"@type":"ReadAction","target":["https:\/\/xenonkungen.com\/produkt\/luxtar-hero-h1\/"]}]},{"@type":"ImageObject","inLanguage":"da-DK","@id":"https:\/\/xenonkungen.com\/produkt\/luxtar-hero-h1\/#primaryimage","url":"https:\/\/xenonkungen.com\/wp-content\/uploads\/2025\/04\/217027201-origpic-4ae529.png","contentUrl":"https:\/\/xenonkungen.com\/wp-content\/uploads\/2025\/04\/217027201-origpic-4ae529.png","width":1062,"height":1000},{"@type":"BreadcrumbList","@id":"https:\/\/xenonkungen.com\/produkt\/luxtar-hero-h1\/#breadcrumb","itemListElement":[{"@type":"ListItem","position":1,"name":"Hem","item":"https:\/\/xenonkungen.com\/"},{"@type":"ListItem","position":2,"name":"Shop","item":"https:\/\/xenonkungen.com\/shop\/"},{"@type":"ListItem","position":3,"name":"Luxtar HERO H1"}]},{"@type":"WebSite","@id":"https:\/\/xenonkungen.com\/#website","url":"https:\/\/xenonkungen.com\/","name":"Xenonkungen","description":"","potentialAction":[{"@type":"SearchAction","target":{"@type":"EntryPoint","urlTemplate":"https:\/\/xenonkungen.com\/?s={search_term_string}"},"query-input":{"@type":"PropertyValueSpecification","valueRequired":true,"valueName":"search_term_string"}}],"inLanguage":"da-DK"}]}},"taxonomy_info":{"product_brand":[{"value":103,"label":"LUXTAR"}],"product_cat":[{"value":2451,"label":"Led-konvertering"},{"value":2826,"label":"LUXTAR"},{"value":2825,"label":"Luxtar - Lampor &amp; Konvertering"},{"value":733,"label":"Halvljus \/ Helljus"}],"pa_faktisk-effekts-forbrukning":[{"value":977,"label":"58W"}],"pa_fargtemperatur":[{"value":188,"label":"6000K"}],"pa_fuktskydd-varde-ipxx":[{"value":333,"label":"IP67"}],"pa_godkannande":[{"value":337,"label":"CE, RoHS"}],"pa_lampsockel-kontakt":[{"value":336,"label":"H1"}],"pa_storlek-mm":[{"value":976,"label":"M\u00e5tt: Total l\u00e4ngd: 74mm M\u00e5tt fr\u00e5n fattning: 31mm Bredd fl\u00e4kt: 36mm Bredd lampkropp: 13.8mm"}],"pa_volt-v":[{"value":348,"label":"12, 24"}]},"featured_image_src_large":["https:\/\/xenonkungen.com\/wp-content\/uploads\/2025\/04\/217027201-origpic-4ae529-1024x964.png",1024,964,true],"author_info":[],"comment_info":5,"_links":{"self":[{"href":"https:\/\/xenonkungen.com\/dk\/wp-json\/wp\/v2\/product\/2980","targetHints":{"allow":["GET"]}}],"collection":[{"href":"https:\/\/xenonkungen.com\/dk\/wp-json\/wp\/v2\/product"}],"about":[{"href":"https:\/\/xenonkungen.com\/dk\/wp-json\/wp\/v2\/types\/product"}],"replies":[{"embeddable":true,"href":"https:\/\/xenonkungen.com\/dk\/wp-json\/wp\/v2\/comments?post=2980"}],"wp:featuredmedia":[{"embeddable":true,"href":"https:\/\/xenonkungen.com\/dk\/wp-json\/wp\/v2\/media\/2981"}],"wp:attachment":[{"href":"https:\/\/xenonkungen.com\/dk\/wp-json\/wp\/v2\/media?parent=2980"}],"wp:term":[{"taxonomy":"anvandningsomrade","embeddable":true,"href":"https:\/\/xenonkungen.com\/dk\/wp-json\/wp\/v2\/anvandningsomrade?post=2980"},{"taxonomy":"bilmarken","embeddable":true,"href":"https:\/\/xenonkungen.com\/dk\/wp-json\/wp\/v2\/bilmarken?post=2980"},{"taxonomy":"product_brand","embeddable":true,"href":"https:\/\/xenonkungen.com\/dk\/wp-json\/wp\/v2\/product_brand?post=2980"},{"taxonomy":"product_cat","embeddable":true,"href":"https:\/\/xenonkungen.com\/dk\/wp-json\/wp\/v2\/product_cat?post=2980"},{"taxonomy":"product_tag","embeddable":true,"href":"https:\/\/xenonkungen.com\/dk\/wp-json\/wp\/v2\/product_tag?post=2980"}],"curies":[{"name":"wp","href":"https:\/\/api.w.org\/{rel}","templated":true}]}}