{"id":3159,"date":"2025-04-15T08:49:55","date_gmt":"2025-04-15T08:49:55","guid":{"rendered":"https:\/\/xenonkungen.com\/product\/briodlights-arbetslampa-med-varningsljus-157-mm-1727-lm\/"},"modified":"2026-04-11T00:02:56","modified_gmt":"2026-04-10T23:02:56","slug":"briodlights-arbejdslampe-med-advarselslampe-157-mm-1727-lm","status":"publish","type":"product","link":"https:\/\/xenonkungen.com\/dk\/vare\/briodlights-arbejdslampe-med-advarselslampe-157-mm-1727-lm\/","title":{"rendered":"BriodLights Arbejdslampe med advarselslys 157 mm 1727 lm"},"content":{"rendered":"<h1>BriodLights arbejdslampe med advarselslampe \u2013 kraftfuld, slank og p\u00e5lidelig<\/h1>\n<p>Maksimer begge <strong>synlighed og sikkerhed<\/strong> med <strong>BriodLights Arbejdslampe med Advarselslampe<\/strong> \u2013 en <strong>kompakt og kraftfuld<\/strong> belysningsl\u00f8sning, der kombinerer <strong>intensivt arbejdslys<\/strong> med en <strong>klar advarselsfunktion<\/strong>Perfekt til <strong>byggepladser, servicebiler og andre milj\u00f8er, hvor udsyn er afg\u00f8rende<\/strong>.<\/p>\n<h2>Funktioner og fordele<\/h2>\n<ul>\n<li><strong>Dobbelt funktion<\/strong> \u2013 Oplys dit arbejdsomr\u00e5de, mens du advarer dine omgivelser.<\/li>\n<li><strong>H\u00f8j lysstyrke<\/strong> \u2013 Kraftigt og klart lys til arbejde i m\u00f8rke omgivelser.<\/li>\n<li><strong>Slankt og moderne design<\/strong> \u2013 Stilfuldt udseende, der passer til alle k\u00f8ret\u00f8jer.<\/li>\n<li><strong>Nem installation<\/strong> \u2013 Beslag i rustfrit st\u00e5l og gummipakning for stabil montering.<\/li>\n<\/ul>\n<h2>Bygget til barske milj\u00f8er<\/h2>\n<p>Uanset om du arbejder p\u00e5 vejen, i terr\u00e6net eller har brug for ekstra sikkerhed i kr\u00e6vende milj\u00f8er, leverer BriodLights. <strong>h\u00f8jeste ydeevne og p\u00e5lidelighed<\/strong>Med en <strong>holdbar konstruktion og brugervenlig montering<\/strong>, er dette den <strong>den ultimative arbejdslampe<\/strong> for dem, der har brug for begge dele <strong>effektivitet og sikkerhed<\/strong>.<\/p>","protected":false},"excerpt":{"rendered":"<p>BriodLights Arbetslampa med Varningsljus \u2013 Kraftfull, Slimmad &amp; P\u00e5litlig Maximera b\u00e5de sikt och s\u00e4kerhet med BriodLights Arbetslampa med Varningsljus \u2013 en kompakt och kraftfull belysningsl\u00f6sning som kombinerar intensivt arbetsljus med en tydlig varningsfunktion. Perfekt f\u00f6r byggarbetsplatser, servicefordon och andra milj\u00f6er d\u00e4r synlighet \u00e4r avg\u00f6rande. Funktioner &amp; F\u00f6rdelar Dubbelfunktion \u2013 Belys din arbetsyta samtidigt som du [&hellip;]<\/p>","protected":false},"featured_media":3160,"comment_status":"closed","ping_status":"closed","template":"","meta":{"_acf_changed":false,"_smort_price_nok":"1063","_smort_price_dkk":"675","_smort_price_eur":"90.45","_smort_sale_price_nok":"","_smort_sale_price_dkk":"","_smort_sale_price_eur":"","smort_restorder":"","shipmondo_restorder":"","_kad_blocks_custom_css":"","_kad_blocks_head_custom_js":"","_kad_blocks_body_custom_js":"","_kad_blocks_footer_custom_js":"","smort_custom_pricelist_1":"636.8","smort_custom_pricelist_2":"557.2","smort_custom_pricelist_3":"529.34","smort_custom_pricelist_4":"796","smort_custom_pricelist_5":"557.2"},"anvandningsomrade":[],"bilmarken":[],"product_brand":[92],"product_cat":[2479,508,1111,516,934],"product_tag":[2788],"class_list":{"0":"post-3159","1":"product","2":"type-product","3":"status-publish","4":"has-post-thumbnail","6":"product_brand-briodlights","7":"product_cat-backljus-backljus","8":"product_cat-arbetsbelysning","9":"product_cat-backlampa","10":"product_cat-backljus1","11":"product_cat-blixtljus","12":"product_tag-black-week-exclude","13":"pa_fargtemperatur-5700k","14":"pa_fuktskydd-varde-ipxx-ip69k","15":"pa_godkannande-r10-r65","16":"pa_lampsockel-kontakt-open-wire","17":"pa_led-chips-effekt-w-526","18":"pa_ljusbild-flood","19":"pa_storlek-mm-157x497x60","20":"pa_stromforbrukning-095a24v","21":"pa_stromforbrukning-186a12v","22":"pa_volt-v-multivolt-10-12-16-18-24-28-30","24":"first","25":"instock","26":"taxable","27":"shipping-taxable","28":"purchasable","29":"product-type-simple"},"bundled_by":[],"bundle_stock_status":"instock","bundle_stock_quantity":2,"bundle_virtual":false,"bundle_layout":"","bundle_add_to_cart_form_location":"","bundle_editable_in_cart":false,"bundle_sold_individually_context":"","bundle_item_grouping":"","bundle_min_size":"","bundle_max_size":"","bundle_price":[],"bundled_items":[],"bundle_sell_ids":[],"acf":[],"yoast_head":"<!-- This site is optimized with the Yoast SEO plugin v27.0 - https:\/\/yoast.com\/product\/yoast-seo-wordpress\/ -->\n<title>BriodLights Arbetslampa med varningsljus 157 mm 1727 lm - Xenonkungen<\/title>\n<meta name=\"robots\" content=\"index, follow, max-snippet:-1, max-image-preview:large, max-video-preview:-1\" \/>\n<link rel=\"canonical\" href=\"https:\/\/xenonkungen.com\/dk\/vare\/briodlights-arbejdslampe-med-advarselslampe-157-mm-1727-lm\/\" \/>\n<meta property=\"og:locale\" content=\"da_DK\" \/>\n<meta property=\"og:type\" content=\"article\" \/>\n<meta property=\"og:title\" content=\"BriodLights Arbetslampa med varningsljus 157 mm 1727 lm - Xenonkungen\" \/>\n<meta property=\"og:description\" content=\"BriodLights Arbetslampa med Varningsljus \u2013 Kraftfull, Slimmad &amp; P\u00e5litlig Maximera b\u00e5de sikt och s\u00e4kerhet med BriodLights Arbetslampa med Varningsljus \u2013 en kompakt och kraftfull belysningsl\u00f6sning som kombinerar intensivt arbetsljus med en tydlig varningsfunktion. Perfekt f\u00f6r byggarbetsplatser, servicefordon och andra milj\u00f6er d\u00e4r synlighet \u00e4r avg\u00f6rande. Funktioner &amp; F\u00f6rdelar Dubbelfunktion \u2013 Belys din arbetsyta samtidigt som du [&hellip;]\" \/>\n<meta property=\"og:url\" content=\"https:\/\/xenonkungen.com\/dk\/vare\/briodlights-arbejdslampe-med-advarselslampe-157-mm-1727-lm\/\" \/>\n<meta property=\"og:site_name\" content=\"Xenonkungen\" \/>\n<meta property=\"article:modified_time\" content=\"2026-04-10T23:02:56+00:00\" \/>\n<meta property=\"og:image\" content=\"https:\/\/xenonkungen.com\/wp-content\/uploads\/2025\/04\/15233_itemimage_2.jpg\" \/>\n\t<meta property=\"og:image:width\" content=\"2048\" \/>\n\t<meta property=\"og:image:height\" content=\"1536\" \/>\n\t<meta property=\"og:image:type\" content=\"image\/jpeg\" \/>\n<meta name=\"twitter:card\" content=\"summary_large_image\" \/>\n<meta name=\"twitter:label1\" content=\"Estimeret l\u00e6setid\" \/>\n\t<meta name=\"twitter:data1\" content=\"1 minut\" \/>\n<script type=\"application\/ld+json\" class=\"yoast-schema-graph\">{\"@context\":\"https:\/\/schema.org\",\"@graph\":[{\"@type\":\"WebPage\",\"@id\":\"https:\/\/xenonkungen.com\/produkt\/briodlights-arbetslampa-med-varningsljus-157-mm-1727-lm\/\",\"url\":\"https:\/\/xenonkungen.com\/produkt\/briodlights-arbetslampa-med-varningsljus-157-mm-1727-lm\/\",\"name\":\"BriodLights Arbetslampa med varningsljus 157 mm 1727 lm - Xenonkungen\",\"isPartOf\":{\"@id\":\"https:\/\/xenonkungen.com\/#website\"},\"primaryImageOfPage\":{\"@id\":\"https:\/\/xenonkungen.com\/produkt\/briodlights-arbetslampa-med-varningsljus-157-mm-1727-lm\/#primaryimage\"},\"image\":{\"@id\":\"https:\/\/xenonkungen.com\/produkt\/briodlights-arbetslampa-med-varningsljus-157-mm-1727-lm\/#primaryimage\"},\"thumbnailUrl\":\"https:\/\/xenonkungen.com\/wp-content\/uploads\/2025\/04\/15233_itemimage_2.jpg\",\"datePublished\":\"2025-04-15T08:49:55+00:00\",\"dateModified\":\"2026-04-10T23:02:56+00:00\",\"breadcrumb\":{\"@id\":\"https:\/\/xenonkungen.com\/produkt\/briodlights-arbetslampa-med-varningsljus-157-mm-1727-lm\/#breadcrumb\"},\"inLanguage\":\"da-DK\",\"potentialAction\":[{\"@type\":\"ReadAction\",\"target\":[\"https:\/\/xenonkungen.com\/produkt\/briodlights-arbetslampa-med-varningsljus-157-mm-1727-lm\/\"]}]},{\"@type\":\"ImageObject\",\"inLanguage\":\"da-DK\",\"@id\":\"https:\/\/xenonkungen.com\/produkt\/briodlights-arbetslampa-med-varningsljus-157-mm-1727-lm\/#primaryimage\",\"url\":\"https:\/\/xenonkungen.com\/wp-content\/uploads\/2025\/04\/15233_itemimage_2.jpg\",\"contentUrl\":\"https:\/\/xenonkungen.com\/wp-content\/uploads\/2025\/04\/15233_itemimage_2.jpg\",\"width\":2048,\"height\":1536},{\"@type\":\"BreadcrumbList\",\"@id\":\"https:\/\/xenonkungen.com\/produkt\/briodlights-arbetslampa-med-varningsljus-157-mm-1727-lm\/#breadcrumb\",\"itemListElement\":[{\"@type\":\"ListItem\",\"position\":1,\"name\":\"Hem\",\"item\":\"https:\/\/xenonkungen.com\/\"},{\"@type\":\"ListItem\",\"position\":2,\"name\":\"Shop\",\"item\":\"https:\/\/xenonkungen.com\/shop\/\"},{\"@type\":\"ListItem\",\"position\":3,\"name\":\"BriodLights Arbetslampa med varningsljus 157 mm 1727 lm\"}]},{\"@type\":\"WebSite\",\"@id\":\"https:\/\/xenonkungen.com\/#website\",\"url\":\"https:\/\/xenonkungen.com\/\",\"name\":\"Xenonkungen\",\"description\":\"\",\"potentialAction\":[{\"@type\":\"SearchAction\",\"target\":{\"@type\":\"EntryPoint\",\"urlTemplate\":\"https:\/\/xenonkungen.com\/?s={search_term_string}\"},\"query-input\":{\"@type\":\"PropertyValueSpecification\",\"valueRequired\":true,\"valueName\":\"search_term_string\"}}],\"inLanguage\":\"da-DK\"}]}<\/script>\n<!-- \/ Yoast SEO plugin. -->","yoast_head_json":{"title":"BriodLights Arbejdslampe med advarselslampe 157 mm 1727 lm - Xenonkungen","robots":{"index":"index","follow":"follow","max-snippet":"max-snippet:-1","max-image-preview":"max-image-preview:large","max-video-preview":"max-video-preview:-1"},"canonical":"https:\/\/xenonkungen.com\/dk\/vare\/briodlights-arbejdslampe-med-advarselslampe-157-mm-1727-lm\/","og_locale":"da_DK","og_type":"article","og_title":"BriodLights Arbetslampa med varningsljus 157 mm 1727 lm - Xenonkungen","og_description":"BriodLights Arbetslampa med Varningsljus \u2013 Kraftfull, Slimmad &amp; P\u00e5litlig Maximera b\u00e5de sikt och s\u00e4kerhet med BriodLights Arbetslampa med Varningsljus \u2013 en kompakt och kraftfull belysningsl\u00f6sning som kombinerar intensivt arbetsljus med en tydlig varningsfunktion. Perfekt f\u00f6r byggarbetsplatser, servicefordon och andra milj\u00f6er d\u00e4r synlighet \u00e4r avg\u00f6rande. Funktioner &amp; F\u00f6rdelar Dubbelfunktion \u2013 Belys din arbetsyta samtidigt som du [&hellip;]","og_url":"https:\/\/xenonkungen.com\/dk\/vare\/briodlights-arbejdslampe-med-advarselslampe-157-mm-1727-lm\/","og_site_name":"Xenonkungen","article_modified_time":"2026-04-10T23:02:56+00:00","og_image":[{"width":2048,"height":1536,"url":"https:\/\/xenonkungen.com\/wp-content\/uploads\/2025\/04\/15233_itemimage_2.jpg","type":"image\/jpeg"}],"twitter_card":"summary_large_image","twitter_misc":{"Estimeret l\u00e6setid":"1 minut"},"schema":{"@context":"https:\/\/schema.org","@graph":[{"@type":"WebPage","@id":"https:\/\/xenonkungen.com\/produkt\/briodlights-arbetslampa-med-varningsljus-157-mm-1727-lm\/","url":"https:\/\/xenonkungen.com\/produkt\/briodlights-arbetslampa-med-varningsljus-157-mm-1727-lm\/","name":"BriodLights Arbejdslampe med advarselslampe 157 mm 1727 lm - Xenonkungen","isPartOf":{"@id":"https:\/\/xenonkungen.com\/#website"},"primaryImageOfPage":{"@id":"https:\/\/xenonkungen.com\/produkt\/briodlights-arbetslampa-med-varningsljus-157-mm-1727-lm\/#primaryimage"},"image":{"@id":"https:\/\/xenonkungen.com\/produkt\/briodlights-arbetslampa-med-varningsljus-157-mm-1727-lm\/#primaryimage"},"thumbnailUrl":"https:\/\/xenonkungen.com\/wp-content\/uploads\/2025\/04\/15233_itemimage_2.jpg","datePublished":"2025-04-15T08:49:55+00:00","dateModified":"2026-04-10T23:02:56+00:00","breadcrumb":{"@id":"https:\/\/xenonkungen.com\/produkt\/briodlights-arbetslampa-med-varningsljus-157-mm-1727-lm\/#breadcrumb"},"inLanguage":"da-DK","potentialAction":[{"@type":"ReadAction","target":["https:\/\/xenonkungen.com\/produkt\/briodlights-arbetslampa-med-varningsljus-157-mm-1727-lm\/"]}]},{"@type":"ImageObject","inLanguage":"da-DK","@id":"https:\/\/xenonkungen.com\/produkt\/briodlights-arbetslampa-med-varningsljus-157-mm-1727-lm\/#primaryimage","url":"https:\/\/xenonkungen.com\/wp-content\/uploads\/2025\/04\/15233_itemimage_2.jpg","contentUrl":"https:\/\/xenonkungen.com\/wp-content\/uploads\/2025\/04\/15233_itemimage_2.jpg","width":2048,"height":1536},{"@type":"BreadcrumbList","@id":"https:\/\/xenonkungen.com\/produkt\/briodlights-arbetslampa-med-varningsljus-157-mm-1727-lm\/#breadcrumb","itemListElement":[{"@type":"ListItem","position":1,"name":"Hem","item":"https:\/\/xenonkungen.com\/"},{"@type":"ListItem","position":2,"name":"Shop","item":"https:\/\/xenonkungen.com\/shop\/"},{"@type":"ListItem","position":3,"name":"BriodLights Arbetslampa med varningsljus 157 mm 1727 lm"}]},{"@type":"WebSite","@id":"https:\/\/xenonkungen.com\/#website","url":"https:\/\/xenonkungen.com\/","name":"Xenonkungen","description":"","potentialAction":[{"@type":"SearchAction","target":{"@type":"EntryPoint","urlTemplate":"https:\/\/xenonkungen.com\/?s={search_term_string}"},"query-input":{"@type":"PropertyValueSpecification","valueRequired":true,"valueName":"search_term_string"}}],"inLanguage":"da-DK"}]}},"taxonomy_info":{"product_brand":[{"value":92,"label":"Briodlights"}],"product_cat":[{"value":2479,"label":"Backljus"},{"value":508,"label":"Arbetsbelysning"},{"value":1111,"label":"Backlampa"},{"value":516,"label":"Backljus"},{"value":934,"label":"Blixtljus"}],"product_tag":[{"value":2788,"label":"black-week-exclude"}],"pa_fargtemperatur":[{"value":226,"label":"5700K"}],"pa_fuktskydd-varde-ipxx":[{"value":155,"label":"IP69K"}],"pa_godkannande":[{"value":958,"label":"R10, R65"}],"pa_lampsockel-kontakt":[{"value":324,"label":"Open Wire"}],"pa_led-chips-effekt-w":[{"value":526,"label":"30"}],"pa_ljusbild":[{"value":503,"label":"FLOOD"}],"pa_storlek-mm":[{"value":1018,"label":"157x49,7x60"}],"pa_stromforbrukning":[{"value":1022,"label":"0,95A@24V"},{"value":1021,"label":"1,86A@12V"}],"pa_volt-v":[{"value":773,"label":"Multivolt, 10, 12, 16, 18, 24, 28, 30"}]},"featured_image_src_large":["https:\/\/xenonkungen.com\/wp-content\/uploads\/2025\/04\/15233_itemimage_2-1024x768.jpg",1024,768,true],"author_info":[],"comment_info":0,"_links":{"self":[{"href":"https:\/\/xenonkungen.com\/dk\/wp-json\/wp\/v2\/product\/3159","targetHints":{"allow":["GET"]}}],"collection":[{"href":"https:\/\/xenonkungen.com\/dk\/wp-json\/wp\/v2\/product"}],"about":[{"href":"https:\/\/xenonkungen.com\/dk\/wp-json\/wp\/v2\/types\/product"}],"replies":[{"embeddable":true,"href":"https:\/\/xenonkungen.com\/dk\/wp-json\/wp\/v2\/comments?post=3159"}],"wp:featuredmedia":[{"embeddable":true,"href":"https:\/\/xenonkungen.com\/dk\/wp-json\/wp\/v2\/media\/3160"}],"wp:attachment":[{"href":"https:\/\/xenonkungen.com\/dk\/wp-json\/wp\/v2\/media?parent=3159"}],"wp:term":[{"taxonomy":"anvandningsomrade","embeddable":true,"href":"https:\/\/xenonkungen.com\/dk\/wp-json\/wp\/v2\/anvandningsomrade?post=3159"},{"taxonomy":"bilmarken","embeddable":true,"href":"https:\/\/xenonkungen.com\/dk\/wp-json\/wp\/v2\/bilmarken?post=3159"},{"taxonomy":"product_brand","embeddable":true,"href":"https:\/\/xenonkungen.com\/dk\/wp-json\/wp\/v2\/product_brand?post=3159"},{"taxonomy":"product_cat","embeddable":true,"href":"https:\/\/xenonkungen.com\/dk\/wp-json\/wp\/v2\/product_cat?post=3159"},{"taxonomy":"product_tag","embeddable":true,"href":"https:\/\/xenonkungen.com\/dk\/wp-json\/wp\/v2\/product_tag?post=3159"}],"curies":[{"name":"wp","href":"https:\/\/api.w.org\/{rel}","templated":true}]}}