{"id":3190,"date":"2025-04-15T08:50:41","date_gmt":"2025-04-15T08:50:41","guid":{"rendered":"https:\/\/xenonkungen.com\/product\/briodlights-ultra-extraljus-97\/"},"modified":"2026-04-24T16:49:33","modified_gmt":"2026-04-24T15:49:33","slug":"briodlights-ultra-ekstra-lys-97","status":"publish","type":"product","link":"https:\/\/xenonkungen.com\/dk\/vare\/briodlights-ultra-ekstra-lys-97\/","title":{"rendered":"BriodLights Ultra Extra Light 9,7\u2033"},"content":{"rendered":"<h1>BriodLights Ultra 246 - h\u00f8jtydende LED-ekstra lys<\/h1>\n<h2>Perfekt til dem med de h\u00f8jeste krav til lys og ydeevne<\/h2>\n<p>BriodLights Ultra 246 ekstra lygter er det ultimative valg for dem, der er p\u00e5 udkig efter enest\u00e5ende belysning. Med deres imponerende funktioner vil disse ekstra lygter opfylde dine h\u00f8jeste forventninger.<\/p>\n<p>Det, der virkelig skiller BriodLights Ultra 246 ud, er det ekstremt brede lysm\u00f8nster. Med en spredning p\u00e5 op til 35 meter p\u00e5 hver side af k\u00f8ret\u00f8jet f\u00e5r du et utroligt bredt synsfelt og imponerende belysning af vejkanten. Desuden n\u00e5r lysstr\u00e5len en afstand p\u00e5 420 meter ved 1 lux, hvilket giver dig et udvidet udsyn fremad.<\/p>\n<p>Med BriodLights Ultra 246 d\u00e6kker du et behov, som ellers ville kr\u00e6ve to eller tre ekstra lygter. Disse hj\u00e6lpelygter giver dig al den belysning, du har brug for til at navigere sikkert og komfortabelt, uanset vejrforhold og terr\u00e6n.<\/p>\n<p>BriodLights Ultra 246 opfylder h\u00f8je sikkerhedsstandarder og er certificeret i henhold til CE, EMC, RoHS og IP68. Det sikrer, at produktet er af h\u00f8j kvalitet, elektromagnetisk kompatibelt, fri for farlige stoffer og forseglet mod st\u00f8v- og vandindtr\u00e6ngning.<\/p>\n<h2>Produktspecifikationer<\/h2>\n<ul>\n<li>Ekstremt bred lysbane p\u00e5 op til 35 meter p\u00e5 hver side af k\u00f8ret\u00f8jet<\/li>\n<li>Lyskegle n\u00e5r 420 meter ved 1 lux<\/li>\n<li>D\u00e6kker et behov, der ellers ville kr\u00e6ve to eller tre ekstra lamper<\/li>\n<li>Certificeret i henhold til CE, EMC, RoHS og IP68<\/li>\n<\/ul>\n<p>BriodLights Ultra 246 er det oplagte valg for dem, der stiller de h\u00f8jeste krav til lys og ydeevne. Med deres brede lysbillede og imponerende r\u00e6kkevidde giver disse ekstralygter dig overlegen synlighed p\u00e5 vejen. Desuden kommer de med certificeringer, der bekr\u00e6fter deres kvalitet og sikkerhed. Opgrader din bil med BriodLights Ultra 246 ekstralygter i dag, og oplev det ultimative inden for belysning!<\/p>","protected":false},"excerpt":{"rendered":"<p>BriodLights Ultra 246 &#8211; H\u00f6gpresterande LED Extraljus Perfekt f\u00f6r dig med h\u00f6gsta kraven p\u00e5 ljus och prestanda BriodLights Ultra 246 extraljus \u00e4r det ultimata valet f\u00f6r dig som s\u00f6ker enast\u00e5ende belysning. Med sina imponerande egenskaper kommer dessa extraljus att uppfylla dina h\u00f6gsta f\u00f6rv\u00e4ntningar. Det som verkligen s\u00e4rskiljer BriodLights Ultra 246 \u00e4r den extremt breda ljusbilden. [&hellip;]<\/p>","protected":false},"featured_media":3191,"comment_status":"closed","ping_status":"closed","template":"","meta":{"_acf_changed":false,"_smort_price_nok":"3995","_smort_price_dkk":"2538","_smort_price_eur":"339.98","_smort_sale_price_nok":"","_smort_sale_price_dkk":"","_smort_sale_price_eur":"","smort_restorder":"","shipmondo_restorder":"","_kad_blocks_custom_css":"","_kad_blocks_head_custom_js":"","_kad_blocks_body_custom_js":"","_kad_blocks_footer_custom_js":"","smort_custom_pricelist_1":"2393.6","smort_custom_pricelist_2":"2094.4","smort_custom_pricelist_3":"1944.8","smort_custom_pricelist_4":"2992","smort_custom_pricelist_5":"2094.4"},"anvandningsomrade":[],"bilmarken":[],"product_brand":[92],"product_cat":[2839,2840,142],"product_tag":[2788],"class_list":{"0":"post-3190","1":"product","2":"type-product","3":"status-publish","4":"has-post-thumbnail","6":"product_brand-briodlights","7":"product_cat-extraljus-9","8":"product_cat-extraljus-ovriga-storlekar","9":"product_cat-extraljus","10":"product_tag-black-week-exclude","11":"pa_fargtemperatur-6000k","12":"pa_fuktskydd-varde-ipxx-ip68","13":"pa_godkannande-ce-emc-rohs","14":"pa_lampsockel-kontakt-dtp","15":"pa_led-chips-effekt-w-985","16":"pa_ljusbild-combo","17":"pa_stromforbrukning-10a24v","18":"pa_stromforbrukning-21a12v","19":"pa_volt-v-multivolt-9-12-16-18-24-28-30-32","21":"first","22":"onbackorder","23":"taxable","24":"shipping-taxable","25":"purchasable","26":"product-type-simple"},"bundled_by":[],"bundle_stock_status":"onbackorder","bundle_stock_quantity":0,"bundle_virtual":false,"bundle_layout":"","bundle_add_to_cart_form_location":"","bundle_editable_in_cart":false,"bundle_sold_individually_context":"","bundle_item_grouping":"","bundle_min_size":"","bundle_max_size":"","bundle_price":[],"bundled_items":[],"bundle_sell_ids":[],"acf":[],"yoast_head":"<!-- This site is optimized with the Yoast SEO plugin v27.0 - https:\/\/yoast.com\/product\/yoast-seo-wordpress\/ -->\n<title>BriodLights Ultra Extraljus 9,7&quot; - Xenonkungen<\/title>\n<meta name=\"robots\" content=\"index, follow, max-snippet:-1, max-image-preview:large, max-video-preview:-1\" \/>\n<link rel=\"canonical\" href=\"https:\/\/xenonkungen.com\/dk\/vare\/briodlights-ultra-ekstra-lys-97\/\" \/>\n<meta property=\"og:locale\" content=\"da_DK\" \/>\n<meta property=\"og:type\" content=\"article\" \/>\n<meta property=\"og:title\" content=\"BriodLights Ultra Extraljus 9,7&quot; - Xenonkungen\" \/>\n<meta property=\"og:description\" content=\"BriodLights Ultra 246 &#8211; H\u00f6gpresterande LED Extraljus Perfekt f\u00f6r dig med h\u00f6gsta kraven p\u00e5 ljus och prestanda BriodLights Ultra 246 extraljus \u00e4r det ultimata valet f\u00f6r dig som s\u00f6ker enast\u00e5ende belysning. Med sina imponerande egenskaper kommer dessa extraljus att uppfylla dina h\u00f6gsta f\u00f6rv\u00e4ntningar. Det som verkligen s\u00e4rskiljer BriodLights Ultra 246 \u00e4r den extremt breda ljusbilden. [&hellip;]\" \/>\n<meta property=\"og:url\" content=\"https:\/\/xenonkungen.com\/dk\/vare\/briodlights-ultra-ekstra-lys-97\/\" \/>\n<meta property=\"og:site_name\" content=\"Xenonkungen\" \/>\n<meta property=\"article:modified_time\" content=\"2026-04-24T15:49:33+00:00\" \/>\n<meta property=\"og:image\" content=\"https:\/\/xenonkungen.com\/wp-content\/uploads\/2025\/04\/15820_itemimage_mainfront.jpg\" \/>\n\t<meta property=\"og:image:width\" content=\"2048\" \/>\n\t<meta property=\"og:image:height\" content=\"1536\" \/>\n\t<meta property=\"og:image:type\" content=\"image\/jpeg\" \/>\n<meta name=\"twitter:card\" content=\"summary_large_image\" \/>\n<meta name=\"twitter:label1\" content=\"Estimeret l\u00e6setid\" \/>\n\t<meta name=\"twitter:data1\" content=\"2 minutter\" \/>\n<script type=\"application\/ld+json\" class=\"yoast-schema-graph\">{\"@context\":\"https:\/\/schema.org\",\"@graph\":[{\"@type\":\"WebPage\",\"@id\":\"https:\/\/xenonkungen.com\/produkt\/briodlights-ultra-extraljus-97\/\",\"url\":\"https:\/\/xenonkungen.com\/produkt\/briodlights-ultra-extraljus-97\/\",\"name\":\"BriodLights Ultra Extraljus 9,7\\\" - Xenonkungen\",\"isPartOf\":{\"@id\":\"https:\/\/xenonkungen.com\/#website\"},\"primaryImageOfPage\":{\"@id\":\"https:\/\/xenonkungen.com\/produkt\/briodlights-ultra-extraljus-97\/#primaryimage\"},\"image\":{\"@id\":\"https:\/\/xenonkungen.com\/produkt\/briodlights-ultra-extraljus-97\/#primaryimage\"},\"thumbnailUrl\":\"https:\/\/xenonkungen.com\/wp-content\/uploads\/2025\/04\/15820_itemimage_mainfront.jpg\",\"datePublished\":\"2025-04-15T08:50:41+00:00\",\"dateModified\":\"2026-04-24T15:49:33+00:00\",\"breadcrumb\":{\"@id\":\"https:\/\/xenonkungen.com\/produkt\/briodlights-ultra-extraljus-97\/#breadcrumb\"},\"inLanguage\":\"da-DK\",\"potentialAction\":[{\"@type\":\"ReadAction\",\"target\":[\"https:\/\/xenonkungen.com\/produkt\/briodlights-ultra-extraljus-97\/\"]}]},{\"@type\":\"ImageObject\",\"inLanguage\":\"da-DK\",\"@id\":\"https:\/\/xenonkungen.com\/produkt\/briodlights-ultra-extraljus-97\/#primaryimage\",\"url\":\"https:\/\/xenonkungen.com\/wp-content\/uploads\/2025\/04\/15820_itemimage_mainfront.jpg\",\"contentUrl\":\"https:\/\/xenonkungen.com\/wp-content\/uploads\/2025\/04\/15820_itemimage_mainfront.jpg\",\"width\":2048,\"height\":1536},{\"@type\":\"BreadcrumbList\",\"@id\":\"https:\/\/xenonkungen.com\/produkt\/briodlights-ultra-extraljus-97\/#breadcrumb\",\"itemListElement\":[{\"@type\":\"ListItem\",\"position\":1,\"name\":\"Hem\",\"item\":\"https:\/\/xenonkungen.com\/\"},{\"@type\":\"ListItem\",\"position\":2,\"name\":\"Shop\",\"item\":\"https:\/\/xenonkungen.com\/shop\/\"},{\"@type\":\"ListItem\",\"position\":3,\"name\":\"BriodLights Ultra Extraljus 9,7&#8243;\"}]},{\"@type\":\"WebSite\",\"@id\":\"https:\/\/xenonkungen.com\/#website\",\"url\":\"https:\/\/xenonkungen.com\/\",\"name\":\"Xenonkungen\",\"description\":\"\",\"potentialAction\":[{\"@type\":\"SearchAction\",\"target\":{\"@type\":\"EntryPoint\",\"urlTemplate\":\"https:\/\/xenonkungen.com\/?s={search_term_string}\"},\"query-input\":{\"@type\":\"PropertyValueSpecification\",\"valueRequired\":true,\"valueName\":\"search_term_string\"}}],\"inLanguage\":\"da-DK\"}]}<\/script>\n<!-- \/ Yoast SEO plugin. -->","yoast_head_json":{"title":"BriodLights Ultra Extra Light 9,7&quot; - Xenonkungen","robots":{"index":"index","follow":"follow","max-snippet":"max-snippet:-1","max-image-preview":"max-image-preview:large","max-video-preview":"max-video-preview:-1"},"canonical":"https:\/\/xenonkungen.com\/dk\/vare\/briodlights-ultra-ekstra-lys-97\/","og_locale":"da_DK","og_type":"article","og_title":"BriodLights Ultra Extraljus 9,7\" - Xenonkungen","og_description":"BriodLights Ultra 246 &#8211; H\u00f6gpresterande LED Extraljus Perfekt f\u00f6r dig med h\u00f6gsta kraven p\u00e5 ljus och prestanda BriodLights Ultra 246 extraljus \u00e4r det ultimata valet f\u00f6r dig som s\u00f6ker enast\u00e5ende belysning. Med sina imponerande egenskaper kommer dessa extraljus att uppfylla dina h\u00f6gsta f\u00f6rv\u00e4ntningar. Det som verkligen s\u00e4rskiljer BriodLights Ultra 246 \u00e4r den extremt breda ljusbilden. [&hellip;]","og_url":"https:\/\/xenonkungen.com\/dk\/vare\/briodlights-ultra-ekstra-lys-97\/","og_site_name":"Xenonkungen","article_modified_time":"2026-04-24T15:49:33+00:00","og_image":[{"width":2048,"height":1536,"url":"https:\/\/xenonkungen.com\/wp-content\/uploads\/2025\/04\/15820_itemimage_mainfront.jpg","type":"image\/jpeg"}],"twitter_card":"summary_large_image","twitter_misc":{"Estimeret l\u00e6setid":"2 minutter"},"schema":{"@context":"https:\/\/schema.org","@graph":[{"@type":"WebPage","@id":"https:\/\/xenonkungen.com\/produkt\/briodlights-ultra-extraljus-97\/","url":"https:\/\/xenonkungen.com\/produkt\/briodlights-ultra-extraljus-97\/","name":"BriodLights Ultra Extra Light 9,7&quot; - Xenonkungen","isPartOf":{"@id":"https:\/\/xenonkungen.com\/#website"},"primaryImageOfPage":{"@id":"https:\/\/xenonkungen.com\/produkt\/briodlights-ultra-extraljus-97\/#primaryimage"},"image":{"@id":"https:\/\/xenonkungen.com\/produkt\/briodlights-ultra-extraljus-97\/#primaryimage"},"thumbnailUrl":"https:\/\/xenonkungen.com\/wp-content\/uploads\/2025\/04\/15820_itemimage_mainfront.jpg","datePublished":"2025-04-15T08:50:41+00:00","dateModified":"2026-04-24T15:49:33+00:00","breadcrumb":{"@id":"https:\/\/xenonkungen.com\/produkt\/briodlights-ultra-extraljus-97\/#breadcrumb"},"inLanguage":"da-DK","potentialAction":[{"@type":"ReadAction","target":["https:\/\/xenonkungen.com\/produkt\/briodlights-ultra-extraljus-97\/"]}]},{"@type":"ImageObject","inLanguage":"da-DK","@id":"https:\/\/xenonkungen.com\/produkt\/briodlights-ultra-extraljus-97\/#primaryimage","url":"https:\/\/xenonkungen.com\/wp-content\/uploads\/2025\/04\/15820_itemimage_mainfront.jpg","contentUrl":"https:\/\/xenonkungen.com\/wp-content\/uploads\/2025\/04\/15820_itemimage_mainfront.jpg","width":2048,"height":1536},{"@type":"BreadcrumbList","@id":"https:\/\/xenonkungen.com\/produkt\/briodlights-ultra-extraljus-97\/#breadcrumb","itemListElement":[{"@type":"ListItem","position":1,"name":"Hem","item":"https:\/\/xenonkungen.com\/"},{"@type":"ListItem","position":2,"name":"Shop","item":"https:\/\/xenonkungen.com\/shop\/"},{"@type":"ListItem","position":3,"name":"BriodLights Ultra Extraljus 9,7&#8243;"}]},{"@type":"WebSite","@id":"https:\/\/xenonkungen.com\/#website","url":"https:\/\/xenonkungen.com\/","name":"Xenonkungen","description":"","potentialAction":[{"@type":"SearchAction","target":{"@type":"EntryPoint","urlTemplate":"https:\/\/xenonkungen.com\/?s={search_term_string}"},"query-input":{"@type":"PropertyValueSpecification","valueRequired":true,"valueName":"search_term_string"}}],"inLanguage":"da-DK"}]}},"taxonomy_info":{"product_brand":[{"value":92,"label":"Briodlights"}],"product_cat":[{"value":2839,"label":"Extraljus 9\""},{"value":2840,"label":"Extraljus \u00d6vriga storlekar"},{"value":142,"label":"Extraljus"}],"product_tag":[{"value":2788,"label":"black-week-exclude"}],"pa_fargtemperatur":[{"value":188,"label":"6000K"}],"pa_fuktskydd-varde-ipxx":[{"value":177,"label":"IP68"}],"pa_godkannande":[{"value":325,"label":"CE, EMC, RoHS"}],"pa_lampsockel-kontakt":[{"value":475,"label":"DTP"}],"pa_led-chips-effekt-w":[{"value":985,"label":"260"}],"pa_ljusbild":[{"value":804,"label":"Combo"}],"pa_stromforbrukning":[{"value":1050,"label":"10A@24V"},{"value":1049,"label":"21A@12V"}],"pa_volt-v":[{"value":521,"label":"Multivolt, 9, 12, 16, 18, 24, 28, 30, 32"}]},"featured_image_src_large":["https:\/\/xenonkungen.com\/wp-content\/uploads\/2025\/04\/15820_itemimage_mainfront-1024x768.jpg",1024,768,true],"author_info":[],"comment_info":0,"_links":{"self":[{"href":"https:\/\/xenonkungen.com\/dk\/wp-json\/wp\/v2\/product\/3190","targetHints":{"allow":["GET"]}}],"collection":[{"href":"https:\/\/xenonkungen.com\/dk\/wp-json\/wp\/v2\/product"}],"about":[{"href":"https:\/\/xenonkungen.com\/dk\/wp-json\/wp\/v2\/types\/product"}],"replies":[{"embeddable":true,"href":"https:\/\/xenonkungen.com\/dk\/wp-json\/wp\/v2\/comments?post=3190"}],"wp:featuredmedia":[{"embeddable":true,"href":"https:\/\/xenonkungen.com\/dk\/wp-json\/wp\/v2\/media\/3191"}],"wp:attachment":[{"href":"https:\/\/xenonkungen.com\/dk\/wp-json\/wp\/v2\/media?parent=3190"}],"wp:term":[{"taxonomy":"anvandningsomrade","embeddable":true,"href":"https:\/\/xenonkungen.com\/dk\/wp-json\/wp\/v2\/anvandningsomrade?post=3190"},{"taxonomy":"bilmarken","embeddable":true,"href":"https:\/\/xenonkungen.com\/dk\/wp-json\/wp\/v2\/bilmarken?post=3190"},{"taxonomy":"product_brand","embeddable":true,"href":"https:\/\/xenonkungen.com\/dk\/wp-json\/wp\/v2\/product_brand?post=3190"},{"taxonomy":"product_cat","embeddable":true,"href":"https:\/\/xenonkungen.com\/dk\/wp-json\/wp\/v2\/product_cat?post=3190"},{"taxonomy":"product_tag","embeddable":true,"href":"https:\/\/xenonkungen.com\/dk\/wp-json\/wp\/v2\/product_tag?post=3190"}],"curies":[{"name":"wp","href":"https:\/\/api.w.org\/{rel}","templated":true}]}}