{"id":3197,"date":"2025-04-15T08:50:41","date_gmt":"2025-04-15T08:50:41","guid":{"rendered":"https:\/\/xenonkungen.com\/product\/ozz-4-faste-9-svart\/"},"modified":"2026-04-11T00:03:44","modified_gmt":"2026-04-10T23:03:44","slug":"ozz-4-hurtig-9-sort","status":"publish","type":"product","link":"https:\/\/xenonkungen.com\/dk\/vare\/ozz-4-hurtig-9-sort\/","title":{"rendered":"OZZ 4 - Beslag 9\u2033 Sort"},"content":{"rendered":"<h1><span>Beslag til 4 OZZ lamper 9\u2033<\/span><\/h1>\n<p>Dette beslag er skr\u00e6ddersyet til problemfri integration med en r\u00e6kke komponenter, der er centrale for din biloplevelse. Den er specielt designet til at fungere perfekt med 360-graders kameraer, dynamiske fartpilotsystemer og radar og er et ideelt valg til montering af ekstra lygter p\u00e5 din bil.<\/p>\n<h2>Problemfri installationsproces<\/h2>\n<p>En af de mest fremtr\u00e6dende fordele ved dette monteringssystem er den problemfri installationsproces. Beslaget monteres nemt og sikkert direkte bag din nummerplade, hvilket giver dig en diskret, men meget stabil monteringsl\u00f8sning.<\/p>\n<h2>Materialer af h\u00f8j kvalitet og teknisk orientering<\/h2>\n<p>Derudover er dette monteringssystem lavet af materialer af h\u00f8j kvalitet og en teknisk tilgang, der sikrer langvarig holdbarhed og p\u00e5lidelig ydeevne. Det er designet med tanke p\u00e5 k\u00f8ret\u00f8jsejernes behov og krav og er et fremragende valg for dem, der s\u00e6tter pris p\u00e5 b\u00e5de funktionalitet og \u00e6stetik.<\/p>\n<p>Konklusionen er, at dette beslag er en teknologisk avanceret og p\u00e5lidelig l\u00f8sning til montering af ekstra lygter og andre enheder p\u00e5 din bil. Med sin kompatibilitet med 360-graders kameraer, dynamiske fartpilotsystemer, radar og den nemme installationsproces vil dette beslag forbedre din biloplevelse p\u00e5 mange m\u00e5der.<\/p>","protected":false},"excerpt":{"rendered":"<p>F\u00e4ste f\u00f6r 4 st OZZ lampor 9&#8243; Denna montering \u00e4r skr\u00e4ddarsydd f\u00f6r att smidigt integreras med en rad olika komponenter som \u00e4r centrala f\u00f6r din fordonsupplevelse. Den \u00e4r s\u00e4rskilt anpassad f\u00f6r att fungera perfekt med 360-graders kameror, dynamiska farth\u00e5llningssystem och radar, och den \u00e4r ett idealiskt val f\u00f6r att montera extraljus p\u00e5 din bil. Problemfri [&hellip;]<\/p>","protected":false},"featured_media":3198,"comment_status":"closed","ping_status":"open","template":"","meta":{"_acf_changed":false,"_smort_price_nok":"1597","_smort_price_dkk":"1014","_smort_price_eur":"135.9","_smort_sale_price_nok":"","_smort_sale_price_dkk":"","_smort_sale_price_eur":"","smort_restorder":"","shipmondo_restorder":"","_kad_blocks_custom_css":"","_kad_blocks_head_custom_js":"","_kad_blocks_body_custom_js":"","_kad_blocks_footer_custom_js":"","smort_custom_pricelist_1":"956.8","smort_custom_pricelist_2":"956.8","smort_custom_pricelist_3":"956.8","smort_custom_pricelist_4":"1196","smort_custom_pricelist_5":"956.8"},"anvandningsomrade":[],"bilmarken":[],"product_brand":[1051],"product_cat":[2534,2461,2841,2535,2536,390],"product_tag":[2788],"class_list":{"0":"post-3197","1":"product","2":"type-product","3":"status-publish","4":"has-post-thumbnail","6":"product_brand-ozz","7":"product_cat-extraljusfaste-extraljus","8":"product_cat-fasten-installation","9":"product_cat-installation-extraljus","10":"product_cat-tillbehor-ledramper","11":"product_cat-tillbehor-tillbehor-ledramper","12":"product_cat-installation","13":"product_tag-black-week-exclude","15":"first","16":"instock","17":"taxable","18":"shipping-taxable","19":"purchasable","20":"product-type-simple"},"bundled_by":["9420"],"bundle_stock_status":"instock","bundle_stock_quantity":4,"bundle_virtual":false,"bundle_layout":"","bundle_add_to_cart_form_location":"","bundle_editable_in_cart":false,"bundle_sold_individually_context":"","bundle_item_grouping":"","bundle_min_size":"","bundle_max_size":"","bundle_price":[],"bundled_items":[],"bundle_sell_ids":[],"acf":[],"yoast_head":"<!-- This site is optimized with the Yoast SEO plugin v27.0 - https:\/\/yoast.com\/product\/yoast-seo-wordpress\/ -->\n<title>OZZ 4 - F\u00e4ste 9&quot; Svart - Xenonkungen<\/title>\n<meta name=\"robots\" content=\"index, follow, max-snippet:-1, max-image-preview:large, max-video-preview:-1\" \/>\n<link rel=\"canonical\" href=\"https:\/\/xenonkungen.com\/dk\/vare\/ozz-4-hurtig-9-sort\/\" \/>\n<meta property=\"og:locale\" content=\"da_DK\" \/>\n<meta property=\"og:type\" content=\"article\" \/>\n<meta property=\"og:title\" content=\"OZZ 4 - F\u00e4ste 9&quot; Svart - Xenonkungen\" \/>\n<meta property=\"og:description\" content=\"F\u00e4ste f\u00f6r 4 st OZZ lampor 9&#8243; Denna montering \u00e4r skr\u00e4ddarsydd f\u00f6r att smidigt integreras med en rad olika komponenter som \u00e4r centrala f\u00f6r din fordonsupplevelse. Den \u00e4r s\u00e4rskilt anpassad f\u00f6r att fungera perfekt med 360-graders kameror, dynamiska farth\u00e5llningssystem och radar, och den \u00e4r ett idealiskt val f\u00f6r att montera extraljus p\u00e5 din bil. Problemfri [&hellip;]\" \/>\n<meta property=\"og:url\" content=\"https:\/\/xenonkungen.com\/dk\/vare\/ozz-4-hurtig-9-sort\/\" \/>\n<meta property=\"og:site_name\" content=\"Xenonkungen\" \/>\n<meta property=\"article:modified_time\" content=\"2026-04-10T23:03:44+00:00\" \/>\n<meta property=\"og:image\" content=\"https:\/\/xenonkungen.com\/wp-content\/uploads\/2025\/04\/Ozz-Extraljusfaste-DSCF5042-PNNG-1000px.png\" \/>\n\t<meta property=\"og:image:width\" content=\"1300\" \/>\n\t<meta property=\"og:image:height\" content=\"316\" \/>\n\t<meta property=\"og:image:type\" content=\"image\/png\" \/>\n<meta name=\"twitter:card\" content=\"summary_large_image\" \/>\n<meta name=\"twitter:label1\" content=\"Estimeret l\u00e6setid\" \/>\n\t<meta name=\"twitter:data1\" content=\"1 minut\" \/>\n<script type=\"application\/ld+json\" class=\"yoast-schema-graph\">{\"@context\":\"https:\/\/schema.org\",\"@graph\":[{\"@type\":\"WebPage\",\"@id\":\"https:\/\/xenonkungen.com\/produkt\/ozz-4-faste-9-svart\/\",\"url\":\"https:\/\/xenonkungen.com\/produkt\/ozz-4-faste-9-svart\/\",\"name\":\"OZZ 4 - F\u00e4ste 9\\\" Svart - Xenonkungen\",\"isPartOf\":{\"@id\":\"https:\/\/xenonkungen.com\/#website\"},\"primaryImageOfPage\":{\"@id\":\"https:\/\/xenonkungen.com\/produkt\/ozz-4-faste-9-svart\/#primaryimage\"},\"image\":{\"@id\":\"https:\/\/xenonkungen.com\/produkt\/ozz-4-faste-9-svart\/#primaryimage\"},\"thumbnailUrl\":\"https:\/\/xenonkungen.com\/wp-content\/uploads\/2025\/04\/Ozz-Extraljusfaste-DSCF5042-PNNG-1000px.png\",\"datePublished\":\"2025-04-15T08:50:41+00:00\",\"dateModified\":\"2026-04-10T23:03:44+00:00\",\"breadcrumb\":{\"@id\":\"https:\/\/xenonkungen.com\/produkt\/ozz-4-faste-9-svart\/#breadcrumb\"},\"inLanguage\":\"da-DK\",\"potentialAction\":[{\"@type\":\"ReadAction\",\"target\":[\"https:\/\/xenonkungen.com\/produkt\/ozz-4-faste-9-svart\/\"]}]},{\"@type\":\"ImageObject\",\"inLanguage\":\"da-DK\",\"@id\":\"https:\/\/xenonkungen.com\/produkt\/ozz-4-faste-9-svart\/#primaryimage\",\"url\":\"https:\/\/xenonkungen.com\/wp-content\/uploads\/2025\/04\/Ozz-Extraljusfaste-DSCF5042-PNNG-1000px.png\",\"contentUrl\":\"https:\/\/xenonkungen.com\/wp-content\/uploads\/2025\/04\/Ozz-Extraljusfaste-DSCF5042-PNNG-1000px.png\",\"width\":1300,\"height\":316},{\"@type\":\"BreadcrumbList\",\"@id\":\"https:\/\/xenonkungen.com\/produkt\/ozz-4-faste-9-svart\/#breadcrumb\",\"itemListElement\":[{\"@type\":\"ListItem\",\"position\":1,\"name\":\"Hem\",\"item\":\"https:\/\/xenonkungen.com\/\"},{\"@type\":\"ListItem\",\"position\":2,\"name\":\"Shop\",\"item\":\"https:\/\/xenonkungen.com\/shop\/\"},{\"@type\":\"ListItem\",\"position\":3,\"name\":\"OZZ 4 &#8211; F\u00e4ste 9&#8243; Svart\"}]},{\"@type\":\"WebSite\",\"@id\":\"https:\/\/xenonkungen.com\/#website\",\"url\":\"https:\/\/xenonkungen.com\/\",\"name\":\"Xenonkungen\",\"description\":\"\",\"potentialAction\":[{\"@type\":\"SearchAction\",\"target\":{\"@type\":\"EntryPoint\",\"urlTemplate\":\"https:\/\/xenonkungen.com\/?s={search_term_string}\"},\"query-input\":{\"@type\":\"PropertyValueSpecification\",\"valueRequired\":true,\"valueName\":\"search_term_string\"}}],\"inLanguage\":\"da-DK\"}]}<\/script>\n<!-- \/ Yoast SEO plugin. -->","yoast_head_json":{"title":"OZZ 4 - Montering 9&quot; Sort - Xenonkungen","robots":{"index":"index","follow":"follow","max-snippet":"max-snippet:-1","max-image-preview":"max-image-preview:large","max-video-preview":"max-video-preview:-1"},"canonical":"https:\/\/xenonkungen.com\/dk\/vare\/ozz-4-hurtig-9-sort\/","og_locale":"da_DK","og_type":"article","og_title":"OZZ 4 - F\u00e4ste 9\" Svart - Xenonkungen","og_description":"F\u00e4ste f\u00f6r 4 st OZZ lampor 9&#8243; Denna montering \u00e4r skr\u00e4ddarsydd f\u00f6r att smidigt integreras med en rad olika komponenter som \u00e4r centrala f\u00f6r din fordonsupplevelse. Den \u00e4r s\u00e4rskilt anpassad f\u00f6r att fungera perfekt med 360-graders kameror, dynamiska farth\u00e5llningssystem och radar, och den \u00e4r ett idealiskt val f\u00f6r att montera extraljus p\u00e5 din bil. Problemfri [&hellip;]","og_url":"https:\/\/xenonkungen.com\/dk\/vare\/ozz-4-hurtig-9-sort\/","og_site_name":"Xenonkungen","article_modified_time":"2026-04-10T23:03:44+00:00","og_image":[{"width":1300,"height":316,"url":"https:\/\/xenonkungen.com\/wp-content\/uploads\/2025\/04\/Ozz-Extraljusfaste-DSCF5042-PNNG-1000px.png","type":"image\/png"}],"twitter_card":"summary_large_image","twitter_misc":{"Estimeret l\u00e6setid":"1 minut"},"schema":{"@context":"https:\/\/schema.org","@graph":[{"@type":"WebPage","@id":"https:\/\/xenonkungen.com\/produkt\/ozz-4-faste-9-svart\/","url":"https:\/\/xenonkungen.com\/produkt\/ozz-4-faste-9-svart\/","name":"OZZ 4 - Montering 9&quot; Sort - Xenonkungen","isPartOf":{"@id":"https:\/\/xenonkungen.com\/#website"},"primaryImageOfPage":{"@id":"https:\/\/xenonkungen.com\/produkt\/ozz-4-faste-9-svart\/#primaryimage"},"image":{"@id":"https:\/\/xenonkungen.com\/produkt\/ozz-4-faste-9-svart\/#primaryimage"},"thumbnailUrl":"https:\/\/xenonkungen.com\/wp-content\/uploads\/2025\/04\/Ozz-Extraljusfaste-DSCF5042-PNNG-1000px.png","datePublished":"2025-04-15T08:50:41+00:00","dateModified":"2026-04-10T23:03:44+00:00","breadcrumb":{"@id":"https:\/\/xenonkungen.com\/produkt\/ozz-4-faste-9-svart\/#breadcrumb"},"inLanguage":"da-DK","potentialAction":[{"@type":"ReadAction","target":["https:\/\/xenonkungen.com\/produkt\/ozz-4-faste-9-svart\/"]}]},{"@type":"ImageObject","inLanguage":"da-DK","@id":"https:\/\/xenonkungen.com\/produkt\/ozz-4-faste-9-svart\/#primaryimage","url":"https:\/\/xenonkungen.com\/wp-content\/uploads\/2025\/04\/Ozz-Extraljusfaste-DSCF5042-PNNG-1000px.png","contentUrl":"https:\/\/xenonkungen.com\/wp-content\/uploads\/2025\/04\/Ozz-Extraljusfaste-DSCF5042-PNNG-1000px.png","width":1300,"height":316},{"@type":"BreadcrumbList","@id":"https:\/\/xenonkungen.com\/produkt\/ozz-4-faste-9-svart\/#breadcrumb","itemListElement":[{"@type":"ListItem","position":1,"name":"Hem","item":"https:\/\/xenonkungen.com\/"},{"@type":"ListItem","position":2,"name":"Shop","item":"https:\/\/xenonkungen.com\/shop\/"},{"@type":"ListItem","position":3,"name":"OZZ 4 &#8211; F\u00e4ste 9&#8243; Svart"}]},{"@type":"WebSite","@id":"https:\/\/xenonkungen.com\/#website","url":"https:\/\/xenonkungen.com\/","name":"Xenonkungen","description":"","potentialAction":[{"@type":"SearchAction","target":{"@type":"EntryPoint","urlTemplate":"https:\/\/xenonkungen.com\/?s={search_term_string}"},"query-input":{"@type":"PropertyValueSpecification","valueRequired":true,"valueName":"search_term_string"}}],"inLanguage":"da-DK"}]}},"taxonomy_info":{"product_brand":[{"value":1051,"label":"OZZ"}],"product_cat":[{"value":2534,"label":"Extraljusf\u00e4ste"},{"value":2461,"label":"F\u00e4sten"},{"value":2841,"label":"Installation extraljus"},{"value":2535,"label":"LEDRAMPER"},{"value":2536,"label":"Tillbeh\u00f6r"},{"value":390,"label":"Installation"}],"product_tag":[{"value":2788,"label":"black-week-exclude"}]},"featured_image_src_large":["https:\/\/xenonkungen.com\/wp-content\/uploads\/2025\/04\/Ozz-Extraljusfaste-DSCF5042-PNNG-1000px-1024x249.png",1024,249,true],"author_info":[],"comment_info":0,"_links":{"self":[{"href":"https:\/\/xenonkungen.com\/dk\/wp-json\/wp\/v2\/product\/3197","targetHints":{"allow":["GET"]}}],"collection":[{"href":"https:\/\/xenonkungen.com\/dk\/wp-json\/wp\/v2\/product"}],"about":[{"href":"https:\/\/xenonkungen.com\/dk\/wp-json\/wp\/v2\/types\/product"}],"replies":[{"embeddable":true,"href":"https:\/\/xenonkungen.com\/dk\/wp-json\/wp\/v2\/comments?post=3197"}],"wp:featuredmedia":[{"embeddable":true,"href":"https:\/\/xenonkungen.com\/dk\/wp-json\/wp\/v2\/media\/3198"}],"wp:attachment":[{"href":"https:\/\/xenonkungen.com\/dk\/wp-json\/wp\/v2\/media?parent=3197"}],"wp:term":[{"taxonomy":"anvandningsomrade","embeddable":true,"href":"https:\/\/xenonkungen.com\/dk\/wp-json\/wp\/v2\/anvandningsomrade?post=3197"},{"taxonomy":"bilmarken","embeddable":true,"href":"https:\/\/xenonkungen.com\/dk\/wp-json\/wp\/v2\/bilmarken?post=3197"},{"taxonomy":"product_brand","embeddable":true,"href":"https:\/\/xenonkungen.com\/dk\/wp-json\/wp\/v2\/product_brand?post=3197"},{"taxonomy":"product_cat","embeddable":true,"href":"https:\/\/xenonkungen.com\/dk\/wp-json\/wp\/v2\/product_cat?post=3197"},{"taxonomy":"product_tag","embeddable":true,"href":"https:\/\/xenonkungen.com\/dk\/wp-json\/wp\/v2\/product_tag?post=3197"}],"curies":[{"name":"wp","href":"https:\/\/api.w.org\/{rel}","templated":true}]}}