{"id":3205,"date":"2025-04-15T08:50:54","date_gmt":"2025-04-15T08:50:54","guid":{"rendered":"https:\/\/xenonkungen.com\/product\/relakabelsats-1st-4pol-dt-2m-80a-rela-60a\/"},"modified":"2026-03-04T16:51:50","modified_gmt":"2026-03-04T15:51:50","slug":"relaekabelsaet-1-stk-4-polet-dt-2m-80a-relae-60a","status":"publish","type":"product","link":"https:\/\/xenonkungen.com\/dk\/vare\/relaekabelsaet-1-stk-4-polet-dt-2m-80a-relae-60a\/","title":{"rendered":"Rel\u00e6kabels\u00e6t 1st 4pin DT 2m 80A Rel\u00e6 60A"},"content":{"rendered":"<h1>BriodLights kabels\u00e6t 4-pin DT<\/h1>\n<p>Et komplet kabels\u00e6t med tilbeh\u00f8r til forskellige behov for hj\u00e6lpelys\/ledere. Ideelt til sikre og effektive forbindelser.<\/p>","protected":false},"excerpt":{"rendered":"<p>BriodLights kabels\u00e6t 4-polet DT Et komplet kabels\u00e6t med tilbeh\u00f8r til forskellige behov inden for ekstra belysning\/LED-belysning. Perfekt til sikre og effektive tilslutninger.<\/p>","protected":false},"featured_media":3206,"comment_status":"closed","ping_status":"open","template":"","meta":{"_acf_changed":false,"_smort_price_nok":"315","_smort_price_dkk":"200","_smort_price_eur":"26.82","_smort_sale_price_nok":"","_smort_sale_price_dkk":"","_smort_sale_price_eur":"","smort_restorder":"","shipmondo_restorder":"","_kad_blocks_custom_css":"","_kad_blocks_head_custom_js":"","_kad_blocks_body_custom_js":"","_kad_blocks_footer_custom_js":"","smort_custom_pricelist_1":"188.8","smort_custom_pricelist_2":"165.2","smort_custom_pricelist_3":"156.94","smort_custom_pricelist_4":"236","smort_custom_pricelist_5":"165.2"},"anvandningsomrade":[],"bilmarken":[],"product_brand":[117],"product_cat":[2828,2795,2796,2488,2491,2489,2490,390],"product_tag":[2788],"class_list":{"0":"post-3205","1":"product","2":"type-product","3":"status-publish","4":"has-post-thumbnail","6":"product_brand-xenonkungen","7":"product_cat-installation-led-ramper","8":"product_cat-kablar-rela","9":"product_cat-relakabelsatser","10":"product_cat-relasats-arbetsbelysning","11":"product_cat-relasats","12":"product_cat-relasats-extraljus","13":"product_cat-relasats-2","14":"product_cat-installation","15":"product_tag-black-week-exclude","16":"pa_lampsockel-kontakt-dt4","18":"first","19":"instock","20":"taxable","21":"shipping-taxable","22":"purchasable","23":"product-type-simple"},"bundled_by":["9433","9439","9445","9451","9593","9608","9614","9624"],"bundle_stock_status":"instock","bundle_stock_quantity":2,"bundle_virtual":false,"bundle_layout":"","bundle_add_to_cart_form_location":"","bundle_editable_in_cart":false,"bundle_sold_individually_context":"","bundle_item_grouping":"","bundle_min_size":"","bundle_max_size":"","bundle_price":[],"bundled_items":[],"bundle_sell_ids":[],"acf":[],"yoast_head":"<!-- This site is optimized with the Yoast SEO plugin v27.0 - https:\/\/yoast.com\/product\/yoast-seo-wordpress\/ -->\n<title>Rel\u00e4kabelsats 1st 4pol DT 2m 80A Rel\u00e4 60A - Xenonkungen<\/title>\n<meta name=\"robots\" content=\"index, follow, max-snippet:-1, max-image-preview:large, max-video-preview:-1\" \/>\n<link rel=\"canonical\" href=\"https:\/\/xenonkungen.com\/dk\/vare\/relaekabelsaet-1-stk-4-polet-dt-2m-80a-relae-60a\/\" \/>\n<meta property=\"og:locale\" content=\"da_DK\" \/>\n<meta property=\"og:type\" content=\"article\" \/>\n<meta property=\"og:title\" content=\"Rel\u00e4kabelsats 1st 4pol DT 2m 80A Rel\u00e4 60A - Xenonkungen\" \/>\n<meta property=\"og:description\" content=\"BriodLights kabelsats 4-pol DT En komplett kabelupps\u00e4ttning med tillbeh\u00f6r f\u00f6r olika extraljus\/Ledrampsbehov. Perfekt f\u00f6r s\u00e4kra och effektiva anslutningar.\" \/>\n<meta property=\"og:url\" content=\"https:\/\/xenonkungen.com\/dk\/vare\/relaekabelsaet-1-stk-4-polet-dt-2m-80a-relae-60a\/\" \/>\n<meta property=\"og:site_name\" content=\"Xenonkungen\" \/>\n<meta property=\"article:modified_time\" content=\"2026-03-04T15:51:50+00:00\" \/>\n<meta property=\"og:image\" content=\"https:\/\/xenonkungen.com\/wp-content\/uploads\/2025\/04\/15837_itemimage_mainfront.jpg\" \/>\n\t<meta property=\"og:image:width\" content=\"2048\" \/>\n\t<meta property=\"og:image:height\" content=\"1536\" \/>\n\t<meta property=\"og:image:type\" content=\"image\/jpeg\" \/>\n<meta name=\"twitter:card\" content=\"summary_large_image\" \/>\n<script type=\"application\/ld+json\" class=\"yoast-schema-graph\">{\"@context\":\"https:\/\/schema.org\",\"@graph\":[{\"@type\":\"WebPage\",\"@id\":\"https:\/\/xenonkungen.com\/produkt\/relakabelsats-1st-4pol-dt-2m-80a-rela-60a\/\",\"url\":\"https:\/\/xenonkungen.com\/produkt\/relakabelsats-1st-4pol-dt-2m-80a-rela-60a\/\",\"name\":\"Rel\u00e4kabelsats 1st 4pol DT 2m 80A Rel\u00e4 60A - Xenonkungen\",\"isPartOf\":{\"@id\":\"https:\/\/xenonkungen.com\/#website\"},\"primaryImageOfPage\":{\"@id\":\"https:\/\/xenonkungen.com\/produkt\/relakabelsats-1st-4pol-dt-2m-80a-rela-60a\/#primaryimage\"},\"image\":{\"@id\":\"https:\/\/xenonkungen.com\/produkt\/relakabelsats-1st-4pol-dt-2m-80a-rela-60a\/#primaryimage\"},\"thumbnailUrl\":\"https:\/\/xenonkungen.com\/wp-content\/uploads\/2025\/04\/15837_itemimage_mainfront.jpg\",\"datePublished\":\"2025-04-15T08:50:54+00:00\",\"dateModified\":\"2026-03-04T15:51:50+00:00\",\"breadcrumb\":{\"@id\":\"https:\/\/xenonkungen.com\/produkt\/relakabelsats-1st-4pol-dt-2m-80a-rela-60a\/#breadcrumb\"},\"inLanguage\":\"da-DK\",\"potentialAction\":[{\"@type\":\"ReadAction\",\"target\":[\"https:\/\/xenonkungen.com\/produkt\/relakabelsats-1st-4pol-dt-2m-80a-rela-60a\/\"]}]},{\"@type\":\"ImageObject\",\"inLanguage\":\"da-DK\",\"@id\":\"https:\/\/xenonkungen.com\/produkt\/relakabelsats-1st-4pol-dt-2m-80a-rela-60a\/#primaryimage\",\"url\":\"https:\/\/xenonkungen.com\/wp-content\/uploads\/2025\/04\/15837_itemimage_mainfront.jpg\",\"contentUrl\":\"https:\/\/xenonkungen.com\/wp-content\/uploads\/2025\/04\/15837_itemimage_mainfront.jpg\",\"width\":2048,\"height\":1536},{\"@type\":\"BreadcrumbList\",\"@id\":\"https:\/\/xenonkungen.com\/produkt\/relakabelsats-1st-4pol-dt-2m-80a-rela-60a\/#breadcrumb\",\"itemListElement\":[{\"@type\":\"ListItem\",\"position\":1,\"name\":\"Hem\",\"item\":\"https:\/\/xenonkungen.com\/\"},{\"@type\":\"ListItem\",\"position\":2,\"name\":\"Shop\",\"item\":\"https:\/\/xenonkungen.com\/shop\/\"},{\"@type\":\"ListItem\",\"position\":3,\"name\":\"Rel\u00e4kabelsats 1st 4pol DT 2m 80A Rel\u00e4 60A\"}]},{\"@type\":\"WebSite\",\"@id\":\"https:\/\/xenonkungen.com\/#website\",\"url\":\"https:\/\/xenonkungen.com\/\",\"name\":\"Xenonkungen\",\"description\":\"\",\"potentialAction\":[{\"@type\":\"SearchAction\",\"target\":{\"@type\":\"EntryPoint\",\"urlTemplate\":\"https:\/\/xenonkungen.com\/?s={search_term_string}\"},\"query-input\":{\"@type\":\"PropertyValueSpecification\",\"valueRequired\":true,\"valueName\":\"search_term_string\"}}],\"inLanguage\":\"da-DK\"}]}<\/script>\n<!-- \/ Yoast SEO plugin. -->","yoast_head_json":{"title":"Rel\u00e6kabels\u00e6t 1 stk. 4-bens DT 2m 80A Rel\u00e6 60A - Xenonkungen","robots":{"index":"index","follow":"follow","max-snippet":"max-snippet:-1","max-image-preview":"max-image-preview:large","max-video-preview":"max-video-preview:-1"},"canonical":"https:\/\/xenonkungen.com\/dk\/vare\/relaekabelsaet-1-stk-4-polet-dt-2m-80a-relae-60a\/","og_locale":"da_DK","og_type":"article","og_title":"Rel\u00e4kabelsats 1st 4pol DT 2m 80A Rel\u00e4 60A - Xenonkungen","og_description":"BriodLights kabelsats 4-pol DT En komplett kabelupps\u00e4ttning med tillbeh\u00f6r f\u00f6r olika extraljus\/Ledrampsbehov. Perfekt f\u00f6r s\u00e4kra och effektiva anslutningar.","og_url":"https:\/\/xenonkungen.com\/dk\/vare\/relaekabelsaet-1-stk-4-polet-dt-2m-80a-relae-60a\/","og_site_name":"Xenonkungen","article_modified_time":"2026-03-04T15:51:50+00:00","og_image":[{"width":2048,"height":1536,"url":"https:\/\/xenonkungen.com\/wp-content\/uploads\/2025\/04\/15837_itemimage_mainfront.jpg","type":"image\/jpeg"}],"twitter_card":"summary_large_image","schema":{"@context":"https:\/\/schema.org","@graph":[{"@type":"WebPage","@id":"https:\/\/xenonkungen.com\/produkt\/relakabelsats-1st-4pol-dt-2m-80a-rela-60a\/","url":"https:\/\/xenonkungen.com\/produkt\/relakabelsats-1st-4pol-dt-2m-80a-rela-60a\/","name":"Rel\u00e6kabels\u00e6t 1 stk. 4-bens DT 2m 80A Rel\u00e6 60A - Xenonkungen","isPartOf":{"@id":"https:\/\/xenonkungen.com\/#website"},"primaryImageOfPage":{"@id":"https:\/\/xenonkungen.com\/produkt\/relakabelsats-1st-4pol-dt-2m-80a-rela-60a\/#primaryimage"},"image":{"@id":"https:\/\/xenonkungen.com\/produkt\/relakabelsats-1st-4pol-dt-2m-80a-rela-60a\/#primaryimage"},"thumbnailUrl":"https:\/\/xenonkungen.com\/wp-content\/uploads\/2025\/04\/15837_itemimage_mainfront.jpg","datePublished":"2025-04-15T08:50:54+00:00","dateModified":"2026-03-04T15:51:50+00:00","breadcrumb":{"@id":"https:\/\/xenonkungen.com\/produkt\/relakabelsats-1st-4pol-dt-2m-80a-rela-60a\/#breadcrumb"},"inLanguage":"da-DK","potentialAction":[{"@type":"ReadAction","target":["https:\/\/xenonkungen.com\/produkt\/relakabelsats-1st-4pol-dt-2m-80a-rela-60a\/"]}]},{"@type":"ImageObject","inLanguage":"da-DK","@id":"https:\/\/xenonkungen.com\/produkt\/relakabelsats-1st-4pol-dt-2m-80a-rela-60a\/#primaryimage","url":"https:\/\/xenonkungen.com\/wp-content\/uploads\/2025\/04\/15837_itemimage_mainfront.jpg","contentUrl":"https:\/\/xenonkungen.com\/wp-content\/uploads\/2025\/04\/15837_itemimage_mainfront.jpg","width":2048,"height":1536},{"@type":"BreadcrumbList","@id":"https:\/\/xenonkungen.com\/produkt\/relakabelsats-1st-4pol-dt-2m-80a-rela-60a\/#breadcrumb","itemListElement":[{"@type":"ListItem","position":1,"name":"Hem","item":"https:\/\/xenonkungen.com\/"},{"@type":"ListItem","position":2,"name":"Shop","item":"https:\/\/xenonkungen.com\/shop\/"},{"@type":"ListItem","position":3,"name":"Rel\u00e4kabelsats 1st 4pol DT 2m 80A Rel\u00e4 60A"}]},{"@type":"WebSite","@id":"https:\/\/xenonkungen.com\/#website","url":"https:\/\/xenonkungen.com\/","name":"Xenonkungen","description":"","potentialAction":[{"@type":"SearchAction","target":{"@type":"EntryPoint","urlTemplate":"https:\/\/xenonkungen.com\/?s={search_term_string}"},"query-input":{"@type":"PropertyValueSpecification","valueRequired":true,"valueName":"search_term_string"}}],"inLanguage":"da-DK"}]}},"taxonomy_info":{"product_brand":[{"value":117,"label":"Xenonkungen"}],"product_cat":[{"value":2828,"label":"Installation LED-ramper"},{"value":2795,"label":"Kablar och Rel\u00e4"},{"value":2796,"label":"Rel\u00e4kabelsatser"},{"value":2488,"label":"Rel\u00e4sats"},{"value":2491,"label":"Rel\u00e4sats"},{"value":2489,"label":"Rel\u00e4satser"},{"value":2490,"label":"Rel\u00e4satser"},{"value":390,"label":"Installation"}],"product_tag":[{"value":2788,"label":"black-week-exclude"}],"pa_lampsockel-kontakt":[{"value":404,"label":"DT4"}]},"featured_image_src_large":["https:\/\/xenonkungen.com\/wp-content\/uploads\/2025\/04\/15837_itemimage_mainfront-1024x768.jpg",1024,768,true],"author_info":[],"comment_info":0,"_links":{"self":[{"href":"https:\/\/xenonkungen.com\/dk\/wp-json\/wp\/v2\/product\/3205","targetHints":{"allow":["GET"]}}],"collection":[{"href":"https:\/\/xenonkungen.com\/dk\/wp-json\/wp\/v2\/product"}],"about":[{"href":"https:\/\/xenonkungen.com\/dk\/wp-json\/wp\/v2\/types\/product"}],"replies":[{"embeddable":true,"href":"https:\/\/xenonkungen.com\/dk\/wp-json\/wp\/v2\/comments?post=3205"}],"wp:featuredmedia":[{"embeddable":true,"href":"https:\/\/xenonkungen.com\/dk\/wp-json\/wp\/v2\/media\/3206"}],"wp:attachment":[{"href":"https:\/\/xenonkungen.com\/dk\/wp-json\/wp\/v2\/media?parent=3205"}],"wp:term":[{"taxonomy":"anvandningsomrade","embeddable":true,"href":"https:\/\/xenonkungen.com\/dk\/wp-json\/wp\/v2\/anvandningsomrade?post=3205"},{"taxonomy":"bilmarken","embeddable":true,"href":"https:\/\/xenonkungen.com\/dk\/wp-json\/wp\/v2\/bilmarken?post=3205"},{"taxonomy":"product_brand","embeddable":true,"href":"https:\/\/xenonkungen.com\/dk\/wp-json\/wp\/v2\/product_brand?post=3205"},{"taxonomy":"product_cat","embeddable":true,"href":"https:\/\/xenonkungen.com\/dk\/wp-json\/wp\/v2\/product_cat?post=3205"},{"taxonomy":"product_tag","embeddable":true,"href":"https:\/\/xenonkungen.com\/dk\/wp-json\/wp\/v2\/product_tag?post=3205"}],"curies":[{"name":"wp","href":"https:\/\/api.w.org\/{rel}","templated":true}]}}