{"id":3220,"date":"2025-04-15T08:51:07","date_gmt":"2025-04-15T08:51:07","guid":{"rendered":"https:\/\/xenonkungen.com\/product\/briodlights-roterande-v-ljus-batteri-fjarrkontroll-kabel\/"},"modified":"2026-04-19T09:10:44","modified_gmt":"2026-04-19T08:10:44","slug":"briolights-roterende-v-lys-batteri-fjernbetjeningskabel","status":"publish","type":"product","link":"https:\/\/xenonkungen.com\/dk\/vare\/briolights-roterende-v-lys-batteri-fjernbetjeningskabel\/","title":{"rendered":"BriodLights roterende V-lys Batterifjernbetjeningskabel"},"content":{"rendered":"<h1>LED roterende advarselslampe med magnetisk montering: Fleksibel og effektiv<\/h1>\n<h2>Nem aktivering og brug<\/h2>\n<p>LED roterende advarselslampe med magnetisk montering er et meget nyttigt og praktisk v\u00e6rkt\u00f8j til trafiksikkerhed. Advarselslampen er batteridrevet og kan nemt aktiveres med et tryk p\u00e5 en knap, enten direkte p\u00e5 advarselslampen eller ved hj\u00e6lp af den medf\u00f8lgende fjernbetjening. Denne fleksibilitet g\u00f8r den til en enkel l\u00f8sning til at \u00f8ge sikkerheden i mange forskellige situationer.<\/p>\n<h2>Effektiv drift og hurtig opladning<\/h2>\n<p>Lygten har en imponerende batterilevetid p\u00e5 6 timer og tager kun 4 timer at oplade helt, hvilket betyder, at du kan v\u00e6re sikker p\u00e5, at din advarselslampe er klar til brug, n\u00e5r du har mest brug for den.<\/p>\n<h2>Nem montering og h\u00f8j maksimal hastighed<\/h2>\n<p>Advarselslampen monteres nemt med den indbyggede magnet med kombineret sugekop, hvilket g\u00f8r den meget nem at fastg\u00f8re til dit k\u00f8ret\u00f8j. Derudover tillader denne advarselslampe en maksimal hastighed p\u00e5 120 km\/t med dette produkt monteret p\u00e5 et k\u00f8ret\u00f8j, hvilket g\u00f8r den til et fremragende valg til b\u00e5de by- og motorvejsk\u00f8rsel.<\/p>\n<h2>Produktspecifikationer<\/h2>\n<ul>\n<li>Roterende LED-fyrt\u00e5rn<\/li>\n<li>Magnetisk holder med kombineret sugekop<\/li>\n<li>Batteridrevet, 6 timers batterilevetid<\/li>\n<li>Opladningstid: 4 timer<\/li>\n<li>Fjernbetjening inkluderet<\/li>\n<li>ECER65, EMCR10<\/li>\n<li>Maksimal hastighed med produktet monteret: 120 km\/t<\/li>\n<\/ul>","protected":false},"excerpt":{"rendered":"<p>LED Roterande Varningsljus med Magnetf\u00e4ste: Flexibel och Effektiv Enkel Aktivering och Anv\u00e4ndning LED roterande varningsljus med magnetf\u00e4ste \u00e4r ett mycket anv\u00e4ndbart och praktiskt verktyg f\u00f6r s\u00e4kerhet p\u00e5 v\u00e4gen. Varningsljuset \u00e4r batteridrivet och kan enkelt aktiveras med bara ett knapptryck, antingen direkt p\u00e5 varningsljuset eller med hj\u00e4lp av den medf\u00f6ljande fj\u00e4rrkontrollen. Denna flexibilitet g\u00f6r det till [&hellip;]<\/p>","protected":false},"featured_media":3221,"comment_status":"closed","ping_status":"open","template":"","meta":{"_acf_changed":false,"_smort_price_nok":"1602","_smort_price_dkk":"1018","_smort_price_eur":"136.36","_smort_sale_price_nok":"","_smort_sale_price_dkk":"","_smort_sale_price_eur":"","smort_restorder":"","shipmondo_restorder":"","_kad_blocks_custom_css":"","_kad_blocks_head_custom_js":"","_kad_blocks_body_custom_js":"","_kad_blocks_footer_custom_js":"","smort_custom_pricelist_1":"960","smort_custom_pricelist_2":"840","smort_custom_pricelist_3":"798","smort_custom_pricelist_4":"1200","smort_custom_pricelist_5":"840"},"anvandningsomrade":[],"bilmarken":[],"product_brand":[92],"product_cat":[2558,1061],"product_tag":[2788],"class_list":{"0":"post-3220","1":"product","2":"type-product","3":"status-publish","4":"has-post-thumbnail","6":"product_brand-briodlights","7":"product_cat-saftblandare-roterande-lyktor","8":"product_cat-varningsljus","9":"product_tag-black-week-exclude","10":"pa_fargtemperatur-amber","11":"pa_fuktskydd-varde-ipxx-ip67","12":"pa_godkannande-ece-r65-emc-r10","13":"pa_led-chips-effekt-w-1062","14":"pa_volt-v-776","16":"first","17":"onbackorder","18":"taxable","19":"shipping-taxable","20":"purchasable","21":"product-type-simple"},"bundled_by":[],"bundle_stock_status":"onbackorder","bundle_stock_quantity":-1,"bundle_virtual":false,"bundle_layout":"","bundle_add_to_cart_form_location":"","bundle_editable_in_cart":false,"bundle_sold_individually_context":"","bundle_item_grouping":"","bundle_min_size":"","bundle_max_size":"","bundle_price":[],"bundled_items":[],"bundle_sell_ids":[],"acf":[],"yoast_head":"<!-- This site is optimized with the Yoast SEO plugin v27.0 - https:\/\/yoast.com\/product\/yoast-seo-wordpress\/ -->\n<title>BriodLights Roterande V-ljus Batteri Fj\u00e4rrkontroll kabel - Xenonkungen<\/title>\n<meta name=\"robots\" content=\"index, follow, max-snippet:-1, max-image-preview:large, max-video-preview:-1\" \/>\n<link rel=\"canonical\" href=\"https:\/\/xenonkungen.com\/dk\/vare\/briolights-roterende-v-lys-batteri-fjernbetjeningskabel\/\" \/>\n<meta property=\"og:locale\" content=\"da_DK\" \/>\n<meta property=\"og:type\" content=\"article\" \/>\n<meta property=\"og:title\" content=\"BriodLights Roterande V-ljus Batteri Fj\u00e4rrkontroll kabel - Xenonkungen\" \/>\n<meta property=\"og:description\" content=\"LED Roterande Varningsljus med Magnetf\u00e4ste: Flexibel och Effektiv Enkel Aktivering och Anv\u00e4ndning LED roterande varningsljus med magnetf\u00e4ste \u00e4r ett mycket anv\u00e4ndbart och praktiskt verktyg f\u00f6r s\u00e4kerhet p\u00e5 v\u00e4gen. Varningsljuset \u00e4r batteridrivet och kan enkelt aktiveras med bara ett knapptryck, antingen direkt p\u00e5 varningsljuset eller med hj\u00e4lp av den medf\u00f6ljande fj\u00e4rrkontrollen. Denna flexibilitet g\u00f6r det till [&hellip;]\" \/>\n<meta property=\"og:url\" content=\"https:\/\/xenonkungen.com\/dk\/vare\/briolights-roterende-v-lys-batteri-fjernbetjeningskabel\/\" \/>\n<meta property=\"og:site_name\" content=\"Xenonkungen\" \/>\n<meta property=\"article:modified_time\" content=\"2026-04-19T08:10:44+00:00\" \/>\n<meta property=\"og:image\" content=\"https:\/\/xenonkungen.com\/wp-content\/uploads\/2025\/04\/19501_itemimage_mainfront.jpg\" \/>\n\t<meta property=\"og:image:width\" content=\"2048\" \/>\n\t<meta property=\"og:image:height\" content=\"1536\" \/>\n\t<meta property=\"og:image:type\" content=\"image\/jpeg\" \/>\n<meta name=\"twitter:card\" content=\"summary_large_image\" \/>\n<meta name=\"twitter:label1\" content=\"Estimeret l\u00e6setid\" \/>\n\t<meta name=\"twitter:data1\" content=\"1 minut\" \/>\n<script type=\"application\/ld+json\" class=\"yoast-schema-graph\">{\"@context\":\"https:\/\/schema.org\",\"@graph\":[{\"@type\":\"WebPage\",\"@id\":\"https:\/\/xenonkungen.com\/produkt\/briodlights-roterande-v-ljus-batteri-fjarrkontroll-kabel\/\",\"url\":\"https:\/\/xenonkungen.com\/produkt\/briodlights-roterande-v-ljus-batteri-fjarrkontroll-kabel\/\",\"name\":\"BriodLights Roterande V-ljus Batteri Fj\u00e4rrkontroll kabel - Xenonkungen\",\"isPartOf\":{\"@id\":\"https:\/\/xenonkungen.com\/#website\"},\"primaryImageOfPage\":{\"@id\":\"https:\/\/xenonkungen.com\/produkt\/briodlights-roterande-v-ljus-batteri-fjarrkontroll-kabel\/#primaryimage\"},\"image\":{\"@id\":\"https:\/\/xenonkungen.com\/produkt\/briodlights-roterande-v-ljus-batteri-fjarrkontroll-kabel\/#primaryimage\"},\"thumbnailUrl\":\"https:\/\/xenonkungen.com\/wp-content\/uploads\/2025\/04\/19501_itemimage_mainfront.jpg\",\"datePublished\":\"2025-04-15T08:51:07+00:00\",\"dateModified\":\"2026-04-19T08:10:44+00:00\",\"breadcrumb\":{\"@id\":\"https:\/\/xenonkungen.com\/produkt\/briodlights-roterande-v-ljus-batteri-fjarrkontroll-kabel\/#breadcrumb\"},\"inLanguage\":\"da-DK\",\"potentialAction\":[{\"@type\":\"ReadAction\",\"target\":[\"https:\/\/xenonkungen.com\/produkt\/briodlights-roterande-v-ljus-batteri-fjarrkontroll-kabel\/\"]}]},{\"@type\":\"ImageObject\",\"inLanguage\":\"da-DK\",\"@id\":\"https:\/\/xenonkungen.com\/produkt\/briodlights-roterande-v-ljus-batteri-fjarrkontroll-kabel\/#primaryimage\",\"url\":\"https:\/\/xenonkungen.com\/wp-content\/uploads\/2025\/04\/19501_itemimage_mainfront.jpg\",\"contentUrl\":\"https:\/\/xenonkungen.com\/wp-content\/uploads\/2025\/04\/19501_itemimage_mainfront.jpg\",\"width\":2048,\"height\":1536},{\"@type\":\"BreadcrumbList\",\"@id\":\"https:\/\/xenonkungen.com\/produkt\/briodlights-roterande-v-ljus-batteri-fjarrkontroll-kabel\/#breadcrumb\",\"itemListElement\":[{\"@type\":\"ListItem\",\"position\":1,\"name\":\"Hem\",\"item\":\"https:\/\/xenonkungen.com\/\"},{\"@type\":\"ListItem\",\"position\":2,\"name\":\"Shop\",\"item\":\"https:\/\/xenonkungen.com\/shop\/\"},{\"@type\":\"ListItem\",\"position\":3,\"name\":\"BriodLights Roterande V-ljus Batteri Fj\u00e4rrkontroll kabel\"}]},{\"@type\":\"WebSite\",\"@id\":\"https:\/\/xenonkungen.com\/#website\",\"url\":\"https:\/\/xenonkungen.com\/\",\"name\":\"Xenonkungen\",\"description\":\"\",\"potentialAction\":[{\"@type\":\"SearchAction\",\"target\":{\"@type\":\"EntryPoint\",\"urlTemplate\":\"https:\/\/xenonkungen.com\/?s={search_term_string}\"},\"query-input\":{\"@type\":\"PropertyValueSpecification\",\"valueRequired\":true,\"valueName\":\"search_term_string\"}}],\"inLanguage\":\"da-DK\"}]}<\/script>\n<!-- \/ Yoast SEO plugin. -->","yoast_head_json":{"title":"BriodLights roterende V-light batteri fjernbetjeningskabel - Xenonkungen","robots":{"index":"index","follow":"follow","max-snippet":"max-snippet:-1","max-image-preview":"max-image-preview:large","max-video-preview":"max-video-preview:-1"},"canonical":"https:\/\/xenonkungen.com\/dk\/vare\/briolights-roterende-v-lys-batteri-fjernbetjeningskabel\/","og_locale":"da_DK","og_type":"article","og_title":"BriodLights Roterande V-ljus Batteri Fj\u00e4rrkontroll kabel - Xenonkungen","og_description":"LED Roterande Varningsljus med Magnetf\u00e4ste: Flexibel och Effektiv Enkel Aktivering och Anv\u00e4ndning LED roterande varningsljus med magnetf\u00e4ste \u00e4r ett mycket anv\u00e4ndbart och praktiskt verktyg f\u00f6r s\u00e4kerhet p\u00e5 v\u00e4gen. Varningsljuset \u00e4r batteridrivet och kan enkelt aktiveras med bara ett knapptryck, antingen direkt p\u00e5 varningsljuset eller med hj\u00e4lp av den medf\u00f6ljande fj\u00e4rrkontrollen. Denna flexibilitet g\u00f6r det till [&hellip;]","og_url":"https:\/\/xenonkungen.com\/dk\/vare\/briolights-roterende-v-lys-batteri-fjernbetjeningskabel\/","og_site_name":"Xenonkungen","article_modified_time":"2026-04-19T08:10:44+00:00","og_image":[{"width":2048,"height":1536,"url":"https:\/\/xenonkungen.com\/wp-content\/uploads\/2025\/04\/19501_itemimage_mainfront.jpg","type":"image\/jpeg"}],"twitter_card":"summary_large_image","twitter_misc":{"Estimeret l\u00e6setid":"1 minut"},"schema":{"@context":"https:\/\/schema.org","@graph":[{"@type":"WebPage","@id":"https:\/\/xenonkungen.com\/produkt\/briodlights-roterande-v-ljus-batteri-fjarrkontroll-kabel\/","url":"https:\/\/xenonkungen.com\/produkt\/briodlights-roterande-v-ljus-batteri-fjarrkontroll-kabel\/","name":"BriodLights roterende V-light batteri fjernbetjeningskabel - Xenonkungen","isPartOf":{"@id":"https:\/\/xenonkungen.com\/#website"},"primaryImageOfPage":{"@id":"https:\/\/xenonkungen.com\/produkt\/briodlights-roterande-v-ljus-batteri-fjarrkontroll-kabel\/#primaryimage"},"image":{"@id":"https:\/\/xenonkungen.com\/produkt\/briodlights-roterande-v-ljus-batteri-fjarrkontroll-kabel\/#primaryimage"},"thumbnailUrl":"https:\/\/xenonkungen.com\/wp-content\/uploads\/2025\/04\/19501_itemimage_mainfront.jpg","datePublished":"2025-04-15T08:51:07+00:00","dateModified":"2026-04-19T08:10:44+00:00","breadcrumb":{"@id":"https:\/\/xenonkungen.com\/produkt\/briodlights-roterande-v-ljus-batteri-fjarrkontroll-kabel\/#breadcrumb"},"inLanguage":"da-DK","potentialAction":[{"@type":"ReadAction","target":["https:\/\/xenonkungen.com\/produkt\/briodlights-roterande-v-ljus-batteri-fjarrkontroll-kabel\/"]}]},{"@type":"ImageObject","inLanguage":"da-DK","@id":"https:\/\/xenonkungen.com\/produkt\/briodlights-roterande-v-ljus-batteri-fjarrkontroll-kabel\/#primaryimage","url":"https:\/\/xenonkungen.com\/wp-content\/uploads\/2025\/04\/19501_itemimage_mainfront.jpg","contentUrl":"https:\/\/xenonkungen.com\/wp-content\/uploads\/2025\/04\/19501_itemimage_mainfront.jpg","width":2048,"height":1536},{"@type":"BreadcrumbList","@id":"https:\/\/xenonkungen.com\/produkt\/briodlights-roterande-v-ljus-batteri-fjarrkontroll-kabel\/#breadcrumb","itemListElement":[{"@type":"ListItem","position":1,"name":"Hem","item":"https:\/\/xenonkungen.com\/"},{"@type":"ListItem","position":2,"name":"Shop","item":"https:\/\/xenonkungen.com\/shop\/"},{"@type":"ListItem","position":3,"name":"BriodLights Roterande V-ljus Batteri Fj\u00e4rrkontroll kabel"}]},{"@type":"WebSite","@id":"https:\/\/xenonkungen.com\/#website","url":"https:\/\/xenonkungen.com\/","name":"Xenonkungen","description":"","potentialAction":[{"@type":"SearchAction","target":{"@type":"EntryPoint","urlTemplate":"https:\/\/xenonkungen.com\/?s={search_term_string}"},"query-input":{"@type":"PropertyValueSpecification","valueRequired":true,"valueName":"search_term_string"}}],"inLanguage":"da-DK"}]}},"taxonomy_info":{"product_brand":[{"value":92,"label":"Briodlights"}],"product_cat":[{"value":2558,"label":"Saftblandare \/ Roterande lyktor"},{"value":1061,"label":"Varningsljus"}],"product_tag":[{"value":2788,"label":"black-week-exclude"}],"pa_fargtemperatur":[{"value":745,"label":"Amber"}],"pa_fuktskydd-varde-ipxx":[{"value":333,"label":"IP67"}],"pa_godkannande":[{"value":1060,"label":"ECE, R65, EMC, R10"}],"pa_led-chips-effekt-w":[{"value":1062,"label":"18"}],"pa_volt-v":[{"value":776,"label":"12,24"}]},"featured_image_src_large":["https:\/\/xenonkungen.com\/wp-content\/uploads\/2025\/04\/19501_itemimage_mainfront-1024x768.jpg",1024,768,true],"author_info":[],"comment_info":1,"_links":{"self":[{"href":"https:\/\/xenonkungen.com\/dk\/wp-json\/wp\/v2\/product\/3220","targetHints":{"allow":["GET"]}}],"collection":[{"href":"https:\/\/xenonkungen.com\/dk\/wp-json\/wp\/v2\/product"}],"about":[{"href":"https:\/\/xenonkungen.com\/dk\/wp-json\/wp\/v2\/types\/product"}],"replies":[{"embeddable":true,"href":"https:\/\/xenonkungen.com\/dk\/wp-json\/wp\/v2\/comments?post=3220"}],"wp:featuredmedia":[{"embeddable":true,"href":"https:\/\/xenonkungen.com\/dk\/wp-json\/wp\/v2\/media\/3221"}],"wp:attachment":[{"href":"https:\/\/xenonkungen.com\/dk\/wp-json\/wp\/v2\/media?parent=3220"}],"wp:term":[{"taxonomy":"anvandningsomrade","embeddable":true,"href":"https:\/\/xenonkungen.com\/dk\/wp-json\/wp\/v2\/anvandningsomrade?post=3220"},{"taxonomy":"bilmarken","embeddable":true,"href":"https:\/\/xenonkungen.com\/dk\/wp-json\/wp\/v2\/bilmarken?post=3220"},{"taxonomy":"product_brand","embeddable":true,"href":"https:\/\/xenonkungen.com\/dk\/wp-json\/wp\/v2\/product_brand?post=3220"},{"taxonomy":"product_cat","embeddable":true,"href":"https:\/\/xenonkungen.com\/dk\/wp-json\/wp\/v2\/product_cat?post=3220"},{"taxonomy":"product_tag","embeddable":true,"href":"https:\/\/xenonkungen.com\/dk\/wp-json\/wp\/v2\/product_tag?post=3220"}],"curies":[{"name":"wp","href":"https:\/\/api.w.org\/{rel}","templated":true}]}}