{"id":3237,"date":"2025-04-15T08:51:20","date_gmt":"2025-04-15T08:51:20","guid":{"rendered":"https:\/\/xenonkungen.com\/product\/briodlights-led-baklampa-backlampa-10-30-v\/"},"modified":"2025-12-10T14:44:02","modified_gmt":"2025-12-10T13:44:02","slug":"baglygter-led-baglygte-baglygte-10-30-v","status":"publish","type":"product","link":"https:\/\/xenonkungen.com\/dk\/vare\/baglygter-led-baglygte-baglygte-10-30-v\/","title":{"rendered":"BriodLights LED-baglygte baglygte 10-30 V"},"content":{"rendered":"<h1>BriodLights: LED-baglygte 10-30V med 56 dioder<\/h1>\n<p>\u00d8g synligheden og sikkerheden i dit k\u00f8ret\u00f8j med BriodLights LED-baglygten. Denne baglygte er designet med en robust lampeindsats i polycarbonat og 56 kraftige dioder og giver enest\u00e5ende lyskvalitet og holdbarhed til alle typer k\u00f8ret\u00f8jer.<\/p>\n<h2>S\u00e6rlige kendetegn:<\/h2>\n<ol>\n<li><strong>56 dioder af h\u00f8j kvalitet:<\/strong> Med sine 56 indbyggede dioder tilbyder denne LED-baglygte overlegen lyskvalitet, hvilket dramatisk \u00f8ger k\u00f8ret\u00f8jets synlighed og sikkerhed.<\/li>\n<li><strong>Lampeindsats af polykarbonat:<\/strong> Lampeindsatsen er lavet af slidst\u00e6rkt polycarbonat, som giver et ekstra lag beskyttelse mod ydre belastninger og barske vejrforhold.<\/li>\n<li><strong>Samlet kabell\u00e6ngde:<\/strong> Hver LED-baglygte leveres med en monteret kabell\u00e6ngde p\u00e5 2,5 meter, hvilket g\u00f8r installation og tilslutning nemmere.<\/li>\n<li><strong>Tilpasningsdygtigt hus:<\/strong> For yderligere tilpasningsmuligheder f\u00e5s et hus til en eller to lamper.<\/li>\n<li><strong>Indlejringsdybde:<\/strong> Med en monteringsdybde p\u00e5 45 mm tilbyder denne baglygte en problemfri og \u00e6stetisk tiltalende installation.<\/li>\n<\/ol>\n<p>Bem\u00e6rk: Kablet m\u00e5 ikke klippes kortere end 0,5 meter.<\/p>\n<p>V\u00e6lg BriodLights LED-baglygte for h\u00f8j kvalitet, holdbar og effektiv belysning.<\/p>","protected":false},"excerpt":{"rendered":"<p>BriodLights: LED Baklampa 10-30V med 56 Dioder \u00d6ka synligheten och s\u00e4kerheten f\u00f6r ditt fordon med BriodLights LED baklampa. Utformad med en robust polykarbonat lampinsats och 56 starka dioder, ger denna baklampa exceptionell ljuskvalitet och h\u00e5llbarhet f\u00f6r alla typer av fordon. Framst\u00e5ende Egenskaper: 56 H\u00f6gkvalitativa Dioder: Med sina 56 inbyggda dioder, erbjuder denna LED baklampa \u00f6verl\u00e4gsen [&hellip;]<\/p>","protected":false},"featured_media":3238,"comment_status":"closed","ping_status":"open","template":"","meta":{"_acf_changed":false,"_smort_price_nok":"1170","_smort_price_dkk":"743","_smort_price_eur":"99.54","_smort_sale_price_nok":"","_smort_sale_price_dkk":"","_smort_sale_price_eur":"","smort_restorder":"","shipmondo_restorder":"","_kad_blocks_custom_css":"","_kad_blocks_head_custom_js":"","_kad_blocks_body_custom_js":"","_kad_blocks_footer_custom_js":"","smort_custom_pricelist_1":"700.8","smort_custom_pricelist_2":"613.2","smort_custom_pricelist_3":"582.54","smort_custom_pricelist_4":"876","smort_custom_pricelist_5":"613.2"},"anvandningsomrade":[166,238,2816],"bilmarken":[],"product_brand":[92],"product_cat":[2552],"product_tag":[2788],"class_list":{"0":"post-3237","1":"product","2":"type-product","3":"status-publish","4":"has-post-thumbnail","6":"anvandningsomrade-lastbil","7":"anvandningsomrade-slap","8":"anvandningsomrade-trailer","9":"product_brand-briodlights","10":"product_cat-bakljus-slap","11":"product_tag-black-week-exclude","12":"pa_fargtemperatur-white","13":"pa_volt-v-multivolt-10-12-16-18-24-28-30","15":"first","16":"onbackorder","17":"taxable","18":"shipping-taxable","19":"purchasable","20":"product-type-simple"},"bundled_by":[],"bundle_stock_status":"onbackorder","bundle_stock_quantity":0,"bundle_virtual":false,"bundle_layout":"","bundle_add_to_cart_form_location":"","bundle_editable_in_cart":false,"bundle_sold_individually_context":"","bundle_item_grouping":"","bundle_min_size":"","bundle_max_size":"","bundle_price":[],"bundled_items":[],"bundle_sell_ids":[],"acf":[],"yoast_head":"<!-- This site is optimized with the Yoast SEO plugin v27.0 - https:\/\/yoast.com\/product\/yoast-seo-wordpress\/ -->\n<title>BriodLights LED baklampa backlampa 10-30 V - Xenonkungen<\/title>\n<meta name=\"robots\" content=\"index, follow, max-snippet:-1, max-image-preview:large, max-video-preview:-1\" \/>\n<link rel=\"canonical\" href=\"https:\/\/xenonkungen.com\/dk\/vare\/baglygter-led-baglygte-baglygte-10-30-v\/\" \/>\n<meta property=\"og:locale\" content=\"da_DK\" \/>\n<meta property=\"og:type\" content=\"article\" \/>\n<meta property=\"og:title\" content=\"BriodLights LED baklampa backlampa 10-30 V - Xenonkungen\" \/>\n<meta property=\"og:description\" content=\"BriodLights: LED Baklampa 10-30V med 56 Dioder \u00d6ka synligheten och s\u00e4kerheten f\u00f6r ditt fordon med BriodLights LED baklampa. Utformad med en robust polykarbonat lampinsats och 56 starka dioder, ger denna baklampa exceptionell ljuskvalitet och h\u00e5llbarhet f\u00f6r alla typer av fordon. Framst\u00e5ende Egenskaper: 56 H\u00f6gkvalitativa Dioder: Med sina 56 inbyggda dioder, erbjuder denna LED baklampa \u00f6verl\u00e4gsen [&hellip;]\" \/>\n<meta property=\"og:url\" content=\"https:\/\/xenonkungen.com\/dk\/vare\/baglygter-led-baglygte-baglygte-10-30-v\/\" \/>\n<meta property=\"og:site_name\" content=\"Xenonkungen\" \/>\n<meta property=\"article:modified_time\" content=\"2025-12-10T13:44:02+00:00\" \/>\n<meta property=\"og:image\" content=\"https:\/\/xenonkungen.com\/wp-content\/uploads\/2025\/04\/41930_itemimage_mainfront-2.jpg\" \/>\n\t<meta property=\"og:image:width\" content=\"2048\" \/>\n\t<meta property=\"og:image:height\" content=\"1536\" \/>\n\t<meta property=\"og:image:type\" content=\"image\/jpeg\" \/>\n<meta name=\"twitter:card\" content=\"summary_large_image\" \/>\n<meta name=\"twitter:label1\" content=\"Estimeret l\u00e6setid\" \/>\n\t<meta name=\"twitter:data1\" content=\"1 minut\" \/>\n<script type=\"application\/ld+json\" class=\"yoast-schema-graph\">{\"@context\":\"https:\/\/schema.org\",\"@graph\":[{\"@type\":\"WebPage\",\"@id\":\"https:\/\/xenonkungen.com\/produkt\/briodlights-led-baklampa-backlampa-10-30-v\/\",\"url\":\"https:\/\/xenonkungen.com\/produkt\/briodlights-led-baklampa-backlampa-10-30-v\/\",\"name\":\"BriodLights LED baklampa backlampa 10-30 V - Xenonkungen\",\"isPartOf\":{\"@id\":\"https:\/\/xenonkungen.com\/#website\"},\"primaryImageOfPage\":{\"@id\":\"https:\/\/xenonkungen.com\/produkt\/briodlights-led-baklampa-backlampa-10-30-v\/#primaryimage\"},\"image\":{\"@id\":\"https:\/\/xenonkungen.com\/produkt\/briodlights-led-baklampa-backlampa-10-30-v\/#primaryimage\"},\"thumbnailUrl\":\"https:\/\/xenonkungen.com\/wp-content\/uploads\/2025\/04\/41930_itemimage_mainfront-2.jpg\",\"datePublished\":\"2025-04-15T08:51:20+00:00\",\"dateModified\":\"2025-12-10T13:44:02+00:00\",\"breadcrumb\":{\"@id\":\"https:\/\/xenonkungen.com\/produkt\/briodlights-led-baklampa-backlampa-10-30-v\/#breadcrumb\"},\"inLanguage\":\"da-DK\",\"potentialAction\":[{\"@type\":\"ReadAction\",\"target\":[\"https:\/\/xenonkungen.com\/produkt\/briodlights-led-baklampa-backlampa-10-30-v\/\"]}]},{\"@type\":\"ImageObject\",\"inLanguage\":\"da-DK\",\"@id\":\"https:\/\/xenonkungen.com\/produkt\/briodlights-led-baklampa-backlampa-10-30-v\/#primaryimage\",\"url\":\"https:\/\/xenonkungen.com\/wp-content\/uploads\/2025\/04\/41930_itemimage_mainfront-2.jpg\",\"contentUrl\":\"https:\/\/xenonkungen.com\/wp-content\/uploads\/2025\/04\/41930_itemimage_mainfront-2.jpg\",\"width\":2048,\"height\":1536},{\"@type\":\"BreadcrumbList\",\"@id\":\"https:\/\/xenonkungen.com\/produkt\/briodlights-led-baklampa-backlampa-10-30-v\/#breadcrumb\",\"itemListElement\":[{\"@type\":\"ListItem\",\"position\":1,\"name\":\"Hem\",\"item\":\"https:\/\/xenonkungen.com\/\"},{\"@type\":\"ListItem\",\"position\":2,\"name\":\"Shop\",\"item\":\"https:\/\/xenonkungen.com\/shop\/\"},{\"@type\":\"ListItem\",\"position\":3,\"name\":\"BriodLights LED baklampa backlampa 10-30 V\"}]},{\"@type\":\"WebSite\",\"@id\":\"https:\/\/xenonkungen.com\/#website\",\"url\":\"https:\/\/xenonkungen.com\/\",\"name\":\"Xenonkungen\",\"description\":\"\",\"potentialAction\":[{\"@type\":\"SearchAction\",\"target\":{\"@type\":\"EntryPoint\",\"urlTemplate\":\"https:\/\/xenonkungen.com\/?s={search_term_string}\"},\"query-input\":{\"@type\":\"PropertyValueSpecification\",\"valueRequired\":true,\"valueName\":\"search_term_string\"}}],\"inLanguage\":\"da-DK\"}]}<\/script>\n<!-- \/ Yoast SEO plugin. -->","yoast_head_json":{"title":"BriodLights LED baglygte baglygte 10-30 V - Xenon-kongen","robots":{"index":"index","follow":"follow","max-snippet":"max-snippet:-1","max-image-preview":"max-image-preview:large","max-video-preview":"max-video-preview:-1"},"canonical":"https:\/\/xenonkungen.com\/dk\/vare\/baglygter-led-baglygte-baglygte-10-30-v\/","og_locale":"da_DK","og_type":"article","og_title":"BriodLights LED baklampa backlampa 10-30 V - Xenonkungen","og_description":"BriodLights: LED Baklampa 10-30V med 56 Dioder \u00d6ka synligheten och s\u00e4kerheten f\u00f6r ditt fordon med BriodLights LED baklampa. Utformad med en robust polykarbonat lampinsats och 56 starka dioder, ger denna baklampa exceptionell ljuskvalitet och h\u00e5llbarhet f\u00f6r alla typer av fordon. Framst\u00e5ende Egenskaper: 56 H\u00f6gkvalitativa Dioder: Med sina 56 inbyggda dioder, erbjuder denna LED baklampa \u00f6verl\u00e4gsen [&hellip;]","og_url":"https:\/\/xenonkungen.com\/dk\/vare\/baglygter-led-baglygte-baglygte-10-30-v\/","og_site_name":"Xenonkungen","article_modified_time":"2025-12-10T13:44:02+00:00","og_image":[{"width":2048,"height":1536,"url":"https:\/\/xenonkungen.com\/wp-content\/uploads\/2025\/04\/41930_itemimage_mainfront-2.jpg","type":"image\/jpeg"}],"twitter_card":"summary_large_image","twitter_misc":{"Estimeret l\u00e6setid":"1 minut"},"schema":{"@context":"https:\/\/schema.org","@graph":[{"@type":"WebPage","@id":"https:\/\/xenonkungen.com\/produkt\/briodlights-led-baklampa-backlampa-10-30-v\/","url":"https:\/\/xenonkungen.com\/produkt\/briodlights-led-baklampa-backlampa-10-30-v\/","name":"BriodLights LED baglygte baglygte 10-30 V - Xenon-kongen","isPartOf":{"@id":"https:\/\/xenonkungen.com\/#website"},"primaryImageOfPage":{"@id":"https:\/\/xenonkungen.com\/produkt\/briodlights-led-baklampa-backlampa-10-30-v\/#primaryimage"},"image":{"@id":"https:\/\/xenonkungen.com\/produkt\/briodlights-led-baklampa-backlampa-10-30-v\/#primaryimage"},"thumbnailUrl":"https:\/\/xenonkungen.com\/wp-content\/uploads\/2025\/04\/41930_itemimage_mainfront-2.jpg","datePublished":"2025-04-15T08:51:20+00:00","dateModified":"2025-12-10T13:44:02+00:00","breadcrumb":{"@id":"https:\/\/xenonkungen.com\/produkt\/briodlights-led-baklampa-backlampa-10-30-v\/#breadcrumb"},"inLanguage":"da-DK","potentialAction":[{"@type":"ReadAction","target":["https:\/\/xenonkungen.com\/produkt\/briodlights-led-baklampa-backlampa-10-30-v\/"]}]},{"@type":"ImageObject","inLanguage":"da-DK","@id":"https:\/\/xenonkungen.com\/produkt\/briodlights-led-baklampa-backlampa-10-30-v\/#primaryimage","url":"https:\/\/xenonkungen.com\/wp-content\/uploads\/2025\/04\/41930_itemimage_mainfront-2.jpg","contentUrl":"https:\/\/xenonkungen.com\/wp-content\/uploads\/2025\/04\/41930_itemimage_mainfront-2.jpg","width":2048,"height":1536},{"@type":"BreadcrumbList","@id":"https:\/\/xenonkungen.com\/produkt\/briodlights-led-baklampa-backlampa-10-30-v\/#breadcrumb","itemListElement":[{"@type":"ListItem","position":1,"name":"Hem","item":"https:\/\/xenonkungen.com\/"},{"@type":"ListItem","position":2,"name":"Shop","item":"https:\/\/xenonkungen.com\/shop\/"},{"@type":"ListItem","position":3,"name":"BriodLights LED baklampa backlampa 10-30 V"}]},{"@type":"WebSite","@id":"https:\/\/xenonkungen.com\/#website","url":"https:\/\/xenonkungen.com\/","name":"Xenonkungen","description":"","potentialAction":[{"@type":"SearchAction","target":{"@type":"EntryPoint","urlTemplate":"https:\/\/xenonkungen.com\/?s={search_term_string}"},"query-input":{"@type":"PropertyValueSpecification","valueRequired":true,"valueName":"search_term_string"}}],"inLanguage":"da-DK"}]}},"taxonomy_info":{"anvandningsomrade":[{"value":166,"label":"Lastbil"},{"value":238,"label":"SL\u00c4P"},{"value":2816,"label":"TRAILER"}],"product_brand":[{"value":92,"label":"Briodlights"}],"product_cat":[{"value":2552,"label":"Bakljus"}],"product_tag":[{"value":2788,"label":"black-week-exclude"}],"pa_fargtemperatur":[{"value":1065,"label":"White"}],"pa_volt-v":[{"value":773,"label":"Multivolt, 10, 12, 16, 18, 24, 28, 30"}]},"featured_image_src_large":["https:\/\/xenonkungen.com\/wp-content\/uploads\/2025\/04\/41930_itemimage_mainfront-2-1024x768.jpg",1024,768,true],"author_info":[],"comment_info":0,"_links":{"self":[{"href":"https:\/\/xenonkungen.com\/dk\/wp-json\/wp\/v2\/product\/3237","targetHints":{"allow":["GET"]}}],"collection":[{"href":"https:\/\/xenonkungen.com\/dk\/wp-json\/wp\/v2\/product"}],"about":[{"href":"https:\/\/xenonkungen.com\/dk\/wp-json\/wp\/v2\/types\/product"}],"replies":[{"embeddable":true,"href":"https:\/\/xenonkungen.com\/dk\/wp-json\/wp\/v2\/comments?post=3237"}],"wp:featuredmedia":[{"embeddable":true,"href":"https:\/\/xenonkungen.com\/dk\/wp-json\/wp\/v2\/media\/3238"}],"wp:attachment":[{"href":"https:\/\/xenonkungen.com\/dk\/wp-json\/wp\/v2\/media?parent=3237"}],"wp:term":[{"taxonomy":"anvandningsomrade","embeddable":true,"href":"https:\/\/xenonkungen.com\/dk\/wp-json\/wp\/v2\/anvandningsomrade?post=3237"},{"taxonomy":"bilmarken","embeddable":true,"href":"https:\/\/xenonkungen.com\/dk\/wp-json\/wp\/v2\/bilmarken?post=3237"},{"taxonomy":"product_brand","embeddable":true,"href":"https:\/\/xenonkungen.com\/dk\/wp-json\/wp\/v2\/product_brand?post=3237"},{"taxonomy":"product_cat","embeddable":true,"href":"https:\/\/xenonkungen.com\/dk\/wp-json\/wp\/v2\/product_cat?post=3237"},{"taxonomy":"product_tag","embeddable":true,"href":"https:\/\/xenonkungen.com\/dk\/wp-json\/wp\/v2\/product_tag?post=3237"}],"curies":[{"name":"wp","href":"https:\/\/api.w.org\/{rel}","templated":true}]}}