{"id":3262,"date":"2025-04-15T08:52:23","date_gmt":"2025-04-15T08:52:23","guid":{"rendered":"https:\/\/xenonkungen.com\/product\/ozz-xr2-p7-black\/"},"modified":"2026-04-24T16:52:08","modified_gmt":"2026-04-24T15:52:08","slug":"ozz-xr2-p7-sort","status":"publish","type":"product","link":"https:\/\/xenonkungen.com\/dk\/vare\/ozz-xr2-p7-sort\/","title":{"rendered":"OZZ XR2 P7\u2033 Sort"},"content":{"rendered":"<h1>OZZ XR2 P7\u2033 Sort 178 mm - Sikkerhed, Dynamik, Kraft<\/h1>\n<p>Opgrader din k\u00f8reoplevelse med OZZ XR2 P7\" LED-hj\u00e6lpelygten, som ikke kun st\u00e5r for \u00e6stetik og innovativt design, men ogs\u00e5 for \u00f8get sikkerhed p\u00e5 vejen. Den dynamiske startfunktion med positionslys i b\u00e5de hvid og orange sikrer, at du er tydeligt synlig under alle vejrforhold, mens den kraftige lysstr\u00e5le med en r\u00e6kkevidde p\u00e5 1 lux ved 470 meter sikrer optimal synlighed i m\u00f8rke.<\/p>\n<ul>\n<li>R\u00e6kkevidde: 1 lux @ 470 m<\/li>\n<li>Dynamisk startpositionslys: hvid\/orange<\/li>\n<li>M\u00e5lte lumen: 5800 lm<\/li>\n<li>Teoretisk lumen: 7200 lm<\/li>\n<li>Farvetemperatur: 5000 K<\/li>\n<\/ul>\n<p>Forbedringen stopper ikke ved lygtens r\u00e6kkevidde; den \u00f8gede sikkerhed g\u00e6lder ogs\u00e5 de anvendte materialer. Med et robust aluminiumshus og en linse af slidst\u00e6rkt polykarbonat er denne lampe bygget til at modst\u00e5 barske vejrforhold og beskytte dig ved at sikre konstant og p\u00e5lidelig belysning p\u00e5 alle dine rejser.<\/p>\n<p>Den forst\u00e6rkede beskyttelse med IP69K-klassificering giver den h\u00f8jeste grad af forsegling mod st\u00f8v og vand, hvilket sikrer, at lygten fungerer fejlfrit selv under de mest kr\u00e6vende forhold. Derudover sikrer et bredt temperaturomr\u00e5de fra -40 \u00b0C til +60 \u00b0C, at ekstralygten altid yder sit bedste, uanset klimaet, hvilket bidrager til mere sikker k\u00f8rsel.<\/p>\n<p>Denne lygte er udstyret med 16 dioder, som skaber en kraftig og p\u00e5lidelig lyskilde, der er klar til at oplyse de m\u00f8rkeste veje og holde dig sikker p\u00e5 vejen. Med OZZ XR2 P7\" f\u00e5r du ikke kun et teknisk mesterv\u00e6rk, men ogs\u00e5 et produkt, der tager din sikkerhed alvorligt.<\/p>","protected":false},"excerpt":{"rendered":"<p>\u00d8g din sikkerhed p\u00e5 vejen med OZZ XR2 P7\" LED-hj\u00e6lpelygten. Med avanceret teknologi og et stilfuldt design tilbyder denne ekstralygte overlegen lysstyrke, der garanterer dig optimal synlighed under alle forhold. Nyd en mere sikker og behagelig k\u00f8reoplevelse.<\/p>","protected":false},"featured_media":3263,"comment_status":"closed","ping_status":"closed","template":"","meta":{"_acf_changed":false,"_smort_price_nok":"2991","_smort_price_dkk":"1900","_smort_price_eur":"254.53","_smort_sale_price_nok":"","_smort_sale_price_dkk":"","_smort_sale_price_eur":"","smort_restorder":"","shipmondo_restorder":"","_kad_blocks_custom_css":"","_kad_blocks_head_custom_js":"","_kad_blocks_body_custom_js":"","_kad_blocks_footer_custom_js":"","smort_custom_pricelist_1":"1792","smort_custom_pricelist_2":"1792","smort_custom_pricelist_3":"1792","smort_custom_pricelist_4":"2240","smort_custom_pricelist_5":"1792"},"anvandningsomrade":[],"bilmarken":[],"product_brand":[1051,109],"product_cat":[2838,142],"product_tag":[2788],"class_list":{"0":"post-3262","1":"product","2":"type-product","3":"status-publish","4":"has-post-thumbnail","6":"product_brand-ozz","7":"product_brand-ozz-lights","8":"product_cat-extraljus-7","9":"product_cat-extraljus","10":"product_tag-black-week-exclude","11":"pa_fargtemperatur-5000k","12":"pa_fuktskydd-varde-ipxx-ip69k","13":"pa_godkannande-ece-r112-r7-r10-ce","14":"pa_lampsockel-kontakt-dt4","15":"pa_led-chips-effekt-w-78-756","16":"pa_ljusbild-driving","17":"pa_stromforbrukning-26a24v","18":"pa_stromforbrukning-568a12v","19":"pa_volt-v-multivolt-10-12-16-18-24-28-30-36","21":"first","22":"onbackorder","23":"taxable","24":"shipping-taxable","25":"purchasable","26":"product-type-simple"},"bundled_by":["9445","9457","9480","9495"],"bundle_stock_status":"onbackorder","bundle_stock_quantity":0,"bundle_virtual":false,"bundle_layout":"","bundle_add_to_cart_form_location":"","bundle_editable_in_cart":false,"bundle_sold_individually_context":"","bundle_item_grouping":"","bundle_min_size":"","bundle_max_size":"","bundle_price":[],"bundled_items":[],"bundle_sell_ids":[],"acf":[],"yoast_head":"<!-- This site is optimized with the Yoast SEO plugin v27.0 - https:\/\/yoast.com\/product\/yoast-seo-wordpress\/ -->\n<title>OZZ XR2 P7&quot; Black - Xenonkungen<\/title>\n<meta name=\"robots\" content=\"index, follow, max-snippet:-1, max-image-preview:large, max-video-preview:-1\" \/>\n<link rel=\"canonical\" href=\"https:\/\/xenonkungen.com\/dk\/vare\/ozz-xr2-p7-sort\/\" \/>\n<meta property=\"og:locale\" content=\"da_DK\" \/>\n<meta property=\"og:type\" content=\"article\" \/>\n<meta property=\"og:title\" content=\"OZZ XR2 P7&quot; Black - Xenonkungen\" \/>\n<meta property=\"og:description\" content=\"\u00d6ka din s\u00e4kerhet p\u00e5 v\u00e4gen med OZZ XR2 P7\u201d LED extraljus. Med avancerad teknik och en stilren design, erbjuder detta extraljus en \u00f6verl\u00e4gsen ljusstyrka som garanterar dig optimal sikt under alla f\u00f6rh\u00e5llanden. Upplev en s\u00e4krare och mer behaglig k\u00f6rupplevelse.\" \/>\n<meta property=\"og:url\" content=\"https:\/\/xenonkungen.com\/dk\/vare\/ozz-xr2-p7-sort\/\" \/>\n<meta property=\"og:site_name\" content=\"Xenonkungen\" \/>\n<meta property=\"article:modified_time\" content=\"2026-04-24T15:52:08+00:00\" \/>\n<meta property=\"og:image\" content=\"https:\/\/xenonkungen.com\/wp-content\/uploads\/2025\/04\/205408167-origpic-0d1417.png\" \/>\n\t<meta property=\"og:image:width\" content=\"1000\" \/>\n\t<meta property=\"og:image:height\" content=\"1049\" \/>\n\t<meta property=\"og:image:type\" content=\"image\/png\" \/>\n<meta name=\"twitter:card\" content=\"summary_large_image\" \/>\n<meta name=\"twitter:label1\" content=\"Estimeret l\u00e6setid\" \/>\n\t<meta name=\"twitter:data1\" content=\"2 minutter\" \/>\n<script type=\"application\/ld+json\" class=\"yoast-schema-graph\">{\"@context\":\"https:\/\/schema.org\",\"@graph\":[{\"@type\":\"WebPage\",\"@id\":\"https:\/\/xenonkungen.com\/produkt\/ozz-xr2-p7-black\/\",\"url\":\"https:\/\/xenonkungen.com\/produkt\/ozz-xr2-p7-black\/\",\"name\":\"OZZ XR2 P7\\\" Black - Xenonkungen\",\"isPartOf\":{\"@id\":\"https:\/\/xenonkungen.com\/#website\"},\"primaryImageOfPage\":{\"@id\":\"https:\/\/xenonkungen.com\/produkt\/ozz-xr2-p7-black\/#primaryimage\"},\"image\":{\"@id\":\"https:\/\/xenonkungen.com\/produkt\/ozz-xr2-p7-black\/#primaryimage\"},\"thumbnailUrl\":\"https:\/\/xenonkungen.com\/wp-content\/uploads\/2025\/04\/205408167-origpic-0d1417.png\",\"datePublished\":\"2025-04-15T08:52:23+00:00\",\"dateModified\":\"2026-04-24T15:52:08+00:00\",\"breadcrumb\":{\"@id\":\"https:\/\/xenonkungen.com\/produkt\/ozz-xr2-p7-black\/#breadcrumb\"},\"inLanguage\":\"da-DK\",\"potentialAction\":[{\"@type\":\"ReadAction\",\"target\":[\"https:\/\/xenonkungen.com\/produkt\/ozz-xr2-p7-black\/\"]}]},{\"@type\":\"ImageObject\",\"inLanguage\":\"da-DK\",\"@id\":\"https:\/\/xenonkungen.com\/produkt\/ozz-xr2-p7-black\/#primaryimage\",\"url\":\"https:\/\/xenonkungen.com\/wp-content\/uploads\/2025\/04\/205408167-origpic-0d1417.png\",\"contentUrl\":\"https:\/\/xenonkungen.com\/wp-content\/uploads\/2025\/04\/205408167-origpic-0d1417.png\",\"width\":1000,\"height\":1049},{\"@type\":\"BreadcrumbList\",\"@id\":\"https:\/\/xenonkungen.com\/produkt\/ozz-xr2-p7-black\/#breadcrumb\",\"itemListElement\":[{\"@type\":\"ListItem\",\"position\":1,\"name\":\"Hem\",\"item\":\"https:\/\/xenonkungen.com\/\"},{\"@type\":\"ListItem\",\"position\":2,\"name\":\"Shop\",\"item\":\"https:\/\/xenonkungen.com\/shop\/\"},{\"@type\":\"ListItem\",\"position\":3,\"name\":\"OZZ XR2 P7&#8243; Black\"}]},{\"@type\":\"WebSite\",\"@id\":\"https:\/\/xenonkungen.com\/#website\",\"url\":\"https:\/\/xenonkungen.com\/\",\"name\":\"Xenonkungen\",\"description\":\"\",\"potentialAction\":[{\"@type\":\"SearchAction\",\"target\":{\"@type\":\"EntryPoint\",\"urlTemplate\":\"https:\/\/xenonkungen.com\/?s={search_term_string}\"},\"query-input\":{\"@type\":\"PropertyValueSpecification\",\"valueRequired\":true,\"valueName\":\"search_term_string\"}}],\"inLanguage\":\"da-DK\"}]}<\/script>\n<!-- \/ Yoast SEO plugin. -->","yoast_head_json":{"title":"OZZ XR2 P7&quot; Sort - Xenon-kongen","robots":{"index":"index","follow":"follow","max-snippet":"max-snippet:-1","max-image-preview":"max-image-preview:large","max-video-preview":"max-video-preview:-1"},"canonical":"https:\/\/xenonkungen.com\/dk\/vare\/ozz-xr2-p7-sort\/","og_locale":"da_DK","og_type":"article","og_title":"OZZ XR2 P7\" Black - Xenonkungen","og_description":"\u00d6ka din s\u00e4kerhet p\u00e5 v\u00e4gen med OZZ XR2 P7\u201d LED extraljus. Med avancerad teknik och en stilren design, erbjuder detta extraljus en \u00f6verl\u00e4gsen ljusstyrka som garanterar dig optimal sikt under alla f\u00f6rh\u00e5llanden. Upplev en s\u00e4krare och mer behaglig k\u00f6rupplevelse.","og_url":"https:\/\/xenonkungen.com\/dk\/vare\/ozz-xr2-p7-sort\/","og_site_name":"Xenonkungen","article_modified_time":"2026-04-24T15:52:08+00:00","og_image":[{"width":1000,"height":1049,"url":"https:\/\/xenonkungen.com\/wp-content\/uploads\/2025\/04\/205408167-origpic-0d1417.png","type":"image\/png"}],"twitter_card":"summary_large_image","twitter_misc":{"Estimeret l\u00e6setid":"2 minutter"},"schema":{"@context":"https:\/\/schema.org","@graph":[{"@type":"WebPage","@id":"https:\/\/xenonkungen.com\/produkt\/ozz-xr2-p7-black\/","url":"https:\/\/xenonkungen.com\/produkt\/ozz-xr2-p7-black\/","name":"OZZ XR2 P7&quot; Sort - Xenon-kongen","isPartOf":{"@id":"https:\/\/xenonkungen.com\/#website"},"primaryImageOfPage":{"@id":"https:\/\/xenonkungen.com\/produkt\/ozz-xr2-p7-black\/#primaryimage"},"image":{"@id":"https:\/\/xenonkungen.com\/produkt\/ozz-xr2-p7-black\/#primaryimage"},"thumbnailUrl":"https:\/\/xenonkungen.com\/wp-content\/uploads\/2025\/04\/205408167-origpic-0d1417.png","datePublished":"2025-04-15T08:52:23+00:00","dateModified":"2026-04-24T15:52:08+00:00","breadcrumb":{"@id":"https:\/\/xenonkungen.com\/produkt\/ozz-xr2-p7-black\/#breadcrumb"},"inLanguage":"da-DK","potentialAction":[{"@type":"ReadAction","target":["https:\/\/xenonkungen.com\/produkt\/ozz-xr2-p7-black\/"]}]},{"@type":"ImageObject","inLanguage":"da-DK","@id":"https:\/\/xenonkungen.com\/produkt\/ozz-xr2-p7-black\/#primaryimage","url":"https:\/\/xenonkungen.com\/wp-content\/uploads\/2025\/04\/205408167-origpic-0d1417.png","contentUrl":"https:\/\/xenonkungen.com\/wp-content\/uploads\/2025\/04\/205408167-origpic-0d1417.png","width":1000,"height":1049},{"@type":"BreadcrumbList","@id":"https:\/\/xenonkungen.com\/produkt\/ozz-xr2-p7-black\/#breadcrumb","itemListElement":[{"@type":"ListItem","position":1,"name":"Hem","item":"https:\/\/xenonkungen.com\/"},{"@type":"ListItem","position":2,"name":"Shop","item":"https:\/\/xenonkungen.com\/shop\/"},{"@type":"ListItem","position":3,"name":"OZZ XR2 P7&#8243; Black"}]},{"@type":"WebSite","@id":"https:\/\/xenonkungen.com\/#website","url":"https:\/\/xenonkungen.com\/","name":"Xenonkungen","description":"","potentialAction":[{"@type":"SearchAction","target":{"@type":"EntryPoint","urlTemplate":"https:\/\/xenonkungen.com\/?s={search_term_string}"},"query-input":{"@type":"PropertyValueSpecification","valueRequired":true,"valueName":"search_term_string"}}],"inLanguage":"da-DK"}]}},"taxonomy_info":{"product_brand":[{"value":1051,"label":"OZZ"},{"value":109,"label":"OZZ LIGHTS"}],"product_cat":[{"value":2838,"label":"Extraljus 7\""},{"value":142,"label":"Extraljus"}],"product_tag":[{"value":2788,"label":"black-week-exclude"}],"pa_fargtemperatur":[{"value":154,"label":"5000K"}],"pa_fuktskydd-varde-ipxx":[{"value":155,"label":"IP69K"}],"pa_godkannande":[{"value":1076,"label":"ECE, R112, R7, R10, CE"}],"pa_lampsockel-kontakt":[{"value":404,"label":"DT4"}],"pa_led-chips-effekt-w":[{"value":1074,"label":"78, 75,6"}],"pa_ljusbild":[{"value":178,"label":"Driving"}],"pa_stromforbrukning":[{"value":995,"label":"2,6A@24V"},{"value":1075,"label":"5,68A@12V"}],"pa_volt-v":[{"value":1071,"label":"Multivolt, 10, 12, 16, 18, 24, 28, 30, 36"}]},"featured_image_src_large":["https:\/\/xenonkungen.com\/wp-content\/uploads\/2025\/04\/205408167-origpic-0d1417-976x1024.png",976,1024,true],"author_info":[],"comment_info":0,"_links":{"self":[{"href":"https:\/\/xenonkungen.com\/dk\/wp-json\/wp\/v2\/product\/3262","targetHints":{"allow":["GET"]}}],"collection":[{"href":"https:\/\/xenonkungen.com\/dk\/wp-json\/wp\/v2\/product"}],"about":[{"href":"https:\/\/xenonkungen.com\/dk\/wp-json\/wp\/v2\/types\/product"}],"replies":[{"embeddable":true,"href":"https:\/\/xenonkungen.com\/dk\/wp-json\/wp\/v2\/comments?post=3262"}],"wp:featuredmedia":[{"embeddable":true,"href":"https:\/\/xenonkungen.com\/dk\/wp-json\/wp\/v2\/media\/3263"}],"wp:attachment":[{"href":"https:\/\/xenonkungen.com\/dk\/wp-json\/wp\/v2\/media?parent=3262"}],"wp:term":[{"taxonomy":"anvandningsomrade","embeddable":true,"href":"https:\/\/xenonkungen.com\/dk\/wp-json\/wp\/v2\/anvandningsomrade?post=3262"},{"taxonomy":"bilmarken","embeddable":true,"href":"https:\/\/xenonkungen.com\/dk\/wp-json\/wp\/v2\/bilmarken?post=3262"},{"taxonomy":"product_brand","embeddable":true,"href":"https:\/\/xenonkungen.com\/dk\/wp-json\/wp\/v2\/product_brand?post=3262"},{"taxonomy":"product_cat","embeddable":true,"href":"https:\/\/xenonkungen.com\/dk\/wp-json\/wp\/v2\/product_cat?post=3262"},{"taxonomy":"product_tag","embeddable":true,"href":"https:\/\/xenonkungen.com\/dk\/wp-json\/wp\/v2\/product_tag?post=3262"}],"curies":[{"name":"wp","href":"https:\/\/api.w.org\/{rel}","templated":true}]}}