{"id":3363,"date":"2025-04-15T08:55:39","date_gmt":"2025-04-15T08:55:39","guid":{"rendered":"https:\/\/xenonkungen.com\/product\/ozz-gult-linsskydd-oval\/"},"modified":"2026-04-24T16:52:47","modified_gmt":"2026-04-24T15:52:47","slug":"ozz-gult-linsedaeksel-ovalt","status":"publish","type":"product","link":"https:\/\/xenonkungen.com\/dk\/vare\/ozz-gult-linsedaeksel-ovalt\/","title":{"rendered":"OZZ Gul modlysbl\u00e6nde Oval"},"content":{"rendered":"<p>Gult linsed\u00e6ksel fra OZZ: Forvandl dit ekstralys<br \/>\n\u00c6stetisk og funktionel<\/p>\n<p>Forvandl udseendet og funktionen af din ekstralygte med vores gule linsed\u00e6ksel, der er specielt designet til OZZ XO1 P. Dette linsed\u00e6ksel er lavet af holdbart polycarbonat og tilbyder ikke kun et \u00e6stetisk touch af stil, men fungerer ogs\u00e5 som et vigtigt beskyttende lag til dine lygter.<\/p>\n<p>Problemfri installation<\/p>\n<p>Med en innovativ clip-on-mekanisme garanteres en nem og sikker installation, hvilket g\u00f8r det til en leg at opgradere dit belysningssystem. Der kr\u00e6ves intet v\u00e6rkt\u00f8j til montering, hvilket sparer b\u00e5de tid og kr\u00e6fter.<\/p>\n<p>Lysmodifikation for bedre synlighed<\/p>\n<p>Dette linsed\u00e6ksel \u00e6ndrer lysudbyttet for at skabe en varm, gul nuance, som ikke blot beriger lysbilledet, men ogs\u00e5 tilbyder alsidige belysningsmuligheder. Det er den perfekte l\u00f8sning for dem, der leder efter en m\u00e5de at forbedre synligheden og \u00e6stetikken af deres ekstralygter.<\/p>\n<p>Produktets dimensioner<\/p>\n<p>M\u00e5l: 225x215x30, designet til at passe perfekt til OZZ XO1 P\" ekstra lys, hvilket sikrer en s\u00f8ml\u00f8s og attraktiv finish.<\/p>","protected":false},"excerpt":{"rendered":"<p>Gult Linsskydd fr\u00e5n OZZ: F\u00f6rvandla Ditt Extraljus Estetiskt och Funktionellt F\u00f6rvandla utseendet och funktionen p\u00e5 ditt extraljus med v\u00e5rt gula linsskydd, specialdesignat f\u00f6r OZZ XO1 P&#8221;. Tillverkat av h\u00e5llbart polykarbonat, erbjuder detta linsskydd inte bara en estetisk touch av stil utan agerar ocks\u00e5 som ett viktigt skyddande lager f\u00f6r dina lampor. Problemfri Installation Med en [&hellip;]<\/p>","protected":false},"featured_media":3364,"comment_status":"closed","ping_status":"open","template":"","meta":{"_acf_changed":false,"_smort_price_nok":"266","_smort_price_dkk":"169","_smort_price_eur":"22.64","_smort_sale_price_nok":"","_smort_sale_price_dkk":"","_smort_sale_price_eur":"","smort_restorder":"","shipmondo_restorder":"","_kad_blocks_custom_css":"","_kad_blocks_head_custom_js":"","_kad_blocks_body_custom_js":"","_kad_blocks_footer_custom_js":"","smort_custom_pricelist_1":"127.36","smort_custom_pricelist_2":"127.36","smort_custom_pricelist_3":"127.36","smort_custom_pricelist_4":"159.2","smort_custom_pricelist_5":"127.36"},"anvandningsomrade":[],"bilmarken":[],"product_brand":[1051],"product_cat":[2545,2546,142,1048],"product_tag":[2788],"class_list":{"0":"post-3363","1":"product","2":"type-product","3":"status-publish","4":"has-post-thumbnail","6":"product_brand-ozz","7":"product_cat-tillbehor-installation","8":"product_cat-ovriga-tillbehor-tillbehor-installation","9":"product_cat-extraljus","10":"product_cat-linsskydd","11":"product_tag-black-week-exclude","12":"pa_storlek-mm-225x215x30","14":"first","15":"onbackorder","16":"taxable","17":"shipping-taxable","18":"purchasable","19":"product-type-simple"},"bundled_by":[],"bundle_stock_status":"onbackorder","bundle_stock_quantity":0,"bundle_virtual":false,"bundle_layout":"","bundle_add_to_cart_form_location":"","bundle_editable_in_cart":false,"bundle_sold_individually_context":"","bundle_item_grouping":"","bundle_min_size":"","bundle_max_size":"","bundle_price":[],"bundled_items":[],"bundle_sell_ids":[],"acf":[],"yoast_head":"<!-- This site is optimized with the Yoast SEO plugin v27.0 - https:\/\/yoast.com\/product\/yoast-seo-wordpress\/ -->\n<title>OZZ Gult linsskydd Oval - Xenonkungen<\/title>\n<meta name=\"robots\" content=\"index, follow, max-snippet:-1, max-image-preview:large, max-video-preview:-1\" \/>\n<link rel=\"canonical\" href=\"https:\/\/xenonkungen.com\/dk\/vare\/ozz-gult-linsedaeksel-ovalt\/\" \/>\n<meta property=\"og:locale\" content=\"da_DK\" \/>\n<meta property=\"og:type\" content=\"article\" \/>\n<meta property=\"og:title\" content=\"OZZ Gult linsskydd Oval - Xenonkungen\" \/>\n<meta property=\"og:description\" content=\"Gult Linsskydd fr\u00e5n OZZ: F\u00f6rvandla Ditt Extraljus Estetiskt och Funktionellt F\u00f6rvandla utseendet och funktionen p\u00e5 ditt extraljus med v\u00e5rt gula linsskydd, specialdesignat f\u00f6r OZZ XO1 P&#8221;. Tillverkat av h\u00e5llbart polykarbonat, erbjuder detta linsskydd inte bara en estetisk touch av stil utan agerar ocks\u00e5 som ett viktigt skyddande lager f\u00f6r dina lampor. Problemfri Installation Med en [&hellip;]\" \/>\n<meta property=\"og:url\" content=\"https:\/\/xenonkungen.com\/dk\/vare\/ozz-gult-linsedaeksel-ovalt\/\" \/>\n<meta property=\"og:site_name\" content=\"Xenonkungen\" \/>\n<meta property=\"article:modified_time\" content=\"2026-04-24T15:52:47+00:00\" \/>\n<meta property=\"og:image\" content=\"https:\/\/xenonkungen.com\/wp-content\/uploads\/2025\/04\/Skarmklipp-2.jpg\" \/>\n\t<meta property=\"og:image:width\" content=\"944\" \/>\n\t<meta property=\"og:image:height\" content=\"708\" \/>\n\t<meta property=\"og:image:type\" content=\"image\/jpeg\" \/>\n<meta name=\"twitter:card\" content=\"summary_large_image\" \/>\n<meta name=\"twitter:label1\" content=\"Estimeret l\u00e6setid\" \/>\n\t<meta name=\"twitter:data1\" content=\"1 minut\" \/>\n<script type=\"application\/ld+json\" class=\"yoast-schema-graph\">{\"@context\":\"https:\/\/schema.org\",\"@graph\":[{\"@type\":\"WebPage\",\"@id\":\"https:\/\/xenonkungen.com\/no\/produkt\/ozz-gult-linsedeksel-ovalt\/\",\"url\":\"https:\/\/xenonkungen.com\/no\/produkt\/ozz-gult-linsedeksel-ovalt\/\",\"name\":\"OZZ Gult linsskydd Oval - Xenonkungen\",\"isPartOf\":{\"@id\":\"https:\/\/xenonkungen.com\/#website\"},\"primaryImageOfPage\":{\"@id\":\"https:\/\/xenonkungen.com\/no\/produkt\/ozz-gult-linsedeksel-ovalt\/#primaryimage\"},\"image\":{\"@id\":\"https:\/\/xenonkungen.com\/no\/produkt\/ozz-gult-linsedeksel-ovalt\/#primaryimage\"},\"thumbnailUrl\":\"https:\/\/xenonkungen.com\/wp-content\/uploads\/2025\/04\/Skarmklipp-2.jpg\",\"datePublished\":\"2025-04-15T08:55:39+00:00\",\"dateModified\":\"2026-04-24T15:52:47+00:00\",\"breadcrumb\":{\"@id\":\"https:\/\/xenonkungen.com\/no\/produkt\/ozz-gult-linsedeksel-ovalt\/#breadcrumb\"},\"inLanguage\":\"da-DK\",\"potentialAction\":[{\"@type\":\"ReadAction\",\"target\":[\"https:\/\/xenonkungen.com\/no\/produkt\/ozz-gult-linsedeksel-ovalt\/\"]}]},{\"@type\":\"ImageObject\",\"inLanguage\":\"da-DK\",\"@id\":\"https:\/\/xenonkungen.com\/no\/produkt\/ozz-gult-linsedeksel-ovalt\/#primaryimage\",\"url\":\"https:\/\/xenonkungen.com\/wp-content\/uploads\/2025\/04\/Skarmklipp-2.jpg\",\"contentUrl\":\"https:\/\/xenonkungen.com\/wp-content\/uploads\/2025\/04\/Skarmklipp-2.jpg\",\"width\":944,\"height\":708},{\"@type\":\"BreadcrumbList\",\"@id\":\"https:\/\/xenonkungen.com\/no\/produkt\/ozz-gult-linsedeksel-ovalt\/#breadcrumb\",\"itemListElement\":[{\"@type\":\"ListItem\",\"position\":1,\"name\":\"Hem\",\"item\":\"https:\/\/xenonkungen.com\/\"},{\"@type\":\"ListItem\",\"position\":2,\"name\":\"Shop\",\"item\":\"https:\/\/xenonkungen.com\/shop\/\"},{\"@type\":\"ListItem\",\"position\":3,\"name\":\"OZZ Gult linsskydd Oval\"}]},{\"@type\":\"WebSite\",\"@id\":\"https:\/\/xenonkungen.com\/#website\",\"url\":\"https:\/\/xenonkungen.com\/\",\"name\":\"Xenonkungen\",\"description\":\"\",\"potentialAction\":[{\"@type\":\"SearchAction\",\"target\":{\"@type\":\"EntryPoint\",\"urlTemplate\":\"https:\/\/xenonkungen.com\/?s={search_term_string}\"},\"query-input\":{\"@type\":\"PropertyValueSpecification\",\"valueRequired\":true,\"valueName\":\"search_term_string\"}}],\"inLanguage\":\"da-DK\"}]}<\/script>\n<!-- \/ Yoast SEO plugin. -->","yoast_head_json":{"title":"OZZ Gul linsed\u00e6ksel Oval - Xenonkungen","robots":{"index":"index","follow":"follow","max-snippet":"max-snippet:-1","max-image-preview":"max-image-preview:large","max-video-preview":"max-video-preview:-1"},"canonical":"https:\/\/xenonkungen.com\/dk\/vare\/ozz-gult-linsedaeksel-ovalt\/","og_locale":"da_DK","og_type":"article","og_title":"OZZ Gult linsskydd Oval - Xenonkungen","og_description":"Gult Linsskydd fr\u00e5n OZZ: F\u00f6rvandla Ditt Extraljus Estetiskt och Funktionellt F\u00f6rvandla utseendet och funktionen p\u00e5 ditt extraljus med v\u00e5rt gula linsskydd, specialdesignat f\u00f6r OZZ XO1 P&#8221;. Tillverkat av h\u00e5llbart polykarbonat, erbjuder detta linsskydd inte bara en estetisk touch av stil utan agerar ocks\u00e5 som ett viktigt skyddande lager f\u00f6r dina lampor. Problemfri Installation Med en [&hellip;]","og_url":"https:\/\/xenonkungen.com\/dk\/vare\/ozz-gult-linsedaeksel-ovalt\/","og_site_name":"Xenonkungen","article_modified_time":"2026-04-24T15:52:47+00:00","og_image":[{"width":944,"height":708,"url":"https:\/\/xenonkungen.com\/wp-content\/uploads\/2025\/04\/Skarmklipp-2.jpg","type":"image\/jpeg"}],"twitter_card":"summary_large_image","twitter_misc":{"Estimeret l\u00e6setid":"1 minut"},"schema":{"@context":"https:\/\/schema.org","@graph":[{"@type":"WebPage","@id":"https:\/\/xenonkungen.com\/no\/produkt\/ozz-gult-linsedeksel-ovalt\/","url":"https:\/\/xenonkungen.com\/no\/produkt\/ozz-gult-linsedeksel-ovalt\/","name":"OZZ Gul linsed\u00e6ksel Oval - Xenonkungen","isPartOf":{"@id":"https:\/\/xenonkungen.com\/#website"},"primaryImageOfPage":{"@id":"https:\/\/xenonkungen.com\/no\/produkt\/ozz-gult-linsedeksel-ovalt\/#primaryimage"},"image":{"@id":"https:\/\/xenonkungen.com\/no\/produkt\/ozz-gult-linsedeksel-ovalt\/#primaryimage"},"thumbnailUrl":"https:\/\/xenonkungen.com\/wp-content\/uploads\/2025\/04\/Skarmklipp-2.jpg","datePublished":"2025-04-15T08:55:39+00:00","dateModified":"2026-04-24T15:52:47+00:00","breadcrumb":{"@id":"https:\/\/xenonkungen.com\/no\/produkt\/ozz-gult-linsedeksel-ovalt\/#breadcrumb"},"inLanguage":"da-DK","potentialAction":[{"@type":"ReadAction","target":["https:\/\/xenonkungen.com\/no\/produkt\/ozz-gult-linsedeksel-ovalt\/"]}]},{"@type":"ImageObject","inLanguage":"da-DK","@id":"https:\/\/xenonkungen.com\/no\/produkt\/ozz-gult-linsedeksel-ovalt\/#primaryimage","url":"https:\/\/xenonkungen.com\/wp-content\/uploads\/2025\/04\/Skarmklipp-2.jpg","contentUrl":"https:\/\/xenonkungen.com\/wp-content\/uploads\/2025\/04\/Skarmklipp-2.jpg","width":944,"height":708},{"@type":"BreadcrumbList","@id":"https:\/\/xenonkungen.com\/no\/produkt\/ozz-gult-linsedeksel-ovalt\/#breadcrumb","itemListElement":[{"@type":"ListItem","position":1,"name":"Hem","item":"https:\/\/xenonkungen.com\/"},{"@type":"ListItem","position":2,"name":"Shop","item":"https:\/\/xenonkungen.com\/shop\/"},{"@type":"ListItem","position":3,"name":"OZZ Gult linsskydd Oval"}]},{"@type":"WebSite","@id":"https:\/\/xenonkungen.com\/#website","url":"https:\/\/xenonkungen.com\/","name":"Xenonkungen","description":"","potentialAction":[{"@type":"SearchAction","target":{"@type":"EntryPoint","urlTemplate":"https:\/\/xenonkungen.com\/?s={search_term_string}"},"query-input":{"@type":"PropertyValueSpecification","valueRequired":true,"valueName":"search_term_string"}}],"inLanguage":"da-DK"}]}},"taxonomy_info":{"product_brand":[{"value":1051,"label":"OZZ"}],"product_cat":[{"value":2545,"label":"INSTALLATION"},{"value":2546,"label":"\u00d6vriga Tillbeh\u00f6r"},{"value":142,"label":"Extraljus"},{"value":1048,"label":"Linsskydd"}],"product_tag":[{"value":2788,"label":"black-week-exclude"}],"pa_storlek-mm":[{"value":1119,"label":"225x215x30"}]},"featured_image_src_large":["https:\/\/xenonkungen.com\/wp-content\/uploads\/2025\/04\/Skarmklipp-2.jpg",944,708,false],"author_info":[],"comment_info":0,"_links":{"self":[{"href":"https:\/\/xenonkungen.com\/dk\/wp-json\/wp\/v2\/product\/3363","targetHints":{"allow":["GET"]}}],"collection":[{"href":"https:\/\/xenonkungen.com\/dk\/wp-json\/wp\/v2\/product"}],"about":[{"href":"https:\/\/xenonkungen.com\/dk\/wp-json\/wp\/v2\/types\/product"}],"replies":[{"embeddable":true,"href":"https:\/\/xenonkungen.com\/dk\/wp-json\/wp\/v2\/comments?post=3363"}],"wp:featuredmedia":[{"embeddable":true,"href":"https:\/\/xenonkungen.com\/dk\/wp-json\/wp\/v2\/media\/3364"}],"wp:attachment":[{"href":"https:\/\/xenonkungen.com\/dk\/wp-json\/wp\/v2\/media?parent=3363"}],"wp:term":[{"taxonomy":"anvandningsomrade","embeddable":true,"href":"https:\/\/xenonkungen.com\/dk\/wp-json\/wp\/v2\/anvandningsomrade?post=3363"},{"taxonomy":"bilmarken","embeddable":true,"href":"https:\/\/xenonkungen.com\/dk\/wp-json\/wp\/v2\/bilmarken?post=3363"},{"taxonomy":"product_brand","embeddable":true,"href":"https:\/\/xenonkungen.com\/dk\/wp-json\/wp\/v2\/product_brand?post=3363"},{"taxonomy":"product_cat","embeddable":true,"href":"https:\/\/xenonkungen.com\/dk\/wp-json\/wp\/v2\/product_cat?post=3363"},{"taxonomy":"product_tag","embeddable":true,"href":"https:\/\/xenonkungen.com\/dk\/wp-json\/wp\/v2\/product_tag?post=3363"}],"curies":[{"name":"wp","href":"https:\/\/api.w.org\/{rel}","templated":true}]}}