{"id":3377,"date":"2025-04-15T08:55:47","date_gmt":"2025-04-15T08:55:47","guid":{"rendered":"https:\/\/xenonkungen.com\/product\/lazer-linear-18-elite-halvljus-assist-led-ramp-532mm\/"},"modified":"2026-04-24T16:50:00","modified_gmt":"2026-04-24T15:50:00","slug":"lazer-linear-18-elite-naerlysassistent-led-rampe-532-mm","status":"publish","type":"product","link":"https:\/\/xenonkungen.com\/dk\/vare\/lazer-linear-18-elite-naerlysassistent-led-rampe-532-mm\/","title":{"rendered":"Lazer Linear-18 Elite (n\u00e6rlysassistent) led-rampe | 532 mm"},"content":{"rendered":"<h1>Linear 18 Elite \u2013 Automatisk lysd\u00e6mper, exceptionel ydeevne<\/h1>\n<h2>Ideel til montering i trange rum<\/h2>\n<p>Linear 18 Elite med automatisk lysd\u00e6mper har en l\u00e6ngde p\u00e5 532 mm og m\u00e5ler kun 40 mm i h\u00f8jden og 62 mm i dybden, hvilket g\u00f8r den ideel til installation selv i trange rum.<\/p>\n<h2>Fantastisk lyskapacitet for sikker udsyn<\/h2>\n<p>Rampen er udstyret med 48 3W LED&#039;er af h\u00f8j kvalitet bag en ubrydelig polycarbonatlinse, der giver en ekstraordin\u00e6r lysstyrke. Du er garanteret god sigtbarhed selv p\u00e5 de m\u00f8rkeste skovveje.<\/p>\n<p>Linssen er overfladebehandlet for effektivt at afvise sne og snavs, der kan p\u00e5virke lysstr\u00f8mmen.<\/p>\n<h2>E-boost-funktion for imponerende lysstyrke<\/h2>\n<p>Denne bom er udstyret med en E-boost-funktion. Med funktionen aktiveret f\u00e5r du en virkelig kraftfuld LED-bom med en lysstyrke p\u00e5 18.000 lumen, hvilket giver en fantastisk udsyn ved k\u00f8rsel uden for offentlige veje. Med en simpel man\u00f8vre skifter du til den E-godkendte tilstand, som stadig giver en imponerende lysstyrke.<\/p>\n<h2>N\u00e6rlysassistent for sikrere k\u00f8rsel i m\u00f8rke<\/h2>\n<p>N\u00e6rlysassistenten g\u00f8r det nemmere at k\u00f8re i m\u00f8rke ved at bruge to indbyggede sensorer til kontinuerligt at scanne vejen for modk\u00f8rende trafik. Lysm\u00e6ngden justeres efter behov for at undg\u00e5 at bl\u00e6nde modk\u00f8rende trafik, samtidig med at lysm\u00e6ngden ved siden af vejen opretholdes for at hj\u00e6lpe f\u00f8reren med at opdage potentielle farer uden for vognbanen.<\/p>\n<h2>Let og aerodynamisk design<\/h2>\n<p>Det lette aluminiumslampehus kombineret med de slanke dimensioner holder rampernes v\u00e6gt p\u00e5 et minimum. Det aerodynamiske design betyder, at rampen passer optimalt ind i bilen, uanset om den er monteret foran eller p\u00e5 taget af bilen.<\/p>","protected":false},"excerpt":{"rendered":"<p>Linear 18 Elite &#8211; Automatisk Dimmer, Exceptionell Prestanda Idealisk f\u00f6r Montering i Tr\u00e5nga Utrymmen Linear 18 Elite med automatisk dimmer har en l\u00e4ngd p\u00e5 532 mm och m\u00e4ter endast 40 mm i h\u00f6jd och 62 mm i djup, vilket g\u00f6r den idealisk f\u00f6r montering \u00e4ven i tr\u00e5nga utrymmen. Fantastisk Ljuskapacitet f\u00f6r S\u00e4ker Sikt Rampen \u00e4r [&hellip;]<\/p>","protected":false},"featured_media":3378,"comment_status":"closed","ping_status":"open","template":"","meta":{"_acf_changed":false,"_smort_price_nok":"12016","_smort_price_dkk":"7634","_smort_price_eur":"1022.68","_smort_sale_price_nok":"","_smort_sale_price_dkk":"","_smort_sale_price_eur":"","smort_restorder":"","shipmondo_restorder":"","_kad_blocks_custom_css":"","_kad_blocks_head_custom_js":"","_kad_blocks_body_custom_js":"","_kad_blocks_footer_custom_js":"","smort_custom_pricelist_1":"7480.96","smort_custom_pricelist_2":"7480.96","smort_custom_pricelist_3":"7480.96","smort_custom_pricelist_4":"9351.2","smort_custom_pricelist_5":"7480.96"},"anvandningsomrade":[],"bilmarken":[],"product_brand":[1124],"product_cat":[2561,2966,2539,2166],"product_tag":[2788],"class_list":{"0":"post-3377","1":"product","2":"type-product","3":"status-publish","4":"has-post-thumbnail","6":"product_brand-lazer","7":"product_cat-lazer","8":"product_cat-ledramp-rak","9":"product_cat-ledramper","10":"product_cat-lazer-linear","11":"product_tag-black-week-exclude","12":"pa_fargtemperatur-5000k","13":"pa_fuktskydd-varde-ipxx-ip67","14":"pa_godkannande-ece-r112","15":"pa_lampsockel-kontakt-superseal","16":"pa_led-chips-effekt-w-1045","17":"pa_storlek-mm-532x40x62","18":"pa_volt-v-multivolt-10-12-16-18-24-28-30-32","20":"first","21":"instock","22":"taxable","23":"shipping-taxable","24":"purchasable","25":"product-type-simple"},"bundled_by":[],"bundle_stock_status":"instock","bundle_stock_quantity":1,"bundle_virtual":false,"bundle_layout":"","bundle_add_to_cart_form_location":"","bundle_editable_in_cart":false,"bundle_sold_individually_context":"","bundle_item_grouping":"","bundle_min_size":"","bundle_max_size":"","bundle_price":[],"bundled_items":[],"bundle_sell_ids":[],"acf":[],"yoast_head":"<!-- This site is optimized with the Yoast SEO plugin v27.0 - https:\/\/yoast.com\/product\/yoast-seo-wordpress\/ -->\n<title>Lazer Linear-18 Elite (halvljus assist) led-ramp | 532mm - Xenonkungen<\/title>\n<meta name=\"robots\" content=\"index, follow, max-snippet:-1, max-image-preview:large, max-video-preview:-1\" \/>\n<link rel=\"canonical\" href=\"https:\/\/xenonkungen.com\/dk\/vare\/lazer-linear-18-elite-naerlysassistent-led-rampe-532-mm\/\" \/>\n<meta property=\"og:locale\" content=\"da_DK\" \/>\n<meta property=\"og:type\" content=\"article\" \/>\n<meta property=\"og:title\" content=\"Lazer Linear-18 Elite (halvljus assist) led-ramp | 532mm - Xenonkungen\" \/>\n<meta property=\"og:description\" content=\"Linear 18 Elite &#8211; Automatisk Dimmer, Exceptionell Prestanda Idealisk f\u00f6r Montering i Tr\u00e5nga Utrymmen Linear 18 Elite med automatisk dimmer har en l\u00e4ngd p\u00e5 532 mm och m\u00e4ter endast 40 mm i h\u00f6jd och 62 mm i djup, vilket g\u00f6r den idealisk f\u00f6r montering \u00e4ven i tr\u00e5nga utrymmen. Fantastisk Ljuskapacitet f\u00f6r S\u00e4ker Sikt Rampen \u00e4r [&hellip;]\" \/>\n<meta property=\"og:url\" content=\"https:\/\/xenonkungen.com\/dk\/vare\/lazer-linear-18-elite-naerlysassistent-led-rampe-532-mm\/\" \/>\n<meta property=\"og:site_name\" content=\"Xenonkungen\" \/>\n<meta property=\"article:modified_time\" content=\"2026-04-24T15:50:00+00:00\" \/>\n<meta property=\"og:image\" content=\"https:\/\/xenonkungen.com\/wp-content\/uploads\/2025\/04\/188148725-origpic-e809ac.jpg\" \/>\n\t<meta property=\"og:image:width\" content=\"1000\" \/>\n\t<meta property=\"og:image:height\" content=\"750\" \/>\n\t<meta property=\"og:image:type\" content=\"image\/jpeg\" \/>\n<meta name=\"twitter:card\" content=\"summary_large_image\" \/>\n<meta name=\"twitter:label1\" content=\"Estimeret l\u00e6setid\" \/>\n\t<meta name=\"twitter:data1\" content=\"1 minut\" \/>\n<script type=\"application\/ld+json\" class=\"yoast-schema-graph\">{\"@context\":\"https:\/\/schema.org\",\"@graph\":[{\"@type\":\"WebPage\",\"@id\":\"https:\/\/xenonkungen.com\/nl\/product\/laser-linear-18-elite-low-beam-assist-led-ramp-532mm\/\",\"url\":\"https:\/\/xenonkungen.com\/nl\/product\/laser-linear-18-elite-low-beam-assist-led-ramp-532mm\/\",\"name\":\"Lazer Linear-18 Elite (halvljus assist) led-ramp | 532mm - Xenonkungen\",\"isPartOf\":{\"@id\":\"https:\/\/xenonkungen.com\/#website\"},\"primaryImageOfPage\":{\"@id\":\"https:\/\/xenonkungen.com\/nl\/product\/laser-linear-18-elite-low-beam-assist-led-ramp-532mm\/#primaryimage\"},\"image\":{\"@id\":\"https:\/\/xenonkungen.com\/nl\/product\/laser-linear-18-elite-low-beam-assist-led-ramp-532mm\/#primaryimage\"},\"thumbnailUrl\":\"https:\/\/xenonkungen.com\/wp-content\/uploads\/2025\/04\/188148725-origpic-e809ac.jpg\",\"datePublished\":\"2025-04-15T08:55:47+00:00\",\"dateModified\":\"2026-04-24T15:50:00+00:00\",\"breadcrumb\":{\"@id\":\"https:\/\/xenonkungen.com\/nl\/product\/laser-linear-18-elite-low-beam-assist-led-ramp-532mm\/#breadcrumb\"},\"inLanguage\":\"da-DK\",\"potentialAction\":[{\"@type\":\"ReadAction\",\"target\":[\"https:\/\/xenonkungen.com\/nl\/product\/laser-linear-18-elite-low-beam-assist-led-ramp-532mm\/\"]}]},{\"@type\":\"ImageObject\",\"inLanguage\":\"da-DK\",\"@id\":\"https:\/\/xenonkungen.com\/nl\/product\/laser-linear-18-elite-low-beam-assist-led-ramp-532mm\/#primaryimage\",\"url\":\"https:\/\/xenonkungen.com\/wp-content\/uploads\/2025\/04\/188148725-origpic-e809ac.jpg\",\"contentUrl\":\"https:\/\/xenonkungen.com\/wp-content\/uploads\/2025\/04\/188148725-origpic-e809ac.jpg\",\"width\":1000,\"height\":750},{\"@type\":\"BreadcrumbList\",\"@id\":\"https:\/\/xenonkungen.com\/nl\/product\/laser-linear-18-elite-low-beam-assist-led-ramp-532mm\/#breadcrumb\",\"itemListElement\":[{\"@type\":\"ListItem\",\"position\":1,\"name\":\"Hem\",\"item\":\"https:\/\/xenonkungen.com\/\"},{\"@type\":\"ListItem\",\"position\":2,\"name\":\"Shop\",\"item\":\"https:\/\/xenonkungen.com\/shop\/\"},{\"@type\":\"ListItem\",\"position\":3,\"name\":\"Lazer Linear-18 Elite (halvljus assist) led-ramp | 532mm\"}]},{\"@type\":\"WebSite\",\"@id\":\"https:\/\/xenonkungen.com\/#website\",\"url\":\"https:\/\/xenonkungen.com\/\",\"name\":\"Xenonkungen\",\"description\":\"\",\"potentialAction\":[{\"@type\":\"SearchAction\",\"target\":{\"@type\":\"EntryPoint\",\"urlTemplate\":\"https:\/\/xenonkungen.com\/?s={search_term_string}\"},\"query-input\":{\"@type\":\"PropertyValueSpecification\",\"valueRequired\":true,\"valueName\":\"search_term_string\"}}],\"inLanguage\":\"da-DK\"}]}<\/script>\n<!-- \/ Yoast SEO plugin. -->","yoast_head_json":{"title":"Lazer Linear-18 Elite (n\u00e6rlysassistent) LED-rampe | 532 mm - Xenonkungen","robots":{"index":"index","follow":"follow","max-snippet":"max-snippet:-1","max-image-preview":"max-image-preview:large","max-video-preview":"max-video-preview:-1"},"canonical":"https:\/\/xenonkungen.com\/dk\/vare\/lazer-linear-18-elite-naerlysassistent-led-rampe-532-mm\/","og_locale":"da_DK","og_type":"article","og_title":"Lazer Linear-18 Elite (halvljus assist) led-ramp | 532mm - Xenonkungen","og_description":"Linear 18 Elite &#8211; Automatisk Dimmer, Exceptionell Prestanda Idealisk f\u00f6r Montering i Tr\u00e5nga Utrymmen Linear 18 Elite med automatisk dimmer har en l\u00e4ngd p\u00e5 532 mm och m\u00e4ter endast 40 mm i h\u00f6jd och 62 mm i djup, vilket g\u00f6r den idealisk f\u00f6r montering \u00e4ven i tr\u00e5nga utrymmen. Fantastisk Ljuskapacitet f\u00f6r S\u00e4ker Sikt Rampen \u00e4r [&hellip;]","og_url":"https:\/\/xenonkungen.com\/dk\/vare\/lazer-linear-18-elite-naerlysassistent-led-rampe-532-mm\/","og_site_name":"Xenonkungen","article_modified_time":"2026-04-24T15:50:00+00:00","og_image":[{"width":1000,"height":750,"url":"https:\/\/xenonkungen.com\/wp-content\/uploads\/2025\/04\/188148725-origpic-e809ac.jpg","type":"image\/jpeg"}],"twitter_card":"summary_large_image","twitter_misc":{"Estimeret l\u00e6setid":"1 minut"},"schema":{"@context":"https:\/\/schema.org","@graph":[{"@type":"WebPage","@id":"https:\/\/xenonkungen.com\/nl\/product\/laser-linear-18-elite-low-beam-assist-led-ramp-532mm\/","url":"https:\/\/xenonkungen.com\/nl\/product\/laser-linear-18-elite-low-beam-assist-led-ramp-532mm\/","name":"Lazer Linear-18 Elite (n\u00e6rlysassistent) LED-rampe | 532 mm - Xenonkungen","isPartOf":{"@id":"https:\/\/xenonkungen.com\/#website"},"primaryImageOfPage":{"@id":"https:\/\/xenonkungen.com\/nl\/product\/laser-linear-18-elite-low-beam-assist-led-ramp-532mm\/#primaryimage"},"image":{"@id":"https:\/\/xenonkungen.com\/nl\/product\/laser-linear-18-elite-low-beam-assist-led-ramp-532mm\/#primaryimage"},"thumbnailUrl":"https:\/\/xenonkungen.com\/wp-content\/uploads\/2025\/04\/188148725-origpic-e809ac.jpg","datePublished":"2025-04-15T08:55:47+00:00","dateModified":"2026-04-24T15:50:00+00:00","breadcrumb":{"@id":"https:\/\/xenonkungen.com\/nl\/product\/laser-linear-18-elite-low-beam-assist-led-ramp-532mm\/#breadcrumb"},"inLanguage":"da-DK","potentialAction":[{"@type":"ReadAction","target":["https:\/\/xenonkungen.com\/nl\/product\/laser-linear-18-elite-low-beam-assist-led-ramp-532mm\/"]}]},{"@type":"ImageObject","inLanguage":"da-DK","@id":"https:\/\/xenonkungen.com\/nl\/product\/laser-linear-18-elite-low-beam-assist-led-ramp-532mm\/#primaryimage","url":"https:\/\/xenonkungen.com\/wp-content\/uploads\/2025\/04\/188148725-origpic-e809ac.jpg","contentUrl":"https:\/\/xenonkungen.com\/wp-content\/uploads\/2025\/04\/188148725-origpic-e809ac.jpg","width":1000,"height":750},{"@type":"BreadcrumbList","@id":"https:\/\/xenonkungen.com\/nl\/product\/laser-linear-18-elite-low-beam-assist-led-ramp-532mm\/#breadcrumb","itemListElement":[{"@type":"ListItem","position":1,"name":"Hem","item":"https:\/\/xenonkungen.com\/"},{"@type":"ListItem","position":2,"name":"Shop","item":"https:\/\/xenonkungen.com\/shop\/"},{"@type":"ListItem","position":3,"name":"Lazer Linear-18 Elite (halvljus assist) led-ramp | 532mm"}]},{"@type":"WebSite","@id":"https:\/\/xenonkungen.com\/#website","url":"https:\/\/xenonkungen.com\/","name":"Xenonkungen","description":"","potentialAction":[{"@type":"SearchAction","target":{"@type":"EntryPoint","urlTemplate":"https:\/\/xenonkungen.com\/?s={search_term_string}"},"query-input":{"@type":"PropertyValueSpecification","valueRequired":true,"valueName":"search_term_string"}}],"inLanguage":"da-DK"}]}},"taxonomy_info":{"product_brand":[{"value":1124,"label":"Lazer"}],"product_cat":[{"value":2561,"label":"Lazer"},{"value":2966,"label":"Ledramp Rak"},{"value":2539,"label":"LEDRAMPER"},{"value":2166,"label":"LAZER LINEAR"}],"product_tag":[{"value":2788,"label":"black-week-exclude"}],"pa_fargtemperatur":[{"value":154,"label":"5000K"}],"pa_fuktskydd-varde-ipxx":[{"value":333,"label":"IP67"}],"pa_godkannande":[{"value":1123,"label":"ECE, R112"}],"pa_lampsockel-kontakt":[{"value":1122,"label":"Superseal"}],"pa_led-chips-effekt-w":[{"value":1045,"label":"135"}],"pa_storlek-mm":[{"value":1121,"label":"532x40x62"}],"pa_volt-v":[{"value":1084,"label":"Multivolt, 10, 12, 16, 18, 24, 28, 30, 32"}]},"featured_image_src_large":["https:\/\/xenonkungen.com\/wp-content\/uploads\/2025\/04\/188148725-origpic-e809ac.jpg",1000,750,false],"author_info":[],"comment_info":0,"_links":{"self":[{"href":"https:\/\/xenonkungen.com\/dk\/wp-json\/wp\/v2\/product\/3377","targetHints":{"allow":["GET"]}}],"collection":[{"href":"https:\/\/xenonkungen.com\/dk\/wp-json\/wp\/v2\/product"}],"about":[{"href":"https:\/\/xenonkungen.com\/dk\/wp-json\/wp\/v2\/types\/product"}],"replies":[{"embeddable":true,"href":"https:\/\/xenonkungen.com\/dk\/wp-json\/wp\/v2\/comments?post=3377"}],"wp:featuredmedia":[{"embeddable":true,"href":"https:\/\/xenonkungen.com\/dk\/wp-json\/wp\/v2\/media\/3378"}],"wp:attachment":[{"href":"https:\/\/xenonkungen.com\/dk\/wp-json\/wp\/v2\/media?parent=3377"}],"wp:term":[{"taxonomy":"anvandningsomrade","embeddable":true,"href":"https:\/\/xenonkungen.com\/dk\/wp-json\/wp\/v2\/anvandningsomrade?post=3377"},{"taxonomy":"bilmarken","embeddable":true,"href":"https:\/\/xenonkungen.com\/dk\/wp-json\/wp\/v2\/bilmarken?post=3377"},{"taxonomy":"product_brand","embeddable":true,"href":"https:\/\/xenonkungen.com\/dk\/wp-json\/wp\/v2\/product_brand?post=3377"},{"taxonomy":"product_cat","embeddable":true,"href":"https:\/\/xenonkungen.com\/dk\/wp-json\/wp\/v2\/product_cat?post=3377"},{"taxonomy":"product_tag","embeddable":true,"href":"https:\/\/xenonkungen.com\/dk\/wp-json\/wp\/v2\/product_tag?post=3377"}],"curies":[{"name":"wp","href":"https:\/\/api.w.org\/{rel}","templated":true}]}}