{"id":3390,"date":"2025-04-15T08:55:47","date_gmt":"2025-04-15T08:55:47","guid":{"rendered":"https:\/\/xenonkungen.com\/product\/lazer-ledrampkit-ram-1500-2019-2x-linear-6-elite\/"},"modified":"2026-04-24T16:50:06","modified_gmt":"2026-04-24T15:50:06","slug":"lazer-led-rampesaet-ram-1500-2019-2x-lineaer-6-elite","status":"publish","type":"product","link":"https:\/\/xenonkungen.com\/dk\/vare\/lazer-led-rampesaet-ram-1500-2019-2x-lineaer-6-elite\/","title":{"rendered":"Lazer Ledrampkit RAM 1500 2019+ | 2x Linear-6 Elite"},"content":{"rendered":"<h1>Linear Elite \u2013 Maksimal lysstyrke i et slankt design til din bil!<\/h1>\n<p>Oplev den ultimative kombination af kraftfuld belysning og elegant design med <strong>Lazer Linear Elite<\/strong>, den h\u00f8jkvalitets serie af ekstralysbj\u00e6lker til hverdagsbrug. Med imponerende lysydelse og en aerodynamisk profil er disse bj\u00e6lker designet til dem, der \u00f8nsker det bedste b\u00e5de p\u00e5 vejen og til deres k\u00f8ret\u00f8j.<\/p>\n<h2>Kompakt, men kraftfuld<\/h2>\n<p>Linear Elite-serien f\u00e5s i tre l\u00e6ngder (232-532 mm), og med deres slanke dimensioner \u2013 kun 40 mm i h\u00f8jden og 62 mm i dybden \u2013 er disse ramper perfekte selv til trange pladsforhold. Udstyret med dobbelte r\u00e6kker af 3 W LED&#039;er af h\u00f8j kvalitet bag en ubrydelig polycarbonatlinse f\u00e5r du maksimal lysstyrke og holdbarhed under alle vejrforhold.<\/p>\n<h2>Bygget til at yde \u2013 hvor som helst, n\u00e5r som helst<\/h2>\n<p>Den belagte linse afviser effektivt snavs og sne og giver dig et konstant og klart lys. Rampernes lette aluminiumshus og beslag i rustfrit st\u00e5l g\u00f8r dem nemme at installere, uanset om du vil montere dem p\u00e5 taget eller fronten af din bil. Derudover sikrer det aerodynamiske design, at de falder perfekt i \u00e9t og giver din bil et stilfuldt og sporty look.<\/p>\n<h2>Linear Elite \u2013 Lysbj\u00e6lker at regne med<\/h2>\n<p>Med sin holdbare konstruktion og overlegne lysydelse, <strong>Lazer Linear Elite<\/strong> Ikke kun en investering i bedre udsyn, men ogs\u00e5 i sikkerhed og stil i lang tid fremover. Rydligere veje venter \u2013 v\u00e6lg Linear Elite i dag!<\/p>","protected":false},"excerpt":{"rendered":"<p>Opgrader din RAM 1500 (2019+) med Lazer LED-lyss\u00e6ttet, som inkluderer 2x Linear-6 Elite. F\u00e5 overlegen belysning med maksimal lysstyrke og et stilfuldt design. Perfekt til dem, der \u00f8nsker kraftfuld og p\u00e5lidelig belysning, uanset terr\u00e6n eller forhold.<\/p>","protected":false},"featured_media":3391,"comment_status":"closed","ping_status":"open","template":"","meta":{"_acf_changed":false,"_smort_price_nok":"9074","_smort_price_dkk":"5764","_smort_price_eur":"772.24","_smort_sale_price_nok":"","_smort_sale_price_dkk":"","_smort_sale_price_eur":"","smort_restorder":"","shipmondo_restorder":"","_kad_blocks_custom_css":"","_kad_blocks_head_custom_js":"","_kad_blocks_body_custom_js":"","_kad_blocks_footer_custom_js":"","smort_custom_pricelist_1":"5680","smort_custom_pricelist_2":"5680","smort_custom_pricelist_3":"5680","smort_custom_pricelist_4":"7100","smort_custom_pricelist_5":"5680"},"anvandningsomrade":[],"bilmarken":[],"product_brand":[1124],"product_cat":[1916],"product_tag":[2788],"class_list":{"0":"post-3390","1":"product","2":"type-product","3":"status-publish","4":"has-post-thumbnail","6":"product_brand-lazer","7":"product_cat-ledrampspaket","8":"product_tag-black-week-exclude","9":"pa_fargtemperatur-5000k","10":"pa_fuktskydd-varde-ipxx-ip68","11":"pa_lampsockel-kontakt-superseal","12":"pa_led-chips-effekt-w-1092","13":"pa_storlek-mm-232x40x62","14":"pa_stromforbrukning-29a12v","15":"pa_volt-v-multivolt-10-12-16-18-24-28-30-32","17":"first","18":"onbackorder","19":"taxable","20":"shipping-taxable","21":"purchasable","22":"product-type-simple"},"bundled_by":[],"bundle_stock_status":"onbackorder","bundle_stock_quantity":0,"bundle_virtual":false,"bundle_layout":"","bundle_add_to_cart_form_location":"","bundle_editable_in_cart":false,"bundle_sold_individually_context":"","bundle_item_grouping":"","bundle_min_size":"","bundle_max_size":"","bundle_price":[],"bundled_items":[],"bundle_sell_ids":[],"acf":[],"yoast_head":"<!-- This site is optimized with the Yoast SEO plugin v27.0 - https:\/\/yoast.com\/product\/yoast-seo-wordpress\/ -->\n<title>Lazer Ledrampkit RAM 1500 2019+ | 2x Linear-6 Elite - Xenonkungen<\/title>\n<meta name=\"robots\" content=\"index, follow, max-snippet:-1, max-image-preview:large, max-video-preview:-1\" \/>\n<link rel=\"canonical\" href=\"https:\/\/xenonkungen.com\/dk\/vare\/lazer-led-rampesaet-ram-1500-2019-2x-lineaer-6-elite\/\" \/>\n<meta property=\"og:locale\" content=\"da_DK\" \/>\n<meta property=\"og:type\" content=\"article\" \/>\n<meta property=\"og:title\" content=\"Lazer Ledrampkit RAM 1500 2019+ | 2x Linear-6 Elite - Xenonkungen\" \/>\n<meta property=\"og:description\" content=\"Uppgradera din RAM 1500 (2019+) med Lazer Ledrampkit som inkluderar 2x Linear-6 Elite. F\u00e5 \u00f6verl\u00e4gsen belysning med maximal ljusstyrka och stilren design. Perfekt f\u00f6r dig som vill ha kraftfull och p\u00e5litlig belysning, oavsett terr\u00e4ng eller f\u00f6rh\u00e5llanden.\" \/>\n<meta property=\"og:url\" content=\"https:\/\/xenonkungen.com\/dk\/vare\/lazer-led-rampesaet-ram-1500-2019-2x-lineaer-6-elite\/\" \/>\n<meta property=\"og:site_name\" content=\"Xenonkungen\" \/>\n<meta property=\"article:modified_time\" content=\"2026-04-24T15:50:06+00:00\" \/>\n<meta property=\"og:image\" content=\"https:\/\/xenonkungen.com\/wp-content\/uploads\/2025\/04\/stamm_lazer_sgu89_fahrzeug1-4_web.jpg\" \/>\n\t<meta property=\"og:image:width\" content=\"1000\" \/>\n\t<meta property=\"og:image:height\" content=\"750\" \/>\n\t<meta property=\"og:image:type\" content=\"image\/jpeg\" \/>\n<meta name=\"twitter:card\" content=\"summary_large_image\" \/>\n<meta name=\"twitter:label1\" content=\"Estimeret l\u00e6setid\" \/>\n\t<meta name=\"twitter:data1\" content=\"1 minut\" \/>\n<script type=\"application\/ld+json\" class=\"yoast-schema-graph\">{\"@context\":\"https:\/\/schema.org\",\"@graph\":[{\"@type\":\"WebPage\",\"@id\":\"https:\/\/xenonkungen.com\/produkt\/lazer-ledrampkit-ram-1500-2019-2x-linear-6-elite\/\",\"url\":\"https:\/\/xenonkungen.com\/produkt\/lazer-ledrampkit-ram-1500-2019-2x-linear-6-elite\/\",\"name\":\"Lazer Ledrampkit RAM 1500 2019+ | 2x Linear-6 Elite - Xenonkungen\",\"isPartOf\":{\"@id\":\"https:\/\/xenonkungen.com\/#website\"},\"primaryImageOfPage\":{\"@id\":\"https:\/\/xenonkungen.com\/produkt\/lazer-ledrampkit-ram-1500-2019-2x-linear-6-elite\/#primaryimage\"},\"image\":{\"@id\":\"https:\/\/xenonkungen.com\/produkt\/lazer-ledrampkit-ram-1500-2019-2x-linear-6-elite\/#primaryimage\"},\"thumbnailUrl\":\"https:\/\/xenonkungen.com\/wp-content\/uploads\/2025\/04\/stamm_lazer_sgu89_fahrzeug1-4_web.jpg\",\"datePublished\":\"2025-04-15T08:55:47+00:00\",\"dateModified\":\"2026-04-24T15:50:06+00:00\",\"breadcrumb\":{\"@id\":\"https:\/\/xenonkungen.com\/produkt\/lazer-ledrampkit-ram-1500-2019-2x-linear-6-elite\/#breadcrumb\"},\"inLanguage\":\"da-DK\",\"potentialAction\":[{\"@type\":\"ReadAction\",\"target\":[\"https:\/\/xenonkungen.com\/produkt\/lazer-ledrampkit-ram-1500-2019-2x-linear-6-elite\/\"]}]},{\"@type\":\"ImageObject\",\"inLanguage\":\"da-DK\",\"@id\":\"https:\/\/xenonkungen.com\/produkt\/lazer-ledrampkit-ram-1500-2019-2x-linear-6-elite\/#primaryimage\",\"url\":\"https:\/\/xenonkungen.com\/wp-content\/uploads\/2025\/04\/stamm_lazer_sgu89_fahrzeug1-4_web.jpg\",\"contentUrl\":\"https:\/\/xenonkungen.com\/wp-content\/uploads\/2025\/04\/stamm_lazer_sgu89_fahrzeug1-4_web.jpg\",\"width\":1000,\"height\":750},{\"@type\":\"BreadcrumbList\",\"@id\":\"https:\/\/xenonkungen.com\/produkt\/lazer-ledrampkit-ram-1500-2019-2x-linear-6-elite\/#breadcrumb\",\"itemListElement\":[{\"@type\":\"ListItem\",\"position\":1,\"name\":\"Hem\",\"item\":\"https:\/\/xenonkungen.com\/\"},{\"@type\":\"ListItem\",\"position\":2,\"name\":\"Shop\",\"item\":\"https:\/\/xenonkungen.com\/shop\/\"},{\"@type\":\"ListItem\",\"position\":3,\"name\":\"Lazer Ledrampkit RAM 1500 2019+ | 2x Linear-6 Elite\"}]},{\"@type\":\"WebSite\",\"@id\":\"https:\/\/xenonkungen.com\/#website\",\"url\":\"https:\/\/xenonkungen.com\/\",\"name\":\"Xenonkungen\",\"description\":\"\",\"potentialAction\":[{\"@type\":\"SearchAction\",\"target\":{\"@type\":\"EntryPoint\",\"urlTemplate\":\"https:\/\/xenonkungen.com\/?s={search_term_string}\"},\"query-input\":{\"@type\":\"PropertyValueSpecification\",\"valueRequired\":true,\"valueName\":\"search_term_string\"}}],\"inLanguage\":\"da-DK\"}]}<\/script>\n<!-- \/ Yoast SEO plugin. -->","yoast_head_json":{"title":"Lazer LED rampes\u00e6t RAM 1500 2019+ | 2x Linear-6 Elite - Xenon-kongen","robots":{"index":"index","follow":"follow","max-snippet":"max-snippet:-1","max-image-preview":"max-image-preview:large","max-video-preview":"max-video-preview:-1"},"canonical":"https:\/\/xenonkungen.com\/dk\/vare\/lazer-led-rampesaet-ram-1500-2019-2x-lineaer-6-elite\/","og_locale":"da_DK","og_type":"article","og_title":"Lazer Ledrampkit RAM 1500 2019+ | 2x Linear-6 Elite - Xenonkungen","og_description":"Uppgradera din RAM 1500 (2019+) med Lazer Ledrampkit som inkluderar 2x Linear-6 Elite. F\u00e5 \u00f6verl\u00e4gsen belysning med maximal ljusstyrka och stilren design. Perfekt f\u00f6r dig som vill ha kraftfull och p\u00e5litlig belysning, oavsett terr\u00e4ng eller f\u00f6rh\u00e5llanden.","og_url":"https:\/\/xenonkungen.com\/dk\/vare\/lazer-led-rampesaet-ram-1500-2019-2x-lineaer-6-elite\/","og_site_name":"Xenonkungen","article_modified_time":"2026-04-24T15:50:06+00:00","og_image":[{"width":1000,"height":750,"url":"https:\/\/xenonkungen.com\/wp-content\/uploads\/2025\/04\/stamm_lazer_sgu89_fahrzeug1-4_web.jpg","type":"image\/jpeg"}],"twitter_card":"summary_large_image","twitter_misc":{"Estimeret l\u00e6setid":"1 minut"},"schema":{"@context":"https:\/\/schema.org","@graph":[{"@type":"WebPage","@id":"https:\/\/xenonkungen.com\/produkt\/lazer-ledrampkit-ram-1500-2019-2x-linear-6-elite\/","url":"https:\/\/xenonkungen.com\/produkt\/lazer-ledrampkit-ram-1500-2019-2x-linear-6-elite\/","name":"Lazer LED rampes\u00e6t RAM 1500 2019+ | 2x Linear-6 Elite - Xenon-kongen","isPartOf":{"@id":"https:\/\/xenonkungen.com\/#website"},"primaryImageOfPage":{"@id":"https:\/\/xenonkungen.com\/produkt\/lazer-ledrampkit-ram-1500-2019-2x-linear-6-elite\/#primaryimage"},"image":{"@id":"https:\/\/xenonkungen.com\/produkt\/lazer-ledrampkit-ram-1500-2019-2x-linear-6-elite\/#primaryimage"},"thumbnailUrl":"https:\/\/xenonkungen.com\/wp-content\/uploads\/2025\/04\/stamm_lazer_sgu89_fahrzeug1-4_web.jpg","datePublished":"2025-04-15T08:55:47+00:00","dateModified":"2026-04-24T15:50:06+00:00","breadcrumb":{"@id":"https:\/\/xenonkungen.com\/produkt\/lazer-ledrampkit-ram-1500-2019-2x-linear-6-elite\/#breadcrumb"},"inLanguage":"da-DK","potentialAction":[{"@type":"ReadAction","target":["https:\/\/xenonkungen.com\/produkt\/lazer-ledrampkit-ram-1500-2019-2x-linear-6-elite\/"]}]},{"@type":"ImageObject","inLanguage":"da-DK","@id":"https:\/\/xenonkungen.com\/produkt\/lazer-ledrampkit-ram-1500-2019-2x-linear-6-elite\/#primaryimage","url":"https:\/\/xenonkungen.com\/wp-content\/uploads\/2025\/04\/stamm_lazer_sgu89_fahrzeug1-4_web.jpg","contentUrl":"https:\/\/xenonkungen.com\/wp-content\/uploads\/2025\/04\/stamm_lazer_sgu89_fahrzeug1-4_web.jpg","width":1000,"height":750},{"@type":"BreadcrumbList","@id":"https:\/\/xenonkungen.com\/produkt\/lazer-ledrampkit-ram-1500-2019-2x-linear-6-elite\/#breadcrumb","itemListElement":[{"@type":"ListItem","position":1,"name":"Hem","item":"https:\/\/xenonkungen.com\/"},{"@type":"ListItem","position":2,"name":"Shop","item":"https:\/\/xenonkungen.com\/shop\/"},{"@type":"ListItem","position":3,"name":"Lazer Ledrampkit RAM 1500 2019+ | 2x Linear-6 Elite"}]},{"@type":"WebSite","@id":"https:\/\/xenonkungen.com\/#website","url":"https:\/\/xenonkungen.com\/","name":"Xenonkungen","description":"","potentialAction":[{"@type":"SearchAction","target":{"@type":"EntryPoint","urlTemplate":"https:\/\/xenonkungen.com\/?s={search_term_string}"},"query-input":{"@type":"PropertyValueSpecification","valueRequired":true,"valueName":"search_term_string"}}],"inLanguage":"da-DK"}]}},"taxonomy_info":{"product_brand":[{"value":1124,"label":"Lazer"}],"product_cat":[{"value":1916,"label":"Ledrampspaket"}],"product_tag":[{"value":2788,"label":"black-week-exclude"}],"pa_fargtemperatur":[{"value":154,"label":"5000K"}],"pa_fuktskydd-varde-ipxx":[{"value":177,"label":"IP68"}],"pa_lampsockel-kontakt":[{"value":1122,"label":"Superseal"}],"pa_led-chips-effekt-w":[{"value":1092,"label":"42"}],"pa_storlek-mm":[{"value":1126,"label":"232x40x62"}],"pa_stromforbrukning":[{"value":1127,"label":"2,9A@12V"}],"pa_volt-v":[{"value":1084,"label":"Multivolt, 10, 12, 16, 18, 24, 28, 30, 32"}]},"featured_image_src_large":["https:\/\/xenonkungen.com\/wp-content\/uploads\/2025\/04\/stamm_lazer_sgu89_fahrzeug1-4_web.jpg",1000,750,false],"author_info":[],"comment_info":0,"_links":{"self":[{"href":"https:\/\/xenonkungen.com\/dk\/wp-json\/wp\/v2\/product\/3390","targetHints":{"allow":["GET"]}}],"collection":[{"href":"https:\/\/xenonkungen.com\/dk\/wp-json\/wp\/v2\/product"}],"about":[{"href":"https:\/\/xenonkungen.com\/dk\/wp-json\/wp\/v2\/types\/product"}],"replies":[{"embeddable":true,"href":"https:\/\/xenonkungen.com\/dk\/wp-json\/wp\/v2\/comments?post=3390"}],"wp:featuredmedia":[{"embeddable":true,"href":"https:\/\/xenonkungen.com\/dk\/wp-json\/wp\/v2\/media\/3391"}],"wp:attachment":[{"href":"https:\/\/xenonkungen.com\/dk\/wp-json\/wp\/v2\/media?parent=3390"}],"wp:term":[{"taxonomy":"anvandningsomrade","embeddable":true,"href":"https:\/\/xenonkungen.com\/dk\/wp-json\/wp\/v2\/anvandningsomrade?post=3390"},{"taxonomy":"bilmarken","embeddable":true,"href":"https:\/\/xenonkungen.com\/dk\/wp-json\/wp\/v2\/bilmarken?post=3390"},{"taxonomy":"product_brand","embeddable":true,"href":"https:\/\/xenonkungen.com\/dk\/wp-json\/wp\/v2\/product_brand?post=3390"},{"taxonomy":"product_cat","embeddable":true,"href":"https:\/\/xenonkungen.com\/dk\/wp-json\/wp\/v2\/product_cat?post=3390"},{"taxonomy":"product_tag","embeddable":true,"href":"https:\/\/xenonkungen.com\/dk\/wp-json\/wp\/v2\/product_tag?post=3390"}],"curies":[{"name":"wp","href":"https:\/\/api.w.org\/{rel}","templated":true}]}}