{"id":3471,"date":"2025-04-15T08:56:43","date_gmt":"2025-04-15T08:56:43","guid":{"rendered":"https:\/\/xenonkungen.com\/product\/led-blixtljus-loki-r65-klass-2-bojbart-10-33v\/"},"modified":"2026-04-11T00:07:42","modified_gmt":"2026-04-10T23:07:42","slug":"led-blitz-loki-r65-klasse-2-bojelig-10-33v","status":"publish","type":"product","link":"https:\/\/xenonkungen.com\/dk\/vare\/led-blitz-loki-r65-klasse-2-bojelig-10-33v\/","title":{"rendered":"LED-lommelygte LOKI R65 klasse 2 b\u00f8jelig 10-33V"},"content":{"rendered":"<h1><strong>LED-blinklys LOKI R65 klasse 2 - b\u00f8jeligt og robust<\/strong><\/h1>\n<p><strong>Oplev LOKI FIN6 - den perfekte lommelygte til enhver overflade<\/strong><\/p>\n<p><strong>LED-blinklys LOKI FIN6 R65 klasse 2<\/strong> er en avanceret og fleksibel lygte, der er designet til at opfylde de h\u00f8jeste krav i sikkerheds- og advarselslysbranchen. Se her, hvorfor LOKI FIN6 er det bedste valg til dine behov:<\/p>\n<ul>\n<li><strong>3 \u00e5rs garanti:<\/strong> Vi st\u00e5r inde for kvaliteten af vores produkter og tilbyder hele tre \u00e5rs garanti.<\/li>\n<li><strong>Fleksibilitet:<\/strong> LOKI kan b\u00f8jes bagud op til 30\u00b0, hvilket g\u00f8r den ideel til montering p\u00e5 b\u00e5de flade og buede overflader.<\/li>\n<li><strong>Modstandsdygtighed:<\/strong> LOKI er lavet af silikone og et b\u00f8jeligt LED-lys og er designet til at modst\u00e5 st\u00f8d og korrosion effektivt.<\/li>\n<li><strong>Alsidige lynm\u00f8nstre:<\/strong> Med 19 forskellige blitzm\u00f8nstre kan du tilpasse lyset til dine specifikke behov.<\/li>\n<li><strong>Nem installation:<\/strong> V\u00e6lg mellem 3M VHB-tape- eller skruemontering for hurtig og nem installation.<\/li>\n<li><strong>Overlegen linsedesign:<\/strong> Det anti-gule og antioxidante linsedesign sikrer langvarig klarhed og ydeevne.<\/li>\n<li><strong>Avanceret varmeafledning:<\/strong> Unik varmeafledningsteknologi, der forl\u00e6nger lampens levetid.<\/li>\n<\/ul>\n<p><strong>Klassifikationer og tekniske specifikationer<\/strong><\/p>\n<p>LOKI FIN6 opfylder flere internationale standarder, hvilket sikrer dens p\u00e5lidelighed og sikkerhed.<\/p>\n<p><strong>Hvorfor v\u00e6lge LOKI FIN6?<\/strong><\/p>\n<p>LOKI FIN6 er ikke bare en lommelygte, det er en investering i sikkerhed og holdbarhed. Dens robuste konstruktion og fleksible design g\u00f8r den til den perfekte l\u00f8sning til en lang r\u00e6kke anvendelser, fra erhvervsk\u00f8ret\u00f8jer til industrimaskiner.<\/p>\n<p>Bestil i dag, og oplev forskellen med <strong>LED-blinklys LOKI FIN6 R65 klasse 2<\/strong>. Det er det smarte valg for dem, der kr\u00e6ver det bedste inden for blitzbelysning.<\/p>","protected":false},"excerpt":{"rendered":"<p>LED-blinklys LOKI FIN6 R65 klasse 2, b\u00f8jeligt blinklys<\/p>","protected":false},"featured_media":3472,"comment_status":"closed","ping_status":"open","template":"","meta":{"_acf_changed":false,"_smort_price_nok":"1195","_smort_price_dkk":"759","_smort_price_eur":"101.72","_smort_sale_price_nok":"","_smort_sale_price_dkk":"","_smort_sale_price_eur":"","smort_restorder":"","shipmondo_restorder":"","_kad_blocks_custom_css":"","_kad_blocks_head_custom_js":"","_kad_blocks_body_custom_js":"","_kad_blocks_footer_custom_js":"","smort_custom_pricelist_1":"716.16","smort_custom_pricelist_2":"626.64","smort_custom_pricelist_3":"581.88","smort_custom_pricelist_4":"895.2","smort_custom_pricelist_5":"626.64"},"anvandningsomrade":[],"bilmarken":[],"product_brand":[],"product_cat":[2553,1061],"product_tag":[2788],"class_list":{"0":"post-3471","1":"product","2":"type-product","3":"status-publish","4":"has-post-thumbnail","6":"product_cat-blixtljus-riktat-varningsljus","7":"product_cat-varningsljus","8":"product_tag-black-week-exclude","9":"pa_fuktskydd-varde-ipxx-ip69k","10":"pa_godkannande-ece-r10-ece-r65-klass1-ece-r65-ht-klass2-sae-j595-ca-t13","11":"pa_lampsockel-kontakt-open-wire","12":"pa_led-chips-effekt-w-772","13":"pa_storlek-mm-1146x262x109","14":"pa_volt-v-multivolt-10-12-16-18-24-28-30-33","16":"first","17":"instock","18":"taxable","19":"shipping-taxable","20":"purchasable","21":"product-type-simple"},"bundled_by":[],"bundle_stock_status":"instock","bundle_stock_quantity":8,"bundle_virtual":false,"bundle_layout":"","bundle_add_to_cart_form_location":"","bundle_editable_in_cart":false,"bundle_sold_individually_context":"","bundle_item_grouping":"","bundle_min_size":"","bundle_max_size":"","bundle_price":[],"bundled_items":[],"bundle_sell_ids":[],"acf":[],"yoast_head":"<!-- This site is optimized with the Yoast SEO plugin v27.0 - https:\/\/yoast.com\/product\/yoast-seo-wordpress\/ -->\n<title>LED Blixtljus LOKI R65 Klass 2 b\u00f6jbart 10-33V - Xenonkungen<\/title>\n<meta name=\"robots\" content=\"index, follow, max-snippet:-1, max-image-preview:large, max-video-preview:-1\" \/>\n<link rel=\"canonical\" href=\"https:\/\/xenonkungen.com\/dk\/vare\/led-blitz-loki-r65-klasse-2-bojelig-10-33v\/\" \/>\n<meta property=\"og:locale\" content=\"da_DK\" \/>\n<meta property=\"og:type\" content=\"article\" \/>\n<meta property=\"og:title\" content=\"LED Blixtljus LOKI R65 Klass 2 b\u00f6jbart 10-33V - Xenonkungen\" \/>\n<meta property=\"og:description\" content=\"LED Blixtljus LOKI FIN6 R65 Klass 2, b\u00f6jbart blixtljus\" \/>\n<meta property=\"og:url\" content=\"https:\/\/xenonkungen.com\/dk\/vare\/led-blitz-loki-r65-klasse-2-bojelig-10-33v\/\" \/>\n<meta property=\"og:site_name\" content=\"Xenonkungen\" \/>\n<meta property=\"article:modified_time\" content=\"2026-04-10T23:07:42+00:00\" \/>\n<meta property=\"og:image\" content=\"https:\/\/xenonkungen.com\/wp-content\/uploads\/2025\/04\/213622477-origpic-c10cd0.jpg\" \/>\n\t<meta property=\"og:image:width\" content=\"1038\" \/>\n\t<meta property=\"og:image:height\" content=\"779\" \/>\n\t<meta property=\"og:image:type\" content=\"image\/jpeg\" \/>\n<meta name=\"twitter:card\" content=\"summary_large_image\" \/>\n<meta name=\"twitter:label1\" content=\"Estimeret l\u00e6setid\" \/>\n\t<meta name=\"twitter:data1\" content=\"1 minut\" \/>\n<script type=\"application\/ld+json\" class=\"yoast-schema-graph\">{\"@context\":\"https:\/\/schema.org\",\"@graph\":[{\"@type\":\"WebPage\",\"@id\":\"https:\/\/xenonkungen.com\/produkt\/led-blixtljus-loki-r65-klass-2-bojbart-10-33v\/\",\"url\":\"https:\/\/xenonkungen.com\/produkt\/led-blixtljus-loki-r65-klass-2-bojbart-10-33v\/\",\"name\":\"LED Blixtljus LOKI R65 Klass 2 b\u00f6jbart 10-33V - Xenonkungen\",\"isPartOf\":{\"@id\":\"https:\/\/xenonkungen.com\/#website\"},\"primaryImageOfPage\":{\"@id\":\"https:\/\/xenonkungen.com\/produkt\/led-blixtljus-loki-r65-klass-2-bojbart-10-33v\/#primaryimage\"},\"image\":{\"@id\":\"https:\/\/xenonkungen.com\/produkt\/led-blixtljus-loki-r65-klass-2-bojbart-10-33v\/#primaryimage\"},\"thumbnailUrl\":\"https:\/\/xenonkungen.com\/wp-content\/uploads\/2025\/04\/213622477-origpic-c10cd0.jpg\",\"datePublished\":\"2025-04-15T08:56:43+00:00\",\"dateModified\":\"2026-04-10T23:07:42+00:00\",\"breadcrumb\":{\"@id\":\"https:\/\/xenonkungen.com\/produkt\/led-blixtljus-loki-r65-klass-2-bojbart-10-33v\/#breadcrumb\"},\"inLanguage\":\"da-DK\",\"potentialAction\":[{\"@type\":\"ReadAction\",\"target\":[\"https:\/\/xenonkungen.com\/produkt\/led-blixtljus-loki-r65-klass-2-bojbart-10-33v\/\"]}]},{\"@type\":\"ImageObject\",\"inLanguage\":\"da-DK\",\"@id\":\"https:\/\/xenonkungen.com\/produkt\/led-blixtljus-loki-r65-klass-2-bojbart-10-33v\/#primaryimage\",\"url\":\"https:\/\/xenonkungen.com\/wp-content\/uploads\/2025\/04\/213622477-origpic-c10cd0.jpg\",\"contentUrl\":\"https:\/\/xenonkungen.com\/wp-content\/uploads\/2025\/04\/213622477-origpic-c10cd0.jpg\",\"width\":1038,\"height\":779},{\"@type\":\"BreadcrumbList\",\"@id\":\"https:\/\/xenonkungen.com\/produkt\/led-blixtljus-loki-r65-klass-2-bojbart-10-33v\/#breadcrumb\",\"itemListElement\":[{\"@type\":\"ListItem\",\"position\":1,\"name\":\"Hem\",\"item\":\"https:\/\/xenonkungen.com\/\"},{\"@type\":\"ListItem\",\"position\":2,\"name\":\"Shop\",\"item\":\"https:\/\/xenonkungen.com\/shop\/\"},{\"@type\":\"ListItem\",\"position\":3,\"name\":\"LED Blixtljus LOKI R65 Klass 2 b\u00f6jbart 10-33V\"}]},{\"@type\":\"WebSite\",\"@id\":\"https:\/\/xenonkungen.com\/#website\",\"url\":\"https:\/\/xenonkungen.com\/\",\"name\":\"Xenonkungen\",\"description\":\"\",\"potentialAction\":[{\"@type\":\"SearchAction\",\"target\":{\"@type\":\"EntryPoint\",\"urlTemplate\":\"https:\/\/xenonkungen.com\/?s={search_term_string}\"},\"query-input\":{\"@type\":\"PropertyValueSpecification\",\"valueRequired\":true,\"valueName\":\"search_term_string\"}}],\"inLanguage\":\"da-DK\"}]}<\/script>\n<!-- \/ Yoast SEO plugin. -->","yoast_head_json":{"title":"LED-blinklys LOKI R65 Klasse 2 b\u00f8jelig 10-33V - Xenonkungen","robots":{"index":"index","follow":"follow","max-snippet":"max-snippet:-1","max-image-preview":"max-image-preview:large","max-video-preview":"max-video-preview:-1"},"canonical":"https:\/\/xenonkungen.com\/dk\/vare\/led-blitz-loki-r65-klasse-2-bojelig-10-33v\/","og_locale":"da_DK","og_type":"article","og_title":"LED Blixtljus LOKI R65 Klass 2 b\u00f6jbart 10-33V - Xenonkungen","og_description":"LED Blixtljus LOKI FIN6 R65 Klass 2, b\u00f6jbart blixtljus","og_url":"https:\/\/xenonkungen.com\/dk\/vare\/led-blitz-loki-r65-klasse-2-bojelig-10-33v\/","og_site_name":"Xenonkungen","article_modified_time":"2026-04-10T23:07:42+00:00","og_image":[{"width":1038,"height":779,"url":"https:\/\/xenonkungen.com\/wp-content\/uploads\/2025\/04\/213622477-origpic-c10cd0.jpg","type":"image\/jpeg"}],"twitter_card":"summary_large_image","twitter_misc":{"Estimeret l\u00e6setid":"1 minut"},"schema":{"@context":"https:\/\/schema.org","@graph":[{"@type":"WebPage","@id":"https:\/\/xenonkungen.com\/produkt\/led-blixtljus-loki-r65-klass-2-bojbart-10-33v\/","url":"https:\/\/xenonkungen.com\/produkt\/led-blixtljus-loki-r65-klass-2-bojbart-10-33v\/","name":"LED-blinklys LOKI R65 Klasse 2 b\u00f8jelig 10-33V - Xenonkungen","isPartOf":{"@id":"https:\/\/xenonkungen.com\/#website"},"primaryImageOfPage":{"@id":"https:\/\/xenonkungen.com\/produkt\/led-blixtljus-loki-r65-klass-2-bojbart-10-33v\/#primaryimage"},"image":{"@id":"https:\/\/xenonkungen.com\/produkt\/led-blixtljus-loki-r65-klass-2-bojbart-10-33v\/#primaryimage"},"thumbnailUrl":"https:\/\/xenonkungen.com\/wp-content\/uploads\/2025\/04\/213622477-origpic-c10cd0.jpg","datePublished":"2025-04-15T08:56:43+00:00","dateModified":"2026-04-10T23:07:42+00:00","breadcrumb":{"@id":"https:\/\/xenonkungen.com\/produkt\/led-blixtljus-loki-r65-klass-2-bojbart-10-33v\/#breadcrumb"},"inLanguage":"da-DK","potentialAction":[{"@type":"ReadAction","target":["https:\/\/xenonkungen.com\/produkt\/led-blixtljus-loki-r65-klass-2-bojbart-10-33v\/"]}]},{"@type":"ImageObject","inLanguage":"da-DK","@id":"https:\/\/xenonkungen.com\/produkt\/led-blixtljus-loki-r65-klass-2-bojbart-10-33v\/#primaryimage","url":"https:\/\/xenonkungen.com\/wp-content\/uploads\/2025\/04\/213622477-origpic-c10cd0.jpg","contentUrl":"https:\/\/xenonkungen.com\/wp-content\/uploads\/2025\/04\/213622477-origpic-c10cd0.jpg","width":1038,"height":779},{"@type":"BreadcrumbList","@id":"https:\/\/xenonkungen.com\/produkt\/led-blixtljus-loki-r65-klass-2-bojbart-10-33v\/#breadcrumb","itemListElement":[{"@type":"ListItem","position":1,"name":"Hem","item":"https:\/\/xenonkungen.com\/"},{"@type":"ListItem","position":2,"name":"Shop","item":"https:\/\/xenonkungen.com\/shop\/"},{"@type":"ListItem","position":3,"name":"LED Blixtljus LOKI R65 Klass 2 b\u00f6jbart 10-33V"}]},{"@type":"WebSite","@id":"https:\/\/xenonkungen.com\/#website","url":"https:\/\/xenonkungen.com\/","name":"Xenonkungen","description":"","potentialAction":[{"@type":"SearchAction","target":{"@type":"EntryPoint","urlTemplate":"https:\/\/xenonkungen.com\/?s={search_term_string}"},"query-input":{"@type":"PropertyValueSpecification","valueRequired":true,"valueName":"search_term_string"}}],"inLanguage":"da-DK"}]}},"taxonomy_info":{"product_cat":[{"value":2553,"label":"Blixtljus - Riktat varningsljus"},{"value":1061,"label":"Varningsljus"}],"product_tag":[{"value":2788,"label":"black-week-exclude"}],"pa_fuktskydd-varde-ipxx":[{"value":155,"label":"IP69K"}],"pa_godkannande":[{"value":1150,"label":"ECE R10, ECE R65 klass1, ECE R65 HT klass2, SAE J595, CA T13"}],"pa_lampsockel-kontakt":[{"value":324,"label":"Open Wire"}],"pa_led-chips-effekt-w":[{"value":772,"label":"10"}],"pa_storlek-mm":[{"value":1148,"label":"114,6x26,2x10,9"}],"pa_volt-v":[{"value":1149,"label":"Multivolt, 10, 12, 16, 18, 24, 28, 30, 33"}]},"featured_image_src_large":["https:\/\/xenonkungen.com\/wp-content\/uploads\/2025\/04\/213622477-origpic-c10cd0-1024x768.jpg",1024,768,true],"author_info":[],"comment_info":0,"_links":{"self":[{"href":"https:\/\/xenonkungen.com\/dk\/wp-json\/wp\/v2\/product\/3471","targetHints":{"allow":["GET"]}}],"collection":[{"href":"https:\/\/xenonkungen.com\/dk\/wp-json\/wp\/v2\/product"}],"about":[{"href":"https:\/\/xenonkungen.com\/dk\/wp-json\/wp\/v2\/types\/product"}],"replies":[{"embeddable":true,"href":"https:\/\/xenonkungen.com\/dk\/wp-json\/wp\/v2\/comments?post=3471"}],"wp:featuredmedia":[{"embeddable":true,"href":"https:\/\/xenonkungen.com\/dk\/wp-json\/wp\/v2\/media\/3472"}],"wp:attachment":[{"href":"https:\/\/xenonkungen.com\/dk\/wp-json\/wp\/v2\/media?parent=3471"}],"wp:term":[{"taxonomy":"anvandningsomrade","embeddable":true,"href":"https:\/\/xenonkungen.com\/dk\/wp-json\/wp\/v2\/anvandningsomrade?post=3471"},{"taxonomy":"bilmarken","embeddable":true,"href":"https:\/\/xenonkungen.com\/dk\/wp-json\/wp\/v2\/bilmarken?post=3471"},{"taxonomy":"product_brand","embeddable":true,"href":"https:\/\/xenonkungen.com\/dk\/wp-json\/wp\/v2\/product_brand?post=3471"},{"taxonomy":"product_cat","embeddable":true,"href":"https:\/\/xenonkungen.com\/dk\/wp-json\/wp\/v2\/product_cat?post=3471"},{"taxonomy":"product_tag","embeddable":true,"href":"https:\/\/xenonkungen.com\/dk\/wp-json\/wp\/v2\/product_tag?post=3471"}],"curies":[{"name":"wp","href":"https:\/\/api.w.org\/{rel}","templated":true}]}}