{"id":3487,"date":"2025-04-15T08:57:09","date_gmt":"2025-04-15T08:57:09","guid":{"rendered":"https:\/\/xenonkungen.com\/product\/w9-phoenix-xtreme-led-extraljus\/"},"modified":"2026-05-08T13:29:44","modified_gmt":"2026-05-08T12:29:44","slug":"w9-phoenix-xtreme-led-ekstralys","status":"publish","type":"product","link":"https:\/\/xenonkungen.com\/dk\/vare\/w9-phoenix-xtreme-led-ekstralys\/","title":{"rendered":"W9 Phoenix XTREME LED Ekstra lys"},"content":{"rendered":"<h1>Opdag W9 Phoenix XTREME LED-hj\u00e6lpelyset \u2013 enest\u00e5ende ydeevne og r\u00e6kkevidde!<\/h1>\n<p>W9 Phoenix XTREME h\u00e6ver barren for ekstralys med imponerende lysstyrke og en r\u00e6kkevidde p\u00e5 over 1,5 km ved 1 Lux. Oplev kraftfuld belysning kombineret med et stilfuldt design, der vil forvandle din k\u00f8reoplevelse.<\/p>\n<h2>Fordele ved W9 Phoenix XTREME LED:<\/h2>\n<ul>\n<li><span class=\"highlight\">Optimeret lysbillede<\/span> - Opdateret optik giver et bredere og mere behageligt lysm\u00f8nster.<\/li>\n<li><span class=\"highlight\">Elegant design<\/span> - Dark Look for en eksklusiv, moderne stil.<\/li>\n<li><span class=\"highlight\">To-farvet positionslys<\/span> - V\u00e6lg mellem orange og hvid for et sofistikeret look.<\/li>\n<\/ul>\n<h2>Innovation p\u00e5 forkant<\/h2>\n<p>W9 Phoenix XTREME er designet til bilister, der kr\u00e6ver den bedst mulige ydeevne og klarhed, og har opgraderet teknologi, der leverer en dagslyslignende k\u00f8reoplevelse, perfekt til sikker k\u00f8rsel i m\u00f8rke.<\/p>\n<h2>Funktioner og fordele:<\/h2>\n<ul>\n<li><span class=\"highlight\">Bedste pr\u00e6station<\/span> - Med 15.000 lumen pr. ekstra lygte er der garanti for krystalklart udsyn under alle vejrforhold.<\/li>\n<li><span class=\"highlight\">Ekstraordin\u00e6r r\u00e6kkevidde<\/span> - Lyset n\u00e5r 1509 meter ved 1 lux og helt op til 2889 meter ved 0,25 lux.<\/li>\n<li><span class=\"highlight\">\u00d8jenvenligt lys<\/span> - 5500 Kelvin farvetemperatur giver naturlig og behagelig belysning.<\/li>\n<li><span class=\"highlight\">Robust konstruktion<\/span> - Forst\u00e6rket chassis og holdbar finish, tilpasset det nordiske klima.<\/li>\n<li><span class=\"highlight\">Nem installation<\/span> - Integreret DT4-stik til hurtig og nem installation.<\/li>\n<li><span class=\"highlight\">Forl\u00e6nget levetid<\/span> - Forbedret ventilation \u00f8ger LED'ernes levetid.<\/li>\n<\/ul>\n<p>Oplev maksimal lysstyrke og k\u00f8r med selvtillid \u2013 W9 Phoenix XTREME LED-ekstralygterne tilbyder den ultimative belysning for en mere sikker og inspirerende k\u00f8reoplevelse!<\/p>","protected":false},"excerpt":{"rendered":"<p>Uppt\u00e4ck W9 Phoenix XTREME LED Extraljus \u2013 Enast\u00e5ende Prestanda och R\u00e4ckvidd! W9 Phoenix XTREME h\u00f6jer ribban f\u00f6r extraljus med imponerande ljusstyrka och en r\u00e4ckvidd p\u00e5 \u00f6ver 1,5 km vid 1 Lux. Upplev kraftfull belysning kombinerat med en stilren design som f\u00f6rvandlar din k\u00f6rupplevelse. F\u00f6rdelar med W9 Phoenix XTREME LED: Optimerad ljusbild \u2013 Uppdaterad optik f\u00f6r [&hellip;]<\/p>","protected":false},"featured_media":3488,"comment_status":"closed","ping_status":"closed","template":"","meta":{"_acf_changed":false,"_smort_price_nok":"2345","_smort_price_dkk":"1489","_smort_price_eur":"199.54","_smort_sale_price_nok":"","_smort_sale_price_dkk":"","_smort_sale_price_eur":"159.63","smort_restorder":"","shipmondo_restorder":"","_kad_blocks_custom_css":"","_kad_blocks_head_custom_js":"","_kad_blocks_body_custom_js":"","_kad_blocks_footer_custom_js":"","smort_custom_pricelist_1":"1404.8","smort_custom_pricelist_2":"1404.8","smort_custom_pricelist_3":"1404.8","smort_custom_pricelist_4":"1756","smort_custom_pricelist_5":"1404.8"},"anvandningsomrade":[],"bilmarken":[],"product_brand":[],"product_cat":[2839,142],"product_tag":[],"class_list":{"0":"post-3487","1":"product","2":"type-product","3":"status-publish","4":"has-post-thumbnail","6":"product_cat-extraljus-9","7":"product_cat-extraljus","8":"pa_fargtemperatur-5500k","9":"pa_fuktskydd-varde-ipxx-ip68","10":"pa_godkannande-ce","11":"pa_lampsockel-kontakt-dt4","12":"pa_led-chips-effekt-w-1157","13":"pa_ljusbild-driving","14":"pa_storlek-mm-244x80x227","15":"pa_stromforbrukning-1220a137v","16":"pa_volt-v-multivolt-9-12-16-18-24-28-30","18":"first","19":"instock","20":"taxable","21":"shipping-taxable","22":"purchasable","23":"product-type-simple"},"bundled_by":[],"bundle_stock_status":"instock","bundle_stock_quantity":85,"bundle_virtual":false,"bundle_layout":"","bundle_add_to_cart_form_location":"","bundle_editable_in_cart":false,"bundle_sold_individually_context":"","bundle_item_grouping":"","bundle_min_size":"","bundle_max_size":"","bundle_price":[],"bundled_items":[],"bundle_sell_ids":[],"acf":[],"yoast_head":"<!-- This site is optimized with the Yoast SEO plugin v27.0 - https:\/\/yoast.com\/product\/yoast-seo-wordpress\/ -->\n<title>W9 Phoenix XTREME LED Extraljus - Xenonkungen<\/title>\n<meta name=\"robots\" content=\"index, follow, max-snippet:-1, max-image-preview:large, max-video-preview:-1\" \/>\n<link rel=\"canonical\" href=\"https:\/\/xenonkungen.com\/dk\/vare\/w9-phoenix-xtreme-led-ekstralys\/\" \/>\n<meta property=\"og:locale\" content=\"da_DK\" \/>\n<meta property=\"og:type\" content=\"article\" \/>\n<meta property=\"og:title\" content=\"W9 Phoenix XTREME LED Extraljus - Xenonkungen\" \/>\n<meta property=\"og:description\" content=\"Uppt\u00e4ck W9 Phoenix XTREME LED Extraljus \u2013 Enast\u00e5ende Prestanda och R\u00e4ckvidd! W9 Phoenix XTREME h\u00f6jer ribban f\u00f6r extraljus med imponerande ljusstyrka och en r\u00e4ckvidd p\u00e5 \u00f6ver 1,5 km vid 1 Lux. Upplev kraftfull belysning kombinerat med en stilren design som f\u00f6rvandlar din k\u00f6rupplevelse. F\u00f6rdelar med W9 Phoenix XTREME LED: Optimerad ljusbild \u2013 Uppdaterad optik f\u00f6r [&hellip;]\" \/>\n<meta property=\"og:url\" content=\"https:\/\/xenonkungen.com\/dk\/vare\/w9-phoenix-xtreme-led-ekstralys\/\" \/>\n<meta property=\"og:site_name\" content=\"Xenonkungen\" \/>\n<meta property=\"article:modified_time\" content=\"2026-05-08T12:29:44+00:00\" \/>\n<meta property=\"og:image\" content=\"https:\/\/xenonkungen.com\/wp-content\/uploads\/2025\/04\/w9phoenixxtremeled-lisavalo_8020108510_2c345b1b964a_1.webp\" \/>\n\t<meta property=\"og:image:width\" content=\"2048\" \/>\n\t<meta property=\"og:image:height\" content=\"2048\" \/>\n\t<meta property=\"og:image:type\" content=\"image\/webp\" \/>\n<meta name=\"twitter:card\" content=\"summary_large_image\" \/>\n<meta name=\"twitter:label1\" content=\"Estimeret l\u00e6setid\" \/>\n\t<meta name=\"twitter:data1\" content=\"2 minutter\" \/>\n<script type=\"application\/ld+json\" class=\"yoast-schema-graph\">{\"@context\":\"https:\/\/schema.org\",\"@graph\":[{\"@type\":\"WebPage\",\"@id\":\"https:\/\/xenonkungen.com\/produkt\/w9-phoenix-xtreme-led-extraljus\/\",\"url\":\"https:\/\/xenonkungen.com\/produkt\/w9-phoenix-xtreme-led-extraljus\/\",\"name\":\"W9 Phoenix XTREME LED Extraljus - Xenonkungen\",\"isPartOf\":{\"@id\":\"https:\/\/xenonkungen.com\/#website\"},\"primaryImageOfPage\":{\"@id\":\"https:\/\/xenonkungen.com\/produkt\/w9-phoenix-xtreme-led-extraljus\/#primaryimage\"},\"image\":{\"@id\":\"https:\/\/xenonkungen.com\/produkt\/w9-phoenix-xtreme-led-extraljus\/#primaryimage\"},\"thumbnailUrl\":\"https:\/\/xenonkungen.com\/wp-content\/uploads\/2025\/04\/w9phoenixxtremeled-lisavalo_8020108510_2c345b1b964a_1.webp\",\"datePublished\":\"2025-04-15T08:57:09+00:00\",\"dateModified\":\"2026-05-08T12:29:44+00:00\",\"breadcrumb\":{\"@id\":\"https:\/\/xenonkungen.com\/produkt\/w9-phoenix-xtreme-led-extraljus\/#breadcrumb\"},\"inLanguage\":\"da-DK\",\"potentialAction\":[{\"@type\":\"ReadAction\",\"target\":[\"https:\/\/xenonkungen.com\/produkt\/w9-phoenix-xtreme-led-extraljus\/\"]}]},{\"@type\":\"ImageObject\",\"inLanguage\":\"da-DK\",\"@id\":\"https:\/\/xenonkungen.com\/produkt\/w9-phoenix-xtreme-led-extraljus\/#primaryimage\",\"url\":\"https:\/\/xenonkungen.com\/wp-content\/uploads\/2025\/04\/w9phoenixxtremeled-lisavalo_8020108510_2c345b1b964a_1.webp\",\"contentUrl\":\"https:\/\/xenonkungen.com\/wp-content\/uploads\/2025\/04\/w9phoenixxtremeled-lisavalo_8020108510_2c345b1b964a_1.webp\",\"width\":2048,\"height\":2048},{\"@type\":\"BreadcrumbList\",\"@id\":\"https:\/\/xenonkungen.com\/produkt\/w9-phoenix-xtreme-led-extraljus\/#breadcrumb\",\"itemListElement\":[{\"@type\":\"ListItem\",\"position\":1,\"name\":\"Hem\",\"item\":\"https:\/\/xenonkungen.com\/\"},{\"@type\":\"ListItem\",\"position\":2,\"name\":\"Shop\",\"item\":\"https:\/\/xenonkungen.com\/shop\/\"},{\"@type\":\"ListItem\",\"position\":3,\"name\":\"W9 Phoenix XTREME LED Extraljus\"}]},{\"@type\":\"WebSite\",\"@id\":\"https:\/\/xenonkungen.com\/#website\",\"url\":\"https:\/\/xenonkungen.com\/\",\"name\":\"Xenonkungen\",\"description\":\"\",\"potentialAction\":[{\"@type\":\"SearchAction\",\"target\":{\"@type\":\"EntryPoint\",\"urlTemplate\":\"https:\/\/xenonkungen.com\/?s={search_term_string}\"},\"query-input\":{\"@type\":\"PropertyValueSpecification\",\"valueRequired\":true,\"valueName\":\"search_term_string\"}}],\"inLanguage\":\"da-DK\"}]}<\/script>\n<!-- \/ Yoast SEO plugin. -->","yoast_head_json":{"title":"W9 Phoenix XTREME LED ekstralys - Xenonkungen","robots":{"index":"index","follow":"follow","max-snippet":"max-snippet:-1","max-image-preview":"max-image-preview:large","max-video-preview":"max-video-preview:-1"},"canonical":"https:\/\/xenonkungen.com\/dk\/vare\/w9-phoenix-xtreme-led-ekstralys\/","og_locale":"da_DK","og_type":"article","og_title":"W9 Phoenix XTREME LED Extraljus - Xenonkungen","og_description":"Uppt\u00e4ck W9 Phoenix XTREME LED Extraljus \u2013 Enast\u00e5ende Prestanda och R\u00e4ckvidd! W9 Phoenix XTREME h\u00f6jer ribban f\u00f6r extraljus med imponerande ljusstyrka och en r\u00e4ckvidd p\u00e5 \u00f6ver 1,5 km vid 1 Lux. Upplev kraftfull belysning kombinerat med en stilren design som f\u00f6rvandlar din k\u00f6rupplevelse. F\u00f6rdelar med W9 Phoenix XTREME LED: Optimerad ljusbild \u2013 Uppdaterad optik f\u00f6r [&hellip;]","og_url":"https:\/\/xenonkungen.com\/dk\/vare\/w9-phoenix-xtreme-led-ekstralys\/","og_site_name":"Xenonkungen","article_modified_time":"2026-05-08T12:29:44+00:00","og_image":[{"width":2048,"height":2048,"url":"https:\/\/xenonkungen.com\/wp-content\/uploads\/2025\/04\/w9phoenixxtremeled-lisavalo_8020108510_2c345b1b964a_1.webp","type":"image\/webp"}],"twitter_card":"summary_large_image","twitter_misc":{"Estimeret l\u00e6setid":"2 minutter"},"schema":{"@context":"https:\/\/schema.org","@graph":[{"@type":"WebPage","@id":"https:\/\/xenonkungen.com\/produkt\/w9-phoenix-xtreme-led-extraljus\/","url":"https:\/\/xenonkungen.com\/produkt\/w9-phoenix-xtreme-led-extraljus\/","name":"W9 Phoenix XTREME LED ekstralys - Xenonkungen","isPartOf":{"@id":"https:\/\/xenonkungen.com\/#website"},"primaryImageOfPage":{"@id":"https:\/\/xenonkungen.com\/produkt\/w9-phoenix-xtreme-led-extraljus\/#primaryimage"},"image":{"@id":"https:\/\/xenonkungen.com\/produkt\/w9-phoenix-xtreme-led-extraljus\/#primaryimage"},"thumbnailUrl":"https:\/\/xenonkungen.com\/wp-content\/uploads\/2025\/04\/w9phoenixxtremeled-lisavalo_8020108510_2c345b1b964a_1.webp","datePublished":"2025-04-15T08:57:09+00:00","dateModified":"2026-05-08T12:29:44+00:00","breadcrumb":{"@id":"https:\/\/xenonkungen.com\/produkt\/w9-phoenix-xtreme-led-extraljus\/#breadcrumb"},"inLanguage":"da-DK","potentialAction":[{"@type":"ReadAction","target":["https:\/\/xenonkungen.com\/produkt\/w9-phoenix-xtreme-led-extraljus\/"]}]},{"@type":"ImageObject","inLanguage":"da-DK","@id":"https:\/\/xenonkungen.com\/produkt\/w9-phoenix-xtreme-led-extraljus\/#primaryimage","url":"https:\/\/xenonkungen.com\/wp-content\/uploads\/2025\/04\/w9phoenixxtremeled-lisavalo_8020108510_2c345b1b964a_1.webp","contentUrl":"https:\/\/xenonkungen.com\/wp-content\/uploads\/2025\/04\/w9phoenixxtremeled-lisavalo_8020108510_2c345b1b964a_1.webp","width":2048,"height":2048},{"@type":"BreadcrumbList","@id":"https:\/\/xenonkungen.com\/produkt\/w9-phoenix-xtreme-led-extraljus\/#breadcrumb","itemListElement":[{"@type":"ListItem","position":1,"name":"Hem","item":"https:\/\/xenonkungen.com\/"},{"@type":"ListItem","position":2,"name":"Shop","item":"https:\/\/xenonkungen.com\/shop\/"},{"@type":"ListItem","position":3,"name":"W9 Phoenix XTREME LED Extraljus"}]},{"@type":"WebSite","@id":"https:\/\/xenonkungen.com\/#website","url":"https:\/\/xenonkungen.com\/","name":"Xenonkungen","description":"","potentialAction":[{"@type":"SearchAction","target":{"@type":"EntryPoint","urlTemplate":"https:\/\/xenonkungen.com\/?s={search_term_string}"},"query-input":{"@type":"PropertyValueSpecification","valueRequired":true,"valueName":"search_term_string"}}],"inLanguage":"da-DK"}]}},"taxonomy_info":{"product_cat":[{"value":2839,"label":"Extraljus 9\""},{"value":142,"label":"Extraljus"}],"pa_fargtemperatur":[{"value":176,"label":"5500K"}],"pa_fuktskydd-varde-ipxx":[{"value":177,"label":"IP68"}],"pa_godkannande":[{"value":794,"label":"CE"}],"pa_lampsockel-kontakt":[{"value":404,"label":"DT4"}],"pa_led-chips-effekt-w":[{"value":1157,"label":"190"}],"pa_ljusbild":[{"value":178,"label":"Driving"}],"pa_storlek-mm":[{"value":1156,"label":"244x80x227"}],"pa_stromforbrukning":[{"value":1158,"label":"12,20A@13,7V"}],"pa_volt-v":[{"value":728,"label":"Multivolt, 9, 12, 16, 18, 24, 28, 30"}]},"featured_image_src_large":["https:\/\/xenonkungen.com\/wp-content\/uploads\/2025\/04\/w9phoenixxtremeled-lisavalo_8020108510_2c345b1b964a_1-1024x1024.webp",1024,1024,true],"author_info":[],"comment_info":0,"_links":{"self":[{"href":"https:\/\/xenonkungen.com\/dk\/wp-json\/wp\/v2\/product\/3487","targetHints":{"allow":["GET"]}}],"collection":[{"href":"https:\/\/xenonkungen.com\/dk\/wp-json\/wp\/v2\/product"}],"about":[{"href":"https:\/\/xenonkungen.com\/dk\/wp-json\/wp\/v2\/types\/product"}],"replies":[{"embeddable":true,"href":"https:\/\/xenonkungen.com\/dk\/wp-json\/wp\/v2\/comments?post=3487"}],"wp:featuredmedia":[{"embeddable":true,"href":"https:\/\/xenonkungen.com\/dk\/wp-json\/wp\/v2\/media\/3488"}],"wp:attachment":[{"href":"https:\/\/xenonkungen.com\/dk\/wp-json\/wp\/v2\/media?parent=3487"}],"wp:term":[{"taxonomy":"anvandningsomrade","embeddable":true,"href":"https:\/\/xenonkungen.com\/dk\/wp-json\/wp\/v2\/anvandningsomrade?post=3487"},{"taxonomy":"bilmarken","embeddable":true,"href":"https:\/\/xenonkungen.com\/dk\/wp-json\/wp\/v2\/bilmarken?post=3487"},{"taxonomy":"product_brand","embeddable":true,"href":"https:\/\/xenonkungen.com\/dk\/wp-json\/wp\/v2\/product_brand?post=3487"},{"taxonomy":"product_cat","embeddable":true,"href":"https:\/\/xenonkungen.com\/dk\/wp-json\/wp\/v2\/product_cat?post=3487"},{"taxonomy":"product_tag","embeddable":true,"href":"https:\/\/xenonkungen.com\/dk\/wp-json\/wp\/v2\/product_tag?post=3487"}],"curies":[{"name":"wp","href":"https:\/\/api.w.org\/{rel}","templated":true}]}}