{"id":3584,"date":"2025-04-15T08:59:14","date_gmt":"2025-04-15T08:59:14","guid":{"rendered":"https:\/\/xenonkungen.com\/product\/briodlights-led-arbetsbelysning-oval-med-vridbart-sidofaste\/"},"modified":"2026-04-24T16:51:18","modified_gmt":"2026-04-24T15:51:18","slug":"briodlights-led-arbejdslampe-oval-med-drejelig-sidemontering","status":"publish","type":"product","link":"https:\/\/xenonkungen.com\/dk\/vare\/briodlights-led-arbejdslampe-oval-med-drejelig-sidemontering\/","title":{"rendered":"BriodLights LED-arbejdslampe oval med drejeligt sidebeslag"},"content":{"rendered":"<h1>BriodLights LED-arbejdslamper<\/h1>\n<h2>Kraftfuld og alsidig arbejdslampe<\/h2>\n<p>BriodLights LED-arbejdslampen er den perfekte l\u00f8sning til dem, der har brug for en p\u00e5lidelig og kraftig lyskilde. Med et 360 graders drejeligt sidebeslag og 8 x 5W CREE-dioder tilbyder denne arbejdslampe fremragende ydeevne og alsidighed.<\/p>\n<p>Arbejdslampen har en bred lysstr\u00e5le og leverer imponerende 2800 lm, hvilket giver dig en klar og j\u00e6vn belysning over et stort omr\u00e5de. Uanset om du skal oplyse arbejdspladsen eller navigere i m\u00f8rket, giver denne arbejdslampe dig det lys, du har brug for til at udf\u00f8re dine opgaver effektivt og sikkert.<\/p>\n<p>Med en udgangseffekt p\u00e5 40 W og en sp\u00e6nding p\u00e5 9-32 V kan du bruge denne arbejdslampe med forskellige k\u00f8ret\u00f8jer og str\u00f8mkilder. Den er designet til at klare varierende sp\u00e6ndinger og give p\u00e5lidelig ydelse selv under kr\u00e6vende forhold.<\/p>\n<p>Arbejdslampen har en h\u00f8j IP-klassificering p\u00e5 IP68, hvilket betyder, at den er st\u00f8v- og vandt\u00e6t. Den er bygget til at modst\u00e5 barske milj\u00f8er og forblive intakt, selv n\u00e5r der tr\u00e6nger vand ind. Du kan stole p\u00e5, at denne arbejdslampe vil fungere p\u00e5lideligt og levere varen under alle slags arbejdsforhold.<\/p>\n<p>BriodLights LED-arbejdslamper er certificeret i henhold til E, EMC, ECE R10, LED og IP68. Det sikrer, at produktet lever op til h\u00f8je sikkerhedsstandarder og overholder de nyeste tekniske specifikationer.<\/p>","protected":false},"excerpt":{"rendered":"<p>BriodLights LED Arbetsbelysning Kraftfull och m\u00e5ngsidig arbetslampa BriodLights LED arbetsbelysning \u00e4r den perfekta l\u00f6sningen f\u00f6r dig som beh\u00f6ver en p\u00e5litlig och kraftfull ljusk\u00e4lla. Med ett 360 graders vridbart sidof\u00e4ste och 8 st 5 W CREE dioder erbjuder denna arbetslampa enast\u00e5ende prestanda och m\u00e5ngsidighet. Arbetslampan har en bred ljusbild (flood) och ger imponerande 2800 lm, vilket [&hellip;]<\/p>","protected":false},"featured_media":3585,"comment_status":"closed","ping_status":"open","template":"","meta":{"_acf_changed":false,"_smort_price_nok":"1196","_smort_price_dkk":"760","_smort_price_eur":"101.81","_smort_sale_price_nok":"","_smort_sale_price_dkk":"","_smort_sale_price_eur":"","smort_restorder":"","shipmondo_restorder":"","_kad_blocks_custom_css":"","_kad_blocks_head_custom_js":"","_kad_blocks_body_custom_js":"","_kad_blocks_footer_custom_js":"","smort_custom_pricelist_1":"636.8","smort_custom_pricelist_2":"636.8","smort_custom_pricelist_3":"636.8","smort_custom_pricelist_4":"796","smort_custom_pricelist_5":"636.8"},"anvandningsomrade":[],"bilmarken":[],"product_brand":[92],"product_cat":[508],"product_tag":[2788],"class_list":{"0":"post-3584","1":"product","2":"type-product","3":"status-publish","4":"has-post-thumbnail","6":"product_brand-briodlights","7":"product_cat-arbetsbelysning","8":"product_tag-black-week-exclude","9":"pa_fargtemperatur-6000k","10":"pa_fuktskydd-varde-ipxx-ip68","11":"pa_godkannande-emc-ece-r10","12":"pa_lampsockel-kontakt-dt","13":"pa_led-chips-effekt-w-690","14":"pa_ljusbild-flood","15":"pa_storlek-mm-142x96x88","16":"pa_volt-v-multivolt-9-12-16-18-24-28-30-32","18":"first","19":"onbackorder","20":"taxable","21":"shipping-taxable","22":"purchasable","23":"product-type-simple"},"bundled_by":[],"bundle_stock_status":"onbackorder","bundle_stock_quantity":0,"bundle_virtual":false,"bundle_layout":"","bundle_add_to_cart_form_location":"","bundle_editable_in_cart":false,"bundle_sold_individually_context":"","bundle_item_grouping":"","bundle_min_size":"","bundle_max_size":"","bundle_price":[],"bundled_items":[],"bundle_sell_ids":[],"acf":[],"yoast_head":"<!-- This site is optimized with the Yoast SEO plugin v27.0 - https:\/\/yoast.com\/product\/yoast-seo-wordpress\/ -->\n<title>BriodLights LED Arbetsbelysning oval med vridbart sidof\u00e4ste - Xenonkungen<\/title>\n<meta name=\"robots\" content=\"index, follow, max-snippet:-1, max-image-preview:large, max-video-preview:-1\" \/>\n<link rel=\"canonical\" href=\"https:\/\/xenonkungen.com\/dk\/vare\/briodlights-led-arbejdslampe-oval-med-drejelig-sidemontering\/\" \/>\n<meta property=\"og:locale\" content=\"da_DK\" \/>\n<meta property=\"og:type\" content=\"article\" \/>\n<meta property=\"og:title\" content=\"BriodLights LED Arbetsbelysning oval med vridbart sidof\u00e4ste - Xenonkungen\" \/>\n<meta property=\"og:description\" content=\"BriodLights LED Arbetsbelysning Kraftfull och m\u00e5ngsidig arbetslampa BriodLights LED arbetsbelysning \u00e4r den perfekta l\u00f6sningen f\u00f6r dig som beh\u00f6ver en p\u00e5litlig och kraftfull ljusk\u00e4lla. Med ett 360 graders vridbart sidof\u00e4ste och 8 st 5 W CREE dioder erbjuder denna arbetslampa enast\u00e5ende prestanda och m\u00e5ngsidighet. Arbetslampan har en bred ljusbild (flood) och ger imponerande 2800 lm, vilket [&hellip;]\" \/>\n<meta property=\"og:url\" content=\"https:\/\/xenonkungen.com\/dk\/vare\/briodlights-led-arbejdslampe-oval-med-drejelig-sidemontering\/\" \/>\n<meta property=\"og:site_name\" content=\"Xenonkungen\" \/>\n<meta property=\"article:modified_time\" content=\"2026-04-24T15:51:18+00:00\" \/>\n<meta property=\"og:image\" content=\"https:\/\/xenonkungen.com\/wp-content\/uploads\/2025\/04\/C00600600_itemimage_mainfront.jpg\" \/>\n\t<meta property=\"og:image:width\" content=\"2048\" \/>\n\t<meta property=\"og:image:height\" content=\"1536\" \/>\n\t<meta property=\"og:image:type\" content=\"image\/jpeg\" \/>\n<meta name=\"twitter:card\" content=\"summary_large_image\" \/>\n<meta name=\"twitter:label1\" content=\"Estimeret l\u00e6setid\" \/>\n\t<meta name=\"twitter:data1\" content=\"1 minut\" \/>\n<script type=\"application\/ld+json\" class=\"yoast-schema-graph\">{\"@context\":\"https:\/\/schema.org\",\"@graph\":[{\"@type\":\"WebPage\",\"@id\":\"https:\/\/xenonkungen.com\/produkt\/briodlights-led-arbetsbelysning-oval-med-vridbart-sidofaste\/\",\"url\":\"https:\/\/xenonkungen.com\/produkt\/briodlights-led-arbetsbelysning-oval-med-vridbart-sidofaste\/\",\"name\":\"BriodLights LED Arbetsbelysning oval med vridbart sidof\u00e4ste - Xenonkungen\",\"isPartOf\":{\"@id\":\"https:\/\/xenonkungen.com\/#website\"},\"primaryImageOfPage\":{\"@id\":\"https:\/\/xenonkungen.com\/produkt\/briodlights-led-arbetsbelysning-oval-med-vridbart-sidofaste\/#primaryimage\"},\"image\":{\"@id\":\"https:\/\/xenonkungen.com\/produkt\/briodlights-led-arbetsbelysning-oval-med-vridbart-sidofaste\/#primaryimage\"},\"thumbnailUrl\":\"https:\/\/xenonkungen.com\/wp-content\/uploads\/2025\/04\/C00600600_itemimage_mainfront.jpg\",\"datePublished\":\"2025-04-15T08:59:14+00:00\",\"dateModified\":\"2026-04-24T15:51:18+00:00\",\"breadcrumb\":{\"@id\":\"https:\/\/xenonkungen.com\/produkt\/briodlights-led-arbetsbelysning-oval-med-vridbart-sidofaste\/#breadcrumb\"},\"inLanguage\":\"da-DK\",\"potentialAction\":[{\"@type\":\"ReadAction\",\"target\":[\"https:\/\/xenonkungen.com\/produkt\/briodlights-led-arbetsbelysning-oval-med-vridbart-sidofaste\/\"]}]},{\"@type\":\"ImageObject\",\"inLanguage\":\"da-DK\",\"@id\":\"https:\/\/xenonkungen.com\/produkt\/briodlights-led-arbetsbelysning-oval-med-vridbart-sidofaste\/#primaryimage\",\"url\":\"https:\/\/xenonkungen.com\/wp-content\/uploads\/2025\/04\/C00600600_itemimage_mainfront.jpg\",\"contentUrl\":\"https:\/\/xenonkungen.com\/wp-content\/uploads\/2025\/04\/C00600600_itemimage_mainfront.jpg\",\"width\":2048,\"height\":1536},{\"@type\":\"BreadcrumbList\",\"@id\":\"https:\/\/xenonkungen.com\/produkt\/briodlights-led-arbetsbelysning-oval-med-vridbart-sidofaste\/#breadcrumb\",\"itemListElement\":[{\"@type\":\"ListItem\",\"position\":1,\"name\":\"Hem\",\"item\":\"https:\/\/xenonkungen.com\/\"},{\"@type\":\"ListItem\",\"position\":2,\"name\":\"Shop\",\"item\":\"https:\/\/xenonkungen.com\/shop\/\"},{\"@type\":\"ListItem\",\"position\":3,\"name\":\"BriodLights LED Arbetsbelysning oval med vridbart sidof\u00e4ste\"}]},{\"@type\":\"WebSite\",\"@id\":\"https:\/\/xenonkungen.com\/#website\",\"url\":\"https:\/\/xenonkungen.com\/\",\"name\":\"Xenonkungen\",\"description\":\"\",\"potentialAction\":[{\"@type\":\"SearchAction\",\"target\":{\"@type\":\"EntryPoint\",\"urlTemplate\":\"https:\/\/xenonkungen.com\/?s={search_term_string}\"},\"query-input\":{\"@type\":\"PropertyValueSpecification\",\"valueRequired\":true,\"valueName\":\"search_term_string\"}}],\"inLanguage\":\"da-DK\"}]}<\/script>\n<!-- \/ Yoast SEO plugin. -->","yoast_head_json":{"title":"BriodLights LED arbejdslampe oval med drejeligt sidebeslag - Xenonkungen","robots":{"index":"index","follow":"follow","max-snippet":"max-snippet:-1","max-image-preview":"max-image-preview:large","max-video-preview":"max-video-preview:-1"},"canonical":"https:\/\/xenonkungen.com\/dk\/vare\/briodlights-led-arbejdslampe-oval-med-drejelig-sidemontering\/","og_locale":"da_DK","og_type":"article","og_title":"BriodLights LED Arbetsbelysning oval med vridbart sidof\u00e4ste - Xenonkungen","og_description":"BriodLights LED Arbetsbelysning Kraftfull och m\u00e5ngsidig arbetslampa BriodLights LED arbetsbelysning \u00e4r den perfekta l\u00f6sningen f\u00f6r dig som beh\u00f6ver en p\u00e5litlig och kraftfull ljusk\u00e4lla. Med ett 360 graders vridbart sidof\u00e4ste och 8 st 5 W CREE dioder erbjuder denna arbetslampa enast\u00e5ende prestanda och m\u00e5ngsidighet. Arbetslampan har en bred ljusbild (flood) och ger imponerande 2800 lm, vilket [&hellip;]","og_url":"https:\/\/xenonkungen.com\/dk\/vare\/briodlights-led-arbejdslampe-oval-med-drejelig-sidemontering\/","og_site_name":"Xenonkungen","article_modified_time":"2026-04-24T15:51:18+00:00","og_image":[{"width":2048,"height":1536,"url":"https:\/\/xenonkungen.com\/wp-content\/uploads\/2025\/04\/C00600600_itemimage_mainfront.jpg","type":"image\/jpeg"}],"twitter_card":"summary_large_image","twitter_misc":{"Estimeret l\u00e6setid":"1 minut"},"schema":{"@context":"https:\/\/schema.org","@graph":[{"@type":"WebPage","@id":"https:\/\/xenonkungen.com\/produkt\/briodlights-led-arbetsbelysning-oval-med-vridbart-sidofaste\/","url":"https:\/\/xenonkungen.com\/produkt\/briodlights-led-arbetsbelysning-oval-med-vridbart-sidofaste\/","name":"BriodLights LED arbejdslampe oval med drejeligt sidebeslag - Xenonkungen","isPartOf":{"@id":"https:\/\/xenonkungen.com\/#website"},"primaryImageOfPage":{"@id":"https:\/\/xenonkungen.com\/produkt\/briodlights-led-arbetsbelysning-oval-med-vridbart-sidofaste\/#primaryimage"},"image":{"@id":"https:\/\/xenonkungen.com\/produkt\/briodlights-led-arbetsbelysning-oval-med-vridbart-sidofaste\/#primaryimage"},"thumbnailUrl":"https:\/\/xenonkungen.com\/wp-content\/uploads\/2025\/04\/C00600600_itemimage_mainfront.jpg","datePublished":"2025-04-15T08:59:14+00:00","dateModified":"2026-04-24T15:51:18+00:00","breadcrumb":{"@id":"https:\/\/xenonkungen.com\/produkt\/briodlights-led-arbetsbelysning-oval-med-vridbart-sidofaste\/#breadcrumb"},"inLanguage":"da-DK","potentialAction":[{"@type":"ReadAction","target":["https:\/\/xenonkungen.com\/produkt\/briodlights-led-arbetsbelysning-oval-med-vridbart-sidofaste\/"]}]},{"@type":"ImageObject","inLanguage":"da-DK","@id":"https:\/\/xenonkungen.com\/produkt\/briodlights-led-arbetsbelysning-oval-med-vridbart-sidofaste\/#primaryimage","url":"https:\/\/xenonkungen.com\/wp-content\/uploads\/2025\/04\/C00600600_itemimage_mainfront.jpg","contentUrl":"https:\/\/xenonkungen.com\/wp-content\/uploads\/2025\/04\/C00600600_itemimage_mainfront.jpg","width":2048,"height":1536},{"@type":"BreadcrumbList","@id":"https:\/\/xenonkungen.com\/produkt\/briodlights-led-arbetsbelysning-oval-med-vridbart-sidofaste\/#breadcrumb","itemListElement":[{"@type":"ListItem","position":1,"name":"Hem","item":"https:\/\/xenonkungen.com\/"},{"@type":"ListItem","position":2,"name":"Shop","item":"https:\/\/xenonkungen.com\/shop\/"},{"@type":"ListItem","position":3,"name":"BriodLights LED Arbetsbelysning oval med vridbart sidof\u00e4ste"}]},{"@type":"WebSite","@id":"https:\/\/xenonkungen.com\/#website","url":"https:\/\/xenonkungen.com\/","name":"Xenonkungen","description":"","potentialAction":[{"@type":"SearchAction","target":{"@type":"EntryPoint","urlTemplate":"https:\/\/xenonkungen.com\/?s={search_term_string}"},"query-input":{"@type":"PropertyValueSpecification","valueRequired":true,"valueName":"search_term_string"}}],"inLanguage":"da-DK"}]}},"taxonomy_info":{"product_brand":[{"value":92,"label":"Briodlights"}],"product_cat":[{"value":508,"label":"Arbetsbelysning"}],"product_tag":[{"value":2788,"label":"black-week-exclude"}],"pa_fargtemperatur":[{"value":188,"label":"6000K"}],"pa_fuktskydd-varde-ipxx":[{"value":177,"label":"IP68"}],"pa_godkannande":[{"value":1174,"label":"EMC, ECE, R10"}],"pa_lampsockel-kontakt":[{"value":329,"label":"DT"}],"pa_led-chips-effekt-w":[{"value":690,"label":"40"}],"pa_ljusbild":[{"value":503,"label":"FLOOD"}],"pa_storlek-mm":[{"value":1175,"label":"142x96x88"}],"pa_volt-v":[{"value":521,"label":"Multivolt, 9, 12, 16, 18, 24, 28, 30, 32"}]},"featured_image_src_large":["https:\/\/xenonkungen.com\/wp-content\/uploads\/2025\/04\/C00600600_itemimage_mainfront-1024x768.jpg",1024,768,true],"author_info":[],"comment_info":0,"_links":{"self":[{"href":"https:\/\/xenonkungen.com\/dk\/wp-json\/wp\/v2\/product\/3584","targetHints":{"allow":["GET"]}}],"collection":[{"href":"https:\/\/xenonkungen.com\/dk\/wp-json\/wp\/v2\/product"}],"about":[{"href":"https:\/\/xenonkungen.com\/dk\/wp-json\/wp\/v2\/types\/product"}],"replies":[{"embeddable":true,"href":"https:\/\/xenonkungen.com\/dk\/wp-json\/wp\/v2\/comments?post=3584"}],"wp:featuredmedia":[{"embeddable":true,"href":"https:\/\/xenonkungen.com\/dk\/wp-json\/wp\/v2\/media\/3585"}],"wp:attachment":[{"href":"https:\/\/xenonkungen.com\/dk\/wp-json\/wp\/v2\/media?parent=3584"}],"wp:term":[{"taxonomy":"anvandningsomrade","embeddable":true,"href":"https:\/\/xenonkungen.com\/dk\/wp-json\/wp\/v2\/anvandningsomrade?post=3584"},{"taxonomy":"bilmarken","embeddable":true,"href":"https:\/\/xenonkungen.com\/dk\/wp-json\/wp\/v2\/bilmarken?post=3584"},{"taxonomy":"product_brand","embeddable":true,"href":"https:\/\/xenonkungen.com\/dk\/wp-json\/wp\/v2\/product_brand?post=3584"},{"taxonomy":"product_cat","embeddable":true,"href":"https:\/\/xenonkungen.com\/dk\/wp-json\/wp\/v2\/product_cat?post=3584"},{"taxonomy":"product_tag","embeddable":true,"href":"https:\/\/xenonkungen.com\/dk\/wp-json\/wp\/v2\/product_tag?post=3584"}],"curies":[{"name":"wp","href":"https:\/\/api.w.org\/{rel}","templated":true}]}}