{"id":3602,"date":"2025-04-15T08:59:55","date_gmt":"2025-04-15T08:59:55","guid":{"rendered":"https:\/\/xenonkungen.com\/product\/briodlights-v2-led-extraljusramp-bojd-40x3-w-22-567-mm\/"},"modified":"2025-12-10T14:44:18","modified_gmt":"2025-12-10T13:44:18","slug":"briodlights-v2-led-ekstra-lysrampe-buet-40x3-b-22-567-mm","status":"publish","type":"product","link":"https:\/\/xenonkungen.com\/dk\/vare\/briodlights-v2-led-ekstra-lysrampe-buet-40x3-b-22-567-mm\/","title":{"rendered":"BriodLights V2 LED ekstra lysramme buet, 40\u00d73 W, 22\u2033 (567 mm)"},"content":{"rendered":"<h1>BriodLights buede LED-hj\u00e6lpelysbj\u00e6lker \u2013 Lysst\u00e6rke og alsidige<\/h1>\n<p>BriodLights tilbyder buede LED-hj\u00e6lpelysbj\u00e6lker med dobbelte r\u00e6kker af h\u00f8jeffektive 3W-dioder fra Osram. Disse bj\u00e6lker er udstyret med enest\u00e5ende funktioner, der giver dig b\u00e5de imponerende lysstyrke og p\u00e5lidelighed. Med en ekstraordin\u00e6r levetid p\u00e5 over 30.000 timer kan du v\u00e6re sikker p\u00e5, at disse lys vil holde l\u00e6nge.<\/p>\n<p>Det pulverlakerede aluminiumshus er b\u00e5de st\u00f8dsikkert og vandt\u00e6t, hvilket sikrer, at rampen kan modst\u00e5 barske forhold. Du kan v\u00e6lge at montere ramperne enten p\u00e5 bagsiden eller ved hj\u00e6lp af sidebeslag, hvilket giver dig fleksibilitet og mulighed for at justere monteringsh\u00f8jden.<\/p>\n<p>LED-bj\u00e6lken har et imponerende lysm\u00f8nster og leveres med fleksible sidebeslag med dobbelte monteringshuller. Dette giver dig mulighed for at v\u00e6lge, om bj\u00e6lken skal sidde h\u00f8jt eller lavt afh\u00e6ngigt af dine pr\u00e6ferencer og behov. Med CE-, ECE R10-, RoHS- og IP69K-klassificeringer opfylder disse ekstra lysbj\u00e6lker h\u00f8je standarder for kvalitet og sikkerhed.<\/p>\n<h2>Produktspecifikationer:<\/h2>\n<ul>\n<li>Buede LED-hj\u00e6lpelysbj\u00e6lker<\/li>\n<li>Dobbelte r\u00e6kker af 3 W h\u00f8jeffektive dioder fra Osram<\/li>\n<li>Ekstraordin\u00e6r levetid p\u00e5 over 30.000 timer<\/li>\n<li>Pulverlakeret aluminiumshus \u2013 st\u00f8dsikkert og vandt\u00e6t<\/li>\n<li>Inkluderer beslag til b\u00e5de bag- og sidemontering<\/li>\n<li>CE, ECE R10, RoHS, IP69K-klassificering<\/li>\n<\/ul>\n<p>Model 275-54340 er specielt designet til montering i Volvo FH 4-grill og kan bruges sammen med beslagene 275-07152, 271-07154 og 271-07155. Alle lysbj\u00e6lker kan ogs\u00e5 monteres i solsk\u00e6rmen ved hj\u00e6lp af monteringsskinnen 275-07157.<\/p>","protected":false},"excerpt":{"rendered":"<p>BriodLights b\u00f6jda LED extraljusramper &#8211; Ljusstarka och m\u00e5ngsidiga BriodLights erbjuder b\u00f6jda LED extraljusramper med dubbla rader av h\u00f6geffektiva 3 W dioder fr\u00e5n Osram. Dessa ramper \u00e4r utrustade med enast\u00e5ende funktioner f\u00f6r att ge dig b\u00e5de imponerande ljusstyrka och p\u00e5litlighet. Med en extraordin\u00e4r livsl\u00e4ngd p\u00e5 \u00f6ver 30 000 timmar kan du vara s\u00e4ker p\u00e5 att dessa [&hellip;]<\/p>","protected":false},"featured_media":3603,"comment_status":"closed","ping_status":"open","template":"","meta":{"_acf_changed":false,"_smort_price_nok":"4000","_smort_price_dkk":"2541","_smort_price_eur":"340.44","_smort_sale_price_nok":"","_smort_sale_price_dkk":"","_smort_sale_price_eur":"","smort_restorder":"","shipmondo_restorder":"","_kad_blocks_custom_css":"","_kad_blocks_head_custom_js":"","_kad_blocks_body_custom_js":"","_kad_blocks_footer_custom_js":"","smort_custom_pricelist_1":"2396.8","smort_custom_pricelist_2":"2097.2","smort_custom_pricelist_3":"1992.34","smort_custom_pricelist_4":"2996","smort_custom_pricelist_5":"2097.2"},"anvandningsomrade":[],"bilmarken":[],"product_brand":[92],"product_cat":[2539],"product_tag":[2788],"class_list":{"0":"post-3602","1":"product","2":"type-product","3":"status-publish","4":"has-post-thumbnail","6":"product_brand-briodlights","7":"product_cat-ledramper","8":"product_tag-black-week-exclude","9":"pa_fuktskydd-varde-ipxx-ip69k","10":"pa_godkannande-ce-ece-r10-rohs","11":"pa_lampsockel-kontakt-dt","12":"pa_led-chips-effekt-w-310","13":"pa_storlek-mm-567x80x88","14":"pa_volt-v-multivolt-10-12-16-18-24-28-30","16":"first","17":"onbackorder","18":"taxable","19":"shipping-taxable","20":"purchasable","21":"product-type-simple"},"bundled_by":[],"bundle_stock_status":"onbackorder","bundle_stock_quantity":0,"bundle_virtual":false,"bundle_layout":"","bundle_add_to_cart_form_location":"","bundle_editable_in_cart":false,"bundle_sold_individually_context":"","bundle_item_grouping":"","bundle_min_size":"","bundle_max_size":"","bundle_price":[],"bundled_items":[],"bundle_sell_ids":[],"acf":[],"yoast_head":"<!-- This site is optimized with the Yoast SEO plugin v27.0 - https:\/\/yoast.com\/product\/yoast-seo-wordpress\/ -->\n<title>BriodLights V2 LED extraljusramp b\u00f6jd, 40x3 W, 22&quot; (567 mm - Xenonkungen<\/title>\n<meta name=\"robots\" content=\"index, follow, max-snippet:-1, max-image-preview:large, max-video-preview:-1\" \/>\n<link rel=\"canonical\" href=\"https:\/\/xenonkungen.com\/dk\/vare\/briodlights-v2-led-ekstra-lysrampe-buet-40x3-b-22-567-mm\/\" \/>\n<meta property=\"og:locale\" content=\"da_DK\" \/>\n<meta property=\"og:type\" content=\"article\" \/>\n<meta property=\"og:title\" content=\"BriodLights V2 LED extraljusramp b\u00f6jd, 40x3 W, 22&quot; (567 mm - Xenonkungen\" \/>\n<meta property=\"og:description\" content=\"BriodLights b\u00f6jda LED extraljusramper &#8211; Ljusstarka och m\u00e5ngsidiga BriodLights erbjuder b\u00f6jda LED extraljusramper med dubbla rader av h\u00f6geffektiva 3 W dioder fr\u00e5n Osram. Dessa ramper \u00e4r utrustade med enast\u00e5ende funktioner f\u00f6r att ge dig b\u00e5de imponerande ljusstyrka och p\u00e5litlighet. Med en extraordin\u00e4r livsl\u00e4ngd p\u00e5 \u00f6ver 30 000 timmar kan du vara s\u00e4ker p\u00e5 att dessa [&hellip;]\" \/>\n<meta property=\"og:url\" content=\"https:\/\/xenonkungen.com\/dk\/vare\/briodlights-v2-led-ekstra-lysrampe-buet-40x3-b-22-567-mm\/\" \/>\n<meta property=\"og:site_name\" content=\"Xenonkungen\" \/>\n<meta property=\"article:modified_time\" content=\"2025-12-10T13:44:18+00:00\" \/>\n<meta property=\"og:image\" content=\"https:\/\/xenonkungen.com\/wp-content\/uploads\/2025\/04\/275-54340_itemimage_mainfront.jpg\" \/>\n\t<meta property=\"og:image:width\" content=\"2048\" \/>\n\t<meta property=\"og:image:height\" content=\"1517\" \/>\n\t<meta property=\"og:image:type\" content=\"image\/jpeg\" \/>\n<meta name=\"twitter:card\" content=\"summary_large_image\" \/>\n<meta name=\"twitter:label1\" content=\"Estimeret l\u00e6setid\" \/>\n\t<meta name=\"twitter:data1\" content=\"1 minut\" \/>\n<script type=\"application\/ld+json\" class=\"yoast-schema-graph\">{\"@context\":\"https:\/\/schema.org\",\"@graph\":[{\"@type\":\"WebPage\",\"@id\":\"https:\/\/xenonkungen.com\/produkt\/briodlights-v2-led-extraljusramp-bojd-40x3-w-22-567-mm\/\",\"url\":\"https:\/\/xenonkungen.com\/produkt\/briodlights-v2-led-extraljusramp-bojd-40x3-w-22-567-mm\/\",\"name\":\"BriodLights V2 LED extraljusramp b\u00f6jd, 40x3 W, 22\\\" (567 mm - Xenonkungen\",\"isPartOf\":{\"@id\":\"https:\/\/xenonkungen.com\/#website\"},\"primaryImageOfPage\":{\"@id\":\"https:\/\/xenonkungen.com\/produkt\/briodlights-v2-led-extraljusramp-bojd-40x3-w-22-567-mm\/#primaryimage\"},\"image\":{\"@id\":\"https:\/\/xenonkungen.com\/produkt\/briodlights-v2-led-extraljusramp-bojd-40x3-w-22-567-mm\/#primaryimage\"},\"thumbnailUrl\":\"https:\/\/xenonkungen.com\/wp-content\/uploads\/2025\/04\/275-54340_itemimage_mainfront.jpg\",\"datePublished\":\"2025-04-15T08:59:55+00:00\",\"dateModified\":\"2025-12-10T13:44:18+00:00\",\"breadcrumb\":{\"@id\":\"https:\/\/xenonkungen.com\/produkt\/briodlights-v2-led-extraljusramp-bojd-40x3-w-22-567-mm\/#breadcrumb\"},\"inLanguage\":\"da-DK\",\"potentialAction\":[{\"@type\":\"ReadAction\",\"target\":[\"https:\/\/xenonkungen.com\/produkt\/briodlights-v2-led-extraljusramp-bojd-40x3-w-22-567-mm\/\"]}]},{\"@type\":\"ImageObject\",\"inLanguage\":\"da-DK\",\"@id\":\"https:\/\/xenonkungen.com\/produkt\/briodlights-v2-led-extraljusramp-bojd-40x3-w-22-567-mm\/#primaryimage\",\"url\":\"https:\/\/xenonkungen.com\/wp-content\/uploads\/2025\/04\/275-54340_itemimage_mainfront.jpg\",\"contentUrl\":\"https:\/\/xenonkungen.com\/wp-content\/uploads\/2025\/04\/275-54340_itemimage_mainfront.jpg\",\"width\":2048,\"height\":1517},{\"@type\":\"BreadcrumbList\",\"@id\":\"https:\/\/xenonkungen.com\/produkt\/briodlights-v2-led-extraljusramp-bojd-40x3-w-22-567-mm\/#breadcrumb\",\"itemListElement\":[{\"@type\":\"ListItem\",\"position\":1,\"name\":\"Hem\",\"item\":\"https:\/\/xenonkungen.com\/\"},{\"@type\":\"ListItem\",\"position\":2,\"name\":\"Shop\",\"item\":\"https:\/\/xenonkungen.com\/shop\/\"},{\"@type\":\"ListItem\",\"position\":3,\"name\":\"BriodLights V2 LED extraljusramp b\u00f6jd, 40&#215;3 W, 22&#8243; (567 mm\"}]},{\"@type\":\"WebSite\",\"@id\":\"https:\/\/xenonkungen.com\/#website\",\"url\":\"https:\/\/xenonkungen.com\/\",\"name\":\"Xenonkungen\",\"description\":\"\",\"potentialAction\":[{\"@type\":\"SearchAction\",\"target\":{\"@type\":\"EntryPoint\",\"urlTemplate\":\"https:\/\/xenonkungen.com\/?s={search_term_string}\"},\"query-input\":{\"@type\":\"PropertyValueSpecification\",\"valueRequired\":true,\"valueName\":\"search_term_string\"}}],\"inLanguage\":\"da-DK\"}]}<\/script>\n<!-- \/ Yoast SEO plugin. -->","yoast_head_json":{"title":"BriodLights V2 LED ekstra lysbj\u00e6lke buet, 40x3 W, 22&quot; (567 mm) - Xenonkungen","robots":{"index":"index","follow":"follow","max-snippet":"max-snippet:-1","max-image-preview":"max-image-preview:large","max-video-preview":"max-video-preview:-1"},"canonical":"https:\/\/xenonkungen.com\/dk\/vare\/briodlights-v2-led-ekstra-lysrampe-buet-40x3-b-22-567-mm\/","og_locale":"da_DK","og_type":"article","og_title":"BriodLights V2 LED extraljusramp b\u00f6jd, 40x3 W, 22\" (567 mm - Xenonkungen","og_description":"BriodLights b\u00f6jda LED extraljusramper &#8211; Ljusstarka och m\u00e5ngsidiga BriodLights erbjuder b\u00f6jda LED extraljusramper med dubbla rader av h\u00f6geffektiva 3 W dioder fr\u00e5n Osram. Dessa ramper \u00e4r utrustade med enast\u00e5ende funktioner f\u00f6r att ge dig b\u00e5de imponerande ljusstyrka och p\u00e5litlighet. Med en extraordin\u00e4r livsl\u00e4ngd p\u00e5 \u00f6ver 30 000 timmar kan du vara s\u00e4ker p\u00e5 att dessa [&hellip;]","og_url":"https:\/\/xenonkungen.com\/dk\/vare\/briodlights-v2-led-ekstra-lysrampe-buet-40x3-b-22-567-mm\/","og_site_name":"Xenonkungen","article_modified_time":"2025-12-10T13:44:18+00:00","og_image":[{"width":2048,"height":1517,"url":"https:\/\/xenonkungen.com\/wp-content\/uploads\/2025\/04\/275-54340_itemimage_mainfront.jpg","type":"image\/jpeg"}],"twitter_card":"summary_large_image","twitter_misc":{"Estimeret l\u00e6setid":"1 minut"},"schema":{"@context":"https:\/\/schema.org","@graph":[{"@type":"WebPage","@id":"https:\/\/xenonkungen.com\/produkt\/briodlights-v2-led-extraljusramp-bojd-40x3-w-22-567-mm\/","url":"https:\/\/xenonkungen.com\/produkt\/briodlights-v2-led-extraljusramp-bojd-40x3-w-22-567-mm\/","name":"BriodLights V2 LED ekstra lysbj\u00e6lke buet, 40x3 W, 22&quot; (567 mm) - Xenonkungen","isPartOf":{"@id":"https:\/\/xenonkungen.com\/#website"},"primaryImageOfPage":{"@id":"https:\/\/xenonkungen.com\/produkt\/briodlights-v2-led-extraljusramp-bojd-40x3-w-22-567-mm\/#primaryimage"},"image":{"@id":"https:\/\/xenonkungen.com\/produkt\/briodlights-v2-led-extraljusramp-bojd-40x3-w-22-567-mm\/#primaryimage"},"thumbnailUrl":"https:\/\/xenonkungen.com\/wp-content\/uploads\/2025\/04\/275-54340_itemimage_mainfront.jpg","datePublished":"2025-04-15T08:59:55+00:00","dateModified":"2025-12-10T13:44:18+00:00","breadcrumb":{"@id":"https:\/\/xenonkungen.com\/produkt\/briodlights-v2-led-extraljusramp-bojd-40x3-w-22-567-mm\/#breadcrumb"},"inLanguage":"da-DK","potentialAction":[{"@type":"ReadAction","target":["https:\/\/xenonkungen.com\/produkt\/briodlights-v2-led-extraljusramp-bojd-40x3-w-22-567-mm\/"]}]},{"@type":"ImageObject","inLanguage":"da-DK","@id":"https:\/\/xenonkungen.com\/produkt\/briodlights-v2-led-extraljusramp-bojd-40x3-w-22-567-mm\/#primaryimage","url":"https:\/\/xenonkungen.com\/wp-content\/uploads\/2025\/04\/275-54340_itemimage_mainfront.jpg","contentUrl":"https:\/\/xenonkungen.com\/wp-content\/uploads\/2025\/04\/275-54340_itemimage_mainfront.jpg","width":2048,"height":1517},{"@type":"BreadcrumbList","@id":"https:\/\/xenonkungen.com\/produkt\/briodlights-v2-led-extraljusramp-bojd-40x3-w-22-567-mm\/#breadcrumb","itemListElement":[{"@type":"ListItem","position":1,"name":"Hem","item":"https:\/\/xenonkungen.com\/"},{"@type":"ListItem","position":2,"name":"Shop","item":"https:\/\/xenonkungen.com\/shop\/"},{"@type":"ListItem","position":3,"name":"BriodLights V2 LED extraljusramp b\u00f6jd, 40&#215;3 W, 22&#8243; (567 mm"}]},{"@type":"WebSite","@id":"https:\/\/xenonkungen.com\/#website","url":"https:\/\/xenonkungen.com\/","name":"Xenonkungen","description":"","potentialAction":[{"@type":"SearchAction","target":{"@type":"EntryPoint","urlTemplate":"https:\/\/xenonkungen.com\/?s={search_term_string}"},"query-input":{"@type":"PropertyValueSpecification","valueRequired":true,"valueName":"search_term_string"}}],"inLanguage":"da-DK"}]}},"taxonomy_info":{"product_brand":[{"value":92,"label":"Briodlights"}],"product_cat":[{"value":2539,"label":"LEDRAMPER"}],"product_tag":[{"value":2788,"label":"black-week-exclude"}],"pa_fuktskydd-varde-ipxx":[{"value":155,"label":"IP69K"}],"pa_godkannande":[{"value":1172,"label":"CE, ECE, R10, RoHS"}],"pa_lampsockel-kontakt":[{"value":329,"label":"DT"}],"pa_led-chips-effekt-w":[{"value":310,"label":"120"}],"pa_storlek-mm":[{"value":1183,"label":"567x80x88"}],"pa_volt-v":[{"value":773,"label":"Multivolt, 10, 12, 16, 18, 24, 28, 30"}]},"featured_image_src_large":["https:\/\/xenonkungen.com\/wp-content\/uploads\/2025\/04\/275-54340_itemimage_mainfront-1024x759.jpg",1024,759,true],"author_info":[],"comment_info":0,"_links":{"self":[{"href":"https:\/\/xenonkungen.com\/dk\/wp-json\/wp\/v2\/product\/3602","targetHints":{"allow":["GET"]}}],"collection":[{"href":"https:\/\/xenonkungen.com\/dk\/wp-json\/wp\/v2\/product"}],"about":[{"href":"https:\/\/xenonkungen.com\/dk\/wp-json\/wp\/v2\/types\/product"}],"replies":[{"embeddable":true,"href":"https:\/\/xenonkungen.com\/dk\/wp-json\/wp\/v2\/comments?post=3602"}],"wp:featuredmedia":[{"embeddable":true,"href":"https:\/\/xenonkungen.com\/dk\/wp-json\/wp\/v2\/media\/3603"}],"wp:attachment":[{"href":"https:\/\/xenonkungen.com\/dk\/wp-json\/wp\/v2\/media?parent=3602"}],"wp:term":[{"taxonomy":"anvandningsomrade","embeddable":true,"href":"https:\/\/xenonkungen.com\/dk\/wp-json\/wp\/v2\/anvandningsomrade?post=3602"},{"taxonomy":"bilmarken","embeddable":true,"href":"https:\/\/xenonkungen.com\/dk\/wp-json\/wp\/v2\/bilmarken?post=3602"},{"taxonomy":"product_brand","embeddable":true,"href":"https:\/\/xenonkungen.com\/dk\/wp-json\/wp\/v2\/product_brand?post=3602"},{"taxonomy":"product_cat","embeddable":true,"href":"https:\/\/xenonkungen.com\/dk\/wp-json\/wp\/v2\/product_cat?post=3602"},{"taxonomy":"product_tag","embeddable":true,"href":"https:\/\/xenonkungen.com\/dk\/wp-json\/wp\/v2\/product_tag?post=3602"}],"curies":[{"name":"wp","href":"https:\/\/api.w.org\/{rel}","templated":true}]}}