{"id":3651,"date":"2025-04-15T09:01:05","date_gmt":"2025-04-15T09:01:05","guid":{"rendered":"https:\/\/xenonkungen.com\/product\/rorfaste-38mm\/"},"modified":"2026-04-11T00:13:10","modified_gmt":"2026-04-10T23:13:10","slug":"rorbeslag-38-mm","status":"publish","type":"product","link":"https:\/\/xenonkungen.com\/dk\/vare\/rorbeslag-38-mm\/","title":{"rendered":"R\u00f8rholder 38 mm"},"content":{"rendered":"<h1>R\u00f8rbeslag til montering af arbejdslys, hj\u00e6lpelys, led-ramper osv.<\/h1>\n<p>Er du p\u00e5 udkig efter et r\u00f8rbeslag? Her er et beslag, som ikke kr\u00e6ver boring, men som nemt sp\u00e6ndes fast med de medf\u00f8lgende skruer. Det hj\u00e6lper med at minimere p\u00e5virkningen af din maskine og giver mulighed for flere installationsmuligheder.<br \/>R\u00f8rbeslaget er universelt, s\u00e5 s\u00f8rg for at justere den ekstra lysbase korrekt for at f\u00e5 det bedst mulige lysbillede.<\/p>\n<p>Dette r\u00f8rbeslag er til montering af hj\u00e6lpelys, LED-ramper, arbejdslys osv. p\u00e5 r\u00f8r som f.eks. frontb\u00f8jler, styrtb\u00f8jler, styr osv. <\/p>\n<p>Nem installation uden behov for andre tilf\u00f8jelser.<\/p>\n<p>Vores r\u00f8rbeslag er dobbelt pulverlakeret i sort og er lavet af aluminium, som b\u00f8r kunne modst\u00e5 alle vores barske milj\u00f8er. <\/p>\n<p><strong>Godt at vide<\/strong><br \/>Dimensionerne p\u00e5 r\u00f8rbeslaget.<br \/>Indvendig dimension uden beskyttelsesgummi: 38 mm<br \/>Hul til montering af lampe (stort): 8 mm<br \/>Hullet til montering af lampen (lille): 6 mm<\/p>\n<p>Vores r\u00f8rholder har sin egen serie, hvor der findes forskellige st\u00f8rrelser til forskellige form\u00e5l, se fanen 'installationsmaterialer'.<\/p>\n<p><strong>Indhold i leveringen<\/strong><br \/>2 r\u00f8rklemmer<br \/>4 stk. skruer<br \/>2 stk. l\u00e5seskiver<br \/>2 stk. m\u00f8trik<br \/>2 stk. beskyttende gummi<br \/>2 stk. unbrakon\u00f8gle.<\/p>\n<p><strong>Garanti<\/strong><br \/><span>1 \u00e5r<\/span><\/p>","protected":false},"excerpt":{"rendered":"<p>Drejeligt r\u00f8rbeslag til montering af arbejdslys, hj\u00e6lpelys, led-ramper osv.<\/p>\n<p>Dette beslag er velegnet til montering p\u00e5 motorcykler, tagb\u00f8jler og andre r\u00f8r med lille diameter.<\/p>","protected":false},"featured_media":3652,"comment_status":"closed","ping_status":"open","template":"","meta":{"_acf_changed":false,"_smort_price_nok":"187","_smort_price_dkk":"119","_smort_price_eur":"15.91","_smort_sale_price_nok":"","_smort_sale_price_dkk":"","_smort_sale_price_eur":"","smort_restorder":"","shipmondo_restorder":"","_kad_blocks_custom_css":"","_kad_blocks_head_custom_js":"","_kad_blocks_body_custom_js":"","_kad_blocks_footer_custom_js":"","smort_custom_pricelist_1":"112","smort_custom_pricelist_2":"98","smort_custom_pricelist_3":"93.1","smort_custom_pricelist_4":"140","smort_custom_pricelist_5":"98"},"anvandningsomrade":[],"bilmarken":[],"product_brand":[117],"product_cat":[2841,2460,390],"product_tag":[],"class_list":{"0":"post-3651","1":"product","2":"type-product","3":"status-publish","4":"has-post-thumbnail","6":"product_brand-xenonkungen","7":"product_cat-installation-extraljus","8":"product_cat-klamfasten","9":"product_cat-installation","11":"first","12":"instock","13":"taxable","14":"shipping-taxable","15":"purchasable","16":"product-type-simple"},"bundled_by":[],"bundle_stock_status":"instock","bundle_stock_quantity":33,"bundle_virtual":false,"bundle_layout":"","bundle_add_to_cart_form_location":"","bundle_editable_in_cart":false,"bundle_sold_individually_context":"","bundle_item_grouping":"","bundle_min_size":"","bundle_max_size":"","bundle_price":[],"bundled_items":[],"bundle_sell_ids":[],"acf":[],"yoast_head":"<!-- This site is optimized with the Yoast SEO plugin v27.0 - https:\/\/yoast.com\/product\/yoast-seo-wordpress\/ -->\n<title>R\u00f6rf\u00e4ste 38mm - Xenonkungen<\/title>\n<meta name=\"robots\" content=\"index, follow, max-snippet:-1, max-image-preview:large, max-video-preview:-1\" \/>\n<link rel=\"canonical\" href=\"https:\/\/xenonkungen.com\/dk\/vare\/rorbeslag-38-mm\/\" \/>\n<meta property=\"og:locale\" content=\"da_DK\" \/>\n<meta property=\"og:type\" content=\"article\" \/>\n<meta property=\"og:title\" content=\"R\u00f6rf\u00e4ste 38mm - Xenonkungen\" \/>\n<meta property=\"og:description\" content=\"Vridbart r\u00f6rf\u00e4ste f\u00f6r montering av Arbetsljus, extraljus, ledramper mm! Detta f\u00e4ste passar bra f\u00f6r montering p\u00e5 motorcykel, takr\u00e4cke och andra r\u00f6r med liten diameter.\" \/>\n<meta property=\"og:url\" content=\"https:\/\/xenonkungen.com\/dk\/vare\/rorbeslag-38-mm\/\" \/>\n<meta property=\"og:site_name\" content=\"Xenonkungen\" \/>\n<meta property=\"article:modified_time\" content=\"2026-04-10T23:13:10+00:00\" \/>\n<meta property=\"og:image\" content=\"https:\/\/xenonkungen.com\/wp-content\/uploads\/2025\/04\/162632055-origpic-fe74c5.png\" \/>\n\t<meta property=\"og:image:width\" content=\"1000\" \/>\n\t<meta property=\"og:image:height\" content=\"666\" \/>\n\t<meta property=\"og:image:type\" content=\"image\/png\" \/>\n<meta name=\"twitter:card\" content=\"summary_large_image\" \/>\n<meta name=\"twitter:label1\" content=\"Estimeret l\u00e6setid\" \/>\n\t<meta name=\"twitter:data1\" content=\"1 minut\" \/>\n<script type=\"application\/ld+json\" class=\"yoast-schema-graph\">{\"@context\":\"https:\/\/schema.org\",\"@graph\":[{\"@type\":\"WebPage\",\"@id\":\"https:\/\/xenonkungen.com\/dk\/vare\/rorfaste-38mm\/\",\"url\":\"https:\/\/xenonkungen.com\/dk\/vare\/rorfaste-38mm\/\",\"name\":\"R\u00f6rf\u00e4ste 38mm - Xenonkungen\",\"isPartOf\":{\"@id\":\"https:\/\/xenonkungen.com\/#website\"},\"primaryImageOfPage\":{\"@id\":\"https:\/\/xenonkungen.com\/dk\/vare\/rorfaste-38mm\/#primaryimage\"},\"image\":{\"@id\":\"https:\/\/xenonkungen.com\/dk\/vare\/rorfaste-38mm\/#primaryimage\"},\"thumbnailUrl\":\"https:\/\/xenonkungen.com\/wp-content\/uploads\/2025\/04\/162632055-origpic-fe74c5.png\",\"datePublished\":\"2025-04-15T09:01:05+00:00\",\"dateModified\":\"2026-04-10T23:13:10+00:00\",\"breadcrumb\":{\"@id\":\"https:\/\/xenonkungen.com\/dk\/vare\/rorfaste-38mm\/#breadcrumb\"},\"inLanguage\":\"da-DK\",\"potentialAction\":[{\"@type\":\"ReadAction\",\"target\":[\"https:\/\/xenonkungen.com\/dk\/vare\/rorfaste-38mm\/\"]}]},{\"@type\":\"ImageObject\",\"inLanguage\":\"da-DK\",\"@id\":\"https:\/\/xenonkungen.com\/dk\/vare\/rorfaste-38mm\/#primaryimage\",\"url\":\"https:\/\/xenonkungen.com\/wp-content\/uploads\/2025\/04\/162632055-origpic-fe74c5.png\",\"contentUrl\":\"https:\/\/xenonkungen.com\/wp-content\/uploads\/2025\/04\/162632055-origpic-fe74c5.png\",\"width\":1000,\"height\":666},{\"@type\":\"BreadcrumbList\",\"@id\":\"https:\/\/xenonkungen.com\/dk\/vare\/rorfaste-38mm\/#breadcrumb\",\"itemListElement\":[{\"@type\":\"ListItem\",\"position\":1,\"name\":\"Hem\",\"item\":\"https:\/\/xenonkungen.com\/\"},{\"@type\":\"ListItem\",\"position\":2,\"name\":\"Shop\",\"item\":\"https:\/\/xenonkungen.com\/shop\/\"},{\"@type\":\"ListItem\",\"position\":3,\"name\":\"R\u00f6rf\u00e4ste 38mm\"}]},{\"@type\":\"WebSite\",\"@id\":\"https:\/\/xenonkungen.com\/#website\",\"url\":\"https:\/\/xenonkungen.com\/\",\"name\":\"Xenonkungen\",\"description\":\"\",\"potentialAction\":[{\"@type\":\"SearchAction\",\"target\":{\"@type\":\"EntryPoint\",\"urlTemplate\":\"https:\/\/xenonkungen.com\/?s={search_term_string}\"},\"query-input\":{\"@type\":\"PropertyValueSpecification\",\"valueRequired\":true,\"valueName\":\"search_term_string\"}}],\"inLanguage\":\"da-DK\"}]}<\/script>\n<!-- \/ Yoast SEO plugin. -->","yoast_head_json":{"title":"R\u00f8rbeslag 38mm - Xenonkungen","robots":{"index":"index","follow":"follow","max-snippet":"max-snippet:-1","max-image-preview":"max-image-preview:large","max-video-preview":"max-video-preview:-1"},"canonical":"https:\/\/xenonkungen.com\/dk\/vare\/rorbeslag-38-mm\/","og_locale":"da_DK","og_type":"article","og_title":"R\u00f6rf\u00e4ste 38mm - Xenonkungen","og_description":"Vridbart r\u00f6rf\u00e4ste f\u00f6r montering av Arbetsljus, extraljus, ledramper mm! Detta f\u00e4ste passar bra f\u00f6r montering p\u00e5 motorcykel, takr\u00e4cke och andra r\u00f6r med liten diameter.","og_url":"https:\/\/xenonkungen.com\/dk\/vare\/rorbeslag-38-mm\/","og_site_name":"Xenonkungen","article_modified_time":"2026-04-10T23:13:10+00:00","og_image":[{"width":1000,"height":666,"url":"https:\/\/xenonkungen.com\/wp-content\/uploads\/2025\/04\/162632055-origpic-fe74c5.png","type":"image\/png"}],"twitter_card":"summary_large_image","twitter_misc":{"Estimeret l\u00e6setid":"1 minut"},"schema":{"@context":"https:\/\/schema.org","@graph":[{"@type":"WebPage","@id":"https:\/\/xenonkungen.com\/dk\/vare\/rorfaste-38mm\/","url":"https:\/\/xenonkungen.com\/dk\/vare\/rorfaste-38mm\/","name":"R\u00f8rbeslag 38mm - Xenonkungen","isPartOf":{"@id":"https:\/\/xenonkungen.com\/#website"},"primaryImageOfPage":{"@id":"https:\/\/xenonkungen.com\/dk\/vare\/rorfaste-38mm\/#primaryimage"},"image":{"@id":"https:\/\/xenonkungen.com\/dk\/vare\/rorfaste-38mm\/#primaryimage"},"thumbnailUrl":"https:\/\/xenonkungen.com\/wp-content\/uploads\/2025\/04\/162632055-origpic-fe74c5.png","datePublished":"2025-04-15T09:01:05+00:00","dateModified":"2026-04-10T23:13:10+00:00","breadcrumb":{"@id":"https:\/\/xenonkungen.com\/dk\/vare\/rorfaste-38mm\/#breadcrumb"},"inLanguage":"da-DK","potentialAction":[{"@type":"ReadAction","target":["https:\/\/xenonkungen.com\/dk\/vare\/rorfaste-38mm\/"]}]},{"@type":"ImageObject","inLanguage":"da-DK","@id":"https:\/\/xenonkungen.com\/dk\/vare\/rorfaste-38mm\/#primaryimage","url":"https:\/\/xenonkungen.com\/wp-content\/uploads\/2025\/04\/162632055-origpic-fe74c5.png","contentUrl":"https:\/\/xenonkungen.com\/wp-content\/uploads\/2025\/04\/162632055-origpic-fe74c5.png","width":1000,"height":666},{"@type":"BreadcrumbList","@id":"https:\/\/xenonkungen.com\/dk\/vare\/rorfaste-38mm\/#breadcrumb","itemListElement":[{"@type":"ListItem","position":1,"name":"Hem","item":"https:\/\/xenonkungen.com\/"},{"@type":"ListItem","position":2,"name":"Shop","item":"https:\/\/xenonkungen.com\/shop\/"},{"@type":"ListItem","position":3,"name":"R\u00f6rf\u00e4ste 38mm"}]},{"@type":"WebSite","@id":"https:\/\/xenonkungen.com\/#website","url":"https:\/\/xenonkungen.com\/","name":"Xenonkungen","description":"","potentialAction":[{"@type":"SearchAction","target":{"@type":"EntryPoint","urlTemplate":"https:\/\/xenonkungen.com\/?s={search_term_string}"},"query-input":{"@type":"PropertyValueSpecification","valueRequired":true,"valueName":"search_term_string"}}],"inLanguage":"da-DK"}]}},"taxonomy_info":{"product_brand":[{"value":117,"label":"Xenonkungen"}],"product_cat":[{"value":2841,"label":"Installation extraljus"},{"value":2460,"label":"Kl\u00e4mf\u00e4sten"},{"value":390,"label":"Installation"}]},"featured_image_src_large":["https:\/\/xenonkungen.com\/wp-content\/uploads\/2025\/04\/162632055-origpic-fe74c5.png",1000,666,false],"author_info":[],"comment_info":0,"_links":{"self":[{"href":"https:\/\/xenonkungen.com\/dk\/wp-json\/wp\/v2\/product\/3651","targetHints":{"allow":["GET"]}}],"collection":[{"href":"https:\/\/xenonkungen.com\/dk\/wp-json\/wp\/v2\/product"}],"about":[{"href":"https:\/\/xenonkungen.com\/dk\/wp-json\/wp\/v2\/types\/product"}],"replies":[{"embeddable":true,"href":"https:\/\/xenonkungen.com\/dk\/wp-json\/wp\/v2\/comments?post=3651"}],"wp:featuredmedia":[{"embeddable":true,"href":"https:\/\/xenonkungen.com\/dk\/wp-json\/wp\/v2\/media\/3652"}],"wp:attachment":[{"href":"https:\/\/xenonkungen.com\/dk\/wp-json\/wp\/v2\/media?parent=3651"}],"wp:term":[{"taxonomy":"anvandningsomrade","embeddable":true,"href":"https:\/\/xenonkungen.com\/dk\/wp-json\/wp\/v2\/anvandningsomrade?post=3651"},{"taxonomy":"bilmarken","embeddable":true,"href":"https:\/\/xenonkungen.com\/dk\/wp-json\/wp\/v2\/bilmarken?post=3651"},{"taxonomy":"product_brand","embeddable":true,"href":"https:\/\/xenonkungen.com\/dk\/wp-json\/wp\/v2\/product_brand?post=3651"},{"taxonomy":"product_cat","embeddable":true,"href":"https:\/\/xenonkungen.com\/dk\/wp-json\/wp\/v2\/product_cat?post=3651"},{"taxonomy":"product_tag","embeddable":true,"href":"https:\/\/xenonkungen.com\/dk\/wp-json\/wp\/v2\/product_tag?post=3651"}],"curies":[{"name":"wp","href":"https:\/\/api.w.org\/{rel}","templated":true}]}}