{"id":4004,"date":"2025-04-15T09:04:34","date_gmt":"2025-04-15T09:04:34","guid":{"rendered":"https:\/\/xenonkungen.com\/product\/blixtljus-eq-3led-180-r10\/"},"modified":"2026-05-12T14:32:56","modified_gmt":"2026-05-12T13:32:56","slug":"lommelygte-eq-3led-180-r10","status":"publish","type":"product","link":"https:\/\/xenonkungen.com\/dk\/vare\/lommelygte-eq-3led-180-r10\/","title":{"rendered":"Blinkende lys EQ 3LED 180 R10"},"content":{"rendered":"<div class=\"container\">\n<h1>H\u00f8jintensiv orange blitzlampe med vidvinkel<\/h1>\n<p>Dette orange stroboskoplys med h\u00f8j intensitet, model EQ-LED3DVA180, er designet til at give enest\u00e5ende synlighed for arbejdsk\u00f8ret\u00f8jer med sin 180 graders vidvinkel. Udstyret med 3 klare 1W LED&#039;er og 12 forskellige blinkm\u00f8nstre, tilbyder denne enhed fleksibilitet og h\u00f8j ydeevne til en r\u00e6kke forskellige anvendelser.<\/p>\n<div class=\"features\">\n<h2>Vigtigste egenskaber:<\/h2>\n<ul>\n<li><span class=\"highlight\">180 graders vidvinkel:<\/span> Enest\u00e5ende synlighed med bred d\u00e6kning.<\/li>\n<li><span class=\"highlight\">3 stk. klare 1W LED-dioder:<\/span> Intens belysning for optimal synlighed.<\/li>\n<li><span class=\"highlight\">12 blinkm\u00f8nstre:<\/span> Alsidige indstillinger til forskellige advarselssignaler.<\/li>\n<li><span class=\"highlight\">Rillet polycarbonatlinse:<\/span> Lysfordeling af h\u00f8j kvalitet.<\/li>\n<li><span class=\"highlight\">ABS-plast og aluminiumsbase:<\/span> Robust konstruktion til holdbar brug.<\/li>\n<li><span class=\"highlight\">Energieffektiv:<\/span> Effektiv brug p\u00e5 b\u00e5de 12V og 24V systemer.<\/li>\n<li><span class=\"highlight\">IP67-godkendt:<\/span> Forseglet mod st\u00f8v og fugt, t\u00e5ler reng\u00f8ring og h\u00f8jtryksspuling.<\/li>\n<li><span class=\"highlight\">Synkronisering:<\/span> Op til 10 enheder kan synkroniseres for samlet signalering.<\/li>\n<li><span class=\"highlight\">Anvendelsesomr\u00e5der:<\/span> Perfekt til arbejdslastbil, lastbil, gravemaskine, mejet\u00e6rsker og meget mere.<\/li>\n<\/ul>\n<\/div>\n<\/div>\n<p><strong>Godt at vide:<\/strong><br \/>Tilslutning af kabelfarve<br \/>R\u00f8d \u2013 Plus, Hvid \u2013 H\u00f8j\/lav effekt, Sort \u2013 Jord, Gul \u2013 Lynm\u00f8nster<\/p>\n<p><strong>Indhold i leveringen<\/strong><br \/>1 blitzlampe<br \/>2 skruer til montering<br \/>1 gummibetr\u00e6k<\/p>\n<p><strong>Garanti<\/strong> <br \/>5 \u00e5rs funktionsgaranti<\/p>\n<p><strong>Godt at vide<\/strong><br \/>Du v\u00e6lger hvilket blitzm\u00f8nster der passer bedst til dig ved at skifte mellem dem med det gule kabel. <\/p>\n<p>IP-klassificeringer <br \/>IP6x \u2013 St\u00f8vt\u00e6t<br \/>IPx7 \u2013 Vandafvisende<\/p>","protected":false},"excerpt":{"rendered":"<p>Lille, lysst\u00e6rk blitz, der kan synkroniseres i serie. Maksimalt 12 kan k\u00f8re samtidigt.<\/p>","protected":false},"featured_media":4005,"comment_status":"closed","ping_status":"closed","template":"","meta":{"_acf_changed":false,"_smort_price_nok":"577","_smort_price_dkk":"610","_smort_price_eur":"81.72","_smort_sale_price_nok":"577","_smort_sale_price_dkk":"","_smort_sale_price_eur":"49.09","smort_restorder":"","shipmondo_restorder":"","_kad_blocks_custom_css":"","_kad_blocks_head_custom_js":"","_kad_blocks_body_custom_js":"","_kad_blocks_footer_custom_js":"","smort_custom_pricelist_1":"575.36","smort_custom_pricelist_2":"503.44","smort_custom_pricelist_3":"467.48","smort_custom_pricelist_4":"719.2","smort_custom_pricelist_5":"503.44"},"anvandningsomrade":[],"bilmarken":[],"product_brand":[],"product_cat":[3037,3076,2553,1061],"product_tag":[],"class_list":{"0":"post-4004","1":"product","2":"type-product","3":"status-publish","4":"has-post-thumbnail","6":"product_cat-3led-180-blixtljus","7":"product_cat-rekommendationer","8":"product_cat-blixtljus-riktat-varningsljus","9":"product_cat-varningsljus","10":"pa_fuktskydd-varde-ipxx-ip67","11":"pa_godkannande-ece-r10","12":"pa_storlek-mm-116x100x27x42","13":"pa_volt-v-12-24","15":"first","16":"onbackorder","17":"taxable","18":"shipping-taxable","19":"purchasable","20":"product-type-simple"},"bundled_by":[],"bundle_stock_status":"onbackorder","bundle_stock_quantity":0,"bundle_virtual":false,"bundle_layout":"","bundle_add_to_cart_form_location":"","bundle_editable_in_cart":false,"bundle_sold_individually_context":"","bundle_item_grouping":"","bundle_min_size":"","bundle_max_size":"","bundle_price":[],"bundled_items":[],"bundle_sell_ids":[],"acf":[],"yoast_head":"<!-- This site is optimized with the Yoast SEO plugin v27.0 - https:\/\/yoast.com\/product\/yoast-seo-wordpress\/ -->\n<title>Blixtljus EQ 3LED 180 R10 - Xenonkungen<\/title>\n<meta name=\"robots\" content=\"index, follow, max-snippet:-1, max-image-preview:large, max-video-preview:-1\" \/>\n<link rel=\"canonical\" href=\"https:\/\/xenonkungen.com\/dk\/vare\/lommelygte-eq-3led-180-r10\/\" \/>\n<meta property=\"og:locale\" content=\"da_DK\" \/>\n<meta property=\"og:type\" content=\"article\" \/>\n<meta property=\"og:title\" content=\"Blixtljus EQ 3LED 180 R10 - Xenonkungen\" \/>\n<meta property=\"og:description\" content=\"Litet starkt blixtljus som kan synkroniseras i serie. Maximalt 12st kan k\u00f6ras samtidigt.\" \/>\n<meta property=\"og:url\" content=\"https:\/\/xenonkungen.com\/dk\/vare\/lommelygte-eq-3led-180-r10\/\" \/>\n<meta property=\"og:site_name\" content=\"Xenonkungen\" \/>\n<meta property=\"article:modified_time\" content=\"2026-05-12T13:32:56+00:00\" \/>\n<meta property=\"og:image\" content=\"https:\/\/xenonkungen.com\/wp-content\/uploads\/2025\/04\/23435224-origpic-99f155.jpg\" \/>\n\t<meta property=\"og:image:width\" content=\"600\" \/>\n\t<meta property=\"og:image:height\" content=\"600\" \/>\n\t<meta property=\"og:image:type\" content=\"image\/jpeg\" \/>\n<meta name=\"twitter:card\" content=\"summary_large_image\" \/>\n<meta name=\"twitter:label1\" content=\"Estimeret l\u00e6setid\" \/>\n\t<meta name=\"twitter:data1\" content=\"1 minut\" \/>\n<script type=\"application\/ld+json\" class=\"yoast-schema-graph\">{\"@context\":\"https:\/\/schema.org\",\"@graph\":[{\"@type\":\"WebPage\",\"@id\":\"https:\/\/xenonkungen.com\/produkt\/blixtljus-eq-3led-180-r10\/\",\"url\":\"https:\/\/xenonkungen.com\/produkt\/blixtljus-eq-3led-180-r10\/\",\"name\":\"Blixtljus EQ 3LED 180 R10 - Xenonkungen\",\"isPartOf\":{\"@id\":\"https:\/\/xenonkungen.com\/#website\"},\"primaryImageOfPage\":{\"@id\":\"https:\/\/xenonkungen.com\/produkt\/blixtljus-eq-3led-180-r10\/#primaryimage\"},\"image\":{\"@id\":\"https:\/\/xenonkungen.com\/produkt\/blixtljus-eq-3led-180-r10\/#primaryimage\"},\"thumbnailUrl\":\"https:\/\/xenonkungen.com\/wp-content\/uploads\/2025\/04\/23435224-origpic-99f155.jpg\",\"datePublished\":\"2025-04-15T09:04:34+00:00\",\"dateModified\":\"2026-05-12T13:32:56+00:00\",\"breadcrumb\":{\"@id\":\"https:\/\/xenonkungen.com\/produkt\/blixtljus-eq-3led-180-r10\/#breadcrumb\"},\"inLanguage\":\"da-DK\",\"potentialAction\":[{\"@type\":\"ReadAction\",\"target\":[\"https:\/\/xenonkungen.com\/produkt\/blixtljus-eq-3led-180-r10\/\"]}]},{\"@type\":\"ImageObject\",\"inLanguage\":\"da-DK\",\"@id\":\"https:\/\/xenonkungen.com\/produkt\/blixtljus-eq-3led-180-r10\/#primaryimage\",\"url\":\"https:\/\/xenonkungen.com\/wp-content\/uploads\/2025\/04\/23435224-origpic-99f155.jpg\",\"contentUrl\":\"https:\/\/xenonkungen.com\/wp-content\/uploads\/2025\/04\/23435224-origpic-99f155.jpg\",\"width\":600,\"height\":600},{\"@type\":\"BreadcrumbList\",\"@id\":\"https:\/\/xenonkungen.com\/produkt\/blixtljus-eq-3led-180-r10\/#breadcrumb\",\"itemListElement\":[{\"@type\":\"ListItem\",\"position\":1,\"name\":\"Hem\",\"item\":\"https:\/\/xenonkungen.com\/\"},{\"@type\":\"ListItem\",\"position\":2,\"name\":\"Shop\",\"item\":\"https:\/\/xenonkungen.com\/shop\/\"},{\"@type\":\"ListItem\",\"position\":3,\"name\":\"Blixtljus EQ 3LED 180 R10\"}]},{\"@type\":\"WebSite\",\"@id\":\"https:\/\/xenonkungen.com\/#website\",\"url\":\"https:\/\/xenonkungen.com\/\",\"name\":\"Xenonkungen\",\"description\":\"\",\"potentialAction\":[{\"@type\":\"SearchAction\",\"target\":{\"@type\":\"EntryPoint\",\"urlTemplate\":\"https:\/\/xenonkungen.com\/?s={search_term_string}\"},\"query-input\":{\"@type\":\"PropertyValueSpecification\",\"valueRequired\":true,\"valueName\":\"search_term_string\"}}],\"inLanguage\":\"da-DK\"}]}<\/script>\n<!-- \/ Yoast SEO plugin. -->","yoast_head_json":{"title":"Lommelygte EQ 3LED 180 R10 - Xenonkungen","robots":{"index":"index","follow":"follow","max-snippet":"max-snippet:-1","max-image-preview":"max-image-preview:large","max-video-preview":"max-video-preview:-1"},"canonical":"https:\/\/xenonkungen.com\/dk\/vare\/lommelygte-eq-3led-180-r10\/","og_locale":"da_DK","og_type":"article","og_title":"Blixtljus EQ 3LED 180 R10 - Xenonkungen","og_description":"Litet starkt blixtljus som kan synkroniseras i serie. Maximalt 12st kan k\u00f6ras samtidigt.","og_url":"https:\/\/xenonkungen.com\/dk\/vare\/lommelygte-eq-3led-180-r10\/","og_site_name":"Xenonkungen","article_modified_time":"2026-05-12T13:32:56+00:00","og_image":[{"width":600,"height":600,"url":"https:\/\/xenonkungen.com\/wp-content\/uploads\/2025\/04\/23435224-origpic-99f155.jpg","type":"image\/jpeg"}],"twitter_card":"summary_large_image","twitter_misc":{"Estimeret l\u00e6setid":"1 minut"},"schema":{"@context":"https:\/\/schema.org","@graph":[{"@type":"WebPage","@id":"https:\/\/xenonkungen.com\/produkt\/blixtljus-eq-3led-180-r10\/","url":"https:\/\/xenonkungen.com\/produkt\/blixtljus-eq-3led-180-r10\/","name":"Lommelygte EQ 3LED 180 R10 - Xenonkungen","isPartOf":{"@id":"https:\/\/xenonkungen.com\/#website"},"primaryImageOfPage":{"@id":"https:\/\/xenonkungen.com\/produkt\/blixtljus-eq-3led-180-r10\/#primaryimage"},"image":{"@id":"https:\/\/xenonkungen.com\/produkt\/blixtljus-eq-3led-180-r10\/#primaryimage"},"thumbnailUrl":"https:\/\/xenonkungen.com\/wp-content\/uploads\/2025\/04\/23435224-origpic-99f155.jpg","datePublished":"2025-04-15T09:04:34+00:00","dateModified":"2026-05-12T13:32:56+00:00","breadcrumb":{"@id":"https:\/\/xenonkungen.com\/produkt\/blixtljus-eq-3led-180-r10\/#breadcrumb"},"inLanguage":"da-DK","potentialAction":[{"@type":"ReadAction","target":["https:\/\/xenonkungen.com\/produkt\/blixtljus-eq-3led-180-r10\/"]}]},{"@type":"ImageObject","inLanguage":"da-DK","@id":"https:\/\/xenonkungen.com\/produkt\/blixtljus-eq-3led-180-r10\/#primaryimage","url":"https:\/\/xenonkungen.com\/wp-content\/uploads\/2025\/04\/23435224-origpic-99f155.jpg","contentUrl":"https:\/\/xenonkungen.com\/wp-content\/uploads\/2025\/04\/23435224-origpic-99f155.jpg","width":600,"height":600},{"@type":"BreadcrumbList","@id":"https:\/\/xenonkungen.com\/produkt\/blixtljus-eq-3led-180-r10\/#breadcrumb","itemListElement":[{"@type":"ListItem","position":1,"name":"Hem","item":"https:\/\/xenonkungen.com\/"},{"@type":"ListItem","position":2,"name":"Shop","item":"https:\/\/xenonkungen.com\/shop\/"},{"@type":"ListItem","position":3,"name":"Blixtljus EQ 3LED 180 R10"}]},{"@type":"WebSite","@id":"https:\/\/xenonkungen.com\/#website","url":"https:\/\/xenonkungen.com\/","name":"Xenonkungen","description":"","potentialAction":[{"@type":"SearchAction","target":{"@type":"EntryPoint","urlTemplate":"https:\/\/xenonkungen.com\/?s={search_term_string}"},"query-input":{"@type":"PropertyValueSpecification","valueRequired":true,"valueName":"search_term_string"}}],"inLanguage":"da-DK"}]}},"taxonomy_info":{"product_cat":[{"value":3037,"label":"3LED 180\u00b0"},{"value":3076,"label":"Rekommendationer"},{"value":2553,"label":"Blixtljus - Riktat varningsljus"},{"value":1061,"label":"Varningsljus"}],"pa_fuktskydd-varde-ipxx":[{"value":333,"label":"IP67"}],"pa_godkannande":[{"value":966,"label":"ECE, R10"}],"pa_storlek-mm":[{"value":1304,"label":"116x100x27x42"}],"pa_volt-v":[{"value":348,"label":"12, 24"}]},"featured_image_src_large":["https:\/\/xenonkungen.com\/wp-content\/uploads\/2025\/04\/23435224-origpic-99f155.jpg",600,600,false],"author_info":[],"comment_info":0,"_links":{"self":[{"href":"https:\/\/xenonkungen.com\/dk\/wp-json\/wp\/v2\/product\/4004","targetHints":{"allow":["GET"]}}],"collection":[{"href":"https:\/\/xenonkungen.com\/dk\/wp-json\/wp\/v2\/product"}],"about":[{"href":"https:\/\/xenonkungen.com\/dk\/wp-json\/wp\/v2\/types\/product"}],"replies":[{"embeddable":true,"href":"https:\/\/xenonkungen.com\/dk\/wp-json\/wp\/v2\/comments?post=4004"}],"wp:featuredmedia":[{"embeddable":true,"href":"https:\/\/xenonkungen.com\/dk\/wp-json\/wp\/v2\/media\/4005"}],"wp:attachment":[{"href":"https:\/\/xenonkungen.com\/dk\/wp-json\/wp\/v2\/media?parent=4004"}],"wp:term":[{"taxonomy":"anvandningsomrade","embeddable":true,"href":"https:\/\/xenonkungen.com\/dk\/wp-json\/wp\/v2\/anvandningsomrade?post=4004"},{"taxonomy":"bilmarken","embeddable":true,"href":"https:\/\/xenonkungen.com\/dk\/wp-json\/wp\/v2\/bilmarken?post=4004"},{"taxonomy":"product_brand","embeddable":true,"href":"https:\/\/xenonkungen.com\/dk\/wp-json\/wp\/v2\/product_brand?post=4004"},{"taxonomy":"product_cat","embeddable":true,"href":"https:\/\/xenonkungen.com\/dk\/wp-json\/wp\/v2\/product_cat?post=4004"},{"taxonomy":"product_tag","embeddable":true,"href":"https:\/\/xenonkungen.com\/dk\/wp-json\/wp\/v2\/product_tag?post=4004"}],"curies":[{"name":"wp","href":"https:\/\/api.w.org\/{rel}","templated":true}]}}