{"id":4027,"date":"2025-04-15T09:04:47","date_gmt":"2025-04-15T09:04:47","guid":{"rendered":"https:\/\/xenonkungen.com\/product\/blixtljus-eq-r10-4led\/"},"modified":"2026-04-24T17:05:08","modified_gmt":"2026-04-24T16:05:08","slug":"lommelygte-eq-r10-4led","status":"publish","type":"product","link":"https:\/\/xenonkungen.com\/dk\/vare\/lommelygte-eq-r10-4led\/","title":{"rendered":"Blinkende lys EQ R10 4LED"},"content":{"rendered":"<div class=\"container\">\n<h1>Gul\/orange LED-advarselslampe: Avanceret trafiksikkerhed<\/h1>\n<p>Denne gul\/orange LED-advarselslampe er udstyret med 25 valgbare blinksekvenser og giver fremragende synlighed og p\u00e5lidelighed til ethvert k\u00f8ret\u00f8j.<\/p>\n<div class=\"features\">\n<h2>Vigtige funktioner:<\/h2>\n<ul>\n<li><span class=\"highlight\">25 valgbare lynsekvenser:<\/span> Mulighed for at tilpasse advarselssignalerne til forskellige scenarier.<\/li>\n<li><span class=\"highlight\">H\u00f8jintensitets 3Gen. diodelamper:<\/span> Fremragende optisk kvalitet for optimal synlighed.<\/li>\n<li><span class=\"highlight\">Vibrationsresistent og p\u00e5lidelig:<\/span> Lavet til at modst\u00e5 h\u00e5rde brugs- og vejrforhold.<\/li>\n<li><span class=\"highlight\">Fugtsikker konstruktion:<\/span> Garanterer langvarig og vedligeholdelsesfri drift.<\/li>\n<li><span class=\"highlight\">Slidst\u00e6rk plade af polykarbonat og aluminium:<\/span> For \u00f8get b\u00e6redygtighed og effektiv varmeafledning.<\/li>\n<li><span class=\"highlight\">EMC-godkendt:<\/span> Sikrer interferensfri drift i n\u00e6rheden af andre elektroniske enheder.<\/li>\n<li><span class=\"highlight\">Synkroniseringskapacitet:<\/span> Mulighed for at synkronisere op til 10 enheder for ensartede advarselssignaler.<\/li>\n<li><span class=\"highlight\">Hi\/Low Power-funktion:<\/span> Justerbar lysstyrke til forskellige behov og situationer.<\/li>\n<\/ul>\n<\/div>\n<\/div>\n<p><strong>Garanti:<\/strong> 5 \u00e5r<\/p>\n<p><iframe loading=\"lazy\" height=\"314\" src=\"https:\/\/www.youtube.com\/embed\/uifLvlApbuU\" width=\"560\" allowfullscreen=\"allowfullscreen\"><\/iframe><\/p>","protected":false},"excerpt":{"rendered":"<p>Gul\/Orange LED Varningslampa: Avancerad V\u00e4gs\u00e4kerhet Denna gul\/orange LED varningslampa \u00e4r utrustad med 25 valbara blixtsekvenser och erbjuder enast\u00e5ende synlighet och drifts\u00e4kerhet f\u00f6r alla fordon. Nyckelfunktioner: 25 Valbara Blixtsekvenser: M\u00f6jlighet att anpassa varningssignalerna till olika scenarier. H\u00f6gintensiva 3Gen. Diodlampor: Erbjuder superb optisk kvalitet f\u00f6r optimal synlighet. Vibrationst\u00e5lig och Drifts\u00e4ker: Tillverkad f\u00f6r att t\u00e5la tuffa anv\u00e4ndningsf\u00f6rh\u00e5llanden och [&hellip;]<\/p>","protected":false},"featured_media":4028,"comment_status":"closed","ping_status":"open","template":"","meta":{"_acf_changed":false,"_smort_price_nok":"844","_smort_price_dkk":"536","_smort_price_eur":"71.81","_smort_sale_price_nok":"","_smort_sale_price_dkk":"","_smort_sale_price_eur":"","smort_restorder":"","shipmondo_restorder":"","_kad_blocks_custom_css":"","_kad_blocks_head_custom_js":"","_kad_blocks_body_custom_js":"","_kad_blocks_footer_custom_js":"","smort_custom_pricelist_1":"442.4","smort_custom_pricelist_2":"442.4","smort_custom_pricelist_3":"420.28","smort_custom_pricelist_4":"632","smort_custom_pricelist_5":"442.4"},"anvandningsomrade":[],"bilmarken":[],"product_brand":[],"product_cat":[3038,2553,1061],"product_tag":[],"class_list":{"0":"post-4027","1":"product","2":"type-product","3":"status-publish","4":"has-post-thumbnail","6":"product_cat-4led-blixtljus","7":"product_cat-blixtljus-riktat-varningsljus","8":"product_cat-varningsljus","9":"pa_fuktskydd-varde-ipxx-ip67","10":"pa_godkannande-ece-r10","11":"pa_storlek-mm-139x37x28","12":"pa_volt-v-12-24","14":"first","15":"onbackorder","16":"taxable","17":"shipping-taxable","18":"purchasable","19":"product-type-simple"},"bundled_by":[],"bundle_stock_status":"onbackorder","bundle_stock_quantity":0,"bundle_virtual":false,"bundle_layout":"","bundle_add_to_cart_form_location":"","bundle_editable_in_cart":false,"bundle_sold_individually_context":"","bundle_item_grouping":"","bundle_min_size":"","bundle_max_size":"","bundle_price":[],"bundled_items":[],"bundle_sell_ids":[],"acf":[],"yoast_head":"<!-- This site is optimized with the Yoast SEO plugin v27.0 - https:\/\/yoast.com\/product\/yoast-seo-wordpress\/ -->\n<title>Blixtljus EQ R10 4LED - Xenonkungen<\/title>\n<meta name=\"robots\" content=\"index, follow, max-snippet:-1, max-image-preview:large, max-video-preview:-1\" \/>\n<link rel=\"canonical\" href=\"https:\/\/xenonkungen.com\/dk\/vare\/lommelygte-eq-r10-4led\/\" \/>\n<meta property=\"og:locale\" content=\"da_DK\" \/>\n<meta property=\"og:type\" content=\"article\" \/>\n<meta property=\"og:title\" content=\"Blixtljus EQ R10 4LED - Xenonkungen\" \/>\n<meta property=\"og:description\" content=\"Gul\/Orange LED Varningslampa: Avancerad V\u00e4gs\u00e4kerhet Denna gul\/orange LED varningslampa \u00e4r utrustad med 25 valbara blixtsekvenser och erbjuder enast\u00e5ende synlighet och drifts\u00e4kerhet f\u00f6r alla fordon. Nyckelfunktioner: 25 Valbara Blixtsekvenser: M\u00f6jlighet att anpassa varningssignalerna till olika scenarier. H\u00f6gintensiva 3Gen. Diodlampor: Erbjuder superb optisk kvalitet f\u00f6r optimal synlighet. Vibrationst\u00e5lig och Drifts\u00e4ker: Tillverkad f\u00f6r att t\u00e5la tuffa anv\u00e4ndningsf\u00f6rh\u00e5llanden och [&hellip;]\" \/>\n<meta property=\"og:url\" content=\"https:\/\/xenonkungen.com\/dk\/vare\/lommelygte-eq-r10-4led\/\" \/>\n<meta property=\"og:site_name\" content=\"Xenonkungen\" \/>\n<meta property=\"article:modified_time\" content=\"2026-04-24T16:05:08+00:00\" \/>\n<meta property=\"og:image\" content=\"https:\/\/xenonkungen.com\/wp-content\/uploads\/2025\/04\/12959453-origpic-c641c0.jpg\" \/>\n\t<meta property=\"og:image:width\" content=\"300\" \/>\n\t<meta property=\"og:image:height\" content=\"300\" \/>\n\t<meta property=\"og:image:type\" content=\"image\/jpeg\" \/>\n<meta name=\"twitter:card\" content=\"summary_large_image\" \/>\n<meta name=\"twitter:label1\" content=\"Estimeret l\u00e6setid\" \/>\n\t<meta name=\"twitter:data1\" content=\"1 minut\" \/>\n<script type=\"application\/ld+json\" class=\"yoast-schema-graph\">{\"@context\":\"https:\/\/schema.org\",\"@graph\":[{\"@type\":\"WebPage\",\"@id\":\"https:\/\/xenonkungen.com\/produkt\/blixtljus-eq-r10-4led\/\",\"url\":\"https:\/\/xenonkungen.com\/produkt\/blixtljus-eq-r10-4led\/\",\"name\":\"Blixtljus EQ R10 4LED - Xenonkungen\",\"isPartOf\":{\"@id\":\"https:\/\/xenonkungen.com\/#website\"},\"primaryImageOfPage\":{\"@id\":\"https:\/\/xenonkungen.com\/produkt\/blixtljus-eq-r10-4led\/#primaryimage\"},\"image\":{\"@id\":\"https:\/\/xenonkungen.com\/produkt\/blixtljus-eq-r10-4led\/#primaryimage\"},\"thumbnailUrl\":\"https:\/\/xenonkungen.com\/wp-content\/uploads\/2025\/04\/12959453-origpic-c641c0.jpg\",\"datePublished\":\"2025-04-15T09:04:47+00:00\",\"dateModified\":\"2026-04-24T16:05:08+00:00\",\"breadcrumb\":{\"@id\":\"https:\/\/xenonkungen.com\/produkt\/blixtljus-eq-r10-4led\/#breadcrumb\"},\"inLanguage\":\"da-DK\",\"potentialAction\":[{\"@type\":\"ReadAction\",\"target\":[\"https:\/\/xenonkungen.com\/produkt\/blixtljus-eq-r10-4led\/\"]}]},{\"@type\":\"ImageObject\",\"inLanguage\":\"da-DK\",\"@id\":\"https:\/\/xenonkungen.com\/produkt\/blixtljus-eq-r10-4led\/#primaryimage\",\"url\":\"https:\/\/xenonkungen.com\/wp-content\/uploads\/2025\/04\/12959453-origpic-c641c0.jpg\",\"contentUrl\":\"https:\/\/xenonkungen.com\/wp-content\/uploads\/2025\/04\/12959453-origpic-c641c0.jpg\",\"width\":300,\"height\":300},{\"@type\":\"BreadcrumbList\",\"@id\":\"https:\/\/xenonkungen.com\/produkt\/blixtljus-eq-r10-4led\/#breadcrumb\",\"itemListElement\":[{\"@type\":\"ListItem\",\"position\":1,\"name\":\"Hem\",\"item\":\"https:\/\/xenonkungen.com\/\"},{\"@type\":\"ListItem\",\"position\":2,\"name\":\"Shop\",\"item\":\"https:\/\/xenonkungen.com\/shop\/\"},{\"@type\":\"ListItem\",\"position\":3,\"name\":\"Blixtljus EQ R10 4LED\"}]},{\"@type\":\"WebSite\",\"@id\":\"https:\/\/xenonkungen.com\/#website\",\"url\":\"https:\/\/xenonkungen.com\/\",\"name\":\"Xenonkungen\",\"description\":\"\",\"potentialAction\":[{\"@type\":\"SearchAction\",\"target\":{\"@type\":\"EntryPoint\",\"urlTemplate\":\"https:\/\/xenonkungen.com\/?s={search_term_string}\"},\"query-input\":{\"@type\":\"PropertyValueSpecification\",\"valueRequired\":true,\"valueName\":\"search_term_string\"}}],\"inLanguage\":\"da-DK\"}]}<\/script>\n<!-- \/ Yoast SEO plugin. -->","yoast_head_json":{"title":"Lommelygte EQ R10 4LED - Xenonkungen","robots":{"index":"index","follow":"follow","max-snippet":"max-snippet:-1","max-image-preview":"max-image-preview:large","max-video-preview":"max-video-preview:-1"},"canonical":"https:\/\/xenonkungen.com\/dk\/vare\/lommelygte-eq-r10-4led\/","og_locale":"da_DK","og_type":"article","og_title":"Blixtljus EQ R10 4LED - Xenonkungen","og_description":"Gul\/Orange LED Varningslampa: Avancerad V\u00e4gs\u00e4kerhet Denna gul\/orange LED varningslampa \u00e4r utrustad med 25 valbara blixtsekvenser och erbjuder enast\u00e5ende synlighet och drifts\u00e4kerhet f\u00f6r alla fordon. Nyckelfunktioner: 25 Valbara Blixtsekvenser: M\u00f6jlighet att anpassa varningssignalerna till olika scenarier. H\u00f6gintensiva 3Gen. Diodlampor: Erbjuder superb optisk kvalitet f\u00f6r optimal synlighet. Vibrationst\u00e5lig och Drifts\u00e4ker: Tillverkad f\u00f6r att t\u00e5la tuffa anv\u00e4ndningsf\u00f6rh\u00e5llanden och [&hellip;]","og_url":"https:\/\/xenonkungen.com\/dk\/vare\/lommelygte-eq-r10-4led\/","og_site_name":"Xenonkungen","article_modified_time":"2026-04-24T16:05:08+00:00","og_image":[{"width":300,"height":300,"url":"https:\/\/xenonkungen.com\/wp-content\/uploads\/2025\/04\/12959453-origpic-c641c0.jpg","type":"image\/jpeg"}],"twitter_card":"summary_large_image","twitter_misc":{"Estimeret l\u00e6setid":"1 minut"},"schema":{"@context":"https:\/\/schema.org","@graph":[{"@type":"WebPage","@id":"https:\/\/xenonkungen.com\/produkt\/blixtljus-eq-r10-4led\/","url":"https:\/\/xenonkungen.com\/produkt\/blixtljus-eq-r10-4led\/","name":"Lommelygte EQ R10 4LED - Xenonkungen","isPartOf":{"@id":"https:\/\/xenonkungen.com\/#website"},"primaryImageOfPage":{"@id":"https:\/\/xenonkungen.com\/produkt\/blixtljus-eq-r10-4led\/#primaryimage"},"image":{"@id":"https:\/\/xenonkungen.com\/produkt\/blixtljus-eq-r10-4led\/#primaryimage"},"thumbnailUrl":"https:\/\/xenonkungen.com\/wp-content\/uploads\/2025\/04\/12959453-origpic-c641c0.jpg","datePublished":"2025-04-15T09:04:47+00:00","dateModified":"2026-04-24T16:05:08+00:00","breadcrumb":{"@id":"https:\/\/xenonkungen.com\/produkt\/blixtljus-eq-r10-4led\/#breadcrumb"},"inLanguage":"da-DK","potentialAction":[{"@type":"ReadAction","target":["https:\/\/xenonkungen.com\/produkt\/blixtljus-eq-r10-4led\/"]}]},{"@type":"ImageObject","inLanguage":"da-DK","@id":"https:\/\/xenonkungen.com\/produkt\/blixtljus-eq-r10-4led\/#primaryimage","url":"https:\/\/xenonkungen.com\/wp-content\/uploads\/2025\/04\/12959453-origpic-c641c0.jpg","contentUrl":"https:\/\/xenonkungen.com\/wp-content\/uploads\/2025\/04\/12959453-origpic-c641c0.jpg","width":300,"height":300},{"@type":"BreadcrumbList","@id":"https:\/\/xenonkungen.com\/produkt\/blixtljus-eq-r10-4led\/#breadcrumb","itemListElement":[{"@type":"ListItem","position":1,"name":"Hem","item":"https:\/\/xenonkungen.com\/"},{"@type":"ListItem","position":2,"name":"Shop","item":"https:\/\/xenonkungen.com\/shop\/"},{"@type":"ListItem","position":3,"name":"Blixtljus EQ R10 4LED"}]},{"@type":"WebSite","@id":"https:\/\/xenonkungen.com\/#website","url":"https:\/\/xenonkungen.com\/","name":"Xenonkungen","description":"","potentialAction":[{"@type":"SearchAction","target":{"@type":"EntryPoint","urlTemplate":"https:\/\/xenonkungen.com\/?s={search_term_string}"},"query-input":{"@type":"PropertyValueSpecification","valueRequired":true,"valueName":"search_term_string"}}],"inLanguage":"da-DK"}]}},"taxonomy_info":{"product_cat":[{"value":3038,"label":"4LED"},{"value":2553,"label":"Blixtljus - Riktat varningsljus"},{"value":1061,"label":"Varningsljus"}],"pa_fuktskydd-varde-ipxx":[{"value":333,"label":"IP67"}],"pa_godkannande":[{"value":966,"label":"ECE, R10"}],"pa_storlek-mm":[{"value":1309,"label":"139x37x28"}],"pa_volt-v":[{"value":348,"label":"12, 24"}]},"featured_image_src_large":["https:\/\/xenonkungen.com\/wp-content\/uploads\/2025\/04\/12959453-origpic-c641c0.jpg",300,300,false],"author_info":[],"comment_info":0,"_links":{"self":[{"href":"https:\/\/xenonkungen.com\/dk\/wp-json\/wp\/v2\/product\/4027","targetHints":{"allow":["GET"]}}],"collection":[{"href":"https:\/\/xenonkungen.com\/dk\/wp-json\/wp\/v2\/product"}],"about":[{"href":"https:\/\/xenonkungen.com\/dk\/wp-json\/wp\/v2\/types\/product"}],"replies":[{"embeddable":true,"href":"https:\/\/xenonkungen.com\/dk\/wp-json\/wp\/v2\/comments?post=4027"}],"wp:featuredmedia":[{"embeddable":true,"href":"https:\/\/xenonkungen.com\/dk\/wp-json\/wp\/v2\/media\/4028"}],"wp:attachment":[{"href":"https:\/\/xenonkungen.com\/dk\/wp-json\/wp\/v2\/media?parent=4027"}],"wp:term":[{"taxonomy":"anvandningsomrade","embeddable":true,"href":"https:\/\/xenonkungen.com\/dk\/wp-json\/wp\/v2\/anvandningsomrade?post=4027"},{"taxonomy":"bilmarken","embeddable":true,"href":"https:\/\/xenonkungen.com\/dk\/wp-json\/wp\/v2\/bilmarken?post=4027"},{"taxonomy":"product_brand","embeddable":true,"href":"https:\/\/xenonkungen.com\/dk\/wp-json\/wp\/v2\/product_brand?post=4027"},{"taxonomy":"product_cat","embeddable":true,"href":"https:\/\/xenonkungen.com\/dk\/wp-json\/wp\/v2\/product_cat?post=4027"},{"taxonomy":"product_tag","embeddable":true,"href":"https:\/\/xenonkungen.com\/dk\/wp-json\/wp\/v2\/product_tag?post=4027"}],"curies":[{"name":"wp","href":"https:\/\/api.w.org\/{rel}","templated":true}]}}