{"id":4036,"date":"2025-04-15T09:04:47","date_gmt":"2025-04-15T09:04:47","guid":{"rendered":"https:\/\/xenonkungen.com\/product\/blixtljus-eq-4led-r10-vit\/"},"modified":"2026-04-24T17:05:15","modified_gmt":"2026-04-24T16:05:15","slug":"lommelygte-eq-4led-r10-hvid","status":"publish","type":"product","link":"https:\/\/xenonkungen.com\/dk\/vare\/lommelygte-eq-4led-r10-hvid\/","title":{"rendered":"Blinkende lys EQ 4LED R10 Hvid"},"content":{"rendered":"<div class=\"container\">\n<h1>Hvid LED-advarselslampe med brugerdefinerbare blinksekvenser<\/h1>\n<p>Denne EQ hvide LED-advarselslampe, udstyret med 25 valgbare blinksekvenser, er en h\u00f8jtydende enhed designet til at tilbyde optimal synlighed og driftssikkerhed.<\/p>\n<div class=\"features\">\n<h2>Kerneegenskaber:<\/h2>\n<ul>\n<li><span class=\"highlight\">25 valgbare lynsekvenser:<\/span> Giver fleksibilitet til at tilpasse advarselssignaler til specifikke behov.<\/li>\n<li><span class=\"highlight\">H\u00f8jintensitets 3Gen. diodelamper:<\/span> Fremragende optisk kvalitet for enest\u00e5ende synlighed og ydeevne.<\/li>\n<li><span class=\"highlight\">Vibrationsresistent og p\u00e5lidelig:<\/span> Designet til at modst\u00e5 de h\u00e5rdeste forhold.<\/li>\n<li><span class=\"highlight\">Fugtt\u00e6t:<\/span> Garanterer langvarig vedligeholdelsesfri brug under alle vejrforhold.<\/li>\n<li><span class=\"highlight\">Slidst\u00e6rk plade af polykarbonat og aluminium:<\/span> Giver \u00f8get holdbarhed og effektiv varmeafledning.<\/li>\n<li><span class=\"highlight\">EMC-godkendt:<\/span> Sikrer st\u00f8jfri drift i elektronikintensive milj\u00f8er.<\/li>\n<li><span class=\"highlight\">Synkroniseringskapacitet:<\/span> Mulighed for at synkronisere op til 10 enheder for koordinerede advarselssignaler.<\/li>\n<li><span class=\"highlight\">Hi\/Low Power-funktion:<\/span> Tillader tilpasning af lysstyrken for at \u00f8ge effektiviteten og tilpasse sig forskellige scenarier.<\/li>\n<\/ul>\n<\/div>\n<\/div>\n<p><strong>Garanti:<\/strong> 5 \u00e5r<\/p>\n<p><iframe loading=\"lazy\" height=\"314\" src=\"https:\/\/www.youtube.com\/embed\/uifLvlApbuU\" width=\"560\" allowfullscreen=\"allowfullscreen\"><\/iframe><\/p>","protected":false},"excerpt":{"rendered":"<p>Vit LED Varningslampa med Anpassningsbara Blixtsekvenser Denna EQ vit LED varningslampa, utrustad med 25 valbara blixtsekvenser, \u00e4r en h\u00f6gpresterande enhet designad f\u00f6r att erbjuda optimal synlighet och drifts\u00e4kerhet. K\u00e4rnegenskaper: 25 Valbara Blixtsekvenser: Ger flexibilitet att anpassa varningssignalerna efter specifika behov. H\u00f6gintensiva 3Gen. Diodlampor: Superb optisk kvalitet f\u00f6r exceptionell synlighet och prestanda. Vibrationst\u00e5lig och Drifts\u00e4ker: Designad [&hellip;]<\/p>","protected":false},"featured_media":4037,"comment_status":"closed","ping_status":"open","template":"","meta":{"_acf_changed":false,"_smort_price_nok":"844","_smort_price_dkk":"536","_smort_price_eur":"71.81","_smort_sale_price_nok":"","_smort_sale_price_dkk":"","_smort_sale_price_eur":"","smort_restorder":"","shipmondo_restorder":"","_kad_blocks_custom_css":"","_kad_blocks_head_custom_js":"","_kad_blocks_body_custom_js":"","_kad_blocks_footer_custom_js":"","smort_custom_pricelist_1":"442.4","smort_custom_pricelist_2":"442.4","smort_custom_pricelist_3":"420.28","smort_custom_pricelist_4":"632","smort_custom_pricelist_5":"442.4"},"anvandningsomrade":[],"bilmarken":[],"product_brand":[],"product_cat":[3038,2553,1061],"product_tag":[],"class_list":{"0":"post-4036","1":"product","2":"type-product","3":"status-publish","4":"has-post-thumbnail","6":"product_cat-4led-blixtljus","7":"product_cat-blixtljus-riktat-varningsljus","8":"product_cat-varningsljus","9":"pa_fuktskydd-varde-ipxx-ip67","10":"pa_godkannande-ece-r10","11":"pa_storlek-mm-139x37x28","12":"pa_volt-v-12-24","14":"first","15":"onbackorder","16":"taxable","17":"shipping-taxable","18":"purchasable","19":"product-type-simple"},"bundled_by":[],"bundle_stock_status":"onbackorder","bundle_stock_quantity":0,"bundle_virtual":false,"bundle_layout":"","bundle_add_to_cart_form_location":"","bundle_editable_in_cart":false,"bundle_sold_individually_context":"","bundle_item_grouping":"","bundle_min_size":"","bundle_max_size":"","bundle_price":[],"bundled_items":[],"bundle_sell_ids":[],"acf":[],"yoast_head":"<!-- This site is optimized with the Yoast SEO plugin v27.0 - https:\/\/yoast.com\/product\/yoast-seo-wordpress\/ -->\n<title>Blixtljus EQ 4LED R10 Vit - Xenonkungen<\/title>\n<meta name=\"robots\" content=\"index, follow, max-snippet:-1, max-image-preview:large, max-video-preview:-1\" \/>\n<link rel=\"canonical\" href=\"https:\/\/xenonkungen.com\/dk\/vare\/lommelygte-eq-4led-r10-hvid\/\" \/>\n<meta property=\"og:locale\" content=\"da_DK\" \/>\n<meta property=\"og:type\" content=\"article\" \/>\n<meta property=\"og:title\" content=\"Blixtljus EQ 4LED R10 Vit - Xenonkungen\" \/>\n<meta property=\"og:description\" content=\"Vit LED Varningslampa med Anpassningsbara Blixtsekvenser Denna EQ vit LED varningslampa, utrustad med 25 valbara blixtsekvenser, \u00e4r en h\u00f6gpresterande enhet designad f\u00f6r att erbjuda optimal synlighet och drifts\u00e4kerhet. K\u00e4rnegenskaper: 25 Valbara Blixtsekvenser: Ger flexibilitet att anpassa varningssignalerna efter specifika behov. H\u00f6gintensiva 3Gen. Diodlampor: Superb optisk kvalitet f\u00f6r exceptionell synlighet och prestanda. Vibrationst\u00e5lig och Drifts\u00e4ker: Designad [&hellip;]\" \/>\n<meta property=\"og:url\" content=\"https:\/\/xenonkungen.com\/dk\/vare\/lommelygte-eq-4led-r10-hvid\/\" \/>\n<meta property=\"og:site_name\" content=\"Xenonkungen\" \/>\n<meta property=\"article:modified_time\" content=\"2026-04-24T16:05:15+00:00\" \/>\n<meta property=\"og:image\" content=\"https:\/\/xenonkungen.com\/wp-content\/uploads\/2025\/04\/12959545-origpic-512624.jpg\" \/>\n\t<meta property=\"og:image:width\" content=\"300\" \/>\n\t<meta property=\"og:image:height\" content=\"300\" \/>\n\t<meta property=\"og:image:type\" content=\"image\/jpeg\" \/>\n<meta name=\"twitter:card\" content=\"summary_large_image\" \/>\n<meta name=\"twitter:label1\" content=\"Estimeret l\u00e6setid\" \/>\n\t<meta name=\"twitter:data1\" content=\"1 minut\" \/>\n<script type=\"application\/ld+json\" class=\"yoast-schema-graph\">{\"@context\":\"https:\/\/schema.org\",\"@graph\":[{\"@type\":\"WebPage\",\"@id\":\"https:\/\/xenonkungen.com\/fi\/tuote\/taskulamppu-eq-4led-r10-valkoinen\/\",\"url\":\"https:\/\/xenonkungen.com\/fi\/tuote\/taskulamppu-eq-4led-r10-valkoinen\/\",\"name\":\"Blixtljus EQ 4LED R10 Vit - Xenonkungen\",\"isPartOf\":{\"@id\":\"https:\/\/xenonkungen.com\/#website\"},\"primaryImageOfPage\":{\"@id\":\"https:\/\/xenonkungen.com\/fi\/tuote\/taskulamppu-eq-4led-r10-valkoinen\/#primaryimage\"},\"image\":{\"@id\":\"https:\/\/xenonkungen.com\/fi\/tuote\/taskulamppu-eq-4led-r10-valkoinen\/#primaryimage\"},\"thumbnailUrl\":\"https:\/\/xenonkungen.com\/wp-content\/uploads\/2025\/04\/12959545-origpic-512624.jpg\",\"datePublished\":\"2025-04-15T09:04:47+00:00\",\"dateModified\":\"2026-04-24T16:05:15+00:00\",\"breadcrumb\":{\"@id\":\"https:\/\/xenonkungen.com\/fi\/tuote\/taskulamppu-eq-4led-r10-valkoinen\/#breadcrumb\"},\"inLanguage\":\"da-DK\",\"potentialAction\":[{\"@type\":\"ReadAction\",\"target\":[\"https:\/\/xenonkungen.com\/fi\/tuote\/taskulamppu-eq-4led-r10-valkoinen\/\"]}]},{\"@type\":\"ImageObject\",\"inLanguage\":\"da-DK\",\"@id\":\"https:\/\/xenonkungen.com\/fi\/tuote\/taskulamppu-eq-4led-r10-valkoinen\/#primaryimage\",\"url\":\"https:\/\/xenonkungen.com\/wp-content\/uploads\/2025\/04\/12959545-origpic-512624.jpg\",\"contentUrl\":\"https:\/\/xenonkungen.com\/wp-content\/uploads\/2025\/04\/12959545-origpic-512624.jpg\",\"width\":300,\"height\":300},{\"@type\":\"BreadcrumbList\",\"@id\":\"https:\/\/xenonkungen.com\/fi\/tuote\/taskulamppu-eq-4led-r10-valkoinen\/#breadcrumb\",\"itemListElement\":[{\"@type\":\"ListItem\",\"position\":1,\"name\":\"Hem\",\"item\":\"https:\/\/xenonkungen.com\/\"},{\"@type\":\"ListItem\",\"position\":2,\"name\":\"Shop\",\"item\":\"https:\/\/xenonkungen.com\/shop\/\"},{\"@type\":\"ListItem\",\"position\":3,\"name\":\"Blixtljus EQ 4LED R10 Vit\"}]},{\"@type\":\"WebSite\",\"@id\":\"https:\/\/xenonkungen.com\/#website\",\"url\":\"https:\/\/xenonkungen.com\/\",\"name\":\"Xenonkungen\",\"description\":\"\",\"potentialAction\":[{\"@type\":\"SearchAction\",\"target\":{\"@type\":\"EntryPoint\",\"urlTemplate\":\"https:\/\/xenonkungen.com\/?s={search_term_string}\"},\"query-input\":{\"@type\":\"PropertyValueSpecification\",\"valueRequired\":true,\"valueName\":\"search_term_string\"}}],\"inLanguage\":\"da-DK\"}]}<\/script>\n<!-- \/ Yoast SEO plugin. -->","yoast_head_json":{"title":"Lommelygte EQ 4LED R10 Hvid - Xenonkungen","robots":{"index":"index","follow":"follow","max-snippet":"max-snippet:-1","max-image-preview":"max-image-preview:large","max-video-preview":"max-video-preview:-1"},"canonical":"https:\/\/xenonkungen.com\/dk\/vare\/lommelygte-eq-4led-r10-hvid\/","og_locale":"da_DK","og_type":"article","og_title":"Blixtljus EQ 4LED R10 Vit - Xenonkungen","og_description":"Vit LED Varningslampa med Anpassningsbara Blixtsekvenser Denna EQ vit LED varningslampa, utrustad med 25 valbara blixtsekvenser, \u00e4r en h\u00f6gpresterande enhet designad f\u00f6r att erbjuda optimal synlighet och drifts\u00e4kerhet. K\u00e4rnegenskaper: 25 Valbara Blixtsekvenser: Ger flexibilitet att anpassa varningssignalerna efter specifika behov. H\u00f6gintensiva 3Gen. Diodlampor: Superb optisk kvalitet f\u00f6r exceptionell synlighet och prestanda. Vibrationst\u00e5lig och Drifts\u00e4ker: Designad [&hellip;]","og_url":"https:\/\/xenonkungen.com\/dk\/vare\/lommelygte-eq-4led-r10-hvid\/","og_site_name":"Xenonkungen","article_modified_time":"2026-04-24T16:05:15+00:00","og_image":[{"width":300,"height":300,"url":"https:\/\/xenonkungen.com\/wp-content\/uploads\/2025\/04\/12959545-origpic-512624.jpg","type":"image\/jpeg"}],"twitter_card":"summary_large_image","twitter_misc":{"Estimeret l\u00e6setid":"1 minut"},"schema":{"@context":"https:\/\/schema.org","@graph":[{"@type":"WebPage","@id":"https:\/\/xenonkungen.com\/fi\/tuote\/taskulamppu-eq-4led-r10-valkoinen\/","url":"https:\/\/xenonkungen.com\/fi\/tuote\/taskulamppu-eq-4led-r10-valkoinen\/","name":"Lommelygte EQ 4LED R10 Hvid - Xenonkungen","isPartOf":{"@id":"https:\/\/xenonkungen.com\/#website"},"primaryImageOfPage":{"@id":"https:\/\/xenonkungen.com\/fi\/tuote\/taskulamppu-eq-4led-r10-valkoinen\/#primaryimage"},"image":{"@id":"https:\/\/xenonkungen.com\/fi\/tuote\/taskulamppu-eq-4led-r10-valkoinen\/#primaryimage"},"thumbnailUrl":"https:\/\/xenonkungen.com\/wp-content\/uploads\/2025\/04\/12959545-origpic-512624.jpg","datePublished":"2025-04-15T09:04:47+00:00","dateModified":"2026-04-24T16:05:15+00:00","breadcrumb":{"@id":"https:\/\/xenonkungen.com\/fi\/tuote\/taskulamppu-eq-4led-r10-valkoinen\/#breadcrumb"},"inLanguage":"da-DK","potentialAction":[{"@type":"ReadAction","target":["https:\/\/xenonkungen.com\/fi\/tuote\/taskulamppu-eq-4led-r10-valkoinen\/"]}]},{"@type":"ImageObject","inLanguage":"da-DK","@id":"https:\/\/xenonkungen.com\/fi\/tuote\/taskulamppu-eq-4led-r10-valkoinen\/#primaryimage","url":"https:\/\/xenonkungen.com\/wp-content\/uploads\/2025\/04\/12959545-origpic-512624.jpg","contentUrl":"https:\/\/xenonkungen.com\/wp-content\/uploads\/2025\/04\/12959545-origpic-512624.jpg","width":300,"height":300},{"@type":"BreadcrumbList","@id":"https:\/\/xenonkungen.com\/fi\/tuote\/taskulamppu-eq-4led-r10-valkoinen\/#breadcrumb","itemListElement":[{"@type":"ListItem","position":1,"name":"Hem","item":"https:\/\/xenonkungen.com\/"},{"@type":"ListItem","position":2,"name":"Shop","item":"https:\/\/xenonkungen.com\/shop\/"},{"@type":"ListItem","position":3,"name":"Blixtljus EQ 4LED R10 Vit"}]},{"@type":"WebSite","@id":"https:\/\/xenonkungen.com\/#website","url":"https:\/\/xenonkungen.com\/","name":"Xenonkungen","description":"","potentialAction":[{"@type":"SearchAction","target":{"@type":"EntryPoint","urlTemplate":"https:\/\/xenonkungen.com\/?s={search_term_string}"},"query-input":{"@type":"PropertyValueSpecification","valueRequired":true,"valueName":"search_term_string"}}],"inLanguage":"da-DK"}]}},"taxonomy_info":{"product_cat":[{"value":3038,"label":"4LED"},{"value":2553,"label":"Blixtljus - Riktat varningsljus"},{"value":1061,"label":"Varningsljus"}],"pa_fuktskydd-varde-ipxx":[{"value":333,"label":"IP67"}],"pa_godkannande":[{"value":966,"label":"ECE, R10"}],"pa_storlek-mm":[{"value":1309,"label":"139x37x28"}],"pa_volt-v":[{"value":348,"label":"12, 24"}]},"featured_image_src_large":["https:\/\/xenonkungen.com\/wp-content\/uploads\/2025\/04\/12959545-origpic-512624.jpg",300,300,false],"author_info":[],"comment_info":0,"_links":{"self":[{"href":"https:\/\/xenonkungen.com\/dk\/wp-json\/wp\/v2\/product\/4036","targetHints":{"allow":["GET"]}}],"collection":[{"href":"https:\/\/xenonkungen.com\/dk\/wp-json\/wp\/v2\/product"}],"about":[{"href":"https:\/\/xenonkungen.com\/dk\/wp-json\/wp\/v2\/types\/product"}],"replies":[{"embeddable":true,"href":"https:\/\/xenonkungen.com\/dk\/wp-json\/wp\/v2\/comments?post=4036"}],"wp:featuredmedia":[{"embeddable":true,"href":"https:\/\/xenonkungen.com\/dk\/wp-json\/wp\/v2\/media\/4037"}],"wp:attachment":[{"href":"https:\/\/xenonkungen.com\/dk\/wp-json\/wp\/v2\/media?parent=4036"}],"wp:term":[{"taxonomy":"anvandningsomrade","embeddable":true,"href":"https:\/\/xenonkungen.com\/dk\/wp-json\/wp\/v2\/anvandningsomrade?post=4036"},{"taxonomy":"bilmarken","embeddable":true,"href":"https:\/\/xenonkungen.com\/dk\/wp-json\/wp\/v2\/bilmarken?post=4036"},{"taxonomy":"product_brand","embeddable":true,"href":"https:\/\/xenonkungen.com\/dk\/wp-json\/wp\/v2\/product_brand?post=4036"},{"taxonomy":"product_cat","embeddable":true,"href":"https:\/\/xenonkungen.com\/dk\/wp-json\/wp\/v2\/product_cat?post=4036"},{"taxonomy":"product_tag","embeddable":true,"href":"https:\/\/xenonkungen.com\/dk\/wp-json\/wp\/v2\/product_tag?post=4036"}],"curies":[{"name":"wp","href":"https:\/\/api.w.org\/{rel}","templated":true}]}}