{"id":4042,"date":"2025-04-15T09:04:51","date_gmt":"2025-04-15T09:04:51","guid":{"rendered":"https:\/\/xenonkungen.com\/product\/blixtljus-eq-8led-r10-bla\/"},"modified":"2026-04-24T17:05:19","modified_gmt":"2026-04-24T16:05:19","slug":"lommelygte-eq-8led-r10-bla","status":"publish","type":"product","link":"https:\/\/xenonkungen.com\/dk\/vare\/lommelygte-eq-8led-r10-bla\/","title":{"rendered":"Blinkende lys EQ 8LED R10 Bl\u00e5"},"content":{"rendered":"<div class=\"container\">\n<h1>Bl\u00e5 LED-advarselslampe med avancerede funktioner<\/h1>\n<p>Denne bl\u00e5 LED-advarselslampe er en h\u00f8jtydende sikkerhedsanordning med 26 valgbare blinksekvenser, der er udstyret med den nyeste teknologi for at garantere optimal synlighed og driftssikkerhed.<\/p>\n<div class=\"features\">\n<h2>Vigtigste egenskaber:<\/h2>\n<ul>\n<li><span class=\"highlight\">26 Valgbare lynsekvenser:<\/span> Fleksibilitet til at tilpasse advarselssignalerne efter behov.<\/li>\n<li><span class=\"highlight\">H\u00f8jintensitets 3Gen. diodelamper:<\/span> Fremragende optisk kvalitet, der giver et godt udsyn.<\/li>\n<li><span class=\"highlight\">Vibrationsresistent og p\u00e5lidelig:<\/span> Designet til at modst\u00e5 barske forhold og levere langvarig ydelse.<\/li>\n<li><span class=\"highlight\">Fugtsikker konstruktion:<\/span> Sikrer mange \u00e5rs servicefri drift.<\/li>\n<li><span class=\"highlight\">Slidst\u00e6rk plade af polykarbonat og aluminium:<\/span> For \u00f8get b\u00e6redygtighed og effektiv varmeafledning.<\/li>\n<li><span class=\"highlight\">EMC-godkendt:<\/span> For problemfri drift, selv i k\u00f8ret\u00f8jer med meget elektronik.<\/li>\n<li><span class=\"highlight\">Synkroniseringskapacitet:<\/span> Mulighed for at synkronisere op til 10 enheder for en koordineret advarselseffekt.<\/li>\n<li><span class=\"highlight\">Hi\/Low Power-funktion:<\/span> Giver mulighed for at justere lysstyrken for energieffektivitet og tilpasning til forskellige scenarier.<\/li>\n<\/ul>\n<\/div>\n<\/div>\n<p><strong>Garanti:<\/strong> 5 \u00e5r<\/p>\n<p><iframe loading=\"lazy\" height=\"314\" src=\"https:\/\/www.youtube.com\/embed\/uifLvlApbuU\" width=\"560\" allowfullscreen=\"allowfullscreen\"><\/iframe><\/p>","protected":false},"excerpt":{"rendered":"<p>Bl\u00e5 LED Varningslampa med Avancerade Funktioner Denna bl\u00e5 LED varningslampa \u00e4r en h\u00f6gpresterande s\u00e4kerhetsenhet med 26 valbara blixtsekvenser, utrustad med den senaste teknologin f\u00f6r att garantera optimal synlighet och drifts\u00e4kerhet. Huvudegenskaper: 26 Valbara Blixtsekvenser: Flexibilitet f\u00f6r att anpassa varningssignalerna efter behov. H\u00f6gintensiva 3Gen. Diodlampor: Erbjuder superb optisk kvalitet f\u00f6r utm\u00e4rkt synlighet. Vibrationst\u00e5liga och Drifts\u00e4kra: Designade [&hellip;]<\/p>","protected":false},"featured_media":4043,"comment_status":"closed","ping_status":"open","template":"","meta":{"_acf_changed":false,"_smort_price_nok":"1410","_smort_price_dkk":"896","_smort_price_eur":"119.99","_smort_sale_price_nok":"","_smort_sale_price_dkk":"","_smort_sale_price_eur":"","smort_restorder":"","shipmondo_restorder":"","_kad_blocks_custom_css":"","_kad_blocks_head_custom_js":"","_kad_blocks_body_custom_js":"","_kad_blocks_footer_custom_js":"","smort_custom_pricelist_1":"739.2","smort_custom_pricelist_2":"739.2","smort_custom_pricelist_3":"702.24","smort_custom_pricelist_4":"1056","smort_custom_pricelist_5":"739.2"},"anvandningsomrade":[],"bilmarken":[],"product_brand":[],"product_cat":[3039,2553,1061],"product_tag":[],"class_list":{"0":"post-4042","1":"product","2":"type-product","3":"status-publish","4":"has-post-thumbnail","6":"product_cat-8led-blixtljus","7":"product_cat-blixtljus-riktat-varningsljus","8":"product_cat-varningsljus","9":"pa_fuktskydd-varde-ipxx-ip67","10":"pa_godkannande-ece-r10","11":"pa_storlek-mm-110x28x50","12":"pa_volt-v-12-24","14":"first","15":"onbackorder","16":"taxable","17":"shipping-taxable","18":"purchasable","19":"product-type-simple"},"bundled_by":[],"bundle_stock_status":"onbackorder","bundle_stock_quantity":0,"bundle_virtual":false,"bundle_layout":"","bundle_add_to_cart_form_location":"","bundle_editable_in_cart":false,"bundle_sold_individually_context":"","bundle_item_grouping":"","bundle_min_size":"","bundle_max_size":"","bundle_price":[],"bundled_items":[],"bundle_sell_ids":[],"acf":[],"yoast_head":"<!-- This site is optimized with the Yoast SEO plugin v27.0 - https:\/\/yoast.com\/product\/yoast-seo-wordpress\/ -->\n<title>Blixtljus EQ 8LED R10 Bl\u00e5 - Xenonkungen<\/title>\n<meta name=\"robots\" content=\"index, follow, max-snippet:-1, max-image-preview:large, max-video-preview:-1\" \/>\n<link rel=\"canonical\" href=\"https:\/\/xenonkungen.com\/dk\/vare\/lommelygte-eq-8led-r10-bla\/\" \/>\n<meta property=\"og:locale\" content=\"da_DK\" \/>\n<meta property=\"og:type\" content=\"article\" \/>\n<meta property=\"og:title\" content=\"Blixtljus EQ 8LED R10 Bl\u00e5 - Xenonkungen\" \/>\n<meta property=\"og:description\" content=\"Bl\u00e5 LED Varningslampa med Avancerade Funktioner Denna bl\u00e5 LED varningslampa \u00e4r en h\u00f6gpresterande s\u00e4kerhetsenhet med 26 valbara blixtsekvenser, utrustad med den senaste teknologin f\u00f6r att garantera optimal synlighet och drifts\u00e4kerhet. Huvudegenskaper: 26 Valbara Blixtsekvenser: Flexibilitet f\u00f6r att anpassa varningssignalerna efter behov. H\u00f6gintensiva 3Gen. Diodlampor: Erbjuder superb optisk kvalitet f\u00f6r utm\u00e4rkt synlighet. Vibrationst\u00e5liga och Drifts\u00e4kra: Designade [&hellip;]\" \/>\n<meta property=\"og:url\" content=\"https:\/\/xenonkungen.com\/dk\/vare\/lommelygte-eq-8led-r10-bla\/\" \/>\n<meta property=\"og:site_name\" content=\"Xenonkungen\" \/>\n<meta property=\"article:modified_time\" content=\"2026-04-24T16:05:19+00:00\" \/>\n<meta property=\"og:image\" content=\"https:\/\/xenonkungen.com\/wp-content\/uploads\/2025\/04\/12959650-origpic-ca69c0.jpg\" \/>\n\t<meta property=\"og:image:width\" content=\"300\" \/>\n\t<meta property=\"og:image:height\" content=\"300\" \/>\n\t<meta property=\"og:image:type\" content=\"image\/jpeg\" \/>\n<meta name=\"twitter:card\" content=\"summary_large_image\" \/>\n<meta name=\"twitter:label1\" content=\"Estimeret l\u00e6setid\" \/>\n\t<meta name=\"twitter:data1\" content=\"1 minut\" \/>\n<script type=\"application\/ld+json\" class=\"yoast-schema-graph\">{\"@context\":\"https:\/\/schema.org\",\"@graph\":[{\"@type\":\"WebPage\",\"@id\":\"https:\/\/xenonkungen.com\/produkt\/blixtljus-eq-8led-r10-bla\/\",\"url\":\"https:\/\/xenonkungen.com\/produkt\/blixtljus-eq-8led-r10-bla\/\",\"name\":\"Blixtljus EQ 8LED R10 Bl\u00e5 - Xenonkungen\",\"isPartOf\":{\"@id\":\"https:\/\/xenonkungen.com\/#website\"},\"primaryImageOfPage\":{\"@id\":\"https:\/\/xenonkungen.com\/produkt\/blixtljus-eq-8led-r10-bla\/#primaryimage\"},\"image\":{\"@id\":\"https:\/\/xenonkungen.com\/produkt\/blixtljus-eq-8led-r10-bla\/#primaryimage\"},\"thumbnailUrl\":\"https:\/\/xenonkungen.com\/wp-content\/uploads\/2025\/04\/12959650-origpic-ca69c0.jpg\",\"datePublished\":\"2025-04-15T09:04:51+00:00\",\"dateModified\":\"2026-04-24T16:05:19+00:00\",\"breadcrumb\":{\"@id\":\"https:\/\/xenonkungen.com\/produkt\/blixtljus-eq-8led-r10-bla\/#breadcrumb\"},\"inLanguage\":\"da-DK\",\"potentialAction\":[{\"@type\":\"ReadAction\",\"target\":[\"https:\/\/xenonkungen.com\/produkt\/blixtljus-eq-8led-r10-bla\/\"]}]},{\"@type\":\"ImageObject\",\"inLanguage\":\"da-DK\",\"@id\":\"https:\/\/xenonkungen.com\/produkt\/blixtljus-eq-8led-r10-bla\/#primaryimage\",\"url\":\"https:\/\/xenonkungen.com\/wp-content\/uploads\/2025\/04\/12959650-origpic-ca69c0.jpg\",\"contentUrl\":\"https:\/\/xenonkungen.com\/wp-content\/uploads\/2025\/04\/12959650-origpic-ca69c0.jpg\",\"width\":300,\"height\":300},{\"@type\":\"BreadcrumbList\",\"@id\":\"https:\/\/xenonkungen.com\/produkt\/blixtljus-eq-8led-r10-bla\/#breadcrumb\",\"itemListElement\":[{\"@type\":\"ListItem\",\"position\":1,\"name\":\"Hem\",\"item\":\"https:\/\/xenonkungen.com\/\"},{\"@type\":\"ListItem\",\"position\":2,\"name\":\"Shop\",\"item\":\"https:\/\/xenonkungen.com\/shop\/\"},{\"@type\":\"ListItem\",\"position\":3,\"name\":\"Blixtljus EQ 8LED R10 Bl\u00e5\"}]},{\"@type\":\"WebSite\",\"@id\":\"https:\/\/xenonkungen.com\/#website\",\"url\":\"https:\/\/xenonkungen.com\/\",\"name\":\"Xenonkungen\",\"description\":\"\",\"potentialAction\":[{\"@type\":\"SearchAction\",\"target\":{\"@type\":\"EntryPoint\",\"urlTemplate\":\"https:\/\/xenonkungen.com\/?s={search_term_string}\"},\"query-input\":{\"@type\":\"PropertyValueSpecification\",\"valueRequired\":true,\"valueName\":\"search_term_string\"}}],\"inLanguage\":\"da-DK\"}]}<\/script>\n<!-- \/ Yoast SEO plugin. -->","yoast_head_json":{"title":"Lommelygte EQ 8LED R10 Bl\u00e5 - Xenonkungen","robots":{"index":"index","follow":"follow","max-snippet":"max-snippet:-1","max-image-preview":"max-image-preview:large","max-video-preview":"max-video-preview:-1"},"canonical":"https:\/\/xenonkungen.com\/dk\/vare\/lommelygte-eq-8led-r10-bla\/","og_locale":"da_DK","og_type":"article","og_title":"Blixtljus EQ 8LED R10 Bl\u00e5 - Xenonkungen","og_description":"Bl\u00e5 LED Varningslampa med Avancerade Funktioner Denna bl\u00e5 LED varningslampa \u00e4r en h\u00f6gpresterande s\u00e4kerhetsenhet med 26 valbara blixtsekvenser, utrustad med den senaste teknologin f\u00f6r att garantera optimal synlighet och drifts\u00e4kerhet. Huvudegenskaper: 26 Valbara Blixtsekvenser: Flexibilitet f\u00f6r att anpassa varningssignalerna efter behov. H\u00f6gintensiva 3Gen. Diodlampor: Erbjuder superb optisk kvalitet f\u00f6r utm\u00e4rkt synlighet. Vibrationst\u00e5liga och Drifts\u00e4kra: Designade [&hellip;]","og_url":"https:\/\/xenonkungen.com\/dk\/vare\/lommelygte-eq-8led-r10-bla\/","og_site_name":"Xenonkungen","article_modified_time":"2026-04-24T16:05:19+00:00","og_image":[{"width":300,"height":300,"url":"https:\/\/xenonkungen.com\/wp-content\/uploads\/2025\/04\/12959650-origpic-ca69c0.jpg","type":"image\/jpeg"}],"twitter_card":"summary_large_image","twitter_misc":{"Estimeret l\u00e6setid":"1 minut"},"schema":{"@context":"https:\/\/schema.org","@graph":[{"@type":"WebPage","@id":"https:\/\/xenonkungen.com\/produkt\/blixtljus-eq-8led-r10-bla\/","url":"https:\/\/xenonkungen.com\/produkt\/blixtljus-eq-8led-r10-bla\/","name":"Lommelygte EQ 8LED R10 Bl\u00e5 - Xenonkungen","isPartOf":{"@id":"https:\/\/xenonkungen.com\/#website"},"primaryImageOfPage":{"@id":"https:\/\/xenonkungen.com\/produkt\/blixtljus-eq-8led-r10-bla\/#primaryimage"},"image":{"@id":"https:\/\/xenonkungen.com\/produkt\/blixtljus-eq-8led-r10-bla\/#primaryimage"},"thumbnailUrl":"https:\/\/xenonkungen.com\/wp-content\/uploads\/2025\/04\/12959650-origpic-ca69c0.jpg","datePublished":"2025-04-15T09:04:51+00:00","dateModified":"2026-04-24T16:05:19+00:00","breadcrumb":{"@id":"https:\/\/xenonkungen.com\/produkt\/blixtljus-eq-8led-r10-bla\/#breadcrumb"},"inLanguage":"da-DK","potentialAction":[{"@type":"ReadAction","target":["https:\/\/xenonkungen.com\/produkt\/blixtljus-eq-8led-r10-bla\/"]}]},{"@type":"ImageObject","inLanguage":"da-DK","@id":"https:\/\/xenonkungen.com\/produkt\/blixtljus-eq-8led-r10-bla\/#primaryimage","url":"https:\/\/xenonkungen.com\/wp-content\/uploads\/2025\/04\/12959650-origpic-ca69c0.jpg","contentUrl":"https:\/\/xenonkungen.com\/wp-content\/uploads\/2025\/04\/12959650-origpic-ca69c0.jpg","width":300,"height":300},{"@type":"BreadcrumbList","@id":"https:\/\/xenonkungen.com\/produkt\/blixtljus-eq-8led-r10-bla\/#breadcrumb","itemListElement":[{"@type":"ListItem","position":1,"name":"Hem","item":"https:\/\/xenonkungen.com\/"},{"@type":"ListItem","position":2,"name":"Shop","item":"https:\/\/xenonkungen.com\/shop\/"},{"@type":"ListItem","position":3,"name":"Blixtljus EQ 8LED R10 Bl\u00e5"}]},{"@type":"WebSite","@id":"https:\/\/xenonkungen.com\/#website","url":"https:\/\/xenonkungen.com\/","name":"Xenonkungen","description":"","potentialAction":[{"@type":"SearchAction","target":{"@type":"EntryPoint","urlTemplate":"https:\/\/xenonkungen.com\/?s={search_term_string}"},"query-input":{"@type":"PropertyValueSpecification","valueRequired":true,"valueName":"search_term_string"}}],"inLanguage":"da-DK"}]}},"taxonomy_info":{"product_cat":[{"value":3039,"label":"8LED"},{"value":2553,"label":"Blixtljus - Riktat varningsljus"},{"value":1061,"label":"Varningsljus"}],"pa_fuktskydd-varde-ipxx":[{"value":333,"label":"IP67"}],"pa_godkannande":[{"value":966,"label":"ECE, R10"}],"pa_storlek-mm":[{"value":1310,"label":"110x28x50"}],"pa_volt-v":[{"value":348,"label":"12, 24"}]},"featured_image_src_large":["https:\/\/xenonkungen.com\/wp-content\/uploads\/2025\/04\/12959650-origpic-ca69c0.jpg",300,300,false],"author_info":[],"comment_info":0,"_links":{"self":[{"href":"https:\/\/xenonkungen.com\/dk\/wp-json\/wp\/v2\/product\/4042","targetHints":{"allow":["GET"]}}],"collection":[{"href":"https:\/\/xenonkungen.com\/dk\/wp-json\/wp\/v2\/product"}],"about":[{"href":"https:\/\/xenonkungen.com\/dk\/wp-json\/wp\/v2\/types\/product"}],"replies":[{"embeddable":true,"href":"https:\/\/xenonkungen.com\/dk\/wp-json\/wp\/v2\/comments?post=4042"}],"wp:featuredmedia":[{"embeddable":true,"href":"https:\/\/xenonkungen.com\/dk\/wp-json\/wp\/v2\/media\/4043"}],"wp:attachment":[{"href":"https:\/\/xenonkungen.com\/dk\/wp-json\/wp\/v2\/media?parent=4042"}],"wp:term":[{"taxonomy":"anvandningsomrade","embeddable":true,"href":"https:\/\/xenonkungen.com\/dk\/wp-json\/wp\/v2\/anvandningsomrade?post=4042"},{"taxonomy":"bilmarken","embeddable":true,"href":"https:\/\/xenonkungen.com\/dk\/wp-json\/wp\/v2\/bilmarken?post=4042"},{"taxonomy":"product_brand","embeddable":true,"href":"https:\/\/xenonkungen.com\/dk\/wp-json\/wp\/v2\/product_brand?post=4042"},{"taxonomy":"product_cat","embeddable":true,"href":"https:\/\/xenonkungen.com\/dk\/wp-json\/wp\/v2\/product_cat?post=4042"},{"taxonomy":"product_tag","embeddable":true,"href":"https:\/\/xenonkungen.com\/dk\/wp-json\/wp\/v2\/product_tag?post=4042"}],"curies":[{"name":"wp","href":"https:\/\/api.w.org\/{rel}","templated":true}]}}