{"id":4230,"date":"2025-04-15T09:08:12","date_gmt":"2025-04-15T09:08:12","guid":{"rendered":"https:\/\/xenonkungen.com\/product\/pt-lazer-linear-18-elite-pos-m-faste-canbus-volvo-highbeam\/"},"modified":"2026-04-24T17:24:10","modified_gmt":"2026-04-24T16:24:10","slug":"pt-lazer-lineaer-18-elite-pos-m-fast-canbus-volvo-fjernlys","status":"publish","type":"product","link":"https:\/\/xenonkungen.com\/dk\/vare\/pt-lazer-lineaer-18-elite-pos-m-fast-canbus-volvo-fjernlys\/","title":{"rendered":"PT-Lazer Linear 18 Elite pos m. beslag &amp; Canbus Volvo Highbeam"},"content":{"rendered":"<h1>Linear by Lazers: Ekstra lette ramper af h\u00f8jeste kvalitet til hverdagsbrug<\/h1>\n<p>Linear-serien fra Lazers tilbyder ekstralygter af h\u00f8j kvalitet til hverdagsbrug. V\u00e6lg mellem Standard- og Elite-versioner, og oplev en kombination af h\u00f8jtydende lys og aerodynamisk design. Disse lette og slanke ramper leverer fremragende vejbelysning og kan nemt monteres med de medf\u00f8lgende beslag i rustfrit st\u00e5l.<\/p>\n<h2>Fleksibel montering og slankt design<\/h2>\n<p>Linear Standard-ramper f\u00e5s i seks forskellige l\u00e6ngder, mellem 232 og 1282 mm, med en h\u00f8jde og dybde p\u00e5 kun henholdsvis 40 mm og 62 mm. Deres kompakte st\u00f8rrelse g\u00f8r dem ideelle til installation selv p\u00e5 trange steder.<\/p>\n<h2>Optimal lysydelse<\/h2>\n<p>Hver rampe i Linear-serien er udstyret med 3W LED'er af h\u00f8j kvalitet bag en ubrydelig polykarbonatlinse, som er belagt for effektivt at afvise sne og snavs og bevare lysudbyttet.<\/p>\n<h2>Let og holdbar<\/h2>\n<p>De lette lygtehuse i aluminium og de slanke dimensioner holder rampernes v\u00e6gt p\u00e5 et minimum. Det aerodynamiske design g\u00f8r, at ramperne passer optimalt ind, uanset om du v\u00e6lger at montere dem foran eller p\u00e5 taget af bilen.<\/p>\n<h2>Line\u00e6r standard: En rampe til fremtiden<\/h2>\n<p>Med Linear Standard kan du regne med p\u00e5lidelig vejbelysning i lang tid fremover!<\/p>\n<p>Linear Standard hj\u00e6lpelysst\u00e6nger leveres med 5 \u00e5rs funktionsgaranti. Sikkerhed og p\u00e5lidelighed i lang tid fremover!<\/p>","protected":false},"excerpt":{"rendered":"<p>Linear av Lazers: Extraljusramper av H\u00f6gsta Kvalitet f\u00f6r Dagligt Bruk Linear-serien fr\u00e5n Lazers erbjuder h\u00f6gklassiga extraljusramper f\u00f6r dagligt bruk. V\u00e4lj mellan Standard och Elite-utf\u00f6rande och upplev en kombination av topprestanda ljus och aerodynamisk design. Dessa l\u00e4tta och slimmade ramper, som levererar enast\u00e5ende v\u00e4gbelysning, kan monteras enkelt med de medf\u00f6ljande rostfria f\u00e4stena. Flexibel Montering och Slank [&hellip;]<\/p>","protected":false},"featured_media":4231,"comment_status":"closed","ping_status":"open","template":"","meta":{"_acf_changed":false,"_smort_price_nok":"10788","_smort_price_dkk":"6853","_smort_price_eur":"918.14","_smort_sale_price_nok":"","_smort_sale_price_dkk":"","_smort_sale_price_eur":"","smort_restorder":"","shipmondo_restorder":"","_kad_blocks_custom_css":"","_kad_blocks_head_custom_js":"","_kad_blocks_body_custom_js":"","_kad_blocks_footer_custom_js":"","smort_custom_pricelist_1":"7734.4","smort_custom_pricelist_2":"7734.4","smort_custom_pricelist_3":"7734.4","smort_custom_pricelist_4":"9668","smort_custom_pricelist_5":"7734.4"},"anvandningsomrade":[],"bilmarken":[],"product_brand":[1124],"product_cat":[2539,2596],"product_tag":[2735],"class_list":{"0":"post-4230","1":"product","2":"type-product","3":"status-publish","4":"has-post-thumbnail","6":"product_brand-lazer","7":"product_cat-ledramper","8":"product_cat-paket","9":"product_tag-lazer","10":"pa_fargtemperatur-5000k","11":"pa_godkannande-ece-r112","12":"pa_led-chips-effekt-w-1338","13":"pa_storlek-mm-532x62x40","14":"pa_stromforbrukning-88a144v","15":"pa_volt-v-multivolt-10-12-16-18-24-28-30-32","17":"first","18":"onbackorder","19":"taxable","20":"shipping-taxable","21":"purchasable","22":"product-type-simple"},"bundled_by":[],"bundle_stock_status":"onbackorder","bundle_stock_quantity":0,"bundle_virtual":false,"bundle_layout":"","bundle_add_to_cart_form_location":"","bundle_editable_in_cart":false,"bundle_sold_individually_context":"","bundle_item_grouping":"","bundle_min_size":"","bundle_max_size":"","bundle_price":[],"bundled_items":[],"bundle_sell_ids":[],"acf":[],"yoast_head":"<!-- This site is optimized with the Yoast SEO plugin v27.0 - https:\/\/yoast.com\/product\/yoast-seo-wordpress\/ -->\n<title>PT-Lazer Linear 18 Elite pos m f\u00e4ste &amp; Canbus Volvo Highbeam - Xenonkungen<\/title>\n<meta name=\"robots\" content=\"index, follow, max-snippet:-1, max-image-preview:large, max-video-preview:-1\" \/>\n<link rel=\"canonical\" href=\"https:\/\/xenonkungen.com\/dk\/vare\/pt-lazer-lineaer-18-elite-pos-m-fast-canbus-volvo-fjernlys\/\" \/>\n<meta property=\"og:locale\" content=\"da_DK\" \/>\n<meta property=\"og:type\" content=\"article\" \/>\n<meta property=\"og:title\" content=\"PT-Lazer Linear 18 Elite pos m f\u00e4ste &amp; Canbus Volvo Highbeam - Xenonkungen\" \/>\n<meta property=\"og:description\" content=\"Linear av Lazers: Extraljusramper av H\u00f6gsta Kvalitet f\u00f6r Dagligt Bruk Linear-serien fr\u00e5n Lazers erbjuder h\u00f6gklassiga extraljusramper f\u00f6r dagligt bruk. V\u00e4lj mellan Standard och Elite-utf\u00f6rande och upplev en kombination av topprestanda ljus och aerodynamisk design. Dessa l\u00e4tta och slimmade ramper, som levererar enast\u00e5ende v\u00e4gbelysning, kan monteras enkelt med de medf\u00f6ljande rostfria f\u00e4stena. Flexibel Montering och Slank [&hellip;]\" \/>\n<meta property=\"og:url\" content=\"https:\/\/xenonkungen.com\/dk\/vare\/pt-lazer-lineaer-18-elite-pos-m-fast-canbus-volvo-fjernlys\/\" \/>\n<meta property=\"og:site_name\" content=\"Xenonkungen\" \/>\n<meta property=\"article:modified_time\" content=\"2026-04-24T16:24:10+00:00\" \/>\n<meta property=\"og:image\" content=\"https:\/\/xenonkungen.com\/wp-content\/uploads\/2025\/04\/1592072_itemimage_mainfront.jpg\" \/>\n\t<meta property=\"og:image:width\" content=\"2048\" \/>\n\t<meta property=\"og:image:height\" content=\"1536\" \/>\n\t<meta property=\"og:image:type\" content=\"image\/jpeg\" \/>\n<meta name=\"twitter:card\" content=\"summary_large_image\" \/>\n<meta name=\"twitter:label1\" content=\"Estimeret l\u00e6setid\" \/>\n\t<meta name=\"twitter:data1\" content=\"1 minut\" \/>\n<script type=\"application\/ld+json\" class=\"yoast-schema-graph\">{\"@context\":\"https:\/\/schema.org\",\"@graph\":[{\"@type\":\"WebPage\",\"@id\":\"https:\/\/xenonkungen.com\/produkt\/pt-lazer-linear-18-elite-pos-m-faste-canbus-volvo-highbeam\/\",\"url\":\"https:\/\/xenonkungen.com\/produkt\/pt-lazer-linear-18-elite-pos-m-faste-canbus-volvo-highbeam\/\",\"name\":\"PT-Lazer Linear 18 Elite pos m f\u00e4ste & Canbus Volvo Highbeam - Xenonkungen\",\"isPartOf\":{\"@id\":\"https:\/\/xenonkungen.com\/#website\"},\"primaryImageOfPage\":{\"@id\":\"https:\/\/xenonkungen.com\/produkt\/pt-lazer-linear-18-elite-pos-m-faste-canbus-volvo-highbeam\/#primaryimage\"},\"image\":{\"@id\":\"https:\/\/xenonkungen.com\/produkt\/pt-lazer-linear-18-elite-pos-m-faste-canbus-volvo-highbeam\/#primaryimage\"},\"thumbnailUrl\":\"https:\/\/xenonkungen.com\/wp-content\/uploads\/2025\/04\/1592072_itemimage_mainfront.jpg\",\"datePublished\":\"2025-04-15T09:08:12+00:00\",\"dateModified\":\"2026-04-24T16:24:10+00:00\",\"breadcrumb\":{\"@id\":\"https:\/\/xenonkungen.com\/produkt\/pt-lazer-linear-18-elite-pos-m-faste-canbus-volvo-highbeam\/#breadcrumb\"},\"inLanguage\":\"da-DK\",\"potentialAction\":[{\"@type\":\"ReadAction\",\"target\":[\"https:\/\/xenonkungen.com\/produkt\/pt-lazer-linear-18-elite-pos-m-faste-canbus-volvo-highbeam\/\"]}]},{\"@type\":\"ImageObject\",\"inLanguage\":\"da-DK\",\"@id\":\"https:\/\/xenonkungen.com\/produkt\/pt-lazer-linear-18-elite-pos-m-faste-canbus-volvo-highbeam\/#primaryimage\",\"url\":\"https:\/\/xenonkungen.com\/wp-content\/uploads\/2025\/04\/1592072_itemimage_mainfront.jpg\",\"contentUrl\":\"https:\/\/xenonkungen.com\/wp-content\/uploads\/2025\/04\/1592072_itemimage_mainfront.jpg\",\"width\":2048,\"height\":1536},{\"@type\":\"BreadcrumbList\",\"@id\":\"https:\/\/xenonkungen.com\/produkt\/pt-lazer-linear-18-elite-pos-m-faste-canbus-volvo-highbeam\/#breadcrumb\",\"itemListElement\":[{\"@type\":\"ListItem\",\"position\":1,\"name\":\"Hem\",\"item\":\"https:\/\/xenonkungen.com\/\"},{\"@type\":\"ListItem\",\"position\":2,\"name\":\"Shop\",\"item\":\"https:\/\/xenonkungen.com\/shop\/\"},{\"@type\":\"ListItem\",\"position\":3,\"name\":\"PT-Lazer Linear 18 Elite pos m f\u00e4ste &#038; Canbus Volvo Highbeam\"}]},{\"@type\":\"WebSite\",\"@id\":\"https:\/\/xenonkungen.com\/#website\",\"url\":\"https:\/\/xenonkungen.com\/\",\"name\":\"Xenonkungen\",\"description\":\"\",\"potentialAction\":[{\"@type\":\"SearchAction\",\"target\":{\"@type\":\"EntryPoint\",\"urlTemplate\":\"https:\/\/xenonkungen.com\/?s={search_term_string}\"},\"query-input\":{\"@type\":\"PropertyValueSpecification\",\"valueRequired\":true,\"valueName\":\"search_term_string\"}}],\"inLanguage\":\"da-DK\"}]}<\/script>\n<!-- \/ Yoast SEO plugin. -->","yoast_head_json":{"title":"PT-Lazer Linear 18 Elite pos. m. beslag og Canbus Volvo fjernlys - Xenonkungen","robots":{"index":"index","follow":"follow","max-snippet":"max-snippet:-1","max-image-preview":"max-image-preview:large","max-video-preview":"max-video-preview:-1"},"canonical":"https:\/\/xenonkungen.com\/dk\/vare\/pt-lazer-lineaer-18-elite-pos-m-fast-canbus-volvo-fjernlys\/","og_locale":"da_DK","og_type":"article","og_title":"PT-Lazer Linear 18 Elite pos m f\u00e4ste & Canbus Volvo Highbeam - Xenonkungen","og_description":"Linear av Lazers: Extraljusramper av H\u00f6gsta Kvalitet f\u00f6r Dagligt Bruk Linear-serien fr\u00e5n Lazers erbjuder h\u00f6gklassiga extraljusramper f\u00f6r dagligt bruk. V\u00e4lj mellan Standard och Elite-utf\u00f6rande och upplev en kombination av topprestanda ljus och aerodynamisk design. Dessa l\u00e4tta och slimmade ramper, som levererar enast\u00e5ende v\u00e4gbelysning, kan monteras enkelt med de medf\u00f6ljande rostfria f\u00e4stena. Flexibel Montering och Slank [&hellip;]","og_url":"https:\/\/xenonkungen.com\/dk\/vare\/pt-lazer-lineaer-18-elite-pos-m-fast-canbus-volvo-fjernlys\/","og_site_name":"Xenonkungen","article_modified_time":"2026-04-24T16:24:10+00:00","og_image":[{"width":2048,"height":1536,"url":"https:\/\/xenonkungen.com\/wp-content\/uploads\/2025\/04\/1592072_itemimage_mainfront.jpg","type":"image\/jpeg"}],"twitter_card":"summary_large_image","twitter_misc":{"Estimeret l\u00e6setid":"1 minut"},"schema":{"@context":"https:\/\/schema.org","@graph":[{"@type":"WebPage","@id":"https:\/\/xenonkungen.com\/produkt\/pt-lazer-linear-18-elite-pos-m-faste-canbus-volvo-highbeam\/","url":"https:\/\/xenonkungen.com\/produkt\/pt-lazer-linear-18-elite-pos-m-faste-canbus-volvo-highbeam\/","name":"PT-Lazer Linear 18 Elite pos. m. beslag og Canbus Volvo fjernlys - Xenonkungen","isPartOf":{"@id":"https:\/\/xenonkungen.com\/#website"},"primaryImageOfPage":{"@id":"https:\/\/xenonkungen.com\/produkt\/pt-lazer-linear-18-elite-pos-m-faste-canbus-volvo-highbeam\/#primaryimage"},"image":{"@id":"https:\/\/xenonkungen.com\/produkt\/pt-lazer-linear-18-elite-pos-m-faste-canbus-volvo-highbeam\/#primaryimage"},"thumbnailUrl":"https:\/\/xenonkungen.com\/wp-content\/uploads\/2025\/04\/1592072_itemimage_mainfront.jpg","datePublished":"2025-04-15T09:08:12+00:00","dateModified":"2026-04-24T16:24:10+00:00","breadcrumb":{"@id":"https:\/\/xenonkungen.com\/produkt\/pt-lazer-linear-18-elite-pos-m-faste-canbus-volvo-highbeam\/#breadcrumb"},"inLanguage":"da-DK","potentialAction":[{"@type":"ReadAction","target":["https:\/\/xenonkungen.com\/produkt\/pt-lazer-linear-18-elite-pos-m-faste-canbus-volvo-highbeam\/"]}]},{"@type":"ImageObject","inLanguage":"da-DK","@id":"https:\/\/xenonkungen.com\/produkt\/pt-lazer-linear-18-elite-pos-m-faste-canbus-volvo-highbeam\/#primaryimage","url":"https:\/\/xenonkungen.com\/wp-content\/uploads\/2025\/04\/1592072_itemimage_mainfront.jpg","contentUrl":"https:\/\/xenonkungen.com\/wp-content\/uploads\/2025\/04\/1592072_itemimage_mainfront.jpg","width":2048,"height":1536},{"@type":"BreadcrumbList","@id":"https:\/\/xenonkungen.com\/produkt\/pt-lazer-linear-18-elite-pos-m-faste-canbus-volvo-highbeam\/#breadcrumb","itemListElement":[{"@type":"ListItem","position":1,"name":"Hem","item":"https:\/\/xenonkungen.com\/"},{"@type":"ListItem","position":2,"name":"Shop","item":"https:\/\/xenonkungen.com\/shop\/"},{"@type":"ListItem","position":3,"name":"PT-Lazer Linear 18 Elite pos m f\u00e4ste &#038; Canbus Volvo Highbeam"}]},{"@type":"WebSite","@id":"https:\/\/xenonkungen.com\/#website","url":"https:\/\/xenonkungen.com\/","name":"Xenonkungen","description":"","potentialAction":[{"@type":"SearchAction","target":{"@type":"EntryPoint","urlTemplate":"https:\/\/xenonkungen.com\/?s={search_term_string}"},"query-input":{"@type":"PropertyValueSpecification","valueRequired":true,"valueName":"search_term_string"}}],"inLanguage":"da-DK"}]}},"taxonomy_info":{"product_brand":[{"value":1124,"label":"Lazer"}],"product_cat":[{"value":2539,"label":"LEDRAMPER"},{"value":2596,"label":"Paket"}],"product_tag":[{"value":2735,"label":"Lazer"}],"pa_fargtemperatur":[{"value":154,"label":"5000K"}],"pa_godkannande":[{"value":1123,"label":"ECE, R112"}],"pa_led-chips-effekt-w":[{"value":1338,"label":"126"}],"pa_storlek-mm":[{"value":1132,"label":"532x62x40"}],"pa_stromforbrukning":[{"value":1339,"label":"8,8A@14,4V"}],"pa_volt-v":[{"value":1084,"label":"Multivolt, 10, 12, 16, 18, 24, 28, 30, 32"}]},"featured_image_src_large":["https:\/\/xenonkungen.com\/wp-content\/uploads\/2025\/04\/1592072_itemimage_mainfront-1024x768.jpg",1024,768,true],"author_info":[],"comment_info":0,"_links":{"self":[{"href":"https:\/\/xenonkungen.com\/dk\/wp-json\/wp\/v2\/product\/4230","targetHints":{"allow":["GET"]}}],"collection":[{"href":"https:\/\/xenonkungen.com\/dk\/wp-json\/wp\/v2\/product"}],"about":[{"href":"https:\/\/xenonkungen.com\/dk\/wp-json\/wp\/v2\/types\/product"}],"replies":[{"embeddable":true,"href":"https:\/\/xenonkungen.com\/dk\/wp-json\/wp\/v2\/comments?post=4230"}],"wp:featuredmedia":[{"embeddable":true,"href":"https:\/\/xenonkungen.com\/dk\/wp-json\/wp\/v2\/media\/4231"}],"wp:attachment":[{"href":"https:\/\/xenonkungen.com\/dk\/wp-json\/wp\/v2\/media?parent=4230"}],"wp:term":[{"taxonomy":"anvandningsomrade","embeddable":true,"href":"https:\/\/xenonkungen.com\/dk\/wp-json\/wp\/v2\/anvandningsomrade?post=4230"},{"taxonomy":"bilmarken","embeddable":true,"href":"https:\/\/xenonkungen.com\/dk\/wp-json\/wp\/v2\/bilmarken?post=4230"},{"taxonomy":"product_brand","embeddable":true,"href":"https:\/\/xenonkungen.com\/dk\/wp-json\/wp\/v2\/product_brand?post=4230"},{"taxonomy":"product_cat","embeddable":true,"href":"https:\/\/xenonkungen.com\/dk\/wp-json\/wp\/v2\/product_cat?post=4230"},{"taxonomy":"product_tag","embeddable":true,"href":"https:\/\/xenonkungen.com\/dk\/wp-json\/wp\/v2\/product_tag?post=4230"}],"curies":[{"name":"wp","href":"https:\/\/api.w.org\/{rel}","templated":true}]}}