{"id":4233,"date":"2025-04-15T09:08:32","date_gmt":"2025-04-15T09:08:32","guid":{"rendered":"https:\/\/xenonkungen.com\/product\/pt-lazer-linear-18-elite-lba-med-faste-och-canbus\/"},"modified":"2026-04-11T01:02:17","modified_gmt":"2026-04-11T00:02:17","slug":"pt-lazer-lineaer-18-elite-lba-med-faste-og-canbus","status":"publish","type":"product","link":"https:\/\/xenonkungen.com\/dk\/vare\/pt-lazer-lineaer-18-elite-lba-med-faste-og-canbus\/","title":{"rendered":"PT Lazer Linear 18 Elite LBA med beslag og Canbus"},"content":{"rendered":"<h1>Lazer Linear - Hj\u00e6lpelysst\u00e6nger i h\u00f8j kvalitet til hverdagsbrug<\/h1>\n<p>Lazer Linear er en premium-serie af ekstralysbj\u00e6lker, der tilbyder enest\u00e5ende ydeevne og et elegant, aerodynamisk design. Disse bj\u00e6lker f\u00e5s i b\u00e5de Standard- og Elite-versioner og er perfekte til hverdagsbrug.<\/p>\n<p>Linear-serien kombinerer den h\u00f8jeste lysydelse med et stilfuldt og aerodynamisk design. Ramperne er nemme at installere med de medf\u00f8lgende beslag i rustfrit st\u00e5l og leverer imponerende belysning p\u00e5 vejene.<\/p>\n<p>Linear 12 Elite og Linear 18 Elite er udstyret med indbyggede positionslys og har en meget lav profil, kun 40 mm i h\u00f8jden og 62 mm i dybden. Dette g\u00f8r dem perfekte til montering selv i trange rum. Hver rampe er udstyret med dobbelte r\u00e6kker af 3 W LED&#039;er af h\u00f8j kvalitet bag en ubrydelig polycarbonatlinse.<\/p>\n<p>Linsen er belagt for effektivt at afvise sne og snavs og sikre optimal lysudbytte. Det lette aluminiumshus kombineret med det slanke design minimerer v\u00e6gten og f\u00e5r ramperne til at falde perfekt i \u00e9t, uanset om de er monteret foran eller p\u00e5 taget af din bil.<\/p>\n<p>Lazer Linear Elite er en rampe, der vil yde p\u00e5 h\u00f8jt niveau i lang tid fremover!<\/p>\n<p>Med en 5-\u00e5rs funktionsgaranti kan du v\u00e6re tryg ved dit valg af Lazer Linear-ramper!<\/p>","protected":false},"excerpt":{"rendered":"<p>Lazer Linear &#8211; H\u00f6gklassiga extraljusramper f\u00f6r vardagsbruk Lazer Linear \u00e4r en toppklassig serie av extraljusramper som erbjuder enast\u00e5ende prestanda och en slimmad, aerodynamisk design. Dessa ramper finns tillg\u00e4ngliga i b\u00e5de Standard och Elite utf\u00f6rande och \u00e4r perfekta f\u00f6r anv\u00e4ndning i vardagen. Linear-serien kombinerar h\u00f6gsta ljusprestanda med en snygg och aerodynamisk design. Ramperna \u00e4r enkla att [&hellip;]<\/p>","protected":false},"featured_media":4234,"comment_status":"closed","ping_status":"open","template":"","meta":{"_acf_changed":false,"_smort_price_nok":"13699","_smort_price_dkk":"8702","_smort_price_eur":"1165.86","_smort_sale_price_nok":"","_smort_sale_price_dkk":"","_smort_sale_price_eur":"","smort_restorder":"","shipmondo_restorder":"","_kad_blocks_custom_css":"","_kad_blocks_head_custom_js":"","_kad_blocks_body_custom_js":"","_kad_blocks_footer_custom_js":"","smort_custom_pricelist_1":"9139.2","smort_custom_pricelist_2":"9139.2","smort_custom_pricelist_3":"9139.2","smort_custom_pricelist_4":"11424","smort_custom_pricelist_5":"9139.2"},"anvandningsomrade":[],"bilmarken":[],"product_brand":[1124],"product_cat":[2539,2596],"product_tag":[2735],"class_list":{"0":"post-4233","1":"product","2":"type-product","3":"status-publish","4":"has-post-thumbnail","6":"product_brand-lazer","7":"product_cat-ledramper","8":"product_cat-paket","9":"product_tag-lazer","10":"pa_fargtemperatur-5000k","11":"pa_godkannande-ece-r112","12":"pa_led-chips-effekt-w-1338","13":"pa_storlek-mm-532x62x40","14":"pa_stromforbrukning-88a144v","15":"pa_volt-v-multivolt-10-12-16-18-24-28-30-32","17":"first","18":"onbackorder","19":"taxable","20":"shipping-taxable","21":"purchasable","22":"product-type-simple"},"bundled_by":[],"bundle_stock_status":"onbackorder","bundle_stock_quantity":0,"bundle_virtual":false,"bundle_layout":"","bundle_add_to_cart_form_location":"","bundle_editable_in_cart":false,"bundle_sold_individually_context":"","bundle_item_grouping":"","bundle_min_size":"","bundle_max_size":"","bundle_price":[],"bundled_items":[],"bundle_sell_ids":[],"acf":[],"yoast_head":"<!-- This site is optimized with the Yoast SEO plugin v27.0 - https:\/\/yoast.com\/product\/yoast-seo-wordpress\/ -->\n<title>PT Lazer Linear 18 Elite LBA med f\u00e4ste och Canbus - Xenonkungen<\/title>\n<meta name=\"robots\" content=\"index, follow, max-snippet:-1, max-image-preview:large, max-video-preview:-1\" \/>\n<link rel=\"canonical\" href=\"https:\/\/xenonkungen.com\/dk\/vare\/pt-lazer-lineaer-18-elite-lba-med-faste-og-canbus\/\" \/>\n<meta property=\"og:locale\" content=\"da_DK\" \/>\n<meta property=\"og:type\" content=\"article\" \/>\n<meta property=\"og:title\" content=\"PT Lazer Linear 18 Elite LBA med f\u00e4ste och Canbus - Xenonkungen\" \/>\n<meta property=\"og:description\" content=\"Lazer Linear &#8211; H\u00f6gklassiga extraljusramper f\u00f6r vardagsbruk Lazer Linear \u00e4r en toppklassig serie av extraljusramper som erbjuder enast\u00e5ende prestanda och en slimmad, aerodynamisk design. Dessa ramper finns tillg\u00e4ngliga i b\u00e5de Standard och Elite utf\u00f6rande och \u00e4r perfekta f\u00f6r anv\u00e4ndning i vardagen. Linear-serien kombinerar h\u00f6gsta ljusprestanda med en snygg och aerodynamisk design. Ramperna \u00e4r enkla att [&hellip;]\" \/>\n<meta property=\"og:url\" content=\"https:\/\/xenonkungen.com\/dk\/vare\/pt-lazer-lineaer-18-elite-lba-med-faste-og-canbus\/\" \/>\n<meta property=\"og:site_name\" content=\"Xenonkungen\" \/>\n<meta property=\"article:modified_time\" content=\"2026-04-11T00:02:17+00:00\" \/>\n<meta property=\"og:image\" content=\"https:\/\/xenonkungen.com\/wp-content\/uploads\/2025\/04\/1592081_itemimage__mainfront.jpg\" \/>\n\t<meta property=\"og:image:width\" content=\"2048\" \/>\n\t<meta property=\"og:image:height\" content=\"1536\" \/>\n\t<meta property=\"og:image:type\" content=\"image\/jpeg\" \/>\n<meta name=\"twitter:card\" content=\"summary_large_image\" \/>\n<meta name=\"twitter:label1\" content=\"Estimeret l\u00e6setid\" \/>\n\t<meta name=\"twitter:data1\" content=\"1 minut\" \/>\n<script type=\"application\/ld+json\" class=\"yoast-schema-graph\">{\"@context\":\"https:\/\/schema.org\",\"@graph\":[{\"@type\":\"WebPage\",\"@id\":\"https:\/\/xenonkungen.com\/produkt\/pt-lazer-linear-18-elite-lba-med-faste-och-canbus\/\",\"url\":\"https:\/\/xenonkungen.com\/produkt\/pt-lazer-linear-18-elite-lba-med-faste-och-canbus\/\",\"name\":\"PT Lazer Linear 18 Elite LBA med f\u00e4ste och Canbus - Xenonkungen\",\"isPartOf\":{\"@id\":\"https:\/\/xenonkungen.com\/#website\"},\"primaryImageOfPage\":{\"@id\":\"https:\/\/xenonkungen.com\/produkt\/pt-lazer-linear-18-elite-lba-med-faste-och-canbus\/#primaryimage\"},\"image\":{\"@id\":\"https:\/\/xenonkungen.com\/produkt\/pt-lazer-linear-18-elite-lba-med-faste-och-canbus\/#primaryimage\"},\"thumbnailUrl\":\"https:\/\/xenonkungen.com\/wp-content\/uploads\/2025\/04\/1592081_itemimage__mainfront.jpg\",\"datePublished\":\"2025-04-15T09:08:32+00:00\",\"dateModified\":\"2026-04-11T00:02:17+00:00\",\"breadcrumb\":{\"@id\":\"https:\/\/xenonkungen.com\/produkt\/pt-lazer-linear-18-elite-lba-med-faste-och-canbus\/#breadcrumb\"},\"inLanguage\":\"da-DK\",\"potentialAction\":[{\"@type\":\"ReadAction\",\"target\":[\"https:\/\/xenonkungen.com\/produkt\/pt-lazer-linear-18-elite-lba-med-faste-och-canbus\/\"]}]},{\"@type\":\"ImageObject\",\"inLanguage\":\"da-DK\",\"@id\":\"https:\/\/xenonkungen.com\/produkt\/pt-lazer-linear-18-elite-lba-med-faste-och-canbus\/#primaryimage\",\"url\":\"https:\/\/xenonkungen.com\/wp-content\/uploads\/2025\/04\/1592081_itemimage__mainfront.jpg\",\"contentUrl\":\"https:\/\/xenonkungen.com\/wp-content\/uploads\/2025\/04\/1592081_itemimage__mainfront.jpg\",\"width\":2048,\"height\":1536},{\"@type\":\"BreadcrumbList\",\"@id\":\"https:\/\/xenonkungen.com\/produkt\/pt-lazer-linear-18-elite-lba-med-faste-och-canbus\/#breadcrumb\",\"itemListElement\":[{\"@type\":\"ListItem\",\"position\":1,\"name\":\"Hem\",\"item\":\"https:\/\/xenonkungen.com\/\"},{\"@type\":\"ListItem\",\"position\":2,\"name\":\"Shop\",\"item\":\"https:\/\/xenonkungen.com\/shop\/\"},{\"@type\":\"ListItem\",\"position\":3,\"name\":\"PT Lazer Linear 18 Elite LBA med f\u00e4ste och Canbus\"}]},{\"@type\":\"WebSite\",\"@id\":\"https:\/\/xenonkungen.com\/#website\",\"url\":\"https:\/\/xenonkungen.com\/\",\"name\":\"Xenonkungen\",\"description\":\"\",\"potentialAction\":[{\"@type\":\"SearchAction\",\"target\":{\"@type\":\"EntryPoint\",\"urlTemplate\":\"https:\/\/xenonkungen.com\/?s={search_term_string}\"},\"query-input\":{\"@type\":\"PropertyValueSpecification\",\"valueRequired\":true,\"valueName\":\"search_term_string\"}}],\"inLanguage\":\"da-DK\"}]}<\/script>\n<!-- \/ Yoast SEO plugin. -->","yoast_head_json":{"title":"PT Lazer Linear 18 Elite LBA med beslag og Canbus - Xenonkungen","robots":{"index":"index","follow":"follow","max-snippet":"max-snippet:-1","max-image-preview":"max-image-preview:large","max-video-preview":"max-video-preview:-1"},"canonical":"https:\/\/xenonkungen.com\/dk\/vare\/pt-lazer-lineaer-18-elite-lba-med-faste-og-canbus\/","og_locale":"da_DK","og_type":"article","og_title":"PT Lazer Linear 18 Elite LBA med f\u00e4ste och Canbus - Xenonkungen","og_description":"Lazer Linear &#8211; H\u00f6gklassiga extraljusramper f\u00f6r vardagsbruk Lazer Linear \u00e4r en toppklassig serie av extraljusramper som erbjuder enast\u00e5ende prestanda och en slimmad, aerodynamisk design. Dessa ramper finns tillg\u00e4ngliga i b\u00e5de Standard och Elite utf\u00f6rande och \u00e4r perfekta f\u00f6r anv\u00e4ndning i vardagen. Linear-serien kombinerar h\u00f6gsta ljusprestanda med en snygg och aerodynamisk design. Ramperna \u00e4r enkla att [&hellip;]","og_url":"https:\/\/xenonkungen.com\/dk\/vare\/pt-lazer-lineaer-18-elite-lba-med-faste-og-canbus\/","og_site_name":"Xenonkungen","article_modified_time":"2026-04-11T00:02:17+00:00","og_image":[{"width":2048,"height":1536,"url":"https:\/\/xenonkungen.com\/wp-content\/uploads\/2025\/04\/1592081_itemimage__mainfront.jpg","type":"image\/jpeg"}],"twitter_card":"summary_large_image","twitter_misc":{"Estimeret l\u00e6setid":"1 minut"},"schema":{"@context":"https:\/\/schema.org","@graph":[{"@type":"WebPage","@id":"https:\/\/xenonkungen.com\/produkt\/pt-lazer-linear-18-elite-lba-med-faste-och-canbus\/","url":"https:\/\/xenonkungen.com\/produkt\/pt-lazer-linear-18-elite-lba-med-faste-och-canbus\/","name":"PT Lazer Linear 18 Elite LBA med beslag og Canbus - Xenonkungen","isPartOf":{"@id":"https:\/\/xenonkungen.com\/#website"},"primaryImageOfPage":{"@id":"https:\/\/xenonkungen.com\/produkt\/pt-lazer-linear-18-elite-lba-med-faste-och-canbus\/#primaryimage"},"image":{"@id":"https:\/\/xenonkungen.com\/produkt\/pt-lazer-linear-18-elite-lba-med-faste-och-canbus\/#primaryimage"},"thumbnailUrl":"https:\/\/xenonkungen.com\/wp-content\/uploads\/2025\/04\/1592081_itemimage__mainfront.jpg","datePublished":"2025-04-15T09:08:32+00:00","dateModified":"2026-04-11T00:02:17+00:00","breadcrumb":{"@id":"https:\/\/xenonkungen.com\/produkt\/pt-lazer-linear-18-elite-lba-med-faste-och-canbus\/#breadcrumb"},"inLanguage":"da-DK","potentialAction":[{"@type":"ReadAction","target":["https:\/\/xenonkungen.com\/produkt\/pt-lazer-linear-18-elite-lba-med-faste-och-canbus\/"]}]},{"@type":"ImageObject","inLanguage":"da-DK","@id":"https:\/\/xenonkungen.com\/produkt\/pt-lazer-linear-18-elite-lba-med-faste-och-canbus\/#primaryimage","url":"https:\/\/xenonkungen.com\/wp-content\/uploads\/2025\/04\/1592081_itemimage__mainfront.jpg","contentUrl":"https:\/\/xenonkungen.com\/wp-content\/uploads\/2025\/04\/1592081_itemimage__mainfront.jpg","width":2048,"height":1536},{"@type":"BreadcrumbList","@id":"https:\/\/xenonkungen.com\/produkt\/pt-lazer-linear-18-elite-lba-med-faste-och-canbus\/#breadcrumb","itemListElement":[{"@type":"ListItem","position":1,"name":"Hem","item":"https:\/\/xenonkungen.com\/"},{"@type":"ListItem","position":2,"name":"Shop","item":"https:\/\/xenonkungen.com\/shop\/"},{"@type":"ListItem","position":3,"name":"PT Lazer Linear 18 Elite LBA med f\u00e4ste och Canbus"}]},{"@type":"WebSite","@id":"https:\/\/xenonkungen.com\/#website","url":"https:\/\/xenonkungen.com\/","name":"Xenonkungen","description":"","potentialAction":[{"@type":"SearchAction","target":{"@type":"EntryPoint","urlTemplate":"https:\/\/xenonkungen.com\/?s={search_term_string}"},"query-input":{"@type":"PropertyValueSpecification","valueRequired":true,"valueName":"search_term_string"}}],"inLanguage":"da-DK"}]}},"taxonomy_info":{"product_brand":[{"value":1124,"label":"Lazer"}],"product_cat":[{"value":2539,"label":"LEDRAMPER"},{"value":2596,"label":"Paket"}],"product_tag":[{"value":2735,"label":"Lazer"}],"pa_fargtemperatur":[{"value":154,"label":"5000K"}],"pa_godkannande":[{"value":1123,"label":"ECE, R112"}],"pa_led-chips-effekt-w":[{"value":1338,"label":"126"}],"pa_storlek-mm":[{"value":1132,"label":"532x62x40"}],"pa_stromforbrukning":[{"value":1339,"label":"8,8A@14,4V"}],"pa_volt-v":[{"value":1084,"label":"Multivolt, 10, 12, 16, 18, 24, 28, 30, 32"}]},"featured_image_src_large":["https:\/\/xenonkungen.com\/wp-content\/uploads\/2025\/04\/1592081_itemimage__mainfront-1024x768.jpg",1024,768,true],"author_info":[],"comment_info":0,"_links":{"self":[{"href":"https:\/\/xenonkungen.com\/dk\/wp-json\/wp\/v2\/product\/4233","targetHints":{"allow":["GET"]}}],"collection":[{"href":"https:\/\/xenonkungen.com\/dk\/wp-json\/wp\/v2\/product"}],"about":[{"href":"https:\/\/xenonkungen.com\/dk\/wp-json\/wp\/v2\/types\/product"}],"replies":[{"embeddable":true,"href":"https:\/\/xenonkungen.com\/dk\/wp-json\/wp\/v2\/comments?post=4233"}],"wp:featuredmedia":[{"embeddable":true,"href":"https:\/\/xenonkungen.com\/dk\/wp-json\/wp\/v2\/media\/4234"}],"wp:attachment":[{"href":"https:\/\/xenonkungen.com\/dk\/wp-json\/wp\/v2\/media?parent=4233"}],"wp:term":[{"taxonomy":"anvandningsomrade","embeddable":true,"href":"https:\/\/xenonkungen.com\/dk\/wp-json\/wp\/v2\/anvandningsomrade?post=4233"},{"taxonomy":"bilmarken","embeddable":true,"href":"https:\/\/xenonkungen.com\/dk\/wp-json\/wp\/v2\/bilmarken?post=4233"},{"taxonomy":"product_brand","embeddable":true,"href":"https:\/\/xenonkungen.com\/dk\/wp-json\/wp\/v2\/product_brand?post=4233"},{"taxonomy":"product_cat","embeddable":true,"href":"https:\/\/xenonkungen.com\/dk\/wp-json\/wp\/v2\/product_cat?post=4233"},{"taxonomy":"product_tag","embeddable":true,"href":"https:\/\/xenonkungen.com\/dk\/wp-json\/wp\/v2\/product_tag?post=4233"}],"curies":[{"name":"wp","href":"https:\/\/api.w.org\/{rel}","templated":true}]}}