{"id":4236,"date":"2025-04-15T09:08:32","date_gmt":"2025-04-15T09:08:32","guid":{"rendered":"https:\/\/xenonkungen.com\/product\/pt-lazer-linear-18-elite-lba-m-faste-canbus-volvo-highbeam\/"},"modified":"2026-04-24T17:24:13","modified_gmt":"2026-04-24T16:24:13","slug":"pt-lazer-lineaer-18-elite-lba-med-fast-canbus-volvo-fjernlys","status":"publish","type":"product","link":"https:\/\/xenonkungen.com\/dk\/vare\/pt-lazer-lineaer-18-elite-lba-med-fast-canbus-volvo-fjernlys\/","title":{"rendered":"PT-Lazer Linear 18 Elite LBA med beslag og Canbus Volvo Highbeam"},"content":{"rendered":"<h1>Linear 18 Elite med automatisk antirefleks - Ideel til sn\u00e6vre rum<\/h1>\n<p>Udforsk Lazers Linear 18 Elite automatiske n\u00e6rlyslygte, der er perfekt til montering p\u00e5 trange steder. Med en l\u00e6ngde p\u00e5 532 mm og en h\u00f8jde og dybde p\u00e5 kun 40 mm og 62 mm er den ideel til at give dig fremragende udsyn, selv p\u00e5 trange steder.<\/p>\n<h2>Optimalt lysudbytte og bl\u00e6ndingskontrol<\/h2>\n<p>Rampen er udstyret med 48 h\u00f8jkvalitets 3W LED'er bag en ubrydelig polykarbonatlinse, der giver et ekstraordin\u00e6rt lysudbytte. Linsen er ogs\u00e5 belagt for effektivt at afvise sne og snavs og sikre optimalt lysudbytte.<\/p>\n<h2>E-boost-funktion for ekstra lysstyrke<\/h2>\n<p>Denne rampe har en E-boost-funktion, der giver en imponerende lysstyrke p\u00e5 18.000 lumen, perfekt til k\u00f8rsel uden for offentlig vej. Med en enkel man\u00f8vre kan du skifte til den E-godkendte tilstand, som stadig giver en imponerende lysstyrke.<\/p>\n<h2>Fjernlysassistent til sikker k\u00f8rsel i m\u00f8rke<\/h2>\n<p>Low Beam Assist-funktionen er udstyret med indbyggede sensorer, der l\u00f8bende scanner vejen for at opdage modk\u00f8rende trafik. M\u00e6ngden af lys justeres efter behov for at undg\u00e5 at bl\u00e6nde modk\u00f8rende trafik, samtidig med at der opretholdes lys i siden af k\u00f8rebanen, s\u00e5 f\u00f8reren kan opdage potentielle farer.<\/p>\n<p>Den lette aluminiumskrop og det aerodynamiske design g\u00f8r, at rampen vejer minimalt og samtidig passer perfekt ind, uanset om den er monteret foran eller p\u00e5 taget af bilen. Linear 18 Elite med automatisk afb\u00f8jning er en p\u00e5lidelig rampe, der vil v\u00e6re nyttig i lang tid fremover.<\/p>","protected":false},"excerpt":{"rendered":"<p>Linear 18 Elite med automatisk avbl\u00e4ndning &#8211; Perfekt f\u00f6r tr\u00e5nga utrymmen Utforska Lazers Linear 18 Elite extraljusramp med automatisk avbl\u00e4ndning, perfekt f\u00f6r montering i tr\u00e5nga utrymmen. Med en l\u00e4ngd p\u00e5 532 mm, och en h\u00f6jd och djup p\u00e5 endast 40 mm och 62 mm, \u00e4r den idealisk f\u00f6r att ge dig enast\u00e5ende sikt \u00e4ven p\u00e5 [&hellip;]<\/p>","protected":false},"featured_media":4237,"comment_status":"closed","ping_status":"open","template":"","meta":{"_acf_changed":false,"_smort_price_nok":"13469","_smort_price_dkk":"8557","_smort_price_eur":"1146.31","_smort_sale_price_nok":"","_smort_sale_price_dkk":"","_smort_sale_price_eur":"","smort_restorder":"","shipmondo_restorder":"","_kad_blocks_custom_css":"","_kad_blocks_head_custom_js":"","_kad_blocks_body_custom_js":"","_kad_blocks_footer_custom_js":"","smort_custom_pricelist_1":"9468.8","smort_custom_pricelist_2":"9468.8","smort_custom_pricelist_3":"9468.8","smort_custom_pricelist_4":"11836","smort_custom_pricelist_5":"9468.8"},"anvandningsomrade":[],"bilmarken":[],"product_brand":[1124],"product_cat":[2539,2596],"product_tag":[2735],"class_list":{"0":"post-4236","1":"product","2":"type-product","3":"status-publish","4":"has-post-thumbnail","6":"product_brand-lazer","7":"product_cat-ledramper","8":"product_cat-paket","9":"product_tag-lazer","10":"pa_fargtemperatur-5000k","11":"pa_godkannande-ece-r112","12":"pa_led-chips-effekt-w-1045","13":"pa_stromforbrukning-104a144v","14":"pa_volt-v-multivolt-10-12-16-18-24-28-30-32","16":"first","17":"onbackorder","18":"taxable","19":"shipping-taxable","20":"purchasable","21":"product-type-simple"},"bundled_by":[],"bundle_stock_status":"onbackorder","bundle_stock_quantity":0,"bundle_virtual":false,"bundle_layout":"","bundle_add_to_cart_form_location":"","bundle_editable_in_cart":false,"bundle_sold_individually_context":"","bundle_item_grouping":"","bundle_min_size":"","bundle_max_size":"","bundle_price":[],"bundled_items":[],"bundle_sell_ids":[],"acf":[],"yoast_head":"<!-- This site is optimized with the Yoast SEO plugin v27.0 - https:\/\/yoast.com\/product\/yoast-seo-wordpress\/ -->\n<title>PT-Lazer Linear 18 Elite LBA m f\u00e4ste &amp; Canbus Volvo Highbeam - Xenonkungen<\/title>\n<meta name=\"robots\" content=\"index, follow, max-snippet:-1, max-image-preview:large, max-video-preview:-1\" \/>\n<link rel=\"canonical\" href=\"https:\/\/xenonkungen.com\/dk\/vare\/pt-lazer-lineaer-18-elite-lba-med-fast-canbus-volvo-fjernlys\/\" \/>\n<meta property=\"og:locale\" content=\"da_DK\" \/>\n<meta property=\"og:type\" content=\"article\" \/>\n<meta property=\"og:title\" content=\"PT-Lazer Linear 18 Elite LBA m f\u00e4ste &amp; Canbus Volvo Highbeam - Xenonkungen\" \/>\n<meta property=\"og:description\" content=\"Linear 18 Elite med automatisk avbl\u00e4ndning &#8211; Perfekt f\u00f6r tr\u00e5nga utrymmen Utforska Lazers Linear 18 Elite extraljusramp med automatisk avbl\u00e4ndning, perfekt f\u00f6r montering i tr\u00e5nga utrymmen. Med en l\u00e4ngd p\u00e5 532 mm, och en h\u00f6jd och djup p\u00e5 endast 40 mm och 62 mm, \u00e4r den idealisk f\u00f6r att ge dig enast\u00e5ende sikt \u00e4ven p\u00e5 [&hellip;]\" \/>\n<meta property=\"og:url\" content=\"https:\/\/xenonkungen.com\/dk\/vare\/pt-lazer-lineaer-18-elite-lba-med-fast-canbus-volvo-fjernlys\/\" \/>\n<meta property=\"og:site_name\" content=\"Xenonkungen\" \/>\n<meta property=\"article:modified_time\" content=\"2026-04-24T16:24:13+00:00\" \/>\n<meta property=\"og:image\" content=\"https:\/\/xenonkungen.com\/wp-content\/uploads\/2025\/04\/1592082_itemimage_mainfront.jpg\" \/>\n\t<meta property=\"og:image:width\" content=\"2048\" \/>\n\t<meta property=\"og:image:height\" content=\"1536\" \/>\n\t<meta property=\"og:image:type\" content=\"image\/jpeg\" \/>\n<meta name=\"twitter:card\" content=\"summary_large_image\" \/>\n<meta name=\"twitter:label1\" content=\"Estimeret l\u00e6setid\" \/>\n\t<meta name=\"twitter:data1\" content=\"1 minut\" \/>\n<script type=\"application\/ld+json\" class=\"yoast-schema-graph\">{\"@context\":\"https:\/\/schema.org\",\"@graph\":[{\"@type\":\"WebPage\",\"@id\":\"https:\/\/xenonkungen.com\/de\/produkt\/pt-lazer-linear-18-elite-lba-mit-festem-can-bus-volvo-fernlicht\/\",\"url\":\"https:\/\/xenonkungen.com\/de\/produkt\/pt-lazer-linear-18-elite-lba-mit-festem-can-bus-volvo-fernlicht\/\",\"name\":\"PT-Lazer Linear 18 Elite LBA m f\u00e4ste & Canbus Volvo Highbeam - Xenonkungen\",\"isPartOf\":{\"@id\":\"https:\/\/xenonkungen.com\/#website\"},\"primaryImageOfPage\":{\"@id\":\"https:\/\/xenonkungen.com\/de\/produkt\/pt-lazer-linear-18-elite-lba-mit-festem-can-bus-volvo-fernlicht\/#primaryimage\"},\"image\":{\"@id\":\"https:\/\/xenonkungen.com\/de\/produkt\/pt-lazer-linear-18-elite-lba-mit-festem-can-bus-volvo-fernlicht\/#primaryimage\"},\"thumbnailUrl\":\"https:\/\/xenonkungen.com\/wp-content\/uploads\/2025\/04\/1592082_itemimage_mainfront.jpg\",\"datePublished\":\"2025-04-15T09:08:32+00:00\",\"dateModified\":\"2026-04-24T16:24:13+00:00\",\"breadcrumb\":{\"@id\":\"https:\/\/xenonkungen.com\/de\/produkt\/pt-lazer-linear-18-elite-lba-mit-festem-can-bus-volvo-fernlicht\/#breadcrumb\"},\"inLanguage\":\"da-DK\",\"potentialAction\":[{\"@type\":\"ReadAction\",\"target\":[\"https:\/\/xenonkungen.com\/de\/produkt\/pt-lazer-linear-18-elite-lba-mit-festem-can-bus-volvo-fernlicht\/\"]}]},{\"@type\":\"ImageObject\",\"inLanguage\":\"da-DK\",\"@id\":\"https:\/\/xenonkungen.com\/de\/produkt\/pt-lazer-linear-18-elite-lba-mit-festem-can-bus-volvo-fernlicht\/#primaryimage\",\"url\":\"https:\/\/xenonkungen.com\/wp-content\/uploads\/2025\/04\/1592082_itemimage_mainfront.jpg\",\"contentUrl\":\"https:\/\/xenonkungen.com\/wp-content\/uploads\/2025\/04\/1592082_itemimage_mainfront.jpg\",\"width\":2048,\"height\":1536},{\"@type\":\"BreadcrumbList\",\"@id\":\"https:\/\/xenonkungen.com\/de\/produkt\/pt-lazer-linear-18-elite-lba-mit-festem-can-bus-volvo-fernlicht\/#breadcrumb\",\"itemListElement\":[{\"@type\":\"ListItem\",\"position\":1,\"name\":\"Hem\",\"item\":\"https:\/\/xenonkungen.com\/\"},{\"@type\":\"ListItem\",\"position\":2,\"name\":\"Shop\",\"item\":\"https:\/\/xenonkungen.com\/shop\/\"},{\"@type\":\"ListItem\",\"position\":3,\"name\":\"PT-Lazer Linear 18 Elite LBA m f\u00e4ste &#038; Canbus Volvo Highbeam\"}]},{\"@type\":\"WebSite\",\"@id\":\"https:\/\/xenonkungen.com\/#website\",\"url\":\"https:\/\/xenonkungen.com\/\",\"name\":\"Xenonkungen\",\"description\":\"\",\"potentialAction\":[{\"@type\":\"SearchAction\",\"target\":{\"@type\":\"EntryPoint\",\"urlTemplate\":\"https:\/\/xenonkungen.com\/?s={search_term_string}\"},\"query-input\":{\"@type\":\"PropertyValueSpecification\",\"valueRequired\":true,\"valueName\":\"search_term_string\"}}],\"inLanguage\":\"da-DK\"}]}<\/script>\n<!-- \/ Yoast SEO plugin. -->","yoast_head_json":{"title":"PT-Lazer Linear 18 Elite LBA med beslag og Canbus Volvo fjernlys - Xenonkungen","robots":{"index":"index","follow":"follow","max-snippet":"max-snippet:-1","max-image-preview":"max-image-preview:large","max-video-preview":"max-video-preview:-1"},"canonical":"https:\/\/xenonkungen.com\/dk\/vare\/pt-lazer-lineaer-18-elite-lba-med-fast-canbus-volvo-fjernlys\/","og_locale":"da_DK","og_type":"article","og_title":"PT-Lazer Linear 18 Elite LBA m f\u00e4ste & Canbus Volvo Highbeam - Xenonkungen","og_description":"Linear 18 Elite med automatisk avbl\u00e4ndning &#8211; Perfekt f\u00f6r tr\u00e5nga utrymmen Utforska Lazers Linear 18 Elite extraljusramp med automatisk avbl\u00e4ndning, perfekt f\u00f6r montering i tr\u00e5nga utrymmen. Med en l\u00e4ngd p\u00e5 532 mm, och en h\u00f6jd och djup p\u00e5 endast 40 mm och 62 mm, \u00e4r den idealisk f\u00f6r att ge dig enast\u00e5ende sikt \u00e4ven p\u00e5 [&hellip;]","og_url":"https:\/\/xenonkungen.com\/dk\/vare\/pt-lazer-lineaer-18-elite-lba-med-fast-canbus-volvo-fjernlys\/","og_site_name":"Xenonkungen","article_modified_time":"2026-04-24T16:24:13+00:00","og_image":[{"width":2048,"height":1536,"url":"https:\/\/xenonkungen.com\/wp-content\/uploads\/2025\/04\/1592082_itemimage_mainfront.jpg","type":"image\/jpeg"}],"twitter_card":"summary_large_image","twitter_misc":{"Estimeret l\u00e6setid":"1 minut"},"schema":{"@context":"https:\/\/schema.org","@graph":[{"@type":"WebPage","@id":"https:\/\/xenonkungen.com\/de\/produkt\/pt-lazer-linear-18-elite-lba-mit-festem-can-bus-volvo-fernlicht\/","url":"https:\/\/xenonkungen.com\/de\/produkt\/pt-lazer-linear-18-elite-lba-mit-festem-can-bus-volvo-fernlicht\/","name":"PT-Lazer Linear 18 Elite LBA med beslag og Canbus Volvo fjernlys - Xenonkungen","isPartOf":{"@id":"https:\/\/xenonkungen.com\/#website"},"primaryImageOfPage":{"@id":"https:\/\/xenonkungen.com\/de\/produkt\/pt-lazer-linear-18-elite-lba-mit-festem-can-bus-volvo-fernlicht\/#primaryimage"},"image":{"@id":"https:\/\/xenonkungen.com\/de\/produkt\/pt-lazer-linear-18-elite-lba-mit-festem-can-bus-volvo-fernlicht\/#primaryimage"},"thumbnailUrl":"https:\/\/xenonkungen.com\/wp-content\/uploads\/2025\/04\/1592082_itemimage_mainfront.jpg","datePublished":"2025-04-15T09:08:32+00:00","dateModified":"2026-04-24T16:24:13+00:00","breadcrumb":{"@id":"https:\/\/xenonkungen.com\/de\/produkt\/pt-lazer-linear-18-elite-lba-mit-festem-can-bus-volvo-fernlicht\/#breadcrumb"},"inLanguage":"da-DK","potentialAction":[{"@type":"ReadAction","target":["https:\/\/xenonkungen.com\/de\/produkt\/pt-lazer-linear-18-elite-lba-mit-festem-can-bus-volvo-fernlicht\/"]}]},{"@type":"ImageObject","inLanguage":"da-DK","@id":"https:\/\/xenonkungen.com\/de\/produkt\/pt-lazer-linear-18-elite-lba-mit-festem-can-bus-volvo-fernlicht\/#primaryimage","url":"https:\/\/xenonkungen.com\/wp-content\/uploads\/2025\/04\/1592082_itemimage_mainfront.jpg","contentUrl":"https:\/\/xenonkungen.com\/wp-content\/uploads\/2025\/04\/1592082_itemimage_mainfront.jpg","width":2048,"height":1536},{"@type":"BreadcrumbList","@id":"https:\/\/xenonkungen.com\/de\/produkt\/pt-lazer-linear-18-elite-lba-mit-festem-can-bus-volvo-fernlicht\/#breadcrumb","itemListElement":[{"@type":"ListItem","position":1,"name":"Hem","item":"https:\/\/xenonkungen.com\/"},{"@type":"ListItem","position":2,"name":"Shop","item":"https:\/\/xenonkungen.com\/shop\/"},{"@type":"ListItem","position":3,"name":"PT-Lazer Linear 18 Elite LBA m f\u00e4ste &#038; Canbus Volvo Highbeam"}]},{"@type":"WebSite","@id":"https:\/\/xenonkungen.com\/#website","url":"https:\/\/xenonkungen.com\/","name":"Xenonkungen","description":"","potentialAction":[{"@type":"SearchAction","target":{"@type":"EntryPoint","urlTemplate":"https:\/\/xenonkungen.com\/?s={search_term_string}"},"query-input":{"@type":"PropertyValueSpecification","valueRequired":true,"valueName":"search_term_string"}}],"inLanguage":"da-DK"}]}},"taxonomy_info":{"product_brand":[{"value":1124,"label":"Lazer"}],"product_cat":[{"value":2539,"label":"LEDRAMPER"},{"value":2596,"label":"Paket"}],"product_tag":[{"value":2735,"label":"Lazer"}],"pa_fargtemperatur":[{"value":154,"label":"5000K"}],"pa_godkannande":[{"value":1123,"label":"ECE, R112"}],"pa_led-chips-effekt-w":[{"value":1045,"label":"135"}],"pa_stromforbrukning":[{"value":1340,"label":"10,4A@14,4V"}],"pa_volt-v":[{"value":1084,"label":"Multivolt, 10, 12, 16, 18, 24, 28, 30, 32"}]},"featured_image_src_large":["https:\/\/xenonkungen.com\/wp-content\/uploads\/2025\/04\/1592082_itemimage_mainfront-1024x768.jpg",1024,768,true],"author_info":[],"comment_info":0,"_links":{"self":[{"href":"https:\/\/xenonkungen.com\/dk\/wp-json\/wp\/v2\/product\/4236","targetHints":{"allow":["GET"]}}],"collection":[{"href":"https:\/\/xenonkungen.com\/dk\/wp-json\/wp\/v2\/product"}],"about":[{"href":"https:\/\/xenonkungen.com\/dk\/wp-json\/wp\/v2\/types\/product"}],"replies":[{"embeddable":true,"href":"https:\/\/xenonkungen.com\/dk\/wp-json\/wp\/v2\/comments?post=4236"}],"wp:featuredmedia":[{"embeddable":true,"href":"https:\/\/xenonkungen.com\/dk\/wp-json\/wp\/v2\/media\/4237"}],"wp:attachment":[{"href":"https:\/\/xenonkungen.com\/dk\/wp-json\/wp\/v2\/media?parent=4236"}],"wp:term":[{"taxonomy":"anvandningsomrade","embeddable":true,"href":"https:\/\/xenonkungen.com\/dk\/wp-json\/wp\/v2\/anvandningsomrade?post=4236"},{"taxonomy":"bilmarken","embeddable":true,"href":"https:\/\/xenonkungen.com\/dk\/wp-json\/wp\/v2\/bilmarken?post=4236"},{"taxonomy":"product_brand","embeddable":true,"href":"https:\/\/xenonkungen.com\/dk\/wp-json\/wp\/v2\/product_brand?post=4236"},{"taxonomy":"product_cat","embeddable":true,"href":"https:\/\/xenonkungen.com\/dk\/wp-json\/wp\/v2\/product_cat?post=4236"},{"taxonomy":"product_tag","embeddable":true,"href":"https:\/\/xenonkungen.com\/dk\/wp-json\/wp\/v2\/product_tag?post=4236"}],"curies":[{"name":"wp","href":"https:\/\/api.w.org\/{rel}","templated":true}]}}